{"id":454832,"date":"2013-09-02T13:55:50","date_gmt":"2013-09-02T10:55:50","guid":{"rendered":"https:\/\/beebipood.ee\/toode\/vooditasku-bedside-valge\/"},"modified":"2025-10-03T12:46:17","modified_gmt":"2025-10-03T09:46:17","slug":"vooditasku-noble-romantica-white","status":"publish","type":"product","link":"https:\/\/beebipood.ee\/ru\/produkt\/vooditasku-noble-romantica-white\/","title":{"rendered":"Vooditasku Noble Romantica, white"},"content":{"rendered":"<p data-start=\"112\" data-end=\"391\"><strong data-start=\"112\" data-end=\"142\">Vooditasku Noble Crib<\/strong> on \u00e4\u00e4rmiselt stiilne magamiskoht beebile vanemate toas tema elu esimestel kuudel. T\u00e4nu kompaktsetele m\u00f5\u00f5tudele sobib see isegi v\u00e4ikestesse magamistubadesse v\u00f5i saab selle paigutada vanemate voodi k\u00f5rvale, mis muudab uinumise beebi jaoks lihtsamaks.<\/p>\n<p data-start=\"393\" data-end=\"678\">Stabiilse konstruktsiooni t\u00f5ttu on voodi v\u00e4ga turvaline ning ajatu disain annab igale interj\u00f6\u00f6rile erilise iseloomu. Voodi v\u00f5imaldab reageerida helidele ja visuaalsetele stiimulitele nii vasakult kui paremalt poolt, mitte ainult \u00fclevalt, nagu see on tavaliste korvide ja h\u00e4llide puhul.<\/p>\n<ul data-start=\"772\" data-end=\"863\">\n<li data-start=\"772\" data-end=\"798\">\n<p data-start=\"774\" data-end=\"798\">Voodip\u00f5hja k\u00f5rgus maast: 34 cm<\/p>\n<\/li>\n<li data-start=\"799\" data-end=\"821\">\n<p data-start=\"801\" data-end=\"821\">Madratsi m\u00f5\u00f5dud: 90 \u00d7 40 cm<\/p>\n<\/li>\n<li data-start=\"822\" data-end=\"863\">\n<p data-start=\"824\" data-end=\"863\">Sobib beebidele vanuses 0 kuni 7 kuud<\/p>\n<\/li>\n<\/ul>\n<hr data-start=\"865\" data-end=\"868\" \/>\n<h3 data-start=\"870\" data-end=\"883\">Omadused:<\/h3>\n<ul data-start=\"885\" data-end=\"1129\">\n<li data-start=\"885\" data-end=\"913\">\n<p data-start=\"887\" data-end=\"913\">Turvalisussertifikaadiga<\/p>\n<\/li>\n<li data-start=\"914\" data-end=\"1003\">\n<p data-start=\"916\" data-end=\"1003\">Kompaktne ja kerge konstruktsioon \u2013 lihtne liigutada ning paigutada kuhu iganes kodus<\/p>\n<\/li>\n<li data-start=\"1004\" data-end=\"1045\">\n<p data-start=\"1006\" data-end=\"1045\">Ideaalne v\u00e4ikestesse magamistubadesse<\/p>\n<\/li>\n<li data-start=\"1046\" data-end=\"1075\">\n<p data-start=\"1048\" data-end=\"1075\">Vastab standardile EN1130<\/p>\n<\/li>\n<li data-start=\"1076\" data-end=\"1129\">\n<p data-start=\"1078\" data-end=\"1129\">V\u00f5imalus lisada jalused, mis muudavad voodi h\u00e4lliks<\/p>\n<\/li>\n<\/ul>\n","protected":false},"excerpt":{"rendered":"<p>Vooditasku Noble Crib on \u00e4\u00e4rmiselt stiilne magamiskoht beebile vanemate toas tema elu esimestel kuudel. T\u00e4nu kompaktsetele m\u00f5\u00f5tudele sobib see isegi v\u00e4ikestesse magamistubadesse v\u00f5i saab selle paigutada vanemate voodi k\u00f5rvale, mis muudab uinumise beebi jaoks lihtsamaks. Stabiilse konstruktsiooni t\u00f5ttu on voodi v\u00e4ga turvaline ning ajatu disain annab igale interj\u00f6\u00f6rile erilise iseloomu. Voodi v\u00f5imaldab reageerida helidele ja [&hellip;]<\/p>\n","protected":false},"featured_media":507525,"template":"","meta":{"_acf_changed":false},"pwb-brand":[12000],"product_brand":[],"product_cat":[11571,11553,11789],"product_tag":[],"class_list":{"0":"post-454832","1":"product","2":"type-product","3":"status-publish","4":"has-post-thumbnail","6":"pwb-brand-woodies-2","7":"product_cat-hallid-ja-vooditaskud-ru","8":"product_cat-beebivoodid-reisivoodid-hallid-ru","9":"product_cat-lastemoobel-ja-sisustus-ru","11":"first","12":"onbackorder","13":"sale","14":"taxable","15":"shipping-taxable","16":"purchasable","17":"product-type-simple"},"exclude_global_add_ons":[],"addons":[],"acf":[],"yoast_head":"<!-- This site is optimized with the Yoast SEO plugin v27.1.1 - https:\/\/yoast.com\/product\/yoast-seo-wordpress\/ -->\n<title>Vooditasku Bedside, valge, \u0414\u0435\u0442\u0441\u043a\u0438e \u043a\u0440\u043e\u0432\u0430\u0442\u043a\u0438, \u043f\u0435\u0440\u0435\u043d\u043e\u0441\u043d\u044b\u0435 \u043a\u0440\u043e\u0432\u0430\u0442\u043a\u0438, \u043b\u044e\u043b\u044c\u043a\u0438, \u041b\u044e\u043b\u044c\u043a\u0438 \u0438 \u043a\u0430\u0440\u043c\u0430\u0448\u043a\u0438 \u0434\u043b\u044f \u043a\u0440\u043e\u0432\u0430\u0442\u043a\u0438, M\u0435\u0431\u0435\u043b\u044c, Beebipood<\/title>\n<meta name=\"description\" content=\"Vooditasku Bedside, valge, * tugevast naturaalsest kasepuidust beebi lisavoodi* valmistamisel on kasutatud kaasaegset tehnoloogiat ja A-klass tarvikuid\" \/>\n<meta name=\"robots\" content=\"index, follow, max-snippet:-1, max-image-preview:large, max-video-preview:-1\" \/>\n<link rel=\"canonical\" href=\"https:\/\/beebipood.ee\/ru\/produkt\/vooditasku-noble-romantica-white\/\" \/>\n<meta property=\"og:locale\" content=\"ru_RU\" \/>\n<meta property=\"og:type\" content=\"article\" \/>\n<meta property=\"og:title\" content=\"Vooditasku Bedside, valge, \u0414\u0435\u0442\u0441\u043a\u0438e \u043a\u0440\u043e\u0432\u0430\u0442\u043a\u0438, \u043f\u0435\u0440\u0435\u043d\u043e\u0441\u043d\u044b\u0435 \u043a\u0440\u043e\u0432\u0430\u0442\u043a\u0438, \u043b\u044e\u043b\u044c\u043a\u0438, \u041b\u044e\u043b\u044c\u043a\u0438 \u0438 \u043a\u0430\u0440\u043c\u0430\u0448\u043a\u0438 \u0434\u043b\u044f \u043a\u0440\u043e\u0432\u0430\u0442\u043a\u0438, M\u0435\u0431\u0435\u043b\u044c, Beebipood\" \/>\n<meta property=\"og:description\" content=\"Vooditasku Bedside, valge, * tugevast naturaalsest kasepuidust beebi lisavoodi* valmistamisel on kasutatud kaasaegset tehnoloogiat ja A-klass tarvikuid\" \/>\n<meta property=\"og:url\" content=\"https:\/\/beebipood.ee\/ru\/produkt\/vooditasku-noble-romantica-white\/\" \/>\n<meta property=\"og:site_name\" content=\"Beebipood\" \/>\n<meta property=\"article:modified_time\" content=\"2025-10-03T09:46:17+00:00\" \/>\n<meta property=\"og:image\" content=\"https:\/\/beebipood.ee\/wp-content\/uploads\/2013\/09\/noble-crib-white-90x40-14.jpg\" \/>\n\t<meta property=\"og:image:width\" content=\"1417\" \/>\n\t<meta property=\"og:image:height\" content=\"1400\" \/>\n\t<meta property=\"og:image:type\" content=\"image\/jpeg\" \/>\n<meta name=\"twitter:card\" content=\"summary_large_image\" \/>\n<meta name=\"twitter:label1\" content=\"\u041f\u0440\u0438\u043c\u0435\u0440\u043d\u043e\u0435 \u0432\u0440\u0435\u043c\u044f \u0434\u043b\u044f \u0447\u0442\u0435\u043d\u0438\u044f\" \/>\n\t<meta name=\"twitter:data1\" content=\"1 \u043c\u0438\u043d\u0443\u0442\u0430\" \/>\n<script type=\"application\/ld+json\" class=\"yoast-schema-graph\">{\"@context\":\"https:\/\/schema.org\",\"@graph\":[{\"@type\":\"WebPage\",\"@id\":\"https:\/\/beebipood.ee\/ru\/produkt\/vooditasku-noble-romantica-white\/\",\"url\":\"https:\/\/beebipood.ee\/ru\/produkt\/vooditasku-noble-romantica-white\/\",\"name\":\"Vooditasku Bedside, valge, \u0414\u0435\u0442\u0441\u043a\u0438e \u043a\u0440\u043e\u0432\u0430\u0442\u043a\u0438, \u043f\u0435\u0440\u0435\u043d\u043e\u0441\u043d\u044b\u0435 \u043a\u0440\u043e\u0432\u0430\u0442\u043a\u0438, \u043b\u044e\u043b\u044c\u043a\u0438, \u041b\u044e\u043b\u044c\u043a\u0438 \u0438 \u043a\u0430\u0440\u043c\u0430\u0448\u043a\u0438 \u0434\u043b\u044f \u043a\u0440\u043e\u0432\u0430\u0442\u043a\u0438, M\u0435\u0431\u0435\u043b\u044c, Beebipood\",\"isPartOf\":{\"@id\":\"https:\/\/beebipood.ee\/ru\/#website\"},\"primaryImageOfPage\":{\"@id\":\"https:\/\/beebipood.ee\/ru\/produkt\/vooditasku-noble-romantica-white\/#primaryimage\"},\"image\":{\"@id\":\"https:\/\/beebipood.ee\/ru\/produkt\/vooditasku-noble-romantica-white\/#primaryimage\"},\"thumbnailUrl\":\"https:\/\/beebipood.ee\/wp-content\/uploads\/2013\/09\/noble-crib-white-90x40-14.jpg\",\"datePublished\":\"2013-09-02T10:55:50+00:00\",\"dateModified\":\"2025-10-03T09:46:17+00:00\",\"description\":\"Vooditasku Bedside, valge, * tugevast naturaalsest kasepuidust beebi lisavoodi* valmistamisel on kasutatud kaasaegset tehnoloogiat ja A-klass tarvikuid\",\"breadcrumb\":{\"@id\":\"https:\/\/beebipood.ee\/ru\/produkt\/vooditasku-noble-romantica-white\/#breadcrumb\"},\"inLanguage\":\"ru-RU\",\"potentialAction\":[{\"@type\":\"ReadAction\",\"target\":[\"https:\/\/beebipood.ee\/ru\/produkt\/vooditasku-noble-romantica-white\/\"]}]},{\"@type\":\"ImageObject\",\"inLanguage\":\"ru-RU\",\"@id\":\"https:\/\/beebipood.ee\/ru\/produkt\/vooditasku-noble-romantica-white\/#primaryimage\",\"url\":\"https:\/\/beebipood.ee\/wp-content\/uploads\/2013\/09\/noble-crib-white-90x40-14.jpg\",\"contentUrl\":\"https:\/\/beebipood.ee\/wp-content\/uploads\/2013\/09\/noble-crib-white-90x40-14.jpg\",\"width\":1417,\"height\":1400},{\"@type\":\"BreadcrumbList\",\"@id\":\"https:\/\/beebipood.ee\/ru\/produkt\/vooditasku-noble-romantica-white\/#breadcrumb\",\"itemListElement\":[{\"@type\":\"ListItem\",\"position\":1,\"name\":\"Home\",\"item\":\"https:\/\/beebipood.ee\/ru\/\"},{\"@type\":\"ListItem\",\"position\":2,\"name\":\"\u041a\u0430\u0442\u0430\u043b\u043e\u0433 \u0442\u043e\u0432\u0430\u0440\u043e\u0432\",\"item\":\"https:\/\/beebipood.ee\/tooted\/\"},{\"@type\":\"ListItem\",\"position\":3,\"name\":\"Vooditasku Noble Romantica, white\"}]},{\"@type\":\"WebSite\",\"@id\":\"https:\/\/beebipood.ee\/ru\/#website\",\"url\":\"https:\/\/beebipood.ee\/ru\/\",\"name\":\"Beebipood\",\"description\":\"Lastekaubad, beebikaubad, m\u00e4nguasjad\",\"publisher\":{\"@id\":\"https:\/\/beebipood.ee\/ru\/#organization\"},\"potentialAction\":[{\"@type\":\"SearchAction\",\"target\":{\"@type\":\"EntryPoint\",\"urlTemplate\":\"https:\/\/beebipood.ee\/ru\/?s={search_term_string}\"},\"query-input\":{\"@type\":\"PropertyValueSpecification\",\"valueRequired\":true,\"valueName\":\"search_term_string\"}}],\"inLanguage\":\"ru-RU\"},{\"@type\":\"Organization\",\"@id\":\"https:\/\/beebipood.ee\/ru\/#organization\",\"name\":\"Beebipood\",\"url\":\"https:\/\/beebipood.ee\/ru\/\",\"logo\":{\"@type\":\"ImageObject\",\"inLanguage\":\"ru-RU\",\"@id\":\"https:\/\/beebipood.ee\/ru\/#\/schema\/logo\/image\/\",\"url\":\"https:\/\/beebipood.ee\/wp-content\/uploads\/2025\/03\/beebipood.ee-logo-1.svg\",\"contentUrl\":\"https:\/\/beebipood.ee\/wp-content\/uploads\/2025\/03\/beebipood.ee-logo-1.svg\",\"caption\":\"Beebipood\"},\"image\":{\"@id\":\"https:\/\/beebipood.ee\/ru\/#\/schema\/logo\/image\/\"}}]}<\/script>\n<!-- \/ Yoast SEO plugin. -->","yoast_head_json":{"title":"Vooditasku Bedside, valge, \u0414\u0435\u0442\u0441\u043a\u0438e \u043a\u0440\u043e\u0432\u0430\u0442\u043a\u0438, \u043f\u0435\u0440\u0435\u043d\u043e\u0441\u043d\u044b\u0435 \u043a\u0440\u043e\u0432\u0430\u0442\u043a\u0438, \u043b\u044e\u043b\u044c\u043a\u0438, \u041b\u044e\u043b\u044c\u043a\u0438 \u0438 \u043a\u0430\u0440\u043c\u0430\u0448\u043a\u0438 \u0434\u043b\u044f \u043a\u0440\u043e\u0432\u0430\u0442\u043a\u0438, M\u0435\u0431\u0435\u043b\u044c, Beebipood","description":"Vooditasku Bedside, valge, * tugevast naturaalsest kasepuidust beebi lisavoodi* valmistamisel on kasutatud kaasaegset tehnoloogiat ja A-klass tarvikuid","robots":{"index":"index","follow":"follow","max-snippet":"max-snippet:-1","max-image-preview":"max-image-preview:large","max-video-preview":"max-video-preview:-1"},"canonical":"https:\/\/beebipood.ee\/ru\/produkt\/vooditasku-noble-romantica-white\/","og_locale":"ru_RU","og_type":"article","og_title":"Vooditasku Bedside, valge, \u0414\u0435\u0442\u0441\u043a\u0438e \u043a\u0440\u043e\u0432\u0430\u0442\u043a\u0438, \u043f\u0435\u0440\u0435\u043d\u043e\u0441\u043d\u044b\u0435 \u043a\u0440\u043e\u0432\u0430\u0442\u043a\u0438, \u043b\u044e\u043b\u044c\u043a\u0438, \u041b\u044e\u043b\u044c\u043a\u0438 \u0438 \u043a\u0430\u0440\u043c\u0430\u0448\u043a\u0438 \u0434\u043b\u044f \u043a\u0440\u043e\u0432\u0430\u0442\u043a\u0438, M\u0435\u0431\u0435\u043b\u044c, Beebipood","og_description":"Vooditasku Bedside, valge, * tugevast naturaalsest kasepuidust beebi lisavoodi* valmistamisel on kasutatud kaasaegset tehnoloogiat ja A-klass tarvikuid","og_url":"https:\/\/beebipood.ee\/ru\/produkt\/vooditasku-noble-romantica-white\/","og_site_name":"Beebipood","article_modified_time":"2025-10-03T09:46:17+00:00","og_image":[{"width":1417,"height":1400,"url":"https:\/\/beebipood.ee\/wp-content\/uploads\/2013\/09\/noble-crib-white-90x40-14.jpg","type":"image\/jpeg"}],"twitter_card":"summary_large_image","twitter_misc":{"\u041f\u0440\u0438\u043c\u0435\u0440\u043d\u043e\u0435 \u0432\u0440\u0435\u043c\u044f \u0434\u043b\u044f \u0447\u0442\u0435\u043d\u0438\u044f":"1 \u043c\u0438\u043d\u0443\u0442\u0430"},"schema":{"@context":"https:\/\/schema.org","@graph":[{"@type":"WebPage","@id":"https:\/\/beebipood.ee\/ru\/produkt\/vooditasku-noble-romantica-white\/","url":"https:\/\/beebipood.ee\/ru\/produkt\/vooditasku-noble-romantica-white\/","name":"Vooditasku Bedside, valge, \u0414\u0435\u0442\u0441\u043a\u0438e \u043a\u0440\u043e\u0432\u0430\u0442\u043a\u0438, \u043f\u0435\u0440\u0435\u043d\u043e\u0441\u043d\u044b\u0435 \u043a\u0440\u043e\u0432\u0430\u0442\u043a\u0438, \u043b\u044e\u043b\u044c\u043a\u0438, \u041b\u044e\u043b\u044c\u043a\u0438 \u0438 \u043a\u0430\u0440\u043c\u0430\u0448\u043a\u0438 \u0434\u043b\u044f \u043a\u0440\u043e\u0432\u0430\u0442\u043a\u0438, M\u0435\u0431\u0435\u043b\u044c, Beebipood","isPartOf":{"@id":"https:\/\/beebipood.ee\/ru\/#website"},"primaryImageOfPage":{"@id":"https:\/\/beebipood.ee\/ru\/produkt\/vooditasku-noble-romantica-white\/#primaryimage"},"image":{"@id":"https:\/\/beebipood.ee\/ru\/produkt\/vooditasku-noble-romantica-white\/#primaryimage"},"thumbnailUrl":"https:\/\/beebipood.ee\/wp-content\/uploads\/2013\/09\/noble-crib-white-90x40-14.jpg","datePublished":"2013-09-02T10:55:50+00:00","dateModified":"2025-10-03T09:46:17+00:00","description":"Vooditasku Bedside, valge, * tugevast naturaalsest kasepuidust beebi lisavoodi* valmistamisel on kasutatud kaasaegset tehnoloogiat ja A-klass tarvikuid","breadcrumb":{"@id":"https:\/\/beebipood.ee\/ru\/produkt\/vooditasku-noble-romantica-white\/#breadcrumb"},"inLanguage":"ru-RU","potentialAction":[{"@type":"ReadAction","target":["https:\/\/beebipood.ee\/ru\/produkt\/vooditasku-noble-romantica-white\/"]}]},{"@type":"ImageObject","inLanguage":"ru-RU","@id":"https:\/\/beebipood.ee\/ru\/produkt\/vooditasku-noble-romantica-white\/#primaryimage","url":"https:\/\/beebipood.ee\/wp-content\/uploads\/2013\/09\/noble-crib-white-90x40-14.jpg","contentUrl":"https:\/\/beebipood.ee\/wp-content\/uploads\/2013\/09\/noble-crib-white-90x40-14.jpg","width":1417,"height":1400},{"@type":"BreadcrumbList","@id":"https:\/\/beebipood.ee\/ru\/produkt\/vooditasku-noble-romantica-white\/#breadcrumb","itemListElement":[{"@type":"ListItem","position":1,"name":"Home","item":"https:\/\/beebipood.ee\/ru\/"},{"@type":"ListItem","position":2,"name":"\u041a\u0430\u0442\u0430\u043b\u043e\u0433 \u0442\u043e\u0432\u0430\u0440\u043e\u0432","item":"https:\/\/beebipood.ee\/tooted\/"},{"@type":"ListItem","position":3,"name":"Vooditasku Noble Romantica, white"}]},{"@type":"WebSite","@id":"https:\/\/beebipood.ee\/ru\/#website","url":"https:\/\/beebipood.ee\/ru\/","name":"Beebipood","description":"Lastekaubad, beebikaubad, m\u00e4nguasjad","publisher":{"@id":"https:\/\/beebipood.ee\/ru\/#organization"},"potentialAction":[{"@type":"SearchAction","target":{"@type":"EntryPoint","urlTemplate":"https:\/\/beebipood.ee\/ru\/?s={search_term_string}"},"query-input":{"@type":"PropertyValueSpecification","valueRequired":true,"valueName":"search_term_string"}}],"inLanguage":"ru-RU"},{"@type":"Organization","@id":"https:\/\/beebipood.ee\/ru\/#organization","name":"Beebipood","url":"https:\/\/beebipood.ee\/ru\/","logo":{"@type":"ImageObject","inLanguage":"ru-RU","@id":"https:\/\/beebipood.ee\/ru\/#\/schema\/logo\/image\/","url":"https:\/\/beebipood.ee\/wp-content\/uploads\/2025\/03\/beebipood.ee-logo-1.svg","contentUrl":"https:\/\/beebipood.ee\/wp-content\/uploads\/2025\/03\/beebipood.ee-logo-1.svg","caption":"Beebipood"},"image":{"@id":"https:\/\/beebipood.ee\/ru\/#\/schema\/logo\/image\/"}}]}},"brands":[{"id":12000,"name":"Woodies","slug":"woodies-2"}],"_links":{"self":[{"href":"https:\/\/beebipood.ee\/ru\/wp-json\/wp\/v2\/product\/454832","targetHints":{"allow":["GET"]}}],"collection":[{"href":"https:\/\/beebipood.ee\/ru\/wp-json\/wp\/v2\/product"}],"about":[{"href":"https:\/\/beebipood.ee\/ru\/wp-json\/wp\/v2\/types\/product"}],"wp:featuredmedia":[{"embeddable":true,"href":"https:\/\/beebipood.ee\/ru\/wp-json\/wp\/v2\/media\/507525"}],"wp:attachment":[{"href":"https:\/\/beebipood.ee\/ru\/wp-json\/wp\/v2\/media?parent=454832"}],"wp:term":[{"taxonomy":"pwb-brand","embeddable":true,"href":"https:\/\/beebipood.ee\/ru\/wp-json\/wp\/v2\/pwb-brand?post=454832"},{"taxonomy":"product_brand","embeddable":true,"href":"https:\/\/beebipood.ee\/ru\/wp-json\/wp\/v2\/product_brand?post=454832"},{"taxonomy":"product_cat","embeddable":true,"href":"https:\/\/beebipood.ee\/ru\/wp-json\/wp\/v2\/product_cat?post=454832"},{"taxonomy":"product_tag","embeddable":true,"href":"https:\/\/beebipood.ee\/ru\/wp-json\/wp\/v2\/product_tag?post=454832"}],"curies":[{"name":"wp","href":"https:\/\/api.w.org\/{rel}","templated":true}]}}