{"id":454838,"date":"2013-09-02T13:55:53","date_gmt":"2013-09-02T10:55:53","guid":{"rendered":"https:\/\/beebipood.ee\/toode\/lastemadrats-kookos-tatar-plus-70x140\/"},"modified":"2025-03-04T11:31:12","modified_gmt":"2025-03-04T09:31:12","slug":"lastemadrats-kookos-tatar-plus-70x140","status":"publish","type":"product","link":"https:\/\/beebipood.ee\/ru\/produkt\/lastemadrats-kookos-tatar-plus-70x140\/","title":{"rendered":"Lastemadrats kookos &#8212; tatar Plus 70&#215;140"},"content":{"rendered":"<p><span>* kookos-tatramadrats PLUS beebivoodile\u00a0<\/span><br \/><span>* Anti-allergiline, higistamisvastane, lapse kehaasendit arvestav ja \u00f5iget r\u00fchti soodustav<\/span><br \/><span>* valmistatud naturaalsetest materjalidest<\/span><br \/><span>* ideaalselt beebi keha ja selga toetav madrats\u00a0<\/span><br \/><span>* katteriie, Silver antibakteriaalsete omadustega<\/span><br \/><span>* katteriie eemaldatav ja pestav\u00a0<br \/><\/span>* katteriide p\u00f5hitoon on valge, kujundite v\u00e4rv peal v\u00f5ib varieeruda<br \/><span>* sisu:<\/span><br \/><span>\u00fcks pool kaetud lateksiga t\u00f6\u00f6deldud kookoskiudmatiga<\/span><br \/><span>kookosmati struktuur v\u00f5imaldab vaba \u00f5huvoolu<\/span><br \/><span>teine pool kaetud naturaalsete termiliselt t\u00f6\u00f6deldud tatrakestamatiga<\/span><br \/><span>m\u00f5lemat poolt katab vatiini kiht\u00a0<\/span><br \/><span>naturaalsete kihtide vahel on poroloon, mis lisab pehmust<\/span><br \/><span>* kombinatsioon tatrakestad, kookosmatt ja antibakteriaalne kangas tagab topeltkaitse lapse tervisele<\/span><br \/><span>* \u00fcksk\u00f5ik kummal pool Teie beebi magab on uni alati rahulik ja ohutu<\/span><br \/><span>* kaitse madratsit liigse niiskuse eest<\/span><\/p>\n","protected":false},"excerpt":{"rendered":"<p>* kookos-tatramadrats PLUS beebivoodile\u00a0* Anti-allergiline, higistamisvastane, lapse kehaasendit arvestav ja \u00f5iget r\u00fchti soodustav* valmistatud naturaalsetest materjalidest* ideaalselt beebi keha ja selga toetav madrats\u00a0* katteriie, Silver antibakteriaalsete omadustega* katteriie eemaldatav ja pestav\u00a0* katteriide p\u00f5hitoon on valge, kujundite v\u00e4rv peal v\u00f5ib varieeruda* sisu:\u00fcks pool kaetud lateksiga t\u00f6\u00f6deldud kookoskiudmatigakookosmati struktuur v\u00f5imaldab vaba \u00f5huvooluteine pool kaetud naturaalsete termiliselt t\u00f6\u00f6deldud [&hellip;]<\/p>\n","protected":false},"featured_media":101775,"template":"","meta":{"_acf_changed":false},"pwb-brand":[],"product_brand":[],"product_cat":[11597,11563,11789],"product_tag":[],"class_list":{"0":"post-454838","1":"product","2":"type-product","3":"status-publish","4":"has-post-thumbnail","6":"product_cat-kuni-70cm-laiused-ru","7":"product_cat-madratsid-ja-kattemadratsid-ru","8":"product_cat-lastemoobel-ja-sisustus-ru","10":"first","11":"onbackorder","12":"taxable","13":"shipping-taxable","14":"purchasable","15":"product-type-simple"},"exclude_global_add_ons":[],"addons":[],"acf":[],"yoast_head":"<!-- This site is optimized with the Yoast SEO plugin v27.1.1 - https:\/\/yoast.com\/product\/yoast-seo-wordpress\/ -->\n<title>Lastemadrats kookos - tatar Plus 70x140, \u041c\u0430\u0442\u0440\u0430\u0441\u044b \u0438 \u043c\u0430\u0442\u0440\u0430\u0441\u044b-\u043f\u043e\u043a\u0440\u044b\u0432\u0430\u043b\u0430, \u0428\u0438\u0440\u0438\u043d\u043e\u0439 \u0434\u043e 70 c\u043c, M\u0435\u0431\u0435\u043b\u044c, Beebipood<\/title>\n<meta name=\"description\" content=\"Lastemadrats kookos - tatar Plus 70x140, * kookos-tatramadrats PLUS beebivoodile&nbsp;* Anti-allergiline, higistamisvastane, lapse k\" \/>\n<meta name=\"robots\" content=\"index, follow, max-snippet:-1, max-image-preview:large, max-video-preview:-1\" \/>\n<link rel=\"canonical\" href=\"https:\/\/beebipood.ee\/ru\/produkt\/lastemadrats-kookos-tatar-plus-70x140\/\" \/>\n<meta property=\"og:locale\" content=\"ru_RU\" \/>\n<meta property=\"og:type\" content=\"article\" \/>\n<meta property=\"og:title\" content=\"Lastemadrats kookos - tatar Plus 70x140, \u041c\u0430\u0442\u0440\u0430\u0441\u044b \u0438 \u043c\u0430\u0442\u0440\u0430\u0441\u044b-\u043f\u043e\u043a\u0440\u044b\u0432\u0430\u043b\u0430, \u0428\u0438\u0440\u0438\u043d\u043e\u0439 \u0434\u043e 70 c\u043c, M\u0435\u0431\u0435\u043b\u044c, Beebipood\" \/>\n<meta property=\"og:description\" content=\"Lastemadrats kookos - tatar Plus 70x140, * kookos-tatramadrats PLUS beebivoodile&nbsp;* Anti-allergiline, higistamisvastane, lapse k\" \/>\n<meta property=\"og:url\" content=\"https:\/\/beebipood.ee\/ru\/produkt\/lastemadrats-kookos-tatar-plus-70x140\/\" \/>\n<meta property=\"og:site_name\" content=\"Beebipood\" \/>\n<meta property=\"article:modified_time\" content=\"2025-03-04T09:31:12+00:00\" \/>\n<meta property=\"og:image\" content=\"https:\/\/beebipood.ee\/wp-content\/uploads\/2013\/09\/Lastemadrats-kookos-tatar-PLUS-70x140-Madratsid-ja-kattemadratsid-Kuni-70cm-laiused_3-ca3.jpg\" \/>\n\t<meta property=\"og:image:width\" content=\"680\" \/>\n\t<meta property=\"og:image:height\" content=\"529\" \/>\n\t<meta property=\"og:image:type\" content=\"image\/jpeg\" \/>\n<meta name=\"twitter:card\" content=\"summary_large_image\" \/>\n<meta name=\"twitter:label1\" content=\"\u041f\u0440\u0438\u043c\u0435\u0440\u043d\u043e\u0435 \u0432\u0440\u0435\u043c\u044f \u0434\u043b\u044f \u0447\u0442\u0435\u043d\u0438\u044f\" \/>\n\t<meta name=\"twitter:data1\" content=\"1 \u043c\u0438\u043d\u0443\u0442\u0430\" \/>\n<script type=\"application\/ld+json\" class=\"yoast-schema-graph\">{\"@context\":\"https:\/\/schema.org\",\"@graph\":[{\"@type\":\"WebPage\",\"@id\":\"https:\/\/beebipood.ee\/ru\/produkt\/lastemadrats-kookos-tatar-plus-70x140\/\",\"url\":\"https:\/\/beebipood.ee\/ru\/produkt\/lastemadrats-kookos-tatar-plus-70x140\/\",\"name\":\"Lastemadrats kookos - tatar Plus 70x140, \u041c\u0430\u0442\u0440\u0430\u0441\u044b \u0438 \u043c\u0430\u0442\u0440\u0430\u0441\u044b-\u043f\u043e\u043a\u0440\u044b\u0432\u0430\u043b\u0430, \u0428\u0438\u0440\u0438\u043d\u043e\u0439 \u0434\u043e 70 c\u043c, M\u0435\u0431\u0435\u043b\u044c, Beebipood\",\"isPartOf\":{\"@id\":\"https:\/\/beebipood.ee\/ru\/#website\"},\"primaryImageOfPage\":{\"@id\":\"https:\/\/beebipood.ee\/ru\/produkt\/lastemadrats-kookos-tatar-plus-70x140\/#primaryimage\"},\"image\":{\"@id\":\"https:\/\/beebipood.ee\/ru\/produkt\/lastemadrats-kookos-tatar-plus-70x140\/#primaryimage\"},\"thumbnailUrl\":\"https:\/\/beebipood.ee\/wp-content\/uploads\/2013\/09\/Lastemadrats-kookos-tatar-PLUS-70x140-Madratsid-ja-kattemadratsid-Kuni-70cm-laiused_3-ca3.jpg\",\"datePublished\":\"2013-09-02T10:55:53+00:00\",\"dateModified\":\"2025-03-04T09:31:12+00:00\",\"description\":\"Lastemadrats kookos - tatar Plus 70x140, * kookos-tatramadrats PLUS beebivoodile&nbsp;* Anti-allergiline, higistamisvastane, lapse k\",\"breadcrumb\":{\"@id\":\"https:\/\/beebipood.ee\/ru\/produkt\/lastemadrats-kookos-tatar-plus-70x140\/#breadcrumb\"},\"inLanguage\":\"ru-RU\",\"potentialAction\":[{\"@type\":\"ReadAction\",\"target\":[\"https:\/\/beebipood.ee\/ru\/produkt\/lastemadrats-kookos-tatar-plus-70x140\/\"]}]},{\"@type\":\"ImageObject\",\"inLanguage\":\"ru-RU\",\"@id\":\"https:\/\/beebipood.ee\/ru\/produkt\/lastemadrats-kookos-tatar-plus-70x140\/#primaryimage\",\"url\":\"https:\/\/beebipood.ee\/wp-content\/uploads\/2013\/09\/Lastemadrats-kookos-tatar-PLUS-70x140-Madratsid-ja-kattemadratsid-Kuni-70cm-laiused_3-ca3.jpg\",\"contentUrl\":\"https:\/\/beebipood.ee\/wp-content\/uploads\/2013\/09\/Lastemadrats-kookos-tatar-PLUS-70x140-Madratsid-ja-kattemadratsid-Kuni-70cm-laiused_3-ca3.jpg\",\"width\":680,\"height\":529},{\"@type\":\"BreadcrumbList\",\"@id\":\"https:\/\/beebipood.ee\/ru\/produkt\/lastemadrats-kookos-tatar-plus-70x140\/#breadcrumb\",\"itemListElement\":[{\"@type\":\"ListItem\",\"position\":1,\"name\":\"Home\",\"item\":\"https:\/\/beebipood.ee\/ru\/\"},{\"@type\":\"ListItem\",\"position\":2,\"name\":\"\u041a\u0430\u0442\u0430\u043b\u043e\u0433 \u0442\u043e\u0432\u0430\u0440\u043e\u0432\",\"item\":\"https:\/\/beebipood.ee\/tooted\/\"},{\"@type\":\"ListItem\",\"position\":3,\"name\":\"Lastemadrats kookos &#8212; tatar Plus 70&#215;140\"}]},{\"@type\":\"WebSite\",\"@id\":\"https:\/\/beebipood.ee\/ru\/#website\",\"url\":\"https:\/\/beebipood.ee\/ru\/\",\"name\":\"Beebipood\",\"description\":\"Lastekaubad, beebikaubad, m\u00e4nguasjad\",\"publisher\":{\"@id\":\"https:\/\/beebipood.ee\/ru\/#organization\"},\"potentialAction\":[{\"@type\":\"SearchAction\",\"target\":{\"@type\":\"EntryPoint\",\"urlTemplate\":\"https:\/\/beebipood.ee\/ru\/?s={search_term_string}\"},\"query-input\":{\"@type\":\"PropertyValueSpecification\",\"valueRequired\":true,\"valueName\":\"search_term_string\"}}],\"inLanguage\":\"ru-RU\"},{\"@type\":\"Organization\",\"@id\":\"https:\/\/beebipood.ee\/ru\/#organization\",\"name\":\"Beebipood\",\"url\":\"https:\/\/beebipood.ee\/ru\/\",\"logo\":{\"@type\":\"ImageObject\",\"inLanguage\":\"ru-RU\",\"@id\":\"https:\/\/beebipood.ee\/ru\/#\/schema\/logo\/image\/\",\"url\":\"https:\/\/beebipood.ee\/wp-content\/uploads\/2025\/03\/beebipood.ee-logo-1.svg\",\"contentUrl\":\"https:\/\/beebipood.ee\/wp-content\/uploads\/2025\/03\/beebipood.ee-logo-1.svg\",\"caption\":\"Beebipood\"},\"image\":{\"@id\":\"https:\/\/beebipood.ee\/ru\/#\/schema\/logo\/image\/\"}}]}<\/script>\n<!-- \/ Yoast SEO plugin. -->","yoast_head_json":{"title":"Lastemadrats kookos - tatar Plus 70x140, \u041c\u0430\u0442\u0440\u0430\u0441\u044b \u0438 \u043c\u0430\u0442\u0440\u0430\u0441\u044b-\u043f\u043e\u043a\u0440\u044b\u0432\u0430\u043b\u0430, \u0428\u0438\u0440\u0438\u043d\u043e\u0439 \u0434\u043e 70 c\u043c, M\u0435\u0431\u0435\u043b\u044c, Beebipood","description":"Lastemadrats kookos - tatar Plus 70x140, * kookos-tatramadrats PLUS beebivoodile&nbsp;* Anti-allergiline, higistamisvastane, lapse k","robots":{"index":"index","follow":"follow","max-snippet":"max-snippet:-1","max-image-preview":"max-image-preview:large","max-video-preview":"max-video-preview:-1"},"canonical":"https:\/\/beebipood.ee\/ru\/produkt\/lastemadrats-kookos-tatar-plus-70x140\/","og_locale":"ru_RU","og_type":"article","og_title":"Lastemadrats kookos - tatar Plus 70x140, \u041c\u0430\u0442\u0440\u0430\u0441\u044b \u0438 \u043c\u0430\u0442\u0440\u0430\u0441\u044b-\u043f\u043e\u043a\u0440\u044b\u0432\u0430\u043b\u0430, \u0428\u0438\u0440\u0438\u043d\u043e\u0439 \u0434\u043e 70 c\u043c, M\u0435\u0431\u0435\u043b\u044c, Beebipood","og_description":"Lastemadrats kookos - tatar Plus 70x140, * kookos-tatramadrats PLUS beebivoodile&nbsp;* Anti-allergiline, higistamisvastane, lapse k","og_url":"https:\/\/beebipood.ee\/ru\/produkt\/lastemadrats-kookos-tatar-plus-70x140\/","og_site_name":"Beebipood","article_modified_time":"2025-03-04T09:31:12+00:00","og_image":[{"width":680,"height":529,"url":"https:\/\/beebipood.ee\/wp-content\/uploads\/2013\/09\/Lastemadrats-kookos-tatar-PLUS-70x140-Madratsid-ja-kattemadratsid-Kuni-70cm-laiused_3-ca3.jpg","type":"image\/jpeg"}],"twitter_card":"summary_large_image","twitter_misc":{"\u041f\u0440\u0438\u043c\u0435\u0440\u043d\u043e\u0435 \u0432\u0440\u0435\u043c\u044f \u0434\u043b\u044f \u0447\u0442\u0435\u043d\u0438\u044f":"1 \u043c\u0438\u043d\u0443\u0442\u0430"},"schema":{"@context":"https:\/\/schema.org","@graph":[{"@type":"WebPage","@id":"https:\/\/beebipood.ee\/ru\/produkt\/lastemadrats-kookos-tatar-plus-70x140\/","url":"https:\/\/beebipood.ee\/ru\/produkt\/lastemadrats-kookos-tatar-plus-70x140\/","name":"Lastemadrats kookos - tatar Plus 70x140, \u041c\u0430\u0442\u0440\u0430\u0441\u044b \u0438 \u043c\u0430\u0442\u0440\u0430\u0441\u044b-\u043f\u043e\u043a\u0440\u044b\u0432\u0430\u043b\u0430, \u0428\u0438\u0440\u0438\u043d\u043e\u0439 \u0434\u043e 70 c\u043c, M\u0435\u0431\u0435\u043b\u044c, Beebipood","isPartOf":{"@id":"https:\/\/beebipood.ee\/ru\/#website"},"primaryImageOfPage":{"@id":"https:\/\/beebipood.ee\/ru\/produkt\/lastemadrats-kookos-tatar-plus-70x140\/#primaryimage"},"image":{"@id":"https:\/\/beebipood.ee\/ru\/produkt\/lastemadrats-kookos-tatar-plus-70x140\/#primaryimage"},"thumbnailUrl":"https:\/\/beebipood.ee\/wp-content\/uploads\/2013\/09\/Lastemadrats-kookos-tatar-PLUS-70x140-Madratsid-ja-kattemadratsid-Kuni-70cm-laiused_3-ca3.jpg","datePublished":"2013-09-02T10:55:53+00:00","dateModified":"2025-03-04T09:31:12+00:00","description":"Lastemadrats kookos - tatar Plus 70x140, * kookos-tatramadrats PLUS beebivoodile&nbsp;* Anti-allergiline, higistamisvastane, lapse k","breadcrumb":{"@id":"https:\/\/beebipood.ee\/ru\/produkt\/lastemadrats-kookos-tatar-plus-70x140\/#breadcrumb"},"inLanguage":"ru-RU","potentialAction":[{"@type":"ReadAction","target":["https:\/\/beebipood.ee\/ru\/produkt\/lastemadrats-kookos-tatar-plus-70x140\/"]}]},{"@type":"ImageObject","inLanguage":"ru-RU","@id":"https:\/\/beebipood.ee\/ru\/produkt\/lastemadrats-kookos-tatar-plus-70x140\/#primaryimage","url":"https:\/\/beebipood.ee\/wp-content\/uploads\/2013\/09\/Lastemadrats-kookos-tatar-PLUS-70x140-Madratsid-ja-kattemadratsid-Kuni-70cm-laiused_3-ca3.jpg","contentUrl":"https:\/\/beebipood.ee\/wp-content\/uploads\/2013\/09\/Lastemadrats-kookos-tatar-PLUS-70x140-Madratsid-ja-kattemadratsid-Kuni-70cm-laiused_3-ca3.jpg","width":680,"height":529},{"@type":"BreadcrumbList","@id":"https:\/\/beebipood.ee\/ru\/produkt\/lastemadrats-kookos-tatar-plus-70x140\/#breadcrumb","itemListElement":[{"@type":"ListItem","position":1,"name":"Home","item":"https:\/\/beebipood.ee\/ru\/"},{"@type":"ListItem","position":2,"name":"\u041a\u0430\u0442\u0430\u043b\u043e\u0433 \u0442\u043e\u0432\u0430\u0440\u043e\u0432","item":"https:\/\/beebipood.ee\/tooted\/"},{"@type":"ListItem","position":3,"name":"Lastemadrats kookos &#8212; tatar Plus 70&#215;140"}]},{"@type":"WebSite","@id":"https:\/\/beebipood.ee\/ru\/#website","url":"https:\/\/beebipood.ee\/ru\/","name":"Beebipood","description":"Lastekaubad, beebikaubad, m\u00e4nguasjad","publisher":{"@id":"https:\/\/beebipood.ee\/ru\/#organization"},"potentialAction":[{"@type":"SearchAction","target":{"@type":"EntryPoint","urlTemplate":"https:\/\/beebipood.ee\/ru\/?s={search_term_string}"},"query-input":{"@type":"PropertyValueSpecification","valueRequired":true,"valueName":"search_term_string"}}],"inLanguage":"ru-RU"},{"@type":"Organization","@id":"https:\/\/beebipood.ee\/ru\/#organization","name":"Beebipood","url":"https:\/\/beebipood.ee\/ru\/","logo":{"@type":"ImageObject","inLanguage":"ru-RU","@id":"https:\/\/beebipood.ee\/ru\/#\/schema\/logo\/image\/","url":"https:\/\/beebipood.ee\/wp-content\/uploads\/2025\/03\/beebipood.ee-logo-1.svg","contentUrl":"https:\/\/beebipood.ee\/wp-content\/uploads\/2025\/03\/beebipood.ee-logo-1.svg","caption":"Beebipood"},"image":{"@id":"https:\/\/beebipood.ee\/ru\/#\/schema\/logo\/image\/"}}]}},"brands":[],"_links":{"self":[{"href":"https:\/\/beebipood.ee\/ru\/wp-json\/wp\/v2\/product\/454838","targetHints":{"allow":["GET"]}}],"collection":[{"href":"https:\/\/beebipood.ee\/ru\/wp-json\/wp\/v2\/product"}],"about":[{"href":"https:\/\/beebipood.ee\/ru\/wp-json\/wp\/v2\/types\/product"}],"wp:featuredmedia":[{"embeddable":true,"href":"https:\/\/beebipood.ee\/ru\/wp-json\/wp\/v2\/media\/101775"}],"wp:attachment":[{"href":"https:\/\/beebipood.ee\/ru\/wp-json\/wp\/v2\/media?parent=454838"}],"wp:term":[{"taxonomy":"pwb-brand","embeddable":true,"href":"https:\/\/beebipood.ee\/ru\/wp-json\/wp\/v2\/pwb-brand?post=454838"},{"taxonomy":"product_brand","embeddable":true,"href":"https:\/\/beebipood.ee\/ru\/wp-json\/wp\/v2\/product_brand?post=454838"},{"taxonomy":"product_cat","embeddable":true,"href":"https:\/\/beebipood.ee\/ru\/wp-json\/wp\/v2\/product_cat?post=454838"},{"taxonomy":"product_tag","embeddable":true,"href":"https:\/\/beebipood.ee\/ru\/wp-json\/wp\/v2\/product_tag?post=454838"}],"curies":[{"name":"wp","href":"https:\/\/api.w.org\/{rel}","templated":true}]}}