{"id":454842,"date":"2013-09-02T13:56:08","date_gmt":"2013-09-02T10:56:08","guid":{"rendered":"https:\/\/beebipood.ee\/toode\/heitmann-felle-multifunktsionaalne-soojakott-black\/"},"modified":"2025-01-09T10:52:02","modified_gmt":"2025-01-09T08:52:02","slug":"heitmann-felle-multifunktsionaalne-soojakott-black","status":"publish","type":"product","link":"https:\/\/beebipood.ee\/ru\/produkt\/heitmann-felle-multifunktsionaalne-soojakott-black\/","title":{"rendered":"Heitmann Felle multifunktsionaalne soojakott, Black"},"content":{"rendered":"<p>Ehtsast lambanahast soojakott, <br \/>mida saab kasutada ka istmepehmendusena v\u00f5i alusmatina. <br \/>Eesmine osa on keskelt lukuga avatav ning t\u00e4ielikult eemaldatav. <br \/><span style=\"text-decoration: underline;\"><br \/>Omadused<\/span><br \/>Kasutatav soojakoti v\u00f5i istmepehmendusena<br \/>Tuulekindel ja vetth\u00fclgav v\u00e4liskangas<br \/>Meditsiiniliselt pargitud lambanahast ning soojast fliisist sisemine kangas<br \/>Esiosa on allavolditav v\u00f5i t\u00e4ielikult eemaldatav<br \/>Keskelt lukuga avatav (lukk on peidetud, et tuul ei tuleks l\u00e4bi)<br \/>5 ava turvarihmade jaoks<br \/>Pestav spetsiaalse lambanaha \u0161ampooniga<br \/>M\u00f5\u00f5dud: 98 x 40cm<\/p>\n","protected":false},"excerpt":{"rendered":"<p>Ehtsast lambanahast soojakott, mida saab kasutada ka istmepehmendusena v\u00f5i alusmatina. Eesmine osa on keskelt lukuga avatav ning t\u00e4ielikult eemaldatav. OmadusedKasutatav soojakoti v\u00f5i istmepehmendusenaTuulekindel ja vetth\u00fclgav v\u00e4liskangasMeditsiiniliselt pargitud lambanahast ning soojast fliisist sisemine kangasEsiosa on allavolditav v\u00f5i t\u00e4ielikult eemaldatavKeskelt lukuga avatav (lukk on peidetud, et tuul ei tuleks l\u00e4bi)5 ava turvarihmade jaoksPestav spetsiaalse lambanaha \u0161ampoonigaM\u00f5\u00f5dud: 98 [&hellip;]<\/p>\n","protected":false},"featured_media":101789,"template":"","meta":{"_acf_changed":false},"pwb-brand":[11974],"product_brand":[],"product_cat":[11915,11725,11717],"product_tag":[],"class_list":{"0":"post-454842","1":"product","2":"type-product","3":"status-publish","4":"has-post-thumbnail","6":"pwb-brand-heitmann-felle-ru","7":"product_cat-soojakotid-ru","8":"product_cat-lisatarvikud-ru","9":"product_cat-lastevankrid-ja-karud-ru","10":"pa_manufacturer-heitmannfelle-ru","12":"first","13":"onbackorder","14":"taxable","15":"shipping-taxable","16":"purchasable","17":"product-type-simple"},"exclude_global_add_ons":[],"addons":[],"acf":[],"yoast_head":"<!-- This site is optimized with the Yoast SEO plugin v27.1.1 - https:\/\/yoast.com\/product\/yoast-seo-wordpress\/ -->\n<title>Heitmann Felle multifunktsionaalne soojakott, Black, \u041d\u041e\u0412\u042b\u0415 \u0422\u041e\u0412\u0410\u0420\u042b, \u041a\u043e\u043b\u044f\u0441\u043a\u0438, \u041f\u0440\u0438\u043d\u0430\u0434\u043b\u0435\u0436\u043d\u043e\u0441\u0442\u0438, Soojakotid, Beebipood<\/title>\n<meta name=\"description\" content=\"Heitmann Felle multifunktsionaalne soojakott, Black, Ehtsast lambanahast soojakott, mida saab kasutada ka istmepehmendusena v&otilde;i alusmatina. &lt;br\" \/>\n<meta name=\"robots\" content=\"index, follow, max-snippet:-1, max-image-preview:large, max-video-preview:-1\" \/>\n<link rel=\"canonical\" href=\"https:\/\/beebipood.ee\/ru\/produkt\/heitmann-felle-multifunktsionaalne-soojakott-black\/\" \/>\n<meta property=\"og:locale\" content=\"ru_RU\" \/>\n<meta property=\"og:type\" content=\"article\" \/>\n<meta property=\"og:title\" content=\"Heitmann Felle multifunktsionaalne soojakott, Black, \u041d\u041e\u0412\u042b\u0415 \u0422\u041e\u0412\u0410\u0420\u042b, \u041a\u043e\u043b\u044f\u0441\u043a\u0438, \u041f\u0440\u0438\u043d\u0430\u0434\u043b\u0435\u0436\u043d\u043e\u0441\u0442\u0438, Soojakotid, Beebipood\" \/>\n<meta property=\"og:description\" content=\"Heitmann Felle multifunktsionaalne soojakott, Black, Ehtsast lambanahast soojakott, mida saab kasutada ka istmepehmendusena v&otilde;i alusmatina. &lt;br\" \/>\n<meta property=\"og:url\" content=\"https:\/\/beebipood.ee\/ru\/produkt\/heitmann-felle-multifunktsionaalne-soojakott-black\/\" \/>\n<meta property=\"og:site_name\" content=\"Beebipood\" \/>\n<meta property=\"article:modified_time\" content=\"2025-01-09T08:52:02+00:00\" \/>\n<meta property=\"og:image\" content=\"https:\/\/beebipood.ee\/wp-content\/uploads\/2013\/09\/Heitmann-Felle-multifunktsionaalne-soojakott-Black-UUED-TOOTED-Lastevankrid-ja-karud-Lisavarustus-Soojakotid_1-407.jpg\" \/>\n\t<meta property=\"og:image:width\" content=\"700\" \/>\n\t<meta property=\"og:image:height\" content=\"700\" \/>\n\t<meta property=\"og:image:type\" content=\"image\/jpeg\" \/>\n<meta name=\"twitter:card\" content=\"summary_large_image\" \/>\n<script type=\"application\/ld+json\" class=\"yoast-schema-graph\">{\"@context\":\"https:\/\/schema.org\",\"@graph\":[{\"@type\":\"WebPage\",\"@id\":\"https:\/\/beebipood.ee\/ru\/produkt\/heitmann-felle-multifunktsionaalne-soojakott-black\/\",\"url\":\"https:\/\/beebipood.ee\/ru\/produkt\/heitmann-felle-multifunktsionaalne-soojakott-black\/\",\"name\":\"Heitmann Felle multifunktsionaalne soojakott, Black, \u041d\u041e\u0412\u042b\u0415 \u0422\u041e\u0412\u0410\u0420\u042b, \u041a\u043e\u043b\u044f\u0441\u043a\u0438, \u041f\u0440\u0438\u043d\u0430\u0434\u043b\u0435\u0436\u043d\u043e\u0441\u0442\u0438, Soojakotid, Beebipood\",\"isPartOf\":{\"@id\":\"https:\/\/beebipood.ee\/ru\/#website\"},\"primaryImageOfPage\":{\"@id\":\"https:\/\/beebipood.ee\/ru\/produkt\/heitmann-felle-multifunktsionaalne-soojakott-black\/#primaryimage\"},\"image\":{\"@id\":\"https:\/\/beebipood.ee\/ru\/produkt\/heitmann-felle-multifunktsionaalne-soojakott-black\/#primaryimage\"},\"thumbnailUrl\":\"https:\/\/beebipood.ee\/wp-content\/uploads\/2013\/09\/Heitmann-Felle-multifunktsionaalne-soojakott-Black-UUED-TOOTED-Lastevankrid-ja-karud-Lisavarustus-Soojakotid_1-407.jpg\",\"datePublished\":\"2013-09-02T10:56:08+00:00\",\"dateModified\":\"2025-01-09T08:52:02+00:00\",\"description\":\"Heitmann Felle multifunktsionaalne soojakott, Black, Ehtsast lambanahast soojakott, mida saab kasutada ka istmepehmendusena v&otilde;i alusmatina. &lt;br\",\"breadcrumb\":{\"@id\":\"https:\/\/beebipood.ee\/ru\/produkt\/heitmann-felle-multifunktsionaalne-soojakott-black\/#breadcrumb\"},\"inLanguage\":\"ru-RU\",\"potentialAction\":[{\"@type\":\"ReadAction\",\"target\":[\"https:\/\/beebipood.ee\/ru\/produkt\/heitmann-felle-multifunktsionaalne-soojakott-black\/\"]}]},{\"@type\":\"ImageObject\",\"inLanguage\":\"ru-RU\",\"@id\":\"https:\/\/beebipood.ee\/ru\/produkt\/heitmann-felle-multifunktsionaalne-soojakott-black\/#primaryimage\",\"url\":\"https:\/\/beebipood.ee\/wp-content\/uploads\/2013\/09\/Heitmann-Felle-multifunktsionaalne-soojakott-Black-UUED-TOOTED-Lastevankrid-ja-karud-Lisavarustus-Soojakotid_1-407.jpg\",\"contentUrl\":\"https:\/\/beebipood.ee\/wp-content\/uploads\/2013\/09\/Heitmann-Felle-multifunktsionaalne-soojakott-Black-UUED-TOOTED-Lastevankrid-ja-karud-Lisavarustus-Soojakotid_1-407.jpg\",\"width\":700,\"height\":700},{\"@type\":\"BreadcrumbList\",\"@id\":\"https:\/\/beebipood.ee\/ru\/produkt\/heitmann-felle-multifunktsionaalne-soojakott-black\/#breadcrumb\",\"itemListElement\":[{\"@type\":\"ListItem\",\"position\":1,\"name\":\"Home\",\"item\":\"https:\/\/beebipood.ee\/ru\/\"},{\"@type\":\"ListItem\",\"position\":2,\"name\":\"\u041a\u0430\u0442\u0430\u043b\u043e\u0433 \u0442\u043e\u0432\u0430\u0440\u043e\u0432\",\"item\":\"https:\/\/beebipood.ee\/tooted\/\"},{\"@type\":\"ListItem\",\"position\":3,\"name\":\"Heitmann Felle multifunktsionaalne soojakott, Black\"}]},{\"@type\":\"WebSite\",\"@id\":\"https:\/\/beebipood.ee\/ru\/#website\",\"url\":\"https:\/\/beebipood.ee\/ru\/\",\"name\":\"Beebipood\",\"description\":\"Lastekaubad, beebikaubad, m\u00e4nguasjad\",\"publisher\":{\"@id\":\"https:\/\/beebipood.ee\/ru\/#organization\"},\"potentialAction\":[{\"@type\":\"SearchAction\",\"target\":{\"@type\":\"EntryPoint\",\"urlTemplate\":\"https:\/\/beebipood.ee\/ru\/?s={search_term_string}\"},\"query-input\":{\"@type\":\"PropertyValueSpecification\",\"valueRequired\":true,\"valueName\":\"search_term_string\"}}],\"inLanguage\":\"ru-RU\"},{\"@type\":\"Organization\",\"@id\":\"https:\/\/beebipood.ee\/ru\/#organization\",\"name\":\"Beebipood\",\"url\":\"https:\/\/beebipood.ee\/ru\/\",\"logo\":{\"@type\":\"ImageObject\",\"inLanguage\":\"ru-RU\",\"@id\":\"https:\/\/beebipood.ee\/ru\/#\/schema\/logo\/image\/\",\"url\":\"https:\/\/beebipood.ee\/wp-content\/uploads\/2025\/03\/beebipood.ee-logo-1.svg\",\"contentUrl\":\"https:\/\/beebipood.ee\/wp-content\/uploads\/2025\/03\/beebipood.ee-logo-1.svg\",\"caption\":\"Beebipood\"},\"image\":{\"@id\":\"https:\/\/beebipood.ee\/ru\/#\/schema\/logo\/image\/\"}}]}<\/script>\n<!-- \/ Yoast SEO plugin. -->","yoast_head_json":{"title":"Heitmann Felle multifunktsionaalne soojakott, Black, \u041d\u041e\u0412\u042b\u0415 \u0422\u041e\u0412\u0410\u0420\u042b, \u041a\u043e\u043b\u044f\u0441\u043a\u0438, \u041f\u0440\u0438\u043d\u0430\u0434\u043b\u0435\u0436\u043d\u043e\u0441\u0442\u0438, Soojakotid, Beebipood","description":"Heitmann Felle multifunktsionaalne soojakott, Black, Ehtsast lambanahast soojakott, mida saab kasutada ka istmepehmendusena v&otilde;i alusmatina. &lt;br","robots":{"index":"index","follow":"follow","max-snippet":"max-snippet:-1","max-image-preview":"max-image-preview:large","max-video-preview":"max-video-preview:-1"},"canonical":"https:\/\/beebipood.ee\/ru\/produkt\/heitmann-felle-multifunktsionaalne-soojakott-black\/","og_locale":"ru_RU","og_type":"article","og_title":"Heitmann Felle multifunktsionaalne soojakott, Black, \u041d\u041e\u0412\u042b\u0415 \u0422\u041e\u0412\u0410\u0420\u042b, \u041a\u043e\u043b\u044f\u0441\u043a\u0438, \u041f\u0440\u0438\u043d\u0430\u0434\u043b\u0435\u0436\u043d\u043e\u0441\u0442\u0438, Soojakotid, Beebipood","og_description":"Heitmann Felle multifunktsionaalne soojakott, Black, Ehtsast lambanahast soojakott, mida saab kasutada ka istmepehmendusena v&otilde;i alusmatina. &lt;br","og_url":"https:\/\/beebipood.ee\/ru\/produkt\/heitmann-felle-multifunktsionaalne-soojakott-black\/","og_site_name":"Beebipood","article_modified_time":"2025-01-09T08:52:02+00:00","og_image":[{"width":700,"height":700,"url":"https:\/\/beebipood.ee\/wp-content\/uploads\/2013\/09\/Heitmann-Felle-multifunktsionaalne-soojakott-Black-UUED-TOOTED-Lastevankrid-ja-karud-Lisavarustus-Soojakotid_1-407.jpg","type":"image\/jpeg"}],"twitter_card":"summary_large_image","schema":{"@context":"https:\/\/schema.org","@graph":[{"@type":"WebPage","@id":"https:\/\/beebipood.ee\/ru\/produkt\/heitmann-felle-multifunktsionaalne-soojakott-black\/","url":"https:\/\/beebipood.ee\/ru\/produkt\/heitmann-felle-multifunktsionaalne-soojakott-black\/","name":"Heitmann Felle multifunktsionaalne soojakott, Black, \u041d\u041e\u0412\u042b\u0415 \u0422\u041e\u0412\u0410\u0420\u042b, \u041a\u043e\u043b\u044f\u0441\u043a\u0438, \u041f\u0440\u0438\u043d\u0430\u0434\u043b\u0435\u0436\u043d\u043e\u0441\u0442\u0438, Soojakotid, Beebipood","isPartOf":{"@id":"https:\/\/beebipood.ee\/ru\/#website"},"primaryImageOfPage":{"@id":"https:\/\/beebipood.ee\/ru\/produkt\/heitmann-felle-multifunktsionaalne-soojakott-black\/#primaryimage"},"image":{"@id":"https:\/\/beebipood.ee\/ru\/produkt\/heitmann-felle-multifunktsionaalne-soojakott-black\/#primaryimage"},"thumbnailUrl":"https:\/\/beebipood.ee\/wp-content\/uploads\/2013\/09\/Heitmann-Felle-multifunktsionaalne-soojakott-Black-UUED-TOOTED-Lastevankrid-ja-karud-Lisavarustus-Soojakotid_1-407.jpg","datePublished":"2013-09-02T10:56:08+00:00","dateModified":"2025-01-09T08:52:02+00:00","description":"Heitmann Felle multifunktsionaalne soojakott, Black, Ehtsast lambanahast soojakott, mida saab kasutada ka istmepehmendusena v&otilde;i alusmatina. &lt;br","breadcrumb":{"@id":"https:\/\/beebipood.ee\/ru\/produkt\/heitmann-felle-multifunktsionaalne-soojakott-black\/#breadcrumb"},"inLanguage":"ru-RU","potentialAction":[{"@type":"ReadAction","target":["https:\/\/beebipood.ee\/ru\/produkt\/heitmann-felle-multifunktsionaalne-soojakott-black\/"]}]},{"@type":"ImageObject","inLanguage":"ru-RU","@id":"https:\/\/beebipood.ee\/ru\/produkt\/heitmann-felle-multifunktsionaalne-soojakott-black\/#primaryimage","url":"https:\/\/beebipood.ee\/wp-content\/uploads\/2013\/09\/Heitmann-Felle-multifunktsionaalne-soojakott-Black-UUED-TOOTED-Lastevankrid-ja-karud-Lisavarustus-Soojakotid_1-407.jpg","contentUrl":"https:\/\/beebipood.ee\/wp-content\/uploads\/2013\/09\/Heitmann-Felle-multifunktsionaalne-soojakott-Black-UUED-TOOTED-Lastevankrid-ja-karud-Lisavarustus-Soojakotid_1-407.jpg","width":700,"height":700},{"@type":"BreadcrumbList","@id":"https:\/\/beebipood.ee\/ru\/produkt\/heitmann-felle-multifunktsionaalne-soojakott-black\/#breadcrumb","itemListElement":[{"@type":"ListItem","position":1,"name":"Home","item":"https:\/\/beebipood.ee\/ru\/"},{"@type":"ListItem","position":2,"name":"\u041a\u0430\u0442\u0430\u043b\u043e\u0433 \u0442\u043e\u0432\u0430\u0440\u043e\u0432","item":"https:\/\/beebipood.ee\/tooted\/"},{"@type":"ListItem","position":3,"name":"Heitmann Felle multifunktsionaalne soojakott, Black"}]},{"@type":"WebSite","@id":"https:\/\/beebipood.ee\/ru\/#website","url":"https:\/\/beebipood.ee\/ru\/","name":"Beebipood","description":"Lastekaubad, beebikaubad, m\u00e4nguasjad","publisher":{"@id":"https:\/\/beebipood.ee\/ru\/#organization"},"potentialAction":[{"@type":"SearchAction","target":{"@type":"EntryPoint","urlTemplate":"https:\/\/beebipood.ee\/ru\/?s={search_term_string}"},"query-input":{"@type":"PropertyValueSpecification","valueRequired":true,"valueName":"search_term_string"}}],"inLanguage":"ru-RU"},{"@type":"Organization","@id":"https:\/\/beebipood.ee\/ru\/#organization","name":"Beebipood","url":"https:\/\/beebipood.ee\/ru\/","logo":{"@type":"ImageObject","inLanguage":"ru-RU","@id":"https:\/\/beebipood.ee\/ru\/#\/schema\/logo\/image\/","url":"https:\/\/beebipood.ee\/wp-content\/uploads\/2025\/03\/beebipood.ee-logo-1.svg","contentUrl":"https:\/\/beebipood.ee\/wp-content\/uploads\/2025\/03\/beebipood.ee-logo-1.svg","caption":"Beebipood"},"image":{"@id":"https:\/\/beebipood.ee\/ru\/#\/schema\/logo\/image\/"}}]}},"brands":[{"id":11974,"name":"Heitmann Felle","slug":"heitmann-felle-ru"}],"_links":{"self":[{"href":"https:\/\/beebipood.ee\/ru\/wp-json\/wp\/v2\/product\/454842","targetHints":{"allow":["GET"]}}],"collection":[{"href":"https:\/\/beebipood.ee\/ru\/wp-json\/wp\/v2\/product"}],"about":[{"href":"https:\/\/beebipood.ee\/ru\/wp-json\/wp\/v2\/types\/product"}],"wp:featuredmedia":[{"embeddable":true,"href":"https:\/\/beebipood.ee\/ru\/wp-json\/wp\/v2\/media\/101789"}],"wp:attachment":[{"href":"https:\/\/beebipood.ee\/ru\/wp-json\/wp\/v2\/media?parent=454842"}],"wp:term":[{"taxonomy":"pwb-brand","embeddable":true,"href":"https:\/\/beebipood.ee\/ru\/wp-json\/wp\/v2\/pwb-brand?post=454842"},{"taxonomy":"product_brand","embeddable":true,"href":"https:\/\/beebipood.ee\/ru\/wp-json\/wp\/v2\/product_brand?post=454842"},{"taxonomy":"product_cat","embeddable":true,"href":"https:\/\/beebipood.ee\/ru\/wp-json\/wp\/v2\/product_cat?post=454842"},{"taxonomy":"product_tag","embeddable":true,"href":"https:\/\/beebipood.ee\/ru\/wp-json\/wp\/v2\/product_tag?post=454842"}],"curies":[{"name":"wp","href":"https:\/\/api.w.org\/{rel}","templated":true}]}}