{"id":454856,"date":"2013-10-22T17:13:09","date_gmt":"2013-10-22T14:13:09","guid":{"rendered":"https:\/\/beebipood.ee\/toode\/mahkimismatt-safari-team-pehme-pohi\/"},"modified":"2025-12-08T11:27:50","modified_gmt":"2025-12-08T09:27:50","slug":"yappy-nordgrey-mahkimismatt-72x80cm","status":"publish","type":"product","link":"https:\/\/beebipood.ee\/ru\/produkt\/yappy-nordgrey-mahkimismatt-72x80cm\/","title":{"rendered":"Yappy NordGrey m\u00e4hkimismatt 72x80cm"},"content":{"rendered":"<h2 data-start=\"87\" data-end=\"132\">M\u00e4hkimismatt <strong data-start=\"111\" data-end=\"132\">YappyNord Grey 72x80cm<\/strong><\/h2>\n<p data-start=\"134\" data-end=\"353\">Muuda m\u00e4hkimishetked mugavaks ja turvaliseks!<br data-start=\"179\" data-end=\"182\" \/>YappyNord Grey II m\u00e4hkimismatt on loodud suurema m\u00e4hkimisalaga kummutile nagu <strong data-start=\"237\" data-end=\"254\">YappyEtude II<\/strong>, pakkudes beebile pehmet ja \u00f5rna toestust ning vanemale mugavat hooldustoimingute pinda.<\/p>\n<h3 data-start=\"397\" data-end=\"432\">\u2728 Miks vanemad seda armastavad?<\/h3>\n<ul data-start=\"433\" data-end=\"794\">\n<li data-start=\"433\" data-end=\"536\">\n<p data-start=\"435\" data-end=\"536\"><strong data-start=\"435\" data-end=\"461\">Lapsele m\u00f5nusalt pehme<\/strong> \u2013 matt on kaetud 100% puuvillase kangaga, mis on beebi nahale eriti \u00f5rn.<\/p>\n<\/li>\n<li data-start=\"537\" data-end=\"645\">\n<p data-start=\"539\" data-end=\"645\"><strong data-start=\"539\" data-end=\"573\">Turvaline ja mugav hoolduskoht<\/strong> \u2013 sobib t\u00e4pselt YappyEtude II kummutile, p\u00fcsides kindlalt omal kohal.<\/p>\n<\/li>\n<li data-start=\"646\" data-end=\"794\">\n<p data-start=\"648\" data-end=\"794\"><strong data-start=\"648\" data-end=\"671\">Praktiline ja puhas<\/strong> \u2013 komplektis on <strong data-start=\"688\" data-end=\"713\">kaks veekindlat katet<\/strong>, mis kinnituvad madratsi k\u00fclge ning kaitsevad seda igap\u00e4evase kasutuse k\u00e4igus.<\/p>\n<\/li>\n<\/ul>\n<h3 data-start=\"796\" data-end=\"809\">\ud83d\udccf Suurus<\/h3>\n<p data-start=\"810\" data-end=\"889\"><strong data-start=\"810\" data-end=\"824\">72 \u00d7 80 cm<\/strong> \u2013 ideaalne mahutavus ja piisav ruum beebi mugavaks hooldamiseks.<\/p>\n<h3 data-start=\"891\" data-end=\"908\">\ud83e\uddf5 Materjalid<\/h3>\n<ul data-start=\"909\" data-end=\"968\">\n<li data-start=\"909\" data-end=\"937\">\n<p data-start=\"911\" data-end=\"937\"><strong data-start=\"911\" data-end=\"922\">Kangas:<\/strong> 100% puuvill<\/p>\n<\/li>\n<li data-start=\"938\" data-end=\"968\">\n<p data-start=\"940\" data-end=\"968\"><strong data-start=\"940\" data-end=\"951\">T\u00e4idis:<\/strong> 100% pol\u00fcester<\/p>\n<\/li>\n<\/ul>\n<h3 data-start=\"970\" data-end=\"991\">\ud83e\uddfa Hooldusjuhised<\/h3>\n<ul data-start=\"992\" data-end=\"1135\">\n<li data-start=\"992\" data-end=\"1021\">\n<p data-start=\"994\" data-end=\"1021\">\u2714 Pesta k\u00e4sitsi kuni 30\u00b0C<\/p>\n<\/li>\n<li data-start=\"1022\" data-end=\"1055\">\n<p data-start=\"1024\" data-end=\"1055\">\u2714 Triikida keskmisel kuumusel<\/p>\n<\/li>\n<li data-start=\"1056\" data-end=\"1078\">\n<p data-start=\"1058\" data-end=\"1078\">\u2714 Kuivatada rippes<\/p>\n<\/li>\n<li data-start=\"1079\" data-end=\"1101\">\n<p data-start=\"1081\" data-end=\"1101\">\u274c Mitte valgendada<\/p>\n<\/li>\n<li data-start=\"1102\" data-end=\"1135\">\n<p data-start=\"1104\" data-end=\"1135\">\u274c Mitte keemiliselt puhastada<\/p>\n<\/li>\n<\/ul>\n","protected":false},"excerpt":{"rendered":"<p>M\u00e4hkimismatt YappyNord Grey 72x80cm Muuda m\u00e4hkimishetked mugavaks ja turvaliseks!YappyNord Grey II m\u00e4hkimismatt on loodud suurema m\u00e4hkimisalaga kummutile nagu YappyEtude II, pakkudes beebile pehmet ja \u00f5rna toestust ning vanemale mugavat hooldustoimingute pinda. \u2728 Miks vanemad seda armastavad? Lapsele m\u00f5nusalt pehme \u2013 matt on kaetud 100% puuvillase kangaga, mis on beebi nahale eriti \u00f5rn. Turvaline ja mugav [&hellip;]<\/p>\n","protected":false},"featured_media":509526,"template":"","meta":{"_acf_changed":false},"pwb-brand":[11969],"product_brand":[],"product_cat":[11713,11709],"product_tag":[],"class_list":{"0":"post-454856","1":"product","2":"type-product","3":"status-publish","4":"has-post-thumbnail","6":"pwb-brand-yappykids-ru","7":"product_cat-mahkimismatid-ru","8":"product_cat-sootmistoolid-beebi-ja-lastetarbed-mahkimine-hugieen-ru","9":"pa_manufacturer-klups-ru","11":"first","12":"onbackorder","13":"taxable","14":"shipping-taxable","15":"purchasable","16":"product-type-simple"},"exclude_global_add_ons":[],"addons":[],"acf":[],"yoast_head":"<!-- This site is optimized with the Yoast SEO plugin v27.1.1 - https:\/\/yoast.com\/product\/yoast-seo-wordpress\/ -->\n<title>M\u00e4hkimismatt Safari Team (pehme p\u00f5hi), \u041d\u041e\u0412\u042b\u0415 \u0422\u041e\u0412\u0410\u0420\u042b, \u041f\u0440\u0438\u043d\u0430\u0434\u043b\u0435\u0436\u043d\u043e\u0441\u0442\u0438 \u0434\u043b\u044f \u043c\u043b\u0430\u0434\u0435\u043d\u0446\u0435\u0432, \u041c\u0430\u0442\u044b \u0434\u043b\u044f \u043f\u0435\u043b\u0435\u043d\u0430\u043d\u0438\u044f, Beebipood<\/title>\n<meta name=\"description\" content=\"M\u00e4hkimismatt Safari Team (pehme p\u00f5hi), * peale joonistatud m\u00f5\u00f5dupuu * kvaliteetne ja kergesti puhastatav materjal* k\u00fcljed on\" \/>\n<meta name=\"robots\" content=\"index, follow, max-snippet:-1, max-image-preview:large, max-video-preview:-1\" \/>\n<link rel=\"canonical\" href=\"https:\/\/beebipood.ee\/ru\/produkt\/yappy-nordgrey-mahkimismatt-72x80cm\/\" \/>\n<meta property=\"og:locale\" content=\"ru_RU\" \/>\n<meta property=\"og:type\" content=\"article\" \/>\n<meta property=\"og:title\" content=\"M\u00e4hkimismatt Safari Team (pehme p\u00f5hi), \u041d\u041e\u0412\u042b\u0415 \u0422\u041e\u0412\u0410\u0420\u042b, \u041f\u0440\u0438\u043d\u0430\u0434\u043b\u0435\u0436\u043d\u043e\u0441\u0442\u0438 \u0434\u043b\u044f \u043c\u043b\u0430\u0434\u0435\u043d\u0446\u0435\u0432, \u041c\u0430\u0442\u044b \u0434\u043b\u044f \u043f\u0435\u043b\u0435\u043d\u0430\u043d\u0438\u044f, Beebipood\" \/>\n<meta property=\"og:description\" content=\"M\u00e4hkimismatt Safari Team (pehme p\u00f5hi), * peale joonistatud m\u00f5\u00f5dupuu * kvaliteetne ja kergesti puhastatav materjal* k\u00fcljed on\" \/>\n<meta property=\"og:url\" content=\"https:\/\/beebipood.ee\/ru\/produkt\/yappy-nordgrey-mahkimismatt-72x80cm\/\" \/>\n<meta property=\"og:site_name\" content=\"Beebipood\" \/>\n<meta property=\"article:modified_time\" content=\"2025-12-08T09:27:50+00:00\" \/>\n<meta property=\"og:image\" content=\"https:\/\/beebipood.ee\/wp-content\/uploads\/2013\/10\/332_0001.webp\" \/>\n\t<meta property=\"og:image:width\" content=\"1200\" \/>\n\t<meta property=\"og:image:height\" content=\"752\" \/>\n\t<meta property=\"og:image:type\" content=\"image\/webp\" \/>\n<meta name=\"twitter:card\" content=\"summary_large_image\" \/>\n<meta name=\"twitter:label1\" content=\"\u041f\u0440\u0438\u043c\u0435\u0440\u043d\u043e\u0435 \u0432\u0440\u0435\u043c\u044f \u0434\u043b\u044f \u0447\u0442\u0435\u043d\u0438\u044f\" \/>\n\t<meta name=\"twitter:data1\" content=\"1 \u043c\u0438\u043d\u0443\u0442\u0430\" \/>\n<script type=\"application\/ld+json\" class=\"yoast-schema-graph\">{\"@context\":\"https:\/\/schema.org\",\"@graph\":[{\"@type\":\"WebPage\",\"@id\":\"https:\/\/beebipood.ee\/ru\/produkt\/yappy-nordgrey-mahkimismatt-72x80cm\/\",\"url\":\"https:\/\/beebipood.ee\/ru\/produkt\/yappy-nordgrey-mahkimismatt-72x80cm\/\",\"name\":\"M\u00e4hkimismatt Safari Team (pehme p\u00f5hi), \u041d\u041e\u0412\u042b\u0415 \u0422\u041e\u0412\u0410\u0420\u042b, \u041f\u0440\u0438\u043d\u0430\u0434\u043b\u0435\u0436\u043d\u043e\u0441\u0442\u0438 \u0434\u043b\u044f \u043c\u043b\u0430\u0434\u0435\u043d\u0446\u0435\u0432, \u041c\u0430\u0442\u044b \u0434\u043b\u044f \u043f\u0435\u043b\u0435\u043d\u0430\u043d\u0438\u044f, Beebipood\",\"isPartOf\":{\"@id\":\"https:\/\/beebipood.ee\/ru\/#website\"},\"primaryImageOfPage\":{\"@id\":\"https:\/\/beebipood.ee\/ru\/produkt\/yappy-nordgrey-mahkimismatt-72x80cm\/#primaryimage\"},\"image\":{\"@id\":\"https:\/\/beebipood.ee\/ru\/produkt\/yappy-nordgrey-mahkimismatt-72x80cm\/#primaryimage\"},\"thumbnailUrl\":\"https:\/\/beebipood.ee\/wp-content\/uploads\/2013\/10\/332_0001.webp\",\"datePublished\":\"2013-10-22T14:13:09+00:00\",\"dateModified\":\"2025-12-08T09:27:50+00:00\",\"description\":\"M\u00e4hkimismatt Safari Team (pehme p\u00f5hi), * peale joonistatud m\u00f5\u00f5dupuu * kvaliteetne ja kergesti puhastatav materjal* k\u00fcljed on\",\"breadcrumb\":{\"@id\":\"https:\/\/beebipood.ee\/ru\/produkt\/yappy-nordgrey-mahkimismatt-72x80cm\/#breadcrumb\"},\"inLanguage\":\"ru-RU\",\"potentialAction\":[{\"@type\":\"ReadAction\",\"target\":[\"https:\/\/beebipood.ee\/ru\/produkt\/yappy-nordgrey-mahkimismatt-72x80cm\/\"]}]},{\"@type\":\"ImageObject\",\"inLanguage\":\"ru-RU\",\"@id\":\"https:\/\/beebipood.ee\/ru\/produkt\/yappy-nordgrey-mahkimismatt-72x80cm\/#primaryimage\",\"url\":\"https:\/\/beebipood.ee\/wp-content\/uploads\/2013\/10\/332_0001.webp\",\"contentUrl\":\"https:\/\/beebipood.ee\/wp-content\/uploads\/2013\/10\/332_0001.webp\",\"width\":1200,\"height\":752},{\"@type\":\"BreadcrumbList\",\"@id\":\"https:\/\/beebipood.ee\/ru\/produkt\/yappy-nordgrey-mahkimismatt-72x80cm\/#breadcrumb\",\"itemListElement\":[{\"@type\":\"ListItem\",\"position\":1,\"name\":\"Home\",\"item\":\"https:\/\/beebipood.ee\/ru\/\"},{\"@type\":\"ListItem\",\"position\":2,\"name\":\"\u041a\u0430\u0442\u0430\u043b\u043e\u0433 \u0442\u043e\u0432\u0430\u0440\u043e\u0432\",\"item\":\"https:\/\/beebipood.ee\/tooted\/\"},{\"@type\":\"ListItem\",\"position\":3,\"name\":\"Yappy NordGrey m\u00e4hkimismatt 72x80cm\"}]},{\"@type\":\"WebSite\",\"@id\":\"https:\/\/beebipood.ee\/ru\/#website\",\"url\":\"https:\/\/beebipood.ee\/ru\/\",\"name\":\"Beebipood\",\"description\":\"Lastekaubad, beebikaubad, m\u00e4nguasjad\",\"publisher\":{\"@id\":\"https:\/\/beebipood.ee\/ru\/#organization\"},\"potentialAction\":[{\"@type\":\"SearchAction\",\"target\":{\"@type\":\"EntryPoint\",\"urlTemplate\":\"https:\/\/beebipood.ee\/ru\/?s={search_term_string}\"},\"query-input\":{\"@type\":\"PropertyValueSpecification\",\"valueRequired\":true,\"valueName\":\"search_term_string\"}}],\"inLanguage\":\"ru-RU\"},{\"@type\":\"Organization\",\"@id\":\"https:\/\/beebipood.ee\/ru\/#organization\",\"name\":\"Beebipood\",\"url\":\"https:\/\/beebipood.ee\/ru\/\",\"logo\":{\"@type\":\"ImageObject\",\"inLanguage\":\"ru-RU\",\"@id\":\"https:\/\/beebipood.ee\/ru\/#\/schema\/logo\/image\/\",\"url\":\"https:\/\/beebipood.ee\/wp-content\/uploads\/2025\/03\/beebipood.ee-logo-1.svg\",\"contentUrl\":\"https:\/\/beebipood.ee\/wp-content\/uploads\/2025\/03\/beebipood.ee-logo-1.svg\",\"caption\":\"Beebipood\"},\"image\":{\"@id\":\"https:\/\/beebipood.ee\/ru\/#\/schema\/logo\/image\/\"}}]}<\/script>\n<!-- \/ Yoast SEO plugin. -->","yoast_head_json":{"title":"M\u00e4hkimismatt Safari Team (pehme p\u00f5hi), \u041d\u041e\u0412\u042b\u0415 \u0422\u041e\u0412\u0410\u0420\u042b, \u041f\u0440\u0438\u043d\u0430\u0434\u043b\u0435\u0436\u043d\u043e\u0441\u0442\u0438 \u0434\u043b\u044f \u043c\u043b\u0430\u0434\u0435\u043d\u0446\u0435\u0432, \u041c\u0430\u0442\u044b \u0434\u043b\u044f \u043f\u0435\u043b\u0435\u043d\u0430\u043d\u0438\u044f, Beebipood","description":"M\u00e4hkimismatt Safari Team (pehme p\u00f5hi), * peale joonistatud m\u00f5\u00f5dupuu * kvaliteetne ja kergesti puhastatav materjal* k\u00fcljed on","robots":{"index":"index","follow":"follow","max-snippet":"max-snippet:-1","max-image-preview":"max-image-preview:large","max-video-preview":"max-video-preview:-1"},"canonical":"https:\/\/beebipood.ee\/ru\/produkt\/yappy-nordgrey-mahkimismatt-72x80cm\/","og_locale":"ru_RU","og_type":"article","og_title":"M\u00e4hkimismatt Safari Team (pehme p\u00f5hi), \u041d\u041e\u0412\u042b\u0415 \u0422\u041e\u0412\u0410\u0420\u042b, \u041f\u0440\u0438\u043d\u0430\u0434\u043b\u0435\u0436\u043d\u043e\u0441\u0442\u0438 \u0434\u043b\u044f \u043c\u043b\u0430\u0434\u0435\u043d\u0446\u0435\u0432, \u041c\u0430\u0442\u044b \u0434\u043b\u044f \u043f\u0435\u043b\u0435\u043d\u0430\u043d\u0438\u044f, Beebipood","og_description":"M\u00e4hkimismatt Safari Team (pehme p\u00f5hi), * peale joonistatud m\u00f5\u00f5dupuu * kvaliteetne ja kergesti puhastatav materjal* k\u00fcljed on","og_url":"https:\/\/beebipood.ee\/ru\/produkt\/yappy-nordgrey-mahkimismatt-72x80cm\/","og_site_name":"Beebipood","article_modified_time":"2025-12-08T09:27:50+00:00","og_image":[{"width":1200,"height":752,"url":"https:\/\/beebipood.ee\/wp-content\/uploads\/2013\/10\/332_0001.webp","type":"image\/webp"}],"twitter_card":"summary_large_image","twitter_misc":{"\u041f\u0440\u0438\u043c\u0435\u0440\u043d\u043e\u0435 \u0432\u0440\u0435\u043c\u044f \u0434\u043b\u044f \u0447\u0442\u0435\u043d\u0438\u044f":"1 \u043c\u0438\u043d\u0443\u0442\u0430"},"schema":{"@context":"https:\/\/schema.org","@graph":[{"@type":"WebPage","@id":"https:\/\/beebipood.ee\/ru\/produkt\/yappy-nordgrey-mahkimismatt-72x80cm\/","url":"https:\/\/beebipood.ee\/ru\/produkt\/yappy-nordgrey-mahkimismatt-72x80cm\/","name":"M\u00e4hkimismatt Safari Team (pehme p\u00f5hi), \u041d\u041e\u0412\u042b\u0415 \u0422\u041e\u0412\u0410\u0420\u042b, \u041f\u0440\u0438\u043d\u0430\u0434\u043b\u0435\u0436\u043d\u043e\u0441\u0442\u0438 \u0434\u043b\u044f \u043c\u043b\u0430\u0434\u0435\u043d\u0446\u0435\u0432, \u041c\u0430\u0442\u044b \u0434\u043b\u044f \u043f\u0435\u043b\u0435\u043d\u0430\u043d\u0438\u044f, Beebipood","isPartOf":{"@id":"https:\/\/beebipood.ee\/ru\/#website"},"primaryImageOfPage":{"@id":"https:\/\/beebipood.ee\/ru\/produkt\/yappy-nordgrey-mahkimismatt-72x80cm\/#primaryimage"},"image":{"@id":"https:\/\/beebipood.ee\/ru\/produkt\/yappy-nordgrey-mahkimismatt-72x80cm\/#primaryimage"},"thumbnailUrl":"https:\/\/beebipood.ee\/wp-content\/uploads\/2013\/10\/332_0001.webp","datePublished":"2013-10-22T14:13:09+00:00","dateModified":"2025-12-08T09:27:50+00:00","description":"M\u00e4hkimismatt Safari Team (pehme p\u00f5hi), * peale joonistatud m\u00f5\u00f5dupuu * kvaliteetne ja kergesti puhastatav materjal* k\u00fcljed on","breadcrumb":{"@id":"https:\/\/beebipood.ee\/ru\/produkt\/yappy-nordgrey-mahkimismatt-72x80cm\/#breadcrumb"},"inLanguage":"ru-RU","potentialAction":[{"@type":"ReadAction","target":["https:\/\/beebipood.ee\/ru\/produkt\/yappy-nordgrey-mahkimismatt-72x80cm\/"]}]},{"@type":"ImageObject","inLanguage":"ru-RU","@id":"https:\/\/beebipood.ee\/ru\/produkt\/yappy-nordgrey-mahkimismatt-72x80cm\/#primaryimage","url":"https:\/\/beebipood.ee\/wp-content\/uploads\/2013\/10\/332_0001.webp","contentUrl":"https:\/\/beebipood.ee\/wp-content\/uploads\/2013\/10\/332_0001.webp","width":1200,"height":752},{"@type":"BreadcrumbList","@id":"https:\/\/beebipood.ee\/ru\/produkt\/yappy-nordgrey-mahkimismatt-72x80cm\/#breadcrumb","itemListElement":[{"@type":"ListItem","position":1,"name":"Home","item":"https:\/\/beebipood.ee\/ru\/"},{"@type":"ListItem","position":2,"name":"\u041a\u0430\u0442\u0430\u043b\u043e\u0433 \u0442\u043e\u0432\u0430\u0440\u043e\u0432","item":"https:\/\/beebipood.ee\/tooted\/"},{"@type":"ListItem","position":3,"name":"Yappy NordGrey m\u00e4hkimismatt 72x80cm"}]},{"@type":"WebSite","@id":"https:\/\/beebipood.ee\/ru\/#website","url":"https:\/\/beebipood.ee\/ru\/","name":"Beebipood","description":"Lastekaubad, beebikaubad, m\u00e4nguasjad","publisher":{"@id":"https:\/\/beebipood.ee\/ru\/#organization"},"potentialAction":[{"@type":"SearchAction","target":{"@type":"EntryPoint","urlTemplate":"https:\/\/beebipood.ee\/ru\/?s={search_term_string}"},"query-input":{"@type":"PropertyValueSpecification","valueRequired":true,"valueName":"search_term_string"}}],"inLanguage":"ru-RU"},{"@type":"Organization","@id":"https:\/\/beebipood.ee\/ru\/#organization","name":"Beebipood","url":"https:\/\/beebipood.ee\/ru\/","logo":{"@type":"ImageObject","inLanguage":"ru-RU","@id":"https:\/\/beebipood.ee\/ru\/#\/schema\/logo\/image\/","url":"https:\/\/beebipood.ee\/wp-content\/uploads\/2025\/03\/beebipood.ee-logo-1.svg","contentUrl":"https:\/\/beebipood.ee\/wp-content\/uploads\/2025\/03\/beebipood.ee-logo-1.svg","caption":"Beebipood"},"image":{"@id":"https:\/\/beebipood.ee\/ru\/#\/schema\/logo\/image\/"}}]}},"brands":[{"id":11969,"name":"YappyKids","slug":"yappykids-ru"}],"_links":{"self":[{"href":"https:\/\/beebipood.ee\/ru\/wp-json\/wp\/v2\/product\/454856","targetHints":{"allow":["GET"]}}],"collection":[{"href":"https:\/\/beebipood.ee\/ru\/wp-json\/wp\/v2\/product"}],"about":[{"href":"https:\/\/beebipood.ee\/ru\/wp-json\/wp\/v2\/types\/product"}],"wp:featuredmedia":[{"embeddable":true,"href":"https:\/\/beebipood.ee\/ru\/wp-json\/wp\/v2\/media\/509526"}],"wp:attachment":[{"href":"https:\/\/beebipood.ee\/ru\/wp-json\/wp\/v2\/media?parent=454856"}],"wp:term":[{"taxonomy":"pwb-brand","embeddable":true,"href":"https:\/\/beebipood.ee\/ru\/wp-json\/wp\/v2\/pwb-brand?post=454856"},{"taxonomy":"product_brand","embeddable":true,"href":"https:\/\/beebipood.ee\/ru\/wp-json\/wp\/v2\/product_brand?post=454856"},{"taxonomy":"product_cat","embeddable":true,"href":"https:\/\/beebipood.ee\/ru\/wp-json\/wp\/v2\/product_cat?post=454856"},{"taxonomy":"product_tag","embeddable":true,"href":"https:\/\/beebipood.ee\/ru\/wp-json\/wp\/v2\/product_tag?post=454856"}],"curies":[{"name":"wp","href":"https:\/\/api.w.org\/{rel}","templated":true}]}}