{"id":454860,"date":"2013-11-05T14:06:49","date_gmt":"2013-11-05T12:06:49","guid":{"rendered":"https:\/\/beebipood.ee\/toode\/safety-1st-voodi-turvapiire\/"},"modified":"2025-01-09T10:52:01","modified_gmt":"2025-01-09T08:52:01","slug":"safety-1st-voodi-turvapiire","status":"publish","type":"product","link":"https:\/\/beebipood.ee\/ru\/produkt\/safety-1st-voodi-turvapiire\/","title":{"rendered":"Safety 1st voodi turvapiire"},"content":{"rendered":"<p>Lihtsasti transporditav Safety 1st voodipiire v\u00f5imaldab lapsel ohutult oma voodis magada.<br \/>Sobib kasutamiseks lastele vanuses 18 kuud kuni 5 eluaastat (suurim lubatud kaal 22kg). <br \/>See voodipiire aitab v\u00e4ltida lapse kogemata voodist v\u00e4ljakukkumist. <br \/>Piire on lihtsasti allavolditav, et voodile p\u00e4evasel ajal ligi p\u00e4\u00e4seda.<br \/><span style=\"text-decoration: underline;\">Omadused<\/span><br \/>Aitab lastel p\u00fcsida turvaliselt oma voodis<br \/>Kompaktselt kokkupandav (m\u00f5\u00f5dud kokkupandult 71 x 7 x 42cm<br \/>Lihtsasti kasutatav ja paigaldatav<br \/>Voodipiire on allavolditav, et saaksid voodile lihtsamini ligi<br \/>Sobib enamus vooditele, mille pikkus on v\u00e4hemalt 156cm ja madratsipaksus 10-24cm<br \/><span style=\"text-decoration: underline;\">N\u00e4itajad<\/span><br \/>M\u00f5\u00f5dud: 101 x 42cm (pikkus, k\u00f5rgus)<br \/>M\u00f5\u00f5dud kokkupandult 71 x 42cm (pikkus, k\u00f5rgus)<br \/>Sobib kasutamiseks lastele vanuses 18 kuud kuni 5 eluaastat (kuni 22kg)<\/p>\n","protected":false},"excerpt":{"rendered":"<p>Lihtsasti transporditav Safety 1st voodipiire v\u00f5imaldab lapsel ohutult oma voodis magada.Sobib kasutamiseks lastele vanuses 18 kuud kuni 5 eluaastat (suurim lubatud kaal 22kg). See voodipiire aitab v\u00e4ltida lapse kogemata voodist v\u00e4ljakukkumist. Piire on lihtsasti allavolditav, et voodile p\u00e4evasel ajal ligi p\u00e4\u00e4seda.OmadusedAitab lastel p\u00fcsida turvaliselt oma voodisKompaktselt kokkupandav (m\u00f5\u00f5dud kokkupandult 71 x 7 x 42cmLihtsasti kasutatav [&hellip;]<\/p>\n","protected":false},"featured_media":101860,"template":"","meta":{"_acf_changed":false},"pwb-brand":[11978],"product_brand":[],"product_cat":[11703,11751,11791],"product_tag":[],"class_list":{"0":"post-454860","1":"product","2":"type-product","3":"status-publish","4":"has-post-thumbnail","6":"pwb-brand-safety-1st-ru","7":"product_cat-turvalisus-maneezid-turvavaravad-piirded-ru","8":"product_cat-piirded-ru","9":"product_cat-turvavarustus-ru","10":"pa_manufacturer-safety1st-ru","12":"first","13":"onbackorder","14":"taxable","15":"shipping-taxable","16":"purchasable","17":"product-type-simple"},"exclude_global_add_ons":[],"addons":[],"acf":[],"yoast_head":"<!-- This site is optimized with the Yoast SEO plugin v27.1.1 - https:\/\/yoast.com\/product\/yoast-seo-wordpress\/ -->\n<title>Safety 1st voodi turvapiire, \u041d\u041e\u0412\u042b\u0415 \u0422\u041e\u0412\u0410\u0420\u042b, \u0411\u0435\u0437\u043e\u043f\u0430\u0441\u043d\u043e\u0441\u0442\u044c, \u0432\u043e\u0440\u043e\u0442\u0430 \u0431\u0435\u0437\u043e\u043f\u0430\u0441\u043d\u043e\u0441\u0442\u0438,\u043c\u0430\u043d\u0435\u0436\u0438, \u041e\u0433\u0440\u0430\u0436\u0434\u0435\u043d\u0438\u044f, \u0421\u043d\u0430\u0440\u044f\u0436\u0435\u043d\u0438\u044f \u0431\u0435\u0437\u043e\u043f\u0430\u0441\u043d\u043e\u0441\u0442\u0438, Beebipood<\/title>\n<meta name=\"description\" content=\"Safety 1st voodi turvapiire, Lihtsasti transporditav Safety 1st voodipiire v&otilde;imaldab lapsel ohutult oma voodis magada.Sobib kasutamiseks lastele\" \/>\n<meta name=\"robots\" content=\"index, follow, max-snippet:-1, max-image-preview:large, max-video-preview:-1\" \/>\n<link rel=\"canonical\" href=\"https:\/\/beebipood.ee\/ru\/produkt\/safety-1st-voodi-turvapiire\/\" \/>\n<meta property=\"og:locale\" content=\"ru_RU\" \/>\n<meta property=\"og:type\" content=\"article\" \/>\n<meta property=\"og:title\" content=\"Safety 1st voodi turvapiire, \u041d\u041e\u0412\u042b\u0415 \u0422\u041e\u0412\u0410\u0420\u042b, \u0411\u0435\u0437\u043e\u043f\u0430\u0441\u043d\u043e\u0441\u0442\u044c, \u0432\u043e\u0440\u043e\u0442\u0430 \u0431\u0435\u0437\u043e\u043f\u0430\u0441\u043d\u043e\u0441\u0442\u0438,\u043c\u0430\u043d\u0435\u0436\u0438, \u041e\u0433\u0440\u0430\u0436\u0434\u0435\u043d\u0438\u044f, \u0421\u043d\u0430\u0440\u044f\u0436\u0435\u043d\u0438\u044f \u0431\u0435\u0437\u043e\u043f\u0430\u0441\u043d\u043e\u0441\u0442\u0438, Beebipood\" \/>\n<meta property=\"og:description\" content=\"Safety 1st voodi turvapiire, Lihtsasti transporditav Safety 1st voodipiire v&otilde;imaldab lapsel ohutult oma voodis magada.Sobib kasutamiseks lastele\" \/>\n<meta property=\"og:url\" content=\"https:\/\/beebipood.ee\/ru\/produkt\/safety-1st-voodi-turvapiire\/\" \/>\n<meta property=\"og:site_name\" content=\"Beebipood\" \/>\n<meta property=\"article:modified_time\" content=\"2025-01-09T08:52:01+00:00\" \/>\n<meta property=\"og:image\" content=\"https:\/\/beebipood.ee\/wp-content\/uploads\/2013\/11\/Safety-1st-voodi-turvapiire-UUED-TOOTED-Turvalisus-maneeid-turvavaravad-piirded-Piirded-Turvavarustus_3-71a.jpg\" \/>\n\t<meta property=\"og:image:width\" content=\"1536\" \/>\n\t<meta property=\"og:image:height\" content=\"1417\" \/>\n\t<meta property=\"og:image:type\" content=\"image\/jpeg\" \/>\n<meta name=\"twitter:card\" content=\"summary_large_image\" \/>\n<meta name=\"twitter:label1\" content=\"\u041f\u0440\u0438\u043c\u0435\u0440\u043d\u043e\u0435 \u0432\u0440\u0435\u043c\u044f \u0434\u043b\u044f \u0447\u0442\u0435\u043d\u0438\u044f\" \/>\n\t<meta name=\"twitter:data1\" content=\"1 \u043c\u0438\u043d\u0443\u0442\u0430\" \/>\n<script type=\"application\/ld+json\" class=\"yoast-schema-graph\">{\"@context\":\"https:\/\/schema.org\",\"@graph\":[{\"@type\":\"WebPage\",\"@id\":\"https:\/\/beebipood.ee\/ru\/produkt\/safety-1st-voodi-turvapiire\/\",\"url\":\"https:\/\/beebipood.ee\/ru\/produkt\/safety-1st-voodi-turvapiire\/\",\"name\":\"Safety 1st voodi turvapiire, \u041d\u041e\u0412\u042b\u0415 \u0422\u041e\u0412\u0410\u0420\u042b, \u0411\u0435\u0437\u043e\u043f\u0430\u0441\u043d\u043e\u0441\u0442\u044c, \u0432\u043e\u0440\u043e\u0442\u0430 \u0431\u0435\u0437\u043e\u043f\u0430\u0441\u043d\u043e\u0441\u0442\u0438,\u043c\u0430\u043d\u0435\u0436\u0438, \u041e\u0433\u0440\u0430\u0436\u0434\u0435\u043d\u0438\u044f, \u0421\u043d\u0430\u0440\u044f\u0436\u0435\u043d\u0438\u044f \u0431\u0435\u0437\u043e\u043f\u0430\u0441\u043d\u043e\u0441\u0442\u0438, Beebipood\",\"isPartOf\":{\"@id\":\"https:\/\/beebipood.ee\/ru\/#website\"},\"primaryImageOfPage\":{\"@id\":\"https:\/\/beebipood.ee\/ru\/produkt\/safety-1st-voodi-turvapiire\/#primaryimage\"},\"image\":{\"@id\":\"https:\/\/beebipood.ee\/ru\/produkt\/safety-1st-voodi-turvapiire\/#primaryimage\"},\"thumbnailUrl\":\"https:\/\/beebipood.ee\/wp-content\/uploads\/2013\/11\/Safety-1st-voodi-turvapiire-UUED-TOOTED-Turvalisus-maneeid-turvavaravad-piirded-Piirded-Turvavarustus_3-71a.jpg\",\"datePublished\":\"2013-11-05T12:06:49+00:00\",\"dateModified\":\"2025-01-09T08:52:01+00:00\",\"description\":\"Safety 1st voodi turvapiire, Lihtsasti transporditav Safety 1st voodipiire v&otilde;imaldab lapsel ohutult oma voodis magada.Sobib kasutamiseks lastele\",\"breadcrumb\":{\"@id\":\"https:\/\/beebipood.ee\/ru\/produkt\/safety-1st-voodi-turvapiire\/#breadcrumb\"},\"inLanguage\":\"ru-RU\",\"potentialAction\":[{\"@type\":\"ReadAction\",\"target\":[\"https:\/\/beebipood.ee\/ru\/produkt\/safety-1st-voodi-turvapiire\/\"]}]},{\"@type\":\"ImageObject\",\"inLanguage\":\"ru-RU\",\"@id\":\"https:\/\/beebipood.ee\/ru\/produkt\/safety-1st-voodi-turvapiire\/#primaryimage\",\"url\":\"https:\/\/beebipood.ee\/wp-content\/uploads\/2013\/11\/Safety-1st-voodi-turvapiire-UUED-TOOTED-Turvalisus-maneeid-turvavaravad-piirded-Piirded-Turvavarustus_3-71a.jpg\",\"contentUrl\":\"https:\/\/beebipood.ee\/wp-content\/uploads\/2013\/11\/Safety-1st-voodi-turvapiire-UUED-TOOTED-Turvalisus-maneeid-turvavaravad-piirded-Piirded-Turvavarustus_3-71a.jpg\",\"width\":1536,\"height\":1417},{\"@type\":\"BreadcrumbList\",\"@id\":\"https:\/\/beebipood.ee\/ru\/produkt\/safety-1st-voodi-turvapiire\/#breadcrumb\",\"itemListElement\":[{\"@type\":\"ListItem\",\"position\":1,\"name\":\"Home\",\"item\":\"https:\/\/beebipood.ee\/ru\/\"},{\"@type\":\"ListItem\",\"position\":2,\"name\":\"\u041a\u0430\u0442\u0430\u043b\u043e\u0433 \u0442\u043e\u0432\u0430\u0440\u043e\u0432\",\"item\":\"https:\/\/beebipood.ee\/tooted\/\"},{\"@type\":\"ListItem\",\"position\":3,\"name\":\"Safety 1st voodi turvapiire\"}]},{\"@type\":\"WebSite\",\"@id\":\"https:\/\/beebipood.ee\/ru\/#website\",\"url\":\"https:\/\/beebipood.ee\/ru\/\",\"name\":\"Beebipood\",\"description\":\"Lastekaubad, beebikaubad, m\u00e4nguasjad\",\"publisher\":{\"@id\":\"https:\/\/beebipood.ee\/ru\/#organization\"},\"potentialAction\":[{\"@type\":\"SearchAction\",\"target\":{\"@type\":\"EntryPoint\",\"urlTemplate\":\"https:\/\/beebipood.ee\/ru\/?s={search_term_string}\"},\"query-input\":{\"@type\":\"PropertyValueSpecification\",\"valueRequired\":true,\"valueName\":\"search_term_string\"}}],\"inLanguage\":\"ru-RU\"},{\"@type\":\"Organization\",\"@id\":\"https:\/\/beebipood.ee\/ru\/#organization\",\"name\":\"Beebipood\",\"url\":\"https:\/\/beebipood.ee\/ru\/\",\"logo\":{\"@type\":\"ImageObject\",\"inLanguage\":\"ru-RU\",\"@id\":\"https:\/\/beebipood.ee\/ru\/#\/schema\/logo\/image\/\",\"url\":\"https:\/\/beebipood.ee\/wp-content\/uploads\/2025\/03\/beebipood.ee-logo-1.svg\",\"contentUrl\":\"https:\/\/beebipood.ee\/wp-content\/uploads\/2025\/03\/beebipood.ee-logo-1.svg\",\"caption\":\"Beebipood\"},\"image\":{\"@id\":\"https:\/\/beebipood.ee\/ru\/#\/schema\/logo\/image\/\"}}]}<\/script>\n<!-- \/ Yoast SEO plugin. -->","yoast_head_json":{"title":"Safety 1st voodi turvapiire, \u041d\u041e\u0412\u042b\u0415 \u0422\u041e\u0412\u0410\u0420\u042b, \u0411\u0435\u0437\u043e\u043f\u0430\u0441\u043d\u043e\u0441\u0442\u044c, \u0432\u043e\u0440\u043e\u0442\u0430 \u0431\u0435\u0437\u043e\u043f\u0430\u0441\u043d\u043e\u0441\u0442\u0438,\u043c\u0430\u043d\u0435\u0436\u0438, \u041e\u0433\u0440\u0430\u0436\u0434\u0435\u043d\u0438\u044f, \u0421\u043d\u0430\u0440\u044f\u0436\u0435\u043d\u0438\u044f \u0431\u0435\u0437\u043e\u043f\u0430\u0441\u043d\u043e\u0441\u0442\u0438, Beebipood","description":"Safety 1st voodi turvapiire, Lihtsasti transporditav Safety 1st voodipiire v&otilde;imaldab lapsel ohutult oma voodis magada.Sobib kasutamiseks lastele","robots":{"index":"index","follow":"follow","max-snippet":"max-snippet:-1","max-image-preview":"max-image-preview:large","max-video-preview":"max-video-preview:-1"},"canonical":"https:\/\/beebipood.ee\/ru\/produkt\/safety-1st-voodi-turvapiire\/","og_locale":"ru_RU","og_type":"article","og_title":"Safety 1st voodi turvapiire, \u041d\u041e\u0412\u042b\u0415 \u0422\u041e\u0412\u0410\u0420\u042b, \u0411\u0435\u0437\u043e\u043f\u0430\u0441\u043d\u043e\u0441\u0442\u044c, \u0432\u043e\u0440\u043e\u0442\u0430 \u0431\u0435\u0437\u043e\u043f\u0430\u0441\u043d\u043e\u0441\u0442\u0438,\u043c\u0430\u043d\u0435\u0436\u0438, \u041e\u0433\u0440\u0430\u0436\u0434\u0435\u043d\u0438\u044f, \u0421\u043d\u0430\u0440\u044f\u0436\u0435\u043d\u0438\u044f \u0431\u0435\u0437\u043e\u043f\u0430\u0441\u043d\u043e\u0441\u0442\u0438, Beebipood","og_description":"Safety 1st voodi turvapiire, Lihtsasti transporditav Safety 1st voodipiire v&otilde;imaldab lapsel ohutult oma voodis magada.Sobib kasutamiseks lastele","og_url":"https:\/\/beebipood.ee\/ru\/produkt\/safety-1st-voodi-turvapiire\/","og_site_name":"Beebipood","article_modified_time":"2025-01-09T08:52:01+00:00","og_image":[{"width":1536,"height":1417,"url":"https:\/\/beebipood.ee\/wp-content\/uploads\/2013\/11\/Safety-1st-voodi-turvapiire-UUED-TOOTED-Turvalisus-maneeid-turvavaravad-piirded-Piirded-Turvavarustus_3-71a.jpg","type":"image\/jpeg"}],"twitter_card":"summary_large_image","twitter_misc":{"\u041f\u0440\u0438\u043c\u0435\u0440\u043d\u043e\u0435 \u0432\u0440\u0435\u043c\u044f \u0434\u043b\u044f \u0447\u0442\u0435\u043d\u0438\u044f":"1 \u043c\u0438\u043d\u0443\u0442\u0430"},"schema":{"@context":"https:\/\/schema.org","@graph":[{"@type":"WebPage","@id":"https:\/\/beebipood.ee\/ru\/produkt\/safety-1st-voodi-turvapiire\/","url":"https:\/\/beebipood.ee\/ru\/produkt\/safety-1st-voodi-turvapiire\/","name":"Safety 1st voodi turvapiire, \u041d\u041e\u0412\u042b\u0415 \u0422\u041e\u0412\u0410\u0420\u042b, \u0411\u0435\u0437\u043e\u043f\u0430\u0441\u043d\u043e\u0441\u0442\u044c, \u0432\u043e\u0440\u043e\u0442\u0430 \u0431\u0435\u0437\u043e\u043f\u0430\u0441\u043d\u043e\u0441\u0442\u0438,\u043c\u0430\u043d\u0435\u0436\u0438, \u041e\u0433\u0440\u0430\u0436\u0434\u0435\u043d\u0438\u044f, \u0421\u043d\u0430\u0440\u044f\u0436\u0435\u043d\u0438\u044f \u0431\u0435\u0437\u043e\u043f\u0430\u0441\u043d\u043e\u0441\u0442\u0438, Beebipood","isPartOf":{"@id":"https:\/\/beebipood.ee\/ru\/#website"},"primaryImageOfPage":{"@id":"https:\/\/beebipood.ee\/ru\/produkt\/safety-1st-voodi-turvapiire\/#primaryimage"},"image":{"@id":"https:\/\/beebipood.ee\/ru\/produkt\/safety-1st-voodi-turvapiire\/#primaryimage"},"thumbnailUrl":"https:\/\/beebipood.ee\/wp-content\/uploads\/2013\/11\/Safety-1st-voodi-turvapiire-UUED-TOOTED-Turvalisus-maneeid-turvavaravad-piirded-Piirded-Turvavarustus_3-71a.jpg","datePublished":"2013-11-05T12:06:49+00:00","dateModified":"2025-01-09T08:52:01+00:00","description":"Safety 1st voodi turvapiire, Lihtsasti transporditav Safety 1st voodipiire v&otilde;imaldab lapsel ohutult oma voodis magada.Sobib kasutamiseks lastele","breadcrumb":{"@id":"https:\/\/beebipood.ee\/ru\/produkt\/safety-1st-voodi-turvapiire\/#breadcrumb"},"inLanguage":"ru-RU","potentialAction":[{"@type":"ReadAction","target":["https:\/\/beebipood.ee\/ru\/produkt\/safety-1st-voodi-turvapiire\/"]}]},{"@type":"ImageObject","inLanguage":"ru-RU","@id":"https:\/\/beebipood.ee\/ru\/produkt\/safety-1st-voodi-turvapiire\/#primaryimage","url":"https:\/\/beebipood.ee\/wp-content\/uploads\/2013\/11\/Safety-1st-voodi-turvapiire-UUED-TOOTED-Turvalisus-maneeid-turvavaravad-piirded-Piirded-Turvavarustus_3-71a.jpg","contentUrl":"https:\/\/beebipood.ee\/wp-content\/uploads\/2013\/11\/Safety-1st-voodi-turvapiire-UUED-TOOTED-Turvalisus-maneeid-turvavaravad-piirded-Piirded-Turvavarustus_3-71a.jpg","width":1536,"height":1417},{"@type":"BreadcrumbList","@id":"https:\/\/beebipood.ee\/ru\/produkt\/safety-1st-voodi-turvapiire\/#breadcrumb","itemListElement":[{"@type":"ListItem","position":1,"name":"Home","item":"https:\/\/beebipood.ee\/ru\/"},{"@type":"ListItem","position":2,"name":"\u041a\u0430\u0442\u0430\u043b\u043e\u0433 \u0442\u043e\u0432\u0430\u0440\u043e\u0432","item":"https:\/\/beebipood.ee\/tooted\/"},{"@type":"ListItem","position":3,"name":"Safety 1st voodi turvapiire"}]},{"@type":"WebSite","@id":"https:\/\/beebipood.ee\/ru\/#website","url":"https:\/\/beebipood.ee\/ru\/","name":"Beebipood","description":"Lastekaubad, beebikaubad, m\u00e4nguasjad","publisher":{"@id":"https:\/\/beebipood.ee\/ru\/#organization"},"potentialAction":[{"@type":"SearchAction","target":{"@type":"EntryPoint","urlTemplate":"https:\/\/beebipood.ee\/ru\/?s={search_term_string}"},"query-input":{"@type":"PropertyValueSpecification","valueRequired":true,"valueName":"search_term_string"}}],"inLanguage":"ru-RU"},{"@type":"Organization","@id":"https:\/\/beebipood.ee\/ru\/#organization","name":"Beebipood","url":"https:\/\/beebipood.ee\/ru\/","logo":{"@type":"ImageObject","inLanguage":"ru-RU","@id":"https:\/\/beebipood.ee\/ru\/#\/schema\/logo\/image\/","url":"https:\/\/beebipood.ee\/wp-content\/uploads\/2025\/03\/beebipood.ee-logo-1.svg","contentUrl":"https:\/\/beebipood.ee\/wp-content\/uploads\/2025\/03\/beebipood.ee-logo-1.svg","caption":"Beebipood"},"image":{"@id":"https:\/\/beebipood.ee\/ru\/#\/schema\/logo\/image\/"}}]}},"brands":[{"id":11978,"name":"Safety 1st","slug":"safety-1st-ru"}],"_links":{"self":[{"href":"https:\/\/beebipood.ee\/ru\/wp-json\/wp\/v2\/product\/454860","targetHints":{"allow":["GET"]}}],"collection":[{"href":"https:\/\/beebipood.ee\/ru\/wp-json\/wp\/v2\/product"}],"about":[{"href":"https:\/\/beebipood.ee\/ru\/wp-json\/wp\/v2\/types\/product"}],"wp:featuredmedia":[{"embeddable":true,"href":"https:\/\/beebipood.ee\/ru\/wp-json\/wp\/v2\/media\/101860"}],"wp:attachment":[{"href":"https:\/\/beebipood.ee\/ru\/wp-json\/wp\/v2\/media?parent=454860"}],"wp:term":[{"taxonomy":"pwb-brand","embeddable":true,"href":"https:\/\/beebipood.ee\/ru\/wp-json\/wp\/v2\/pwb-brand?post=454860"},{"taxonomy":"product_brand","embeddable":true,"href":"https:\/\/beebipood.ee\/ru\/wp-json\/wp\/v2\/product_brand?post=454860"},{"taxonomy":"product_cat","embeddable":true,"href":"https:\/\/beebipood.ee\/ru\/wp-json\/wp\/v2\/product_cat?post=454860"},{"taxonomy":"product_tag","embeddable":true,"href":"https:\/\/beebipood.ee\/ru\/wp-json\/wp\/v2\/product_tag?post=454860"}],"curies":[{"name":"wp","href":"https:\/\/api.w.org\/{rel}","templated":true}]}}