{"id":454866,"date":"2013-11-18T12:21:00","date_gmt":"2013-11-18T10:21:00","guid":{"rendered":"https:\/\/beebipood.ee\/toode\/heitmann-felle-premium-lambanahast-soojakott-grey\/"},"modified":"2025-01-09T10:52:01","modified_gmt":"2025-01-09T08:52:01","slug":"heitmann-felle-premium-lambanahast-soojakott-grey","status":"publish","type":"product","link":"https:\/\/beebipood.ee\/ru\/produkt\/heitmann-felle-premium-lambanahast-soojakott-grey\/","title":{"rendered":"Heitmann Felle Premium lambanahast soojakott, Grey"},"content":{"rendered":"<p>Pehmest lambavillast soojakott, <br \/>mis hoiab lapse talvel ilusti k\u00fclma eest kaitstud.<br \/><span style=\"text-decoration: underline;\"><br \/>Omadused<\/span><br \/>Lambavilla pikkus umbes 30mm<br \/>V\u00e4liskangas: tuule- ja veekindel pol\u00fcester<br \/>Sisekangas: naturaalne lambavill<br \/>Peaosa on v\u00f5imalik kokku t\u00f5mmata, et kaitsta tuule eest<br \/>Keskelt lukuga avatav<br \/>Jalgadeosa on eraldi lukuga avatav<br \/>Lahtiselt on v\u00f5imalik kasutada ka p\u00f5randal pehmendusena<br \/>Turvarihmade jaoks vajalikud avad<br \/>N\u00e4itajad<br \/>M\u00f5\u00f5dud: 100 x 44cm<\/p><\/p>\n","protected":false},"excerpt":{"rendered":"<p>Pehmest lambavillast soojakott, mis hoiab lapse talvel ilusti k\u00fclma eest kaitstud.OmadusedLambavilla pikkus umbes 30mmV\u00e4liskangas: tuule- ja veekindel pol\u00fcesterSisekangas: naturaalne lambavillPeaosa on v\u00f5imalik kokku t\u00f5mmata, et kaitsta tuule eestKeskelt lukuga avatavJalgadeosa on eraldi lukuga avatavLahtiselt on v\u00f5imalik kasutada ka p\u00f5randal pehmendusenaTurvarihmade jaoks vajalikud avadN\u00e4itajadM\u00f5\u00f5dud: 100 x 44cm<\/p>\n","protected":false},"featured_media":101943,"template":"","meta":{"_acf_changed":false},"pwb-brand":[11974],"product_brand":[],"product_cat":[11915,11725,11717],"product_tag":[],"class_list":{"0":"post-454866","1":"product","2":"type-product","3":"status-publish","4":"has-post-thumbnail","6":"pwb-brand-heitmann-felle-ru","7":"product_cat-soojakotid-ru","8":"product_cat-lisatarvikud-ru","9":"product_cat-lastevankrid-ja-karud-ru","10":"pa_manufacturer-heitmannfelle-ru","12":"first","13":"onbackorder","14":"taxable","15":"shipping-taxable","16":"purchasable","17":"product-type-simple"},"exclude_global_add_ons":[],"addons":[],"acf":[],"yoast_head":"<!-- This site is optimized with the Yoast SEO plugin v27.1.1 - https:\/\/yoast.com\/product\/yoast-seo-wordpress\/ -->\n<title>Heitmann Felle Premium lambanahast soojakott, Grey, \u041d\u041e\u0412\u042b\u0415 \u0422\u041e\u0412\u0410\u0420\u042b, \u041a\u043e\u043b\u044f\u0441\u043a\u0438, \u041f\u0440\u0438\u043d\u0430\u0434\u043b\u0435\u0436\u043d\u043e\u0441\u0442\u0438, Soojakotid, Beebipood<\/title>\n<meta name=\"description\" content=\"Heitmann Felle Premium lambanahast soojakott, Grey, Pehmest lambavillast soojakott, mis hoiab lapse talvel ilusti k&uuml;lma eest kaitstud.&lt;span\" \/>\n<meta name=\"robots\" content=\"index, follow, max-snippet:-1, max-image-preview:large, max-video-preview:-1\" \/>\n<link rel=\"canonical\" href=\"https:\/\/beebipood.ee\/ru\/produkt\/heitmann-felle-premium-lambanahast-soojakott-grey\/\" \/>\n<meta property=\"og:locale\" content=\"ru_RU\" \/>\n<meta property=\"og:type\" content=\"article\" \/>\n<meta property=\"og:title\" content=\"Heitmann Felle Premium lambanahast soojakott, Grey, \u041d\u041e\u0412\u042b\u0415 \u0422\u041e\u0412\u0410\u0420\u042b, \u041a\u043e\u043b\u044f\u0441\u043a\u0438, \u041f\u0440\u0438\u043d\u0430\u0434\u043b\u0435\u0436\u043d\u043e\u0441\u0442\u0438, Soojakotid, Beebipood\" \/>\n<meta property=\"og:description\" content=\"Heitmann Felle Premium lambanahast soojakott, Grey, Pehmest lambavillast soojakott, mis hoiab lapse talvel ilusti k&uuml;lma eest kaitstud.&lt;span\" \/>\n<meta property=\"og:url\" content=\"https:\/\/beebipood.ee\/ru\/produkt\/heitmann-felle-premium-lambanahast-soojakott-grey\/\" \/>\n<meta property=\"og:site_name\" content=\"Beebipood\" \/>\n<meta property=\"article:modified_time\" content=\"2025-01-09T08:52:01+00:00\" \/>\n<meta property=\"og:image\" content=\"https:\/\/beebipood.ee\/wp-content\/uploads\/2013\/11\/Heitmann-Felle-Premium-lambanahast-soojakott-Grey-UUED-TOOTED-Lastevankrid-ja-karud-Lisavarustus-Soojakotid_1-b8b.jpeg\" \/>\n\t<meta property=\"og:image:width\" content=\"621\" \/>\n\t<meta property=\"og:image:height\" content=\"900\" \/>\n\t<meta property=\"og:image:type\" content=\"image\/jpeg\" \/>\n<meta name=\"twitter:card\" content=\"summary_large_image\" \/>\n<script type=\"application\/ld+json\" class=\"yoast-schema-graph\">{\"@context\":\"https:\/\/schema.org\",\"@graph\":[{\"@type\":\"WebPage\",\"@id\":\"https:\/\/beebipood.ee\/ru\/produkt\/heitmann-felle-premium-lambanahast-soojakott-grey\/\",\"url\":\"https:\/\/beebipood.ee\/ru\/produkt\/heitmann-felle-premium-lambanahast-soojakott-grey\/\",\"name\":\"Heitmann Felle Premium lambanahast soojakott, Grey, \u041d\u041e\u0412\u042b\u0415 \u0422\u041e\u0412\u0410\u0420\u042b, \u041a\u043e\u043b\u044f\u0441\u043a\u0438, \u041f\u0440\u0438\u043d\u0430\u0434\u043b\u0435\u0436\u043d\u043e\u0441\u0442\u0438, Soojakotid, Beebipood\",\"isPartOf\":{\"@id\":\"https:\/\/beebipood.ee\/ru\/#website\"},\"primaryImageOfPage\":{\"@id\":\"https:\/\/beebipood.ee\/ru\/produkt\/heitmann-felle-premium-lambanahast-soojakott-grey\/#primaryimage\"},\"image\":{\"@id\":\"https:\/\/beebipood.ee\/ru\/produkt\/heitmann-felle-premium-lambanahast-soojakott-grey\/#primaryimage\"},\"thumbnailUrl\":\"https:\/\/beebipood.ee\/wp-content\/uploads\/2013\/11\/Heitmann-Felle-Premium-lambanahast-soojakott-Grey-UUED-TOOTED-Lastevankrid-ja-karud-Lisavarustus-Soojakotid_1-b8b.jpeg\",\"datePublished\":\"2013-11-18T10:21:00+00:00\",\"dateModified\":\"2025-01-09T08:52:01+00:00\",\"description\":\"Heitmann Felle Premium lambanahast soojakott, Grey, Pehmest lambavillast soojakott, mis hoiab lapse talvel ilusti k&uuml;lma eest kaitstud.&lt;span\",\"breadcrumb\":{\"@id\":\"https:\/\/beebipood.ee\/ru\/produkt\/heitmann-felle-premium-lambanahast-soojakott-grey\/#breadcrumb\"},\"inLanguage\":\"ru-RU\",\"potentialAction\":[{\"@type\":\"ReadAction\",\"target\":[\"https:\/\/beebipood.ee\/ru\/produkt\/heitmann-felle-premium-lambanahast-soojakott-grey\/\"]}]},{\"@type\":\"ImageObject\",\"inLanguage\":\"ru-RU\",\"@id\":\"https:\/\/beebipood.ee\/ru\/produkt\/heitmann-felle-premium-lambanahast-soojakott-grey\/#primaryimage\",\"url\":\"https:\/\/beebipood.ee\/wp-content\/uploads\/2013\/11\/Heitmann-Felle-Premium-lambanahast-soojakott-Grey-UUED-TOOTED-Lastevankrid-ja-karud-Lisavarustus-Soojakotid_1-b8b.jpeg\",\"contentUrl\":\"https:\/\/beebipood.ee\/wp-content\/uploads\/2013\/11\/Heitmann-Felle-Premium-lambanahast-soojakott-Grey-UUED-TOOTED-Lastevankrid-ja-karud-Lisavarustus-Soojakotid_1-b8b.jpeg\",\"width\":621,\"height\":900},{\"@type\":\"BreadcrumbList\",\"@id\":\"https:\/\/beebipood.ee\/ru\/produkt\/heitmann-felle-premium-lambanahast-soojakott-grey\/#breadcrumb\",\"itemListElement\":[{\"@type\":\"ListItem\",\"position\":1,\"name\":\"Home\",\"item\":\"https:\/\/beebipood.ee\/ru\/\"},{\"@type\":\"ListItem\",\"position\":2,\"name\":\"\u041a\u0430\u0442\u0430\u043b\u043e\u0433 \u0442\u043e\u0432\u0430\u0440\u043e\u0432\",\"item\":\"https:\/\/beebipood.ee\/tooted\/\"},{\"@type\":\"ListItem\",\"position\":3,\"name\":\"Heitmann Felle Premium lambanahast soojakott, Grey\"}]},{\"@type\":\"WebSite\",\"@id\":\"https:\/\/beebipood.ee\/ru\/#website\",\"url\":\"https:\/\/beebipood.ee\/ru\/\",\"name\":\"Beebipood\",\"description\":\"Lastekaubad, beebikaubad, m\u00e4nguasjad\",\"publisher\":{\"@id\":\"https:\/\/beebipood.ee\/ru\/#organization\"},\"potentialAction\":[{\"@type\":\"SearchAction\",\"target\":{\"@type\":\"EntryPoint\",\"urlTemplate\":\"https:\/\/beebipood.ee\/ru\/?s={search_term_string}\"},\"query-input\":{\"@type\":\"PropertyValueSpecification\",\"valueRequired\":true,\"valueName\":\"search_term_string\"}}],\"inLanguage\":\"ru-RU\"},{\"@type\":\"Organization\",\"@id\":\"https:\/\/beebipood.ee\/ru\/#organization\",\"name\":\"Beebipood\",\"url\":\"https:\/\/beebipood.ee\/ru\/\",\"logo\":{\"@type\":\"ImageObject\",\"inLanguage\":\"ru-RU\",\"@id\":\"https:\/\/beebipood.ee\/ru\/#\/schema\/logo\/image\/\",\"url\":\"https:\/\/beebipood.ee\/wp-content\/uploads\/2025\/03\/beebipood.ee-logo-1.svg\",\"contentUrl\":\"https:\/\/beebipood.ee\/wp-content\/uploads\/2025\/03\/beebipood.ee-logo-1.svg\",\"caption\":\"Beebipood\"},\"image\":{\"@id\":\"https:\/\/beebipood.ee\/ru\/#\/schema\/logo\/image\/\"}}]}<\/script>\n<!-- \/ Yoast SEO plugin. -->","yoast_head_json":{"title":"Heitmann Felle Premium lambanahast soojakott, Grey, \u041d\u041e\u0412\u042b\u0415 \u0422\u041e\u0412\u0410\u0420\u042b, \u041a\u043e\u043b\u044f\u0441\u043a\u0438, \u041f\u0440\u0438\u043d\u0430\u0434\u043b\u0435\u0436\u043d\u043e\u0441\u0442\u0438, Soojakotid, Beebipood","description":"Heitmann Felle Premium lambanahast soojakott, Grey, Pehmest lambavillast soojakott, mis hoiab lapse talvel ilusti k&uuml;lma eest kaitstud.&lt;span","robots":{"index":"index","follow":"follow","max-snippet":"max-snippet:-1","max-image-preview":"max-image-preview:large","max-video-preview":"max-video-preview:-1"},"canonical":"https:\/\/beebipood.ee\/ru\/produkt\/heitmann-felle-premium-lambanahast-soojakott-grey\/","og_locale":"ru_RU","og_type":"article","og_title":"Heitmann Felle Premium lambanahast soojakott, Grey, \u041d\u041e\u0412\u042b\u0415 \u0422\u041e\u0412\u0410\u0420\u042b, \u041a\u043e\u043b\u044f\u0441\u043a\u0438, \u041f\u0440\u0438\u043d\u0430\u0434\u043b\u0435\u0436\u043d\u043e\u0441\u0442\u0438, Soojakotid, Beebipood","og_description":"Heitmann Felle Premium lambanahast soojakott, Grey, Pehmest lambavillast soojakott, mis hoiab lapse talvel ilusti k&uuml;lma eest kaitstud.&lt;span","og_url":"https:\/\/beebipood.ee\/ru\/produkt\/heitmann-felle-premium-lambanahast-soojakott-grey\/","og_site_name":"Beebipood","article_modified_time":"2025-01-09T08:52:01+00:00","og_image":[{"width":621,"height":900,"url":"https:\/\/beebipood.ee\/wp-content\/uploads\/2013\/11\/Heitmann-Felle-Premium-lambanahast-soojakott-Grey-UUED-TOOTED-Lastevankrid-ja-karud-Lisavarustus-Soojakotid_1-b8b.jpeg","type":"image\/jpeg"}],"twitter_card":"summary_large_image","schema":{"@context":"https:\/\/schema.org","@graph":[{"@type":"WebPage","@id":"https:\/\/beebipood.ee\/ru\/produkt\/heitmann-felle-premium-lambanahast-soojakott-grey\/","url":"https:\/\/beebipood.ee\/ru\/produkt\/heitmann-felle-premium-lambanahast-soojakott-grey\/","name":"Heitmann Felle Premium lambanahast soojakott, Grey, \u041d\u041e\u0412\u042b\u0415 \u0422\u041e\u0412\u0410\u0420\u042b, \u041a\u043e\u043b\u044f\u0441\u043a\u0438, \u041f\u0440\u0438\u043d\u0430\u0434\u043b\u0435\u0436\u043d\u043e\u0441\u0442\u0438, Soojakotid, Beebipood","isPartOf":{"@id":"https:\/\/beebipood.ee\/ru\/#website"},"primaryImageOfPage":{"@id":"https:\/\/beebipood.ee\/ru\/produkt\/heitmann-felle-premium-lambanahast-soojakott-grey\/#primaryimage"},"image":{"@id":"https:\/\/beebipood.ee\/ru\/produkt\/heitmann-felle-premium-lambanahast-soojakott-grey\/#primaryimage"},"thumbnailUrl":"https:\/\/beebipood.ee\/wp-content\/uploads\/2013\/11\/Heitmann-Felle-Premium-lambanahast-soojakott-Grey-UUED-TOOTED-Lastevankrid-ja-karud-Lisavarustus-Soojakotid_1-b8b.jpeg","datePublished":"2013-11-18T10:21:00+00:00","dateModified":"2025-01-09T08:52:01+00:00","description":"Heitmann Felle Premium lambanahast soojakott, Grey, Pehmest lambavillast soojakott, mis hoiab lapse talvel ilusti k&uuml;lma eest kaitstud.&lt;span","breadcrumb":{"@id":"https:\/\/beebipood.ee\/ru\/produkt\/heitmann-felle-premium-lambanahast-soojakott-grey\/#breadcrumb"},"inLanguage":"ru-RU","potentialAction":[{"@type":"ReadAction","target":["https:\/\/beebipood.ee\/ru\/produkt\/heitmann-felle-premium-lambanahast-soojakott-grey\/"]}]},{"@type":"ImageObject","inLanguage":"ru-RU","@id":"https:\/\/beebipood.ee\/ru\/produkt\/heitmann-felle-premium-lambanahast-soojakott-grey\/#primaryimage","url":"https:\/\/beebipood.ee\/wp-content\/uploads\/2013\/11\/Heitmann-Felle-Premium-lambanahast-soojakott-Grey-UUED-TOOTED-Lastevankrid-ja-karud-Lisavarustus-Soojakotid_1-b8b.jpeg","contentUrl":"https:\/\/beebipood.ee\/wp-content\/uploads\/2013\/11\/Heitmann-Felle-Premium-lambanahast-soojakott-Grey-UUED-TOOTED-Lastevankrid-ja-karud-Lisavarustus-Soojakotid_1-b8b.jpeg","width":621,"height":900},{"@type":"BreadcrumbList","@id":"https:\/\/beebipood.ee\/ru\/produkt\/heitmann-felle-premium-lambanahast-soojakott-grey\/#breadcrumb","itemListElement":[{"@type":"ListItem","position":1,"name":"Home","item":"https:\/\/beebipood.ee\/ru\/"},{"@type":"ListItem","position":2,"name":"\u041a\u0430\u0442\u0430\u043b\u043e\u0433 \u0442\u043e\u0432\u0430\u0440\u043e\u0432","item":"https:\/\/beebipood.ee\/tooted\/"},{"@type":"ListItem","position":3,"name":"Heitmann Felle Premium lambanahast soojakott, Grey"}]},{"@type":"WebSite","@id":"https:\/\/beebipood.ee\/ru\/#website","url":"https:\/\/beebipood.ee\/ru\/","name":"Beebipood","description":"Lastekaubad, beebikaubad, m\u00e4nguasjad","publisher":{"@id":"https:\/\/beebipood.ee\/ru\/#organization"},"potentialAction":[{"@type":"SearchAction","target":{"@type":"EntryPoint","urlTemplate":"https:\/\/beebipood.ee\/ru\/?s={search_term_string}"},"query-input":{"@type":"PropertyValueSpecification","valueRequired":true,"valueName":"search_term_string"}}],"inLanguage":"ru-RU"},{"@type":"Organization","@id":"https:\/\/beebipood.ee\/ru\/#organization","name":"Beebipood","url":"https:\/\/beebipood.ee\/ru\/","logo":{"@type":"ImageObject","inLanguage":"ru-RU","@id":"https:\/\/beebipood.ee\/ru\/#\/schema\/logo\/image\/","url":"https:\/\/beebipood.ee\/wp-content\/uploads\/2025\/03\/beebipood.ee-logo-1.svg","contentUrl":"https:\/\/beebipood.ee\/wp-content\/uploads\/2025\/03\/beebipood.ee-logo-1.svg","caption":"Beebipood"},"image":{"@id":"https:\/\/beebipood.ee\/ru\/#\/schema\/logo\/image\/"}}]}},"brands":[{"id":11974,"name":"Heitmann Felle","slug":"heitmann-felle-ru"}],"_links":{"self":[{"href":"https:\/\/beebipood.ee\/ru\/wp-json\/wp\/v2\/product\/454866","targetHints":{"allow":["GET"]}}],"collection":[{"href":"https:\/\/beebipood.ee\/ru\/wp-json\/wp\/v2\/product"}],"about":[{"href":"https:\/\/beebipood.ee\/ru\/wp-json\/wp\/v2\/types\/product"}],"wp:featuredmedia":[{"embeddable":true,"href":"https:\/\/beebipood.ee\/ru\/wp-json\/wp\/v2\/media\/101943"}],"wp:attachment":[{"href":"https:\/\/beebipood.ee\/ru\/wp-json\/wp\/v2\/media?parent=454866"}],"wp:term":[{"taxonomy":"pwb-brand","embeddable":true,"href":"https:\/\/beebipood.ee\/ru\/wp-json\/wp\/v2\/pwb-brand?post=454866"},{"taxonomy":"product_brand","embeddable":true,"href":"https:\/\/beebipood.ee\/ru\/wp-json\/wp\/v2\/product_brand?post=454866"},{"taxonomy":"product_cat","embeddable":true,"href":"https:\/\/beebipood.ee\/ru\/wp-json\/wp\/v2\/product_cat?post=454866"},{"taxonomy":"product_tag","embeddable":true,"href":"https:\/\/beebipood.ee\/ru\/wp-json\/wp\/v2\/product_tag?post=454866"}],"curies":[{"name":"wp","href":"https:\/\/api.w.org\/{rel}","templated":true}]}}