{"id":454870,"date":"2025-10-08T10:46:40","date_gmt":"2025-10-08T07:46:40","guid":{"rendered":"https:\/\/beebipood.ee\/toode\/heitmann-felle-fliisist-soojakott-beige\/"},"modified":"2025-10-08T11:02:59","modified_gmt":"2025-10-08T08:02:59","slug":"heitmann-felle-lambanahast-soojakott-eemaldatava-voodriga-beige","status":"publish","type":"product","link":"https:\/\/beebipood.ee\/ru\/produkt\/heitmann-felle-lambanahast-soojakott-eemaldatava-voodriga-beige\/","title":{"rendered":"Heitmann Felle lambanahast soojakott eemaldatava voodriga, Beige"},"content":{"rendered":"<p>Mugav kaaslane iga ilma korral \u2013 ka k\u00fclmadel talvep\u00e4evadel.<br \/>\nLambanahast sisevooder on v\u00f5imalik eemaldada.<br \/>\nPealmine kiht on tuulekindel ning vetth\u00fclgav.<br \/>\n<strong>Omadused, Jalakate:<\/strong><br \/>\nTuulekindel ja vetth\u00fclgav v\u00e4lismaterjal<br \/>\nSees hubane fliis, mis on pealisriide v\u00e4rviga<br \/>\nKeskelt lukuga avatav<br \/>\nturvarihmade jaoks vajalikud avad<br \/>\ntagak\u00fcljel musta v\u00e4rvi libisemisvastane kate<br \/>\nPeapiirkonna saab h\u00f5lpsasti kokku t\u00f5mmata<br \/>\nJalaosa on lukuga t\u00e4ielikult eemaldatav, et lapse jalan\u00f5ud ei m\u00e4\u00e4riks soojakotti<br \/>\nP\u00e4rast jalaosa eemaldamist on v\u00f5imalik soojakotti kasutada alustekina<br \/>\n<strong>Lambanahast vooder:<\/strong><br \/>\nValmistatud meditsiiniliselt pargitud lambanahast<br \/>\nAutentne lambanahk pakub loomulikku soojust ja reguleerib temperatuuri<br \/>\nKarvade pikkus: u. 30 mm, p\u00fcgatud<br \/>\nTagak\u00fclg valge kangaga<br \/>\nLambanahk kinnitub soojakoti k\u00fclge takjapaelte abil<br \/>\n<strong>N\u00e4itajad:<\/strong><br \/>\nM\u00f5\u00f5dud: 105 x 47 cm (lambanahast vooder: 76 x 37 cm)<\/p>\n","protected":false},"excerpt":{"rendered":"<p>Mugav kaaslane iga ilma korral \u2013 ka k\u00fclmadel talvep\u00e4evadel. Lambanahast sisevooder on v\u00f5imalik eemaldada. Pealmine kiht on tuulekindel ning vetth\u00fclgav. Omadused, Jalakate: Tuulekindel ja vetth\u00fclgav v\u00e4lismaterjal Sees hubane fliis, mis on pealisriide v\u00e4rviga Keskelt lukuga avatav turvarihmade jaoks vajalikud avad tagak\u00fcljel musta v\u00e4rvi libisemisvastane kate Peapiirkonna saab h\u00f5lpsasti kokku t\u00f5mmata Jalaosa on lukuga t\u00e4ielikult eemaldatav, [&hellip;]<\/p>\n","protected":false},"featured_media":507675,"template":"","meta":{"_acf_changed":false},"pwb-brand":[11974],"product_brand":[],"product_cat":[11915,11725,11717],"product_tag":[],"class_list":{"0":"post-454870","1":"product","2":"type-product","3":"status-publish","4":"has-post-thumbnail","6":"pwb-brand-heitmann-felle-ru","7":"product_cat-soojakotid-ru","8":"product_cat-lisatarvikud-ru","9":"product_cat-lastevankrid-ja-karud-ru","11":"first","12":"onbackorder","13":"taxable","14":"shipping-taxable","15":"purchasable","16":"product-type-simple"},"exclude_global_add_ons":[],"addons":[],"acf":[],"yoast_head":"<!-- This site is optimized with the Yoast SEO plugin v27.1.1 - https:\/\/yoast.com\/product\/yoast-seo-wordpress\/ -->\n<title>Heitmann Felle fliisist soojakott, Beige, \u041a\u043e\u043b\u044f\u0441\u043a\u0438, \u041f\u0440\u0438\u043d\u0430\u0434\u043b\u0435\u0436\u043d\u043e\u0441\u0442\u0438, Soojakotid, Beebipood<\/title>\n<meta name=\"description\" content=\"Heitmann Felle fliisist soojakott, Beige, Tuule- ja veekindel nailon kangast soojakottOmadusedV\u00e4line materjal: tuule- ja veekindel nailon ka\" \/>\n<meta name=\"robots\" content=\"index, follow, max-snippet:-1, max-image-preview:large, max-video-preview:-1\" \/>\n<link rel=\"canonical\" href=\"https:\/\/beebipood.ee\/ru\/produkt\/heitmann-felle-lambanahast-soojakott-eemaldatava-voodriga-beige\/\" \/>\n<meta property=\"og:locale\" content=\"ru_RU\" \/>\n<meta property=\"og:type\" content=\"article\" \/>\n<meta property=\"og:title\" content=\"Heitmann Felle fliisist soojakott, Beige, \u041a\u043e\u043b\u044f\u0441\u043a\u0438, \u041f\u0440\u0438\u043d\u0430\u0434\u043b\u0435\u0436\u043d\u043e\u0441\u0442\u0438, Soojakotid, Beebipood\" \/>\n<meta property=\"og:description\" content=\"Heitmann Felle fliisist soojakott, Beige, Tuule- ja veekindel nailon kangast soojakottOmadusedV\u00e4line materjal: tuule- ja veekindel nailon ka\" \/>\n<meta property=\"og:url\" content=\"https:\/\/beebipood.ee\/ru\/produkt\/heitmann-felle-lambanahast-soojakott-eemaldatava-voodriga-beige\/\" \/>\n<meta property=\"og:site_name\" content=\"Beebipood\" \/>\n<meta property=\"article:modified_time\" content=\"2025-10-08T08:02:59+00:00\" \/>\n<meta property=\"og:image\" content=\"https:\/\/beebipood.ee\/wp-content\/uploads\/2013\/11\/heitmann-felle-lambanahast-soojakott-eemaldatava-voodriga-beige.jpg\" \/>\n\t<meta property=\"og:image:width\" content=\"756\" \/>\n\t<meta property=\"og:image:height\" content=\"756\" \/>\n\t<meta property=\"og:image:type\" content=\"image\/jpeg\" \/>\n<meta name=\"twitter:card\" content=\"summary_large_image\" \/>\n<meta name=\"twitter:label1\" content=\"\u041f\u0440\u0438\u043c\u0435\u0440\u043d\u043e\u0435 \u0432\u0440\u0435\u043c\u044f \u0434\u043b\u044f \u0447\u0442\u0435\u043d\u0438\u044f\" \/>\n\t<meta name=\"twitter:data1\" content=\"1 \u043c\u0438\u043d\u0443\u0442\u0430\" \/>\n<script type=\"application\/ld+json\" class=\"yoast-schema-graph\">{\"@context\":\"https:\/\/schema.org\",\"@graph\":[{\"@type\":\"WebPage\",\"@id\":\"https:\/\/beebipood.ee\/ru\/produkt\/heitmann-felle-lambanahast-soojakott-eemaldatava-voodriga-beige\/\",\"url\":\"https:\/\/beebipood.ee\/ru\/produkt\/heitmann-felle-lambanahast-soojakott-eemaldatava-voodriga-beige\/\",\"name\":\"Heitmann Felle fliisist soojakott, Beige, \u041a\u043e\u043b\u044f\u0441\u043a\u0438, \u041f\u0440\u0438\u043d\u0430\u0434\u043b\u0435\u0436\u043d\u043e\u0441\u0442\u0438, Soojakotid, Beebipood\",\"isPartOf\":{\"@id\":\"https:\/\/beebipood.ee\/ru\/#website\"},\"primaryImageOfPage\":{\"@id\":\"https:\/\/beebipood.ee\/ru\/produkt\/heitmann-felle-lambanahast-soojakott-eemaldatava-voodriga-beige\/#primaryimage\"},\"image\":{\"@id\":\"https:\/\/beebipood.ee\/ru\/produkt\/heitmann-felle-lambanahast-soojakott-eemaldatava-voodriga-beige\/#primaryimage\"},\"thumbnailUrl\":\"https:\/\/beebipood.ee\/wp-content\/uploads\/2013\/11\/heitmann-felle-lambanahast-soojakott-eemaldatava-voodriga-beige.jpg\",\"datePublished\":\"2025-10-08T07:46:40+00:00\",\"dateModified\":\"2025-10-08T08:02:59+00:00\",\"description\":\"Heitmann Felle fliisist soojakott, Beige, Tuule- ja veekindel nailon kangast soojakottOmadusedV\u00e4line materjal: tuule- ja veekindel nailon ka\",\"breadcrumb\":{\"@id\":\"https:\/\/beebipood.ee\/ru\/produkt\/heitmann-felle-lambanahast-soojakott-eemaldatava-voodriga-beige\/#breadcrumb\"},\"inLanguage\":\"ru-RU\",\"potentialAction\":[{\"@type\":\"ReadAction\",\"target\":[\"https:\/\/beebipood.ee\/ru\/produkt\/heitmann-felle-lambanahast-soojakott-eemaldatava-voodriga-beige\/\"]}]},{\"@type\":\"ImageObject\",\"inLanguage\":\"ru-RU\",\"@id\":\"https:\/\/beebipood.ee\/ru\/produkt\/heitmann-felle-lambanahast-soojakott-eemaldatava-voodriga-beige\/#primaryimage\",\"url\":\"https:\/\/beebipood.ee\/wp-content\/uploads\/2013\/11\/heitmann-felle-lambanahast-soojakott-eemaldatava-voodriga-beige.jpg\",\"contentUrl\":\"https:\/\/beebipood.ee\/wp-content\/uploads\/2013\/11\/heitmann-felle-lambanahast-soojakott-eemaldatava-voodriga-beige.jpg\",\"width\":756,\"height\":756},{\"@type\":\"BreadcrumbList\",\"@id\":\"https:\/\/beebipood.ee\/ru\/produkt\/heitmann-felle-lambanahast-soojakott-eemaldatava-voodriga-beige\/#breadcrumb\",\"itemListElement\":[{\"@type\":\"ListItem\",\"position\":1,\"name\":\"Home\",\"item\":\"https:\/\/beebipood.ee\/ru\/\"},{\"@type\":\"ListItem\",\"position\":2,\"name\":\"\u041a\u0430\u0442\u0430\u043b\u043e\u0433 \u0442\u043e\u0432\u0430\u0440\u043e\u0432\",\"item\":\"https:\/\/beebipood.ee\/tooted\/\"},{\"@type\":\"ListItem\",\"position\":3,\"name\":\"Heitmann Felle lambanahast soojakott eemaldatava voodriga, Beige\"}]},{\"@type\":\"WebSite\",\"@id\":\"https:\/\/beebipood.ee\/ru\/#website\",\"url\":\"https:\/\/beebipood.ee\/ru\/\",\"name\":\"Beebipood\",\"description\":\"Lastekaubad, beebikaubad, m\u00e4nguasjad\",\"publisher\":{\"@id\":\"https:\/\/beebipood.ee\/ru\/#organization\"},\"potentialAction\":[{\"@type\":\"SearchAction\",\"target\":{\"@type\":\"EntryPoint\",\"urlTemplate\":\"https:\/\/beebipood.ee\/ru\/?s={search_term_string}\"},\"query-input\":{\"@type\":\"PropertyValueSpecification\",\"valueRequired\":true,\"valueName\":\"search_term_string\"}}],\"inLanguage\":\"ru-RU\"},{\"@type\":\"Organization\",\"@id\":\"https:\/\/beebipood.ee\/ru\/#organization\",\"name\":\"Beebipood\",\"url\":\"https:\/\/beebipood.ee\/ru\/\",\"logo\":{\"@type\":\"ImageObject\",\"inLanguage\":\"ru-RU\",\"@id\":\"https:\/\/beebipood.ee\/ru\/#\/schema\/logo\/image\/\",\"url\":\"https:\/\/beebipood.ee\/wp-content\/uploads\/2025\/03\/beebipood.ee-logo-1.svg\",\"contentUrl\":\"https:\/\/beebipood.ee\/wp-content\/uploads\/2025\/03\/beebipood.ee-logo-1.svg\",\"caption\":\"Beebipood\"},\"image\":{\"@id\":\"https:\/\/beebipood.ee\/ru\/#\/schema\/logo\/image\/\"}}]}<\/script>\n<!-- \/ Yoast SEO plugin. -->","yoast_head_json":{"title":"Heitmann Felle fliisist soojakott, Beige, \u041a\u043e\u043b\u044f\u0441\u043a\u0438, \u041f\u0440\u0438\u043d\u0430\u0434\u043b\u0435\u0436\u043d\u043e\u0441\u0442\u0438, Soojakotid, Beebipood","description":"Heitmann Felle fliisist soojakott, Beige, Tuule- ja veekindel nailon kangast soojakottOmadusedV\u00e4line materjal: tuule- ja veekindel nailon ka","robots":{"index":"index","follow":"follow","max-snippet":"max-snippet:-1","max-image-preview":"max-image-preview:large","max-video-preview":"max-video-preview:-1"},"canonical":"https:\/\/beebipood.ee\/ru\/produkt\/heitmann-felle-lambanahast-soojakott-eemaldatava-voodriga-beige\/","og_locale":"ru_RU","og_type":"article","og_title":"Heitmann Felle fliisist soojakott, Beige, \u041a\u043e\u043b\u044f\u0441\u043a\u0438, \u041f\u0440\u0438\u043d\u0430\u0434\u043b\u0435\u0436\u043d\u043e\u0441\u0442\u0438, Soojakotid, Beebipood","og_description":"Heitmann Felle fliisist soojakott, Beige, Tuule- ja veekindel nailon kangast soojakottOmadusedV\u00e4line materjal: tuule- ja veekindel nailon ka","og_url":"https:\/\/beebipood.ee\/ru\/produkt\/heitmann-felle-lambanahast-soojakott-eemaldatava-voodriga-beige\/","og_site_name":"Beebipood","article_modified_time":"2025-10-08T08:02:59+00:00","og_image":[{"width":756,"height":756,"url":"https:\/\/beebipood.ee\/wp-content\/uploads\/2013\/11\/heitmann-felle-lambanahast-soojakott-eemaldatava-voodriga-beige.jpg","type":"image\/jpeg"}],"twitter_card":"summary_large_image","twitter_misc":{"\u041f\u0440\u0438\u043c\u0435\u0440\u043d\u043e\u0435 \u0432\u0440\u0435\u043c\u044f \u0434\u043b\u044f \u0447\u0442\u0435\u043d\u0438\u044f":"1 \u043c\u0438\u043d\u0443\u0442\u0430"},"schema":{"@context":"https:\/\/schema.org","@graph":[{"@type":"WebPage","@id":"https:\/\/beebipood.ee\/ru\/produkt\/heitmann-felle-lambanahast-soojakott-eemaldatava-voodriga-beige\/","url":"https:\/\/beebipood.ee\/ru\/produkt\/heitmann-felle-lambanahast-soojakott-eemaldatava-voodriga-beige\/","name":"Heitmann Felle fliisist soojakott, Beige, \u041a\u043e\u043b\u044f\u0441\u043a\u0438, \u041f\u0440\u0438\u043d\u0430\u0434\u043b\u0435\u0436\u043d\u043e\u0441\u0442\u0438, Soojakotid, Beebipood","isPartOf":{"@id":"https:\/\/beebipood.ee\/ru\/#website"},"primaryImageOfPage":{"@id":"https:\/\/beebipood.ee\/ru\/produkt\/heitmann-felle-lambanahast-soojakott-eemaldatava-voodriga-beige\/#primaryimage"},"image":{"@id":"https:\/\/beebipood.ee\/ru\/produkt\/heitmann-felle-lambanahast-soojakott-eemaldatava-voodriga-beige\/#primaryimage"},"thumbnailUrl":"https:\/\/beebipood.ee\/wp-content\/uploads\/2013\/11\/heitmann-felle-lambanahast-soojakott-eemaldatava-voodriga-beige.jpg","datePublished":"2025-10-08T07:46:40+00:00","dateModified":"2025-10-08T08:02:59+00:00","description":"Heitmann Felle fliisist soojakott, Beige, Tuule- ja veekindel nailon kangast soojakottOmadusedV\u00e4line materjal: tuule- ja veekindel nailon ka","breadcrumb":{"@id":"https:\/\/beebipood.ee\/ru\/produkt\/heitmann-felle-lambanahast-soojakott-eemaldatava-voodriga-beige\/#breadcrumb"},"inLanguage":"ru-RU","potentialAction":[{"@type":"ReadAction","target":["https:\/\/beebipood.ee\/ru\/produkt\/heitmann-felle-lambanahast-soojakott-eemaldatava-voodriga-beige\/"]}]},{"@type":"ImageObject","inLanguage":"ru-RU","@id":"https:\/\/beebipood.ee\/ru\/produkt\/heitmann-felle-lambanahast-soojakott-eemaldatava-voodriga-beige\/#primaryimage","url":"https:\/\/beebipood.ee\/wp-content\/uploads\/2013\/11\/heitmann-felle-lambanahast-soojakott-eemaldatava-voodriga-beige.jpg","contentUrl":"https:\/\/beebipood.ee\/wp-content\/uploads\/2013\/11\/heitmann-felle-lambanahast-soojakott-eemaldatava-voodriga-beige.jpg","width":756,"height":756},{"@type":"BreadcrumbList","@id":"https:\/\/beebipood.ee\/ru\/produkt\/heitmann-felle-lambanahast-soojakott-eemaldatava-voodriga-beige\/#breadcrumb","itemListElement":[{"@type":"ListItem","position":1,"name":"Home","item":"https:\/\/beebipood.ee\/ru\/"},{"@type":"ListItem","position":2,"name":"\u041a\u0430\u0442\u0430\u043b\u043e\u0433 \u0442\u043e\u0432\u0430\u0440\u043e\u0432","item":"https:\/\/beebipood.ee\/tooted\/"},{"@type":"ListItem","position":3,"name":"Heitmann Felle lambanahast soojakott eemaldatava voodriga, Beige"}]},{"@type":"WebSite","@id":"https:\/\/beebipood.ee\/ru\/#website","url":"https:\/\/beebipood.ee\/ru\/","name":"Beebipood","description":"Lastekaubad, beebikaubad, m\u00e4nguasjad","publisher":{"@id":"https:\/\/beebipood.ee\/ru\/#organization"},"potentialAction":[{"@type":"SearchAction","target":{"@type":"EntryPoint","urlTemplate":"https:\/\/beebipood.ee\/ru\/?s={search_term_string}"},"query-input":{"@type":"PropertyValueSpecification","valueRequired":true,"valueName":"search_term_string"}}],"inLanguage":"ru-RU"},{"@type":"Organization","@id":"https:\/\/beebipood.ee\/ru\/#organization","name":"Beebipood","url":"https:\/\/beebipood.ee\/ru\/","logo":{"@type":"ImageObject","inLanguage":"ru-RU","@id":"https:\/\/beebipood.ee\/ru\/#\/schema\/logo\/image\/","url":"https:\/\/beebipood.ee\/wp-content\/uploads\/2025\/03\/beebipood.ee-logo-1.svg","contentUrl":"https:\/\/beebipood.ee\/wp-content\/uploads\/2025\/03\/beebipood.ee-logo-1.svg","caption":"Beebipood"},"image":{"@id":"https:\/\/beebipood.ee\/ru\/#\/schema\/logo\/image\/"}}]}},"brands":[{"id":11974,"name":"Heitmann Felle","slug":"heitmann-felle-ru"}],"_links":{"self":[{"href":"https:\/\/beebipood.ee\/ru\/wp-json\/wp\/v2\/product\/454870","targetHints":{"allow":["GET"]}}],"collection":[{"href":"https:\/\/beebipood.ee\/ru\/wp-json\/wp\/v2\/product"}],"about":[{"href":"https:\/\/beebipood.ee\/ru\/wp-json\/wp\/v2\/types\/product"}],"wp:featuredmedia":[{"embeddable":true,"href":"https:\/\/beebipood.ee\/ru\/wp-json\/wp\/v2\/media\/507675"}],"wp:attachment":[{"href":"https:\/\/beebipood.ee\/ru\/wp-json\/wp\/v2\/media?parent=454870"}],"wp:term":[{"taxonomy":"pwb-brand","embeddable":true,"href":"https:\/\/beebipood.ee\/ru\/wp-json\/wp\/v2\/pwb-brand?post=454870"},{"taxonomy":"product_brand","embeddable":true,"href":"https:\/\/beebipood.ee\/ru\/wp-json\/wp\/v2\/product_brand?post=454870"},{"taxonomy":"product_cat","embeddable":true,"href":"https:\/\/beebipood.ee\/ru\/wp-json\/wp\/v2\/product_cat?post=454870"},{"taxonomy":"product_tag","embeddable":true,"href":"https:\/\/beebipood.ee\/ru\/wp-json\/wp\/v2\/product_tag?post=454870"}],"curies":[{"name":"wp","href":"https:\/\/api.w.org\/{rel}","templated":true}]}}