{"id":454878,"date":"2013-11-21T12:10:29","date_gmt":"2013-11-21T10:10:29","guid":{"rendered":"https:\/\/beebipood.ee\/toode\/tumba-madrats-klip-klop-kahele-eri-toonid\/"},"modified":"2025-01-09T10:52:00","modified_gmt":"2025-01-09T08:52:00","slug":"tumba-madrats-klip-klop-kahele-eri-toonid","status":"publish","type":"product","link":"https:\/\/beebipood.ee\/ru\/produkt\/tumba-madrats-klip-klop-kahele-eri-toonid\/","title":{"rendered":"Tumba-madrats Klip-klop kahele (eri toonid)"},"content":{"rendered":"<p><span>* kokkupandav tumba-k\u00fclalistevoodi v\u00f5tab v\u00e4he ruumi ning on m\u00f5nus istumiseks kui ka magamiseks\u00a0<\/span><br \/><span>* tumba kate ja madratsi kott on luku abil eemaldatavad<\/span><br \/><span>* madrats koosneb kolmest osast<\/span><br \/><span>* madratsi sisu on poroloon 25 kg\/m3\u00a0<br \/><\/span>* m\u00f5\u00f5dud \u00fchekohalise asemena: 66,5&#215;199,5&#215;13 cm<br \/>* m\u00f5\u00f5dud kahekohalise asemena: 133&#215;199,5&#215;6,5 cm<\/p>\n","protected":false},"excerpt":{"rendered":"<p>* kokkupandav tumba-k\u00fclalistevoodi v\u00f5tab v\u00e4he ruumi ning on m\u00f5nus istumiseks kui ka magamiseks\u00a0* tumba kate ja madratsi kott on luku abil eemaldatavad* madrats koosneb kolmest osast* madratsi sisu on poroloon 25 kg\/m3\u00a0* m\u00f5\u00f5dud \u00fchekohalise asemena: 66,5&#215;199,5&#215;13 cm* m\u00f5\u00f5dud kahekohalise asemena: 133&#215;199,5&#215;6,5 cm<\/p>\n","protected":false},"featured_media":505775,"template":"","meta":{"_acf_changed":false},"pwb-brand":[],"product_brand":[],"product_cat":[11619,11565,11789],"product_tag":[],"class_list":{"0":"post-454878","1":"product","2":"type-product","3":"status-publish","4":"has-post-thumbnail","6":"product_cat-tumbad-ru","7":"product_cat-pehme-moobel-kott-toolid-tumbad-ru","8":"product_cat-lastemoobel-ja-sisustus-ru","10":"first","11":"onbackorder","12":"sale","13":"taxable","14":"shipping-taxable","15":"purchasable","16":"product-type-simple"},"exclude_global_add_ons":false,"addons":[{"name":"Vali v\u00e4rv","type":"multiple_choice","position":0,"required":true,"title_format":"heading","default":"","description_enable":false,"description":"","placeholder_enable":false,"placeholder":"","display":"select","restrictions_type":"any_text","adjust_price":false,"price":"","price_type":"flat_fee","restrictions":false,"min":"0","max":"0","options":[{"label":"oran\u017e 3010","price":"","price_type":"quantity_based","image":0,"visibility":true},{"label":"ploom 3011","price":"","price_type":"quantity_based","image":0,"visibility":true},{"label":"\u0161hokolaad 3009","price":"","price_type":"quantity_based","image":0,"visibility":true},{"label":"bee\u017e 3001","price":"","price_type":"quantity_based","image":0,"visibility":true},{"label":"must","price":"","price_type":"quantity_based","image":0,"visibility":true},{"label":"hall","price":"","price_type":"quantity_based","image":0,"visibility":true},{"label":"punane","price":"","price_type":"quantity_based","image":0,"visibility":true}]}],"acf":[],"yoast_head":"<!-- This site is optimized with the Yoast SEO plugin v27.1.1 - https:\/\/yoast.com\/product\/yoast-seo-wordpress\/ -->\n<title>Tumba-madrats Klip-klop kahele (eri toonid), \u041c\u044f\u0433\u043a\u0430\u044f \u043c\u0435\u0431\u0435\u043b\u044c, \u043a\u0440\u0435\u0441\u043b\u043e-\u043c\u0435\u0448\u043e\u043a,\u0442\u0443\u043c\u0431\u044b, T\u0443\u043c\u0431\u044b, M\u0435\u0431\u0435\u043b\u044c, Beebipood<\/title>\n<meta name=\"description\" content=\"Tumba-madrats Klip-klop kahele (eri toonid), * kokkupandav tumba-k&uuml;lalistevoodi v&otilde;tab v&auml;he ruumi ning on m&otilde;nus istumiseks kui k\" \/>\n<meta name=\"robots\" content=\"index, follow, max-snippet:-1, max-image-preview:large, max-video-preview:-1\" \/>\n<link rel=\"canonical\" href=\"https:\/\/beebipood.ee\/ru\/produkt\/tumba-madrats-klip-klop-kahele-eri-toonid\/\" \/>\n<meta property=\"og:locale\" content=\"ru_RU\" \/>\n<meta property=\"og:type\" content=\"article\" \/>\n<meta property=\"og:title\" content=\"Tumba-madrats Klip-klop kahele (eri toonid), \u041c\u044f\u0433\u043a\u0430\u044f \u043c\u0435\u0431\u0435\u043b\u044c, \u043a\u0440\u0435\u0441\u043b\u043e-\u043c\u0435\u0448\u043e\u043a,\u0442\u0443\u043c\u0431\u044b, T\u0443\u043c\u0431\u044b, M\u0435\u0431\u0435\u043b\u044c, Beebipood\" \/>\n<meta property=\"og:description\" content=\"Tumba-madrats Klip-klop kahele (eri toonid), * kokkupandav tumba-k&uuml;lalistevoodi v&otilde;tab v&auml;he ruumi ning on m&otilde;nus istumiseks kui k\" \/>\n<meta property=\"og:url\" content=\"https:\/\/beebipood.ee\/ru\/produkt\/tumba-madrats-klip-klop-kahele-eri-toonid\/\" \/>\n<meta property=\"og:site_name\" content=\"Beebipood\" \/>\n<meta property=\"article:modified_time\" content=\"2025-01-09T08:52:00+00:00\" \/>\n<meta property=\"og:image\" content=\"https:\/\/beebipood.ee\/wp-content\/uploads\/2013\/11\/tumba-madrats-elisabeth-helehall-sl18.jpg\" \/>\n\t<meta property=\"og:image:width\" content=\"1500\" \/>\n\t<meta property=\"og:image:height\" content=\"1000\" \/>\n\t<meta property=\"og:image:type\" content=\"image\/jpeg\" \/>\n<meta name=\"twitter:card\" content=\"summary_large_image\" \/>\n<script type=\"application\/ld+json\" class=\"yoast-schema-graph\">{\"@context\":\"https:\/\/schema.org\",\"@graph\":[{\"@type\":\"WebPage\",\"@id\":\"https:\/\/beebipood.ee\/ru\/produkt\/tumba-madrats-klip-klop-kahele-eri-toonid\/\",\"url\":\"https:\/\/beebipood.ee\/ru\/produkt\/tumba-madrats-klip-klop-kahele-eri-toonid\/\",\"name\":\"Tumba-madrats Klip-klop kahele (eri toonid), \u041c\u044f\u0433\u043a\u0430\u044f \u043c\u0435\u0431\u0435\u043b\u044c, \u043a\u0440\u0435\u0441\u043b\u043e-\u043c\u0435\u0448\u043e\u043a,\u0442\u0443\u043c\u0431\u044b, T\u0443\u043c\u0431\u044b, M\u0435\u0431\u0435\u043b\u044c, Beebipood\",\"isPartOf\":{\"@id\":\"https:\/\/beebipood.ee\/ru\/#website\"},\"primaryImageOfPage\":{\"@id\":\"https:\/\/beebipood.ee\/ru\/produkt\/tumba-madrats-klip-klop-kahele-eri-toonid\/#primaryimage\"},\"image\":{\"@id\":\"https:\/\/beebipood.ee\/ru\/produkt\/tumba-madrats-klip-klop-kahele-eri-toonid\/#primaryimage\"},\"thumbnailUrl\":\"https:\/\/beebipood.ee\/wp-content\/uploads\/2013\/11\/tumba-madrats-elisabeth-helehall-sl18.jpg\",\"datePublished\":\"2013-11-21T10:10:29+00:00\",\"dateModified\":\"2025-01-09T08:52:00+00:00\",\"description\":\"Tumba-madrats Klip-klop kahele (eri toonid), * kokkupandav tumba-k&uuml;lalistevoodi v&otilde;tab v&auml;he ruumi ning on m&otilde;nus istumiseks kui k\",\"breadcrumb\":{\"@id\":\"https:\/\/beebipood.ee\/ru\/produkt\/tumba-madrats-klip-klop-kahele-eri-toonid\/#breadcrumb\"},\"inLanguage\":\"ru-RU\",\"potentialAction\":[{\"@type\":\"ReadAction\",\"target\":[\"https:\/\/beebipood.ee\/ru\/produkt\/tumba-madrats-klip-klop-kahele-eri-toonid\/\"]}]},{\"@type\":\"ImageObject\",\"inLanguage\":\"ru-RU\",\"@id\":\"https:\/\/beebipood.ee\/ru\/produkt\/tumba-madrats-klip-klop-kahele-eri-toonid\/#primaryimage\",\"url\":\"https:\/\/beebipood.ee\/wp-content\/uploads\/2013\/11\/tumba-madrats-elisabeth-helehall-sl18.jpg\",\"contentUrl\":\"https:\/\/beebipood.ee\/wp-content\/uploads\/2013\/11\/tumba-madrats-elisabeth-helehall-sl18.jpg\",\"width\":1500,\"height\":1000},{\"@type\":\"BreadcrumbList\",\"@id\":\"https:\/\/beebipood.ee\/ru\/produkt\/tumba-madrats-klip-klop-kahele-eri-toonid\/#breadcrumb\",\"itemListElement\":[{\"@type\":\"ListItem\",\"position\":1,\"name\":\"Home\",\"item\":\"https:\/\/beebipood.ee\/ru\/\"},{\"@type\":\"ListItem\",\"position\":2,\"name\":\"\u041a\u0430\u0442\u0430\u043b\u043e\u0433 \u0442\u043e\u0432\u0430\u0440\u043e\u0432\",\"item\":\"https:\/\/beebipood.ee\/tooted\/\"},{\"@type\":\"ListItem\",\"position\":3,\"name\":\"Tumba-madrats Klip-klop kahele (eri toonid)\"}]},{\"@type\":\"WebSite\",\"@id\":\"https:\/\/beebipood.ee\/ru\/#website\",\"url\":\"https:\/\/beebipood.ee\/ru\/\",\"name\":\"Beebipood\",\"description\":\"Lastekaubad, beebikaubad, m\u00e4nguasjad\",\"publisher\":{\"@id\":\"https:\/\/beebipood.ee\/ru\/#organization\"},\"potentialAction\":[{\"@type\":\"SearchAction\",\"target\":{\"@type\":\"EntryPoint\",\"urlTemplate\":\"https:\/\/beebipood.ee\/ru\/?s={search_term_string}\"},\"query-input\":{\"@type\":\"PropertyValueSpecification\",\"valueRequired\":true,\"valueName\":\"search_term_string\"}}],\"inLanguage\":\"ru-RU\"},{\"@type\":\"Organization\",\"@id\":\"https:\/\/beebipood.ee\/ru\/#organization\",\"name\":\"Beebipood\",\"url\":\"https:\/\/beebipood.ee\/ru\/\",\"logo\":{\"@type\":\"ImageObject\",\"inLanguage\":\"ru-RU\",\"@id\":\"https:\/\/beebipood.ee\/ru\/#\/schema\/logo\/image\/\",\"url\":\"https:\/\/beebipood.ee\/wp-content\/uploads\/2025\/03\/beebipood.ee-logo-1.svg\",\"contentUrl\":\"https:\/\/beebipood.ee\/wp-content\/uploads\/2025\/03\/beebipood.ee-logo-1.svg\",\"caption\":\"Beebipood\"},\"image\":{\"@id\":\"https:\/\/beebipood.ee\/ru\/#\/schema\/logo\/image\/\"}}]}<\/script>\n<!-- \/ Yoast SEO plugin. -->","yoast_head_json":{"title":"Tumba-madrats Klip-klop kahele (eri toonid), \u041c\u044f\u0433\u043a\u0430\u044f \u043c\u0435\u0431\u0435\u043b\u044c, \u043a\u0440\u0435\u0441\u043b\u043e-\u043c\u0435\u0448\u043e\u043a,\u0442\u0443\u043c\u0431\u044b, T\u0443\u043c\u0431\u044b, M\u0435\u0431\u0435\u043b\u044c, Beebipood","description":"Tumba-madrats Klip-klop kahele (eri toonid), * kokkupandav tumba-k&uuml;lalistevoodi v&otilde;tab v&auml;he ruumi ning on m&otilde;nus istumiseks kui k","robots":{"index":"index","follow":"follow","max-snippet":"max-snippet:-1","max-image-preview":"max-image-preview:large","max-video-preview":"max-video-preview:-1"},"canonical":"https:\/\/beebipood.ee\/ru\/produkt\/tumba-madrats-klip-klop-kahele-eri-toonid\/","og_locale":"ru_RU","og_type":"article","og_title":"Tumba-madrats Klip-klop kahele (eri toonid), \u041c\u044f\u0433\u043a\u0430\u044f \u043c\u0435\u0431\u0435\u043b\u044c, \u043a\u0440\u0435\u0441\u043b\u043e-\u043c\u0435\u0448\u043e\u043a,\u0442\u0443\u043c\u0431\u044b, T\u0443\u043c\u0431\u044b, M\u0435\u0431\u0435\u043b\u044c, Beebipood","og_description":"Tumba-madrats Klip-klop kahele (eri toonid), * kokkupandav tumba-k&uuml;lalistevoodi v&otilde;tab v&auml;he ruumi ning on m&otilde;nus istumiseks kui k","og_url":"https:\/\/beebipood.ee\/ru\/produkt\/tumba-madrats-klip-klop-kahele-eri-toonid\/","og_site_name":"Beebipood","article_modified_time":"2025-01-09T08:52:00+00:00","og_image":[{"width":1500,"height":1000,"url":"https:\/\/beebipood.ee\/wp-content\/uploads\/2013\/11\/tumba-madrats-elisabeth-helehall-sl18.jpg","type":"image\/jpeg"}],"twitter_card":"summary_large_image","schema":{"@context":"https:\/\/schema.org","@graph":[{"@type":"WebPage","@id":"https:\/\/beebipood.ee\/ru\/produkt\/tumba-madrats-klip-klop-kahele-eri-toonid\/","url":"https:\/\/beebipood.ee\/ru\/produkt\/tumba-madrats-klip-klop-kahele-eri-toonid\/","name":"Tumba-madrats Klip-klop kahele (eri toonid), \u041c\u044f\u0433\u043a\u0430\u044f \u043c\u0435\u0431\u0435\u043b\u044c, \u043a\u0440\u0435\u0441\u043b\u043e-\u043c\u0435\u0448\u043e\u043a,\u0442\u0443\u043c\u0431\u044b, T\u0443\u043c\u0431\u044b, M\u0435\u0431\u0435\u043b\u044c, Beebipood","isPartOf":{"@id":"https:\/\/beebipood.ee\/ru\/#website"},"primaryImageOfPage":{"@id":"https:\/\/beebipood.ee\/ru\/produkt\/tumba-madrats-klip-klop-kahele-eri-toonid\/#primaryimage"},"image":{"@id":"https:\/\/beebipood.ee\/ru\/produkt\/tumba-madrats-klip-klop-kahele-eri-toonid\/#primaryimage"},"thumbnailUrl":"https:\/\/beebipood.ee\/wp-content\/uploads\/2013\/11\/tumba-madrats-elisabeth-helehall-sl18.jpg","datePublished":"2013-11-21T10:10:29+00:00","dateModified":"2025-01-09T08:52:00+00:00","description":"Tumba-madrats Klip-klop kahele (eri toonid), * kokkupandav tumba-k&uuml;lalistevoodi v&otilde;tab v&auml;he ruumi ning on m&otilde;nus istumiseks kui k","breadcrumb":{"@id":"https:\/\/beebipood.ee\/ru\/produkt\/tumba-madrats-klip-klop-kahele-eri-toonid\/#breadcrumb"},"inLanguage":"ru-RU","potentialAction":[{"@type":"ReadAction","target":["https:\/\/beebipood.ee\/ru\/produkt\/tumba-madrats-klip-klop-kahele-eri-toonid\/"]}]},{"@type":"ImageObject","inLanguage":"ru-RU","@id":"https:\/\/beebipood.ee\/ru\/produkt\/tumba-madrats-klip-klop-kahele-eri-toonid\/#primaryimage","url":"https:\/\/beebipood.ee\/wp-content\/uploads\/2013\/11\/tumba-madrats-elisabeth-helehall-sl18.jpg","contentUrl":"https:\/\/beebipood.ee\/wp-content\/uploads\/2013\/11\/tumba-madrats-elisabeth-helehall-sl18.jpg","width":1500,"height":1000},{"@type":"BreadcrumbList","@id":"https:\/\/beebipood.ee\/ru\/produkt\/tumba-madrats-klip-klop-kahele-eri-toonid\/#breadcrumb","itemListElement":[{"@type":"ListItem","position":1,"name":"Home","item":"https:\/\/beebipood.ee\/ru\/"},{"@type":"ListItem","position":2,"name":"\u041a\u0430\u0442\u0430\u043b\u043e\u0433 \u0442\u043e\u0432\u0430\u0440\u043e\u0432","item":"https:\/\/beebipood.ee\/tooted\/"},{"@type":"ListItem","position":3,"name":"Tumba-madrats Klip-klop kahele (eri toonid)"}]},{"@type":"WebSite","@id":"https:\/\/beebipood.ee\/ru\/#website","url":"https:\/\/beebipood.ee\/ru\/","name":"Beebipood","description":"Lastekaubad, beebikaubad, m\u00e4nguasjad","publisher":{"@id":"https:\/\/beebipood.ee\/ru\/#organization"},"potentialAction":[{"@type":"SearchAction","target":{"@type":"EntryPoint","urlTemplate":"https:\/\/beebipood.ee\/ru\/?s={search_term_string}"},"query-input":{"@type":"PropertyValueSpecification","valueRequired":true,"valueName":"search_term_string"}}],"inLanguage":"ru-RU"},{"@type":"Organization","@id":"https:\/\/beebipood.ee\/ru\/#organization","name":"Beebipood","url":"https:\/\/beebipood.ee\/ru\/","logo":{"@type":"ImageObject","inLanguage":"ru-RU","@id":"https:\/\/beebipood.ee\/ru\/#\/schema\/logo\/image\/","url":"https:\/\/beebipood.ee\/wp-content\/uploads\/2025\/03\/beebipood.ee-logo-1.svg","contentUrl":"https:\/\/beebipood.ee\/wp-content\/uploads\/2025\/03\/beebipood.ee-logo-1.svg","caption":"Beebipood"},"image":{"@id":"https:\/\/beebipood.ee\/ru\/#\/schema\/logo\/image\/"}}]}},"brands":[],"_links":{"self":[{"href":"https:\/\/beebipood.ee\/ru\/wp-json\/wp\/v2\/product\/454878","targetHints":{"allow":["GET"]}}],"collection":[{"href":"https:\/\/beebipood.ee\/ru\/wp-json\/wp\/v2\/product"}],"about":[{"href":"https:\/\/beebipood.ee\/ru\/wp-json\/wp\/v2\/types\/product"}],"wp:featuredmedia":[{"embeddable":true,"href":"https:\/\/beebipood.ee\/ru\/wp-json\/wp\/v2\/media\/505775"}],"wp:attachment":[{"href":"https:\/\/beebipood.ee\/ru\/wp-json\/wp\/v2\/media?parent=454878"}],"wp:term":[{"taxonomy":"pwb-brand","embeddable":true,"href":"https:\/\/beebipood.ee\/ru\/wp-json\/wp\/v2\/pwb-brand?post=454878"},{"taxonomy":"product_brand","embeddable":true,"href":"https:\/\/beebipood.ee\/ru\/wp-json\/wp\/v2\/product_brand?post=454878"},{"taxonomy":"product_cat","embeddable":true,"href":"https:\/\/beebipood.ee\/ru\/wp-json\/wp\/v2\/product_cat?post=454878"},{"taxonomy":"product_tag","embeddable":true,"href":"https:\/\/beebipood.ee\/ru\/wp-json\/wp\/v2\/product_tag?post=454878"}],"curies":[{"name":"wp","href":"https:\/\/api.w.org\/{rel}","templated":true}]}}