{"id":454882,"date":"2013-11-24T11:57:03","date_gmt":"2013-11-24T09:57:03","guid":{"rendered":"https:\/\/beebipood.ee\/toode\/lastetool-miki-h-40-mix-peitsid\/"},"modified":"2025-01-09T10:52:00","modified_gmt":"2025-01-09T08:52:00","slug":"lastetool-miki-h-40-mix-peitsid","status":"publish","type":"product","link":"https:\/\/beebipood.ee\/ru\/produkt\/lastetool-miki-h-40-mix-peitsid\/","title":{"rendered":"Lastetool Miki H-40 mix peitsid"},"content":{"rendered":"<p>* m\u00e4nnipuidust lastetool\u00a0<br \/>* viimistlus: peits ja naturaalne lakk<br \/>* valmistatud Eestis<br \/>* tegemist 100% kodumaise tootega<br \/>Tool istme k\u00f5rgusega 400mm<br \/>Seljatoe k\u00f5rgus 700mm. <br \/>Tooli plaadi m\u00f5\u00f5t 320x320mm.<br \/>NB! \u00a0esimene v\u00e4rv n\u00e4itab tooli raami tooni, teine v\u00e4rv istmeplaadi tooni\u00a0<\/p>\n","protected":false},"excerpt":{"rendered":"<p>* m\u00e4nnipuidust lastetool\u00a0* viimistlus: peits ja naturaalne lakk* valmistatud Eestis* tegemist 100% kodumaise tootegaTool istme k\u00f5rgusega 400mmSeljatoe k\u00f5rgus 700mm. Tooli plaadi m\u00f5\u00f5t 320x320mm.NB! \u00a0esimene v\u00e4rv n\u00e4itab tooli raami tooni, teine v\u00e4rv istmeplaadi tooni\u00a0<\/p>\n","protected":false},"featured_media":102033,"template":"","meta":{"_acf_changed":false},"pwb-brand":[],"product_brand":[],"product_cat":[11651,11647,11789],"product_tag":[],"class_list":{"0":"post-454882","1":"product","2":"type-product","3":"status-publish","4":"has-post-thumbnail","6":"product_cat-lastetoolid-ru","7":"product_cat-lastelauad-toolid-arvuti-ja-kirjutuslauad-ru","8":"product_cat-lastemoobel-ja-sisustus-ru","10":"first","11":"onbackorder","12":"sale","13":"taxable","14":"shipping-taxable","15":"purchasable","16":"product-type-simple"},"exclude_global_add_ons":false,"addons":[{"name":"Vali v\u00e4rv","type":"multiple_choice","position":0,"required":true,"title_format":"heading","default":"","description_enable":false,"description":"","placeholder_enable":false,"placeholder":"","display":"images","restrictions_type":"any_text","adjust_price":false,"price":"","price_type":"flat_fee","restrictions":false,"min":"0","max":"0","options":[{"label":"lakk \/ kollane","price":"","price_type":"quantity_based","image":500905,"visibility":true},{"label":"lakk \/ oran\u017e","price":"","price_type":"quantity_based","image":500907,"visibility":true},{"label":"lakk \/ punane","price":"","price_type":"quantity_based","image":500909,"visibility":true},{"label":"lakk \/ roheline","price":"","price_type":"quantity_based","image":500911,"visibility":true},{"label":"lakk \/ roosa","price":"","price_type":"quantity_based","image":500913,"visibility":true},{"label":"lakk \/ t. pruun","price":"","price_type":"quantity_based","image":500915,"visibility":true},{"label":"kollane \/ oran\u017e","price":"","price_type":"quantity_based","image":500917,"visibility":true},{"label":"kollane \/ roheline","price":"","price_type":"quantity_based","image":500919,"visibility":true},{"label":"valge peits \/ h. sinine","price":"","price_type":"quantity_based","image":500921,"visibility":true},{"label":"valge peits \/ kollane","price":"","price_type":"quantity_based","image":500923,"visibility":true},{"label":"valge peits \/ oran\u017e","price":"","price_type":"quantity_based","image":500925,"visibility":true},{"label":"valge peits \/ punane","price":"","price_type":"quantity_based","image":500927,"visibility":true},{"label":"valge peits \/ roosa","price":"","price_type":"quantity_based","image":500929,"visibility":true},{"label":"valge peits \/ t. pruun","price":"","price_type":"quantity_based","image":500931,"visibility":true}]}],"acf":[],"yoast_head":"<!-- This site is optimized with the Yoast SEO plugin v27.1.1 - https:\/\/yoast.com\/product\/yoast-seo-wordpress\/ -->\n<title>Lastetool Miki H-40 mix peitsid, \u0414\u0435\u0442\u0441\u043a\u0438\u0435 \u0441\u0442\u043e\u043b\u044b, \u0441\u0442\u0443\u043b\u044c\u044f, \u043f\u0438\u0441\u044c\u043c\u0435\u043d\u043d\u044b\u0435 \u0441\u0442\u043e\u043b\u044b, \u0414\u0435\u0442\u0441\u043a\u0438\u0435 \u0441\u0442\u0443\u043b\u044c\u044f, M\u0435\u0431\u0435\u043b\u044c, Beebipood<\/title>\n<meta name=\"description\" content=\"Lastetool Miki H-40 mix peitsid, * m&auml;nnipuidust lastetool&nbsp;* viimistlus: peits ja naturaalne lakk* valmistatud Eestis* tegemist 10\" \/>\n<meta name=\"robots\" content=\"index, follow, max-snippet:-1, max-image-preview:large, max-video-preview:-1\" \/>\n<link rel=\"canonical\" href=\"https:\/\/beebipood.ee\/ru\/produkt\/lastetool-miki-h-40-mix-peitsid\/\" \/>\n<meta property=\"og:locale\" content=\"ru_RU\" \/>\n<meta property=\"og:type\" content=\"article\" \/>\n<meta property=\"og:title\" content=\"Lastetool Miki H-40 mix peitsid, \u0414\u0435\u0442\u0441\u043a\u0438\u0435 \u0441\u0442\u043e\u043b\u044b, \u0441\u0442\u0443\u043b\u044c\u044f, \u043f\u0438\u0441\u044c\u043c\u0435\u043d\u043d\u044b\u0435 \u0441\u0442\u043e\u043b\u044b, \u0414\u0435\u0442\u0441\u043a\u0438\u0435 \u0441\u0442\u0443\u043b\u044c\u044f, M\u0435\u0431\u0435\u043b\u044c, Beebipood\" \/>\n<meta property=\"og:description\" content=\"Lastetool Miki H-40 mix peitsid, * m&auml;nnipuidust lastetool&nbsp;* viimistlus: peits ja naturaalne lakk* valmistatud Eestis* tegemist 10\" \/>\n<meta property=\"og:url\" content=\"https:\/\/beebipood.ee\/ru\/produkt\/lastetool-miki-h-40-mix-peitsid\/\" \/>\n<meta property=\"og:site_name\" content=\"Beebipood\" \/>\n<meta property=\"article:modified_time\" content=\"2025-01-09T08:52:00+00:00\" \/>\n<meta property=\"og:image\" content=\"https:\/\/beebipood.ee\/wp-content\/uploads\/2013\/11\/Lastetool-Miki-H40-mix-peitsid-Lastelauad-toolid-Arvutija-kirjutuslauad-Lastetoolid-Lastemoobel-ja-sisustus_1-ffe.jpg\" \/>\n\t<meta property=\"og:image:width\" content=\"889\" \/>\n\t<meta property=\"og:image:height\" content=\"666\" \/>\n\t<meta property=\"og:image:type\" content=\"image\/jpeg\" \/>\n<meta name=\"twitter:card\" content=\"summary_large_image\" \/>\n<script type=\"application\/ld+json\" class=\"yoast-schema-graph\">{\"@context\":\"https:\/\/schema.org\",\"@graph\":[{\"@type\":\"WebPage\",\"@id\":\"https:\/\/beebipood.ee\/ru\/produkt\/lastetool-miki-h-40-mix-peitsid\/\",\"url\":\"https:\/\/beebipood.ee\/ru\/produkt\/lastetool-miki-h-40-mix-peitsid\/\",\"name\":\"Lastetool Miki H-40 mix peitsid, \u0414\u0435\u0442\u0441\u043a\u0438\u0435 \u0441\u0442\u043e\u043b\u044b, \u0441\u0442\u0443\u043b\u044c\u044f, \u043f\u0438\u0441\u044c\u043c\u0435\u043d\u043d\u044b\u0435 \u0441\u0442\u043e\u043b\u044b, \u0414\u0435\u0442\u0441\u043a\u0438\u0435 \u0441\u0442\u0443\u043b\u044c\u044f, M\u0435\u0431\u0435\u043b\u044c, Beebipood\",\"isPartOf\":{\"@id\":\"https:\/\/beebipood.ee\/ru\/#website\"},\"primaryImageOfPage\":{\"@id\":\"https:\/\/beebipood.ee\/ru\/produkt\/lastetool-miki-h-40-mix-peitsid\/#primaryimage\"},\"image\":{\"@id\":\"https:\/\/beebipood.ee\/ru\/produkt\/lastetool-miki-h-40-mix-peitsid\/#primaryimage\"},\"thumbnailUrl\":\"https:\/\/beebipood.ee\/wp-content\/uploads\/2013\/11\/Lastetool-Miki-H40-mix-peitsid-Lastelauad-toolid-Arvutija-kirjutuslauad-Lastetoolid-Lastemoobel-ja-sisustus_1-ffe.jpg\",\"datePublished\":\"2013-11-24T09:57:03+00:00\",\"dateModified\":\"2025-01-09T08:52:00+00:00\",\"description\":\"Lastetool Miki H-40 mix peitsid, * m&auml;nnipuidust lastetool&nbsp;* viimistlus: peits ja naturaalne lakk* valmistatud Eestis* tegemist 10\",\"breadcrumb\":{\"@id\":\"https:\/\/beebipood.ee\/ru\/produkt\/lastetool-miki-h-40-mix-peitsid\/#breadcrumb\"},\"inLanguage\":\"ru-RU\",\"potentialAction\":[{\"@type\":\"ReadAction\",\"target\":[\"https:\/\/beebipood.ee\/ru\/produkt\/lastetool-miki-h-40-mix-peitsid\/\"]}]},{\"@type\":\"ImageObject\",\"inLanguage\":\"ru-RU\",\"@id\":\"https:\/\/beebipood.ee\/ru\/produkt\/lastetool-miki-h-40-mix-peitsid\/#primaryimage\",\"url\":\"https:\/\/beebipood.ee\/wp-content\/uploads\/2013\/11\/Lastetool-Miki-H40-mix-peitsid-Lastelauad-toolid-Arvutija-kirjutuslauad-Lastetoolid-Lastemoobel-ja-sisustus_1-ffe.jpg\",\"contentUrl\":\"https:\/\/beebipood.ee\/wp-content\/uploads\/2013\/11\/Lastetool-Miki-H40-mix-peitsid-Lastelauad-toolid-Arvutija-kirjutuslauad-Lastetoolid-Lastemoobel-ja-sisustus_1-ffe.jpg\",\"width\":889,\"height\":666},{\"@type\":\"BreadcrumbList\",\"@id\":\"https:\/\/beebipood.ee\/ru\/produkt\/lastetool-miki-h-40-mix-peitsid\/#breadcrumb\",\"itemListElement\":[{\"@type\":\"ListItem\",\"position\":1,\"name\":\"Home\",\"item\":\"https:\/\/beebipood.ee\/ru\/\"},{\"@type\":\"ListItem\",\"position\":2,\"name\":\"\u041a\u0430\u0442\u0430\u043b\u043e\u0433 \u0442\u043e\u0432\u0430\u0440\u043e\u0432\",\"item\":\"https:\/\/beebipood.ee\/tooted\/\"},{\"@type\":\"ListItem\",\"position\":3,\"name\":\"Lastetool Miki H-40 mix peitsid\"}]},{\"@type\":\"WebSite\",\"@id\":\"https:\/\/beebipood.ee\/ru\/#website\",\"url\":\"https:\/\/beebipood.ee\/ru\/\",\"name\":\"Beebipood\",\"description\":\"Lastekaubad, beebikaubad, m\u00e4nguasjad\",\"publisher\":{\"@id\":\"https:\/\/beebipood.ee\/ru\/#organization\"},\"potentialAction\":[{\"@type\":\"SearchAction\",\"target\":{\"@type\":\"EntryPoint\",\"urlTemplate\":\"https:\/\/beebipood.ee\/ru\/?s={search_term_string}\"},\"query-input\":{\"@type\":\"PropertyValueSpecification\",\"valueRequired\":true,\"valueName\":\"search_term_string\"}}],\"inLanguage\":\"ru-RU\"},{\"@type\":\"Organization\",\"@id\":\"https:\/\/beebipood.ee\/ru\/#organization\",\"name\":\"Beebipood\",\"url\":\"https:\/\/beebipood.ee\/ru\/\",\"logo\":{\"@type\":\"ImageObject\",\"inLanguage\":\"ru-RU\",\"@id\":\"https:\/\/beebipood.ee\/ru\/#\/schema\/logo\/image\/\",\"url\":\"https:\/\/beebipood.ee\/wp-content\/uploads\/2025\/03\/beebipood.ee-logo-1.svg\",\"contentUrl\":\"https:\/\/beebipood.ee\/wp-content\/uploads\/2025\/03\/beebipood.ee-logo-1.svg\",\"caption\":\"Beebipood\"},\"image\":{\"@id\":\"https:\/\/beebipood.ee\/ru\/#\/schema\/logo\/image\/\"}}]}<\/script>\n<!-- \/ Yoast SEO plugin. -->","yoast_head_json":{"title":"Lastetool Miki H-40 mix peitsid, \u0414\u0435\u0442\u0441\u043a\u0438\u0435 \u0441\u0442\u043e\u043b\u044b, \u0441\u0442\u0443\u043b\u044c\u044f, \u043f\u0438\u0441\u044c\u043c\u0435\u043d\u043d\u044b\u0435 \u0441\u0442\u043e\u043b\u044b, \u0414\u0435\u0442\u0441\u043a\u0438\u0435 \u0441\u0442\u0443\u043b\u044c\u044f, M\u0435\u0431\u0435\u043b\u044c, Beebipood","description":"Lastetool Miki H-40 mix peitsid, * m&auml;nnipuidust lastetool&nbsp;* viimistlus: peits ja naturaalne lakk* valmistatud Eestis* tegemist 10","robots":{"index":"index","follow":"follow","max-snippet":"max-snippet:-1","max-image-preview":"max-image-preview:large","max-video-preview":"max-video-preview:-1"},"canonical":"https:\/\/beebipood.ee\/ru\/produkt\/lastetool-miki-h-40-mix-peitsid\/","og_locale":"ru_RU","og_type":"article","og_title":"Lastetool Miki H-40 mix peitsid, \u0414\u0435\u0442\u0441\u043a\u0438\u0435 \u0441\u0442\u043e\u043b\u044b, \u0441\u0442\u0443\u043b\u044c\u044f, \u043f\u0438\u0441\u044c\u043c\u0435\u043d\u043d\u044b\u0435 \u0441\u0442\u043e\u043b\u044b, \u0414\u0435\u0442\u0441\u043a\u0438\u0435 \u0441\u0442\u0443\u043b\u044c\u044f, M\u0435\u0431\u0435\u043b\u044c, Beebipood","og_description":"Lastetool Miki H-40 mix peitsid, * m&auml;nnipuidust lastetool&nbsp;* viimistlus: peits ja naturaalne lakk* valmistatud Eestis* tegemist 10","og_url":"https:\/\/beebipood.ee\/ru\/produkt\/lastetool-miki-h-40-mix-peitsid\/","og_site_name":"Beebipood","article_modified_time":"2025-01-09T08:52:00+00:00","og_image":[{"width":889,"height":666,"url":"https:\/\/beebipood.ee\/wp-content\/uploads\/2013\/11\/Lastetool-Miki-H40-mix-peitsid-Lastelauad-toolid-Arvutija-kirjutuslauad-Lastetoolid-Lastemoobel-ja-sisustus_1-ffe.jpg","type":"image\/jpeg"}],"twitter_card":"summary_large_image","schema":{"@context":"https:\/\/schema.org","@graph":[{"@type":"WebPage","@id":"https:\/\/beebipood.ee\/ru\/produkt\/lastetool-miki-h-40-mix-peitsid\/","url":"https:\/\/beebipood.ee\/ru\/produkt\/lastetool-miki-h-40-mix-peitsid\/","name":"Lastetool Miki H-40 mix peitsid, \u0414\u0435\u0442\u0441\u043a\u0438\u0435 \u0441\u0442\u043e\u043b\u044b, \u0441\u0442\u0443\u043b\u044c\u044f, \u043f\u0438\u0441\u044c\u043c\u0435\u043d\u043d\u044b\u0435 \u0441\u0442\u043e\u043b\u044b, \u0414\u0435\u0442\u0441\u043a\u0438\u0435 \u0441\u0442\u0443\u043b\u044c\u044f, M\u0435\u0431\u0435\u043b\u044c, Beebipood","isPartOf":{"@id":"https:\/\/beebipood.ee\/ru\/#website"},"primaryImageOfPage":{"@id":"https:\/\/beebipood.ee\/ru\/produkt\/lastetool-miki-h-40-mix-peitsid\/#primaryimage"},"image":{"@id":"https:\/\/beebipood.ee\/ru\/produkt\/lastetool-miki-h-40-mix-peitsid\/#primaryimage"},"thumbnailUrl":"https:\/\/beebipood.ee\/wp-content\/uploads\/2013\/11\/Lastetool-Miki-H40-mix-peitsid-Lastelauad-toolid-Arvutija-kirjutuslauad-Lastetoolid-Lastemoobel-ja-sisustus_1-ffe.jpg","datePublished":"2013-11-24T09:57:03+00:00","dateModified":"2025-01-09T08:52:00+00:00","description":"Lastetool Miki H-40 mix peitsid, * m&auml;nnipuidust lastetool&nbsp;* viimistlus: peits ja naturaalne lakk* valmistatud Eestis* tegemist 10","breadcrumb":{"@id":"https:\/\/beebipood.ee\/ru\/produkt\/lastetool-miki-h-40-mix-peitsid\/#breadcrumb"},"inLanguage":"ru-RU","potentialAction":[{"@type":"ReadAction","target":["https:\/\/beebipood.ee\/ru\/produkt\/lastetool-miki-h-40-mix-peitsid\/"]}]},{"@type":"ImageObject","inLanguage":"ru-RU","@id":"https:\/\/beebipood.ee\/ru\/produkt\/lastetool-miki-h-40-mix-peitsid\/#primaryimage","url":"https:\/\/beebipood.ee\/wp-content\/uploads\/2013\/11\/Lastetool-Miki-H40-mix-peitsid-Lastelauad-toolid-Arvutija-kirjutuslauad-Lastetoolid-Lastemoobel-ja-sisustus_1-ffe.jpg","contentUrl":"https:\/\/beebipood.ee\/wp-content\/uploads\/2013\/11\/Lastetool-Miki-H40-mix-peitsid-Lastelauad-toolid-Arvutija-kirjutuslauad-Lastetoolid-Lastemoobel-ja-sisustus_1-ffe.jpg","width":889,"height":666},{"@type":"BreadcrumbList","@id":"https:\/\/beebipood.ee\/ru\/produkt\/lastetool-miki-h-40-mix-peitsid\/#breadcrumb","itemListElement":[{"@type":"ListItem","position":1,"name":"Home","item":"https:\/\/beebipood.ee\/ru\/"},{"@type":"ListItem","position":2,"name":"\u041a\u0430\u0442\u0430\u043b\u043e\u0433 \u0442\u043e\u0432\u0430\u0440\u043e\u0432","item":"https:\/\/beebipood.ee\/tooted\/"},{"@type":"ListItem","position":3,"name":"Lastetool Miki H-40 mix peitsid"}]},{"@type":"WebSite","@id":"https:\/\/beebipood.ee\/ru\/#website","url":"https:\/\/beebipood.ee\/ru\/","name":"Beebipood","description":"Lastekaubad, beebikaubad, m\u00e4nguasjad","publisher":{"@id":"https:\/\/beebipood.ee\/ru\/#organization"},"potentialAction":[{"@type":"SearchAction","target":{"@type":"EntryPoint","urlTemplate":"https:\/\/beebipood.ee\/ru\/?s={search_term_string}"},"query-input":{"@type":"PropertyValueSpecification","valueRequired":true,"valueName":"search_term_string"}}],"inLanguage":"ru-RU"},{"@type":"Organization","@id":"https:\/\/beebipood.ee\/ru\/#organization","name":"Beebipood","url":"https:\/\/beebipood.ee\/ru\/","logo":{"@type":"ImageObject","inLanguage":"ru-RU","@id":"https:\/\/beebipood.ee\/ru\/#\/schema\/logo\/image\/","url":"https:\/\/beebipood.ee\/wp-content\/uploads\/2025\/03\/beebipood.ee-logo-1.svg","contentUrl":"https:\/\/beebipood.ee\/wp-content\/uploads\/2025\/03\/beebipood.ee-logo-1.svg","caption":"Beebipood"},"image":{"@id":"https:\/\/beebipood.ee\/ru\/#\/schema\/logo\/image\/"}}]}},"brands":[],"_links":{"self":[{"href":"https:\/\/beebipood.ee\/ru\/wp-json\/wp\/v2\/product\/454882","targetHints":{"allow":["GET"]}}],"collection":[{"href":"https:\/\/beebipood.ee\/ru\/wp-json\/wp\/v2\/product"}],"about":[{"href":"https:\/\/beebipood.ee\/ru\/wp-json\/wp\/v2\/types\/product"}],"wp:featuredmedia":[{"embeddable":true,"href":"https:\/\/beebipood.ee\/ru\/wp-json\/wp\/v2\/media\/102033"}],"wp:attachment":[{"href":"https:\/\/beebipood.ee\/ru\/wp-json\/wp\/v2\/media?parent=454882"}],"wp:term":[{"taxonomy":"pwb-brand","embeddable":true,"href":"https:\/\/beebipood.ee\/ru\/wp-json\/wp\/v2\/pwb-brand?post=454882"},{"taxonomy":"product_brand","embeddable":true,"href":"https:\/\/beebipood.ee\/ru\/wp-json\/wp\/v2\/product_brand?post=454882"},{"taxonomy":"product_cat","embeddable":true,"href":"https:\/\/beebipood.ee\/ru\/wp-json\/wp\/v2\/product_cat?post=454882"},{"taxonomy":"product_tag","embeddable":true,"href":"https:\/\/beebipood.ee\/ru\/wp-json\/wp\/v2\/product_tag?post=454882"}],"curies":[{"name":"wp","href":"https:\/\/api.w.org\/{rel}","templated":true}]}}