{"id":454886,"date":"2013-11-26T15:41:58","date_gmt":"2013-11-26T13:41:58","guid":{"rendered":"https:\/\/beebipood.ee\/toode\/babymoov-nutribaby-one-4in1-koogikombain\/"},"modified":"2025-01-09T10:52:00","modified_gmt":"2025-01-09T08:52:00","slug":"babymoov-nutribaby-one-4in1-koogikombain","status":"publish","type":"product","link":"https:\/\/beebipood.ee\/ru\/produkt\/babymoov-nutribaby-one-4in1-koogikombain\/","title":{"rendered":"Babymoov Nutribaby One 4in1 k\u00f6\u00f6gikombain"},"content":{"rendered":"<p>\u00dclimalt lihtsasti kasutatav Nutribaby One k\u00f6\u00f6gikombain <br \/>sisaldab endas nelja erinevad v\u00f5imalust:<br \/>aurutamine, blenderdamine, sulatamine ja soojendamine.<br \/>Maksimaalne toitev\u00e4\u00e4rtus minimaalse pingutuse eest.<br \/>Omadused<br \/>4-in-1 multifunktsionaalne k\u00f6\u00f6gikombain: aurutamine, blender, soojendamine, sulatamine<br \/>Lihtsasti kasutatav &#8212; \u00fcks nupp, mille abil saab muuta k\u00f5iki programme <br \/>(blender k\u00e4ivitub kannu juurest olevast nupust)<br \/>3 veetaset (100\/200\/300ml) &#8212; olenevalt toidukogusest<br \/>Suur mahutavus (2 liitrit) &#8212; 1300ml toiduvalmistamis \u00fcksus ja 700ml blender<br \/>Aurutamine ja blenderamine toimib samaaegselt<br \/>Aeglane aurutamine &#8212; s\u00e4ilitab palju rohkem toitaineid <br \/>ja vitamiine, mis on k\u00f5ik beebile vajalikud<br \/>Kohandatav &#8212; toiduvedeliku anum kogub k\u00f5ik toitained <br \/>ja vitamiinid ning selle vedelikuga saab vastavalt vajadusele kohandada p\u00fcree <br \/>v\u00f5i m\u00f5ne muu toidu tihedust<br \/>\u00dcks lisaanum aurutamiseks &#8212; niimoodi saab valmistada mitut erinevat toidugruppi \u00fchel ajal<br \/><span style=\"text-decoration: underline;\">N\u00e4itajad<\/span><br \/>M\u00f5\u00f5dud 18 x 31 x 31cm (s\u00fcgavus, laius, k\u00f5rgus)<br \/>Toimib vooluv\u00f5rgust (adapter on komplektis)<br \/>K\u00f5ik detailid v.a elektrilised osad on masinpestavad<\/p>\n","protected":false},"excerpt":{"rendered":"<p>\u00dclimalt lihtsasti kasutatav Nutribaby One k\u00f6\u00f6gikombain sisaldab endas nelja erinevad v\u00f5imalust:aurutamine, blenderdamine, sulatamine ja soojendamine.Maksimaalne toitev\u00e4\u00e4rtus minimaalse pingutuse eest.Omadused4-in-1 multifunktsionaalne k\u00f6\u00f6gikombain: aurutamine, blender, soojendamine, sulatamineLihtsasti kasutatav &#8212; \u00fcks nupp, mille abil saab muuta k\u00f5iki programme (blender k\u00e4ivitub kannu juurest olevast nupust)3 veetaset (100\/200\/300ml) &#8212; olenevalt toidukogusestSuur mahutavus (2 liitrit) &#8212; 1300ml toiduvalmistamis \u00fcksus ja 700ml [&hellip;]<\/p>\n","protected":false},"featured_media":505705,"template":"","meta":{"_acf_changed":false},"pwb-brand":[11976],"product_brand":[],"product_cat":[11709,11883],"product_tag":[],"class_list":{"0":"post-454886","1":"product","2":"type-product","3":"status-publish","4":"has-post-thumbnail","6":"pwb-brand-babymoov-ru","7":"product_cat-sootmistoolid-beebi-ja-lastetarbed-mahkimine-hugieen-ru","8":"product_cat-toidu-valmistamine-ru","9":"pa_manufacturer-babymoov-ru","11":"first","12":"onbackorder","13":"taxable","14":"shipping-taxable","15":"purchasable","16":"product-type-simple"},"exclude_global_add_ons":[],"addons":[],"acf":[],"yoast_head":"<!-- This site is optimized with the Yoast SEO plugin v27.1.1 - https:\/\/yoast.com\/product\/yoast-seo-wordpress\/ -->\n<title>Babymoov Nutribaby One 4in1 k\u00f6\u00f6gikombain, \u041f\u0440\u0438\u043d\u0430\u0434\u043b\u0435\u0436\u043d\u043e\u0441\u0442\u0438 \u0434\u043b\u044f \u043c\u043b\u0430\u0434\u0435\u043d\u0446\u0435\u0432, \u041f\u0440\u0438\u0433\u043e\u0442\u043e\u0432\u043b\u0435\u043d\u0438\u0435 , Beebipood<\/title>\n<meta name=\"description\" content=\"Babymoov Nutribaby One 4in1 k\u00f6\u00f6gikombain, &Uuml;limalt lihtsasti kasutatav Nutribaby One k&ouml;&ouml;gikombain sisaldab endas nelja erinevad v&amp;otild\" \/>\n<meta name=\"robots\" content=\"index, follow, max-snippet:-1, max-image-preview:large, max-video-preview:-1\" \/>\n<link rel=\"canonical\" href=\"https:\/\/beebipood.ee\/ru\/produkt\/babymoov-nutribaby-one-4in1-koogikombain\/\" \/>\n<meta property=\"og:locale\" content=\"ru_RU\" \/>\n<meta property=\"og:type\" content=\"article\" \/>\n<meta property=\"og:title\" content=\"Babymoov Nutribaby One 4in1 k\u00f6\u00f6gikombain, \u041f\u0440\u0438\u043d\u0430\u0434\u043b\u0435\u0436\u043d\u043e\u0441\u0442\u0438 \u0434\u043b\u044f \u043c\u043b\u0430\u0434\u0435\u043d\u0446\u0435\u0432, \u041f\u0440\u0438\u0433\u043e\u0442\u043e\u0432\u043b\u0435\u043d\u0438\u0435 , Beebipood\" \/>\n<meta property=\"og:description\" content=\"Babymoov Nutribaby One 4in1 k\u00f6\u00f6gikombain, &Uuml;limalt lihtsasti kasutatav Nutribaby One k&ouml;&ouml;gikombain sisaldab endas nelja erinevad v&amp;otild\" \/>\n<meta property=\"og:url\" content=\"https:\/\/beebipood.ee\/ru\/produkt\/babymoov-nutribaby-one-4in1-koogikombain\/\" \/>\n<meta property=\"og:site_name\" content=\"Beebipood\" \/>\n<meta property=\"article:modified_time\" content=\"2025-01-09T08:52:00+00:00\" \/>\n<meta property=\"og:image\" content=\"https:\/\/beebipood.ee\/wp-content\/uploads\/2013\/11\/Babymoov-Nutribaby-One-4in1-koogikombain-UUED-TOOTED-Beebi-ja-lastetarbed-Toiduvalmistamine_2-91a.jpg\" \/>\n\t<meta property=\"og:image:width\" content=\"800\" \/>\n\t<meta property=\"og:image:height\" content=\"800\" \/>\n\t<meta property=\"og:image:type\" content=\"image\/jpeg\" \/>\n<meta name=\"twitter:card\" content=\"summary_large_image\" \/>\n<meta name=\"twitter:label1\" content=\"\u041f\u0440\u0438\u043c\u0435\u0440\u043d\u043e\u0435 \u0432\u0440\u0435\u043c\u044f \u0434\u043b\u044f \u0447\u0442\u0435\u043d\u0438\u044f\" \/>\n\t<meta name=\"twitter:data1\" content=\"1 \u043c\u0438\u043d\u0443\u0442\u0430\" \/>\n<script type=\"application\/ld+json\" class=\"yoast-schema-graph\">{\"@context\":\"https:\/\/schema.org\",\"@graph\":[{\"@type\":\"WebPage\",\"@id\":\"https:\/\/beebipood.ee\/ru\/produkt\/babymoov-nutribaby-one-4in1-koogikombain\/\",\"url\":\"https:\/\/beebipood.ee\/ru\/produkt\/babymoov-nutribaby-one-4in1-koogikombain\/\",\"name\":\"Babymoov Nutribaby One 4in1 k\u00f6\u00f6gikombain, \u041f\u0440\u0438\u043d\u0430\u0434\u043b\u0435\u0436\u043d\u043e\u0441\u0442\u0438 \u0434\u043b\u044f \u043c\u043b\u0430\u0434\u0435\u043d\u0446\u0435\u0432, \u041f\u0440\u0438\u0433\u043e\u0442\u043e\u0432\u043b\u0435\u043d\u0438\u0435 , Beebipood\",\"isPartOf\":{\"@id\":\"https:\/\/beebipood.ee\/ru\/#website\"},\"primaryImageOfPage\":{\"@id\":\"https:\/\/beebipood.ee\/ru\/produkt\/babymoov-nutribaby-one-4in1-koogikombain\/#primaryimage\"},\"image\":{\"@id\":\"https:\/\/beebipood.ee\/ru\/produkt\/babymoov-nutribaby-one-4in1-koogikombain\/#primaryimage\"},\"thumbnailUrl\":\"https:\/\/beebipood.ee\/wp-content\/uploads\/2013\/11\/babymoov_nutribaby_one_k_gikombain_8_.png\",\"datePublished\":\"2013-11-26T13:41:58+00:00\",\"dateModified\":\"2025-01-09T08:52:00+00:00\",\"description\":\"Babymoov Nutribaby One 4in1 k\u00f6\u00f6gikombain, &Uuml;limalt lihtsasti kasutatav Nutribaby One k&ouml;&ouml;gikombain sisaldab endas nelja erinevad v&otild\",\"breadcrumb\":{\"@id\":\"https:\/\/beebipood.ee\/ru\/produkt\/babymoov-nutribaby-one-4in1-koogikombain\/#breadcrumb\"},\"inLanguage\":\"ru-RU\",\"potentialAction\":[{\"@type\":\"ReadAction\",\"target\":[\"https:\/\/beebipood.ee\/ru\/produkt\/babymoov-nutribaby-one-4in1-koogikombain\/\"]}]},{\"@type\":\"ImageObject\",\"inLanguage\":\"ru-RU\",\"@id\":\"https:\/\/beebipood.ee\/ru\/produkt\/babymoov-nutribaby-one-4in1-koogikombain\/#primaryimage\",\"url\":\"https:\/\/beebipood.ee\/wp-content\/uploads\/2013\/11\/babymoov_nutribaby_one_k_gikombain_8_.png\",\"contentUrl\":\"https:\/\/beebipood.ee\/wp-content\/uploads\/2013\/11\/babymoov_nutribaby_one_k_gikombain_8_.png\",\"width\":800,\"height\":800},{\"@type\":\"BreadcrumbList\",\"@id\":\"https:\/\/beebipood.ee\/ru\/produkt\/babymoov-nutribaby-one-4in1-koogikombain\/#breadcrumb\",\"itemListElement\":[{\"@type\":\"ListItem\",\"position\":1,\"name\":\"Home\",\"item\":\"https:\/\/beebipood.ee\/ru\/\"},{\"@type\":\"ListItem\",\"position\":2,\"name\":\"\u041a\u0430\u0442\u0430\u043b\u043e\u0433 \u0442\u043e\u0432\u0430\u0440\u043e\u0432\",\"item\":\"https:\/\/beebipood.ee\/tooted\/\"},{\"@type\":\"ListItem\",\"position\":3,\"name\":\"Babymoov Nutribaby One 4in1 k\u00f6\u00f6gikombain\"}]},{\"@type\":\"WebSite\",\"@id\":\"https:\/\/beebipood.ee\/ru\/#website\",\"url\":\"https:\/\/beebipood.ee\/ru\/\",\"name\":\"Beebipood\",\"description\":\"Lastekaubad, beebikaubad, m\u00e4nguasjad\",\"publisher\":{\"@id\":\"https:\/\/beebipood.ee\/ru\/#organization\"},\"potentialAction\":[{\"@type\":\"SearchAction\",\"target\":{\"@type\":\"EntryPoint\",\"urlTemplate\":\"https:\/\/beebipood.ee\/ru\/?s={search_term_string}\"},\"query-input\":{\"@type\":\"PropertyValueSpecification\",\"valueRequired\":true,\"valueName\":\"search_term_string\"}}],\"inLanguage\":\"ru-RU\"},{\"@type\":\"Organization\",\"@id\":\"https:\/\/beebipood.ee\/ru\/#organization\",\"name\":\"Beebipood\",\"url\":\"https:\/\/beebipood.ee\/ru\/\",\"logo\":{\"@type\":\"ImageObject\",\"inLanguage\":\"ru-RU\",\"@id\":\"https:\/\/beebipood.ee\/ru\/#\/schema\/logo\/image\/\",\"url\":\"https:\/\/beebipood.ee\/wp-content\/uploads\/2025\/03\/beebipood.ee-logo-1.svg\",\"contentUrl\":\"https:\/\/beebipood.ee\/wp-content\/uploads\/2025\/03\/beebipood.ee-logo-1.svg\",\"caption\":\"Beebipood\"},\"image\":{\"@id\":\"https:\/\/beebipood.ee\/ru\/#\/schema\/logo\/image\/\"}}]}<\/script>\n<!-- \/ Yoast SEO plugin. -->","yoast_head_json":{"title":"Babymoov Nutribaby One 4in1 k\u00f6\u00f6gikombain, \u041f\u0440\u0438\u043d\u0430\u0434\u043b\u0435\u0436\u043d\u043e\u0441\u0442\u0438 \u0434\u043b\u044f \u043c\u043b\u0430\u0434\u0435\u043d\u0446\u0435\u0432, \u041f\u0440\u0438\u0433\u043e\u0442\u043e\u0432\u043b\u0435\u043d\u0438\u0435 , Beebipood","description":"Babymoov Nutribaby One 4in1 k\u00f6\u00f6gikombain, &Uuml;limalt lihtsasti kasutatav Nutribaby One k&ouml;&ouml;gikombain sisaldab endas nelja erinevad v&otild","robots":{"index":"index","follow":"follow","max-snippet":"max-snippet:-1","max-image-preview":"max-image-preview:large","max-video-preview":"max-video-preview:-1"},"canonical":"https:\/\/beebipood.ee\/ru\/produkt\/babymoov-nutribaby-one-4in1-koogikombain\/","og_locale":"ru_RU","og_type":"article","og_title":"Babymoov Nutribaby One 4in1 k\u00f6\u00f6gikombain, \u041f\u0440\u0438\u043d\u0430\u0434\u043b\u0435\u0436\u043d\u043e\u0441\u0442\u0438 \u0434\u043b\u044f \u043c\u043b\u0430\u0434\u0435\u043d\u0446\u0435\u0432, \u041f\u0440\u0438\u0433\u043e\u0442\u043e\u0432\u043b\u0435\u043d\u0438\u0435 , Beebipood","og_description":"Babymoov Nutribaby One 4in1 k\u00f6\u00f6gikombain, &Uuml;limalt lihtsasti kasutatav Nutribaby One k&ouml;&ouml;gikombain sisaldab endas nelja erinevad v&otild","og_url":"https:\/\/beebipood.ee\/ru\/produkt\/babymoov-nutribaby-one-4in1-koogikombain\/","og_site_name":"Beebipood","article_modified_time":"2025-01-09T08:52:00+00:00","og_image":[{"width":800,"height":800,"url":"https:\/\/beebipood.ee\/wp-content\/uploads\/2013\/11\/Babymoov-Nutribaby-One-4in1-koogikombain-UUED-TOOTED-Beebi-ja-lastetarbed-Toiduvalmistamine_2-91a.jpg","type":"image\/jpeg"}],"twitter_card":"summary_large_image","twitter_misc":{"\u041f\u0440\u0438\u043c\u0435\u0440\u043d\u043e\u0435 \u0432\u0440\u0435\u043c\u044f \u0434\u043b\u044f \u0447\u0442\u0435\u043d\u0438\u044f":"1 \u043c\u0438\u043d\u0443\u0442\u0430"},"schema":{"@context":"https:\/\/schema.org","@graph":[{"@type":"WebPage","@id":"https:\/\/beebipood.ee\/ru\/produkt\/babymoov-nutribaby-one-4in1-koogikombain\/","url":"https:\/\/beebipood.ee\/ru\/produkt\/babymoov-nutribaby-one-4in1-koogikombain\/","name":"Babymoov Nutribaby One 4in1 k\u00f6\u00f6gikombain, \u041f\u0440\u0438\u043d\u0430\u0434\u043b\u0435\u0436\u043d\u043e\u0441\u0442\u0438 \u0434\u043b\u044f \u043c\u043b\u0430\u0434\u0435\u043d\u0446\u0435\u0432, \u041f\u0440\u0438\u0433\u043e\u0442\u043e\u0432\u043b\u0435\u043d\u0438\u0435 , Beebipood","isPartOf":{"@id":"https:\/\/beebipood.ee\/ru\/#website"},"primaryImageOfPage":{"@id":"https:\/\/beebipood.ee\/ru\/produkt\/babymoov-nutribaby-one-4in1-koogikombain\/#primaryimage"},"image":{"@id":"https:\/\/beebipood.ee\/ru\/produkt\/babymoov-nutribaby-one-4in1-koogikombain\/#primaryimage"},"thumbnailUrl":"https:\/\/beebipood.ee\/wp-content\/uploads\/2013\/11\/babymoov_nutribaby_one_k_gikombain_8_.png","datePublished":"2013-11-26T13:41:58+00:00","dateModified":"2025-01-09T08:52:00+00:00","description":"Babymoov Nutribaby One 4in1 k\u00f6\u00f6gikombain, &Uuml;limalt lihtsasti kasutatav Nutribaby One k&ouml;&ouml;gikombain sisaldab endas nelja erinevad v&otild","breadcrumb":{"@id":"https:\/\/beebipood.ee\/ru\/produkt\/babymoov-nutribaby-one-4in1-koogikombain\/#breadcrumb"},"inLanguage":"ru-RU","potentialAction":[{"@type":"ReadAction","target":["https:\/\/beebipood.ee\/ru\/produkt\/babymoov-nutribaby-one-4in1-koogikombain\/"]}]},{"@type":"ImageObject","inLanguage":"ru-RU","@id":"https:\/\/beebipood.ee\/ru\/produkt\/babymoov-nutribaby-one-4in1-koogikombain\/#primaryimage","url":"https:\/\/beebipood.ee\/wp-content\/uploads\/2013\/11\/babymoov_nutribaby_one_k_gikombain_8_.png","contentUrl":"https:\/\/beebipood.ee\/wp-content\/uploads\/2013\/11\/babymoov_nutribaby_one_k_gikombain_8_.png","width":800,"height":800},{"@type":"BreadcrumbList","@id":"https:\/\/beebipood.ee\/ru\/produkt\/babymoov-nutribaby-one-4in1-koogikombain\/#breadcrumb","itemListElement":[{"@type":"ListItem","position":1,"name":"Home","item":"https:\/\/beebipood.ee\/ru\/"},{"@type":"ListItem","position":2,"name":"\u041a\u0430\u0442\u0430\u043b\u043e\u0433 \u0442\u043e\u0432\u0430\u0440\u043e\u0432","item":"https:\/\/beebipood.ee\/tooted\/"},{"@type":"ListItem","position":3,"name":"Babymoov Nutribaby One 4in1 k\u00f6\u00f6gikombain"}]},{"@type":"WebSite","@id":"https:\/\/beebipood.ee\/ru\/#website","url":"https:\/\/beebipood.ee\/ru\/","name":"Beebipood","description":"Lastekaubad, beebikaubad, m\u00e4nguasjad","publisher":{"@id":"https:\/\/beebipood.ee\/ru\/#organization"},"potentialAction":[{"@type":"SearchAction","target":{"@type":"EntryPoint","urlTemplate":"https:\/\/beebipood.ee\/ru\/?s={search_term_string}"},"query-input":{"@type":"PropertyValueSpecification","valueRequired":true,"valueName":"search_term_string"}}],"inLanguage":"ru-RU"},{"@type":"Organization","@id":"https:\/\/beebipood.ee\/ru\/#organization","name":"Beebipood","url":"https:\/\/beebipood.ee\/ru\/","logo":{"@type":"ImageObject","inLanguage":"ru-RU","@id":"https:\/\/beebipood.ee\/ru\/#\/schema\/logo\/image\/","url":"https:\/\/beebipood.ee\/wp-content\/uploads\/2025\/03\/beebipood.ee-logo-1.svg","contentUrl":"https:\/\/beebipood.ee\/wp-content\/uploads\/2025\/03\/beebipood.ee-logo-1.svg","caption":"Beebipood"},"image":{"@id":"https:\/\/beebipood.ee\/ru\/#\/schema\/logo\/image\/"}}]}},"brands":[{"id":11976,"name":"Babymoov","slug":"babymoov-ru"}],"_links":{"self":[{"href":"https:\/\/beebipood.ee\/ru\/wp-json\/wp\/v2\/product\/454886","targetHints":{"allow":["GET"]}}],"collection":[{"href":"https:\/\/beebipood.ee\/ru\/wp-json\/wp\/v2\/product"}],"about":[{"href":"https:\/\/beebipood.ee\/ru\/wp-json\/wp\/v2\/types\/product"}],"wp:featuredmedia":[{"embeddable":true,"href":"https:\/\/beebipood.ee\/ru\/wp-json\/wp\/v2\/media\/505705"}],"wp:attachment":[{"href":"https:\/\/beebipood.ee\/ru\/wp-json\/wp\/v2\/media?parent=454886"}],"wp:term":[{"taxonomy":"pwb-brand","embeddable":true,"href":"https:\/\/beebipood.ee\/ru\/wp-json\/wp\/v2\/pwb-brand?post=454886"},{"taxonomy":"product_brand","embeddable":true,"href":"https:\/\/beebipood.ee\/ru\/wp-json\/wp\/v2\/product_brand?post=454886"},{"taxonomy":"product_cat","embeddable":true,"href":"https:\/\/beebipood.ee\/ru\/wp-json\/wp\/v2\/product_cat?post=454886"},{"taxonomy":"product_tag","embeddable":true,"href":"https:\/\/beebipood.ee\/ru\/wp-json\/wp\/v2\/product_tag?post=454886"}],"curies":[{"name":"wp","href":"https:\/\/api.w.org\/{rel}","templated":true}]}}