{"id":454924,"date":"2013-11-27T16:44:15","date_gmt":"2013-11-27T14:44:15","guid":{"rendered":"https:\/\/beebipood.ee\/toode\/maxi-cosi-minla-plus-soogitool-elegance-beige\/"},"modified":"2025-03-31T01:00:34","modified_gmt":"2025-03-30T22:00:34","slug":"maxi-cosi-minla-plus-soogitool-elegance-beige","status":"publish","type":"product","link":"https:\/\/beebipood.ee\/ru\/produkt\/maxi-cosi-minla-plus-soogitool-elegance-beige\/","title":{"rendered":"Maxi-Cosi Minla Plus s\u00f6\u00f6gitool, Elegance Beige"},"content":{"rendered":"<p>Maxi-Cosi Minla Plus on multifunktsionaalne ja praktiline s\u00f6\u00f6gitool, <br \/>mis sobib kasutamiseks alates s\u00fcnnist kuni 14. eluaastani. <br \/>T\u00e4nu oma reguleeritavale seljatoele, jalatugedele <br \/>ja k\u00f5rgusele kasvab see tool koos teie lapsega, <br \/>pakkudes optimaalset mugavust igas arenguetapis. <br \/>Minla Plus s\u00f6\u00f6gitoolil on v\u00f5imalik kandik k\u00f5rvale t\u00f5mmata, <br \/>et saaksite lapse lihtsamini tooli asetada ning sealt v\u00e4lja v\u00f5tta. <br \/>Kompaktne disain ning mitu erinevat kasutusv\u00f5imalust.<br \/><span style=\"text-decoration: underline;\">Kasutusmugavus<\/span><br \/>\u00dche k\u00e4ega kandiku p\u00f6\u00f6ramine<br \/>\u00dche k\u00e4ega kandiku s\u00fcgavuse reguleerimine<br \/>Turvarihmade konksud lihtsamaks lapse asetamiseks<br \/>Kergesti pestav kandiku pealmine osa (v\u00f5ib panna ka n\u00f5udepesumasinasse)<br \/>Neli ratast, sealhulgas kaks esimest p\u00f6\u00f6rlevat ratast piduritega<br \/>Neli erinevat jalatoe k\u00f5rgust<br \/>Kaks erinevat jalatoe asendit<br \/>Lihtne kokkupanek ja kokkuklapitav<br \/>Kandikut saab kinnitada s\u00f6\u00f6gitooli tagaosas<br \/>Veekindel kangas<br \/><span style=\"text-decoration: underline;\">Mugavus<\/span><br \/>Pehme beebisisu (sobib vasts\u00fcndinutele)<br \/>5 erinevat seljatoe asendit<br \/>4 erinevat jalatoe k\u00f5rgust<br \/>2 erinevat jalatoe asendit<br \/>3 erinevat kandiku asendit<br \/><span style=\"text-decoration: underline;\">Pikk kasutusiga<\/span><br \/>Lamamisasendisse pandav s\u00f6\u00f6gitool alates s\u00fcnnist kuni 6 kuu vanuseni (9 kg)<br \/>S\u00f6\u00f6gitool alates 6. elukuust kuni 3. eluaastani (15 kg)<br \/>Booster iste alates 6. elukuust kuni 3. eluaastani (15 kg)<br \/>Tool alates 3. eluaastast kuni 14. eluaastani (60 kg)<br \/><span style=\"text-decoration: underline;\">\u00dcldine<\/span><br \/>Muudetav 5-punki turvav\u00f6\u00f6 3-punkti turvav\u00f6\u00f6ks<br \/>Eco Care 100% taaskasutatud kangad<br \/>Elegantne kaasaegne disain<br \/>Masinpestavad kangad<br \/><span style=\"text-decoration: underline;\">N\u00e4itajad<\/span><br \/>Kaal 12.77kg<br \/>S\u00f6\u00f6gitooli m\u00f5\u00f5dud 55 x 86,7-95 x 85-107cm (laius, pikkus, k\u00f5rgus)<br \/>Kandiku k\u00f5rgus maapinnast 66-87cm<br \/>Kandiku suurus 34 x 56,3cm (s\u00fcgavus, laius)<\/p>\n","protected":false},"excerpt":{"rendered":"<p>Maxi-Cosi Minla Plus on multifunktsionaalne ja praktiline s\u00f6\u00f6gitool, mis sobib kasutamiseks alates s\u00fcnnist kuni 14. eluaastani. T\u00e4nu oma reguleeritavale seljatoele, jalatugedele ja k\u00f5rgusele kasvab see tool koos teie lapsega, pakkudes optimaalset mugavust igas arenguetapis. Minla Plus s\u00f6\u00f6gitoolil on v\u00f5imalik kandik k\u00f5rvale t\u00f5mmata, et saaksite lapse lihtsamini tooli asetada ning sealt v\u00e4lja v\u00f5tta. Kompaktne disain ning [&hellip;]<\/p>\n","protected":false},"featured_media":454894,"template":"","meta":{"_acf_changed":false},"pwb-brand":[],"product_brand":[],"product_cat":[11573,11645,11709],"product_tag":[],"class_list":{"0":"post-454924","1":"product","2":"type-product","3":"status-publish","4":"has-post-thumbnail","6":"product_cat-sooduspakkumised-ru","7":"product_cat-sootmistoolid-ru","8":"product_cat-sootmistoolid-beebi-ja-lastetarbed-mahkimine-hugieen-ru","9":"pa_manufacturer-maxi_cosi-ru","11":"first","12":"onbackorder","13":"sale","14":"taxable","15":"shipping-taxable","16":"purchasable","17":"product-type-simple"},"exclude_global_add_ons":[],"addons":[],"acf":[],"yoast_head":"<!-- This site is optimized with the Yoast SEO plugin v27.1.1 - https:\/\/yoast.com\/product\/yoast-seo-wordpress\/ -->\n<title>Maxi-Cosi Minla Plus s\u00f6\u00f6gitool, Elegance Beige, \u0421\u041a\u0418\u0414\u041a\u0418, \u0421\u0442\u0443\u043b\u044c\u0447\u0438\u043a\u0438 \u0434\u043b\u044f \u043a\u043e\u0440\u043c\u043b\u0435\u043d\u0438\u044f, \u041f\u0440\u0438\u043d\u0430\u0434\u043b\u0435\u0436\u043d\u043e\u0441\u0442\u0438 \u0434\u043b\u044f \u043c\u043b\u0430\u0434\u0435\u043d\u0446\u0435\u0432, Beebipood<\/title>\n<meta name=\"description\" content=\"Maxi-Cosi Minla Plus s\u00f6\u00f6gitool, Elegance Beige, Maxi-Cosi Minla Plus on multifunktsionaalne ja praktiline s&ouml;&ouml;gitool, mis sobib kasutamiseks\" \/>\n<meta name=\"robots\" content=\"index, follow, max-snippet:-1, max-image-preview:large, max-video-preview:-1\" \/>\n<link rel=\"canonical\" href=\"https:\/\/beebipood.ee\/ru\/produkt\/maxi-cosi-minla-plus-soogitool-elegance-beige\/\" \/>\n<meta property=\"og:locale\" content=\"ru_RU\" \/>\n<meta property=\"og:type\" content=\"article\" \/>\n<meta property=\"og:title\" content=\"Maxi-Cosi Minla Plus s\u00f6\u00f6gitool, Elegance Beige, \u0421\u041a\u0418\u0414\u041a\u0418, \u0421\u0442\u0443\u043b\u044c\u0447\u0438\u043a\u0438 \u0434\u043b\u044f \u043a\u043e\u0440\u043c\u043b\u0435\u043d\u0438\u044f, \u041f\u0440\u0438\u043d\u0430\u0434\u043b\u0435\u0436\u043d\u043e\u0441\u0442\u0438 \u0434\u043b\u044f \u043c\u043b\u0430\u0434\u0435\u043d\u0446\u0435\u0432, Beebipood\" \/>\n<meta property=\"og:description\" content=\"Maxi-Cosi Minla Plus s\u00f6\u00f6gitool, Elegance Beige, Maxi-Cosi Minla Plus on multifunktsionaalne ja praktiline s&ouml;&ouml;gitool, mis sobib kasutamiseks\" \/>\n<meta property=\"og:url\" content=\"https:\/\/beebipood.ee\/ru\/produkt\/maxi-cosi-minla-plus-soogitool-elegance-beige\/\" \/>\n<meta property=\"og:site_name\" content=\"Beebipood\" \/>\n<meta property=\"article:modified_time\" content=\"2025-03-30T22:00:34+00:00\" \/>\n<meta property=\"og:image\" content=\"https:\/\/beebipood.ee\/wp-content\/uploads\/2013\/11\/maxicosi-minla-plus-soogitool-elegance-beige-sooduspakkumised-sootmistoolid-beebi-ja-lastetarbed_1-9e7.jpg\" \/>\n\t<meta property=\"og:image:width\" content=\"1062\" \/>\n\t<meta property=\"og:image:height\" content=\"1200\" \/>\n\t<meta property=\"og:image:type\" content=\"image\/jpeg\" \/>\n<meta name=\"twitter:card\" content=\"summary_large_image\" \/>\n<meta name=\"twitter:label1\" content=\"\u041f\u0440\u0438\u043c\u0435\u0440\u043d\u043e\u0435 \u0432\u0440\u0435\u043c\u044f \u0434\u043b\u044f \u0447\u0442\u0435\u043d\u0438\u044f\" \/>\n\t<meta name=\"twitter:data1\" content=\"1 \u043c\u0438\u043d\u0443\u0442\u0430\" \/>\n<script type=\"application\/ld+json\" class=\"yoast-schema-graph\">{\"@context\":\"https:\/\/schema.org\",\"@graph\":[{\"@type\":\"WebPage\",\"@id\":\"https:\/\/beebipood.ee\/ru\/produkt\/maxi-cosi-minla-plus-soogitool-elegance-beige\/\",\"url\":\"https:\/\/beebipood.ee\/ru\/produkt\/maxi-cosi-minla-plus-soogitool-elegance-beige\/\",\"name\":\"Maxi-Cosi Minla Plus s\u00f6\u00f6gitool, Elegance Beige, \u0421\u041a\u0418\u0414\u041a\u0418, \u0421\u0442\u0443\u043b\u044c\u0447\u0438\u043a\u0438 \u0434\u043b\u044f \u043a\u043e\u0440\u043c\u043b\u0435\u043d\u0438\u044f, \u041f\u0440\u0438\u043d\u0430\u0434\u043b\u0435\u0436\u043d\u043e\u0441\u0442\u0438 \u0434\u043b\u044f \u043c\u043b\u0430\u0434\u0435\u043d\u0446\u0435\u0432, Beebipood\",\"isPartOf\":{\"@id\":\"https:\/\/beebipood.ee\/ru\/#website\"},\"primaryImageOfPage\":{\"@id\":\"https:\/\/beebipood.ee\/ru\/produkt\/maxi-cosi-minla-plus-soogitool-elegance-beige\/#primaryimage\"},\"image\":{\"@id\":\"https:\/\/beebipood.ee\/ru\/produkt\/maxi-cosi-minla-plus-soogitool-elegance-beige\/#primaryimage\"},\"thumbnailUrl\":\"https:\/\/beebipood.ee\/wp-content\/uploads\/2013\/11\/maxicosi-minla-plus-soogitool-elegance-beige-sooduspakkumised-sootmistoolid-beebi-ja-lastetarbed_1-9e7.jpg\",\"datePublished\":\"2013-11-27T14:44:15+00:00\",\"dateModified\":\"2025-03-30T22:00:34+00:00\",\"description\":\"Maxi-Cosi Minla Plus s\u00f6\u00f6gitool, Elegance Beige, Maxi-Cosi Minla Plus on multifunktsionaalne ja praktiline s&ouml;&ouml;gitool, mis sobib kasutamiseks\",\"breadcrumb\":{\"@id\":\"https:\/\/beebipood.ee\/ru\/produkt\/maxi-cosi-minla-plus-soogitool-elegance-beige\/#breadcrumb\"},\"inLanguage\":\"ru-RU\",\"potentialAction\":[{\"@type\":\"ReadAction\",\"target\":[\"https:\/\/beebipood.ee\/ru\/produkt\/maxi-cosi-minla-plus-soogitool-elegance-beige\/\"]}]},{\"@type\":\"ImageObject\",\"inLanguage\":\"ru-RU\",\"@id\":\"https:\/\/beebipood.ee\/ru\/produkt\/maxi-cosi-minla-plus-soogitool-elegance-beige\/#primaryimage\",\"url\":\"https:\/\/beebipood.ee\/wp-content\/uploads\/2013\/11\/maxicosi-minla-plus-soogitool-elegance-beige-sooduspakkumised-sootmistoolid-beebi-ja-lastetarbed_1-9e7.jpg\",\"contentUrl\":\"https:\/\/beebipood.ee\/wp-content\/uploads\/2013\/11\/maxicosi-minla-plus-soogitool-elegance-beige-sooduspakkumised-sootmistoolid-beebi-ja-lastetarbed_1-9e7.jpg\",\"width\":1062,\"height\":1200},{\"@type\":\"BreadcrumbList\",\"@id\":\"https:\/\/beebipood.ee\/ru\/produkt\/maxi-cosi-minla-plus-soogitool-elegance-beige\/#breadcrumb\",\"itemListElement\":[{\"@type\":\"ListItem\",\"position\":1,\"name\":\"Home\",\"item\":\"https:\/\/beebipood.ee\/ru\/\"},{\"@type\":\"ListItem\",\"position\":2,\"name\":\"\u041a\u0430\u0442\u0430\u043b\u043e\u0433 \u0442\u043e\u0432\u0430\u0440\u043e\u0432\",\"item\":\"https:\/\/beebipood.ee\/tooted\/\"},{\"@type\":\"ListItem\",\"position\":3,\"name\":\"Maxi-Cosi Minla Plus s\u00f6\u00f6gitool, Elegance Beige\"}]},{\"@type\":\"WebSite\",\"@id\":\"https:\/\/beebipood.ee\/ru\/#website\",\"url\":\"https:\/\/beebipood.ee\/ru\/\",\"name\":\"Beebipood\",\"description\":\"Lastekaubad, beebikaubad, m\u00e4nguasjad\",\"publisher\":{\"@id\":\"https:\/\/beebipood.ee\/ru\/#organization\"},\"potentialAction\":[{\"@type\":\"SearchAction\",\"target\":{\"@type\":\"EntryPoint\",\"urlTemplate\":\"https:\/\/beebipood.ee\/ru\/?s={search_term_string}\"},\"query-input\":{\"@type\":\"PropertyValueSpecification\",\"valueRequired\":true,\"valueName\":\"search_term_string\"}}],\"inLanguage\":\"ru-RU\"},{\"@type\":\"Organization\",\"@id\":\"https:\/\/beebipood.ee\/ru\/#organization\",\"name\":\"Beebipood\",\"url\":\"https:\/\/beebipood.ee\/ru\/\",\"logo\":{\"@type\":\"ImageObject\",\"inLanguage\":\"ru-RU\",\"@id\":\"https:\/\/beebipood.ee\/ru\/#\/schema\/logo\/image\/\",\"url\":\"https:\/\/beebipood.ee\/wp-content\/uploads\/2025\/03\/beebipood.ee-logo-1.svg\",\"contentUrl\":\"https:\/\/beebipood.ee\/wp-content\/uploads\/2025\/03\/beebipood.ee-logo-1.svg\",\"caption\":\"Beebipood\"},\"image\":{\"@id\":\"https:\/\/beebipood.ee\/ru\/#\/schema\/logo\/image\/\"}}]}<\/script>\n<!-- \/ Yoast SEO plugin. -->","yoast_head_json":{"title":"Maxi-Cosi Minla Plus s\u00f6\u00f6gitool, Elegance Beige, \u0421\u041a\u0418\u0414\u041a\u0418, \u0421\u0442\u0443\u043b\u044c\u0447\u0438\u043a\u0438 \u0434\u043b\u044f \u043a\u043e\u0440\u043c\u043b\u0435\u043d\u0438\u044f, \u041f\u0440\u0438\u043d\u0430\u0434\u043b\u0435\u0436\u043d\u043e\u0441\u0442\u0438 \u0434\u043b\u044f \u043c\u043b\u0430\u0434\u0435\u043d\u0446\u0435\u0432, Beebipood","description":"Maxi-Cosi Minla Plus s\u00f6\u00f6gitool, Elegance Beige, Maxi-Cosi Minla Plus on multifunktsionaalne ja praktiline s&ouml;&ouml;gitool, mis sobib kasutamiseks","robots":{"index":"index","follow":"follow","max-snippet":"max-snippet:-1","max-image-preview":"max-image-preview:large","max-video-preview":"max-video-preview:-1"},"canonical":"https:\/\/beebipood.ee\/ru\/produkt\/maxi-cosi-minla-plus-soogitool-elegance-beige\/","og_locale":"ru_RU","og_type":"article","og_title":"Maxi-Cosi Minla Plus s\u00f6\u00f6gitool, Elegance Beige, \u0421\u041a\u0418\u0414\u041a\u0418, \u0421\u0442\u0443\u043b\u044c\u0447\u0438\u043a\u0438 \u0434\u043b\u044f \u043a\u043e\u0440\u043c\u043b\u0435\u043d\u0438\u044f, \u041f\u0440\u0438\u043d\u0430\u0434\u043b\u0435\u0436\u043d\u043e\u0441\u0442\u0438 \u0434\u043b\u044f \u043c\u043b\u0430\u0434\u0435\u043d\u0446\u0435\u0432, Beebipood","og_description":"Maxi-Cosi Minla Plus s\u00f6\u00f6gitool, Elegance Beige, Maxi-Cosi Minla Plus on multifunktsionaalne ja praktiline s&ouml;&ouml;gitool, mis sobib kasutamiseks","og_url":"https:\/\/beebipood.ee\/ru\/produkt\/maxi-cosi-minla-plus-soogitool-elegance-beige\/","og_site_name":"Beebipood","article_modified_time":"2025-03-30T22:00:34+00:00","og_image":[{"width":1062,"height":1200,"url":"https:\/\/beebipood.ee\/wp-content\/uploads\/2013\/11\/maxicosi-minla-plus-soogitool-elegance-beige-sooduspakkumised-sootmistoolid-beebi-ja-lastetarbed_1-9e7.jpg","type":"image\/jpeg"}],"twitter_card":"summary_large_image","twitter_misc":{"\u041f\u0440\u0438\u043c\u0435\u0440\u043d\u043e\u0435 \u0432\u0440\u0435\u043c\u044f \u0434\u043b\u044f \u0447\u0442\u0435\u043d\u0438\u044f":"1 \u043c\u0438\u043d\u0443\u0442\u0430"},"schema":{"@context":"https:\/\/schema.org","@graph":[{"@type":"WebPage","@id":"https:\/\/beebipood.ee\/ru\/produkt\/maxi-cosi-minla-plus-soogitool-elegance-beige\/","url":"https:\/\/beebipood.ee\/ru\/produkt\/maxi-cosi-minla-plus-soogitool-elegance-beige\/","name":"Maxi-Cosi Minla Plus s\u00f6\u00f6gitool, Elegance Beige, \u0421\u041a\u0418\u0414\u041a\u0418, \u0421\u0442\u0443\u043b\u044c\u0447\u0438\u043a\u0438 \u0434\u043b\u044f \u043a\u043e\u0440\u043c\u043b\u0435\u043d\u0438\u044f, \u041f\u0440\u0438\u043d\u0430\u0434\u043b\u0435\u0436\u043d\u043e\u0441\u0442\u0438 \u0434\u043b\u044f \u043c\u043b\u0430\u0434\u0435\u043d\u0446\u0435\u0432, Beebipood","isPartOf":{"@id":"https:\/\/beebipood.ee\/ru\/#website"},"primaryImageOfPage":{"@id":"https:\/\/beebipood.ee\/ru\/produkt\/maxi-cosi-minla-plus-soogitool-elegance-beige\/#primaryimage"},"image":{"@id":"https:\/\/beebipood.ee\/ru\/produkt\/maxi-cosi-minla-plus-soogitool-elegance-beige\/#primaryimage"},"thumbnailUrl":"https:\/\/beebipood.ee\/wp-content\/uploads\/2013\/11\/maxicosi-minla-plus-soogitool-elegance-beige-sooduspakkumised-sootmistoolid-beebi-ja-lastetarbed_1-9e7.jpg","datePublished":"2013-11-27T14:44:15+00:00","dateModified":"2025-03-30T22:00:34+00:00","description":"Maxi-Cosi Minla Plus s\u00f6\u00f6gitool, Elegance Beige, Maxi-Cosi Minla Plus on multifunktsionaalne ja praktiline s&ouml;&ouml;gitool, mis sobib kasutamiseks","breadcrumb":{"@id":"https:\/\/beebipood.ee\/ru\/produkt\/maxi-cosi-minla-plus-soogitool-elegance-beige\/#breadcrumb"},"inLanguage":"ru-RU","potentialAction":[{"@type":"ReadAction","target":["https:\/\/beebipood.ee\/ru\/produkt\/maxi-cosi-minla-plus-soogitool-elegance-beige\/"]}]},{"@type":"ImageObject","inLanguage":"ru-RU","@id":"https:\/\/beebipood.ee\/ru\/produkt\/maxi-cosi-minla-plus-soogitool-elegance-beige\/#primaryimage","url":"https:\/\/beebipood.ee\/wp-content\/uploads\/2013\/11\/maxicosi-minla-plus-soogitool-elegance-beige-sooduspakkumised-sootmistoolid-beebi-ja-lastetarbed_1-9e7.jpg","contentUrl":"https:\/\/beebipood.ee\/wp-content\/uploads\/2013\/11\/maxicosi-minla-plus-soogitool-elegance-beige-sooduspakkumised-sootmistoolid-beebi-ja-lastetarbed_1-9e7.jpg","width":1062,"height":1200},{"@type":"BreadcrumbList","@id":"https:\/\/beebipood.ee\/ru\/produkt\/maxi-cosi-minla-plus-soogitool-elegance-beige\/#breadcrumb","itemListElement":[{"@type":"ListItem","position":1,"name":"Home","item":"https:\/\/beebipood.ee\/ru\/"},{"@type":"ListItem","position":2,"name":"\u041a\u0430\u0442\u0430\u043b\u043e\u0433 \u0442\u043e\u0432\u0430\u0440\u043e\u0432","item":"https:\/\/beebipood.ee\/tooted\/"},{"@type":"ListItem","position":3,"name":"Maxi-Cosi Minla Plus s\u00f6\u00f6gitool, Elegance Beige"}]},{"@type":"WebSite","@id":"https:\/\/beebipood.ee\/ru\/#website","url":"https:\/\/beebipood.ee\/ru\/","name":"Beebipood","description":"Lastekaubad, beebikaubad, m\u00e4nguasjad","publisher":{"@id":"https:\/\/beebipood.ee\/ru\/#organization"},"potentialAction":[{"@type":"SearchAction","target":{"@type":"EntryPoint","urlTemplate":"https:\/\/beebipood.ee\/ru\/?s={search_term_string}"},"query-input":{"@type":"PropertyValueSpecification","valueRequired":true,"valueName":"search_term_string"}}],"inLanguage":"ru-RU"},{"@type":"Organization","@id":"https:\/\/beebipood.ee\/ru\/#organization","name":"Beebipood","url":"https:\/\/beebipood.ee\/ru\/","logo":{"@type":"ImageObject","inLanguage":"ru-RU","@id":"https:\/\/beebipood.ee\/ru\/#\/schema\/logo\/image\/","url":"https:\/\/beebipood.ee\/wp-content\/uploads\/2025\/03\/beebipood.ee-logo-1.svg","contentUrl":"https:\/\/beebipood.ee\/wp-content\/uploads\/2025\/03\/beebipood.ee-logo-1.svg","caption":"Beebipood"},"image":{"@id":"https:\/\/beebipood.ee\/ru\/#\/schema\/logo\/image\/"}}]}},"brands":[],"_links":{"self":[{"href":"https:\/\/beebipood.ee\/ru\/wp-json\/wp\/v2\/product\/454924","targetHints":{"allow":["GET"]}}],"collection":[{"href":"https:\/\/beebipood.ee\/ru\/wp-json\/wp\/v2\/product"}],"about":[{"href":"https:\/\/beebipood.ee\/ru\/wp-json\/wp\/v2\/types\/product"}],"wp:featuredmedia":[{"embeddable":true,"href":"https:\/\/beebipood.ee\/ru\/wp-json\/wp\/v2\/media\/454894"}],"wp:attachment":[{"href":"https:\/\/beebipood.ee\/ru\/wp-json\/wp\/v2\/media?parent=454924"}],"wp:term":[{"taxonomy":"pwb-brand","embeddable":true,"href":"https:\/\/beebipood.ee\/ru\/wp-json\/wp\/v2\/pwb-brand?post=454924"},{"taxonomy":"product_brand","embeddable":true,"href":"https:\/\/beebipood.ee\/ru\/wp-json\/wp\/v2\/product_brand?post=454924"},{"taxonomy":"product_cat","embeddable":true,"href":"https:\/\/beebipood.ee\/ru\/wp-json\/wp\/v2\/product_cat?post=454924"},{"taxonomy":"product_tag","embeddable":true,"href":"https:\/\/beebipood.ee\/ru\/wp-json\/wp\/v2\/product_tag?post=454924"}],"curies":[{"name":"wp","href":"https:\/\/api.w.org\/{rel}","templated":true}]}}