{"id":454932,"date":"2013-11-28T14:07:45","date_gmt":"2013-11-28T12:07:45","guid":{"rendered":"https:\/\/beebipood.ee\/toode\/batuut-14-427cm\/"},"modified":"2025-01-09T10:51:59","modified_gmt":"2025-01-09T08:51:59","slug":"batuut-14-427cm","status":"publish","type":"product","link":"https:\/\/beebipood.ee\/ru\/produkt\/batuut-14-427cm\/","title":{"rendered":"Batuut 14&#8243; (427cm)"},"content":{"rendered":"<p>Active k\u00f5rgelt hinnatud batuut on proovimist v\u00e4\u00e4rt!<br \/>Saa t\u00f5eline elamus t\u00e4nu batuudile, mis on tasakaalus ja turvaline.<br \/>Sobib lastele ja t\u00e4iskasvanutele.<br \/>M\u00f5eldud \u00f5ues kasutamiseks.<br \/>3 &#171;W&#187; jalad annavad kogu konstruktsioonile stabiilsuse ja h\u00fcpe on tugevam.<br \/>Komplekt ei sisalda turvav\u00f5rku.<br \/><span style=\"text-decoration: underline;\">Batuudi omadused:<\/span><br \/>\u2713 Raamim\u00f5\u00f5t : 427 x 89cm<br \/>\u2713 &#171;W&#187; tugijala paar: 6tk<br \/>\u2713 H\u00fcppemati diameeter: 375cm<br \/>\u2713 H\u00fcppemati materjal: PE, USA<br \/>\u2713 Turva\u00e4\u00e4r: pealispind PVC 310g\/m2, aluspind PE 130g\/m2,<br \/>\u2713 \u00c4\u00e4remati pehmendus EPE Foam 15mm<br \/>\u2713 Vedrud: 96tk<br \/>\u2713 Vedrude materjal: galvaniseeritud, d 22 x 165 x 3,1 mm 24N<br \/>\u2713 Kasutaja maksimaalne kaal: 160kg<br \/>\u2713 Sertifikaadid &#8212; TUV\/GS, EN71<br \/>Pakend:<br \/>\u2713 1. 119x38x15cm kaal 29.5kg<br \/>\u2713 2. 117x42x25cm ja kaal 28kg<\/p>\n","protected":false},"excerpt":{"rendered":"<p>Active k\u00f5rgelt hinnatud batuut on proovimist v\u00e4\u00e4rt!Saa t\u00f5eline elamus t\u00e4nu batuudile, mis on tasakaalus ja turvaline.Sobib lastele ja t\u00e4iskasvanutele.M\u00f5eldud \u00f5ues kasutamiseks.3 &#171;W&#187; jalad annavad kogu konstruktsioonile stabiilsuse ja h\u00fcpe on tugevam.Komplekt ei sisalda turvav\u00f5rku.Batuudi omadused:\u2713 Raamim\u00f5\u00f5t : 427 x 89cm\u2713 &#171;W&#187; tugijala paar: 6tk\u2713 H\u00fcppemati diameeter: 375cm\u2713 H\u00fcppemati materjal: PE, USA\u2713 Turva\u00e4\u00e4r: pealispind PVC 310g\/m2, [&hellip;]<\/p>\n","protected":false},"featured_media":102103,"template":"","meta":{"_acf_changed":false},"pwb-brand":[],"product_brand":[],"product_cat":[11573,11679,11675],"product_tag":[],"class_list":{"0":"post-454932","1":"product","2":"type-product","3":"status-publish","4":"has-post-thumbnail","6":"product_cat-sooduspakkumised-ru","7":"product_cat-batuudid-ru","8":"product_cat-aktiivne-tegevus-ja-vaba-aeg-ru","10":"first","11":"onbackorder","12":"sale","13":"taxable","14":"shipping-taxable","15":"purchasable","16":"product-type-simple"},"exclude_global_add_ons":[],"addons":[],"acf":[],"yoast_head":"<!-- This site is optimized with the Yoast SEO plugin v27.1.1 - https:\/\/yoast.com\/product\/yoast-seo-wordpress\/ -->\n<title>Batuut 14&quot; (427cm), \u0421\u041a\u0418\u0414\u041a\u0418, \u0410\u043a\u0442\u0438\u0432\u043d\u044b\u0435 \u0434\u0435\u0439\u0441\u0442\u0432\u0438\u044f, \u0411\u0430\u0442\u0443\u0442\u044b, Beebipood<\/title>\n<meta name=\"description\" content=\"Batuut 14&quot; (427cm), Active k&otilde;rgelt hinnatud batuut on proovimist v&auml;&auml;rt!Saa t&otilde;eline elamus t&auml;nu batuudile, mis on tasakaalu\" \/>\n<meta name=\"robots\" content=\"index, follow, max-snippet:-1, max-image-preview:large, max-video-preview:-1\" \/>\n<link rel=\"canonical\" href=\"https:\/\/beebipood.ee\/ru\/produkt\/batuut-14-427cm\/\" \/>\n<meta property=\"og:locale\" content=\"ru_RU\" \/>\n<meta property=\"og:type\" content=\"article\" \/>\n<meta property=\"og:title\" content=\"Batuut 14&quot; (427cm), \u0421\u041a\u0418\u0414\u041a\u0418, \u0410\u043a\u0442\u0438\u0432\u043d\u044b\u0435 \u0434\u0435\u0439\u0441\u0442\u0432\u0438\u044f, \u0411\u0430\u0442\u0443\u0442\u044b, Beebipood\" \/>\n<meta property=\"og:description\" content=\"Batuut 14&quot; (427cm), Active k&otilde;rgelt hinnatud batuut on proovimist v&auml;&auml;rt!Saa t&otilde;eline elamus t&auml;nu batuudile, mis on tasakaalu\" \/>\n<meta property=\"og:url\" content=\"https:\/\/beebipood.ee\/ru\/produkt\/batuut-14-427cm\/\" \/>\n<meta property=\"og:site_name\" content=\"Beebipood\" \/>\n<meta property=\"article:modified_time\" content=\"2025-01-09T08:51:59+00:00\" \/>\n<meta property=\"og:image\" content=\"https:\/\/beebipood.ee\/wp-content\/uploads\/2013\/11\/Batuut-14-427cm-SOODUSPAKKUMISED-Aktiivne-tegevus-Batuudid_5-739.jpg\" \/>\n\t<meta property=\"og:image:width\" content=\"781\" \/>\n\t<meta property=\"og:image:height\" content=\"554\" \/>\n\t<meta property=\"og:image:type\" content=\"image\/jpeg\" \/>\n<meta name=\"twitter:card\" content=\"summary_large_image\" \/>\n<meta name=\"twitter:label1\" content=\"\u041f\u0440\u0438\u043c\u0435\u0440\u043d\u043e\u0435 \u0432\u0440\u0435\u043c\u044f \u0434\u043b\u044f \u0447\u0442\u0435\u043d\u0438\u044f\" \/>\n\t<meta name=\"twitter:data1\" content=\"1 \u043c\u0438\u043d\u0443\u0442\u0430\" \/>\n<script type=\"application\/ld+json\" class=\"yoast-schema-graph\">{\"@context\":\"https:\/\/schema.org\",\"@graph\":[{\"@type\":\"WebPage\",\"@id\":\"https:\/\/beebipood.ee\/ru\/produkt\/batuut-14-427cm\/\",\"url\":\"https:\/\/beebipood.ee\/ru\/produkt\/batuut-14-427cm\/\",\"name\":\"Batuut 14\\\" (427cm), \u0421\u041a\u0418\u0414\u041a\u0418, \u0410\u043a\u0442\u0438\u0432\u043d\u044b\u0435 \u0434\u0435\u0439\u0441\u0442\u0432\u0438\u044f, \u0411\u0430\u0442\u0443\u0442\u044b, Beebipood\",\"isPartOf\":{\"@id\":\"https:\/\/beebipood.ee\/ru\/#website\"},\"primaryImageOfPage\":{\"@id\":\"https:\/\/beebipood.ee\/ru\/produkt\/batuut-14-427cm\/#primaryimage\"},\"image\":{\"@id\":\"https:\/\/beebipood.ee\/ru\/produkt\/batuut-14-427cm\/#primaryimage\"},\"thumbnailUrl\":\"https:\/\/beebipood.ee\/wp-content\/uploads\/2013\/11\/Batuut-14-427cm-SOODUSPAKKUMISED-Aktiivne-tegevus-Batuudid_5-739.jpg\",\"datePublished\":\"2013-11-28T12:07:45+00:00\",\"dateModified\":\"2025-01-09T08:51:59+00:00\",\"description\":\"Batuut 14\\\" (427cm), Active k&otilde;rgelt hinnatud batuut on proovimist v&auml;&auml;rt!Saa t&otilde;eline elamus t&auml;nu batuudile, mis on tasakaalu\",\"breadcrumb\":{\"@id\":\"https:\/\/beebipood.ee\/ru\/produkt\/batuut-14-427cm\/#breadcrumb\"},\"inLanguage\":\"ru-RU\",\"potentialAction\":[{\"@type\":\"ReadAction\",\"target\":[\"https:\/\/beebipood.ee\/ru\/produkt\/batuut-14-427cm\/\"]}]},{\"@type\":\"ImageObject\",\"inLanguage\":\"ru-RU\",\"@id\":\"https:\/\/beebipood.ee\/ru\/produkt\/batuut-14-427cm\/#primaryimage\",\"url\":\"https:\/\/beebipood.ee\/wp-content\/uploads\/2013\/11\/Batuut-14-427cm-SOODUSPAKKUMISED-Aktiivne-tegevus-Batuudid_5-739.jpg\",\"contentUrl\":\"https:\/\/beebipood.ee\/wp-content\/uploads\/2013\/11\/Batuut-14-427cm-SOODUSPAKKUMISED-Aktiivne-tegevus-Batuudid_5-739.jpg\",\"width\":781,\"height\":554},{\"@type\":\"BreadcrumbList\",\"@id\":\"https:\/\/beebipood.ee\/ru\/produkt\/batuut-14-427cm\/#breadcrumb\",\"itemListElement\":[{\"@type\":\"ListItem\",\"position\":1,\"name\":\"Home\",\"item\":\"https:\/\/beebipood.ee\/ru\/\"},{\"@type\":\"ListItem\",\"position\":2,\"name\":\"\u041a\u0430\u0442\u0430\u043b\u043e\u0433 \u0442\u043e\u0432\u0430\u0440\u043e\u0432\",\"item\":\"https:\/\/beebipood.ee\/tooted\/\"},{\"@type\":\"ListItem\",\"position\":3,\"name\":\"Batuut 14&#8243; (427cm)\"}]},{\"@type\":\"WebSite\",\"@id\":\"https:\/\/beebipood.ee\/ru\/#website\",\"url\":\"https:\/\/beebipood.ee\/ru\/\",\"name\":\"Beebipood\",\"description\":\"Lastekaubad, beebikaubad, m\u00e4nguasjad\",\"publisher\":{\"@id\":\"https:\/\/beebipood.ee\/ru\/#organization\"},\"potentialAction\":[{\"@type\":\"SearchAction\",\"target\":{\"@type\":\"EntryPoint\",\"urlTemplate\":\"https:\/\/beebipood.ee\/ru\/?s={search_term_string}\"},\"query-input\":{\"@type\":\"PropertyValueSpecification\",\"valueRequired\":true,\"valueName\":\"search_term_string\"}}],\"inLanguage\":\"ru-RU\"},{\"@type\":\"Organization\",\"@id\":\"https:\/\/beebipood.ee\/ru\/#organization\",\"name\":\"Beebipood\",\"url\":\"https:\/\/beebipood.ee\/ru\/\",\"logo\":{\"@type\":\"ImageObject\",\"inLanguage\":\"ru-RU\",\"@id\":\"https:\/\/beebipood.ee\/ru\/#\/schema\/logo\/image\/\",\"url\":\"https:\/\/beebipood.ee\/wp-content\/uploads\/2025\/03\/beebipood.ee-logo-1.svg\",\"contentUrl\":\"https:\/\/beebipood.ee\/wp-content\/uploads\/2025\/03\/beebipood.ee-logo-1.svg\",\"caption\":\"Beebipood\"},\"image\":{\"@id\":\"https:\/\/beebipood.ee\/ru\/#\/schema\/logo\/image\/\"}}]}<\/script>\n<!-- \/ Yoast SEO plugin. -->","yoast_head_json":{"title":"Batuut 14\" (427cm), \u0421\u041a\u0418\u0414\u041a\u0418, \u0410\u043a\u0442\u0438\u0432\u043d\u044b\u0435 \u0434\u0435\u0439\u0441\u0442\u0432\u0438\u044f, \u0411\u0430\u0442\u0443\u0442\u044b, Beebipood","description":"Batuut 14\" (427cm), Active k&otilde;rgelt hinnatud batuut on proovimist v&auml;&auml;rt!Saa t&otilde;eline elamus t&auml;nu batuudile, mis on tasakaalu","robots":{"index":"index","follow":"follow","max-snippet":"max-snippet:-1","max-image-preview":"max-image-preview:large","max-video-preview":"max-video-preview:-1"},"canonical":"https:\/\/beebipood.ee\/ru\/produkt\/batuut-14-427cm\/","og_locale":"ru_RU","og_type":"article","og_title":"Batuut 14\" (427cm), \u0421\u041a\u0418\u0414\u041a\u0418, \u0410\u043a\u0442\u0438\u0432\u043d\u044b\u0435 \u0434\u0435\u0439\u0441\u0442\u0432\u0438\u044f, \u0411\u0430\u0442\u0443\u0442\u044b, Beebipood","og_description":"Batuut 14\" (427cm), Active k&otilde;rgelt hinnatud batuut on proovimist v&auml;&auml;rt!Saa t&otilde;eline elamus t&auml;nu batuudile, mis on tasakaalu","og_url":"https:\/\/beebipood.ee\/ru\/produkt\/batuut-14-427cm\/","og_site_name":"Beebipood","article_modified_time":"2025-01-09T08:51:59+00:00","og_image":[{"width":781,"height":554,"url":"https:\/\/beebipood.ee\/wp-content\/uploads\/2013\/11\/Batuut-14-427cm-SOODUSPAKKUMISED-Aktiivne-tegevus-Batuudid_5-739.jpg","type":"image\/jpeg"}],"twitter_card":"summary_large_image","twitter_misc":{"\u041f\u0440\u0438\u043c\u0435\u0440\u043d\u043e\u0435 \u0432\u0440\u0435\u043c\u044f \u0434\u043b\u044f \u0447\u0442\u0435\u043d\u0438\u044f":"1 \u043c\u0438\u043d\u0443\u0442\u0430"},"schema":{"@context":"https:\/\/schema.org","@graph":[{"@type":"WebPage","@id":"https:\/\/beebipood.ee\/ru\/produkt\/batuut-14-427cm\/","url":"https:\/\/beebipood.ee\/ru\/produkt\/batuut-14-427cm\/","name":"Batuut 14\" (427cm), \u0421\u041a\u0418\u0414\u041a\u0418, \u0410\u043a\u0442\u0438\u0432\u043d\u044b\u0435 \u0434\u0435\u0439\u0441\u0442\u0432\u0438\u044f, \u0411\u0430\u0442\u0443\u0442\u044b, Beebipood","isPartOf":{"@id":"https:\/\/beebipood.ee\/ru\/#website"},"primaryImageOfPage":{"@id":"https:\/\/beebipood.ee\/ru\/produkt\/batuut-14-427cm\/#primaryimage"},"image":{"@id":"https:\/\/beebipood.ee\/ru\/produkt\/batuut-14-427cm\/#primaryimage"},"thumbnailUrl":"https:\/\/beebipood.ee\/wp-content\/uploads\/2013\/11\/Batuut-14-427cm-SOODUSPAKKUMISED-Aktiivne-tegevus-Batuudid_5-739.jpg","datePublished":"2013-11-28T12:07:45+00:00","dateModified":"2025-01-09T08:51:59+00:00","description":"Batuut 14\" (427cm), Active k&otilde;rgelt hinnatud batuut on proovimist v&auml;&auml;rt!Saa t&otilde;eline elamus t&auml;nu batuudile, mis on tasakaalu","breadcrumb":{"@id":"https:\/\/beebipood.ee\/ru\/produkt\/batuut-14-427cm\/#breadcrumb"},"inLanguage":"ru-RU","potentialAction":[{"@type":"ReadAction","target":["https:\/\/beebipood.ee\/ru\/produkt\/batuut-14-427cm\/"]}]},{"@type":"ImageObject","inLanguage":"ru-RU","@id":"https:\/\/beebipood.ee\/ru\/produkt\/batuut-14-427cm\/#primaryimage","url":"https:\/\/beebipood.ee\/wp-content\/uploads\/2013\/11\/Batuut-14-427cm-SOODUSPAKKUMISED-Aktiivne-tegevus-Batuudid_5-739.jpg","contentUrl":"https:\/\/beebipood.ee\/wp-content\/uploads\/2013\/11\/Batuut-14-427cm-SOODUSPAKKUMISED-Aktiivne-tegevus-Batuudid_5-739.jpg","width":781,"height":554},{"@type":"BreadcrumbList","@id":"https:\/\/beebipood.ee\/ru\/produkt\/batuut-14-427cm\/#breadcrumb","itemListElement":[{"@type":"ListItem","position":1,"name":"Home","item":"https:\/\/beebipood.ee\/ru\/"},{"@type":"ListItem","position":2,"name":"\u041a\u0430\u0442\u0430\u043b\u043e\u0433 \u0442\u043e\u0432\u0430\u0440\u043e\u0432","item":"https:\/\/beebipood.ee\/tooted\/"},{"@type":"ListItem","position":3,"name":"Batuut 14&#8243; (427cm)"}]},{"@type":"WebSite","@id":"https:\/\/beebipood.ee\/ru\/#website","url":"https:\/\/beebipood.ee\/ru\/","name":"Beebipood","description":"Lastekaubad, beebikaubad, m\u00e4nguasjad","publisher":{"@id":"https:\/\/beebipood.ee\/ru\/#organization"},"potentialAction":[{"@type":"SearchAction","target":{"@type":"EntryPoint","urlTemplate":"https:\/\/beebipood.ee\/ru\/?s={search_term_string}"},"query-input":{"@type":"PropertyValueSpecification","valueRequired":true,"valueName":"search_term_string"}}],"inLanguage":"ru-RU"},{"@type":"Organization","@id":"https:\/\/beebipood.ee\/ru\/#organization","name":"Beebipood","url":"https:\/\/beebipood.ee\/ru\/","logo":{"@type":"ImageObject","inLanguage":"ru-RU","@id":"https:\/\/beebipood.ee\/ru\/#\/schema\/logo\/image\/","url":"https:\/\/beebipood.ee\/wp-content\/uploads\/2025\/03\/beebipood.ee-logo-1.svg","contentUrl":"https:\/\/beebipood.ee\/wp-content\/uploads\/2025\/03\/beebipood.ee-logo-1.svg","caption":"Beebipood"},"image":{"@id":"https:\/\/beebipood.ee\/ru\/#\/schema\/logo\/image\/"}}]}},"brands":[],"_links":{"self":[{"href":"https:\/\/beebipood.ee\/ru\/wp-json\/wp\/v2\/product\/454932","targetHints":{"allow":["GET"]}}],"collection":[{"href":"https:\/\/beebipood.ee\/ru\/wp-json\/wp\/v2\/product"}],"about":[{"href":"https:\/\/beebipood.ee\/ru\/wp-json\/wp\/v2\/types\/product"}],"wp:featuredmedia":[{"embeddable":true,"href":"https:\/\/beebipood.ee\/ru\/wp-json\/wp\/v2\/media\/102103"}],"wp:attachment":[{"href":"https:\/\/beebipood.ee\/ru\/wp-json\/wp\/v2\/media?parent=454932"}],"wp:term":[{"taxonomy":"pwb-brand","embeddable":true,"href":"https:\/\/beebipood.ee\/ru\/wp-json\/wp\/v2\/pwb-brand?post=454932"},{"taxonomy":"product_brand","embeddable":true,"href":"https:\/\/beebipood.ee\/ru\/wp-json\/wp\/v2\/product_brand?post=454932"},{"taxonomy":"product_cat","embeddable":true,"href":"https:\/\/beebipood.ee\/ru\/wp-json\/wp\/v2\/product_cat?post=454932"},{"taxonomy":"product_tag","embeddable":true,"href":"https:\/\/beebipood.ee\/ru\/wp-json\/wp\/v2\/product_tag?post=454932"}],"curies":[{"name":"wp","href":"https:\/\/api.w.org\/{rel}","templated":true}]}}