{"id":454938,"date":"2013-11-28T14:27:30","date_gmt":"2013-11-28T12:27:30","guid":{"rendered":"https:\/\/beebipood.ee\/toode\/turvavork-batuudile-8\/"},"modified":"2025-01-09T10:51:58","modified_gmt":"2025-01-09T08:51:58","slug":"turvavork-batuudile-8","status":"publish","type":"product","link":"https:\/\/beebipood.ee\/ru\/produkt\/turvavork-batuudile-8\/","title":{"rendered":"Turvav\u00f5rk batuudile 8&#8243;"},"content":{"rendered":"<ul>\n<li>Turvav\u00f5rgu postide kogus 6tk<\/li>\n<li>Turvav\u00f5rgu k\u00f5rgus on 165cm<\/li>\n<li>V\u00f5rk valmistatud musta v\u00e4rvi PP v\u00f5rk materjalist<\/li>\n<li>Turvav\u00f5rgu postid valmistatud galvaniseeritud torust 28&#215;1,3mm<\/li>\n<li>Posti pehmenduseks kasutatud EPE toru l\u00e4bim\u00f5\u00f5duga 48x10mm<\/li>\n<li>Turvav\u00f5rgu pakendi m\u00f5\u00f5dud on: 115x33x15cm ja kaal 16,5kg<\/li>\n<\/ul>\n","protected":false},"excerpt":{"rendered":"<p>Turvav\u00f5rgu postide kogus 6tk Turvav\u00f5rgu k\u00f5rgus on 165cm V\u00f5rk valmistatud musta v\u00e4rvi PP v\u00f5rk materjalist Turvav\u00f5rgu postid valmistatud galvaniseeritud torust 28&#215;1,3mm Posti pehmenduseks kasutatud EPE toru l\u00e4bim\u00f5\u00f5duga 48x10mm Turvav\u00f5rgu pakendi m\u00f5\u00f5dud on: 115x33x15cm ja kaal 16,5kg<\/p>\n","protected":false},"featured_media":150102,"template":"","meta":{"_acf_changed":false},"pwb-brand":[],"product_brand":[],"product_cat":[11679,11675],"product_tag":[],"class_list":{"0":"post-454938","1":"product","2":"type-product","3":"status-publish","4":"has-post-thumbnail","6":"product_cat-batuudid-ru","7":"product_cat-aktiivne-tegevus-ja-vaba-aeg-ru","9":"first","10":"onbackorder","11":"taxable","12":"shipping-taxable","13":"purchasable","14":"product-type-simple"},"exclude_global_add_ons":[],"addons":[],"acf":[],"yoast_head":"<!-- This site is optimized with the Yoast SEO plugin v27.1.1 - https:\/\/yoast.com\/product\/yoast-seo-wordpress\/ -->\n<title>Turvav\u00f5rk batuudile 8&quot;, \u0410\u043a\u0442\u0438\u0432\u043d\u044b\u0435 \u0434\u0435\u0439\u0441\u0442\u0432\u0438\u044f, \u0411\u0430\u0442\u0443\u0442\u044b, Beebipood<\/title>\n<meta name=\"description\" content=\"Turvav\u00f5rk batuudile 8&quot;, Turvav&otilde;rgu postide kogus 6tk Turvav&otilde;rgu k&otilde;rgus on 165cm V&otilde;rk valmistatud must\" \/>\n<meta name=\"robots\" content=\"index, follow, max-snippet:-1, max-image-preview:large, max-video-preview:-1\" \/>\n<link rel=\"canonical\" href=\"https:\/\/beebipood.ee\/ru\/produkt\/turvavork-batuudile-8\/\" \/>\n<meta property=\"og:locale\" content=\"ru_RU\" \/>\n<meta property=\"og:type\" content=\"article\" \/>\n<meta property=\"og:title\" content=\"Turvav\u00f5rk batuudile 8&quot;, \u0410\u043a\u0442\u0438\u0432\u043d\u044b\u0435 \u0434\u0435\u0439\u0441\u0442\u0432\u0438\u044f, \u0411\u0430\u0442\u0443\u0442\u044b, Beebipood\" \/>\n<meta property=\"og:description\" content=\"Turvav\u00f5rk batuudile 8&quot;, Turvav&otilde;rgu postide kogus 6tk Turvav&otilde;rgu k&otilde;rgus on 165cm V&otilde;rk valmistatud must\" \/>\n<meta property=\"og:url\" content=\"https:\/\/beebipood.ee\/ru\/produkt\/turvavork-batuudile-8\/\" \/>\n<meta property=\"og:site_name\" content=\"Beebipood\" \/>\n<meta property=\"article:modified_time\" content=\"2025-01-09T08:51:58+00:00\" \/>\n<meta property=\"og:image\" content=\"https:\/\/beebipood.ee\/wp-content\/uploads\/2013\/11\/Turvavork-batuudile-8-Aktiivne-tegevus-Batuudid_1-97e.jpg\" \/>\n\t<meta property=\"og:image:width\" content=\"824\" \/>\n\t<meta property=\"og:image:height\" content=\"826\" \/>\n\t<meta property=\"og:image:type\" content=\"image\/jpeg\" \/>\n<meta name=\"twitter:card\" content=\"summary_large_image\" \/>\n<script type=\"application\/ld+json\" class=\"yoast-schema-graph\">{\"@context\":\"https:\/\/schema.org\",\"@graph\":[{\"@type\":\"WebPage\",\"@id\":\"https:\/\/beebipood.ee\/ru\/produkt\/turvavork-batuudile-8\/\",\"url\":\"https:\/\/beebipood.ee\/ru\/produkt\/turvavork-batuudile-8\/\",\"name\":\"Turvav\u00f5rk batuudile 8\\\", \u0410\u043a\u0442\u0438\u0432\u043d\u044b\u0435 \u0434\u0435\u0439\u0441\u0442\u0432\u0438\u044f, \u0411\u0430\u0442\u0443\u0442\u044b, Beebipood\",\"isPartOf\":{\"@id\":\"https:\/\/beebipood.ee\/ru\/#website\"},\"primaryImageOfPage\":{\"@id\":\"https:\/\/beebipood.ee\/ru\/produkt\/turvavork-batuudile-8\/#primaryimage\"},\"image\":{\"@id\":\"https:\/\/beebipood.ee\/ru\/produkt\/turvavork-batuudile-8\/#primaryimage\"},\"thumbnailUrl\":\"https:\/\/beebipood.ee\/wp-content\/uploads\/2013\/11\/Turvavork-batuudile-8-Aktiivne-tegevus-Batuudid_1-97e.jpg\",\"datePublished\":\"2013-11-28T12:27:30+00:00\",\"dateModified\":\"2025-01-09T08:51:58+00:00\",\"description\":\"Turvav\u00f5rk batuudile 8\\\", Turvav&otilde;rgu postide kogus 6tk Turvav&otilde;rgu k&otilde;rgus on 165cm V&otilde;rk valmistatud must\",\"breadcrumb\":{\"@id\":\"https:\/\/beebipood.ee\/ru\/produkt\/turvavork-batuudile-8\/#breadcrumb\"},\"inLanguage\":\"ru-RU\",\"potentialAction\":[{\"@type\":\"ReadAction\",\"target\":[\"https:\/\/beebipood.ee\/ru\/produkt\/turvavork-batuudile-8\/\"]}]},{\"@type\":\"ImageObject\",\"inLanguage\":\"ru-RU\",\"@id\":\"https:\/\/beebipood.ee\/ru\/produkt\/turvavork-batuudile-8\/#primaryimage\",\"url\":\"https:\/\/beebipood.ee\/wp-content\/uploads\/2013\/11\/Turvavork-batuudile-8-Aktiivne-tegevus-Batuudid_1-97e.jpg\",\"contentUrl\":\"https:\/\/beebipood.ee\/wp-content\/uploads\/2013\/11\/Turvavork-batuudile-8-Aktiivne-tegevus-Batuudid_1-97e.jpg\",\"width\":824,\"height\":826},{\"@type\":\"BreadcrumbList\",\"@id\":\"https:\/\/beebipood.ee\/ru\/produkt\/turvavork-batuudile-8\/#breadcrumb\",\"itemListElement\":[{\"@type\":\"ListItem\",\"position\":1,\"name\":\"Home\",\"item\":\"https:\/\/beebipood.ee\/ru\/\"},{\"@type\":\"ListItem\",\"position\":2,\"name\":\"\u041a\u0430\u0442\u0430\u043b\u043e\u0433 \u0442\u043e\u0432\u0430\u0440\u043e\u0432\",\"item\":\"https:\/\/beebipood.ee\/tooted\/\"},{\"@type\":\"ListItem\",\"position\":3,\"name\":\"Turvav\u00f5rk batuudile 8&#8243;\"}]},{\"@type\":\"WebSite\",\"@id\":\"https:\/\/beebipood.ee\/ru\/#website\",\"url\":\"https:\/\/beebipood.ee\/ru\/\",\"name\":\"Beebipood\",\"description\":\"Lastekaubad, beebikaubad, m\u00e4nguasjad\",\"publisher\":{\"@id\":\"https:\/\/beebipood.ee\/ru\/#organization\"},\"potentialAction\":[{\"@type\":\"SearchAction\",\"target\":{\"@type\":\"EntryPoint\",\"urlTemplate\":\"https:\/\/beebipood.ee\/ru\/?s={search_term_string}\"},\"query-input\":{\"@type\":\"PropertyValueSpecification\",\"valueRequired\":true,\"valueName\":\"search_term_string\"}}],\"inLanguage\":\"ru-RU\"},{\"@type\":\"Organization\",\"@id\":\"https:\/\/beebipood.ee\/ru\/#organization\",\"name\":\"Beebipood\",\"url\":\"https:\/\/beebipood.ee\/ru\/\",\"logo\":{\"@type\":\"ImageObject\",\"inLanguage\":\"ru-RU\",\"@id\":\"https:\/\/beebipood.ee\/ru\/#\/schema\/logo\/image\/\",\"url\":\"https:\/\/beebipood.ee\/wp-content\/uploads\/2025\/03\/beebipood.ee-logo-1.svg\",\"contentUrl\":\"https:\/\/beebipood.ee\/wp-content\/uploads\/2025\/03\/beebipood.ee-logo-1.svg\",\"caption\":\"Beebipood\"},\"image\":{\"@id\":\"https:\/\/beebipood.ee\/ru\/#\/schema\/logo\/image\/\"}}]}<\/script>\n<!-- \/ Yoast SEO plugin. -->","yoast_head_json":{"title":"Turvav\u00f5rk batuudile 8\", \u0410\u043a\u0442\u0438\u0432\u043d\u044b\u0435 \u0434\u0435\u0439\u0441\u0442\u0432\u0438\u044f, \u0411\u0430\u0442\u0443\u0442\u044b, Beebipood","description":"Turvav\u00f5rk batuudile 8\", Turvav&otilde;rgu postide kogus 6tk Turvav&otilde;rgu k&otilde;rgus on 165cm V&otilde;rk valmistatud must","robots":{"index":"index","follow":"follow","max-snippet":"max-snippet:-1","max-image-preview":"max-image-preview:large","max-video-preview":"max-video-preview:-1"},"canonical":"https:\/\/beebipood.ee\/ru\/produkt\/turvavork-batuudile-8\/","og_locale":"ru_RU","og_type":"article","og_title":"Turvav\u00f5rk batuudile 8\", \u0410\u043a\u0442\u0438\u0432\u043d\u044b\u0435 \u0434\u0435\u0439\u0441\u0442\u0432\u0438\u044f, \u0411\u0430\u0442\u0443\u0442\u044b, Beebipood","og_description":"Turvav\u00f5rk batuudile 8\", Turvav&otilde;rgu postide kogus 6tk Turvav&otilde;rgu k&otilde;rgus on 165cm V&otilde;rk valmistatud must","og_url":"https:\/\/beebipood.ee\/ru\/produkt\/turvavork-batuudile-8\/","og_site_name":"Beebipood","article_modified_time":"2025-01-09T08:51:58+00:00","og_image":[{"width":824,"height":826,"url":"https:\/\/beebipood.ee\/wp-content\/uploads\/2013\/11\/Turvavork-batuudile-8-Aktiivne-tegevus-Batuudid_1-97e.jpg","type":"image\/jpeg"}],"twitter_card":"summary_large_image","schema":{"@context":"https:\/\/schema.org","@graph":[{"@type":"WebPage","@id":"https:\/\/beebipood.ee\/ru\/produkt\/turvavork-batuudile-8\/","url":"https:\/\/beebipood.ee\/ru\/produkt\/turvavork-batuudile-8\/","name":"Turvav\u00f5rk batuudile 8\", \u0410\u043a\u0442\u0438\u0432\u043d\u044b\u0435 \u0434\u0435\u0439\u0441\u0442\u0432\u0438\u044f, \u0411\u0430\u0442\u0443\u0442\u044b, Beebipood","isPartOf":{"@id":"https:\/\/beebipood.ee\/ru\/#website"},"primaryImageOfPage":{"@id":"https:\/\/beebipood.ee\/ru\/produkt\/turvavork-batuudile-8\/#primaryimage"},"image":{"@id":"https:\/\/beebipood.ee\/ru\/produkt\/turvavork-batuudile-8\/#primaryimage"},"thumbnailUrl":"https:\/\/beebipood.ee\/wp-content\/uploads\/2013\/11\/Turvavork-batuudile-8-Aktiivne-tegevus-Batuudid_1-97e.jpg","datePublished":"2013-11-28T12:27:30+00:00","dateModified":"2025-01-09T08:51:58+00:00","description":"Turvav\u00f5rk batuudile 8\", Turvav&otilde;rgu postide kogus 6tk Turvav&otilde;rgu k&otilde;rgus on 165cm V&otilde;rk valmistatud must","breadcrumb":{"@id":"https:\/\/beebipood.ee\/ru\/produkt\/turvavork-batuudile-8\/#breadcrumb"},"inLanguage":"ru-RU","potentialAction":[{"@type":"ReadAction","target":["https:\/\/beebipood.ee\/ru\/produkt\/turvavork-batuudile-8\/"]}]},{"@type":"ImageObject","inLanguage":"ru-RU","@id":"https:\/\/beebipood.ee\/ru\/produkt\/turvavork-batuudile-8\/#primaryimage","url":"https:\/\/beebipood.ee\/wp-content\/uploads\/2013\/11\/Turvavork-batuudile-8-Aktiivne-tegevus-Batuudid_1-97e.jpg","contentUrl":"https:\/\/beebipood.ee\/wp-content\/uploads\/2013\/11\/Turvavork-batuudile-8-Aktiivne-tegevus-Batuudid_1-97e.jpg","width":824,"height":826},{"@type":"BreadcrumbList","@id":"https:\/\/beebipood.ee\/ru\/produkt\/turvavork-batuudile-8\/#breadcrumb","itemListElement":[{"@type":"ListItem","position":1,"name":"Home","item":"https:\/\/beebipood.ee\/ru\/"},{"@type":"ListItem","position":2,"name":"\u041a\u0430\u0442\u0430\u043b\u043e\u0433 \u0442\u043e\u0432\u0430\u0440\u043e\u0432","item":"https:\/\/beebipood.ee\/tooted\/"},{"@type":"ListItem","position":3,"name":"Turvav\u00f5rk batuudile 8&#8243;"}]},{"@type":"WebSite","@id":"https:\/\/beebipood.ee\/ru\/#website","url":"https:\/\/beebipood.ee\/ru\/","name":"Beebipood","description":"Lastekaubad, beebikaubad, m\u00e4nguasjad","publisher":{"@id":"https:\/\/beebipood.ee\/ru\/#organization"},"potentialAction":[{"@type":"SearchAction","target":{"@type":"EntryPoint","urlTemplate":"https:\/\/beebipood.ee\/ru\/?s={search_term_string}"},"query-input":{"@type":"PropertyValueSpecification","valueRequired":true,"valueName":"search_term_string"}}],"inLanguage":"ru-RU"},{"@type":"Organization","@id":"https:\/\/beebipood.ee\/ru\/#organization","name":"Beebipood","url":"https:\/\/beebipood.ee\/ru\/","logo":{"@type":"ImageObject","inLanguage":"ru-RU","@id":"https:\/\/beebipood.ee\/ru\/#\/schema\/logo\/image\/","url":"https:\/\/beebipood.ee\/wp-content\/uploads\/2025\/03\/beebipood.ee-logo-1.svg","contentUrl":"https:\/\/beebipood.ee\/wp-content\/uploads\/2025\/03\/beebipood.ee-logo-1.svg","caption":"Beebipood"},"image":{"@id":"https:\/\/beebipood.ee\/ru\/#\/schema\/logo\/image\/"}}]}},"brands":[],"_links":{"self":[{"href":"https:\/\/beebipood.ee\/ru\/wp-json\/wp\/v2\/product\/454938","targetHints":{"allow":["GET"]}}],"collection":[{"href":"https:\/\/beebipood.ee\/ru\/wp-json\/wp\/v2\/product"}],"about":[{"href":"https:\/\/beebipood.ee\/ru\/wp-json\/wp\/v2\/types\/product"}],"wp:featuredmedia":[{"embeddable":true,"href":"https:\/\/beebipood.ee\/ru\/wp-json\/wp\/v2\/media\/150102"}],"wp:attachment":[{"href":"https:\/\/beebipood.ee\/ru\/wp-json\/wp\/v2\/media?parent=454938"}],"wp:term":[{"taxonomy":"pwb-brand","embeddable":true,"href":"https:\/\/beebipood.ee\/ru\/wp-json\/wp\/v2\/pwb-brand?post=454938"},{"taxonomy":"product_brand","embeddable":true,"href":"https:\/\/beebipood.ee\/ru\/wp-json\/wp\/v2\/product_brand?post=454938"},{"taxonomy":"product_cat","embeddable":true,"href":"https:\/\/beebipood.ee\/ru\/wp-json\/wp\/v2\/product_cat?post=454938"},{"taxonomy":"product_tag","embeddable":true,"href":"https:\/\/beebipood.ee\/ru\/wp-json\/wp\/v2\/product_tag?post=454938"}],"curies":[{"name":"wp","href":"https:\/\/api.w.org\/{rel}","templated":true}]}}