{"id":454982,"date":"2013-12-18T15:35:48","date_gmt":"2013-12-18T13:35:48","guid":{"rendered":"https:\/\/beebipood.ee\/toode\/beebipood-ee-kinkekaart-500\/"},"modified":"2025-01-09T10:51:56","modified_gmt":"2025-01-09T08:51:56","slug":"beebipood-ee-kinkekaart-500","status":"publish","type":"product","link":"https:\/\/beebipood.ee\/ru\/produkt\/beebipood-ee-kinkekaart-500\/","title":{"rendered":"Beebipood.ee \u043f\u043e\u0434\u0430\u0440\u043e\u0447\u043d\u0430\u044f \u043a\u0430\u0440\u0442\u0430 500\u20ac"},"content":{"rendered":"<p>* Kinkekaart sobib: kingiks,\u00a0s\u00fcnnip\u00e4evaks, j\u00f5uludeks,\u00a0jne.<br \/><span>* Kinkekaart kehtib maksevahendina vastavalt kaardi (kaartide) koguv\u00e4\u00e4rtuse summale<\/span><br \/>* Kinkekaardi kehtivusaeg on \u00fcks aasta (1a.)<br \/>* Kinkekaarti saab kasutada beebipood.ee e-poes<br \/><span>* Kinkekaarti ei vahetata rahaks ning maksumuse vahe ei tagastata<br \/>* Kinkekaardile ei kehti 14 p\u00e4evane tagastamis\u00f5igus<\/span><\/p>\n<p><\/p>\n","protected":false},"excerpt":{"rendered":"<p>* Kinkekaart sobib: kingiks,\u00a0s\u00fcnnip\u00e4evaks, j\u00f5uludeks,\u00a0jne.* Kinkekaart kehtib maksevahendina vastavalt kaardi (kaartide) koguv\u00e4\u00e4rtuse summale* Kinkekaardi kehtivusaeg on \u00fcks aasta (1a.)* Kinkekaarti saab kasutada beebipood.ee e-poes* Kinkekaarti ei vahetata rahaks ning maksumuse vahe ei tagastata* Kinkekaardile ei kehti 14 p\u00e4evane tagastamis\u00f5igus<\/p>\n","protected":false},"featured_media":102247,"template":"","meta":{"_acf_changed":false},"pwb-brand":[],"product_brand":[],"product_cat":[11781],"product_tag":[],"class_list":{"0":"post-454982","1":"product","2":"type-product","3":"status-publish","4":"has-post-thumbnail","6":"product_cat-kinkekaardid-ru","8":"first","9":"onbackorder","10":"taxable","11":"shipping-taxable","12":"purchasable","13":"product-type-simple"},"exclude_global_add_ons":[],"addons":[],"acf":[],"yoast_head":"<!-- This site is optimized with the Yoast SEO plugin v27.1.1 - https:\/\/yoast.com\/product\/yoast-seo-wordpress\/ -->\n<title>Beebipood.ee \u043f\u043e\u0434\u0430\u0440\u043e\u0447\u043d\u0430\u044f \u043a\u0430\u0440\u0442\u0430 500\u20ac, \u0421\u041a\u0418\u0414\u041a\u0418, \u041f\u043e\u0434\u0430\u0440\u043e\u0447\u043d\u044b\u0435 \u043a\u0430\u0440\u0442\u044b, Beebipood<\/title>\n<meta name=\"description\" content=\"Beebipood.ee \u043f\u043e\u0434\u0430\u0440\u043e\u0447\u043d\u0430\u044f \u043a\u0430\u0440\u0442\u0430 500\u20ac, * Kinkekaart sobib: kingiks,&nbsp;s&uuml;nnip&auml;evaks, j&otilde;uludeks,&nbsp;jne.* Kinke\" \/>\n<meta name=\"robots\" content=\"index, follow, max-snippet:-1, max-image-preview:large, max-video-preview:-1\" \/>\n<link rel=\"canonical\" href=\"https:\/\/beebipood.ee\/ru\/produkt\/beebipood-ee-kinkekaart-500\/\" \/>\n<meta property=\"og:locale\" content=\"ru_RU\" \/>\n<meta property=\"og:type\" content=\"article\" \/>\n<meta property=\"og:title\" content=\"Beebipood.ee \u043f\u043e\u0434\u0430\u0440\u043e\u0447\u043d\u0430\u044f \u043a\u0430\u0440\u0442\u0430 500\u20ac, \u0421\u041a\u0418\u0414\u041a\u0418, \u041f\u043e\u0434\u0430\u0440\u043e\u0447\u043d\u044b\u0435 \u043a\u0430\u0440\u0442\u044b, Beebipood\" \/>\n<meta property=\"og:description\" content=\"Beebipood.ee \u043f\u043e\u0434\u0430\u0440\u043e\u0447\u043d\u0430\u044f \u043a\u0430\u0440\u0442\u0430 500\u20ac, * Kinkekaart sobib: kingiks,&nbsp;s&uuml;nnip&auml;evaks, j&otilde;uludeks,&nbsp;jne.* Kinke\" \/>\n<meta property=\"og:url\" content=\"https:\/\/beebipood.ee\/ru\/produkt\/beebipood-ee-kinkekaart-500\/\" \/>\n<meta property=\"og:site_name\" content=\"Beebipood\" \/>\n<meta property=\"article:modified_time\" content=\"2025-01-09T08:51:56+00:00\" \/>\n<meta property=\"og:image\" content=\"https:\/\/beebipood.ee\/wp-content\/uploads\/2013\/12\/Beebipoodee-kinkekaart-500-KINKEKAARDID_2-878.jpg\" \/>\n\t<meta property=\"og:image:width\" content=\"566\" \/>\n\t<meta property=\"og:image:height\" content=\"370\" \/>\n\t<meta property=\"og:image:type\" content=\"image\/jpeg\" \/>\n<meta name=\"twitter:card\" content=\"summary_large_image\" \/>\n<script type=\"application\/ld+json\" class=\"yoast-schema-graph\">{\"@context\":\"https:\/\/schema.org\",\"@graph\":[{\"@type\":\"WebPage\",\"@id\":\"https:\/\/beebipood.ee\/ru\/produkt\/beebipood-ee-kinkekaart-500\/\",\"url\":\"https:\/\/beebipood.ee\/ru\/produkt\/beebipood-ee-kinkekaart-500\/\",\"name\":\"Beebipood.ee \u043f\u043e\u0434\u0430\u0440\u043e\u0447\u043d\u0430\u044f \u043a\u0430\u0440\u0442\u0430 500\u20ac, \u0421\u041a\u0418\u0414\u041a\u0418, \u041f\u043e\u0434\u0430\u0440\u043e\u0447\u043d\u044b\u0435 \u043a\u0430\u0440\u0442\u044b, Beebipood\",\"isPartOf\":{\"@id\":\"https:\/\/beebipood.ee\/ru\/#website\"},\"primaryImageOfPage\":{\"@id\":\"https:\/\/beebipood.ee\/ru\/produkt\/beebipood-ee-kinkekaart-500\/#primaryimage\"},\"image\":{\"@id\":\"https:\/\/beebipood.ee\/ru\/produkt\/beebipood-ee-kinkekaart-500\/#primaryimage\"},\"thumbnailUrl\":\"https:\/\/beebipood.ee\/wp-content\/uploads\/2013\/12\/Beebipoodee-kinkekaart-500-KINKEKAARDID_2-878.jpg\",\"datePublished\":\"2013-12-18T13:35:48+00:00\",\"dateModified\":\"2025-01-09T08:51:56+00:00\",\"description\":\"Beebipood.ee \u043f\u043e\u0434\u0430\u0440\u043e\u0447\u043d\u0430\u044f \u043a\u0430\u0440\u0442\u0430 500\u20ac, * Kinkekaart sobib: kingiks,&nbsp;s&uuml;nnip&auml;evaks, j&otilde;uludeks,&nbsp;jne.* Kinke\",\"breadcrumb\":{\"@id\":\"https:\/\/beebipood.ee\/ru\/produkt\/beebipood-ee-kinkekaart-500\/#breadcrumb\"},\"inLanguage\":\"ru-RU\",\"potentialAction\":[{\"@type\":\"ReadAction\",\"target\":[\"https:\/\/beebipood.ee\/ru\/produkt\/beebipood-ee-kinkekaart-500\/\"]}]},{\"@type\":\"ImageObject\",\"inLanguage\":\"ru-RU\",\"@id\":\"https:\/\/beebipood.ee\/ru\/produkt\/beebipood-ee-kinkekaart-500\/#primaryimage\",\"url\":\"https:\/\/beebipood.ee\/wp-content\/uploads\/2013\/12\/Beebipoodee-kinkekaart-500-KINKEKAARDID_2-878.jpg\",\"contentUrl\":\"https:\/\/beebipood.ee\/wp-content\/uploads\/2013\/12\/Beebipoodee-kinkekaart-500-KINKEKAARDID_2-878.jpg\",\"width\":566,\"height\":370},{\"@type\":\"BreadcrumbList\",\"@id\":\"https:\/\/beebipood.ee\/ru\/produkt\/beebipood-ee-kinkekaart-500\/#breadcrumb\",\"itemListElement\":[{\"@type\":\"ListItem\",\"position\":1,\"name\":\"Home\",\"item\":\"https:\/\/beebipood.ee\/ru\/\"},{\"@type\":\"ListItem\",\"position\":2,\"name\":\"\u041a\u0430\u0442\u0430\u043b\u043e\u0433 \u0442\u043e\u0432\u0430\u0440\u043e\u0432\",\"item\":\"https:\/\/beebipood.ee\/tooted\/\"},{\"@type\":\"ListItem\",\"position\":3,\"name\":\"Beebipood.ee \u043f\u043e\u0434\u0430\u0440\u043e\u0447\u043d\u0430\u044f \u043a\u0430\u0440\u0442\u0430 500\u20ac\"}]},{\"@type\":\"WebSite\",\"@id\":\"https:\/\/beebipood.ee\/ru\/#website\",\"url\":\"https:\/\/beebipood.ee\/ru\/\",\"name\":\"Beebipood\",\"description\":\"Lastekaubad, beebikaubad, m\u00e4nguasjad\",\"publisher\":{\"@id\":\"https:\/\/beebipood.ee\/ru\/#organization\"},\"potentialAction\":[{\"@type\":\"SearchAction\",\"target\":{\"@type\":\"EntryPoint\",\"urlTemplate\":\"https:\/\/beebipood.ee\/ru\/?s={search_term_string}\"},\"query-input\":{\"@type\":\"PropertyValueSpecification\",\"valueRequired\":true,\"valueName\":\"search_term_string\"}}],\"inLanguage\":\"ru-RU\"},{\"@type\":\"Organization\",\"@id\":\"https:\/\/beebipood.ee\/ru\/#organization\",\"name\":\"Beebipood\",\"url\":\"https:\/\/beebipood.ee\/ru\/\",\"logo\":{\"@type\":\"ImageObject\",\"inLanguage\":\"ru-RU\",\"@id\":\"https:\/\/beebipood.ee\/ru\/#\/schema\/logo\/image\/\",\"url\":\"https:\/\/beebipood.ee\/wp-content\/uploads\/2025\/03\/beebipood.ee-logo-1.svg\",\"contentUrl\":\"https:\/\/beebipood.ee\/wp-content\/uploads\/2025\/03\/beebipood.ee-logo-1.svg\",\"caption\":\"Beebipood\"},\"image\":{\"@id\":\"https:\/\/beebipood.ee\/ru\/#\/schema\/logo\/image\/\"}}]}<\/script>\n<!-- \/ Yoast SEO plugin. -->","yoast_head_json":{"title":"Beebipood.ee \u043f\u043e\u0434\u0430\u0440\u043e\u0447\u043d\u0430\u044f \u043a\u0430\u0440\u0442\u0430 500\u20ac, \u0421\u041a\u0418\u0414\u041a\u0418, \u041f\u043e\u0434\u0430\u0440\u043e\u0447\u043d\u044b\u0435 \u043a\u0430\u0440\u0442\u044b, Beebipood","description":"Beebipood.ee \u043f\u043e\u0434\u0430\u0440\u043e\u0447\u043d\u0430\u044f \u043a\u0430\u0440\u0442\u0430 500\u20ac, * Kinkekaart sobib: kingiks,&nbsp;s&uuml;nnip&auml;evaks, j&otilde;uludeks,&nbsp;jne.* Kinke","robots":{"index":"index","follow":"follow","max-snippet":"max-snippet:-1","max-image-preview":"max-image-preview:large","max-video-preview":"max-video-preview:-1"},"canonical":"https:\/\/beebipood.ee\/ru\/produkt\/beebipood-ee-kinkekaart-500\/","og_locale":"ru_RU","og_type":"article","og_title":"Beebipood.ee \u043f\u043e\u0434\u0430\u0440\u043e\u0447\u043d\u0430\u044f \u043a\u0430\u0440\u0442\u0430 500\u20ac, \u0421\u041a\u0418\u0414\u041a\u0418, \u041f\u043e\u0434\u0430\u0440\u043e\u0447\u043d\u044b\u0435 \u043a\u0430\u0440\u0442\u044b, Beebipood","og_description":"Beebipood.ee \u043f\u043e\u0434\u0430\u0440\u043e\u0447\u043d\u0430\u044f \u043a\u0430\u0440\u0442\u0430 500\u20ac, * Kinkekaart sobib: kingiks,&nbsp;s&uuml;nnip&auml;evaks, j&otilde;uludeks,&nbsp;jne.* Kinke","og_url":"https:\/\/beebipood.ee\/ru\/produkt\/beebipood-ee-kinkekaart-500\/","og_site_name":"Beebipood","article_modified_time":"2025-01-09T08:51:56+00:00","og_image":[{"width":566,"height":370,"url":"https:\/\/beebipood.ee\/wp-content\/uploads\/2013\/12\/Beebipoodee-kinkekaart-500-KINKEKAARDID_2-878.jpg","type":"image\/jpeg"}],"twitter_card":"summary_large_image","schema":{"@context":"https:\/\/schema.org","@graph":[{"@type":"WebPage","@id":"https:\/\/beebipood.ee\/ru\/produkt\/beebipood-ee-kinkekaart-500\/","url":"https:\/\/beebipood.ee\/ru\/produkt\/beebipood-ee-kinkekaart-500\/","name":"Beebipood.ee \u043f\u043e\u0434\u0430\u0440\u043e\u0447\u043d\u0430\u044f \u043a\u0430\u0440\u0442\u0430 500\u20ac, \u0421\u041a\u0418\u0414\u041a\u0418, \u041f\u043e\u0434\u0430\u0440\u043e\u0447\u043d\u044b\u0435 \u043a\u0430\u0440\u0442\u044b, Beebipood","isPartOf":{"@id":"https:\/\/beebipood.ee\/ru\/#website"},"primaryImageOfPage":{"@id":"https:\/\/beebipood.ee\/ru\/produkt\/beebipood-ee-kinkekaart-500\/#primaryimage"},"image":{"@id":"https:\/\/beebipood.ee\/ru\/produkt\/beebipood-ee-kinkekaart-500\/#primaryimage"},"thumbnailUrl":"https:\/\/beebipood.ee\/wp-content\/uploads\/2013\/12\/Beebipoodee-kinkekaart-500-KINKEKAARDID_2-878.jpg","datePublished":"2013-12-18T13:35:48+00:00","dateModified":"2025-01-09T08:51:56+00:00","description":"Beebipood.ee \u043f\u043e\u0434\u0430\u0440\u043e\u0447\u043d\u0430\u044f \u043a\u0430\u0440\u0442\u0430 500\u20ac, * Kinkekaart sobib: kingiks,&nbsp;s&uuml;nnip&auml;evaks, j&otilde;uludeks,&nbsp;jne.* Kinke","breadcrumb":{"@id":"https:\/\/beebipood.ee\/ru\/produkt\/beebipood-ee-kinkekaart-500\/#breadcrumb"},"inLanguage":"ru-RU","potentialAction":[{"@type":"ReadAction","target":["https:\/\/beebipood.ee\/ru\/produkt\/beebipood-ee-kinkekaart-500\/"]}]},{"@type":"ImageObject","inLanguage":"ru-RU","@id":"https:\/\/beebipood.ee\/ru\/produkt\/beebipood-ee-kinkekaart-500\/#primaryimage","url":"https:\/\/beebipood.ee\/wp-content\/uploads\/2013\/12\/Beebipoodee-kinkekaart-500-KINKEKAARDID_2-878.jpg","contentUrl":"https:\/\/beebipood.ee\/wp-content\/uploads\/2013\/12\/Beebipoodee-kinkekaart-500-KINKEKAARDID_2-878.jpg","width":566,"height":370},{"@type":"BreadcrumbList","@id":"https:\/\/beebipood.ee\/ru\/produkt\/beebipood-ee-kinkekaart-500\/#breadcrumb","itemListElement":[{"@type":"ListItem","position":1,"name":"Home","item":"https:\/\/beebipood.ee\/ru\/"},{"@type":"ListItem","position":2,"name":"\u041a\u0430\u0442\u0430\u043b\u043e\u0433 \u0442\u043e\u0432\u0430\u0440\u043e\u0432","item":"https:\/\/beebipood.ee\/tooted\/"},{"@type":"ListItem","position":3,"name":"Beebipood.ee \u043f\u043e\u0434\u0430\u0440\u043e\u0447\u043d\u0430\u044f \u043a\u0430\u0440\u0442\u0430 500\u20ac"}]},{"@type":"WebSite","@id":"https:\/\/beebipood.ee\/ru\/#website","url":"https:\/\/beebipood.ee\/ru\/","name":"Beebipood","description":"Lastekaubad, beebikaubad, m\u00e4nguasjad","publisher":{"@id":"https:\/\/beebipood.ee\/ru\/#organization"},"potentialAction":[{"@type":"SearchAction","target":{"@type":"EntryPoint","urlTemplate":"https:\/\/beebipood.ee\/ru\/?s={search_term_string}"},"query-input":{"@type":"PropertyValueSpecification","valueRequired":true,"valueName":"search_term_string"}}],"inLanguage":"ru-RU"},{"@type":"Organization","@id":"https:\/\/beebipood.ee\/ru\/#organization","name":"Beebipood","url":"https:\/\/beebipood.ee\/ru\/","logo":{"@type":"ImageObject","inLanguage":"ru-RU","@id":"https:\/\/beebipood.ee\/ru\/#\/schema\/logo\/image\/","url":"https:\/\/beebipood.ee\/wp-content\/uploads\/2025\/03\/beebipood.ee-logo-1.svg","contentUrl":"https:\/\/beebipood.ee\/wp-content\/uploads\/2025\/03\/beebipood.ee-logo-1.svg","caption":"Beebipood"},"image":{"@id":"https:\/\/beebipood.ee\/ru\/#\/schema\/logo\/image\/"}}]}},"brands":[],"_links":{"self":[{"href":"https:\/\/beebipood.ee\/ru\/wp-json\/wp\/v2\/product\/454982","targetHints":{"allow":["GET"]}}],"collection":[{"href":"https:\/\/beebipood.ee\/ru\/wp-json\/wp\/v2\/product"}],"about":[{"href":"https:\/\/beebipood.ee\/ru\/wp-json\/wp\/v2\/types\/product"}],"wp:featuredmedia":[{"embeddable":true,"href":"https:\/\/beebipood.ee\/ru\/wp-json\/wp\/v2\/media\/102247"}],"wp:attachment":[{"href":"https:\/\/beebipood.ee\/ru\/wp-json\/wp\/v2\/media?parent=454982"}],"wp:term":[{"taxonomy":"pwb-brand","embeddable":true,"href":"https:\/\/beebipood.ee\/ru\/wp-json\/wp\/v2\/pwb-brand?post=454982"},{"taxonomy":"product_brand","embeddable":true,"href":"https:\/\/beebipood.ee\/ru\/wp-json\/wp\/v2\/product_brand?post=454982"},{"taxonomy":"product_cat","embeddable":true,"href":"https:\/\/beebipood.ee\/ru\/wp-json\/wp\/v2\/product_cat?post=454982"},{"taxonomy":"product_tag","embeddable":true,"href":"https:\/\/beebipood.ee\/ru\/wp-json\/wp\/v2\/product_tag?post=454982"}],"curies":[{"name":"wp","href":"https:\/\/api.w.org\/{rel}","templated":true}]}}