{"id":454994,"date":"2014-01-23T15:19:01","date_gmt":"2014-01-23T13:19:01","guid":{"rendered":"https:\/\/beebipood.ee\/toode\/mahkimismatt-fairy-kova-pohi\/"},"modified":"2025-12-09T17:01:06","modified_gmt":"2025-12-09T15:01:06","slug":"mahkimismatt-balloons-kova-pohi","status":"publish","type":"product","link":"https:\/\/beebipood.ee\/ru\/produkt\/mahkimismatt-balloons-kova-pohi\/","title":{"rendered":"M\u00e4hkimismatt Balloons (k\u00f5va p\u00f5hi)"},"content":{"rendered":"<p>Kvaliteetne ja kergesti puhastatav materjal<br \/>\nK\u00f5va p\u00f5hjaga m\u00e4hkimisalus<br \/>\nKaetud lapse nahale ohutu fooliumiga, mis ei sisalda ftalaate.<br \/>\nSisu on kvaliteetne pol\u00fcuretaanvaht.<br \/>\nK\u00fcljed on spetsiaalselt profileeritud,<br \/>\net kaitsta last m\u00e4hkimislaualt mahalibisemise eest.<br \/>\nKomplekti kuulub 4 jalga, et v\u00e4ltida m\u00e4hkimislaua v\u00f5revoodi raamilt maha libisemist.<br \/>\nM\u00f5eldud lastele vanuses 0 kuni 12 kuud ja\/v\u00f5i kuni 11 kg.<br \/>\nKate: 100% PVC.<br \/>\nSobib beebivoodile<br \/>\nTeemakohane kujundus<br \/>\nEnne ostu soovitame \u00fcle m\u00f5\u00f5ta beebivoodi laiuse, sest see alus sobib <strong data-start=\"695\" data-end=\"714\">60 cm laiustele<\/strong> vooditele.<\/p>\n","protected":false},"excerpt":{"rendered":"<p>Kvaliteetne ja kergesti puhastatav materjal K\u00f5va p\u00f5hjaga m\u00e4hkimisalus Kaetud lapse nahale ohutu fooliumiga, mis ei sisalda ftalaate. Sisu on kvaliteetne pol\u00fcuretaanvaht. K\u00fcljed on spetsiaalselt profileeritud, et kaitsta last m\u00e4hkimislaualt mahalibisemise eest. Komplekti kuulub 4 jalga, et v\u00e4ltida m\u00e4hkimislaua v\u00f5revoodi raamilt maha libisemist. M\u00f5eldud lastele vanuses 0 kuni 12 kuud ja\/v\u00f5i kuni 11 kg. Kate: 100% [&hellip;]<\/p>\n","protected":false},"featured_media":509558,"template":"","meta":{"_acf_changed":false},"pwb-brand":[11946],"product_brand":[],"product_cat":[11713,11709],"product_tag":[],"class_list":{"0":"post-454994","1":"product","2":"type-product","3":"status-publish","4":"has-post-thumbnail","6":"pwb-brand-klups-ru","7":"product_cat-mahkimismatid-ru","8":"product_cat-sootmistoolid-beebi-ja-lastetarbed-mahkimine-hugieen-ru","9":"pa_manufacturer-klups-ru","11":"first","12":"onbackorder","13":"taxable","14":"shipping-taxable","15":"purchasable","16":"product-type-simple"},"exclude_global_add_ons":[],"addons":[],"acf":[],"yoast_head":"<!-- This site is optimized with the Yoast SEO plugin v27.1.1 - https:\/\/yoast.com\/product\/yoast-seo-wordpress\/ -->\n<title>M\u00e4hkimismatt Fairy (k\u00f5va p\u00f5hi), \u041d\u041e\u0412\u042b\u0415 \u0422\u041e\u0412\u0410\u0420\u042b, \u041f\u0440\u0438\u043d\u0430\u0434\u043b\u0435\u0436\u043d\u043e\u0441\u0442\u0438 \u0434\u043b\u044f \u043c\u043b\u0430\u0434\u0435\u043d\u0446\u0435\u0432, \u041c\u0430\u0442\u044b \u0434\u043b\u044f \u043f\u0435\u043b\u0435\u043d\u0430\u043d\u0438\u044f, Beebipood<\/title>\n<meta name=\"description\" content=\"M\u00e4hkimismatt Fairy (k\u00f5va p\u00f5hi), Kvaliteetne ja kergesti puhastatav materjalK\u00f5va p\u00f5hjaga m\u00e4hkimisalusKaetud lapse nahale ohu\" \/>\n<meta name=\"robots\" content=\"index, follow, max-snippet:-1, max-image-preview:large, max-video-preview:-1\" \/>\n<link rel=\"canonical\" href=\"https:\/\/beebipood.ee\/ru\/produkt\/mahkimismatt-balloons-kova-pohi\/\" \/>\n<meta property=\"og:locale\" content=\"ru_RU\" \/>\n<meta property=\"og:type\" content=\"article\" \/>\n<meta property=\"og:title\" content=\"M\u00e4hkimismatt Fairy (k\u00f5va p\u00f5hi), \u041d\u041e\u0412\u042b\u0415 \u0422\u041e\u0412\u0410\u0420\u042b, \u041f\u0440\u0438\u043d\u0430\u0434\u043b\u0435\u0436\u043d\u043e\u0441\u0442\u0438 \u0434\u043b\u044f \u043c\u043b\u0430\u0434\u0435\u043d\u0446\u0435\u0432, \u041c\u0430\u0442\u044b \u0434\u043b\u044f \u043f\u0435\u043b\u0435\u043d\u0430\u043d\u0438\u044f, Beebipood\" \/>\n<meta property=\"og:description\" content=\"M\u00e4hkimismatt Fairy (k\u00f5va p\u00f5hi), Kvaliteetne ja kergesti puhastatav materjalK\u00f5va p\u00f5hjaga m\u00e4hkimisalusKaetud lapse nahale ohu\" \/>\n<meta property=\"og:url\" content=\"https:\/\/beebipood.ee\/ru\/produkt\/mahkimismatt-balloons-kova-pohi\/\" \/>\n<meta property=\"og:site_name\" content=\"Beebipood\" \/>\n<meta property=\"article:modified_time\" content=\"2025-12-09T15:01:06+00:00\" \/>\n<meta property=\"og:image\" content=\"https:\/\/beebipood.ee\/wp-content\/uploads\/2014\/01\/cebababy-vystymo-lenta-basic-trumpa-kieta-70-cm-balionai-5.jpg\" \/>\n\t<meta property=\"og:image:width\" content=\"1188\" \/>\n\t<meta property=\"og:image:height\" content=\"1188\" \/>\n\t<meta property=\"og:image:type\" content=\"image\/jpeg\" \/>\n<meta name=\"twitter:card\" content=\"summary_large_image\" \/>\n<meta name=\"twitter:label1\" content=\"\u041f\u0440\u0438\u043c\u0435\u0440\u043d\u043e\u0435 \u0432\u0440\u0435\u043c\u044f \u0434\u043b\u044f \u0447\u0442\u0435\u043d\u0438\u044f\" \/>\n\t<meta name=\"twitter:data1\" content=\"1 \u043c\u0438\u043d\u0443\u0442\u0430\" \/>\n<script type=\"application\/ld+json\" class=\"yoast-schema-graph\">{\"@context\":\"https:\/\/schema.org\",\"@graph\":[{\"@type\":\"WebPage\",\"@id\":\"https:\/\/beebipood.ee\/ru\/produkt\/mahkimismatt-balloons-kova-pohi\/\",\"url\":\"https:\/\/beebipood.ee\/ru\/produkt\/mahkimismatt-balloons-kova-pohi\/\",\"name\":\"M\u00e4hkimismatt Fairy (k\u00f5va p\u00f5hi), \u041d\u041e\u0412\u042b\u0415 \u0422\u041e\u0412\u0410\u0420\u042b, \u041f\u0440\u0438\u043d\u0430\u0434\u043b\u0435\u0436\u043d\u043e\u0441\u0442\u0438 \u0434\u043b\u044f \u043c\u043b\u0430\u0434\u0435\u043d\u0446\u0435\u0432, \u041c\u0430\u0442\u044b \u0434\u043b\u044f \u043f\u0435\u043b\u0435\u043d\u0430\u043d\u0438\u044f, Beebipood\",\"isPartOf\":{\"@id\":\"https:\/\/beebipood.ee\/ru\/#website\"},\"primaryImageOfPage\":{\"@id\":\"https:\/\/beebipood.ee\/ru\/produkt\/mahkimismatt-balloons-kova-pohi\/#primaryimage\"},\"image\":{\"@id\":\"https:\/\/beebipood.ee\/ru\/produkt\/mahkimismatt-balloons-kova-pohi\/#primaryimage\"},\"thumbnailUrl\":\"https:\/\/beebipood.ee\/wp-content\/uploads\/2014\/01\/cebababy-vystymo-lenta-basic-trumpa-kieta-70-cm-balionai-5.jpg\",\"datePublished\":\"2014-01-23T13:19:01+00:00\",\"dateModified\":\"2025-12-09T15:01:06+00:00\",\"description\":\"M\u00e4hkimismatt Fairy (k\u00f5va p\u00f5hi), Kvaliteetne ja kergesti puhastatav materjalK\u00f5va p\u00f5hjaga m\u00e4hkimisalusKaetud lapse nahale ohu\",\"breadcrumb\":{\"@id\":\"https:\/\/beebipood.ee\/ru\/produkt\/mahkimismatt-balloons-kova-pohi\/#breadcrumb\"},\"inLanguage\":\"ru-RU\",\"potentialAction\":[{\"@type\":\"ReadAction\",\"target\":[\"https:\/\/beebipood.ee\/ru\/produkt\/mahkimismatt-balloons-kova-pohi\/\"]}]},{\"@type\":\"ImageObject\",\"inLanguage\":\"ru-RU\",\"@id\":\"https:\/\/beebipood.ee\/ru\/produkt\/mahkimismatt-balloons-kova-pohi\/#primaryimage\",\"url\":\"https:\/\/beebipood.ee\/wp-content\/uploads\/2014\/01\/cebababy-vystymo-lenta-basic-trumpa-kieta-70-cm-balionai-5.jpg\",\"contentUrl\":\"https:\/\/beebipood.ee\/wp-content\/uploads\/2014\/01\/cebababy-vystymo-lenta-basic-trumpa-kieta-70-cm-balionai-5.jpg\",\"width\":1188,\"height\":1188},{\"@type\":\"BreadcrumbList\",\"@id\":\"https:\/\/beebipood.ee\/ru\/produkt\/mahkimismatt-balloons-kova-pohi\/#breadcrumb\",\"itemListElement\":[{\"@type\":\"ListItem\",\"position\":1,\"name\":\"Home\",\"item\":\"https:\/\/beebipood.ee\/ru\/\"},{\"@type\":\"ListItem\",\"position\":2,\"name\":\"\u041a\u0430\u0442\u0430\u043b\u043e\u0433 \u0442\u043e\u0432\u0430\u0440\u043e\u0432\",\"item\":\"https:\/\/beebipood.ee\/tooted\/\"},{\"@type\":\"ListItem\",\"position\":3,\"name\":\"M\u00e4hkimismatt Balloons (k\u00f5va p\u00f5hi)\"}]},{\"@type\":\"WebSite\",\"@id\":\"https:\/\/beebipood.ee\/ru\/#website\",\"url\":\"https:\/\/beebipood.ee\/ru\/\",\"name\":\"Beebipood\",\"description\":\"Lastekaubad, beebikaubad, m\u00e4nguasjad\",\"publisher\":{\"@id\":\"https:\/\/beebipood.ee\/ru\/#organization\"},\"potentialAction\":[{\"@type\":\"SearchAction\",\"target\":{\"@type\":\"EntryPoint\",\"urlTemplate\":\"https:\/\/beebipood.ee\/ru\/?s={search_term_string}\"},\"query-input\":{\"@type\":\"PropertyValueSpecification\",\"valueRequired\":true,\"valueName\":\"search_term_string\"}}],\"inLanguage\":\"ru-RU\"},{\"@type\":\"Organization\",\"@id\":\"https:\/\/beebipood.ee\/ru\/#organization\",\"name\":\"Beebipood\",\"url\":\"https:\/\/beebipood.ee\/ru\/\",\"logo\":{\"@type\":\"ImageObject\",\"inLanguage\":\"ru-RU\",\"@id\":\"https:\/\/beebipood.ee\/ru\/#\/schema\/logo\/image\/\",\"url\":\"https:\/\/beebipood.ee\/wp-content\/uploads\/2025\/03\/beebipood.ee-logo-1.svg\",\"contentUrl\":\"https:\/\/beebipood.ee\/wp-content\/uploads\/2025\/03\/beebipood.ee-logo-1.svg\",\"caption\":\"Beebipood\"},\"image\":{\"@id\":\"https:\/\/beebipood.ee\/ru\/#\/schema\/logo\/image\/\"}}]}<\/script>\n<!-- \/ Yoast SEO plugin. -->","yoast_head_json":{"title":"M\u00e4hkimismatt Fairy (k\u00f5va p\u00f5hi), \u041d\u041e\u0412\u042b\u0415 \u0422\u041e\u0412\u0410\u0420\u042b, \u041f\u0440\u0438\u043d\u0430\u0434\u043b\u0435\u0436\u043d\u043e\u0441\u0442\u0438 \u0434\u043b\u044f \u043c\u043b\u0430\u0434\u0435\u043d\u0446\u0435\u0432, \u041c\u0430\u0442\u044b \u0434\u043b\u044f \u043f\u0435\u043b\u0435\u043d\u0430\u043d\u0438\u044f, Beebipood","description":"M\u00e4hkimismatt Fairy (k\u00f5va p\u00f5hi), Kvaliteetne ja kergesti puhastatav materjalK\u00f5va p\u00f5hjaga m\u00e4hkimisalusKaetud lapse nahale ohu","robots":{"index":"index","follow":"follow","max-snippet":"max-snippet:-1","max-image-preview":"max-image-preview:large","max-video-preview":"max-video-preview:-1"},"canonical":"https:\/\/beebipood.ee\/ru\/produkt\/mahkimismatt-balloons-kova-pohi\/","og_locale":"ru_RU","og_type":"article","og_title":"M\u00e4hkimismatt Fairy (k\u00f5va p\u00f5hi), \u041d\u041e\u0412\u042b\u0415 \u0422\u041e\u0412\u0410\u0420\u042b, \u041f\u0440\u0438\u043d\u0430\u0434\u043b\u0435\u0436\u043d\u043e\u0441\u0442\u0438 \u0434\u043b\u044f \u043c\u043b\u0430\u0434\u0435\u043d\u0446\u0435\u0432, \u041c\u0430\u0442\u044b \u0434\u043b\u044f \u043f\u0435\u043b\u0435\u043d\u0430\u043d\u0438\u044f, Beebipood","og_description":"M\u00e4hkimismatt Fairy (k\u00f5va p\u00f5hi), Kvaliteetne ja kergesti puhastatav materjalK\u00f5va p\u00f5hjaga m\u00e4hkimisalusKaetud lapse nahale ohu","og_url":"https:\/\/beebipood.ee\/ru\/produkt\/mahkimismatt-balloons-kova-pohi\/","og_site_name":"Beebipood","article_modified_time":"2025-12-09T15:01:06+00:00","og_image":[{"width":1188,"height":1188,"url":"https:\/\/beebipood.ee\/wp-content\/uploads\/2014\/01\/cebababy-vystymo-lenta-basic-trumpa-kieta-70-cm-balionai-5.jpg","type":"image\/jpeg"}],"twitter_card":"summary_large_image","twitter_misc":{"\u041f\u0440\u0438\u043c\u0435\u0440\u043d\u043e\u0435 \u0432\u0440\u0435\u043c\u044f \u0434\u043b\u044f \u0447\u0442\u0435\u043d\u0438\u044f":"1 \u043c\u0438\u043d\u0443\u0442\u0430"},"schema":{"@context":"https:\/\/schema.org","@graph":[{"@type":"WebPage","@id":"https:\/\/beebipood.ee\/ru\/produkt\/mahkimismatt-balloons-kova-pohi\/","url":"https:\/\/beebipood.ee\/ru\/produkt\/mahkimismatt-balloons-kova-pohi\/","name":"M\u00e4hkimismatt Fairy (k\u00f5va p\u00f5hi), \u041d\u041e\u0412\u042b\u0415 \u0422\u041e\u0412\u0410\u0420\u042b, \u041f\u0440\u0438\u043d\u0430\u0434\u043b\u0435\u0436\u043d\u043e\u0441\u0442\u0438 \u0434\u043b\u044f \u043c\u043b\u0430\u0434\u0435\u043d\u0446\u0435\u0432, \u041c\u0430\u0442\u044b \u0434\u043b\u044f \u043f\u0435\u043b\u0435\u043d\u0430\u043d\u0438\u044f, Beebipood","isPartOf":{"@id":"https:\/\/beebipood.ee\/ru\/#website"},"primaryImageOfPage":{"@id":"https:\/\/beebipood.ee\/ru\/produkt\/mahkimismatt-balloons-kova-pohi\/#primaryimage"},"image":{"@id":"https:\/\/beebipood.ee\/ru\/produkt\/mahkimismatt-balloons-kova-pohi\/#primaryimage"},"thumbnailUrl":"https:\/\/beebipood.ee\/wp-content\/uploads\/2014\/01\/cebababy-vystymo-lenta-basic-trumpa-kieta-70-cm-balionai-5.jpg","datePublished":"2014-01-23T13:19:01+00:00","dateModified":"2025-12-09T15:01:06+00:00","description":"M\u00e4hkimismatt Fairy (k\u00f5va p\u00f5hi), Kvaliteetne ja kergesti puhastatav materjalK\u00f5va p\u00f5hjaga m\u00e4hkimisalusKaetud lapse nahale ohu","breadcrumb":{"@id":"https:\/\/beebipood.ee\/ru\/produkt\/mahkimismatt-balloons-kova-pohi\/#breadcrumb"},"inLanguage":"ru-RU","potentialAction":[{"@type":"ReadAction","target":["https:\/\/beebipood.ee\/ru\/produkt\/mahkimismatt-balloons-kova-pohi\/"]}]},{"@type":"ImageObject","inLanguage":"ru-RU","@id":"https:\/\/beebipood.ee\/ru\/produkt\/mahkimismatt-balloons-kova-pohi\/#primaryimage","url":"https:\/\/beebipood.ee\/wp-content\/uploads\/2014\/01\/cebababy-vystymo-lenta-basic-trumpa-kieta-70-cm-balionai-5.jpg","contentUrl":"https:\/\/beebipood.ee\/wp-content\/uploads\/2014\/01\/cebababy-vystymo-lenta-basic-trumpa-kieta-70-cm-balionai-5.jpg","width":1188,"height":1188},{"@type":"BreadcrumbList","@id":"https:\/\/beebipood.ee\/ru\/produkt\/mahkimismatt-balloons-kova-pohi\/#breadcrumb","itemListElement":[{"@type":"ListItem","position":1,"name":"Home","item":"https:\/\/beebipood.ee\/ru\/"},{"@type":"ListItem","position":2,"name":"\u041a\u0430\u0442\u0430\u043b\u043e\u0433 \u0442\u043e\u0432\u0430\u0440\u043e\u0432","item":"https:\/\/beebipood.ee\/tooted\/"},{"@type":"ListItem","position":3,"name":"M\u00e4hkimismatt Balloons (k\u00f5va p\u00f5hi)"}]},{"@type":"WebSite","@id":"https:\/\/beebipood.ee\/ru\/#website","url":"https:\/\/beebipood.ee\/ru\/","name":"Beebipood","description":"Lastekaubad, beebikaubad, m\u00e4nguasjad","publisher":{"@id":"https:\/\/beebipood.ee\/ru\/#organization"},"potentialAction":[{"@type":"SearchAction","target":{"@type":"EntryPoint","urlTemplate":"https:\/\/beebipood.ee\/ru\/?s={search_term_string}"},"query-input":{"@type":"PropertyValueSpecification","valueRequired":true,"valueName":"search_term_string"}}],"inLanguage":"ru-RU"},{"@type":"Organization","@id":"https:\/\/beebipood.ee\/ru\/#organization","name":"Beebipood","url":"https:\/\/beebipood.ee\/ru\/","logo":{"@type":"ImageObject","inLanguage":"ru-RU","@id":"https:\/\/beebipood.ee\/ru\/#\/schema\/logo\/image\/","url":"https:\/\/beebipood.ee\/wp-content\/uploads\/2025\/03\/beebipood.ee-logo-1.svg","contentUrl":"https:\/\/beebipood.ee\/wp-content\/uploads\/2025\/03\/beebipood.ee-logo-1.svg","caption":"Beebipood"},"image":{"@id":"https:\/\/beebipood.ee\/ru\/#\/schema\/logo\/image\/"}}]}},"brands":[{"id":11946,"name":"Klups","slug":"klups-ru"}],"_links":{"self":[{"href":"https:\/\/beebipood.ee\/ru\/wp-json\/wp\/v2\/product\/454994","targetHints":{"allow":["GET"]}}],"collection":[{"href":"https:\/\/beebipood.ee\/ru\/wp-json\/wp\/v2\/product"}],"about":[{"href":"https:\/\/beebipood.ee\/ru\/wp-json\/wp\/v2\/types\/product"}],"wp:featuredmedia":[{"embeddable":true,"href":"https:\/\/beebipood.ee\/ru\/wp-json\/wp\/v2\/media\/509558"}],"wp:attachment":[{"href":"https:\/\/beebipood.ee\/ru\/wp-json\/wp\/v2\/media?parent=454994"}],"wp:term":[{"taxonomy":"pwb-brand","embeddable":true,"href":"https:\/\/beebipood.ee\/ru\/wp-json\/wp\/v2\/pwb-brand?post=454994"},{"taxonomy":"product_brand","embeddable":true,"href":"https:\/\/beebipood.ee\/ru\/wp-json\/wp\/v2\/product_brand?post=454994"},{"taxonomy":"product_cat","embeddable":true,"href":"https:\/\/beebipood.ee\/ru\/wp-json\/wp\/v2\/product_cat?post=454994"},{"taxonomy":"product_tag","embeddable":true,"href":"https:\/\/beebipood.ee\/ru\/wp-json\/wp\/v2\/product_tag?post=454994"}],"curies":[{"name":"wp","href":"https:\/\/api.w.org\/{rel}","templated":true}]}}