{"id":455018,"date":"2014-02-04T11:15:48","date_gmt":"2014-02-04T09:15:48","guid":{"rendered":"https:\/\/beebipood.ee\/toode\/veekindel-madratsikaitse-sewilla-60x120\/"},"modified":"2025-03-04T11:27:03","modified_gmt":"2025-03-04T09:27:03","slug":"veekindel-madratsikaitse-sewilla-60x120","status":"publish","type":"product","link":"https:\/\/beebipood.ee\/ru\/produkt\/veekindel-madratsikaitse-sewilla-60x120\/","title":{"rendered":"Veekindel madratsikaitse Sewilla 60&#215;120"},"content":{"rendered":"<p>Veekindel madratsikaitse kummiga 60&#215;120 cm:<br \/>Pealiskihiks on pehme hingav 100% puuvillane frotee<br \/>Madratsikaitse aluskihiks on pol\u00fcuretaankiht, mis hoiab madratsi kuiva, lastes samas \u00f5hku l\u00e4bi<br \/>Madratsikaitse nurkades on kummid, mille abil on kerge t\u00f5mmata lina madratsi peale<br \/>Kerge hooldada, <span>vastupidav <\/span>masinpesule kuni 90\u00b0 C juures, mitte triikida<br \/>Materjal: 82% puuvill, 18% pol\u00fcester <br \/>Kangas vastab \u00d6KO-TEX\u00ae Standard 100 sertifikaadile<\/p>\n","protected":false},"excerpt":{"rendered":"<p>Veekindel madratsikaitse kummiga 60&#215;120 cm:Pealiskihiks on pehme hingav 100% puuvillane froteeMadratsikaitse aluskihiks on pol\u00fcuretaankiht, mis hoiab madratsi kuiva, lastes samas \u00f5hku l\u00e4biMadratsikaitse nurkades on kummid, mille abil on kerge t\u00f5mmata lina madratsi pealeKerge hooldada, vastupidav masinpesule kuni 90\u00b0 C juures, mitte triikidaMaterjal: 82% puuvill, 18% pol\u00fcester Kangas vastab \u00d6KO-TEX\u00ae Standard 100 sertifikaadile<\/p>\n","protected":false},"featured_media":102422,"template":"","meta":{"_acf_changed":false},"pwb-brand":[],"product_brand":[],"product_cat":[11765,11611,11563,11789],"product_tag":[],"class_list":{"0":"post-455018","1":"product","2":"type-product","3":"status-publish","4":"has-post-thumbnail","6":"product_cat-kuni-60cm-laiused-ru-1","7":"product_cat-kattemadratsid-ru","8":"product_cat-madratsid-ja-kattemadratsid-ru","9":"product_cat-lastemoobel-ja-sisustus-ru","11":"first","12":"instock","13":"taxable","14":"shipping-taxable","15":"purchasable","16":"product-type-simple"},"exclude_global_add_ons":[],"addons":[],"acf":[],"yoast_head":"<!-- This site is optimized with the Yoast SEO plugin v27.1.1 - https:\/\/yoast.com\/product\/yoast-seo-wordpress\/ -->\n<title>Veekindel madratsikaitse Sewilla 60x120, \u041c\u0430\u0442\u0440\u0430\u0441\u044b \u0438 \u043c\u0430\u0442\u0440\u0430\u0441\u044b-\u043f\u043e\u043a\u0440\u044b\u0432\u0430\u043b\u0430, M\u0430\u0442\u0440\u0430\u0441\u044b-\u043f\u043e\u043a\u0440\u044b\u0432\u0430\u043b\u0430, \u0428\u0438\u0440\u0438\u043d\u043e\u0439 \u0434\u043e 60 c\u043c, M\u0435\u0431\u0435\u043b\u044c, Beebipood<\/title>\n<meta name=\"description\" content=\"Veekindel madratsikaitse Sewilla 60x120, Veekindel madratsikaitse kummiga 60x120 cm:Pealiskihiks on pehme hingav 100% puuvillane froteeMadratsika\" \/>\n<meta name=\"robots\" content=\"index, follow, max-snippet:-1, max-image-preview:large, max-video-preview:-1\" \/>\n<link rel=\"canonical\" href=\"https:\/\/beebipood.ee\/ru\/produkt\/veekindel-madratsikaitse-sewilla-60x120\/\" \/>\n<meta property=\"og:locale\" content=\"ru_RU\" \/>\n<meta property=\"og:type\" content=\"article\" \/>\n<meta property=\"og:title\" content=\"Veekindel madratsikaitse Sewilla 60x120, \u041c\u0430\u0442\u0440\u0430\u0441\u044b \u0438 \u043c\u0430\u0442\u0440\u0430\u0441\u044b-\u043f\u043e\u043a\u0440\u044b\u0432\u0430\u043b\u0430, M\u0430\u0442\u0440\u0430\u0441\u044b-\u043f\u043e\u043a\u0440\u044b\u0432\u0430\u043b\u0430, \u0428\u0438\u0440\u0438\u043d\u043e\u0439 \u0434\u043e 60 c\u043c, M\u0435\u0431\u0435\u043b\u044c, Beebipood\" \/>\n<meta property=\"og:description\" content=\"Veekindel madratsikaitse Sewilla 60x120, Veekindel madratsikaitse kummiga 60x120 cm:Pealiskihiks on pehme hingav 100% puuvillane froteeMadratsika\" \/>\n<meta property=\"og:url\" content=\"https:\/\/beebipood.ee\/ru\/produkt\/veekindel-madratsikaitse-sewilla-60x120\/\" \/>\n<meta property=\"og:site_name\" content=\"Beebipood\" \/>\n<meta property=\"article:modified_time\" content=\"2025-03-04T09:27:03+00:00\" \/>\n<meta property=\"og:image\" content=\"https:\/\/beebipood.ee\/wp-content\/uploads\/2014\/02\/Veekindel-madratsikaitse-Sewilla-60x120-Madratsid-ja-kattemadratsid-Kattemadratsid-kuni-60cm-laiused-Lastemoobel-ja-sisustus_4-721.jpg\" \/>\n\t<meta property=\"og:image:width\" content=\"1127\" \/>\n\t<meta property=\"og:image:height\" content=\"837\" \/>\n\t<meta property=\"og:image:type\" content=\"image\/jpeg\" \/>\n<meta name=\"twitter:card\" content=\"summary_large_image\" \/>\n<script type=\"application\/ld+json\" class=\"yoast-schema-graph\">{\"@context\":\"https:\/\/schema.org\",\"@graph\":[{\"@type\":\"WebPage\",\"@id\":\"https:\/\/beebipood.ee\/ru\/produkt\/veekindel-madratsikaitse-sewilla-60x120\/\",\"url\":\"https:\/\/beebipood.ee\/ru\/produkt\/veekindel-madratsikaitse-sewilla-60x120\/\",\"name\":\"Veekindel madratsikaitse Sewilla 60x120, \u041c\u0430\u0442\u0440\u0430\u0441\u044b \u0438 \u043c\u0430\u0442\u0440\u0430\u0441\u044b-\u043f\u043e\u043a\u0440\u044b\u0432\u0430\u043b\u0430, M\u0430\u0442\u0440\u0430\u0441\u044b-\u043f\u043e\u043a\u0440\u044b\u0432\u0430\u043b\u0430, \u0428\u0438\u0440\u0438\u043d\u043e\u0439 \u0434\u043e 60 c\u043c, M\u0435\u0431\u0435\u043b\u044c, Beebipood\",\"isPartOf\":{\"@id\":\"https:\/\/beebipood.ee\/ru\/#website\"},\"primaryImageOfPage\":{\"@id\":\"https:\/\/beebipood.ee\/ru\/produkt\/veekindel-madratsikaitse-sewilla-60x120\/#primaryimage\"},\"image\":{\"@id\":\"https:\/\/beebipood.ee\/ru\/produkt\/veekindel-madratsikaitse-sewilla-60x120\/#primaryimage\"},\"thumbnailUrl\":\"https:\/\/beebipood.ee\/wp-content\/uploads\/2014\/02\/Veekindel-madratsikaitse-Sewilla-60x120-Madratsid-ja-kattemadratsid-Kattemadratsid-kuni-60cm-laiused-Lastemoobel-ja-sisustus_4-721.jpg\",\"datePublished\":\"2014-02-04T09:15:48+00:00\",\"dateModified\":\"2025-03-04T09:27:03+00:00\",\"description\":\"Veekindel madratsikaitse Sewilla 60x120, Veekindel madratsikaitse kummiga 60x120 cm:Pealiskihiks on pehme hingav 100% puuvillane froteeMadratsika\",\"breadcrumb\":{\"@id\":\"https:\/\/beebipood.ee\/ru\/produkt\/veekindel-madratsikaitse-sewilla-60x120\/#breadcrumb\"},\"inLanguage\":\"ru-RU\",\"potentialAction\":[{\"@type\":\"ReadAction\",\"target\":[\"https:\/\/beebipood.ee\/ru\/produkt\/veekindel-madratsikaitse-sewilla-60x120\/\"]}]},{\"@type\":\"ImageObject\",\"inLanguage\":\"ru-RU\",\"@id\":\"https:\/\/beebipood.ee\/ru\/produkt\/veekindel-madratsikaitse-sewilla-60x120\/#primaryimage\",\"url\":\"https:\/\/beebipood.ee\/wp-content\/uploads\/2014\/02\/Veekindel-madratsikaitse-Sewilla-60x120-Madratsid-ja-kattemadratsid-Kattemadratsid-kuni-60cm-laiused-Lastemoobel-ja-sisustus_4-721.jpg\",\"contentUrl\":\"https:\/\/beebipood.ee\/wp-content\/uploads\/2014\/02\/Veekindel-madratsikaitse-Sewilla-60x120-Madratsid-ja-kattemadratsid-Kattemadratsid-kuni-60cm-laiused-Lastemoobel-ja-sisustus_4-721.jpg\",\"width\":1127,\"height\":837},{\"@type\":\"BreadcrumbList\",\"@id\":\"https:\/\/beebipood.ee\/ru\/produkt\/veekindel-madratsikaitse-sewilla-60x120\/#breadcrumb\",\"itemListElement\":[{\"@type\":\"ListItem\",\"position\":1,\"name\":\"Home\",\"item\":\"https:\/\/beebipood.ee\/ru\/\"},{\"@type\":\"ListItem\",\"position\":2,\"name\":\"\u041a\u0430\u0442\u0430\u043b\u043e\u0433 \u0442\u043e\u0432\u0430\u0440\u043e\u0432\",\"item\":\"https:\/\/beebipood.ee\/tooted\/\"},{\"@type\":\"ListItem\",\"position\":3,\"name\":\"Veekindel madratsikaitse Sewilla 60&#215;120\"}]},{\"@type\":\"WebSite\",\"@id\":\"https:\/\/beebipood.ee\/ru\/#website\",\"url\":\"https:\/\/beebipood.ee\/ru\/\",\"name\":\"Beebipood\",\"description\":\"Lastekaubad, beebikaubad, m\u00e4nguasjad\",\"publisher\":{\"@id\":\"https:\/\/beebipood.ee\/ru\/#organization\"},\"potentialAction\":[{\"@type\":\"SearchAction\",\"target\":{\"@type\":\"EntryPoint\",\"urlTemplate\":\"https:\/\/beebipood.ee\/ru\/?s={search_term_string}\"},\"query-input\":{\"@type\":\"PropertyValueSpecification\",\"valueRequired\":true,\"valueName\":\"search_term_string\"}}],\"inLanguage\":\"ru-RU\"},{\"@type\":\"Organization\",\"@id\":\"https:\/\/beebipood.ee\/ru\/#organization\",\"name\":\"Beebipood\",\"url\":\"https:\/\/beebipood.ee\/ru\/\",\"logo\":{\"@type\":\"ImageObject\",\"inLanguage\":\"ru-RU\",\"@id\":\"https:\/\/beebipood.ee\/ru\/#\/schema\/logo\/image\/\",\"url\":\"https:\/\/beebipood.ee\/wp-content\/uploads\/2025\/03\/beebipood.ee-logo-1.svg\",\"contentUrl\":\"https:\/\/beebipood.ee\/wp-content\/uploads\/2025\/03\/beebipood.ee-logo-1.svg\",\"caption\":\"Beebipood\"},\"image\":{\"@id\":\"https:\/\/beebipood.ee\/ru\/#\/schema\/logo\/image\/\"}}]}<\/script>\n<!-- \/ Yoast SEO plugin. -->","yoast_head_json":{"title":"Veekindel madratsikaitse Sewilla 60x120, \u041c\u0430\u0442\u0440\u0430\u0441\u044b \u0438 \u043c\u0430\u0442\u0440\u0430\u0441\u044b-\u043f\u043e\u043a\u0440\u044b\u0432\u0430\u043b\u0430, M\u0430\u0442\u0440\u0430\u0441\u044b-\u043f\u043e\u043a\u0440\u044b\u0432\u0430\u043b\u0430, \u0428\u0438\u0440\u0438\u043d\u043e\u0439 \u0434\u043e 60 c\u043c, M\u0435\u0431\u0435\u043b\u044c, Beebipood","description":"Veekindel madratsikaitse Sewilla 60x120, Veekindel madratsikaitse kummiga 60x120 cm:Pealiskihiks on pehme hingav 100% puuvillane froteeMadratsika","robots":{"index":"index","follow":"follow","max-snippet":"max-snippet:-1","max-image-preview":"max-image-preview:large","max-video-preview":"max-video-preview:-1"},"canonical":"https:\/\/beebipood.ee\/ru\/produkt\/veekindel-madratsikaitse-sewilla-60x120\/","og_locale":"ru_RU","og_type":"article","og_title":"Veekindel madratsikaitse Sewilla 60x120, \u041c\u0430\u0442\u0440\u0430\u0441\u044b \u0438 \u043c\u0430\u0442\u0440\u0430\u0441\u044b-\u043f\u043e\u043a\u0440\u044b\u0432\u0430\u043b\u0430, M\u0430\u0442\u0440\u0430\u0441\u044b-\u043f\u043e\u043a\u0440\u044b\u0432\u0430\u043b\u0430, \u0428\u0438\u0440\u0438\u043d\u043e\u0439 \u0434\u043e 60 c\u043c, M\u0435\u0431\u0435\u043b\u044c, Beebipood","og_description":"Veekindel madratsikaitse Sewilla 60x120, Veekindel madratsikaitse kummiga 60x120 cm:Pealiskihiks on pehme hingav 100% puuvillane froteeMadratsika","og_url":"https:\/\/beebipood.ee\/ru\/produkt\/veekindel-madratsikaitse-sewilla-60x120\/","og_site_name":"Beebipood","article_modified_time":"2025-03-04T09:27:03+00:00","og_image":[{"width":1127,"height":837,"url":"https:\/\/beebipood.ee\/wp-content\/uploads\/2014\/02\/Veekindel-madratsikaitse-Sewilla-60x120-Madratsid-ja-kattemadratsid-Kattemadratsid-kuni-60cm-laiused-Lastemoobel-ja-sisustus_4-721.jpg","type":"image\/jpeg"}],"twitter_card":"summary_large_image","schema":{"@context":"https:\/\/schema.org","@graph":[{"@type":"WebPage","@id":"https:\/\/beebipood.ee\/ru\/produkt\/veekindel-madratsikaitse-sewilla-60x120\/","url":"https:\/\/beebipood.ee\/ru\/produkt\/veekindel-madratsikaitse-sewilla-60x120\/","name":"Veekindel madratsikaitse Sewilla 60x120, \u041c\u0430\u0442\u0440\u0430\u0441\u044b \u0438 \u043c\u0430\u0442\u0440\u0430\u0441\u044b-\u043f\u043e\u043a\u0440\u044b\u0432\u0430\u043b\u0430, M\u0430\u0442\u0440\u0430\u0441\u044b-\u043f\u043e\u043a\u0440\u044b\u0432\u0430\u043b\u0430, \u0428\u0438\u0440\u0438\u043d\u043e\u0439 \u0434\u043e 60 c\u043c, M\u0435\u0431\u0435\u043b\u044c, Beebipood","isPartOf":{"@id":"https:\/\/beebipood.ee\/ru\/#website"},"primaryImageOfPage":{"@id":"https:\/\/beebipood.ee\/ru\/produkt\/veekindel-madratsikaitse-sewilla-60x120\/#primaryimage"},"image":{"@id":"https:\/\/beebipood.ee\/ru\/produkt\/veekindel-madratsikaitse-sewilla-60x120\/#primaryimage"},"thumbnailUrl":"https:\/\/beebipood.ee\/wp-content\/uploads\/2014\/02\/Veekindel-madratsikaitse-Sewilla-60x120-Madratsid-ja-kattemadratsid-Kattemadratsid-kuni-60cm-laiused-Lastemoobel-ja-sisustus_4-721.jpg","datePublished":"2014-02-04T09:15:48+00:00","dateModified":"2025-03-04T09:27:03+00:00","description":"Veekindel madratsikaitse Sewilla 60x120, Veekindel madratsikaitse kummiga 60x120 cm:Pealiskihiks on pehme hingav 100% puuvillane froteeMadratsika","breadcrumb":{"@id":"https:\/\/beebipood.ee\/ru\/produkt\/veekindel-madratsikaitse-sewilla-60x120\/#breadcrumb"},"inLanguage":"ru-RU","potentialAction":[{"@type":"ReadAction","target":["https:\/\/beebipood.ee\/ru\/produkt\/veekindel-madratsikaitse-sewilla-60x120\/"]}]},{"@type":"ImageObject","inLanguage":"ru-RU","@id":"https:\/\/beebipood.ee\/ru\/produkt\/veekindel-madratsikaitse-sewilla-60x120\/#primaryimage","url":"https:\/\/beebipood.ee\/wp-content\/uploads\/2014\/02\/Veekindel-madratsikaitse-Sewilla-60x120-Madratsid-ja-kattemadratsid-Kattemadratsid-kuni-60cm-laiused-Lastemoobel-ja-sisustus_4-721.jpg","contentUrl":"https:\/\/beebipood.ee\/wp-content\/uploads\/2014\/02\/Veekindel-madratsikaitse-Sewilla-60x120-Madratsid-ja-kattemadratsid-Kattemadratsid-kuni-60cm-laiused-Lastemoobel-ja-sisustus_4-721.jpg","width":1127,"height":837},{"@type":"BreadcrumbList","@id":"https:\/\/beebipood.ee\/ru\/produkt\/veekindel-madratsikaitse-sewilla-60x120\/#breadcrumb","itemListElement":[{"@type":"ListItem","position":1,"name":"Home","item":"https:\/\/beebipood.ee\/ru\/"},{"@type":"ListItem","position":2,"name":"\u041a\u0430\u0442\u0430\u043b\u043e\u0433 \u0442\u043e\u0432\u0430\u0440\u043e\u0432","item":"https:\/\/beebipood.ee\/tooted\/"},{"@type":"ListItem","position":3,"name":"Veekindel madratsikaitse Sewilla 60&#215;120"}]},{"@type":"WebSite","@id":"https:\/\/beebipood.ee\/ru\/#website","url":"https:\/\/beebipood.ee\/ru\/","name":"Beebipood","description":"Lastekaubad, beebikaubad, m\u00e4nguasjad","publisher":{"@id":"https:\/\/beebipood.ee\/ru\/#organization"},"potentialAction":[{"@type":"SearchAction","target":{"@type":"EntryPoint","urlTemplate":"https:\/\/beebipood.ee\/ru\/?s={search_term_string}"},"query-input":{"@type":"PropertyValueSpecification","valueRequired":true,"valueName":"search_term_string"}}],"inLanguage":"ru-RU"},{"@type":"Organization","@id":"https:\/\/beebipood.ee\/ru\/#organization","name":"Beebipood","url":"https:\/\/beebipood.ee\/ru\/","logo":{"@type":"ImageObject","inLanguage":"ru-RU","@id":"https:\/\/beebipood.ee\/ru\/#\/schema\/logo\/image\/","url":"https:\/\/beebipood.ee\/wp-content\/uploads\/2025\/03\/beebipood.ee-logo-1.svg","contentUrl":"https:\/\/beebipood.ee\/wp-content\/uploads\/2025\/03\/beebipood.ee-logo-1.svg","caption":"Beebipood"},"image":{"@id":"https:\/\/beebipood.ee\/ru\/#\/schema\/logo\/image\/"}}]}},"brands":[],"_links":{"self":[{"href":"https:\/\/beebipood.ee\/ru\/wp-json\/wp\/v2\/product\/455018","targetHints":{"allow":["GET"]}}],"collection":[{"href":"https:\/\/beebipood.ee\/ru\/wp-json\/wp\/v2\/product"}],"about":[{"href":"https:\/\/beebipood.ee\/ru\/wp-json\/wp\/v2\/types\/product"}],"wp:featuredmedia":[{"embeddable":true,"href":"https:\/\/beebipood.ee\/ru\/wp-json\/wp\/v2\/media\/102422"}],"wp:attachment":[{"href":"https:\/\/beebipood.ee\/ru\/wp-json\/wp\/v2\/media?parent=455018"}],"wp:term":[{"taxonomy":"pwb-brand","embeddable":true,"href":"https:\/\/beebipood.ee\/ru\/wp-json\/wp\/v2\/pwb-brand?post=455018"},{"taxonomy":"product_brand","embeddable":true,"href":"https:\/\/beebipood.ee\/ru\/wp-json\/wp\/v2\/product_brand?post=455018"},{"taxonomy":"product_cat","embeddable":true,"href":"https:\/\/beebipood.ee\/ru\/wp-json\/wp\/v2\/product_cat?post=455018"},{"taxonomy":"product_tag","embeddable":true,"href":"https:\/\/beebipood.ee\/ru\/wp-json\/wp\/v2\/product_tag?post=455018"}],"curies":[{"name":"wp","href":"https:\/\/api.w.org\/{rel}","templated":true}]}}