{"id":455038,"date":"2014-02-05T16:55:15","date_gmt":"2014-02-05T14:55:15","guid":{"rendered":"https:\/\/beebipood.ee\/toode\/vedrumadrats-sleepwell-blue-orthopedic-140x200\/"},"modified":"2025-01-09T10:51:53","modified_gmt":"2025-01-09T08:51:53","slug":"vedrumadrats-sleepwell-blue-orthopedic-140x200","status":"publish","type":"product","link":"https:\/\/beebipood.ee\/ru\/produkt\/vedrumadrats-sleepwell-blue-orthopedic-140x200\/","title":{"rendered":"Vedrumadrats Sleepwell Blue Orthopedic 140&#215;200"},"content":{"rendered":"<p>J\u00e4iga vedrustusega vedrumadrats, <br \/>mille \u00fcks pool on vooderdatud klassikalise porolooniga <br \/>ning teine madratsi pool on kaetud kookoskihiga,<br \/>selliselt on v\u00f5imalik valida endale k\u00f5ige sobivaima j\u00e4ikusastmega pool.<br \/>Hele madratsikate on valmistatud pehmest, nahas\u00f5bralikust <br \/>ja \u00f5hku l\u00e4bilaskvast stret\u0161-kangast, <br \/>mis on h\u00f5lpsasti lukuga eemaldatav ja pestav kuni 60-kraadises vees.<br \/>Saadaval on m\u00f5\u00f5dud 80&#215;200, 90&#215;200,120&#215;200, 140&#215;200, 160&#215;200 ja 180&#215;200.<br \/>Madratsile tuleb juurde lisada ka Sleepwelli kattemadrats, <br \/>mis loob t\u00e4iendava lisamugavuse, kaitseb madratsit, <br \/>pikendab selle eluiga ning aitab kaasa heale voodih\u00fcgieenile.<br \/>Toode on disainitud ja toodetud Eestis.<br \/>Sleepwelli toodetes kasutatavad materjalid nagu kangas, <br \/>puuvill, vill ja vatiin vastavad rahvusvahelisele \u00d6ko-Tex 100 standardile.<br \/>J\u00c4IKUS: J\u00e4ik<br \/>K\u00d5RGUS: 18cm<\/p>\n","protected":false},"excerpt":{"rendered":"<p>J\u00e4iga vedrustusega vedrumadrats, mille \u00fcks pool on vooderdatud klassikalise porolooniga ning teine madratsi pool on kaetud kookoskihiga,selliselt on v\u00f5imalik valida endale k\u00f5ige sobivaima j\u00e4ikusastmega pool.Hele madratsikate on valmistatud pehmest, nahas\u00f5bralikust ja \u00f5hku l\u00e4bilaskvast stret\u0161-kangast, mis on h\u00f5lpsasti lukuga eemaldatav ja pestav kuni 60-kraadises vees.Saadaval on m\u00f5\u00f5dud 80&#215;200, 90&#215;200,120&#215;200, 140&#215;200, 160&#215;200 ja 180&#215;200.Madratsile tuleb juurde lisada [&hellip;]<\/p>\n","protected":false},"featured_media":102453,"template":"","meta":{"_acf_changed":false},"pwb-brand":[11949],"product_brand":[],"product_cat":[11605,11563,11789],"product_tag":[],"class_list":{"0":"post-455038","1":"product","2":"type-product","3":"status-publish","4":"has-post-thumbnail","6":"pwb-brand-sleepwell-ru","7":"product_cat-kuni-140cm-laiused-ru","8":"product_cat-madratsid-ja-kattemadratsid-ru","9":"product_cat-lastemoobel-ja-sisustus-ru","10":"pa_manufacturer-sleepwell-ru","12":"first","13":"outofstock","14":"taxable","15":"shipping-taxable","16":"purchasable","17":"product-type-simple"},"exclude_global_add_ons":[],"addons":[],"acf":[],"yoast_head":"<!-- This site is optimized with the Yoast SEO plugin v27.1.1 - https:\/\/yoast.com\/product\/yoast-seo-wordpress\/ -->\n<title>Vedrumadrats Sleepwell Blue Orthopedic 140x200, \u041c\u0430\u0442\u0440\u0430\u0441\u044b \u0438 \u043c\u0430\u0442\u0440\u0430\u0441\u044b-\u043f\u043e\u043a\u0440\u044b\u0432\u0430\u043b\u0430, \u0428\u0438\u0440\u0438\u043d\u043e\u0439 \u0434\u043e 140 c\u043c, M\u0435\u0431\u0435\u043b\u044c, Sleepwell blue soodushinnad, Beebipood<\/title>\n<meta name=\"description\" content=\"Vedrumadrats Sleepwell Blue Orthopedic 140x200, J&auml;iga vedrustusega vedrumadrats, mille &uuml;ks pool on vooderdatud klassikalise porolooniga &lt;br \/\" \/>\n<meta name=\"robots\" content=\"index, follow, max-snippet:-1, max-image-preview:large, max-video-preview:-1\" \/>\n<link rel=\"canonical\" href=\"https:\/\/beebipood.ee\/ru\/produkt\/vedrumadrats-sleepwell-blue-orthopedic-140x200\/\" \/>\n<meta property=\"og:locale\" content=\"ru_RU\" \/>\n<meta property=\"og:type\" content=\"article\" \/>\n<meta property=\"og:title\" content=\"Vedrumadrats Sleepwell Blue Orthopedic 140x200, \u041c\u0430\u0442\u0440\u0430\u0441\u044b \u0438 \u043c\u0430\u0442\u0440\u0430\u0441\u044b-\u043f\u043e\u043a\u0440\u044b\u0432\u0430\u043b\u0430, \u0428\u0438\u0440\u0438\u043d\u043e\u0439 \u0434\u043e 140 c\u043c, M\u0435\u0431\u0435\u043b\u044c, Sleepwell blue soodushinnad, Beebipood\" \/>\n<meta property=\"og:description\" content=\"Vedrumadrats Sleepwell Blue Orthopedic 140x200, J&auml;iga vedrustusega vedrumadrats, mille &uuml;ks pool on vooderdatud klassikalise porolooniga &lt;br \/\" \/>\n<meta property=\"og:url\" content=\"https:\/\/beebipood.ee\/ru\/produkt\/vedrumadrats-sleepwell-blue-orthopedic-140x200\/\" \/>\n<meta property=\"og:site_name\" content=\"Beebipood\" \/>\n<meta property=\"article:modified_time\" content=\"2025-01-09T08:51:53+00:00\" \/>\n<meta property=\"og:image\" content=\"https:\/\/beebipood.ee\/wp-content\/uploads\/2014\/02\/Vedrumadrats-Sleepwell-Blue-Orthopedic-140x200-Madratsid-ja-kattemadratsid-Kuni-140cm-laiused-Lastemoobel-ja-sisustus-Sleepwell-blue-soodushinnad_1-a42.jpg\" \/>\n\t<meta property=\"og:image:width\" content=\"850\" \/>\n\t<meta property=\"og:image:height\" content=\"850\" \/>\n\t<meta property=\"og:image:type\" content=\"image\/jpeg\" \/>\n<meta name=\"twitter:card\" content=\"summary_large_image\" \/>\n<meta name=\"twitter:label1\" content=\"\u041f\u0440\u0438\u043c\u0435\u0440\u043d\u043e\u0435 \u0432\u0440\u0435\u043c\u044f \u0434\u043b\u044f \u0447\u0442\u0435\u043d\u0438\u044f\" \/>\n\t<meta name=\"twitter:data1\" content=\"1 \u043c\u0438\u043d\u0443\u0442\u0430\" \/>\n<script type=\"application\/ld+json\" class=\"yoast-schema-graph\">{\"@context\":\"https:\/\/schema.org\",\"@graph\":[{\"@type\":\"WebPage\",\"@id\":\"https:\/\/beebipood.ee\/ru\/produkt\/vedrumadrats-sleepwell-blue-orthopedic-140x200\/\",\"url\":\"https:\/\/beebipood.ee\/ru\/produkt\/vedrumadrats-sleepwell-blue-orthopedic-140x200\/\",\"name\":\"Vedrumadrats Sleepwell Blue Orthopedic 140x200, \u041c\u0430\u0442\u0440\u0430\u0441\u044b \u0438 \u043c\u0430\u0442\u0440\u0430\u0441\u044b-\u043f\u043e\u043a\u0440\u044b\u0432\u0430\u043b\u0430, \u0428\u0438\u0440\u0438\u043d\u043e\u0439 \u0434\u043e 140 c\u043c, M\u0435\u0431\u0435\u043b\u044c, Sleepwell blue soodushinnad, Beebipood\",\"isPartOf\":{\"@id\":\"https:\/\/beebipood.ee\/ru\/#website\"},\"primaryImageOfPage\":{\"@id\":\"https:\/\/beebipood.ee\/ru\/produkt\/vedrumadrats-sleepwell-blue-orthopedic-140x200\/#primaryimage\"},\"image\":{\"@id\":\"https:\/\/beebipood.ee\/ru\/produkt\/vedrumadrats-sleepwell-blue-orthopedic-140x200\/#primaryimage\"},\"thumbnailUrl\":\"https:\/\/beebipood.ee\/wp-content\/uploads\/2014\/02\/Vedrumadrats-Sleepwell-Blue-Orthopedic-140x200-Madratsid-ja-kattemadratsid-Kuni-140cm-laiused-Lastemoobel-ja-sisustus-Sleepwell-blue-soodushinnad_1-a42.jpg\",\"datePublished\":\"2014-02-05T14:55:15+00:00\",\"dateModified\":\"2025-01-09T08:51:53+00:00\",\"description\":\"Vedrumadrats Sleepwell Blue Orthopedic 140x200, J&auml;iga vedrustusega vedrumadrats, mille &uuml;ks pool on vooderdatud klassikalise porolooniga &lt;br \/\",\"breadcrumb\":{\"@id\":\"https:\/\/beebipood.ee\/ru\/produkt\/vedrumadrats-sleepwell-blue-orthopedic-140x200\/#breadcrumb\"},\"inLanguage\":\"ru-RU\",\"potentialAction\":[{\"@type\":\"ReadAction\",\"target\":[\"https:\/\/beebipood.ee\/ru\/produkt\/vedrumadrats-sleepwell-blue-orthopedic-140x200\/\"]}]},{\"@type\":\"ImageObject\",\"inLanguage\":\"ru-RU\",\"@id\":\"https:\/\/beebipood.ee\/ru\/produkt\/vedrumadrats-sleepwell-blue-orthopedic-140x200\/#primaryimage\",\"url\":\"https:\/\/beebipood.ee\/wp-content\/uploads\/2014\/02\/Vedrumadrats-Sleepwell-Blue-Orthopedic-140x200-Madratsid-ja-kattemadratsid-Kuni-140cm-laiused-Lastemoobel-ja-sisustus-Sleepwell-blue-soodushinnad_1-a42.jpg\",\"contentUrl\":\"https:\/\/beebipood.ee\/wp-content\/uploads\/2014\/02\/Vedrumadrats-Sleepwell-Blue-Orthopedic-140x200-Madratsid-ja-kattemadratsid-Kuni-140cm-laiused-Lastemoobel-ja-sisustus-Sleepwell-blue-soodushinnad_1-a42.jpg\",\"width\":850,\"height\":850},{\"@type\":\"BreadcrumbList\",\"@id\":\"https:\/\/beebipood.ee\/ru\/produkt\/vedrumadrats-sleepwell-blue-orthopedic-140x200\/#breadcrumb\",\"itemListElement\":[{\"@type\":\"ListItem\",\"position\":1,\"name\":\"Home\",\"item\":\"https:\/\/beebipood.ee\/ru\/\"},{\"@type\":\"ListItem\",\"position\":2,\"name\":\"\u041a\u0430\u0442\u0430\u043b\u043e\u0433 \u0442\u043e\u0432\u0430\u0440\u043e\u0432\",\"item\":\"https:\/\/beebipood.ee\/tooted\/\"},{\"@type\":\"ListItem\",\"position\":3,\"name\":\"Vedrumadrats Sleepwell Blue Orthopedic 140&#215;200\"}]},{\"@type\":\"WebSite\",\"@id\":\"https:\/\/beebipood.ee\/ru\/#website\",\"url\":\"https:\/\/beebipood.ee\/ru\/\",\"name\":\"Beebipood\",\"description\":\"Lastekaubad, beebikaubad, m\u00e4nguasjad\",\"publisher\":{\"@id\":\"https:\/\/beebipood.ee\/ru\/#organization\"},\"potentialAction\":[{\"@type\":\"SearchAction\",\"target\":{\"@type\":\"EntryPoint\",\"urlTemplate\":\"https:\/\/beebipood.ee\/ru\/?s={search_term_string}\"},\"query-input\":{\"@type\":\"PropertyValueSpecification\",\"valueRequired\":true,\"valueName\":\"search_term_string\"}}],\"inLanguage\":\"ru-RU\"},{\"@type\":\"Organization\",\"@id\":\"https:\/\/beebipood.ee\/ru\/#organization\",\"name\":\"Beebipood\",\"url\":\"https:\/\/beebipood.ee\/ru\/\",\"logo\":{\"@type\":\"ImageObject\",\"inLanguage\":\"ru-RU\",\"@id\":\"https:\/\/beebipood.ee\/ru\/#\/schema\/logo\/image\/\",\"url\":\"https:\/\/beebipood.ee\/wp-content\/uploads\/2025\/03\/beebipood.ee-logo-1.svg\",\"contentUrl\":\"https:\/\/beebipood.ee\/wp-content\/uploads\/2025\/03\/beebipood.ee-logo-1.svg\",\"caption\":\"Beebipood\"},\"image\":{\"@id\":\"https:\/\/beebipood.ee\/ru\/#\/schema\/logo\/image\/\"}}]}<\/script>\n<!-- \/ Yoast SEO plugin. -->","yoast_head_json":{"title":"Vedrumadrats Sleepwell Blue Orthopedic 140x200, \u041c\u0430\u0442\u0440\u0430\u0441\u044b \u0438 \u043c\u0430\u0442\u0440\u0430\u0441\u044b-\u043f\u043e\u043a\u0440\u044b\u0432\u0430\u043b\u0430, \u0428\u0438\u0440\u0438\u043d\u043e\u0439 \u0434\u043e 140 c\u043c, M\u0435\u0431\u0435\u043b\u044c, Sleepwell blue soodushinnad, Beebipood","description":"Vedrumadrats Sleepwell Blue Orthopedic 140x200, J&auml;iga vedrustusega vedrumadrats, mille &uuml;ks pool on vooderdatud klassikalise porolooniga &lt;br \/","robots":{"index":"index","follow":"follow","max-snippet":"max-snippet:-1","max-image-preview":"max-image-preview:large","max-video-preview":"max-video-preview:-1"},"canonical":"https:\/\/beebipood.ee\/ru\/produkt\/vedrumadrats-sleepwell-blue-orthopedic-140x200\/","og_locale":"ru_RU","og_type":"article","og_title":"Vedrumadrats Sleepwell Blue Orthopedic 140x200, \u041c\u0430\u0442\u0440\u0430\u0441\u044b \u0438 \u043c\u0430\u0442\u0440\u0430\u0441\u044b-\u043f\u043e\u043a\u0440\u044b\u0432\u0430\u043b\u0430, \u0428\u0438\u0440\u0438\u043d\u043e\u0439 \u0434\u043e 140 c\u043c, M\u0435\u0431\u0435\u043b\u044c, Sleepwell blue soodushinnad, Beebipood","og_description":"Vedrumadrats Sleepwell Blue Orthopedic 140x200, J&auml;iga vedrustusega vedrumadrats, mille &uuml;ks pool on vooderdatud klassikalise porolooniga &lt;br \/","og_url":"https:\/\/beebipood.ee\/ru\/produkt\/vedrumadrats-sleepwell-blue-orthopedic-140x200\/","og_site_name":"Beebipood","article_modified_time":"2025-01-09T08:51:53+00:00","og_image":[{"width":850,"height":850,"url":"https:\/\/beebipood.ee\/wp-content\/uploads\/2014\/02\/Vedrumadrats-Sleepwell-Blue-Orthopedic-140x200-Madratsid-ja-kattemadratsid-Kuni-140cm-laiused-Lastemoobel-ja-sisustus-Sleepwell-blue-soodushinnad_1-a42.jpg","type":"image\/jpeg"}],"twitter_card":"summary_large_image","twitter_misc":{"\u041f\u0440\u0438\u043c\u0435\u0440\u043d\u043e\u0435 \u0432\u0440\u0435\u043c\u044f \u0434\u043b\u044f \u0447\u0442\u0435\u043d\u0438\u044f":"1 \u043c\u0438\u043d\u0443\u0442\u0430"},"schema":{"@context":"https:\/\/schema.org","@graph":[{"@type":"WebPage","@id":"https:\/\/beebipood.ee\/ru\/produkt\/vedrumadrats-sleepwell-blue-orthopedic-140x200\/","url":"https:\/\/beebipood.ee\/ru\/produkt\/vedrumadrats-sleepwell-blue-orthopedic-140x200\/","name":"Vedrumadrats Sleepwell Blue Orthopedic 140x200, \u041c\u0430\u0442\u0440\u0430\u0441\u044b \u0438 \u043c\u0430\u0442\u0440\u0430\u0441\u044b-\u043f\u043e\u043a\u0440\u044b\u0432\u0430\u043b\u0430, \u0428\u0438\u0440\u0438\u043d\u043e\u0439 \u0434\u043e 140 c\u043c, M\u0435\u0431\u0435\u043b\u044c, Sleepwell blue soodushinnad, Beebipood","isPartOf":{"@id":"https:\/\/beebipood.ee\/ru\/#website"},"primaryImageOfPage":{"@id":"https:\/\/beebipood.ee\/ru\/produkt\/vedrumadrats-sleepwell-blue-orthopedic-140x200\/#primaryimage"},"image":{"@id":"https:\/\/beebipood.ee\/ru\/produkt\/vedrumadrats-sleepwell-blue-orthopedic-140x200\/#primaryimage"},"thumbnailUrl":"https:\/\/beebipood.ee\/wp-content\/uploads\/2014\/02\/Vedrumadrats-Sleepwell-Blue-Orthopedic-140x200-Madratsid-ja-kattemadratsid-Kuni-140cm-laiused-Lastemoobel-ja-sisustus-Sleepwell-blue-soodushinnad_1-a42.jpg","datePublished":"2014-02-05T14:55:15+00:00","dateModified":"2025-01-09T08:51:53+00:00","description":"Vedrumadrats Sleepwell Blue Orthopedic 140x200, J&auml;iga vedrustusega vedrumadrats, mille &uuml;ks pool on vooderdatud klassikalise porolooniga &lt;br \/","breadcrumb":{"@id":"https:\/\/beebipood.ee\/ru\/produkt\/vedrumadrats-sleepwell-blue-orthopedic-140x200\/#breadcrumb"},"inLanguage":"ru-RU","potentialAction":[{"@type":"ReadAction","target":["https:\/\/beebipood.ee\/ru\/produkt\/vedrumadrats-sleepwell-blue-orthopedic-140x200\/"]}]},{"@type":"ImageObject","inLanguage":"ru-RU","@id":"https:\/\/beebipood.ee\/ru\/produkt\/vedrumadrats-sleepwell-blue-orthopedic-140x200\/#primaryimage","url":"https:\/\/beebipood.ee\/wp-content\/uploads\/2014\/02\/Vedrumadrats-Sleepwell-Blue-Orthopedic-140x200-Madratsid-ja-kattemadratsid-Kuni-140cm-laiused-Lastemoobel-ja-sisustus-Sleepwell-blue-soodushinnad_1-a42.jpg","contentUrl":"https:\/\/beebipood.ee\/wp-content\/uploads\/2014\/02\/Vedrumadrats-Sleepwell-Blue-Orthopedic-140x200-Madratsid-ja-kattemadratsid-Kuni-140cm-laiused-Lastemoobel-ja-sisustus-Sleepwell-blue-soodushinnad_1-a42.jpg","width":850,"height":850},{"@type":"BreadcrumbList","@id":"https:\/\/beebipood.ee\/ru\/produkt\/vedrumadrats-sleepwell-blue-orthopedic-140x200\/#breadcrumb","itemListElement":[{"@type":"ListItem","position":1,"name":"Home","item":"https:\/\/beebipood.ee\/ru\/"},{"@type":"ListItem","position":2,"name":"\u041a\u0430\u0442\u0430\u043b\u043e\u0433 \u0442\u043e\u0432\u0430\u0440\u043e\u0432","item":"https:\/\/beebipood.ee\/tooted\/"},{"@type":"ListItem","position":3,"name":"Vedrumadrats Sleepwell Blue Orthopedic 140&#215;200"}]},{"@type":"WebSite","@id":"https:\/\/beebipood.ee\/ru\/#website","url":"https:\/\/beebipood.ee\/ru\/","name":"Beebipood","description":"Lastekaubad, beebikaubad, m\u00e4nguasjad","publisher":{"@id":"https:\/\/beebipood.ee\/ru\/#organization"},"potentialAction":[{"@type":"SearchAction","target":{"@type":"EntryPoint","urlTemplate":"https:\/\/beebipood.ee\/ru\/?s={search_term_string}"},"query-input":{"@type":"PropertyValueSpecification","valueRequired":true,"valueName":"search_term_string"}}],"inLanguage":"ru-RU"},{"@type":"Organization","@id":"https:\/\/beebipood.ee\/ru\/#organization","name":"Beebipood","url":"https:\/\/beebipood.ee\/ru\/","logo":{"@type":"ImageObject","inLanguage":"ru-RU","@id":"https:\/\/beebipood.ee\/ru\/#\/schema\/logo\/image\/","url":"https:\/\/beebipood.ee\/wp-content\/uploads\/2025\/03\/beebipood.ee-logo-1.svg","contentUrl":"https:\/\/beebipood.ee\/wp-content\/uploads\/2025\/03\/beebipood.ee-logo-1.svg","caption":"Beebipood"},"image":{"@id":"https:\/\/beebipood.ee\/ru\/#\/schema\/logo\/image\/"}}]}},"brands":[{"id":11949,"name":"Sleepwell","slug":"sleepwell-ru"}],"_links":{"self":[{"href":"https:\/\/beebipood.ee\/ru\/wp-json\/wp\/v2\/product\/455038","targetHints":{"allow":["GET"]}}],"collection":[{"href":"https:\/\/beebipood.ee\/ru\/wp-json\/wp\/v2\/product"}],"about":[{"href":"https:\/\/beebipood.ee\/ru\/wp-json\/wp\/v2\/types\/product"}],"wp:featuredmedia":[{"embeddable":true,"href":"https:\/\/beebipood.ee\/ru\/wp-json\/wp\/v2\/media\/102453"}],"wp:attachment":[{"href":"https:\/\/beebipood.ee\/ru\/wp-json\/wp\/v2\/media?parent=455038"}],"wp:term":[{"taxonomy":"pwb-brand","embeddable":true,"href":"https:\/\/beebipood.ee\/ru\/wp-json\/wp\/v2\/pwb-brand?post=455038"},{"taxonomy":"product_brand","embeddable":true,"href":"https:\/\/beebipood.ee\/ru\/wp-json\/wp\/v2\/product_brand?post=455038"},{"taxonomy":"product_cat","embeddable":true,"href":"https:\/\/beebipood.ee\/ru\/wp-json\/wp\/v2\/product_cat?post=455038"},{"taxonomy":"product_tag","embeddable":true,"href":"https:\/\/beebipood.ee\/ru\/wp-json\/wp\/v2\/product_tag?post=455038"}],"curies":[{"name":"wp","href":"https:\/\/api.w.org\/{rel}","templated":true}]}}