{"id":455146,"date":"2014-02-28T17:12:10","date_gmt":"2014-02-28T15:12:10","guid":{"rendered":"https:\/\/beebipood.ee\/toode\/babymoov-kaimistool-2in1\/"},"modified":"2025-01-09T10:51:47","modified_gmt":"2025-01-09T08:51:47","slug":"babymoov-kaimistool-2in1","status":"publish","type":"product","link":"https:\/\/beebipood.ee\/ru\/produkt\/babymoov-kaimistool-2in1\/","title":{"rendered":"Babymoov k\u00e4imistool 2in1"},"content":{"rendered":"<p>Multifunktsionaalne k\u00e4imistool, mis kasvab koos sinu lapsega. <br \/>Babymoov k\u00e4imistool pakub kahte erinevat funktsiooni, <br \/>mis on abiks sinu lapse esimestel sammudel &#8212; <br \/>1) k\u00e4imistool kuni 12kg 2) l\u00fckatav k\u00e4imisraam kuni 2. eluaastani.<br \/><span style=\"text-decoration: underline;\"><br \/>Omadused<\/span><br \/>Mugav ja pehme iste<br \/>Reguleeritav k\u00f5rgus, et sobituda sinu beebi pikkusega<br \/>Pikk kasutusaeg t\u00e4nu kahele erinevale funktsioonile <br \/>1) k\u00e4imistool kuni 12kg 2) l\u00fckatav k\u00e4imisraam kuni 2. eluaastani<br \/>\u00dclimalt kompaktselt kokkupandav<br \/>2 p\u00f6\u00f6rlevat esiratast<br \/>Eemaldatav ja pestav kate<br \/>M\u00e4ngukandik &#8212; 3 m\u00e4nguasja<br \/>Muusikatoos &#8212; 3 heli<br \/><span style=\"text-decoration: underline;\">N\u00e4itajad<\/span><br \/>M\u00f5\u00f5dud: 70 x 44 x 68cm<br \/>Kaal: 3,7kg<\/p>\n","protected":false},"excerpt":{"rendered":"<p>Multifunktsionaalne k\u00e4imistool, mis kasvab koos sinu lapsega. Babymoov k\u00e4imistool pakub kahte erinevat funktsiooni, mis on abiks sinu lapse esimestel sammudel &#8212; 1) k\u00e4imistool kuni 12kg 2) l\u00fckatav k\u00e4imisraam kuni 2. eluaastani.OmadusedMugav ja pehme isteReguleeritav k\u00f5rgus, et sobituda sinu beebi pikkusegaPikk kasutusaeg t\u00e4nu kahele erinevale funktsioonile 1) k\u00e4imistool kuni 12kg 2) l\u00fckatav k\u00e4imisraam kuni 2. eluaastani\u00dclimalt [&hellip;]<\/p>\n","protected":false},"featured_media":102708,"template":"","meta":{"_acf_changed":false},"pwb-brand":[11976],"product_brand":[],"product_cat":[11879,11709],"product_tag":[],"class_list":{"0":"post-455146","1":"product","2":"type-product","3":"status-publish","4":"has-post-thumbnail","6":"pwb-brand-babymoov-ru","7":"product_cat-lamamistoolid-ja-kiiged-ru","8":"product_cat-sootmistoolid-beebi-ja-lastetarbed-mahkimine-hugieen-ru","9":"pa_manufacturer-babymoov-ru","11":"first","12":"onbackorder","13":"taxable","14":"shipping-taxable","15":"purchasable","16":"product-type-simple"},"exclude_global_add_ons":[],"addons":[],"acf":[],"yoast_head":"<!-- This site is optimized with the Yoast SEO plugin v27.1.1 - https:\/\/yoast.com\/product\/yoast-seo-wordpress\/ -->\n<title>Babymoov k\u00e4imistool 2in1, \u041f\u0440\u0438\u043d\u0430\u0434\u043b\u0435\u0436\u043d\u043e\u0441\u0442\u0438 \u0434\u043b\u044f \u043c\u043b\u0430\u0434\u0435\u043d\u0446\u0435\u0432, \u0428\u0435\u0437\u043b\u043e\u043d\u0433\u0438 \u0438 \u043a\u0430\u0447\u0435\u043b\u0438, Beebipood<\/title>\n<meta name=\"description\" content=\"Babymoov k\u00e4imistool 2in1, Multifunktsionaalne k&auml;imistool, mis kasvab koos sinu lapsega. Babymoov k&auml;imistool pakub kahte erinevat funktsiooni\" \/>\n<meta name=\"robots\" content=\"index, follow, max-snippet:-1, max-image-preview:large, max-video-preview:-1\" \/>\n<link rel=\"canonical\" href=\"https:\/\/beebipood.ee\/ru\/produkt\/babymoov-kaimistool-2in1\/\" \/>\n<meta property=\"og:locale\" content=\"ru_RU\" \/>\n<meta property=\"og:type\" content=\"article\" \/>\n<meta property=\"og:title\" content=\"Babymoov k\u00e4imistool 2in1, \u041f\u0440\u0438\u043d\u0430\u0434\u043b\u0435\u0436\u043d\u043e\u0441\u0442\u0438 \u0434\u043b\u044f \u043c\u043b\u0430\u0434\u0435\u043d\u0446\u0435\u0432, \u0428\u0435\u0437\u043b\u043e\u043d\u0433\u0438 \u0438 \u043a\u0430\u0447\u0435\u043b\u0438, Beebipood\" \/>\n<meta property=\"og:description\" content=\"Babymoov k\u00e4imistool 2in1, Multifunktsionaalne k&auml;imistool, mis kasvab koos sinu lapsega. Babymoov k&auml;imistool pakub kahte erinevat funktsiooni\" \/>\n<meta property=\"og:url\" content=\"https:\/\/beebipood.ee\/ru\/produkt\/babymoov-kaimistool-2in1\/\" \/>\n<meta property=\"og:site_name\" content=\"Beebipood\" \/>\n<meta property=\"article:modified_time\" content=\"2025-01-09T08:51:47+00:00\" \/>\n<meta property=\"og:image\" content=\"https:\/\/beebipood.ee\/wp-content\/uploads\/2014\/02\/Babymoov-kaimistool-2in1-Beebi-ja-lastetarbed-Lamamistoolid-ja-kiiged_3-eaa.jpg\" \/>\n\t<meta property=\"og:image:width\" content=\"955\" \/>\n\t<meta property=\"og:image:height\" content=\"638\" \/>\n\t<meta property=\"og:image:type\" content=\"image\/jpeg\" \/>\n<meta name=\"twitter:card\" content=\"summary_large_image\" \/>\n<script type=\"application\/ld+json\" class=\"yoast-schema-graph\">{\"@context\":\"https:\/\/schema.org\",\"@graph\":[{\"@type\":\"WebPage\",\"@id\":\"https:\/\/beebipood.ee\/ru\/produkt\/babymoov-kaimistool-2in1\/\",\"url\":\"https:\/\/beebipood.ee\/ru\/produkt\/babymoov-kaimistool-2in1\/\",\"name\":\"Babymoov k\u00e4imistool 2in1, \u041f\u0440\u0438\u043d\u0430\u0434\u043b\u0435\u0436\u043d\u043e\u0441\u0442\u0438 \u0434\u043b\u044f \u043c\u043b\u0430\u0434\u0435\u043d\u0446\u0435\u0432, \u0428\u0435\u0437\u043b\u043e\u043d\u0433\u0438 \u0438 \u043a\u0430\u0447\u0435\u043b\u0438, Beebipood\",\"isPartOf\":{\"@id\":\"https:\/\/beebipood.ee\/ru\/#website\"},\"primaryImageOfPage\":{\"@id\":\"https:\/\/beebipood.ee\/ru\/produkt\/babymoov-kaimistool-2in1\/#primaryimage\"},\"image\":{\"@id\":\"https:\/\/beebipood.ee\/ru\/produkt\/babymoov-kaimistool-2in1\/#primaryimage\"},\"thumbnailUrl\":\"https:\/\/beebipood.ee\/wp-content\/uploads\/2014\/02\/Babymoov-kaimistool-2in1-Beebi-ja-lastetarbed-Lamamistoolid-ja-kiiged_3-eaa.jpg\",\"datePublished\":\"2014-02-28T15:12:10+00:00\",\"dateModified\":\"2025-01-09T08:51:47+00:00\",\"description\":\"Babymoov k\u00e4imistool 2in1, Multifunktsionaalne k&auml;imistool, mis kasvab koos sinu lapsega. Babymoov k&auml;imistool pakub kahte erinevat funktsiooni\",\"breadcrumb\":{\"@id\":\"https:\/\/beebipood.ee\/ru\/produkt\/babymoov-kaimistool-2in1\/#breadcrumb\"},\"inLanguage\":\"ru-RU\",\"potentialAction\":[{\"@type\":\"ReadAction\",\"target\":[\"https:\/\/beebipood.ee\/ru\/produkt\/babymoov-kaimistool-2in1\/\"]}]},{\"@type\":\"ImageObject\",\"inLanguage\":\"ru-RU\",\"@id\":\"https:\/\/beebipood.ee\/ru\/produkt\/babymoov-kaimistool-2in1\/#primaryimage\",\"url\":\"https:\/\/beebipood.ee\/wp-content\/uploads\/2014\/02\/Babymoov-kaimistool-2in1-Beebi-ja-lastetarbed-Lamamistoolid-ja-kiiged_3-eaa.jpg\",\"contentUrl\":\"https:\/\/beebipood.ee\/wp-content\/uploads\/2014\/02\/Babymoov-kaimistool-2in1-Beebi-ja-lastetarbed-Lamamistoolid-ja-kiiged_3-eaa.jpg\",\"width\":955,\"height\":638},{\"@type\":\"BreadcrumbList\",\"@id\":\"https:\/\/beebipood.ee\/ru\/produkt\/babymoov-kaimistool-2in1\/#breadcrumb\",\"itemListElement\":[{\"@type\":\"ListItem\",\"position\":1,\"name\":\"Home\",\"item\":\"https:\/\/beebipood.ee\/ru\/\"},{\"@type\":\"ListItem\",\"position\":2,\"name\":\"\u041a\u0430\u0442\u0430\u043b\u043e\u0433 \u0442\u043e\u0432\u0430\u0440\u043e\u0432\",\"item\":\"https:\/\/beebipood.ee\/tooted\/\"},{\"@type\":\"ListItem\",\"position\":3,\"name\":\"Babymoov k\u00e4imistool 2in1\"}]},{\"@type\":\"WebSite\",\"@id\":\"https:\/\/beebipood.ee\/ru\/#website\",\"url\":\"https:\/\/beebipood.ee\/ru\/\",\"name\":\"Beebipood\",\"description\":\"Lastekaubad, beebikaubad, m\u00e4nguasjad\",\"publisher\":{\"@id\":\"https:\/\/beebipood.ee\/ru\/#organization\"},\"potentialAction\":[{\"@type\":\"SearchAction\",\"target\":{\"@type\":\"EntryPoint\",\"urlTemplate\":\"https:\/\/beebipood.ee\/ru\/?s={search_term_string}\"},\"query-input\":{\"@type\":\"PropertyValueSpecification\",\"valueRequired\":true,\"valueName\":\"search_term_string\"}}],\"inLanguage\":\"ru-RU\"},{\"@type\":\"Organization\",\"@id\":\"https:\/\/beebipood.ee\/ru\/#organization\",\"name\":\"Beebipood\",\"url\":\"https:\/\/beebipood.ee\/ru\/\",\"logo\":{\"@type\":\"ImageObject\",\"inLanguage\":\"ru-RU\",\"@id\":\"https:\/\/beebipood.ee\/ru\/#\/schema\/logo\/image\/\",\"url\":\"https:\/\/beebipood.ee\/wp-content\/uploads\/2025\/03\/beebipood.ee-logo-1.svg\",\"contentUrl\":\"https:\/\/beebipood.ee\/wp-content\/uploads\/2025\/03\/beebipood.ee-logo-1.svg\",\"caption\":\"Beebipood\"},\"image\":{\"@id\":\"https:\/\/beebipood.ee\/ru\/#\/schema\/logo\/image\/\"}}]}<\/script>\n<!-- \/ Yoast SEO plugin. -->","yoast_head_json":{"title":"Babymoov k\u00e4imistool 2in1, \u041f\u0440\u0438\u043d\u0430\u0434\u043b\u0435\u0436\u043d\u043e\u0441\u0442\u0438 \u0434\u043b\u044f \u043c\u043b\u0430\u0434\u0435\u043d\u0446\u0435\u0432, \u0428\u0435\u0437\u043b\u043e\u043d\u0433\u0438 \u0438 \u043a\u0430\u0447\u0435\u043b\u0438, Beebipood","description":"Babymoov k\u00e4imistool 2in1, Multifunktsionaalne k&auml;imistool, mis kasvab koos sinu lapsega. Babymoov k&auml;imistool pakub kahte erinevat funktsiooni","robots":{"index":"index","follow":"follow","max-snippet":"max-snippet:-1","max-image-preview":"max-image-preview:large","max-video-preview":"max-video-preview:-1"},"canonical":"https:\/\/beebipood.ee\/ru\/produkt\/babymoov-kaimistool-2in1\/","og_locale":"ru_RU","og_type":"article","og_title":"Babymoov k\u00e4imistool 2in1, \u041f\u0440\u0438\u043d\u0430\u0434\u043b\u0435\u0436\u043d\u043e\u0441\u0442\u0438 \u0434\u043b\u044f \u043c\u043b\u0430\u0434\u0435\u043d\u0446\u0435\u0432, \u0428\u0435\u0437\u043b\u043e\u043d\u0433\u0438 \u0438 \u043a\u0430\u0447\u0435\u043b\u0438, Beebipood","og_description":"Babymoov k\u00e4imistool 2in1, Multifunktsionaalne k&auml;imistool, mis kasvab koos sinu lapsega. Babymoov k&auml;imistool pakub kahte erinevat funktsiooni","og_url":"https:\/\/beebipood.ee\/ru\/produkt\/babymoov-kaimistool-2in1\/","og_site_name":"Beebipood","article_modified_time":"2025-01-09T08:51:47+00:00","og_image":[{"width":955,"height":638,"url":"https:\/\/beebipood.ee\/wp-content\/uploads\/2014\/02\/Babymoov-kaimistool-2in1-Beebi-ja-lastetarbed-Lamamistoolid-ja-kiiged_3-eaa.jpg","type":"image\/jpeg"}],"twitter_card":"summary_large_image","schema":{"@context":"https:\/\/schema.org","@graph":[{"@type":"WebPage","@id":"https:\/\/beebipood.ee\/ru\/produkt\/babymoov-kaimistool-2in1\/","url":"https:\/\/beebipood.ee\/ru\/produkt\/babymoov-kaimistool-2in1\/","name":"Babymoov k\u00e4imistool 2in1, \u041f\u0440\u0438\u043d\u0430\u0434\u043b\u0435\u0436\u043d\u043e\u0441\u0442\u0438 \u0434\u043b\u044f \u043c\u043b\u0430\u0434\u0435\u043d\u0446\u0435\u0432, \u0428\u0435\u0437\u043b\u043e\u043d\u0433\u0438 \u0438 \u043a\u0430\u0447\u0435\u043b\u0438, Beebipood","isPartOf":{"@id":"https:\/\/beebipood.ee\/ru\/#website"},"primaryImageOfPage":{"@id":"https:\/\/beebipood.ee\/ru\/produkt\/babymoov-kaimistool-2in1\/#primaryimage"},"image":{"@id":"https:\/\/beebipood.ee\/ru\/produkt\/babymoov-kaimistool-2in1\/#primaryimage"},"thumbnailUrl":"https:\/\/beebipood.ee\/wp-content\/uploads\/2014\/02\/Babymoov-kaimistool-2in1-Beebi-ja-lastetarbed-Lamamistoolid-ja-kiiged_3-eaa.jpg","datePublished":"2014-02-28T15:12:10+00:00","dateModified":"2025-01-09T08:51:47+00:00","description":"Babymoov k\u00e4imistool 2in1, Multifunktsionaalne k&auml;imistool, mis kasvab koos sinu lapsega. Babymoov k&auml;imistool pakub kahte erinevat funktsiooni","breadcrumb":{"@id":"https:\/\/beebipood.ee\/ru\/produkt\/babymoov-kaimistool-2in1\/#breadcrumb"},"inLanguage":"ru-RU","potentialAction":[{"@type":"ReadAction","target":["https:\/\/beebipood.ee\/ru\/produkt\/babymoov-kaimistool-2in1\/"]}]},{"@type":"ImageObject","inLanguage":"ru-RU","@id":"https:\/\/beebipood.ee\/ru\/produkt\/babymoov-kaimistool-2in1\/#primaryimage","url":"https:\/\/beebipood.ee\/wp-content\/uploads\/2014\/02\/Babymoov-kaimistool-2in1-Beebi-ja-lastetarbed-Lamamistoolid-ja-kiiged_3-eaa.jpg","contentUrl":"https:\/\/beebipood.ee\/wp-content\/uploads\/2014\/02\/Babymoov-kaimistool-2in1-Beebi-ja-lastetarbed-Lamamistoolid-ja-kiiged_3-eaa.jpg","width":955,"height":638},{"@type":"BreadcrumbList","@id":"https:\/\/beebipood.ee\/ru\/produkt\/babymoov-kaimistool-2in1\/#breadcrumb","itemListElement":[{"@type":"ListItem","position":1,"name":"Home","item":"https:\/\/beebipood.ee\/ru\/"},{"@type":"ListItem","position":2,"name":"\u041a\u0430\u0442\u0430\u043b\u043e\u0433 \u0442\u043e\u0432\u0430\u0440\u043e\u0432","item":"https:\/\/beebipood.ee\/tooted\/"},{"@type":"ListItem","position":3,"name":"Babymoov k\u00e4imistool 2in1"}]},{"@type":"WebSite","@id":"https:\/\/beebipood.ee\/ru\/#website","url":"https:\/\/beebipood.ee\/ru\/","name":"Beebipood","description":"Lastekaubad, beebikaubad, m\u00e4nguasjad","publisher":{"@id":"https:\/\/beebipood.ee\/ru\/#organization"},"potentialAction":[{"@type":"SearchAction","target":{"@type":"EntryPoint","urlTemplate":"https:\/\/beebipood.ee\/ru\/?s={search_term_string}"},"query-input":{"@type":"PropertyValueSpecification","valueRequired":true,"valueName":"search_term_string"}}],"inLanguage":"ru-RU"},{"@type":"Organization","@id":"https:\/\/beebipood.ee\/ru\/#organization","name":"Beebipood","url":"https:\/\/beebipood.ee\/ru\/","logo":{"@type":"ImageObject","inLanguage":"ru-RU","@id":"https:\/\/beebipood.ee\/ru\/#\/schema\/logo\/image\/","url":"https:\/\/beebipood.ee\/wp-content\/uploads\/2025\/03\/beebipood.ee-logo-1.svg","contentUrl":"https:\/\/beebipood.ee\/wp-content\/uploads\/2025\/03\/beebipood.ee-logo-1.svg","caption":"Beebipood"},"image":{"@id":"https:\/\/beebipood.ee\/ru\/#\/schema\/logo\/image\/"}}]}},"brands":[{"id":11976,"name":"Babymoov","slug":"babymoov-ru"}],"_links":{"self":[{"href":"https:\/\/beebipood.ee\/ru\/wp-json\/wp\/v2\/product\/455146","targetHints":{"allow":["GET"]}}],"collection":[{"href":"https:\/\/beebipood.ee\/ru\/wp-json\/wp\/v2\/product"}],"about":[{"href":"https:\/\/beebipood.ee\/ru\/wp-json\/wp\/v2\/types\/product"}],"wp:featuredmedia":[{"embeddable":true,"href":"https:\/\/beebipood.ee\/ru\/wp-json\/wp\/v2\/media\/102708"}],"wp:attachment":[{"href":"https:\/\/beebipood.ee\/ru\/wp-json\/wp\/v2\/media?parent=455146"}],"wp:term":[{"taxonomy":"pwb-brand","embeddable":true,"href":"https:\/\/beebipood.ee\/ru\/wp-json\/wp\/v2\/pwb-brand?post=455146"},{"taxonomy":"product_brand","embeddable":true,"href":"https:\/\/beebipood.ee\/ru\/wp-json\/wp\/v2\/product_brand?post=455146"},{"taxonomy":"product_cat","embeddable":true,"href":"https:\/\/beebipood.ee\/ru\/wp-json\/wp\/v2\/product_cat?post=455146"},{"taxonomy":"product_tag","embeddable":true,"href":"https:\/\/beebipood.ee\/ru\/wp-json\/wp\/v2\/product_tag?post=455146"}],"curies":[{"name":"wp","href":"https:\/\/api.w.org\/{rel}","templated":true}]}}