{"id":455154,"date":"2026-02-05T15:10:57","date_gmt":"2026-02-05T13:10:57","guid":{"rendered":"https:\/\/beebipood.ee\/toode\/thule-urban-glide-3-jalutuskaru-nutria-green\/"},"modified":"2026-02-05T15:08:39","modified_gmt":"2026-02-05T13:08:39","slug":"thule-urban-glide-3-jalutuskaru-dark-salte-2026","status":"publish","type":"product","link":"https:\/\/beebipood.ee\/ru\/produkt\/thule-urban-glide-3-jalutuskaru-dark-salte-2026\/","title":{"rendered":"Thule Urban Glide 3 jalutusk\u00e4ru, Dark Salte (2026)"},"content":{"rendered":"<h3 data-start=\"174\" data-end=\"246\">Thule Urban Glide 3 \u2013 v\u00f5imas ja mugav maastikuk\u00e4ru aktiivsele perele<\/h3>\n<p data-start=\"248\" data-end=\"550\"><strong data-start=\"248\" data-end=\"271\">Thule Urban Glide 3<\/strong>\u00a0on t\u00e4issuuruses ja suurep\u00e4rase j\u00f5udlusega maastikuk\u00e4ru, mis sobib kasutamiseks nii vasts\u00fcndinutele kui ka v\u00e4ikelastele. See on loodud aktiivsetele lapsevanematele, kes soovivad sujuvat s\u00f5itu nii linnat\u00e4navatel kui ka keerukamal maastikul \u2013 ilma mugavuses j\u00e4releandmisi tegemata.<\/p>\n<p data-start=\"558\" data-end=\"718\">Urban Glide 3 varustatud <strong data-start=\"607\" data-end=\"652\">5-punktiliste magnetiliste turvarihmadega<\/strong>, mis muudavad lapse kinnitamise kiireks, lihtsaks ja turvaliseks.<\/p>\n<hr data-start=\"720\" data-end=\"723\" \/>\n<h3 data-start=\"725\" data-end=\"761\">Miks valida Thule Urban Glide 3?<\/h3>\n<ul data-start=\"763\" data-end=\"1210\">\n<li data-start=\"763\" data-end=\"824\">\n<p data-start=\"765\" data-end=\"824\">Sobib kasutamiseks\u00a0<strong data-start=\"784\" data-end=\"822\">alates s\u00fcnnist kuni v\u00e4ikelapseeani<\/strong><\/p>\n<\/li>\n<li data-start=\"825\" data-end=\"920\">\n<p data-start=\"827\" data-end=\"920\"><strong data-start=\"827\" data-end=\"871\">Suured 16-tollised \u00f5huga t\u00e4idetud rehvid<\/strong>\u00a0tagavad suurep\u00e4rase vedrustuse ja sujuva s\u00f5idu<\/p>\n<\/li>\n<li data-start=\"921\" data-end=\"989\">\n<p data-start=\"923\" data-end=\"989\"><strong data-start=\"923\" data-end=\"944\">P\u00f6\u00f6ratav esiratas<\/strong>, mida saab suurema kiiruse jaoks lukustada<\/p>\n<\/li>\n<li data-start=\"990\" data-end=\"1077\">\n<p data-start=\"992\" data-end=\"1077\"><strong data-start=\"992\" data-end=\"1028\">Integreeritud p\u00f6\u00f6ratav k\u00e4sipidur<\/strong>\u00a0ohutuks kiiruse reguleerimiseks igal maastikul<\/p>\n<\/li>\n<li data-start=\"1078\" data-end=\"1139\">\n<p data-start=\"1080\" data-end=\"1139\">Kerge ja \u00f5huke disain tagab\u00a0<strong data-start=\"1108\" data-end=\"1137\">v\u00e4ga hea man\u00f6\u00f6verdusv\u00f5ime<\/strong><\/p>\n<\/li>\n<li data-start=\"1140\" data-end=\"1210\">\n<p data-start=\"1142\" data-end=\"1210\">Vastupidav ja usaldusv\u00e4\u00e4rne \u2013 loodud aktiivseks igap\u00e4evakasutuseks<\/p>\n<\/li>\n<\/ul>\n<hr data-start=\"1212\" data-end=\"1215\" \/>\n<h3 data-start=\"1217\" data-end=\"1248\">Maksimaalne mugavus lapsele<\/h3>\n<ul data-start=\"1250\" data-end=\"1648\">\n<li data-start=\"1250\" data-end=\"1341\">\n<p data-start=\"1252\" data-end=\"1341\"><strong data-start=\"1252\" data-end=\"1291\">Mugav iste reguleeritava seljatoega<\/strong>\u00a0\u2013 sobib nii ringi vaatamiseks kui ka uinakuteks<\/p>\n<\/li>\n<li data-start=\"1342\" data-end=\"1411\">\n<p data-start=\"1344\" data-end=\"1411\"><strong data-start=\"1344\" data-end=\"1370\">Sisseehitatud jalatugi<\/strong>\u00a0tagab lapsele \u00f5ige asendi kogu p\u00e4evaks<\/p>\n<\/li>\n<li data-start=\"1412\" data-end=\"1507\">\n<p data-start=\"1414\" data-end=\"1507\"><strong data-start=\"1414\" data-end=\"1458\">T\u00e4ielikult kattev kaarvari \u00f5hutusavadega<\/strong>\u00a0hoiab lapse kaitstuna ja tagab hea \u00f5huringluse<\/p>\n<\/li>\n<li data-start=\"1508\" data-end=\"1588\">\n<p data-start=\"1510\" data-end=\"1588\"><strong data-start=\"1510\" data-end=\"1553\">5-punktilised polsterdatud magnetrihmad<\/strong>\u00a0\u2013 turvaline ja kiire kinnitamine<\/p>\n<\/li>\n<li data-start=\"1589\" data-end=\"1648\">\n<p data-start=\"1591\" data-end=\"1648\">V\u00e4ike vaatlusaken v\u00f5imaldab last j\u00e4lgida teda h\u00e4irimata<\/p>\n<\/li>\n<\/ul>\n<hr data-start=\"1650\" data-end=\"1653\" \/>\n<h3 data-start=\"1655\" data-end=\"1685\">Mugav kasutada ka vanemale<\/h3>\n<ul data-start=\"1687\" data-end=\"2078\">\n<li data-start=\"1687\" data-end=\"1768\">\n<p data-start=\"1689\" data-end=\"1768\"><strong data-start=\"1689\" data-end=\"1729\">Ergonoomiline reguleeritav l\u00fckkesang<\/strong>\u00a0sobib erineva pikkusega kasutajatele<\/p>\n<\/li>\n<li data-start=\"1769\" data-end=\"1861\">\n<p data-start=\"1771\" data-end=\"1861\"><strong data-start=\"1771\" data-end=\"1796\">\u00dche k\u00e4ega kokkupandav<\/strong>\u00a0ja kokkupandult p\u00fcsti p\u00fcsiv \u2013 lihtne hoiustada ja transportida<\/p>\n<\/li>\n<li data-start=\"1862\" data-end=\"1908\">\n<p data-start=\"1864\" data-end=\"1908\"><strong data-start=\"1864\" data-end=\"1894\">Suur t\u00f5mblukuga pagasikorv<\/strong>\u00a0(kuni 7 kg)<\/p>\n<\/li>\n<li data-start=\"1909\" data-end=\"1989\">\n<p data-start=\"1911\" data-end=\"1989\">Tagumine v\u00f5rktasku ja kaks v\u00e4iksemat v\u00f5rksahtlit sn\u00e4kkidele ja m\u00e4nguasjadele<\/p>\n<\/li>\n<li data-start=\"1990\" data-end=\"2078\">\n<p data-start=\"1992\" data-end=\"2078\">Kaarvarjul ja ratastel\u00a0<strong data-start=\"2015\" data-end=\"2039\">peegeldavad detailid<\/strong>, mis parandavad n\u00e4htavust ja ohutust<\/p>\n<\/li>\n<\/ul>\n<hr data-start=\"2080\" data-end=\"2083\" \/>\n<h3 data-start=\"2085\" data-end=\"2106\">Tehnilised andmed<\/h3>\n<ul data-start=\"2108\" data-end=\"2381\">\n<li data-start=\"2108\" data-end=\"2145\">\n<p data-start=\"2110\" data-end=\"2145\">Maksimaalne kandev\u00f5ime:\u00a0<strong data-start=\"2134\" data-end=\"2143\">34 kg<\/strong><\/p>\n<\/li>\n<li data-start=\"2146\" data-end=\"2183\">\n<p data-start=\"2148\" data-end=\"2183\">Lapse maksimaalne kaal:\u00a0<strong data-start=\"2172\" data-end=\"2181\">22 kg<\/strong><\/p>\n<\/li>\n<li data-start=\"2184\" data-end=\"2220\">\n<p data-start=\"2186\" data-end=\"2220\">Pagasikorvi kandev\u00f5ime:\u00a0<strong data-start=\"2210\" data-end=\"2218\">7 kg<\/strong><\/p>\n<\/li>\n<li data-start=\"2221\" data-end=\"2247\">\n<p data-start=\"2223\" data-end=\"2247\">K\u00e4ru kaal:\u00a0<strong data-start=\"2234\" data-end=\"2245\">11,9 kg<\/strong><\/p>\n<\/li>\n<li data-start=\"2248\" data-end=\"2289\">\n<p data-start=\"2250\" data-end=\"2289\">M\u00f5\u00f5dud avatult:\u00a0<strong data-start=\"2266\" data-end=\"2287\">123 \u00d7 69 \u00d7 115 cm<\/strong><\/p>\n<\/li>\n<li data-start=\"2290\" data-end=\"2334\">\n<p data-start=\"2292\" data-end=\"2334\">M\u00f5\u00f5dud kokkupandult:\u00a0<strong data-start=\"2313\" data-end=\"2332\">88 \u00d7 58 \u00d7 31 cm<\/strong><\/p>\n<\/li>\n<li data-start=\"2335\" data-end=\"2362\">\n<p data-start=\"2337\" data-end=\"2362\">Istme k\u00f5rgus:\u00a0<strong data-start=\"2351\" data-end=\"2360\">51 cm<\/strong><\/p>\n<\/li>\n<li data-start=\"2363\" data-end=\"2381\">\n<p data-start=\"2365\" data-end=\"2381\">Laius:\u00a0<strong data-start=\"2372\" data-end=\"2381\">69 cm<\/strong><\/p>\n<\/li>\n<\/ul>\n","protected":false},"excerpt":{"rendered":"<p>Thule Urban Glide 3 \u2013 v\u00f5imas ja mugav maastikuk\u00e4ru aktiivsele perele Thule Urban Glide 3\u00a0on t\u00e4issuuruses ja suurep\u00e4rase j\u00f5udlusega maastikuk\u00e4ru, mis sobib kasutamiseks nii vasts\u00fcndinutele kui ka v\u00e4ikelastele. See on loodud aktiivsetele lapsevanematele, kes soovivad sujuvat s\u00f5itu nii linnat\u00e4navatel kui ka keerukamal maastikul \u2013 ilma mugavuses j\u00e4releandmisi tegemata. Urban Glide 3 varustatud 5-punktiliste magnetiliste turvarihmadega, [&hellip;]<\/p>\n","protected":false},"featured_media":510894,"template":"","meta":{"_acf_changed":false},"pwb-brand":[11980],"product_brand":[],"product_cat":[11573,11847,11849,11721,11717],"product_tag":[],"class_list":{"0":"post-455154","1":"product","2":"type-product","3":"status-publish","4":"has-post-thumbnail","6":"pwb-brand-thule-ru","7":"product_cat-sooduspakkumised-ru","8":"product_cat-thule-ru","9":"product_cat-thule-urban-glide-3-ru","10":"product_cat-jalutuskarud-ru","11":"product_cat-lastevankrid-ja-karud-ru","12":"pa_manufacturer-thule-ru","14":"first","15":"onbackorder","16":"sale","17":"taxable","18":"shipping-taxable","19":"purchasable","20":"product-type-simple"},"exclude_global_add_ons":[],"addons":[],"acf":[],"yoast_head":"<!-- This site is optimized with the Yoast SEO plugin v27.1.1 - https:\/\/yoast.com\/product\/yoast-seo-wordpress\/ -->\n<title>Thule Urban Glide 3 jalutusk\u00e4ru, Nutria Green, \u0421\u041a\u0418\u0414\u041a\u0418, \u041a\u043e\u043b\u044f\u0441\u043a\u0438, \u041f\u0440\u043e\u0433\u0443\u043b\u043e\u0447\u043d\u044b\u0435 \u043a\u043e\u043b\u044f\u0441\u043a\u0438, THULE, Thule Urban Glide 3, Beebipood<\/title>\n<meta name=\"description\" content=\"Thule Urban Glide 3 jalutusk\u00e4ru, Nutria Green, Thule Urban Glide 3 on suurep\u00e4rane t\u00e4issuuruses ja v\u00f5imas maastikuk\u00e4ru,&lt;br\" \/>\n<meta name=\"robots\" content=\"index, follow, max-snippet:-1, max-image-preview:large, max-video-preview:-1\" \/>\n<link rel=\"canonical\" href=\"https:\/\/beebipood.ee\/ru\/produkt\/thule-urban-glide-3-jalutuskaru-dark-salte-2026\/\" \/>\n<meta property=\"og:locale\" content=\"ru_RU\" \/>\n<meta property=\"og:type\" content=\"article\" \/>\n<meta property=\"og:title\" content=\"Thule Urban Glide 3 jalutusk\u00e4ru, Nutria Green, \u0421\u041a\u0418\u0414\u041a\u0418, \u041a\u043e\u043b\u044f\u0441\u043a\u0438, \u041f\u0440\u043e\u0433\u0443\u043b\u043e\u0447\u043d\u044b\u0435 \u043a\u043e\u043b\u044f\u0441\u043a\u0438, THULE, Thule Urban Glide 3, Beebipood\" \/>\n<meta property=\"og:description\" content=\"Thule Urban Glide 3 jalutusk\u00e4ru, Nutria Green, Thule Urban Glide 3 on suurep\u00e4rane t\u00e4issuuruses ja v\u00f5imas maastikuk\u00e4ru,&lt;br\" \/>\n<meta property=\"og:url\" content=\"https:\/\/beebipood.ee\/ru\/produkt\/thule-urban-glide-3-jalutuskaru-dark-salte-2026\/\" \/>\n<meta property=\"og:site_name\" content=\"Beebipood\" \/>\n<meta property=\"og:image\" content=\"https:\/\/beebipood.ee\/wp-content\/uploads\/2025\/01\/ug3-dark-slate.jpg\" \/>\n\t<meta property=\"og:image:width\" content=\"1200\" \/>\n\t<meta property=\"og:image:height\" content=\"1200\" \/>\n\t<meta property=\"og:image:type\" content=\"image\/jpeg\" \/>\n<meta name=\"twitter:card\" content=\"summary_large_image\" \/>\n<meta name=\"twitter:label1\" content=\"\u041f\u0440\u0438\u043c\u0435\u0440\u043d\u043e\u0435 \u0432\u0440\u0435\u043c\u044f \u0434\u043b\u044f \u0447\u0442\u0435\u043d\u0438\u044f\" \/>\n\t<meta name=\"twitter:data1\" content=\"2 \u043c\u0438\u043d\u0443\u0442\u044b\" \/>\n<script type=\"application\/ld+json\" class=\"yoast-schema-graph\">{\"@context\":\"https:\/\/schema.org\",\"@graph\":[{\"@type\":\"WebPage\",\"@id\":\"https:\/\/beebipood.ee\/ru\/produkt\/thule-urban-glide-3-jalutuskaru-dark-salte-2026\/\",\"url\":\"https:\/\/beebipood.ee\/ru\/produkt\/thule-urban-glide-3-jalutuskaru-dark-salte-2026\/\",\"name\":\"Thule Urban Glide 3 jalutusk\u00e4ru, Nutria Green, \u0421\u041a\u0418\u0414\u041a\u0418, \u041a\u043e\u043b\u044f\u0441\u043a\u0438, \u041f\u0440\u043e\u0433\u0443\u043b\u043e\u0447\u043d\u044b\u0435 \u043a\u043e\u043b\u044f\u0441\u043a\u0438, THULE, Thule Urban Glide 3, Beebipood\",\"isPartOf\":{\"@id\":\"https:\/\/beebipood.ee\/ru\/#website\"},\"primaryImageOfPage\":{\"@id\":\"https:\/\/beebipood.ee\/ru\/produkt\/thule-urban-glide-3-jalutuskaru-dark-salte-2026\/#primaryimage\"},\"image\":{\"@id\":\"https:\/\/beebipood.ee\/ru\/produkt\/thule-urban-glide-3-jalutuskaru-dark-salte-2026\/#primaryimage\"},\"thumbnailUrl\":\"https:\/\/beebipood.ee\/wp-content\/uploads\/2025\/01\/ug3-dark-slate.jpg\",\"datePublished\":\"2026-02-05T13:10:57+00:00\",\"description\":\"Thule Urban Glide 3 jalutusk\u00e4ru, Nutria Green, Thule Urban Glide 3 on suurep\u00e4rane t\u00e4issuuruses ja v\u00f5imas maastikuk\u00e4ru,&lt;br\",\"breadcrumb\":{\"@id\":\"https:\/\/beebipood.ee\/ru\/produkt\/thule-urban-glide-3-jalutuskaru-dark-salte-2026\/#breadcrumb\"},\"inLanguage\":\"ru-RU\",\"potentialAction\":[{\"@type\":\"ReadAction\",\"target\":[\"https:\/\/beebipood.ee\/ru\/produkt\/thule-urban-glide-3-jalutuskaru-dark-salte-2026\/\"]}]},{\"@type\":\"ImageObject\",\"inLanguage\":\"ru-RU\",\"@id\":\"https:\/\/beebipood.ee\/ru\/produkt\/thule-urban-glide-3-jalutuskaru-dark-salte-2026\/#primaryimage\",\"url\":\"https:\/\/beebipood.ee\/wp-content\/uploads\/2025\/01\/ug3-dark-slate.jpg\",\"contentUrl\":\"https:\/\/beebipood.ee\/wp-content\/uploads\/2025\/01\/ug3-dark-slate.jpg\",\"width\":1200,\"height\":1200},{\"@type\":\"BreadcrumbList\",\"@id\":\"https:\/\/beebipood.ee\/ru\/produkt\/thule-urban-glide-3-jalutuskaru-dark-salte-2026\/#breadcrumb\",\"itemListElement\":[{\"@type\":\"ListItem\",\"position\":1,\"name\":\"Home\",\"item\":\"https:\/\/beebipood.ee\/ru\/\"},{\"@type\":\"ListItem\",\"position\":2,\"name\":\"\u041a\u0430\u0442\u0430\u043b\u043e\u0433 \u0442\u043e\u0432\u0430\u0440\u043e\u0432\",\"item\":\"https:\/\/beebipood.ee\/tooted\/\"},{\"@type\":\"ListItem\",\"position\":3,\"name\":\"Thule Urban Glide 3 jalutusk\u00e4ru, Dark Salte (2026)\"}]},{\"@type\":\"WebSite\",\"@id\":\"https:\/\/beebipood.ee\/ru\/#website\",\"url\":\"https:\/\/beebipood.ee\/ru\/\",\"name\":\"Beebipood\",\"description\":\"Lastekaubad, beebikaubad, m\u00e4nguasjad\",\"publisher\":{\"@id\":\"https:\/\/beebipood.ee\/ru\/#organization\"},\"potentialAction\":[{\"@type\":\"SearchAction\",\"target\":{\"@type\":\"EntryPoint\",\"urlTemplate\":\"https:\/\/beebipood.ee\/ru\/?s={search_term_string}\"},\"query-input\":{\"@type\":\"PropertyValueSpecification\",\"valueRequired\":true,\"valueName\":\"search_term_string\"}}],\"inLanguage\":\"ru-RU\"},{\"@type\":\"Organization\",\"@id\":\"https:\/\/beebipood.ee\/ru\/#organization\",\"name\":\"Beebipood\",\"url\":\"https:\/\/beebipood.ee\/ru\/\",\"logo\":{\"@type\":\"ImageObject\",\"inLanguage\":\"ru-RU\",\"@id\":\"https:\/\/beebipood.ee\/ru\/#\/schema\/logo\/image\/\",\"url\":\"https:\/\/beebipood.ee\/wp-content\/uploads\/2025\/03\/beebipood.ee-logo-1.svg\",\"contentUrl\":\"https:\/\/beebipood.ee\/wp-content\/uploads\/2025\/03\/beebipood.ee-logo-1.svg\",\"caption\":\"Beebipood\"},\"image\":{\"@id\":\"https:\/\/beebipood.ee\/ru\/#\/schema\/logo\/image\/\"}}]}<\/script>\n<!-- \/ Yoast SEO plugin. -->","yoast_head_json":{"title":"Thule Urban Glide 3 jalutusk\u00e4ru, Nutria Green, \u0421\u041a\u0418\u0414\u041a\u0418, \u041a\u043e\u043b\u044f\u0441\u043a\u0438, \u041f\u0440\u043e\u0433\u0443\u043b\u043e\u0447\u043d\u044b\u0435 \u043a\u043e\u043b\u044f\u0441\u043a\u0438, THULE, Thule Urban Glide 3, Beebipood","description":"Thule Urban Glide 3 jalutusk\u00e4ru, Nutria Green, Thule Urban Glide 3 on suurep\u00e4rane t\u00e4issuuruses ja v\u00f5imas maastikuk\u00e4ru,&lt;br","robots":{"index":"index","follow":"follow","max-snippet":"max-snippet:-1","max-image-preview":"max-image-preview:large","max-video-preview":"max-video-preview:-1"},"canonical":"https:\/\/beebipood.ee\/ru\/produkt\/thule-urban-glide-3-jalutuskaru-dark-salte-2026\/","og_locale":"ru_RU","og_type":"article","og_title":"Thule Urban Glide 3 jalutusk\u00e4ru, Nutria Green, \u0421\u041a\u0418\u0414\u041a\u0418, \u041a\u043e\u043b\u044f\u0441\u043a\u0438, \u041f\u0440\u043e\u0433\u0443\u043b\u043e\u0447\u043d\u044b\u0435 \u043a\u043e\u043b\u044f\u0441\u043a\u0438, THULE, Thule Urban Glide 3, Beebipood","og_description":"Thule Urban Glide 3 jalutusk\u00e4ru, Nutria Green, Thule Urban Glide 3 on suurep\u00e4rane t\u00e4issuuruses ja v\u00f5imas maastikuk\u00e4ru,&lt;br","og_url":"https:\/\/beebipood.ee\/ru\/produkt\/thule-urban-glide-3-jalutuskaru-dark-salte-2026\/","og_site_name":"Beebipood","og_image":[{"width":1200,"height":1200,"url":"https:\/\/beebipood.ee\/wp-content\/uploads\/2025\/01\/ug3-dark-slate.jpg","type":"image\/jpeg"}],"twitter_card":"summary_large_image","twitter_misc":{"\u041f\u0440\u0438\u043c\u0435\u0440\u043d\u043e\u0435 \u0432\u0440\u0435\u043c\u044f \u0434\u043b\u044f \u0447\u0442\u0435\u043d\u0438\u044f":"2 \u043c\u0438\u043d\u0443\u0442\u044b"},"schema":{"@context":"https:\/\/schema.org","@graph":[{"@type":"WebPage","@id":"https:\/\/beebipood.ee\/ru\/produkt\/thule-urban-glide-3-jalutuskaru-dark-salte-2026\/","url":"https:\/\/beebipood.ee\/ru\/produkt\/thule-urban-glide-3-jalutuskaru-dark-salte-2026\/","name":"Thule Urban Glide 3 jalutusk\u00e4ru, Nutria Green, \u0421\u041a\u0418\u0414\u041a\u0418, \u041a\u043e\u043b\u044f\u0441\u043a\u0438, \u041f\u0440\u043e\u0433\u0443\u043b\u043e\u0447\u043d\u044b\u0435 \u043a\u043e\u043b\u044f\u0441\u043a\u0438, THULE, Thule Urban Glide 3, Beebipood","isPartOf":{"@id":"https:\/\/beebipood.ee\/ru\/#website"},"primaryImageOfPage":{"@id":"https:\/\/beebipood.ee\/ru\/produkt\/thule-urban-glide-3-jalutuskaru-dark-salte-2026\/#primaryimage"},"image":{"@id":"https:\/\/beebipood.ee\/ru\/produkt\/thule-urban-glide-3-jalutuskaru-dark-salte-2026\/#primaryimage"},"thumbnailUrl":"https:\/\/beebipood.ee\/wp-content\/uploads\/2025\/01\/ug3-dark-slate.jpg","datePublished":"2026-02-05T13:10:57+00:00","description":"Thule Urban Glide 3 jalutusk\u00e4ru, Nutria Green, Thule Urban Glide 3 on suurep\u00e4rane t\u00e4issuuruses ja v\u00f5imas maastikuk\u00e4ru,&lt;br","breadcrumb":{"@id":"https:\/\/beebipood.ee\/ru\/produkt\/thule-urban-glide-3-jalutuskaru-dark-salte-2026\/#breadcrumb"},"inLanguage":"ru-RU","potentialAction":[{"@type":"ReadAction","target":["https:\/\/beebipood.ee\/ru\/produkt\/thule-urban-glide-3-jalutuskaru-dark-salte-2026\/"]}]},{"@type":"ImageObject","inLanguage":"ru-RU","@id":"https:\/\/beebipood.ee\/ru\/produkt\/thule-urban-glide-3-jalutuskaru-dark-salte-2026\/#primaryimage","url":"https:\/\/beebipood.ee\/wp-content\/uploads\/2025\/01\/ug3-dark-slate.jpg","contentUrl":"https:\/\/beebipood.ee\/wp-content\/uploads\/2025\/01\/ug3-dark-slate.jpg","width":1200,"height":1200},{"@type":"BreadcrumbList","@id":"https:\/\/beebipood.ee\/ru\/produkt\/thule-urban-glide-3-jalutuskaru-dark-salte-2026\/#breadcrumb","itemListElement":[{"@type":"ListItem","position":1,"name":"Home","item":"https:\/\/beebipood.ee\/ru\/"},{"@type":"ListItem","position":2,"name":"\u041a\u0430\u0442\u0430\u043b\u043e\u0433 \u0442\u043e\u0432\u0430\u0440\u043e\u0432","item":"https:\/\/beebipood.ee\/tooted\/"},{"@type":"ListItem","position":3,"name":"Thule Urban Glide 3 jalutusk\u00e4ru, Dark Salte (2026)"}]},{"@type":"WebSite","@id":"https:\/\/beebipood.ee\/ru\/#website","url":"https:\/\/beebipood.ee\/ru\/","name":"Beebipood","description":"Lastekaubad, beebikaubad, m\u00e4nguasjad","publisher":{"@id":"https:\/\/beebipood.ee\/ru\/#organization"},"potentialAction":[{"@type":"SearchAction","target":{"@type":"EntryPoint","urlTemplate":"https:\/\/beebipood.ee\/ru\/?s={search_term_string}"},"query-input":{"@type":"PropertyValueSpecification","valueRequired":true,"valueName":"search_term_string"}}],"inLanguage":"ru-RU"},{"@type":"Organization","@id":"https:\/\/beebipood.ee\/ru\/#organization","name":"Beebipood","url":"https:\/\/beebipood.ee\/ru\/","logo":{"@type":"ImageObject","inLanguage":"ru-RU","@id":"https:\/\/beebipood.ee\/ru\/#\/schema\/logo\/image\/","url":"https:\/\/beebipood.ee\/wp-content\/uploads\/2025\/03\/beebipood.ee-logo-1.svg","contentUrl":"https:\/\/beebipood.ee\/wp-content\/uploads\/2025\/03\/beebipood.ee-logo-1.svg","caption":"Beebipood"},"image":{"@id":"https:\/\/beebipood.ee\/ru\/#\/schema\/logo\/image\/"}}]}},"brands":[{"id":11980,"name":"THULE","slug":"thule-ru"}],"_links":{"self":[{"href":"https:\/\/beebipood.ee\/ru\/wp-json\/wp\/v2\/product\/455154","targetHints":{"allow":["GET"]}}],"collection":[{"href":"https:\/\/beebipood.ee\/ru\/wp-json\/wp\/v2\/product"}],"about":[{"href":"https:\/\/beebipood.ee\/ru\/wp-json\/wp\/v2\/types\/product"}],"wp:featuredmedia":[{"embeddable":true,"href":"https:\/\/beebipood.ee\/ru\/wp-json\/wp\/v2\/media\/510894"}],"wp:attachment":[{"href":"https:\/\/beebipood.ee\/ru\/wp-json\/wp\/v2\/media?parent=455154"}],"wp:term":[{"taxonomy":"pwb-brand","embeddable":true,"href":"https:\/\/beebipood.ee\/ru\/wp-json\/wp\/v2\/pwb-brand?post=455154"},{"taxonomy":"product_brand","embeddable":true,"href":"https:\/\/beebipood.ee\/ru\/wp-json\/wp\/v2\/product_brand?post=455154"},{"taxonomy":"product_cat","embeddable":true,"href":"https:\/\/beebipood.ee\/ru\/wp-json\/wp\/v2\/product_cat?post=455154"},{"taxonomy":"product_tag","embeddable":true,"href":"https:\/\/beebipood.ee\/ru\/wp-json\/wp\/v2\/product_tag?post=455154"}],"curies":[{"name":"wp","href":"https:\/\/api.w.org\/{rel}","templated":true}]}}