{"id":455156,"date":"2014-03-04T18:13:51","date_gmt":"2014-03-04T16:13:51","guid":{"rendered":"https:\/\/beebipood.ee\/toode\/muuvo-quick-boho-jalutuskaru-2in1-beige\/"},"modified":"2025-03-31T01:00:47","modified_gmt":"2025-03-30T22:00:47","slug":"muuvo-quick-boho-jalutuskaru-2in1-beige","status":"publish","type":"product","link":"https:\/\/beebipood.ee\/ru\/produkt\/muuvo-quick-boho-jalutuskaru-2in1-beige\/","title":{"rendered":"Muuvo Quick Boho jalutusk\u00e4ru 2in1, Beige"},"content":{"rendered":"<p>Muuvo Quick Boho on moodne ja elegantne 2in1 jalutusk\u00e4ru.<br \/>Quick Boho on Muuvo enimm\u00fc\u00fcdud jalutusk\u00e4ru mudeli k\u00f5ige elegantsem ja originaalsem versioon, <br \/>mis sobib ideaalselt hetke trendidega. <br \/>Bee\u017e kangas koos minimalistlike boho-stiilis elementidega loob veetleva efekti, <br \/>mis rahuldab kahtlemata k\u00f5iki lapsevanemaid, kellele meeldivad vaoshoitud v\u00e4rvid. <br \/>Tervikut t\u00e4iendab pilkup\u00fc\u00fcdev, mattkuldne raam, <br \/>mis suurendab veelgi Muuvo jalutusk\u00e4ru visuaalset eksklusiivsust. <br \/>Lisaks kaasaegseid trende j\u00e4rgivale disainile pakub Muuvo Quick Boho mitmeid lahendusi,<br \/>mis on mugavad nii lapsele kui vanemale.<\/p>\n<p>Muuvo Quick Boho jalutusk\u00e4ru k\u00e4ib kokku lihtsalt ja v\u00e4ga kompaktseks<br \/>Stabiilse konstruktsiooniga alumiiniumist raam<br \/>Quick Boho jalutusk\u00e4ru on \u00fche k\u00e4ega kokkuklapitav<br \/>Quick Boho on istmega koos kokkuklapitav m\u00f5lemat pidi<br \/>\u00d6ko-nahaga kaetud k\u00e4epid, mis on maitsekalt kujundatud \u00f5mblustega<br \/>Reguleeritava k\u00f5rgusega l\u00fckkesang (teleskoop 90 &#8212; 110 cm)<br \/>MuuvoQuick Boho istumisosa on asetatav m\u00f5lemasse s\u00f5idusuunda<br \/>Polsterdatud 5-punkti turvarihmad<br \/>5-punkti turvarihmad on magnetlukuga, mis muudab nende kinnitamise lihtsaks ja mugavaks<br \/>Uudne Up To You s\u00fcsteem t\u00e4nu millele kasvab jalutusk\u00e4ru koos lapsega<br \/>ning v\u00f5imaldab j\u00e4rk-j\u00e4rgult reguleerida kaarvarju, rihmade ja seljatoe k\u00f5rgust.<br \/>Muuvo Quick Boho on varustatud perforatsiooni s\u00fcsteemiga<br \/>ning istumisosa on rikastatud seljatoe kangasse paigutatud t\u00e4iendavate tuulutuselementidega.<br \/>Allalastav seljatugi (3 asendit)<br \/>Seljatuge on v\u00f5imalik alla lasta, moodustades horisontaalse tasapinna 100cm<br \/>Lai iste<br \/>Eemaldatav turvakaar (turvakaar on jalutusk\u00e4ruga komlektis)<br \/>M\u00f5lemale poole avanev turvakaar<br \/>Reguleeritav jalgade tugi ei j\u00e4ta magava lapse jalgu rippuma \u2013 lapsel on mugavam magada<br \/>Libisemiskindla pinnaga jalatugi<br \/>Jalgatoe alumine osa kaetud nahaga, et kangas ei m\u00e4\u00e4rduks<br \/>T\u00e4ielikult etteulatuv kaarvari<br \/>Juba niigi s\u00fcgavat \u201eExpanda\u201c kaarvarju v\u00f5ib vajadusel veelgi<br \/>pikendada \u00fche sektsiooni v\u00f5rra t\u00f5mbeluku avamisel<br \/>Jalaga seisupidur<br \/>Pehmed torkekindlad kummirattad, mis on t\u00e4idetud geeliga<br \/>Rataste suurus: ees 18,1cm ja taga 29,3cm<br \/>K\u00f5igil neljal rattal on vedrustus<br \/>Esimesed rattad fikseeritavad<br \/>K\u00f5ik kiireemaldatavad rattad<br \/>Mahkukas kinnine kaubakorv (avatav luku ja magnetiga)<br \/>Kasutatud on premium kangast, mis on vastupidav, vetth\u00fclgav ja UV kindel (UV 50)<br \/>Uuenenud premium kangal on ka mustust h\u00fclgav omadus<br \/><span style=\"text-decoration: underline;\">Komplektis on:<\/span><br \/>Beebisisu<br \/>Riidest soe jalgakott (footmuff)<br \/>Vihmakile<br \/>S\u00e4\u00e4sev\u00f5rk<br \/>Stiilne ja moekas beebitarvikute kott<br \/>T\u00e4iendav v\u00e4ike kott mobiiltelefoni jaoks<br \/><span style=\"text-decoration: underline;\">Spetsifikatsioonid:<\/span><br \/>Avatuna: Pikkus 98cm, Laius 58cm, k\u00f5rgus 105cm<br \/>Kokkuklapituna: Pikkus 59cm, Laius 58cm, k\u00f5rgus 33cm<br \/>Sisemised m\u00f5\u00f5dud istmel: Istme laius 33cm, seljatoe k\u00f5rgus 51-59cm<br \/>Kaal koos ratastega ja istumisosaga : 10,85kg<br \/>Vanuser\u00fchmast alates: 0+<br \/>Kandev\u00f5ime: 22 kg<\/p>\n<p><span style=\"text-decoration: underline;\">Muuvo Quick Boho vankrikorv XXL.<\/span><br \/>Quick Boho vankrikorv on kerge kaaluga (4,0kg).<br \/>Alumiiniumist raam.<br \/>Korvis on piisavalt ruumi beebile magamiseks (laius 34cm pikkus 78cm).<br \/>Vankrikorvi on mugav \u00fche k\u00e4ega t\u00f5sta.<br \/>Kasutamiseks alates s\u00fcnnist kuni vanuseni ca. 6-7 kuud.<br \/>Juba niigi s\u00fcgavat kaarvarju v\u00f5ib vajadusel veelgi<br \/>pikendada \u00fche sektsiooni v\u00f5rra t\u00f5mbeluku avamisel.<br \/>Kaarvarju sisse on installitud s\u00e4\u00e4sev\u00f5rk<br \/>Kaarvarju k\u00fclge saab kinnitada ka p\u00e4ikesevarju (komplektis).<br \/>Puuvillase kangaga polsterdatud vankrikorvi sisemus.<br \/>Memory Buttons s\u00fcsteemiga avatavad adapterid,<br \/>mis tagavad igap\u00e4evase kasutamise mugavuse<br \/>t\u00e4nu millele saab vankrikorv \u00fche k\u00e4ega lahti \u00fchendada.<br \/>Vankrikorvi k\u00f5gust k\u00e4ru raamil saab reguleerida<br \/>komplektis olevate on lisa adapteritega (2 k\u00f5rgust).<br \/>Kasutatud on premium kangast, mis on vastupidav, vetth\u00fclgav ja UV kindel (UV 50).<br \/>Premium kangal on ka mustust h\u00fclgav omadus.<br \/>Kangal on kasutatud &#171;hot press lines&#187; tehnoloogiat (limiteeritud \u00f5mbluste arv).<br \/>&#8216;Kandesang<br \/>&#8216;Kaarvari \u00f5hutusavaga<br \/>&#8216;3D Airflow \u00f5hutuss\u00fcsteem<br \/>&#8216;Pehme vooder ja m\u00e4luvaht madrats<br \/>&#8216;Kokkupandav transpordiks<br \/>&#8216;Jalgadekate<br \/>&#8216;S\u00e4\u00e4sev\u00f5rk<br \/>&#8216;P\u00e4ikesevari<br \/><span style=\"text-decoration: underline;\">Spetsifikatsioonid:<\/span><br \/>Vankrikorvi m\u00f5\u00f5dud: Pikkus 87cm (seest 79,5cm), Laius 47cm (seest 38cm), K\u00f5rgus 65cm<br \/>Vankrikorvi kaal: 4kg<br \/>Vanuser\u00fchma alates: 0+ kuni 9kg<\/p>\n","protected":false},"excerpt":{"rendered":"<p>Muuvo Quick Boho on moodne ja elegantne 2in1 jalutusk\u00e4ru.Quick Boho on Muuvo enimm\u00fc\u00fcdud jalutusk\u00e4ru mudeli k\u00f5ige elegantsem ja originaalsem versioon, mis sobib ideaalselt hetke trendidega. Bee\u017e kangas koos minimalistlike boho-stiilis elementidega loob veetleva efekti, mis rahuldab kahtlemata k\u00f5iki lapsevanemaid, kellele meeldivad vaoshoitud v\u00e4rvid. Tervikut t\u00e4iendab pilkup\u00fc\u00fcdev, mattkuldne raam, mis suurendab veelgi Muuvo jalutusk\u00e4ru visuaalset eksklusiivsust. [&hellip;]<\/p>\n","protected":false},"featured_media":102754,"template":"","meta":{"_acf_changed":false},"pwb-brand":[11964],"product_brand":[],"product_cat":[11573,11925,11721,11889,11717],"product_tag":[],"class_list":{"0":"post-455156","1":"product","2":"type-product","3":"status-publish","4":"has-post-thumbnail","6":"pwb-brand-muuvo-ru","7":"product_cat-sooduspakkumised-ru","8":"product_cat-muuvo-quick-boho-ru","9":"product_cat-jalutuskarud-ru","10":"product_cat-muuvo-ru","11":"product_cat-lastevankrid-ja-karud-ru","12":"pa_manufacturer-muuvo-ru","14":"first","15":"onbackorder","16":"sale","17":"taxable","18":"shipping-taxable","19":"purchasable","20":"product-type-simple"},"exclude_global_add_ons":[],"addons":[],"acf":[],"yoast_head":"<!-- This site is optimized with the Yoast SEO plugin v27.1.1 - https:\/\/yoast.com\/product\/yoast-seo-wordpress\/ -->\n<title>Muuvo Quick Boho jalutusk\u00e4ru 2in1, Beige, \u0421\u041a\u0418\u0414\u041a\u0418, \u041a\u043e\u043b\u044f\u0441\u043a\u0438, \u041f\u0440\u043e\u0433\u0443\u043b\u043e\u0447\u043d\u044b\u0435 \u043a\u043e\u043b\u044f\u0441\u043a\u0438, Muuvo, Muuvo Quick Boho, Beebipood<\/title>\n<meta name=\"description\" content=\"Muuvo Quick Boho jalutusk\u00e4ru 2in1, Beige, Muuvo Quick Boho on moodne ja elegantne 2in1 jalutusk&auml;ru.Quick Boho on Muuvo enimm&uuml;&uuml;dud jalut\" \/>\n<meta name=\"robots\" content=\"index, follow, max-snippet:-1, max-image-preview:large, max-video-preview:-1\" \/>\n<link rel=\"canonical\" href=\"https:\/\/beebipood.ee\/ru\/produkt\/muuvo-quick-boho-jalutuskaru-2in1-beige\/\" \/>\n<meta property=\"og:locale\" content=\"ru_RU\" \/>\n<meta property=\"og:type\" content=\"article\" \/>\n<meta property=\"og:title\" content=\"Muuvo Quick Boho jalutusk\u00e4ru 2in1, Beige, \u0421\u041a\u0418\u0414\u041a\u0418, \u041a\u043e\u043b\u044f\u0441\u043a\u0438, \u041f\u0440\u043e\u0433\u0443\u043b\u043e\u0447\u043d\u044b\u0435 \u043a\u043e\u043b\u044f\u0441\u043a\u0438, Muuvo, Muuvo Quick Boho, Beebipood\" \/>\n<meta property=\"og:description\" content=\"Muuvo Quick Boho jalutusk\u00e4ru 2in1, Beige, Muuvo Quick Boho on moodne ja elegantne 2in1 jalutusk&auml;ru.Quick Boho on Muuvo enimm&uuml;&uuml;dud jalut\" \/>\n<meta property=\"og:url\" content=\"https:\/\/beebipood.ee\/ru\/produkt\/muuvo-quick-boho-jalutuskaru-2in1-beige\/\" \/>\n<meta property=\"og:site_name\" content=\"Beebipood\" \/>\n<meta property=\"article:modified_time\" content=\"2025-03-30T22:00:47+00:00\" \/>\n<meta property=\"og:image\" content=\"https:\/\/beebipood.ee\/wp-content\/uploads\/2014\/03\/Muuvo-Quick-Boho-jalutuskaru-2in1-Beige-UUED-TOOTED-Lastevankrid-ja-karud-Jalutuskarud-Muuvo-Muuvo-Quick-Boho_2-bf4-scaled.jpg\" \/>\n\t<meta property=\"og:image:width\" content=\"2560\" \/>\n\t<meta property=\"og:image:height\" content=\"2107\" \/>\n\t<meta property=\"og:image:type\" content=\"image\/jpeg\" \/>\n<meta name=\"twitter:card\" content=\"summary_large_image\" \/>\n<meta name=\"twitter:label1\" content=\"\u041f\u0440\u0438\u043c\u0435\u0440\u043d\u043e\u0435 \u0432\u0440\u0435\u043c\u044f \u0434\u043b\u044f \u0447\u0442\u0435\u043d\u0438\u044f\" \/>\n\t<meta name=\"twitter:data1\" content=\"3 \u043c\u0438\u043d\u0443\u0442\u044b\" \/>\n<script type=\"application\/ld+json\" class=\"yoast-schema-graph\">{\"@context\":\"https:\/\/schema.org\",\"@graph\":[{\"@type\":\"WebPage\",\"@id\":\"https:\/\/beebipood.ee\/ru\/produkt\/muuvo-quick-boho-jalutuskaru-2in1-beige\/\",\"url\":\"https:\/\/beebipood.ee\/ru\/produkt\/muuvo-quick-boho-jalutuskaru-2in1-beige\/\",\"name\":\"Muuvo Quick Boho jalutusk\u00e4ru 2in1, Beige, \u0421\u041a\u0418\u0414\u041a\u0418, \u041a\u043e\u043b\u044f\u0441\u043a\u0438, \u041f\u0440\u043e\u0433\u0443\u043b\u043e\u0447\u043d\u044b\u0435 \u043a\u043e\u043b\u044f\u0441\u043a\u0438, Muuvo, Muuvo Quick Boho, Beebipood\",\"isPartOf\":{\"@id\":\"https:\/\/beebipood.ee\/ru\/#website\"},\"primaryImageOfPage\":{\"@id\":\"https:\/\/beebipood.ee\/ru\/produkt\/muuvo-quick-boho-jalutuskaru-2in1-beige\/#primaryimage\"},\"image\":{\"@id\":\"https:\/\/beebipood.ee\/ru\/produkt\/muuvo-quick-boho-jalutuskaru-2in1-beige\/#primaryimage\"},\"thumbnailUrl\":\"https:\/\/beebipood.ee\/wp-content\/uploads\/2014\/03\/Muuvo-Quick-Boho-jalutuskaru-2in1-Beige-UUED-TOOTED-Lastevankrid-ja-karud-Jalutuskarud-Muuvo-Muuvo-Quick-Boho_2-bf4-scaled.jpg\",\"datePublished\":\"2014-03-04T16:13:51+00:00\",\"dateModified\":\"2025-03-30T22:00:47+00:00\",\"description\":\"Muuvo Quick Boho jalutusk\u00e4ru 2in1, Beige, Muuvo Quick Boho on moodne ja elegantne 2in1 jalutusk&auml;ru.Quick Boho on Muuvo enimm&uuml;&uuml;dud jalut\",\"breadcrumb\":{\"@id\":\"https:\/\/beebipood.ee\/ru\/produkt\/muuvo-quick-boho-jalutuskaru-2in1-beige\/#breadcrumb\"},\"inLanguage\":\"ru-RU\",\"potentialAction\":[{\"@type\":\"ReadAction\",\"target\":[\"https:\/\/beebipood.ee\/ru\/produkt\/muuvo-quick-boho-jalutuskaru-2in1-beige\/\"]}]},{\"@type\":\"ImageObject\",\"inLanguage\":\"ru-RU\",\"@id\":\"https:\/\/beebipood.ee\/ru\/produkt\/muuvo-quick-boho-jalutuskaru-2in1-beige\/#primaryimage\",\"url\":\"https:\/\/beebipood.ee\/wp-content\/uploads\/2014\/03\/Muuvo-Quick-Boho-jalutuskaru-2in1-Beige-UUED-TOOTED-Lastevankrid-ja-karud-Jalutuskarud-Muuvo-Muuvo-Quick-Boho_2-bf4-scaled.jpg\",\"contentUrl\":\"https:\/\/beebipood.ee\/wp-content\/uploads\/2014\/03\/Muuvo-Quick-Boho-jalutuskaru-2in1-Beige-UUED-TOOTED-Lastevankrid-ja-karud-Jalutuskarud-Muuvo-Muuvo-Quick-Boho_2-bf4-scaled.jpg\",\"width\":2560,\"height\":2107},{\"@type\":\"BreadcrumbList\",\"@id\":\"https:\/\/beebipood.ee\/ru\/produkt\/muuvo-quick-boho-jalutuskaru-2in1-beige\/#breadcrumb\",\"itemListElement\":[{\"@type\":\"ListItem\",\"position\":1,\"name\":\"Home\",\"item\":\"https:\/\/beebipood.ee\/ru\/\"},{\"@type\":\"ListItem\",\"position\":2,\"name\":\"\u041a\u0430\u0442\u0430\u043b\u043e\u0433 \u0442\u043e\u0432\u0430\u0440\u043e\u0432\",\"item\":\"https:\/\/beebipood.ee\/tooted\/\"},{\"@type\":\"ListItem\",\"position\":3,\"name\":\"Muuvo Quick Boho jalutusk\u00e4ru 2in1, Beige\"}]},{\"@type\":\"WebSite\",\"@id\":\"https:\/\/beebipood.ee\/ru\/#website\",\"url\":\"https:\/\/beebipood.ee\/ru\/\",\"name\":\"Beebipood\",\"description\":\"Lastekaubad, beebikaubad, m\u00e4nguasjad\",\"publisher\":{\"@id\":\"https:\/\/beebipood.ee\/ru\/#organization\"},\"potentialAction\":[{\"@type\":\"SearchAction\",\"target\":{\"@type\":\"EntryPoint\",\"urlTemplate\":\"https:\/\/beebipood.ee\/ru\/?s={search_term_string}\"},\"query-input\":{\"@type\":\"PropertyValueSpecification\",\"valueRequired\":true,\"valueName\":\"search_term_string\"}}],\"inLanguage\":\"ru-RU\"},{\"@type\":\"Organization\",\"@id\":\"https:\/\/beebipood.ee\/ru\/#organization\",\"name\":\"Beebipood\",\"url\":\"https:\/\/beebipood.ee\/ru\/\",\"logo\":{\"@type\":\"ImageObject\",\"inLanguage\":\"ru-RU\",\"@id\":\"https:\/\/beebipood.ee\/ru\/#\/schema\/logo\/image\/\",\"url\":\"https:\/\/beebipood.ee\/wp-content\/uploads\/2025\/03\/beebipood.ee-logo-1.svg\",\"contentUrl\":\"https:\/\/beebipood.ee\/wp-content\/uploads\/2025\/03\/beebipood.ee-logo-1.svg\",\"caption\":\"Beebipood\"},\"image\":{\"@id\":\"https:\/\/beebipood.ee\/ru\/#\/schema\/logo\/image\/\"}}]}<\/script>\n<!-- \/ Yoast SEO plugin. -->","yoast_head_json":{"title":"Muuvo Quick Boho jalutusk\u00e4ru 2in1, Beige, \u0421\u041a\u0418\u0414\u041a\u0418, \u041a\u043e\u043b\u044f\u0441\u043a\u0438, \u041f\u0440\u043e\u0433\u0443\u043b\u043e\u0447\u043d\u044b\u0435 \u043a\u043e\u043b\u044f\u0441\u043a\u0438, Muuvo, Muuvo Quick Boho, Beebipood","description":"Muuvo Quick Boho jalutusk\u00e4ru 2in1, Beige, Muuvo Quick Boho on moodne ja elegantne 2in1 jalutusk&auml;ru.Quick Boho on Muuvo enimm&uuml;&uuml;dud jalut","robots":{"index":"index","follow":"follow","max-snippet":"max-snippet:-1","max-image-preview":"max-image-preview:large","max-video-preview":"max-video-preview:-1"},"canonical":"https:\/\/beebipood.ee\/ru\/produkt\/muuvo-quick-boho-jalutuskaru-2in1-beige\/","og_locale":"ru_RU","og_type":"article","og_title":"Muuvo Quick Boho jalutusk\u00e4ru 2in1, Beige, \u0421\u041a\u0418\u0414\u041a\u0418, \u041a\u043e\u043b\u044f\u0441\u043a\u0438, \u041f\u0440\u043e\u0433\u0443\u043b\u043e\u0447\u043d\u044b\u0435 \u043a\u043e\u043b\u044f\u0441\u043a\u0438, Muuvo, Muuvo Quick Boho, Beebipood","og_description":"Muuvo Quick Boho jalutusk\u00e4ru 2in1, Beige, Muuvo Quick Boho on moodne ja elegantne 2in1 jalutusk&auml;ru.Quick Boho on Muuvo enimm&uuml;&uuml;dud jalut","og_url":"https:\/\/beebipood.ee\/ru\/produkt\/muuvo-quick-boho-jalutuskaru-2in1-beige\/","og_site_name":"Beebipood","article_modified_time":"2025-03-30T22:00:47+00:00","og_image":[{"width":2560,"height":2107,"url":"https:\/\/beebipood.ee\/wp-content\/uploads\/2014\/03\/Muuvo-Quick-Boho-jalutuskaru-2in1-Beige-UUED-TOOTED-Lastevankrid-ja-karud-Jalutuskarud-Muuvo-Muuvo-Quick-Boho_2-bf4-scaled.jpg","type":"image\/jpeg"}],"twitter_card":"summary_large_image","twitter_misc":{"\u041f\u0440\u0438\u043c\u0435\u0440\u043d\u043e\u0435 \u0432\u0440\u0435\u043c\u044f \u0434\u043b\u044f \u0447\u0442\u0435\u043d\u0438\u044f":"3 \u043c\u0438\u043d\u0443\u0442\u044b"},"schema":{"@context":"https:\/\/schema.org","@graph":[{"@type":"WebPage","@id":"https:\/\/beebipood.ee\/ru\/produkt\/muuvo-quick-boho-jalutuskaru-2in1-beige\/","url":"https:\/\/beebipood.ee\/ru\/produkt\/muuvo-quick-boho-jalutuskaru-2in1-beige\/","name":"Muuvo Quick Boho jalutusk\u00e4ru 2in1, Beige, \u0421\u041a\u0418\u0414\u041a\u0418, \u041a\u043e\u043b\u044f\u0441\u043a\u0438, \u041f\u0440\u043e\u0433\u0443\u043b\u043e\u0447\u043d\u044b\u0435 \u043a\u043e\u043b\u044f\u0441\u043a\u0438, Muuvo, Muuvo Quick Boho, Beebipood","isPartOf":{"@id":"https:\/\/beebipood.ee\/ru\/#website"},"primaryImageOfPage":{"@id":"https:\/\/beebipood.ee\/ru\/produkt\/muuvo-quick-boho-jalutuskaru-2in1-beige\/#primaryimage"},"image":{"@id":"https:\/\/beebipood.ee\/ru\/produkt\/muuvo-quick-boho-jalutuskaru-2in1-beige\/#primaryimage"},"thumbnailUrl":"https:\/\/beebipood.ee\/wp-content\/uploads\/2014\/03\/Muuvo-Quick-Boho-jalutuskaru-2in1-Beige-UUED-TOOTED-Lastevankrid-ja-karud-Jalutuskarud-Muuvo-Muuvo-Quick-Boho_2-bf4-scaled.jpg","datePublished":"2014-03-04T16:13:51+00:00","dateModified":"2025-03-30T22:00:47+00:00","description":"Muuvo Quick Boho jalutusk\u00e4ru 2in1, Beige, Muuvo Quick Boho on moodne ja elegantne 2in1 jalutusk&auml;ru.Quick Boho on Muuvo enimm&uuml;&uuml;dud jalut","breadcrumb":{"@id":"https:\/\/beebipood.ee\/ru\/produkt\/muuvo-quick-boho-jalutuskaru-2in1-beige\/#breadcrumb"},"inLanguage":"ru-RU","potentialAction":[{"@type":"ReadAction","target":["https:\/\/beebipood.ee\/ru\/produkt\/muuvo-quick-boho-jalutuskaru-2in1-beige\/"]}]},{"@type":"ImageObject","inLanguage":"ru-RU","@id":"https:\/\/beebipood.ee\/ru\/produkt\/muuvo-quick-boho-jalutuskaru-2in1-beige\/#primaryimage","url":"https:\/\/beebipood.ee\/wp-content\/uploads\/2014\/03\/Muuvo-Quick-Boho-jalutuskaru-2in1-Beige-UUED-TOOTED-Lastevankrid-ja-karud-Jalutuskarud-Muuvo-Muuvo-Quick-Boho_2-bf4-scaled.jpg","contentUrl":"https:\/\/beebipood.ee\/wp-content\/uploads\/2014\/03\/Muuvo-Quick-Boho-jalutuskaru-2in1-Beige-UUED-TOOTED-Lastevankrid-ja-karud-Jalutuskarud-Muuvo-Muuvo-Quick-Boho_2-bf4-scaled.jpg","width":2560,"height":2107},{"@type":"BreadcrumbList","@id":"https:\/\/beebipood.ee\/ru\/produkt\/muuvo-quick-boho-jalutuskaru-2in1-beige\/#breadcrumb","itemListElement":[{"@type":"ListItem","position":1,"name":"Home","item":"https:\/\/beebipood.ee\/ru\/"},{"@type":"ListItem","position":2,"name":"\u041a\u0430\u0442\u0430\u043b\u043e\u0433 \u0442\u043e\u0432\u0430\u0440\u043e\u0432","item":"https:\/\/beebipood.ee\/tooted\/"},{"@type":"ListItem","position":3,"name":"Muuvo Quick Boho jalutusk\u00e4ru 2in1, Beige"}]},{"@type":"WebSite","@id":"https:\/\/beebipood.ee\/ru\/#website","url":"https:\/\/beebipood.ee\/ru\/","name":"Beebipood","description":"Lastekaubad, beebikaubad, m\u00e4nguasjad","publisher":{"@id":"https:\/\/beebipood.ee\/ru\/#organization"},"potentialAction":[{"@type":"SearchAction","target":{"@type":"EntryPoint","urlTemplate":"https:\/\/beebipood.ee\/ru\/?s={search_term_string}"},"query-input":{"@type":"PropertyValueSpecification","valueRequired":true,"valueName":"search_term_string"}}],"inLanguage":"ru-RU"},{"@type":"Organization","@id":"https:\/\/beebipood.ee\/ru\/#organization","name":"Beebipood","url":"https:\/\/beebipood.ee\/ru\/","logo":{"@type":"ImageObject","inLanguage":"ru-RU","@id":"https:\/\/beebipood.ee\/ru\/#\/schema\/logo\/image\/","url":"https:\/\/beebipood.ee\/wp-content\/uploads\/2025\/03\/beebipood.ee-logo-1.svg","contentUrl":"https:\/\/beebipood.ee\/wp-content\/uploads\/2025\/03\/beebipood.ee-logo-1.svg","caption":"Beebipood"},"image":{"@id":"https:\/\/beebipood.ee\/ru\/#\/schema\/logo\/image\/"}}]}},"brands":[{"id":11964,"name":"Muuvo","slug":"muuvo-ru"}],"_links":{"self":[{"href":"https:\/\/beebipood.ee\/ru\/wp-json\/wp\/v2\/product\/455156","targetHints":{"allow":["GET"]}}],"collection":[{"href":"https:\/\/beebipood.ee\/ru\/wp-json\/wp\/v2\/product"}],"about":[{"href":"https:\/\/beebipood.ee\/ru\/wp-json\/wp\/v2\/types\/product"}],"wp:featuredmedia":[{"embeddable":true,"href":"https:\/\/beebipood.ee\/ru\/wp-json\/wp\/v2\/media\/102754"}],"wp:attachment":[{"href":"https:\/\/beebipood.ee\/ru\/wp-json\/wp\/v2\/media?parent=455156"}],"wp:term":[{"taxonomy":"pwb-brand","embeddable":true,"href":"https:\/\/beebipood.ee\/ru\/wp-json\/wp\/v2\/pwb-brand?post=455156"},{"taxonomy":"product_brand","embeddable":true,"href":"https:\/\/beebipood.ee\/ru\/wp-json\/wp\/v2\/product_brand?post=455156"},{"taxonomy":"product_cat","embeddable":true,"href":"https:\/\/beebipood.ee\/ru\/wp-json\/wp\/v2\/product_cat?post=455156"},{"taxonomy":"product_tag","embeddable":true,"href":"https:\/\/beebipood.ee\/ru\/wp-json\/wp\/v2\/product_tag?post=455156"}],"curies":[{"name":"wp","href":"https:\/\/api.w.org\/{rel}","templated":true}]}}