{"id":455160,"date":"2025-01-04T18:18:11","date_gmt":"2025-01-04T16:18:11","guid":{"rendered":"https:\/\/beebipood.ee\/toode\/thule-urban-glide-3-jalutuskaru-komplekt-2-in-1-black-black\/"},"modified":"2026-02-05T14:42:14","modified_gmt":"2026-02-05T12:42:14","slug":"thule-urban-glide-3-jalutuskaru-komplekt-2-in-1-black-black","status":"publish","type":"product","link":"https:\/\/beebipood.ee\/ru\/produkt\/thule-urban-glide-3-jalutuskaru-komplekt-2-in-1-black-black\/","title":{"rendered":"Thule Urban Glide 3 jalutusk\u00e4ru komplekt 2 in 1, Black\/Black (2025)"},"content":{"rendered":"<p data-start=\"153\" data-end=\"244\"><strong data-start=\"153\" data-end=\"242\">Thule Urban Glide 3 \u2013 T\u00e4issuuruses ja v\u00f5imas maastikuk\u00e4ru aktiivsetele perevanematele<\/strong><\/p>\n<p data-start=\"246\" data-end=\"488\">Thule Urban Glide 3 on ideaalne k\u00e4ru nii linnas jalutamiseks kui ka maastikuseiklusteks. See t\u00e4issuuruses ja v\u00f5imas maastikuk\u00e4ru sobib h\u00e4sti nii vasts\u00fcndinutele kui ka v\u00e4ikelastele, pakkudes neile kogu p\u00e4eva jooksul mugavust ja turvalisust.<\/p>\n<p data-start=\"490\" data-end=\"532\"><strong data-start=\"490\" data-end=\"530\">Mugavus ja praktilisus igap\u00e4evaeluks<\/strong><\/p>\n<ul data-start=\"533\" data-end=\"1008\">\n<li data-start=\"533\" data-end=\"664\">\n<p data-start=\"535\" data-end=\"664\">Reguleeritava seljatoe ja sisseehitatud jalatoega mugav iste tagab lapsele t\u00e4ieliku l\u00f5\u00f5gastuse nii vaatamiseks kui ka uinakuks.<\/p>\n<\/li>\n<li data-start=\"665\" data-end=\"766\">\n<p data-start=\"667\" data-end=\"766\">T\u00e4ielikult kattev kaarvari \u00f5hutusavadega kaitseb last p\u00e4ikese eest ja v\u00f5imaldab head \u00f5huringlust.<\/p>\n<\/li>\n<li data-start=\"767\" data-end=\"874\">\n<p data-start=\"769\" data-end=\"874\">5-punktilised polsterdatud turvarihmad koos magnetilise pandlaga tagavad lihtsa ja turvalise kinnituse.<\/p>\n<\/li>\n<li data-start=\"875\" data-end=\"1008\">\n<p data-start=\"877\" data-end=\"1008\">Suur t\u00f5mblukuga pagasikorv, v\u00f5rktaskud ja sn\u00e4kkidele m\u00f5eldud sahtlid annavad piisavalt ruumi k\u00f5ikide igap\u00e4evaste tarvikute jaoks.<\/p>\n<\/li>\n<\/ul>\n<p data-start=\"1010\" data-end=\"1054\"><strong data-start=\"1010\" data-end=\"1052\">Sujuv ja turvaline s\u00f5it igal maastikul<\/strong><\/p>\n<ul data-start=\"1055\" data-end=\"1500\">\n<li data-start=\"1055\" data-end=\"1189\">\n<p data-start=\"1057\" data-end=\"1189\">\u00d5huga t\u00e4idetud suured 16-tollised rattad ja kerge vedrustus tagavad laitmatu man\u00f6\u00f6verdusv\u00f5ime nii linnat\u00e4navatel kui metsaradadel.<\/p>\n<\/li>\n<li data-start=\"1190\" data-end=\"1300\">\n<p data-start=\"1192\" data-end=\"1300\">P\u00f6\u00f6ratav esiratas h\u00f5lbustab man\u00f6\u00f6verdamist rahvarohketes kohtades ja selle saab kiireks s\u00f5iduks lukustada.<\/p>\n<\/li>\n<li data-start=\"1301\" data-end=\"1414\">\n<p data-start=\"1303\" data-end=\"1414\">Integreeritud p\u00f6\u00f6ratav k\u00e4sipidur v\u00f5imaldab kiirust t\u00e4pselt reguleerida nii asfaldil kui ka m\u00e4gisel maastikul.<\/p>\n<\/li>\n<li data-start=\"1415\" data-end=\"1500\">\n<p data-start=\"1417\" data-end=\"1500\">Kaarvari ja rataste peegeldavad detailid parandavad n\u00e4htavust ja ohutust h\u00e4maras.<\/p>\n<\/li>\n<\/ul>\n<p data-start=\"1502\" data-end=\"1539\"><strong data-start=\"1502\" data-end=\"1537\">Lihtne hoiustamine ja transport<\/strong><\/p>\n<ul data-start=\"1540\" data-end=\"1718\">\n<li data-start=\"1540\" data-end=\"1645\">\n<p data-start=\"1542\" data-end=\"1645\">\u00dche k\u00e4ega kokkupandav ja p\u00fcsti seisma j\u00e4\u00e4v disain teeb hoiustamise ja autosse mahutamise imelihtsaks.<\/p>\n<\/li>\n<li data-start=\"1646\" data-end=\"1718\">\n<p data-start=\"1648\" data-end=\"1718\">Ergonoomiline reguleeritav l\u00fckkesang tagab vanemale mugava kasutuse.<\/p>\n<\/li>\n<\/ul>\n<p data-start=\"1720\" data-end=\"1743\"><strong data-start=\"1720\" data-end=\"1741\">Tehnilised andmed<\/strong><\/p>\n<ul data-start=\"1744\" data-end=\"1954\">\n<li data-start=\"1744\" data-end=\"1777\">\n<p data-start=\"1746\" data-end=\"1777\">Jalutusk\u00e4ru kandev\u00f5ime: 34 kg<\/p>\n<\/li>\n<li data-start=\"1778\" data-end=\"1798\">\n<p data-start=\"1780\" data-end=\"1798\">Pagasikorv: 7 kg<\/p>\n<\/li>\n<li data-start=\"1799\" data-end=\"1832\">\n<p data-start=\"1801\" data-end=\"1832\">Lapse maksimaalne kaal: 22 kg<\/p>\n<\/li>\n<li data-start=\"1833\" data-end=\"1855\">\n<p data-start=\"1835\" data-end=\"1855\">K\u00e4ru kaal: 11,9 kg<\/p>\n<\/li>\n<li data-start=\"1856\" data-end=\"1917\">\n<p data-start=\"1858\" data-end=\"1917\">Avatult: 123 x 69 x 115 cm, kokkupandult: 88 x 58 x 31 cm<\/p>\n<\/li>\n<li data-start=\"1918\" data-end=\"1954\">\n<p data-start=\"1920\" data-end=\"1954\">Istmek\u00f5rgus: 51 cm, laius: 69 cm<\/p>\n<\/li>\n<\/ul>\n<hr data-start=\"1956\" data-end=\"1959\" \/>\n<p data-start=\"1961\" data-end=\"2019\"><strong data-start=\"1961\" data-end=\"2017\">Thule vankrikorv \u2013 ideaalne lahendus vasts\u00fcndinutele<\/strong><\/p>\n<p data-start=\"2021\" data-end=\"2171\">Muuda Thule Urban Glide 3 hetkega mugavaks lapsevankriks! Sobib 0\u20136 kuu vanustele imikutele ning pakub kogu jalutusk\u00e4igu ajal maksimaalset mugavust.<\/p>\n<p data-start=\"2173\" data-end=\"2200\"><strong data-start=\"2173\" data-end=\"2198\">Mugavus ja turvalisus<\/strong><\/p>\n<ul data-start=\"2201\" data-end=\"2425\">\n<li data-start=\"2201\" data-end=\"2314\">\n<p data-start=\"2203\" data-end=\"2314\">Ventileeritav ja pehme sisemine madrats ning ergonomiline varikatus tagavad lapsele mugavuse igas ilmastikus.<\/p>\n<\/li>\n<li data-start=\"2315\" data-end=\"2375\">\n<p data-start=\"2317\" data-end=\"2375\">Varikatus kaitseb p\u00e4ikese ja UV-kiirguse eest (UPF 50+).<\/p>\n<\/li>\n<li data-start=\"2376\" data-end=\"2425\">\n<p data-start=\"2378\" data-end=\"2425\">Helkurdetailid suurendavad n\u00e4htavust h\u00e4maras.<\/p>\n<\/li>\n<\/ul>\n<p data-start=\"2427\" data-end=\"2454\"><strong data-start=\"2427\" data-end=\"2452\">Praktiline kasutamine<\/strong><\/p>\n<ul data-start=\"2455\" data-end=\"2659\">\n<li data-start=\"2455\" data-end=\"2512\">\n<p data-start=\"2457\" data-end=\"2512\">Lihtne paigaldada ja eemaldada kl\u00f5psatava s\u00fcsteemiga.<\/p>\n<\/li>\n<li data-start=\"2513\" data-end=\"2568\">\n<p data-start=\"2515\" data-end=\"2568\">H\u00f5lpsalt kaasaskantav ergonoomilise k\u00e4epideme abil.<\/p>\n<\/li>\n<li data-start=\"2569\" data-end=\"2659\">\n<p data-start=\"2571\" data-end=\"2659\">Sobib Thule Urban Glide 3 single, double ja Thule Urban Glide 4-Wheel jalutusk\u00e4rudele.<\/p>\n<\/li>\n<\/ul>\n<p data-start=\"2661\" data-end=\"2684\"><strong data-start=\"2661\" data-end=\"2682\">Tehnilised andmed<\/strong><\/p>\n<ul data-start=\"2685\" data-end=\"2784\">\n<li data-start=\"2685\" data-end=\"2731\">\n<p data-start=\"2687\" data-end=\"2731\">M\u00f5\u00f5dud: 83 x 31 cm, sisem\u00f5\u00f5dud: 75 x 30 cm<\/p>\n<\/li>\n<li data-start=\"2732\" data-end=\"2767\">\n<p data-start=\"2734\" data-end=\"2767\">Maksimaalne kasutaja kaal: 9 kg<\/p>\n<\/li>\n<li data-start=\"2768\" data-end=\"2784\">\n<p data-start=\"2770\" data-end=\"2784\">Kaal: 6,5 kg<\/p>\n<\/li>\n<\/ul>\n","protected":false},"excerpt":{"rendered":"<p>Thule Urban Glide 3 \u2013 T\u00e4issuuruses ja v\u00f5imas maastikuk\u00e4ru aktiivsetele perevanematele Thule Urban Glide 3 on ideaalne k\u00e4ru nii linnas jalutamiseks kui ka maastikuseiklusteks. See t\u00e4issuuruses ja v\u00f5imas maastikuk\u00e4ru sobib h\u00e4sti nii vasts\u00fcndinutele kui ka v\u00e4ikelastele, pakkudes neile kogu p\u00e4eva jooksul mugavust ja turvalisust. Mugavus ja praktilisus igap\u00e4evaeluks Reguleeritava seljatoe ja sisseehitatud jalatoega mugav iste [&hellip;]<\/p>\n","protected":false},"featured_media":151017,"template":"","meta":{"_acf_changed":false},"pwb-brand":[11980],"product_brand":[],"product_cat":[11847,11849,11573,11721,11717],"product_tag":[],"class_list":{"0":"post-455160","1":"product","2":"type-product","3":"status-publish","4":"has-post-thumbnail","6":"pwb-brand-thule-ru","7":"product_cat-thule-ru","8":"product_cat-thule-urban-glide-3-ru","9":"product_cat-sooduspakkumised-ru","10":"product_cat-jalutuskarud-ru","11":"product_cat-lastevankrid-ja-karud-ru","12":"pa_manufacturer-thule-ru","14":"first","15":"onbackorder","16":"sale","17":"taxable","18":"shipping-taxable","19":"purchasable","20":"product-type-simple"},"exclude_global_add_ons":[],"addons":[],"acf":[],"yoast_head":"<!-- This site is optimized with the Yoast SEO plugin v27.1.1 - https:\/\/yoast.com\/product\/yoast-seo-wordpress\/ -->\n<title>Thule Urban Glide 3 jalutusk\u00e4ru komplekt 2 in 1, Black\/Black, \u0421\u041a\u0418\u0414\u041a\u0418, \u041a\u043e\u043b\u044f\u0441\u043a\u0438, \u041f\u0440\u043e\u0433\u0443\u043b\u043e\u0447\u043d\u044b\u0435 \u043a\u043e\u043b\u044f\u0441\u043a\u0438, THULE, Thule Urban Glide 3, Beebipood<\/title>\n<meta name=\"description\" content=\"Thule Urban Glide 3 jalutusk\u00e4ru komplekt 2 in 1, Black\/Black, Thule Urban Glide 3 on suurep\u00e4rane t\u00e4issuuruses ja v\u00f5imas maastikuk\u00e4ru,&lt;\" \/>\n<meta name=\"robots\" content=\"index, follow, max-snippet:-1, max-image-preview:large, max-video-preview:-1\" \/>\n<link rel=\"canonical\" href=\"https:\/\/beebipood.ee\/ru\/produkt\/thule-urban-glide-3-jalutuskaru-komplekt-2-in-1-black-black\/\" \/>\n<meta property=\"og:locale\" content=\"ru_RU\" \/>\n<meta property=\"og:type\" content=\"article\" \/>\n<meta property=\"og:title\" content=\"Thule Urban Glide 3 jalutusk\u00e4ru komplekt 2 in 1, Black\/Black, \u0421\u041a\u0418\u0414\u041a\u0418, \u041a\u043e\u043b\u044f\u0441\u043a\u0438, \u041f\u0440\u043e\u0433\u0443\u043b\u043e\u0447\u043d\u044b\u0435 \u043a\u043e\u043b\u044f\u0441\u043a\u0438, THULE, Thule Urban Glide 3, Beebipood\" \/>\n<meta property=\"og:description\" content=\"Thule Urban Glide 3 jalutusk\u00e4ru komplekt 2 in 1, Black\/Black, Thule Urban Glide 3 on suurep\u00e4rane t\u00e4issuuruses ja v\u00f5imas maastikuk\u00e4ru,&lt;\" \/>\n<meta property=\"og:url\" content=\"https:\/\/beebipood.ee\/ru\/produkt\/thule-urban-glide-3-jalutuskaru-komplekt-2-in-1-black-black\/\" \/>\n<meta property=\"og:site_name\" content=\"Beebipood\" \/>\n<meta property=\"article:modified_time\" content=\"2026-02-05T12:42:14+00:00\" \/>\n<meta property=\"og:image\" content=\"https:\/\/beebipood.ee\/wp-content\/uploads\/2014\/03\/Thule-Urban-Glide-3-jalutuskaru-komplekt-2-in-1-BlackBlack-SOODUSPAKKUMISED-Lastevankrid-ja-karud-Jalutuskarud-THULE-Thule-Urban-Glide-3_1-84d.jpg\" \/>\n\t<meta property=\"og:image:width\" content=\"973\" \/>\n\t<meta property=\"og:image:height\" content=\"970\" \/>\n\t<meta property=\"og:image:type\" content=\"image\/jpeg\" \/>\n<meta name=\"twitter:card\" content=\"summary_large_image\" \/>\n<meta name=\"twitter:label1\" content=\"\u041f\u0440\u0438\u043c\u0435\u0440\u043d\u043e\u0435 \u0432\u0440\u0435\u043c\u044f \u0434\u043b\u044f \u0447\u0442\u0435\u043d\u0438\u044f\" \/>\n\t<meta name=\"twitter:data1\" content=\"2 \u043c\u0438\u043d\u0443\u0442\u044b\" \/>\n<script type=\"application\/ld+json\" class=\"yoast-schema-graph\">{\"@context\":\"https:\/\/schema.org\",\"@graph\":[{\"@type\":\"WebPage\",\"@id\":\"https:\/\/beebipood.ee\/ru\/produkt\/thule-urban-glide-3-jalutuskaru-komplekt-2-in-1-black-black\/\",\"url\":\"https:\/\/beebipood.ee\/ru\/produkt\/thule-urban-glide-3-jalutuskaru-komplekt-2-in-1-black-black\/\",\"name\":\"Thule Urban Glide 3 jalutusk\u00e4ru komplekt 2 in 1, Black\/Black, \u0421\u041a\u0418\u0414\u041a\u0418, \u041a\u043e\u043b\u044f\u0441\u043a\u0438, \u041f\u0440\u043e\u0433\u0443\u043b\u043e\u0447\u043d\u044b\u0435 \u043a\u043e\u043b\u044f\u0441\u043a\u0438, THULE, Thule Urban Glide 3, Beebipood\",\"isPartOf\":{\"@id\":\"https:\/\/beebipood.ee\/ru\/#website\"},\"primaryImageOfPage\":{\"@id\":\"https:\/\/beebipood.ee\/ru\/produkt\/thule-urban-glide-3-jalutuskaru-komplekt-2-in-1-black-black\/#primaryimage\"},\"image\":{\"@id\":\"https:\/\/beebipood.ee\/ru\/produkt\/thule-urban-glide-3-jalutuskaru-komplekt-2-in-1-black-black\/#primaryimage\"},\"thumbnailUrl\":\"https:\/\/beebipood.ee\/wp-content\/uploads\/2014\/03\/Thule-Urban-Glide-3-jalutuskaru-komplekt-2-in-1-BlackBlack-SOODUSPAKKUMISED-Lastevankrid-ja-karud-Jalutuskarud-THULE-Thule-Urban-Glide-3_1-84d.jpg\",\"datePublished\":\"2025-01-04T16:18:11+00:00\",\"dateModified\":\"2026-02-05T12:42:14+00:00\",\"description\":\"Thule Urban Glide 3 jalutusk\u00e4ru komplekt 2 in 1, Black\/Black, Thule Urban Glide 3 on suurep\u00e4rane t\u00e4issuuruses ja v\u00f5imas maastikuk\u00e4ru,&lt;\",\"breadcrumb\":{\"@id\":\"https:\/\/beebipood.ee\/ru\/produkt\/thule-urban-glide-3-jalutuskaru-komplekt-2-in-1-black-black\/#breadcrumb\"},\"inLanguage\":\"ru-RU\",\"potentialAction\":[{\"@type\":\"ReadAction\",\"target\":[\"https:\/\/beebipood.ee\/ru\/produkt\/thule-urban-glide-3-jalutuskaru-komplekt-2-in-1-black-black\/\"]}]},{\"@type\":\"ImageObject\",\"inLanguage\":\"ru-RU\",\"@id\":\"https:\/\/beebipood.ee\/ru\/produkt\/thule-urban-glide-3-jalutuskaru-komplekt-2-in-1-black-black\/#primaryimage\",\"url\":\"https:\/\/beebipood.ee\/wp-content\/uploads\/2014\/03\/Thule-Urban-Glide-3-jalutuskaru-komplekt-2-in-1-BlackBlack-SOODUSPAKKUMISED-Lastevankrid-ja-karud-Jalutuskarud-THULE-Thule-Urban-Glide-3_1-84d.jpg\",\"contentUrl\":\"https:\/\/beebipood.ee\/wp-content\/uploads\/2014\/03\/Thule-Urban-Glide-3-jalutuskaru-komplekt-2-in-1-BlackBlack-SOODUSPAKKUMISED-Lastevankrid-ja-karud-Jalutuskarud-THULE-Thule-Urban-Glide-3_1-84d.jpg\",\"width\":973,\"height\":970},{\"@type\":\"BreadcrumbList\",\"@id\":\"https:\/\/beebipood.ee\/ru\/produkt\/thule-urban-glide-3-jalutuskaru-komplekt-2-in-1-black-black\/#breadcrumb\",\"itemListElement\":[{\"@type\":\"ListItem\",\"position\":1,\"name\":\"Home\",\"item\":\"https:\/\/beebipood.ee\/ru\/\"},{\"@type\":\"ListItem\",\"position\":2,\"name\":\"\u041a\u0430\u0442\u0430\u043b\u043e\u0433 \u0442\u043e\u0432\u0430\u0440\u043e\u0432\",\"item\":\"https:\/\/beebipood.ee\/tooted\/\"},{\"@type\":\"ListItem\",\"position\":3,\"name\":\"Thule Urban Glide 3 jalutusk\u00e4ru komplekt 2 in 1, Black\/Black (2025)\"}]},{\"@type\":\"WebSite\",\"@id\":\"https:\/\/beebipood.ee\/ru\/#website\",\"url\":\"https:\/\/beebipood.ee\/ru\/\",\"name\":\"Beebipood\",\"description\":\"Lastekaubad, beebikaubad, m\u00e4nguasjad\",\"publisher\":{\"@id\":\"https:\/\/beebipood.ee\/ru\/#organization\"},\"potentialAction\":[{\"@type\":\"SearchAction\",\"target\":{\"@type\":\"EntryPoint\",\"urlTemplate\":\"https:\/\/beebipood.ee\/ru\/?s={search_term_string}\"},\"query-input\":{\"@type\":\"PropertyValueSpecification\",\"valueRequired\":true,\"valueName\":\"search_term_string\"}}],\"inLanguage\":\"ru-RU\"},{\"@type\":\"Organization\",\"@id\":\"https:\/\/beebipood.ee\/ru\/#organization\",\"name\":\"Beebipood\",\"url\":\"https:\/\/beebipood.ee\/ru\/\",\"logo\":{\"@type\":\"ImageObject\",\"inLanguage\":\"ru-RU\",\"@id\":\"https:\/\/beebipood.ee\/ru\/#\/schema\/logo\/image\/\",\"url\":\"https:\/\/beebipood.ee\/wp-content\/uploads\/2025\/03\/beebipood.ee-logo-1.svg\",\"contentUrl\":\"https:\/\/beebipood.ee\/wp-content\/uploads\/2025\/03\/beebipood.ee-logo-1.svg\",\"caption\":\"Beebipood\"},\"image\":{\"@id\":\"https:\/\/beebipood.ee\/ru\/#\/schema\/logo\/image\/\"}}]}<\/script>\n<!-- \/ Yoast SEO plugin. -->","yoast_head_json":{"title":"Thule Urban Glide 3 jalutusk\u00e4ru komplekt 2 in 1, Black\/Black, \u0421\u041a\u0418\u0414\u041a\u0418, \u041a\u043e\u043b\u044f\u0441\u043a\u0438, \u041f\u0440\u043e\u0433\u0443\u043b\u043e\u0447\u043d\u044b\u0435 \u043a\u043e\u043b\u044f\u0441\u043a\u0438, THULE, Thule Urban Glide 3, Beebipood","description":"Thule Urban Glide 3 jalutusk\u00e4ru komplekt 2 in 1, Black\/Black, Thule Urban Glide 3 on suurep\u00e4rane t\u00e4issuuruses ja v\u00f5imas maastikuk\u00e4ru,&lt;","robots":{"index":"index","follow":"follow","max-snippet":"max-snippet:-1","max-image-preview":"max-image-preview:large","max-video-preview":"max-video-preview:-1"},"canonical":"https:\/\/beebipood.ee\/ru\/produkt\/thule-urban-glide-3-jalutuskaru-komplekt-2-in-1-black-black\/","og_locale":"ru_RU","og_type":"article","og_title":"Thule Urban Glide 3 jalutusk\u00e4ru komplekt 2 in 1, Black\/Black, \u0421\u041a\u0418\u0414\u041a\u0418, \u041a\u043e\u043b\u044f\u0441\u043a\u0438, \u041f\u0440\u043e\u0433\u0443\u043b\u043e\u0447\u043d\u044b\u0435 \u043a\u043e\u043b\u044f\u0441\u043a\u0438, THULE, Thule Urban Glide 3, Beebipood","og_description":"Thule Urban Glide 3 jalutusk\u00e4ru komplekt 2 in 1, Black\/Black, Thule Urban Glide 3 on suurep\u00e4rane t\u00e4issuuruses ja v\u00f5imas maastikuk\u00e4ru,&lt;","og_url":"https:\/\/beebipood.ee\/ru\/produkt\/thule-urban-glide-3-jalutuskaru-komplekt-2-in-1-black-black\/","og_site_name":"Beebipood","article_modified_time":"2026-02-05T12:42:14+00:00","og_image":[{"width":973,"height":970,"url":"https:\/\/beebipood.ee\/wp-content\/uploads\/2014\/03\/Thule-Urban-Glide-3-jalutuskaru-komplekt-2-in-1-BlackBlack-SOODUSPAKKUMISED-Lastevankrid-ja-karud-Jalutuskarud-THULE-Thule-Urban-Glide-3_1-84d.jpg","type":"image\/jpeg"}],"twitter_card":"summary_large_image","twitter_misc":{"\u041f\u0440\u0438\u043c\u0435\u0440\u043d\u043e\u0435 \u0432\u0440\u0435\u043c\u044f \u0434\u043b\u044f \u0447\u0442\u0435\u043d\u0438\u044f":"2 \u043c\u0438\u043d\u0443\u0442\u044b"},"schema":{"@context":"https:\/\/schema.org","@graph":[{"@type":"WebPage","@id":"https:\/\/beebipood.ee\/ru\/produkt\/thule-urban-glide-3-jalutuskaru-komplekt-2-in-1-black-black\/","url":"https:\/\/beebipood.ee\/ru\/produkt\/thule-urban-glide-3-jalutuskaru-komplekt-2-in-1-black-black\/","name":"Thule Urban Glide 3 jalutusk\u00e4ru komplekt 2 in 1, Black\/Black, \u0421\u041a\u0418\u0414\u041a\u0418, \u041a\u043e\u043b\u044f\u0441\u043a\u0438, \u041f\u0440\u043e\u0433\u0443\u043b\u043e\u0447\u043d\u044b\u0435 \u043a\u043e\u043b\u044f\u0441\u043a\u0438, THULE, Thule Urban Glide 3, Beebipood","isPartOf":{"@id":"https:\/\/beebipood.ee\/ru\/#website"},"primaryImageOfPage":{"@id":"https:\/\/beebipood.ee\/ru\/produkt\/thule-urban-glide-3-jalutuskaru-komplekt-2-in-1-black-black\/#primaryimage"},"image":{"@id":"https:\/\/beebipood.ee\/ru\/produkt\/thule-urban-glide-3-jalutuskaru-komplekt-2-in-1-black-black\/#primaryimage"},"thumbnailUrl":"https:\/\/beebipood.ee\/wp-content\/uploads\/2014\/03\/Thule-Urban-Glide-3-jalutuskaru-komplekt-2-in-1-BlackBlack-SOODUSPAKKUMISED-Lastevankrid-ja-karud-Jalutuskarud-THULE-Thule-Urban-Glide-3_1-84d.jpg","datePublished":"2025-01-04T16:18:11+00:00","dateModified":"2026-02-05T12:42:14+00:00","description":"Thule Urban Glide 3 jalutusk\u00e4ru komplekt 2 in 1, Black\/Black, Thule Urban Glide 3 on suurep\u00e4rane t\u00e4issuuruses ja v\u00f5imas maastikuk\u00e4ru,&lt;","breadcrumb":{"@id":"https:\/\/beebipood.ee\/ru\/produkt\/thule-urban-glide-3-jalutuskaru-komplekt-2-in-1-black-black\/#breadcrumb"},"inLanguage":"ru-RU","potentialAction":[{"@type":"ReadAction","target":["https:\/\/beebipood.ee\/ru\/produkt\/thule-urban-glide-3-jalutuskaru-komplekt-2-in-1-black-black\/"]}]},{"@type":"ImageObject","inLanguage":"ru-RU","@id":"https:\/\/beebipood.ee\/ru\/produkt\/thule-urban-glide-3-jalutuskaru-komplekt-2-in-1-black-black\/#primaryimage","url":"https:\/\/beebipood.ee\/wp-content\/uploads\/2014\/03\/Thule-Urban-Glide-3-jalutuskaru-komplekt-2-in-1-BlackBlack-SOODUSPAKKUMISED-Lastevankrid-ja-karud-Jalutuskarud-THULE-Thule-Urban-Glide-3_1-84d.jpg","contentUrl":"https:\/\/beebipood.ee\/wp-content\/uploads\/2014\/03\/Thule-Urban-Glide-3-jalutuskaru-komplekt-2-in-1-BlackBlack-SOODUSPAKKUMISED-Lastevankrid-ja-karud-Jalutuskarud-THULE-Thule-Urban-Glide-3_1-84d.jpg","width":973,"height":970},{"@type":"BreadcrumbList","@id":"https:\/\/beebipood.ee\/ru\/produkt\/thule-urban-glide-3-jalutuskaru-komplekt-2-in-1-black-black\/#breadcrumb","itemListElement":[{"@type":"ListItem","position":1,"name":"Home","item":"https:\/\/beebipood.ee\/ru\/"},{"@type":"ListItem","position":2,"name":"\u041a\u0430\u0442\u0430\u043b\u043e\u0433 \u0442\u043e\u0432\u0430\u0440\u043e\u0432","item":"https:\/\/beebipood.ee\/tooted\/"},{"@type":"ListItem","position":3,"name":"Thule Urban Glide 3 jalutusk\u00e4ru komplekt 2 in 1, Black\/Black (2025)"}]},{"@type":"WebSite","@id":"https:\/\/beebipood.ee\/ru\/#website","url":"https:\/\/beebipood.ee\/ru\/","name":"Beebipood","description":"Lastekaubad, beebikaubad, m\u00e4nguasjad","publisher":{"@id":"https:\/\/beebipood.ee\/ru\/#organization"},"potentialAction":[{"@type":"SearchAction","target":{"@type":"EntryPoint","urlTemplate":"https:\/\/beebipood.ee\/ru\/?s={search_term_string}"},"query-input":{"@type":"PropertyValueSpecification","valueRequired":true,"valueName":"search_term_string"}}],"inLanguage":"ru-RU"},{"@type":"Organization","@id":"https:\/\/beebipood.ee\/ru\/#organization","name":"Beebipood","url":"https:\/\/beebipood.ee\/ru\/","logo":{"@type":"ImageObject","inLanguage":"ru-RU","@id":"https:\/\/beebipood.ee\/ru\/#\/schema\/logo\/image\/","url":"https:\/\/beebipood.ee\/wp-content\/uploads\/2025\/03\/beebipood.ee-logo-1.svg","contentUrl":"https:\/\/beebipood.ee\/wp-content\/uploads\/2025\/03\/beebipood.ee-logo-1.svg","caption":"Beebipood"},"image":{"@id":"https:\/\/beebipood.ee\/ru\/#\/schema\/logo\/image\/"}}]}},"brands":[{"id":11980,"name":"THULE","slug":"thule-ru"}],"_links":{"self":[{"href":"https:\/\/beebipood.ee\/ru\/wp-json\/wp\/v2\/product\/455160","targetHints":{"allow":["GET"]}}],"collection":[{"href":"https:\/\/beebipood.ee\/ru\/wp-json\/wp\/v2\/product"}],"about":[{"href":"https:\/\/beebipood.ee\/ru\/wp-json\/wp\/v2\/types\/product"}],"wp:featuredmedia":[{"embeddable":true,"href":"https:\/\/beebipood.ee\/ru\/wp-json\/wp\/v2\/media\/151017"}],"wp:attachment":[{"href":"https:\/\/beebipood.ee\/ru\/wp-json\/wp\/v2\/media?parent=455160"}],"wp:term":[{"taxonomy":"pwb-brand","embeddable":true,"href":"https:\/\/beebipood.ee\/ru\/wp-json\/wp\/v2\/pwb-brand?post=455160"},{"taxonomy":"product_brand","embeddable":true,"href":"https:\/\/beebipood.ee\/ru\/wp-json\/wp\/v2\/product_brand?post=455160"},{"taxonomy":"product_cat","embeddable":true,"href":"https:\/\/beebipood.ee\/ru\/wp-json\/wp\/v2\/product_cat?post=455160"},{"taxonomy":"product_tag","embeddable":true,"href":"https:\/\/beebipood.ee\/ru\/wp-json\/wp\/v2\/product_tag?post=455160"}],"curies":[{"name":"wp","href":"https:\/\/api.w.org\/{rel}","templated":true}]}}