{"id":455162,"date":"2025-06-27T18:20:53","date_gmt":"2025-06-27T15:20:53","guid":{"rendered":"https:\/\/beebipood.ee\/toode\/thule-urban-glide-3-jalutuskaru-komplekt-2-in-1-mid-blue-mid-blue\/"},"modified":"2025-04-01T01:00:24","modified_gmt":"2025-03-31T22:00:24","slug":"thule-urban-glide-3-jalutuskaru-komplekt-2-in-1-mid-blue-mid-blue","status":"publish","type":"product","link":"https:\/\/beebipood.ee\/ru\/produkt\/thule-urban-glide-3-jalutuskaru-komplekt-2-in-1-mid-blue-mid-blue\/","title":{"rendered":"Thule Urban Glide 3 jalutusk\u00e4ru komplekt 2 in 1, Mid Blue\/Mid Blue"},"content":{"rendered":"<p><span>Thule Urban Glide 3 on suurep\u00e4rane t\u00e4issuuruses ja v\u00f5imas maastikuk\u00e4ru,<\/span><br \/><span>mis sobib h\u00e4sti nii vasts\u00fcndinutele kui ka v\u00e4ikelastele.<\/span><br \/><span>Uued mugavusfunktsioonid, sisseehitatud jalatugi, p\u00fcstine ja reguleeritava seljatoega mugav iste<\/span><br \/><span>ning t\u00e4ielikult etteulatuv \u00f5hutusavadega kaarvari muudavad k\u00f5ik igap\u00e4evas\u00f5idud mugavaks.<\/span><br \/><span>Aktiivsetele lapsevanematele loodud Thule Urban Glide 3 pakub igal maastikul nii mugavust,<\/span><br \/><span>funktsionaalsust kui ka head j\u00f5udlust. V\u00f5rreldamatu man\u00f6\u00f6verdusv\u00f5ime t\u00e4nu \u00f5hukesele<\/span><br \/><span>ja kergele disainile ning suured 16-tollised \u00f5huga t\u00e4idetud rehvid tagavad imehea vedrustuse.<\/span><br \/><span>\u00dcksk\u00f5ik kas s\u00f5idate linnas v\u00f5i vallutate keerukamaid maastikke,<\/span><br \/><span>selle k\u00e4ruga on s\u00f5it sujuv ja mugav. P\u00f6\u00f6ratav esiratas man\u00f6\u00f6verdab muretult l\u00e4bi rahvarohkete t\u00e4navate<\/span><br \/><span>ja selle saab kiiremas tempos liikumiseks h\u00f5lpsasti paigale lukustada.<\/span><br \/><span>P\u00f6\u00f6ratava k\u00e4sipiduriga saab kiirust optimaalselt reguleerida nii asfaldil kui ka m\u00e4gisel maastikul.<\/span><br \/><span>Thule Urban Glide 3 pole mitte ainult praktiline, vaid ka mugav.<\/span><\/p>\n<p><span>*\u00dche k\u00e4ega kompaktselt kokkupandav, nii et hoiustamine ja transport on imelihtne.<\/span><br \/><span>Ruumikas t\u00f5mblukuga suletava kattega pagasikorv annab rohkesti ruumi k\u00f5ige vajaliku jaoks,<\/span><br \/><span>mida seiklustel kaasas kanda.<\/span><br \/><span>*T\u00e4nu p\u00f6\u00f6ratavale esirattale, mille saab suuremate kiiruste ajaks lukustada,<\/span><br \/><span>ning suurtele tagaratastele on k\u00e4ru kerge ja lihtsasti man\u00f6\u00f6verdatav<\/span><br \/><span>*Sisseehitatud jalatugi ning reguleeritava seljatoega mugav iste<\/span><br \/><span>annavad lapsele t\u00e4ieliku mugavuse kogu p\u00e4evaks,<\/span><br \/><span>nii ringi vaadates kui ka uinakut tehes<\/span><br \/><span>*Integreeritud p\u00f6\u00f6ratav k\u00e4sipidur aitab igal maastikul sujuvalt<\/span><br \/><span>ja turvaliselt kiirust reguleerida<\/span><br \/><span>*H\u00f5lpsaks hoiustamiseks ja transportimiseks lihtsasti<\/span><br \/><span>\u00fche k\u00e4ega kokkupandav ja toeta p\u00fcsti p\u00fcsiv<\/span><br \/><span>*Lapsele tagab mugavuse t\u00e4ielikult kattev ja \u00f5hutusavadega suur varikatus<\/span><br \/><span>*Suur t\u00f5mblukuga kinnitatava kattega pagasikorv, tagumine v\u00f5rktasku<\/span><br \/><span>ning kaks sn\u00e4kkidele ja m\u00e4nguasjadele sobivat v\u00f5rksahtlit<\/span><br \/><span>pakuvad rohkelt ruumi k\u00f5igi vajalike esemete hoidmiseks<\/span><br \/><span>*Ergonoomiline reguleeritav l\u00fckkesang tagab vanemale mugava kasutuse<\/span><br \/><span>*Turvaline ja mugav iste, millel on lihtsasti reguleeritav viie punkti turvarihm<\/span><br \/><span>*Kaarvarju ja rataste peegeldavad omadused tagavad n\u00e4htavuse ja ohutuse<\/span><br \/><span>*V\u00e4iksest aknast saate j\u00e4lgida magavat last, ilma et see teda h\u00e4iriks<\/span><br \/><span style=\"text-decoration: underline;\">Tehnilised andmed<\/span><br \/><span>Jalutusk\u00e4ru kandev\u00f5ime 34 kg<\/span><br \/><span>Pagasikorvi maksimaalne kandev\u00f5ime 7 kg<\/span><br \/><span>Lapse kaal kuni 22 kg<\/span><br \/><span>K\u00e4ru kaal 11,9 kg<\/span><br \/><span>Avatult 123 x 69 x 115 cm<\/span><br \/><span>Kokkupandult 88 x 58 x 31 cm<\/span><br \/><span>Istmek\u00f5rgus 51 cm<\/span><br \/><span>Laius 69 cm<\/span><\/p>\n<p><span style=\"text-decoration: underline;\">Thule vankrikorv<\/span><span><span style=\"text-decoration: underline;\">\u00a0<\/span>muudab teie k\u00e4ru hetkega mugavaks lapsevankriks.<\/span><br \/><span>Seda on lihtne jalutusk\u00e4ru k\u00fclge kinnitada lihtsa kl\u00f5psatava paigaldisena.<\/span><br \/><span>Vankrikorv sobib ideaalselt 0-6 kuu vanustele imikutele<\/span><br \/><span>ning sisaldab vankrikorvi p\u00f5lle ja ventileeritavat madratsit,<\/span><br \/><span>et imikul oleks mugav. Kui olete oma jalutusk\u00e4igu l\u00f5petanud,<\/span><br \/><span>saab vankrikorvi jalutusk\u00e4rust h\u00f5lpsalt ja vaikselt eemaldada.<\/span><br \/><span>Ventileeritava p\u00f5hja ja madratsiga ruumikas ja mugav vankrikorv<\/span><br \/><span>Pikendatav ja ventileeritav varikatus muudab s\u00f5idu lapse jaoks mugavaks iga ilmaga.<\/span><br \/><span>Varikatus kaitseb p\u00e4ikese ja UV-kiirguse eest (UPF 50 ja \u00fcle selle)<\/span><br \/><span>Eemaldatav ja v\u00f5rkkattega madrats masinpestava kattega<\/span><br \/><span>Pehme ja hubane sisemine v\u00f5rkkangas beebi mugavuse jaoks,<\/span><br \/><span>v\u00e4lisk\u00fcljel on vastupidav vetth\u00fclgav ripstop-kangas<\/span><br \/><span>Lihtsasti paigaldatavad sisse-\/v\u00e4ljakl\u00f5psatavad vankrikorvi adapterid teie lapsevankri mudelile<\/span><br \/><span>Helkurdetailid nii varikatuse \u00e4\u00e4rel kui ka vankrikorvi p\u00f5hjal tagavad h\u00e4maras parema n\u00e4htavuse<\/span><br \/><span>Ergonoomiline k\u00e4epide kergemaks kandmiseks<\/span><br \/><span>Sobib: Thule Urban Glide 3 single,<\/span><br \/><span>Thule Urban Glide 3 double ja Thule Urban Glide 4-Wheel jalutusk\u00e4rudele.<\/span><br \/><span style=\"text-decoration: underline;\">Tehnilised andmed<\/span><br \/><span>M\u00f5\u00f5dud: P 83 x L 31 cm<\/span><br \/><span>Sisem\u00f5\u00f5du: P 75 x L 30 cm<\/span><br \/><span>Maksimaalne kasutaja kaal: 9 kg<\/span><br \/><span>Kaal: 6,5 kg<\/span><\/p>\n","protected":false},"excerpt":{"rendered":"<p>Thule Urban Glide 3 on suurep\u00e4rane t\u00e4issuuruses ja v\u00f5imas maastikuk\u00e4ru,mis sobib h\u00e4sti nii vasts\u00fcndinutele kui ka v\u00e4ikelastele.Uued mugavusfunktsioonid, sisseehitatud jalatugi, p\u00fcstine ja reguleeritava seljatoega mugav istening t\u00e4ielikult etteulatuv \u00f5hutusavadega kaarvari muudavad k\u00f5ik igap\u00e4evas\u00f5idud mugavaks.Aktiivsetele lapsevanematele loodud Thule Urban Glide 3 pakub igal maastikul nii mugavust,funktsionaalsust kui ka head j\u00f5udlust. V\u00f5rreldamatu man\u00f6\u00f6verdusv\u00f5ime t\u00e4nu \u00f5hukeseleja kergele disainile [&hellip;]<\/p>\n","protected":false},"featured_media":151039,"template":"","meta":{"_acf_changed":false},"pwb-brand":[11980],"product_brand":[],"product_cat":[11573,11847,11849,11721,11717,11793],"product_tag":[],"class_list":{"0":"post-455162","1":"product","2":"type-product","3":"status-publish","4":"has-post-thumbnail","6":"pwb-brand-thule-ru","7":"product_cat-sooduspakkumised-ru","8":"product_cat-thule-ru","9":"product_cat-thule-urban-glide-3-ru","10":"product_cat-jalutuskarud-ru","11":"product_cat-lastevankrid-ja-karud-ru","12":"product_cat-laos-ru","13":"pa_manufacturer-thule-ru","15":"first","16":"instock","17":"sale","18":"taxable","19":"shipping-taxable","20":"purchasable","21":"product-type-simple"},"exclude_global_add_ons":[],"addons":[],"acf":[],"yoast_head":"<!-- This site is optimized with the Yoast SEO plugin v27.1.1 - https:\/\/yoast.com\/product\/yoast-seo-wordpress\/ -->\n<title>Thule Urban Glide 3 jalutusk\u00e4ru komplekt 2 in 1, Mid Blue\/Mid Blue, \u0421\u041a\u0418\u0414\u041a\u0418, \u041a\u043e\u043b\u044f\u0441\u043a\u0438, \u041f\u0440\u043e\u0433\u0443\u043b\u043e\u0447\u043d\u044b\u0435 \u043a\u043e\u043b\u044f\u0441\u043a\u0438, Ha c\u043a\u043b\u0430\u0434\u0435, THULE, Thule Urban Glide 3, Beebipood<\/title>\n<meta name=\"description\" content=\"Thule Urban Glide 3 jalutusk\u00e4ru komplekt 2 in 1, Mid Blue\/Mid Blue, Thule Urban Glide 3 on suurep&auml;rane t&auml;issuuruses ja v&otilde;imas maastik\" \/>\n<meta name=\"robots\" content=\"index, follow, max-snippet:-1, max-image-preview:large, max-video-preview:-1\" \/>\n<link rel=\"canonical\" href=\"https:\/\/beebipood.ee\/ru\/produkt\/thule-urban-glide-3-jalutuskaru-komplekt-2-in-1-mid-blue-mid-blue\/\" \/>\n<meta property=\"og:locale\" content=\"ru_RU\" \/>\n<meta property=\"og:type\" content=\"article\" \/>\n<meta property=\"og:title\" content=\"Thule Urban Glide 3 jalutusk\u00e4ru komplekt 2 in 1, Mid Blue\/Mid Blue, \u0421\u041a\u0418\u0414\u041a\u0418, \u041a\u043e\u043b\u044f\u0441\u043a\u0438, \u041f\u0440\u043e\u0433\u0443\u043b\u043e\u0447\u043d\u044b\u0435 \u043a\u043e\u043b\u044f\u0441\u043a\u0438, Ha c\u043a\u043b\u0430\u0434\u0435, THULE, Thule Urban Glide 3, Beebipood\" \/>\n<meta property=\"og:description\" content=\"Thule Urban Glide 3 jalutusk\u00e4ru komplekt 2 in 1, Mid Blue\/Mid Blue, Thule Urban Glide 3 on suurep&auml;rane t&auml;issuuruses ja v&otilde;imas maastik\" \/>\n<meta property=\"og:url\" content=\"https:\/\/beebipood.ee\/ru\/produkt\/thule-urban-glide-3-jalutuskaru-komplekt-2-in-1-mid-blue-mid-blue\/\" \/>\n<meta property=\"og:site_name\" content=\"Beebipood\" \/>\n<meta property=\"og:image\" content=\"https:\/\/beebipood.ee\/wp-content\/uploads\/2014\/03\/Thule-Urban-Glide-3-jalutuskaru-komplekt-2-in-1-Mid-BlueMid-Blue-Lastevankrid-ja-karud-Vankrid-Laos-Ladu-tuhjaks-Muuvo-Quick-Boho_8-2a1.jpg\" \/>\n\t<meta property=\"og:image:width\" content=\"973\" \/>\n\t<meta property=\"og:image:height\" content=\"970\" \/>\n\t<meta property=\"og:image:type\" content=\"image\/jpeg\" \/>\n<meta name=\"twitter:card\" content=\"summary_large_image\" \/>\n<meta name=\"twitter:label1\" content=\"\u041f\u0440\u0438\u043c\u0435\u0440\u043d\u043e\u0435 \u0432\u0440\u0435\u043c\u044f \u0434\u043b\u044f \u0447\u0442\u0435\u043d\u0438\u044f\" \/>\n\t<meta name=\"twitter:data1\" content=\"3 \u043c\u0438\u043d\u0443\u0442\u044b\" \/>\n<script type=\"application\/ld+json\" class=\"yoast-schema-graph\">{\"@context\":\"https:\/\/schema.org\",\"@graph\":[{\"@type\":\"WebPage\",\"@id\":\"https:\/\/beebipood.ee\/ru\/produkt\/thule-urban-glide-3-jalutuskaru-komplekt-2-in-1-mid-blue-mid-blue\/\",\"url\":\"https:\/\/beebipood.ee\/ru\/produkt\/thule-urban-glide-3-jalutuskaru-komplekt-2-in-1-mid-blue-mid-blue\/\",\"name\":\"Thule Urban Glide 3 jalutusk\u00e4ru komplekt 2 in 1, Mid Blue\/Mid Blue, \u0421\u041a\u0418\u0414\u041a\u0418, \u041a\u043e\u043b\u044f\u0441\u043a\u0438, \u041f\u0440\u043e\u0433\u0443\u043b\u043e\u0447\u043d\u044b\u0435 \u043a\u043e\u043b\u044f\u0441\u043a\u0438, Ha c\u043a\u043b\u0430\u0434\u0435, THULE, Thule Urban Glide 3, Beebipood\",\"isPartOf\":{\"@id\":\"https:\/\/beebipood.ee\/ru\/#website\"},\"primaryImageOfPage\":{\"@id\":\"https:\/\/beebipood.ee\/ru\/produkt\/thule-urban-glide-3-jalutuskaru-komplekt-2-in-1-mid-blue-mid-blue\/#primaryimage\"},\"image\":{\"@id\":\"https:\/\/beebipood.ee\/ru\/produkt\/thule-urban-glide-3-jalutuskaru-komplekt-2-in-1-mid-blue-mid-blue\/#primaryimage\"},\"thumbnailUrl\":\"https:\/\/beebipood.ee\/wp-content\/uploads\/2014\/03\/Thule-Urban-Glide-3-jalutuskaru-komplekt-2-in-1-Mid-BlueMid-Blue-Lastevankrid-ja-karud-Vankrid-Laos-Ladu-tuhjaks-Muuvo-Quick-Boho_8-2a1.jpg\",\"datePublished\":\"2025-06-27T15:20:53+00:00\",\"description\":\"Thule Urban Glide 3 jalutusk\u00e4ru komplekt 2 in 1, Mid Blue\/Mid Blue, Thule Urban Glide 3 on suurep&auml;rane t&auml;issuuruses ja v&otilde;imas maastik\",\"breadcrumb\":{\"@id\":\"https:\/\/beebipood.ee\/ru\/produkt\/thule-urban-glide-3-jalutuskaru-komplekt-2-in-1-mid-blue-mid-blue\/#breadcrumb\"},\"inLanguage\":\"ru-RU\",\"potentialAction\":[{\"@type\":\"ReadAction\",\"target\":[\"https:\/\/beebipood.ee\/ru\/produkt\/thule-urban-glide-3-jalutuskaru-komplekt-2-in-1-mid-blue-mid-blue\/\"]}]},{\"@type\":\"ImageObject\",\"inLanguage\":\"ru-RU\",\"@id\":\"https:\/\/beebipood.ee\/ru\/produkt\/thule-urban-glide-3-jalutuskaru-komplekt-2-in-1-mid-blue-mid-blue\/#primaryimage\",\"url\":\"https:\/\/beebipood.ee\/wp-content\/uploads\/2014\/03\/Thule-Urban-Glide-3-jalutuskaru-komplekt-2-in-1-Mid-BlueMid-Blue-Lastevankrid-ja-karud-Vankrid-Laos-Ladu-tuhjaks-Muuvo-Quick-Boho_8-2a1.jpg\",\"contentUrl\":\"https:\/\/beebipood.ee\/wp-content\/uploads\/2014\/03\/Thule-Urban-Glide-3-jalutuskaru-komplekt-2-in-1-Mid-BlueMid-Blue-Lastevankrid-ja-karud-Vankrid-Laos-Ladu-tuhjaks-Muuvo-Quick-Boho_8-2a1.jpg\",\"width\":973,\"height\":970},{\"@type\":\"BreadcrumbList\",\"@id\":\"https:\/\/beebipood.ee\/ru\/produkt\/thule-urban-glide-3-jalutuskaru-komplekt-2-in-1-mid-blue-mid-blue\/#breadcrumb\",\"itemListElement\":[{\"@type\":\"ListItem\",\"position\":1,\"name\":\"Home\",\"item\":\"https:\/\/beebipood.ee\/ru\/\"},{\"@type\":\"ListItem\",\"position\":2,\"name\":\"\u041a\u0430\u0442\u0430\u043b\u043e\u0433 \u0442\u043e\u0432\u0430\u0440\u043e\u0432\",\"item\":\"https:\/\/beebipood.ee\/tooted\/\"},{\"@type\":\"ListItem\",\"position\":3,\"name\":\"Thule Urban Glide 3 jalutusk\u00e4ru komplekt 2 in 1, Mid Blue\/Mid Blue\"}]},{\"@type\":\"WebSite\",\"@id\":\"https:\/\/beebipood.ee\/ru\/#website\",\"url\":\"https:\/\/beebipood.ee\/ru\/\",\"name\":\"Beebipood\",\"description\":\"Lastekaubad, beebikaubad, m\u00e4nguasjad\",\"publisher\":{\"@id\":\"https:\/\/beebipood.ee\/ru\/#organization\"},\"potentialAction\":[{\"@type\":\"SearchAction\",\"target\":{\"@type\":\"EntryPoint\",\"urlTemplate\":\"https:\/\/beebipood.ee\/ru\/?s={search_term_string}\"},\"query-input\":{\"@type\":\"PropertyValueSpecification\",\"valueRequired\":true,\"valueName\":\"search_term_string\"}}],\"inLanguage\":\"ru-RU\"},{\"@type\":\"Organization\",\"@id\":\"https:\/\/beebipood.ee\/ru\/#organization\",\"name\":\"Beebipood\",\"url\":\"https:\/\/beebipood.ee\/ru\/\",\"logo\":{\"@type\":\"ImageObject\",\"inLanguage\":\"ru-RU\",\"@id\":\"https:\/\/beebipood.ee\/ru\/#\/schema\/logo\/image\/\",\"url\":\"https:\/\/beebipood.ee\/wp-content\/uploads\/2025\/03\/beebipood.ee-logo-1.svg\",\"contentUrl\":\"https:\/\/beebipood.ee\/wp-content\/uploads\/2025\/03\/beebipood.ee-logo-1.svg\",\"caption\":\"Beebipood\"},\"image\":{\"@id\":\"https:\/\/beebipood.ee\/ru\/#\/schema\/logo\/image\/\"}}]}<\/script>\n<!-- \/ Yoast SEO plugin. -->","yoast_head_json":{"title":"Thule Urban Glide 3 jalutusk\u00e4ru komplekt 2 in 1, Mid Blue\/Mid Blue, \u0421\u041a\u0418\u0414\u041a\u0418, \u041a\u043e\u043b\u044f\u0441\u043a\u0438, \u041f\u0440\u043e\u0433\u0443\u043b\u043e\u0447\u043d\u044b\u0435 \u043a\u043e\u043b\u044f\u0441\u043a\u0438, Ha c\u043a\u043b\u0430\u0434\u0435, THULE, Thule Urban Glide 3, Beebipood","description":"Thule Urban Glide 3 jalutusk\u00e4ru komplekt 2 in 1, Mid Blue\/Mid Blue, Thule Urban Glide 3 on suurep&auml;rane t&auml;issuuruses ja v&otilde;imas maastik","robots":{"index":"index","follow":"follow","max-snippet":"max-snippet:-1","max-image-preview":"max-image-preview:large","max-video-preview":"max-video-preview:-1"},"canonical":"https:\/\/beebipood.ee\/ru\/produkt\/thule-urban-glide-3-jalutuskaru-komplekt-2-in-1-mid-blue-mid-blue\/","og_locale":"ru_RU","og_type":"article","og_title":"Thule Urban Glide 3 jalutusk\u00e4ru komplekt 2 in 1, Mid Blue\/Mid Blue, \u0421\u041a\u0418\u0414\u041a\u0418, \u041a\u043e\u043b\u044f\u0441\u043a\u0438, \u041f\u0440\u043e\u0433\u0443\u043b\u043e\u0447\u043d\u044b\u0435 \u043a\u043e\u043b\u044f\u0441\u043a\u0438, Ha c\u043a\u043b\u0430\u0434\u0435, THULE, Thule Urban Glide 3, Beebipood","og_description":"Thule Urban Glide 3 jalutusk\u00e4ru komplekt 2 in 1, Mid Blue\/Mid Blue, Thule Urban Glide 3 on suurep&auml;rane t&auml;issuuruses ja v&otilde;imas maastik","og_url":"https:\/\/beebipood.ee\/ru\/produkt\/thule-urban-glide-3-jalutuskaru-komplekt-2-in-1-mid-blue-mid-blue\/","og_site_name":"Beebipood","og_image":[{"width":973,"height":970,"url":"https:\/\/beebipood.ee\/wp-content\/uploads\/2014\/03\/Thule-Urban-Glide-3-jalutuskaru-komplekt-2-in-1-Mid-BlueMid-Blue-Lastevankrid-ja-karud-Vankrid-Laos-Ladu-tuhjaks-Muuvo-Quick-Boho_8-2a1.jpg","type":"image\/jpeg"}],"twitter_card":"summary_large_image","twitter_misc":{"\u041f\u0440\u0438\u043c\u0435\u0440\u043d\u043e\u0435 \u0432\u0440\u0435\u043c\u044f \u0434\u043b\u044f \u0447\u0442\u0435\u043d\u0438\u044f":"3 \u043c\u0438\u043d\u0443\u0442\u044b"},"schema":{"@context":"https:\/\/schema.org","@graph":[{"@type":"WebPage","@id":"https:\/\/beebipood.ee\/ru\/produkt\/thule-urban-glide-3-jalutuskaru-komplekt-2-in-1-mid-blue-mid-blue\/","url":"https:\/\/beebipood.ee\/ru\/produkt\/thule-urban-glide-3-jalutuskaru-komplekt-2-in-1-mid-blue-mid-blue\/","name":"Thule Urban Glide 3 jalutusk\u00e4ru komplekt 2 in 1, Mid Blue\/Mid Blue, \u0421\u041a\u0418\u0414\u041a\u0418, \u041a\u043e\u043b\u044f\u0441\u043a\u0438, \u041f\u0440\u043e\u0433\u0443\u043b\u043e\u0447\u043d\u044b\u0435 \u043a\u043e\u043b\u044f\u0441\u043a\u0438, Ha c\u043a\u043b\u0430\u0434\u0435, THULE, Thule Urban Glide 3, Beebipood","isPartOf":{"@id":"https:\/\/beebipood.ee\/ru\/#website"},"primaryImageOfPage":{"@id":"https:\/\/beebipood.ee\/ru\/produkt\/thule-urban-glide-3-jalutuskaru-komplekt-2-in-1-mid-blue-mid-blue\/#primaryimage"},"image":{"@id":"https:\/\/beebipood.ee\/ru\/produkt\/thule-urban-glide-3-jalutuskaru-komplekt-2-in-1-mid-blue-mid-blue\/#primaryimage"},"thumbnailUrl":"https:\/\/beebipood.ee\/wp-content\/uploads\/2014\/03\/Thule-Urban-Glide-3-jalutuskaru-komplekt-2-in-1-Mid-BlueMid-Blue-Lastevankrid-ja-karud-Vankrid-Laos-Ladu-tuhjaks-Muuvo-Quick-Boho_8-2a1.jpg","datePublished":"2025-06-27T15:20:53+00:00","description":"Thule Urban Glide 3 jalutusk\u00e4ru komplekt 2 in 1, Mid Blue\/Mid Blue, Thule Urban Glide 3 on suurep&auml;rane t&auml;issuuruses ja v&otilde;imas maastik","breadcrumb":{"@id":"https:\/\/beebipood.ee\/ru\/produkt\/thule-urban-glide-3-jalutuskaru-komplekt-2-in-1-mid-blue-mid-blue\/#breadcrumb"},"inLanguage":"ru-RU","potentialAction":[{"@type":"ReadAction","target":["https:\/\/beebipood.ee\/ru\/produkt\/thule-urban-glide-3-jalutuskaru-komplekt-2-in-1-mid-blue-mid-blue\/"]}]},{"@type":"ImageObject","inLanguage":"ru-RU","@id":"https:\/\/beebipood.ee\/ru\/produkt\/thule-urban-glide-3-jalutuskaru-komplekt-2-in-1-mid-blue-mid-blue\/#primaryimage","url":"https:\/\/beebipood.ee\/wp-content\/uploads\/2014\/03\/Thule-Urban-Glide-3-jalutuskaru-komplekt-2-in-1-Mid-BlueMid-Blue-Lastevankrid-ja-karud-Vankrid-Laos-Ladu-tuhjaks-Muuvo-Quick-Boho_8-2a1.jpg","contentUrl":"https:\/\/beebipood.ee\/wp-content\/uploads\/2014\/03\/Thule-Urban-Glide-3-jalutuskaru-komplekt-2-in-1-Mid-BlueMid-Blue-Lastevankrid-ja-karud-Vankrid-Laos-Ladu-tuhjaks-Muuvo-Quick-Boho_8-2a1.jpg","width":973,"height":970},{"@type":"BreadcrumbList","@id":"https:\/\/beebipood.ee\/ru\/produkt\/thule-urban-glide-3-jalutuskaru-komplekt-2-in-1-mid-blue-mid-blue\/#breadcrumb","itemListElement":[{"@type":"ListItem","position":1,"name":"Home","item":"https:\/\/beebipood.ee\/ru\/"},{"@type":"ListItem","position":2,"name":"\u041a\u0430\u0442\u0430\u043b\u043e\u0433 \u0442\u043e\u0432\u0430\u0440\u043e\u0432","item":"https:\/\/beebipood.ee\/tooted\/"},{"@type":"ListItem","position":3,"name":"Thule Urban Glide 3 jalutusk\u00e4ru komplekt 2 in 1, Mid Blue\/Mid Blue"}]},{"@type":"WebSite","@id":"https:\/\/beebipood.ee\/ru\/#website","url":"https:\/\/beebipood.ee\/ru\/","name":"Beebipood","description":"Lastekaubad, beebikaubad, m\u00e4nguasjad","publisher":{"@id":"https:\/\/beebipood.ee\/ru\/#organization"},"potentialAction":[{"@type":"SearchAction","target":{"@type":"EntryPoint","urlTemplate":"https:\/\/beebipood.ee\/ru\/?s={search_term_string}"},"query-input":{"@type":"PropertyValueSpecification","valueRequired":true,"valueName":"search_term_string"}}],"inLanguage":"ru-RU"},{"@type":"Organization","@id":"https:\/\/beebipood.ee\/ru\/#organization","name":"Beebipood","url":"https:\/\/beebipood.ee\/ru\/","logo":{"@type":"ImageObject","inLanguage":"ru-RU","@id":"https:\/\/beebipood.ee\/ru\/#\/schema\/logo\/image\/","url":"https:\/\/beebipood.ee\/wp-content\/uploads\/2025\/03\/beebipood.ee-logo-1.svg","contentUrl":"https:\/\/beebipood.ee\/wp-content\/uploads\/2025\/03\/beebipood.ee-logo-1.svg","caption":"Beebipood"},"image":{"@id":"https:\/\/beebipood.ee\/ru\/#\/schema\/logo\/image\/"}}]}},"brands":[{"id":11980,"name":"THULE","slug":"thule-ru"}],"_links":{"self":[{"href":"https:\/\/beebipood.ee\/ru\/wp-json\/wp\/v2\/product\/455162","targetHints":{"allow":["GET"]}}],"collection":[{"href":"https:\/\/beebipood.ee\/ru\/wp-json\/wp\/v2\/product"}],"about":[{"href":"https:\/\/beebipood.ee\/ru\/wp-json\/wp\/v2\/types\/product"}],"wp:featuredmedia":[{"embeddable":true,"href":"https:\/\/beebipood.ee\/ru\/wp-json\/wp\/v2\/media\/151039"}],"wp:attachment":[{"href":"https:\/\/beebipood.ee\/ru\/wp-json\/wp\/v2\/media?parent=455162"}],"wp:term":[{"taxonomy":"pwb-brand","embeddable":true,"href":"https:\/\/beebipood.ee\/ru\/wp-json\/wp\/v2\/pwb-brand?post=455162"},{"taxonomy":"product_brand","embeddable":true,"href":"https:\/\/beebipood.ee\/ru\/wp-json\/wp\/v2\/product_brand?post=455162"},{"taxonomy":"product_cat","embeddable":true,"href":"https:\/\/beebipood.ee\/ru\/wp-json\/wp\/v2\/product_cat?post=455162"},{"taxonomy":"product_tag","embeddable":true,"href":"https:\/\/beebipood.ee\/ru\/wp-json\/wp\/v2\/product_tag?post=455162"}],"curies":[{"name":"wp","href":"https:\/\/api.w.org\/{rel}","templated":true}]}}