{"id":455170,"date":"2014-03-04T18:27:37","date_gmt":"2014-03-04T16:27:37","guid":{"rendered":"https:\/\/beebipood.ee\/toode\/thule-urban-glide-3-vankrikorv-mid-blue\/"},"modified":"2025-03-04T10:28:20","modified_gmt":"2025-03-04T08:28:20","slug":"thule-urban-glide-3-vankrikorv-mid-blue","status":"publish","type":"product","link":"https:\/\/beebipood.ee\/ru\/produkt\/thule-urban-glide-3-vankrikorv-mid-blue\/","title":{"rendered":"Thule Urban Glide 3 vankrikorv, Mid Blue"},"content":{"rendered":"<p><span>Thule vankrikorv<\/span><span><span>\u00a0<\/span>muudab teie k\u00e4ru hetkega mugavaks lapsevankriks.<\/span><br \/><span>Seda on lihtne jalutusk\u00e4ru k\u00fclge kinnitada lihtsa kl\u00f5psatava paigaldisena.<\/span><br \/><span>Vankrikorv sobib ideaalselt 0-6 kuu vanustele imikutele<\/span><br \/><span>ning sisaldab vankrikorvi p\u00f5lle ja ventileeritavat madratsit,<\/span><br \/><span>et imikul oleks mugav. Kui olete oma jalutusk\u00e4igu l\u00f5petanud,<\/span><br \/><span>saab vankrikorvi jalutusk\u00e4rust h\u00f5lpsalt ja vaikselt eemaldada.<\/span><br \/><span>Ventileeritava p\u00f5hja ja madratsiga ruumikas ja mugav vankrikorv<\/span><br \/><span>Pikendatav ja ventileeritav varikatus muudab s\u00f5idu lapse jaoks mugavaks iga ilmaga.<\/span><br \/><span>Varikatus kaitseb p\u00e4ikese ja UV-kiirguse eest (UPF 50 ja \u00fcle selle)<\/span><br \/><span>Eemaldatav ja v\u00f5rkkattega madrats masinpestava kattega<\/span><br \/><span>Pehme ja hubane sisemine v\u00f5rkkangas beebi mugavuse jaoks,<\/span><br \/><span>v\u00e4lisk\u00fcljel on vastupidav vetth\u00fclgav ripstop-kangas<\/span><br \/><span>Lihtsasti paigaldatavad sisse-\/v\u00e4ljakl\u00f5psatavad vankrikorvi adapterid teie lapsevankri mudelile<\/span><br \/><span>Helkurdetailid nii varikatuse \u00e4\u00e4rel kui ka vankrikorvi p\u00f5hjal tagavad h\u00e4maras parema n\u00e4htavuse<\/span><br \/><span>Ergonoomiline k\u00e4epide kergemaks kandmiseks<\/span><br \/><span>Sobib: Thule Urban Glide 3 single,<\/span><br \/><span>Thule Urban Glide 3 double ja Thule Urban Glide 4-Wheel jalutusk\u00e4rudele.<\/span><br \/><span style=\"text-decoration: underline;\">Tehnilised andmed<\/span><br \/><span>M\u00f5\u00f5dud: P 83 x L 31 cm<\/span><br \/><span>Sisem\u00f5\u00f5du: P 75 x L 30 cm<\/span><br \/><span>Maksimaalne kasutaja kaal: 9 kg<\/span><br \/><span>Kaal: 6,5 kg<\/span><\/p>\n","protected":false},"excerpt":{"rendered":"<p>Thule vankrikorv\u00a0muudab teie k\u00e4ru hetkega mugavaks lapsevankriks.Seda on lihtne jalutusk\u00e4ru k\u00fclge kinnitada lihtsa kl\u00f5psatava paigaldisena.Vankrikorv sobib ideaalselt 0-6 kuu vanustele imikutelening sisaldab vankrikorvi p\u00f5lle ja ventileeritavat madratsit,et imikul oleks mugav. Kui olete oma jalutusk\u00e4igu l\u00f5petanud,saab vankrikorvi jalutusk\u00e4rust h\u00f5lpsalt ja vaikselt eemaldada.Ventileeritava p\u00f5hja ja madratsiga ruumikas ja mugav vankrikorvPikendatav ja ventileeritav varikatus muudab s\u00f5idu lapse jaoks [&hellip;]<\/p>\n","protected":false},"featured_media":151101,"template":"","meta":{"_acf_changed":false},"pwb-brand":[11980],"product_brand":[],"product_cat":[11573,11847,11849,11851,11721,11725,11717],"product_tag":[],"class_list":{"0":"post-455170","1":"product","2":"type-product","3":"status-publish","4":"has-post-thumbnail","6":"pwb-brand-thule-ru","7":"product_cat-sooduspakkumised-ru","8":"product_cat-thule-ru","9":"product_cat-thule-urban-glide-3-ru","10":"product_cat-thule-urban-glide-4-wheel-ru","11":"product_cat-jalutuskarud-ru","12":"product_cat-lisatarvikud-ru","13":"product_cat-lastevankrid-ja-karud-ru","14":"pa_manufacturer-thule-ru","16":"first","17":"onbackorder","18":"sale","19":"taxable","20":"shipping-taxable","21":"purchasable","22":"product-type-simple"},"exclude_global_add_ons":[],"addons":[],"acf":[],"yoast_head":"<!-- This site is optimized with the Yoast SEO plugin v27.1.1 - https:\/\/yoast.com\/product\/yoast-seo-wordpress\/ -->\n<title>Thule Urban Glide 3 vankrikorv, Mid Blue, \u0421\u041a\u0418\u0414\u041a\u0418, \u041b\u043e\u0448\u0430\u0434\u043a\u0430-\u043a\u0430\u0447\u0430\u043b\u043a\u0430, \u041a\u043e\u043b\u044f\u0441\u043a\u0438, \u041f\u0440\u043e\u0433\u0443\u043b\u043e\u0447\u043d\u044b\u0435 \u043a\u043e\u043b\u044f\u0441\u043a\u0438, \u041f\u0440\u0438\u043d\u0430\u0434\u043b\u0435\u0436\u043d\u043e\u0441\u0442\u0438, THULE, Thule Urban Glide 3, Thule Urban Glide 4-wheel, Beebipood<\/title>\n<meta name=\"description\" content=\"Thule Urban Glide 3 vankrikorv, Mid Blue, Thule vankrikorv&nbsp;muudab teie k&auml;ru hetkega mugavaks lapsevankriks.&lt;\" \/>\n<meta name=\"robots\" content=\"index, follow, max-snippet:-1, max-image-preview:large, max-video-preview:-1\" \/>\n<link rel=\"canonical\" href=\"https:\/\/beebipood.ee\/ru\/produkt\/thule-urban-glide-3-vankrikorv-mid-blue\/\" \/>\n<meta property=\"og:locale\" content=\"ru_RU\" \/>\n<meta property=\"og:type\" content=\"article\" \/>\n<meta property=\"og:title\" content=\"Thule Urban Glide 3 vankrikorv, Mid Blue, \u0421\u041a\u0418\u0414\u041a\u0418, \u041b\u043e\u0448\u0430\u0434\u043a\u0430-\u043a\u0430\u0447\u0430\u043b\u043a\u0430, \u041a\u043e\u043b\u044f\u0441\u043a\u0438, \u041f\u0440\u043e\u0433\u0443\u043b\u043e\u0447\u043d\u044b\u0435 \u043a\u043e\u043b\u044f\u0441\u043a\u0438, \u041f\u0440\u0438\u043d\u0430\u0434\u043b\u0435\u0436\u043d\u043e\u0441\u0442\u0438, THULE, Thule Urban Glide 3, Thule Urban Glide 4-wheel, Beebipood\" \/>\n<meta property=\"og:description\" content=\"Thule Urban Glide 3 vankrikorv, Mid Blue, Thule vankrikorv&nbsp;muudab teie k&auml;ru hetkega mugavaks lapsevankriks.&lt;\" \/>\n<meta property=\"og:url\" content=\"https:\/\/beebipood.ee\/ru\/produkt\/thule-urban-glide-3-vankrikorv-mid-blue\/\" \/>\n<meta property=\"og:site_name\" content=\"Beebipood\" \/>\n<meta property=\"article:modified_time\" content=\"2025-03-04T08:28:20+00:00\" \/>\n<meta property=\"og:image\" content=\"https:\/\/beebipood.ee\/wp-content\/uploads\/2014\/03\/Thule-Urban-Glide-3-jalutuskaru-komplekt-2-in-1-vali-varv-UUED-TOOTED-Lastevankrid-ja-karud-Jalutuskarud-THULE-Thule-Urban-Glide-3_6-cd6.jpg\" \/>\n\t<meta property=\"og:image:width\" content=\"1500\" \/>\n\t<meta property=\"og:image:height\" content=\"1500\" \/>\n\t<meta property=\"og:image:type\" content=\"image\/jpeg\" \/>\n<meta name=\"twitter:card\" content=\"summary_large_image\" \/>\n<meta name=\"twitter:label1\" content=\"\u041f\u0440\u0438\u043c\u0435\u0440\u043d\u043e\u0435 \u0432\u0440\u0435\u043c\u044f \u0434\u043b\u044f \u0447\u0442\u0435\u043d\u0438\u044f\" \/>\n\t<meta name=\"twitter:data1\" content=\"1 \u043c\u0438\u043d\u0443\u0442\u0430\" \/>\n<script type=\"application\/ld+json\" class=\"yoast-schema-graph\">{\"@context\":\"https:\/\/schema.org\",\"@graph\":[{\"@type\":\"WebPage\",\"@id\":\"https:\/\/beebipood.ee\/ru\/produkt\/thule-urban-glide-3-vankrikorv-mid-blue\/\",\"url\":\"https:\/\/beebipood.ee\/ru\/produkt\/thule-urban-glide-3-vankrikorv-mid-blue\/\",\"name\":\"Thule Urban Glide 3 vankrikorv, Mid Blue, \u0421\u041a\u0418\u0414\u041a\u0418, \u041b\u043e\u0448\u0430\u0434\u043a\u0430-\u043a\u0430\u0447\u0430\u043b\u043a\u0430, \u041a\u043e\u043b\u044f\u0441\u043a\u0438, \u041f\u0440\u043e\u0433\u0443\u043b\u043e\u0447\u043d\u044b\u0435 \u043a\u043e\u043b\u044f\u0441\u043a\u0438, \u041f\u0440\u0438\u043d\u0430\u0434\u043b\u0435\u0436\u043d\u043e\u0441\u0442\u0438, THULE, Thule Urban Glide 3, Thule Urban Glide 4-wheel, Beebipood\",\"isPartOf\":{\"@id\":\"https:\/\/beebipood.ee\/ru\/#website\"},\"primaryImageOfPage\":{\"@id\":\"https:\/\/beebipood.ee\/ru\/produkt\/thule-urban-glide-3-vankrikorv-mid-blue\/#primaryimage\"},\"image\":{\"@id\":\"https:\/\/beebipood.ee\/ru\/produkt\/thule-urban-glide-3-vankrikorv-mid-blue\/#primaryimage\"},\"thumbnailUrl\":\"https:\/\/beebipood.ee\/wp-content\/uploads\/2014\/03\/Thule-Urban-Glide-3-jalutuskaru-komplekt-2-in-1-vali-varv-UUED-TOOTED-Lastevankrid-ja-karud-Jalutuskarud-THULE-Thule-Urban-Glide-3_6-cd6.jpg\",\"datePublished\":\"2014-03-04T16:27:37+00:00\",\"dateModified\":\"2025-03-04T08:28:20+00:00\",\"description\":\"Thule Urban Glide 3 vankrikorv, Mid Blue, Thule vankrikorv&nbsp;muudab teie k&auml;ru hetkega mugavaks lapsevankriks.&lt;\",\"breadcrumb\":{\"@id\":\"https:\/\/beebipood.ee\/ru\/produkt\/thule-urban-glide-3-vankrikorv-mid-blue\/#breadcrumb\"},\"inLanguage\":\"ru-RU\",\"potentialAction\":[{\"@type\":\"ReadAction\",\"target\":[\"https:\/\/beebipood.ee\/ru\/produkt\/thule-urban-glide-3-vankrikorv-mid-blue\/\"]}]},{\"@type\":\"ImageObject\",\"inLanguage\":\"ru-RU\",\"@id\":\"https:\/\/beebipood.ee\/ru\/produkt\/thule-urban-glide-3-vankrikorv-mid-blue\/#primaryimage\",\"url\":\"https:\/\/beebipood.ee\/wp-content\/uploads\/2014\/03\/Thule-Urban-Glide-3-jalutuskaru-komplekt-2-in-1-vali-varv-UUED-TOOTED-Lastevankrid-ja-karud-Jalutuskarud-THULE-Thule-Urban-Glide-3_6-cd6.jpg\",\"contentUrl\":\"https:\/\/beebipood.ee\/wp-content\/uploads\/2014\/03\/Thule-Urban-Glide-3-jalutuskaru-komplekt-2-in-1-vali-varv-UUED-TOOTED-Lastevankrid-ja-karud-Jalutuskarud-THULE-Thule-Urban-Glide-3_6-cd6.jpg\",\"width\":1500,\"height\":1500},{\"@type\":\"BreadcrumbList\",\"@id\":\"https:\/\/beebipood.ee\/ru\/produkt\/thule-urban-glide-3-vankrikorv-mid-blue\/#breadcrumb\",\"itemListElement\":[{\"@type\":\"ListItem\",\"position\":1,\"name\":\"Home\",\"item\":\"https:\/\/beebipood.ee\/ru\/\"},{\"@type\":\"ListItem\",\"position\":2,\"name\":\"\u041a\u0430\u0442\u0430\u043b\u043e\u0433 \u0442\u043e\u0432\u0430\u0440\u043e\u0432\",\"item\":\"https:\/\/beebipood.ee\/tooted\/\"},{\"@type\":\"ListItem\",\"position\":3,\"name\":\"Thule Urban Glide 3 vankrikorv, Mid Blue\"}]},{\"@type\":\"WebSite\",\"@id\":\"https:\/\/beebipood.ee\/ru\/#website\",\"url\":\"https:\/\/beebipood.ee\/ru\/\",\"name\":\"Beebipood\",\"description\":\"Lastekaubad, beebikaubad, m\u00e4nguasjad\",\"publisher\":{\"@id\":\"https:\/\/beebipood.ee\/ru\/#organization\"},\"potentialAction\":[{\"@type\":\"SearchAction\",\"target\":{\"@type\":\"EntryPoint\",\"urlTemplate\":\"https:\/\/beebipood.ee\/ru\/?s={search_term_string}\"},\"query-input\":{\"@type\":\"PropertyValueSpecification\",\"valueRequired\":true,\"valueName\":\"search_term_string\"}}],\"inLanguage\":\"ru-RU\"},{\"@type\":\"Organization\",\"@id\":\"https:\/\/beebipood.ee\/ru\/#organization\",\"name\":\"Beebipood\",\"url\":\"https:\/\/beebipood.ee\/ru\/\",\"logo\":{\"@type\":\"ImageObject\",\"inLanguage\":\"ru-RU\",\"@id\":\"https:\/\/beebipood.ee\/ru\/#\/schema\/logo\/image\/\",\"url\":\"https:\/\/beebipood.ee\/wp-content\/uploads\/2025\/03\/beebipood.ee-logo-1.svg\",\"contentUrl\":\"https:\/\/beebipood.ee\/wp-content\/uploads\/2025\/03\/beebipood.ee-logo-1.svg\",\"caption\":\"Beebipood\"},\"image\":{\"@id\":\"https:\/\/beebipood.ee\/ru\/#\/schema\/logo\/image\/\"}}]}<\/script>\n<!-- \/ Yoast SEO plugin. -->","yoast_head_json":{"title":"Thule Urban Glide 3 vankrikorv, Mid Blue, \u0421\u041a\u0418\u0414\u041a\u0418, \u041b\u043e\u0448\u0430\u0434\u043a\u0430-\u043a\u0430\u0447\u0430\u043b\u043a\u0430, \u041a\u043e\u043b\u044f\u0441\u043a\u0438, \u041f\u0440\u043e\u0433\u0443\u043b\u043e\u0447\u043d\u044b\u0435 \u043a\u043e\u043b\u044f\u0441\u043a\u0438, \u041f\u0440\u0438\u043d\u0430\u0434\u043b\u0435\u0436\u043d\u043e\u0441\u0442\u0438, THULE, Thule Urban Glide 3, Thule Urban Glide 4-wheel, Beebipood","description":"Thule Urban Glide 3 vankrikorv, Mid Blue, Thule vankrikorv&nbsp;muudab teie k&auml;ru hetkega mugavaks lapsevankriks.&lt;","robots":{"index":"index","follow":"follow","max-snippet":"max-snippet:-1","max-image-preview":"max-image-preview:large","max-video-preview":"max-video-preview:-1"},"canonical":"https:\/\/beebipood.ee\/ru\/produkt\/thule-urban-glide-3-vankrikorv-mid-blue\/","og_locale":"ru_RU","og_type":"article","og_title":"Thule Urban Glide 3 vankrikorv, Mid Blue, \u0421\u041a\u0418\u0414\u041a\u0418, \u041b\u043e\u0448\u0430\u0434\u043a\u0430-\u043a\u0430\u0447\u0430\u043b\u043a\u0430, \u041a\u043e\u043b\u044f\u0441\u043a\u0438, \u041f\u0440\u043e\u0433\u0443\u043b\u043e\u0447\u043d\u044b\u0435 \u043a\u043e\u043b\u044f\u0441\u043a\u0438, \u041f\u0440\u0438\u043d\u0430\u0434\u043b\u0435\u0436\u043d\u043e\u0441\u0442\u0438, THULE, Thule Urban Glide 3, Thule Urban Glide 4-wheel, Beebipood","og_description":"Thule Urban Glide 3 vankrikorv, Mid Blue, Thule vankrikorv&nbsp;muudab teie k&auml;ru hetkega mugavaks lapsevankriks.&lt;","og_url":"https:\/\/beebipood.ee\/ru\/produkt\/thule-urban-glide-3-vankrikorv-mid-blue\/","og_site_name":"Beebipood","article_modified_time":"2025-03-04T08:28:20+00:00","og_image":[{"width":1500,"height":1500,"url":"https:\/\/beebipood.ee\/wp-content\/uploads\/2014\/03\/Thule-Urban-Glide-3-jalutuskaru-komplekt-2-in-1-vali-varv-UUED-TOOTED-Lastevankrid-ja-karud-Jalutuskarud-THULE-Thule-Urban-Glide-3_6-cd6.jpg","type":"image\/jpeg"}],"twitter_card":"summary_large_image","twitter_misc":{"\u041f\u0440\u0438\u043c\u0435\u0440\u043d\u043e\u0435 \u0432\u0440\u0435\u043c\u044f \u0434\u043b\u044f \u0447\u0442\u0435\u043d\u0438\u044f":"1 \u043c\u0438\u043d\u0443\u0442\u0430"},"schema":{"@context":"https:\/\/schema.org","@graph":[{"@type":"WebPage","@id":"https:\/\/beebipood.ee\/ru\/produkt\/thule-urban-glide-3-vankrikorv-mid-blue\/","url":"https:\/\/beebipood.ee\/ru\/produkt\/thule-urban-glide-3-vankrikorv-mid-blue\/","name":"Thule Urban Glide 3 vankrikorv, Mid Blue, \u0421\u041a\u0418\u0414\u041a\u0418, \u041b\u043e\u0448\u0430\u0434\u043a\u0430-\u043a\u0430\u0447\u0430\u043b\u043a\u0430, \u041a\u043e\u043b\u044f\u0441\u043a\u0438, \u041f\u0440\u043e\u0433\u0443\u043b\u043e\u0447\u043d\u044b\u0435 \u043a\u043e\u043b\u044f\u0441\u043a\u0438, \u041f\u0440\u0438\u043d\u0430\u0434\u043b\u0435\u0436\u043d\u043e\u0441\u0442\u0438, THULE, Thule Urban Glide 3, Thule Urban Glide 4-wheel, Beebipood","isPartOf":{"@id":"https:\/\/beebipood.ee\/ru\/#website"},"primaryImageOfPage":{"@id":"https:\/\/beebipood.ee\/ru\/produkt\/thule-urban-glide-3-vankrikorv-mid-blue\/#primaryimage"},"image":{"@id":"https:\/\/beebipood.ee\/ru\/produkt\/thule-urban-glide-3-vankrikorv-mid-blue\/#primaryimage"},"thumbnailUrl":"https:\/\/beebipood.ee\/wp-content\/uploads\/2014\/03\/Thule-Urban-Glide-3-jalutuskaru-komplekt-2-in-1-vali-varv-UUED-TOOTED-Lastevankrid-ja-karud-Jalutuskarud-THULE-Thule-Urban-Glide-3_6-cd6.jpg","datePublished":"2014-03-04T16:27:37+00:00","dateModified":"2025-03-04T08:28:20+00:00","description":"Thule Urban Glide 3 vankrikorv, Mid Blue, Thule vankrikorv&nbsp;muudab teie k&auml;ru hetkega mugavaks lapsevankriks.&lt;","breadcrumb":{"@id":"https:\/\/beebipood.ee\/ru\/produkt\/thule-urban-glide-3-vankrikorv-mid-blue\/#breadcrumb"},"inLanguage":"ru-RU","potentialAction":[{"@type":"ReadAction","target":["https:\/\/beebipood.ee\/ru\/produkt\/thule-urban-glide-3-vankrikorv-mid-blue\/"]}]},{"@type":"ImageObject","inLanguage":"ru-RU","@id":"https:\/\/beebipood.ee\/ru\/produkt\/thule-urban-glide-3-vankrikorv-mid-blue\/#primaryimage","url":"https:\/\/beebipood.ee\/wp-content\/uploads\/2014\/03\/Thule-Urban-Glide-3-jalutuskaru-komplekt-2-in-1-vali-varv-UUED-TOOTED-Lastevankrid-ja-karud-Jalutuskarud-THULE-Thule-Urban-Glide-3_6-cd6.jpg","contentUrl":"https:\/\/beebipood.ee\/wp-content\/uploads\/2014\/03\/Thule-Urban-Glide-3-jalutuskaru-komplekt-2-in-1-vali-varv-UUED-TOOTED-Lastevankrid-ja-karud-Jalutuskarud-THULE-Thule-Urban-Glide-3_6-cd6.jpg","width":1500,"height":1500},{"@type":"BreadcrumbList","@id":"https:\/\/beebipood.ee\/ru\/produkt\/thule-urban-glide-3-vankrikorv-mid-blue\/#breadcrumb","itemListElement":[{"@type":"ListItem","position":1,"name":"Home","item":"https:\/\/beebipood.ee\/ru\/"},{"@type":"ListItem","position":2,"name":"\u041a\u0430\u0442\u0430\u043b\u043e\u0433 \u0442\u043e\u0432\u0430\u0440\u043e\u0432","item":"https:\/\/beebipood.ee\/tooted\/"},{"@type":"ListItem","position":3,"name":"Thule Urban Glide 3 vankrikorv, Mid Blue"}]},{"@type":"WebSite","@id":"https:\/\/beebipood.ee\/ru\/#website","url":"https:\/\/beebipood.ee\/ru\/","name":"Beebipood","description":"Lastekaubad, beebikaubad, m\u00e4nguasjad","publisher":{"@id":"https:\/\/beebipood.ee\/ru\/#organization"},"potentialAction":[{"@type":"SearchAction","target":{"@type":"EntryPoint","urlTemplate":"https:\/\/beebipood.ee\/ru\/?s={search_term_string}"},"query-input":{"@type":"PropertyValueSpecification","valueRequired":true,"valueName":"search_term_string"}}],"inLanguage":"ru-RU"},{"@type":"Organization","@id":"https:\/\/beebipood.ee\/ru\/#organization","name":"Beebipood","url":"https:\/\/beebipood.ee\/ru\/","logo":{"@type":"ImageObject","inLanguage":"ru-RU","@id":"https:\/\/beebipood.ee\/ru\/#\/schema\/logo\/image\/","url":"https:\/\/beebipood.ee\/wp-content\/uploads\/2025\/03\/beebipood.ee-logo-1.svg","contentUrl":"https:\/\/beebipood.ee\/wp-content\/uploads\/2025\/03\/beebipood.ee-logo-1.svg","caption":"Beebipood"},"image":{"@id":"https:\/\/beebipood.ee\/ru\/#\/schema\/logo\/image\/"}}]}},"brands":[{"id":11980,"name":"THULE","slug":"thule-ru"}],"_links":{"self":[{"href":"https:\/\/beebipood.ee\/ru\/wp-json\/wp\/v2\/product\/455170","targetHints":{"allow":["GET"]}}],"collection":[{"href":"https:\/\/beebipood.ee\/ru\/wp-json\/wp\/v2\/product"}],"about":[{"href":"https:\/\/beebipood.ee\/ru\/wp-json\/wp\/v2\/types\/product"}],"wp:featuredmedia":[{"embeddable":true,"href":"https:\/\/beebipood.ee\/ru\/wp-json\/wp\/v2\/media\/151101"}],"wp:attachment":[{"href":"https:\/\/beebipood.ee\/ru\/wp-json\/wp\/v2\/media?parent=455170"}],"wp:term":[{"taxonomy":"pwb-brand","embeddable":true,"href":"https:\/\/beebipood.ee\/ru\/wp-json\/wp\/v2\/pwb-brand?post=455170"},{"taxonomy":"product_brand","embeddable":true,"href":"https:\/\/beebipood.ee\/ru\/wp-json\/wp\/v2\/product_brand?post=455170"},{"taxonomy":"product_cat","embeddable":true,"href":"https:\/\/beebipood.ee\/ru\/wp-json\/wp\/v2\/product_cat?post=455170"},{"taxonomy":"product_tag","embeddable":true,"href":"https:\/\/beebipood.ee\/ru\/wp-json\/wp\/v2\/product_tag?post=455170"}],"curies":[{"name":"wp","href":"https:\/\/api.w.org\/{rel}","templated":true}]}}