{"id":455172,"date":"2014-03-19T16:48:55","date_gmt":"2014-03-19T14:48:55","guid":{"rendered":"https:\/\/beebipood.ee\/toode\/beebivoodi-timi-turvapiirdega-60x120-valge-natural\/"},"modified":"2025-03-04T11:44:47","modified_gmt":"2025-03-04T09:44:47","slug":"beebivoodi-timi-turvapiirdega-60x120-valge-natural","status":"publish","type":"product","link":"https:\/\/beebipood.ee\/ru\/produkt\/beebivoodi-timi-turvapiirdega-60x120-valge-natural\/","title":{"rendered":"Beebivoodi Timi turvapiirdega 60&#215;120, valge\/natural"},"content":{"rendered":"<p><span>* naturaalsest m\u00e4nnipuidust beebivoodi<\/span><br \/><span>* viimistlus: peitsi ja v\u00e4rv<\/span><br \/><span>* voodi pikematel k\u00fclgedel on plastikust hambakaitse, et beebi oma esimesi hambaid ei vigastaks<\/span><br \/><span>* tugev lippidest voodip\u00f5hi<\/span><br \/><span>* p\u00f5hi on reguleeritav kolmele k\u00f5rgusele (maapinnast): 54 cm, 39 cm, 24 cm<\/span><br \/><span>* \u00fcks voodi k\u00fclg on eemaldatav<\/span><br \/><span>* \u00fchel pikemal k\u00fclje on v\u00f5imalik pulkasid \u00e4ra v\u00f5tta (3 tk.keskelt)<\/span><br \/><span>* komplektis v\u00e4ike turvapiire<\/span><br \/><span>* madrats ei kuulu komplekti<\/span><br \/><span>* sobivat m\u00f5\u00f5tu madrats voodisse: laius 60 cm, pikkus 120 cm\u00a0<\/span><a href=\"https:\/\/www.beebipood.ee\/lastemoobel-ja-sisustus\/madratsid-ja-kattemadratsid\/kuni-60cm-laiused.html\">SIIN<\/a><br \/><span>* toode vastab k\u00f5ikidele EN turvastandarditele<\/span><\/p>\n","protected":false},"excerpt":{"rendered":"<p>* naturaalsest m\u00e4nnipuidust beebivoodi* viimistlus: peitsi ja v\u00e4rv* voodi pikematel k\u00fclgedel on plastikust hambakaitse, et beebi oma esimesi hambaid ei vigastaks* tugev lippidest voodip\u00f5hi* p\u00f5hi on reguleeritav kolmele k\u00f5rgusele (maapinnast): 54 cm, 39 cm, 24 cm* \u00fcks voodi k\u00fclg on eemaldatav* \u00fchel pikemal k\u00fclje on v\u00f5imalik pulkasid \u00e4ra v\u00f5tta (3 tk.keskelt)* komplektis v\u00e4ike turvapiire* madrats [&hellip;]<\/p>\n","protected":false},"featured_media":103090,"template":"","meta":{"_acf_changed":false},"pwb-brand":[],"product_brand":[],"product_cat":[2313],"product_tag":[],"class_list":{"0":"post-455172","1":"product","2":"type-product","3":"status-publish","4":"has-post-thumbnail","6":"product_cat-maaramata","8":"first","9":"onbackorder","10":"sale","11":"taxable","12":"shipping-taxable","13":"purchasable","14":"product-type-simple"},"exclude_global_add_ons":[],"addons":[],"acf":[],"yoast_head":"<!-- This site is optimized with the Yoast SEO plugin v27.3 - https:\/\/yoast.com\/product\/yoast-seo-wordpress\/ -->\n<title>Beebivoodi Timi turvapiirdega 60x120, valge\/natural, \u0414\u0435\u0442\u0441\u043a\u0438e \u043a\u0440\u043e\u0432\u0430\u0442\u043a\u0438, \u043f\u0435\u0440\u0435\u043d\u043e\u0441\u043d\u044b\u0435 \u043a\u0440\u043e\u0432\u0430\u0442\u043a\u0438, \u043b\u044e\u043b\u044c\u043a\u0438, \u0414\u0435\u0442\u0441\u043a\u0438e \u043a\u0440\u043e\u0432\u0430\u0442\u043a\u0438, \u0421\u041a\u0418\u0414\u041a\u0418, \u043c\u0430\u0442\u0440\u0430\u0441 60x120, M\u0435\u0431\u0435\u043b\u044c, Ha c\u043a\u043b\u0430\u0434\u0435, Ladu t\u00fchjaks, Beebipood<\/title>\n<meta name=\"description\" content=\"Beebivoodi Timi turvapiirdega 60x120, valge\/natural, * naturaalsest m&auml;nnipuidust beebivoodi* viimistlus: peitsi ja v&auml;rv&lt;\/s\" \/>\n<meta name=\"robots\" content=\"index, follow, max-snippet:-1, max-image-preview:large, max-video-preview:-1\" \/>\n<link rel=\"canonical\" href=\"https:\/\/beebipood.ee\/ru\/produkt\/beebivoodi-timi-turvapiirdega-60x120-valge-natural\/\" \/>\n<meta property=\"og:locale\" content=\"ru_RU\" \/>\n<meta property=\"og:type\" content=\"article\" \/>\n<meta property=\"og:title\" content=\"Beebivoodi Timi turvapiirdega 60x120, valge\/natural, \u0414\u0435\u0442\u0441\u043a\u0438e \u043a\u0440\u043e\u0432\u0430\u0442\u043a\u0438, \u043f\u0435\u0440\u0435\u043d\u043e\u0441\u043d\u044b\u0435 \u043a\u0440\u043e\u0432\u0430\u0442\u043a\u0438, \u043b\u044e\u043b\u044c\u043a\u0438, \u0414\u0435\u0442\u0441\u043a\u0438e \u043a\u0440\u043e\u0432\u0430\u0442\u043a\u0438, \u0421\u041a\u0418\u0414\u041a\u0418, \u043c\u0430\u0442\u0440\u0430\u0441 60x120, M\u0435\u0431\u0435\u043b\u044c, Ha c\u043a\u043b\u0430\u0434\u0435, Ladu t\u00fchjaks, Beebipood\" \/>\n<meta property=\"og:description\" content=\"Beebivoodi Timi turvapiirdega 60x120, valge\/natural, * naturaalsest m&auml;nnipuidust beebivoodi* viimistlus: peitsi ja v&auml;rv&lt;\/s\" \/>\n<meta property=\"og:url\" content=\"https:\/\/beebipood.ee\/ru\/produkt\/beebivoodi-timi-turvapiirdega-60x120-valge-natural\/\" \/>\n<meta property=\"og:site_name\" content=\"Beebipood\" \/>\n<meta property=\"article:modified_time\" content=\"2025-03-04T09:44:47+00:00\" \/>\n<meta property=\"og:image\" content=\"https:\/\/beebipood.ee\/wp-content\/uploads\/2014\/03\/Beebivoodi-Timi-turvapiirdega-60x120-valgenatural-Beebivoodid-reisivoodid-hallid-Vorevoodid-madratsile-60x120-Lastemoobel-ja-sisustus_5-340.jpg\" \/>\n\t<meta property=\"og:image:width\" content=\"1000\" \/>\n\t<meta property=\"og:image:height\" content=\"738\" \/>\n\t<meta property=\"og:image:type\" content=\"image\/jpeg\" \/>\n<meta name=\"twitter:card\" content=\"summary_large_image\" \/>\n<script type=\"application\/ld+json\" class=\"yoast-schema-graph\">{\"@context\":\"https:\\\/\\\/schema.org\",\"@graph\":[{\"@type\":\"WebPage\",\"@id\":\"https:\\\/\\\/beebipood.ee\\\/ru\\\/produkt\\\/beebivoodi-timi-turvapiirdega-60x120-valge-natural\\\/\",\"url\":\"https:\\\/\\\/beebipood.ee\\\/ru\\\/produkt\\\/beebivoodi-timi-turvapiirdega-60x120-valge-natural\\\/\",\"name\":\"Beebivoodi Timi turvapiirdega 60x120, valge\\\/natural, \u0414\u0435\u0442\u0441\u043a\u0438e \u043a\u0440\u043e\u0432\u0430\u0442\u043a\u0438, \u043f\u0435\u0440\u0435\u043d\u043e\u0441\u043d\u044b\u0435 \u043a\u0440\u043e\u0432\u0430\u0442\u043a\u0438, \u043b\u044e\u043b\u044c\u043a\u0438, \u0414\u0435\u0442\u0441\u043a\u0438e \u043a\u0440\u043e\u0432\u0430\u0442\u043a\u0438, \u0421\u041a\u0418\u0414\u041a\u0418, \u043c\u0430\u0442\u0440\u0430\u0441 60x120, M\u0435\u0431\u0435\u043b\u044c, Ha c\u043a\u043b\u0430\u0434\u0435, Ladu t\u00fchjaks, Beebipood\",\"isPartOf\":{\"@id\":\"https:\\\/\\\/beebipood.ee\\\/ru\\\/#website\"},\"primaryImageOfPage\":{\"@id\":\"https:\\\/\\\/beebipood.ee\\\/ru\\\/produkt\\\/beebivoodi-timi-turvapiirdega-60x120-valge-natural\\\/#primaryimage\"},\"image\":{\"@id\":\"https:\\\/\\\/beebipood.ee\\\/ru\\\/produkt\\\/beebivoodi-timi-turvapiirdega-60x120-valge-natural\\\/#primaryimage\"},\"thumbnailUrl\":\"https:\\\/\\\/beebipood.ee\\\/wp-content\\\/uploads\\\/2014\\\/03\\\/Beebivoodi-Timi-turvapiirdega-60x120-valgenatural-Beebivoodid-reisivoodid-hallid-Vorevoodid-madratsile-60x120-Lastemoobel-ja-sisustus_5-340.jpg\",\"datePublished\":\"2014-03-19T14:48:55+00:00\",\"dateModified\":\"2025-03-04T09:44:47+00:00\",\"description\":\"Beebivoodi Timi turvapiirdega 60x120, valge\\\/natural, * naturaalsest m&auml;nnipuidust beebivoodi* viimistlus: peitsi ja v&auml;rv&lt;\\\/s\",\"breadcrumb\":{\"@id\":\"https:\\\/\\\/beebipood.ee\\\/ru\\\/produkt\\\/beebivoodi-timi-turvapiirdega-60x120-valge-natural\\\/#breadcrumb\"},\"inLanguage\":\"ru-RU\",\"potentialAction\":[{\"@type\":\"ReadAction\",\"target\":[\"https:\\\/\\\/beebipood.ee\\\/ru\\\/produkt\\\/beebivoodi-timi-turvapiirdega-60x120-valge-natural\\\/\"]}]},{\"@type\":\"ImageObject\",\"inLanguage\":\"ru-RU\",\"@id\":\"https:\\\/\\\/beebipood.ee\\\/ru\\\/produkt\\\/beebivoodi-timi-turvapiirdega-60x120-valge-natural\\\/#primaryimage\",\"url\":\"https:\\\/\\\/beebipood.ee\\\/wp-content\\\/uploads\\\/2014\\\/03\\\/Beebivoodi-Timi-turvapiirdega-60x120-valgenatural-Beebivoodid-reisivoodid-hallid-Vorevoodid-madratsile-60x120-Lastemoobel-ja-sisustus_5-340.jpg\",\"contentUrl\":\"https:\\\/\\\/beebipood.ee\\\/wp-content\\\/uploads\\\/2014\\\/03\\\/Beebivoodi-Timi-turvapiirdega-60x120-valgenatural-Beebivoodid-reisivoodid-hallid-Vorevoodid-madratsile-60x120-Lastemoobel-ja-sisustus_5-340.jpg\",\"width\":1000,\"height\":738},{\"@type\":\"BreadcrumbList\",\"@id\":\"https:\\\/\\\/beebipood.ee\\\/ru\\\/produkt\\\/beebivoodi-timi-turvapiirdega-60x120-valge-natural\\\/#breadcrumb\",\"itemListElement\":[{\"@type\":\"ListItem\",\"position\":1,\"name\":\"Home\",\"item\":\"https:\\\/\\\/beebipood.ee\\\/ru\\\/\"},{\"@type\":\"ListItem\",\"position\":2,\"name\":\"\u041a\u0430\u0442\u0430\u043b\u043e\u0433 \u0442\u043e\u0432\u0430\u0440\u043e\u0432\",\"item\":\"https:\\\/\\\/beebipood.ee\\\/tooted\\\/\"},{\"@type\":\"ListItem\",\"position\":3,\"name\":\"Beebivoodi Timi turvapiirdega 60&#215;120, valge\\\/natural\"}]},{\"@type\":\"WebSite\",\"@id\":\"https:\\\/\\\/beebipood.ee\\\/ru\\\/#website\",\"url\":\"https:\\\/\\\/beebipood.ee\\\/ru\\\/\",\"name\":\"Beebipood\",\"description\":\"Lastekaubad, beebikaubad, m\u00e4nguasjad\",\"publisher\":{\"@id\":\"https:\\\/\\\/beebipood.ee\\\/ru\\\/#organization\"},\"potentialAction\":[{\"@type\":\"SearchAction\",\"target\":{\"@type\":\"EntryPoint\",\"urlTemplate\":\"https:\\\/\\\/beebipood.ee\\\/ru\\\/?s={search_term_string}\"},\"query-input\":{\"@type\":\"PropertyValueSpecification\",\"valueRequired\":true,\"valueName\":\"search_term_string\"}}],\"inLanguage\":\"ru-RU\"},{\"@type\":\"Organization\",\"@id\":\"https:\\\/\\\/beebipood.ee\\\/ru\\\/#organization\",\"name\":\"Beebipood\",\"url\":\"https:\\\/\\\/beebipood.ee\\\/ru\\\/\",\"logo\":{\"@type\":\"ImageObject\",\"inLanguage\":\"ru-RU\",\"@id\":\"https:\\\/\\\/beebipood.ee\\\/ru\\\/#\\\/schema\\\/logo\\\/image\\\/\",\"url\":\"https:\\\/\\\/beebipood.ee\\\/wp-content\\\/uploads\\\/2025\\\/03\\\/beebipood.ee-logo-1.svg\",\"contentUrl\":\"https:\\\/\\\/beebipood.ee\\\/wp-content\\\/uploads\\\/2025\\\/03\\\/beebipood.ee-logo-1.svg\",\"caption\":\"Beebipood\"},\"image\":{\"@id\":\"https:\\\/\\\/beebipood.ee\\\/ru\\\/#\\\/schema\\\/logo\\\/image\\\/\"}}]}<\/script>\n<!-- \/ Yoast SEO plugin. -->","yoast_head_json":{"title":"Beebivoodi Timi turvapiirdega 60x120, valge\/natural, \u0414\u0435\u0442\u0441\u043a\u0438e \u043a\u0440\u043e\u0432\u0430\u0442\u043a\u0438, \u043f\u0435\u0440\u0435\u043d\u043e\u0441\u043d\u044b\u0435 \u043a\u0440\u043e\u0432\u0430\u0442\u043a\u0438, \u043b\u044e\u043b\u044c\u043a\u0438, \u0414\u0435\u0442\u0441\u043a\u0438e \u043a\u0440\u043e\u0432\u0430\u0442\u043a\u0438, \u0421\u041a\u0418\u0414\u041a\u0418, \u043c\u0430\u0442\u0440\u0430\u0441 60x120, M\u0435\u0431\u0435\u043b\u044c, Ha c\u043a\u043b\u0430\u0434\u0435, Ladu t\u00fchjaks, Beebipood","description":"Beebivoodi Timi turvapiirdega 60x120, valge\/natural, * naturaalsest m&auml;nnipuidust beebivoodi* viimistlus: peitsi ja v&auml;rv&lt;\/s","robots":{"index":"index","follow":"follow","max-snippet":"max-snippet:-1","max-image-preview":"max-image-preview:large","max-video-preview":"max-video-preview:-1"},"canonical":"https:\/\/beebipood.ee\/ru\/produkt\/beebivoodi-timi-turvapiirdega-60x120-valge-natural\/","og_locale":"ru_RU","og_type":"article","og_title":"Beebivoodi Timi turvapiirdega 60x120, valge\/natural, \u0414\u0435\u0442\u0441\u043a\u0438e \u043a\u0440\u043e\u0432\u0430\u0442\u043a\u0438, \u043f\u0435\u0440\u0435\u043d\u043e\u0441\u043d\u044b\u0435 \u043a\u0440\u043e\u0432\u0430\u0442\u043a\u0438, \u043b\u044e\u043b\u044c\u043a\u0438, \u0414\u0435\u0442\u0441\u043a\u0438e \u043a\u0440\u043e\u0432\u0430\u0442\u043a\u0438, \u0421\u041a\u0418\u0414\u041a\u0418, \u043c\u0430\u0442\u0440\u0430\u0441 60x120, M\u0435\u0431\u0435\u043b\u044c, Ha c\u043a\u043b\u0430\u0434\u0435, Ladu t\u00fchjaks, Beebipood","og_description":"Beebivoodi Timi turvapiirdega 60x120, valge\/natural, * naturaalsest m&auml;nnipuidust beebivoodi* viimistlus: peitsi ja v&auml;rv&lt;\/s","og_url":"https:\/\/beebipood.ee\/ru\/produkt\/beebivoodi-timi-turvapiirdega-60x120-valge-natural\/","og_site_name":"Beebipood","article_modified_time":"2025-03-04T09:44:47+00:00","og_image":[{"width":1000,"height":738,"url":"https:\/\/beebipood.ee\/wp-content\/uploads\/2014\/03\/Beebivoodi-Timi-turvapiirdega-60x120-valgenatural-Beebivoodid-reisivoodid-hallid-Vorevoodid-madratsile-60x120-Lastemoobel-ja-sisustus_5-340.jpg","type":"image\/jpeg"}],"twitter_card":"summary_large_image","schema":{"@context":"https:\/\/schema.org","@graph":[{"@type":"WebPage","@id":"https:\/\/beebipood.ee\/ru\/produkt\/beebivoodi-timi-turvapiirdega-60x120-valge-natural\/","url":"https:\/\/beebipood.ee\/ru\/produkt\/beebivoodi-timi-turvapiirdega-60x120-valge-natural\/","name":"Beebivoodi Timi turvapiirdega 60x120, valge\/natural, \u0414\u0435\u0442\u0441\u043a\u0438e \u043a\u0440\u043e\u0432\u0430\u0442\u043a\u0438, \u043f\u0435\u0440\u0435\u043d\u043e\u0441\u043d\u044b\u0435 \u043a\u0440\u043e\u0432\u0430\u0442\u043a\u0438, \u043b\u044e\u043b\u044c\u043a\u0438, \u0414\u0435\u0442\u0441\u043a\u0438e \u043a\u0440\u043e\u0432\u0430\u0442\u043a\u0438, \u0421\u041a\u0418\u0414\u041a\u0418, \u043c\u0430\u0442\u0440\u0430\u0441 60x120, M\u0435\u0431\u0435\u043b\u044c, Ha c\u043a\u043b\u0430\u0434\u0435, Ladu t\u00fchjaks, Beebipood","isPartOf":{"@id":"https:\/\/beebipood.ee\/ru\/#website"},"primaryImageOfPage":{"@id":"https:\/\/beebipood.ee\/ru\/produkt\/beebivoodi-timi-turvapiirdega-60x120-valge-natural\/#primaryimage"},"image":{"@id":"https:\/\/beebipood.ee\/ru\/produkt\/beebivoodi-timi-turvapiirdega-60x120-valge-natural\/#primaryimage"},"thumbnailUrl":"https:\/\/beebipood.ee\/wp-content\/uploads\/2014\/03\/Beebivoodi-Timi-turvapiirdega-60x120-valgenatural-Beebivoodid-reisivoodid-hallid-Vorevoodid-madratsile-60x120-Lastemoobel-ja-sisustus_5-340.jpg","datePublished":"2014-03-19T14:48:55+00:00","dateModified":"2025-03-04T09:44:47+00:00","description":"Beebivoodi Timi turvapiirdega 60x120, valge\/natural, * naturaalsest m&auml;nnipuidust beebivoodi* viimistlus: peitsi ja v&auml;rv&lt;\/s","breadcrumb":{"@id":"https:\/\/beebipood.ee\/ru\/produkt\/beebivoodi-timi-turvapiirdega-60x120-valge-natural\/#breadcrumb"},"inLanguage":"ru-RU","potentialAction":[{"@type":"ReadAction","target":["https:\/\/beebipood.ee\/ru\/produkt\/beebivoodi-timi-turvapiirdega-60x120-valge-natural\/"]}]},{"@type":"ImageObject","inLanguage":"ru-RU","@id":"https:\/\/beebipood.ee\/ru\/produkt\/beebivoodi-timi-turvapiirdega-60x120-valge-natural\/#primaryimage","url":"https:\/\/beebipood.ee\/wp-content\/uploads\/2014\/03\/Beebivoodi-Timi-turvapiirdega-60x120-valgenatural-Beebivoodid-reisivoodid-hallid-Vorevoodid-madratsile-60x120-Lastemoobel-ja-sisustus_5-340.jpg","contentUrl":"https:\/\/beebipood.ee\/wp-content\/uploads\/2014\/03\/Beebivoodi-Timi-turvapiirdega-60x120-valgenatural-Beebivoodid-reisivoodid-hallid-Vorevoodid-madratsile-60x120-Lastemoobel-ja-sisustus_5-340.jpg","width":1000,"height":738},{"@type":"BreadcrumbList","@id":"https:\/\/beebipood.ee\/ru\/produkt\/beebivoodi-timi-turvapiirdega-60x120-valge-natural\/#breadcrumb","itemListElement":[{"@type":"ListItem","position":1,"name":"Home","item":"https:\/\/beebipood.ee\/ru\/"},{"@type":"ListItem","position":2,"name":"\u041a\u0430\u0442\u0430\u043b\u043e\u0433 \u0442\u043e\u0432\u0430\u0440\u043e\u0432","item":"https:\/\/beebipood.ee\/tooted\/"},{"@type":"ListItem","position":3,"name":"Beebivoodi Timi turvapiirdega 60&#215;120, valge\/natural"}]},{"@type":"WebSite","@id":"https:\/\/beebipood.ee\/ru\/#website","url":"https:\/\/beebipood.ee\/ru\/","name":"Beebipood","description":"Lastekaubad, beebikaubad, m\u00e4nguasjad","publisher":{"@id":"https:\/\/beebipood.ee\/ru\/#organization"},"potentialAction":[{"@type":"SearchAction","target":{"@type":"EntryPoint","urlTemplate":"https:\/\/beebipood.ee\/ru\/?s={search_term_string}"},"query-input":{"@type":"PropertyValueSpecification","valueRequired":true,"valueName":"search_term_string"}}],"inLanguage":"ru-RU"},{"@type":"Organization","@id":"https:\/\/beebipood.ee\/ru\/#organization","name":"Beebipood","url":"https:\/\/beebipood.ee\/ru\/","logo":{"@type":"ImageObject","inLanguage":"ru-RU","@id":"https:\/\/beebipood.ee\/ru\/#\/schema\/logo\/image\/","url":"https:\/\/beebipood.ee\/wp-content\/uploads\/2025\/03\/beebipood.ee-logo-1.svg","contentUrl":"https:\/\/beebipood.ee\/wp-content\/uploads\/2025\/03\/beebipood.ee-logo-1.svg","caption":"Beebipood"},"image":{"@id":"https:\/\/beebipood.ee\/ru\/#\/schema\/logo\/image\/"}}]}},"brands":[],"_links":{"self":[{"href":"https:\/\/beebipood.ee\/ru\/wp-json\/wp\/v2\/product\/455172","targetHints":{"allow":["GET"]}}],"collection":[{"href":"https:\/\/beebipood.ee\/ru\/wp-json\/wp\/v2\/product"}],"about":[{"href":"https:\/\/beebipood.ee\/ru\/wp-json\/wp\/v2\/types\/product"}],"wp:featuredmedia":[{"embeddable":true,"href":"https:\/\/beebipood.ee\/ru\/wp-json\/wp\/v2\/media\/103090"}],"wp:attachment":[{"href":"https:\/\/beebipood.ee\/ru\/wp-json\/wp\/v2\/media?parent=455172"}],"wp:term":[{"taxonomy":"pwb-brand","embeddable":true,"href":"https:\/\/beebipood.ee\/ru\/wp-json\/wp\/v2\/pwb-brand?post=455172"},{"taxonomy":"product_brand","embeddable":true,"href":"https:\/\/beebipood.ee\/ru\/wp-json\/wp\/v2\/product_brand?post=455172"},{"taxonomy":"product_cat","embeddable":true,"href":"https:\/\/beebipood.ee\/ru\/wp-json\/wp\/v2\/product_cat?post=455172"},{"taxonomy":"product_tag","embeddable":true,"href":"https:\/\/beebipood.ee\/ru\/wp-json\/wp\/v2\/product_tag?post=455172"}],"curies":[{"name":"wp","href":"https:\/\/api.w.org\/{rel}","templated":true}]}}