{"id":455174,"date":"2014-03-24T10:23:09","date_gmt":"2014-03-24T08:23:09","guid":{"rendered":"https:\/\/beebipood.ee\/toode\/yappyqu-beebivoodi-ja-yappyclassic-kummut-green-limited\/"},"modified":"2025-01-09T10:51:45","modified_gmt":"2025-01-09T08:51:45","slug":"yappyqu-beebivoodi-ja-yappyclassic-kummut-green-limited","status":"publish","type":"product","link":"https:\/\/beebipood.ee\/ru\/produkt\/yappyqu-beebivoodi-ja-yappyclassic-kummut-green-limited\/","title":{"rendered":"YappyQu beebivoodi ja YappyClassic kummut, Green Limited"},"content":{"rendered":"<p>YappyKids<\/p>\n<p><span style=\"text-decoration: underline;\">Lastevoodi YappyQu<\/span> \u2013 klassikalise stiili suurep\u00e4rane esindaja.<br \/>Voodi k\u00f5ik detailid ja \u00e4\u00e4red on \u00fcmardatud nurkadega.<br \/>Viimistluses kasutatakse vaid vesialusel v\u00e4rve ja lakke.<br \/>Selleks, et veenduda voodite ohutuses ja usaldusv\u00e4\u00e4rsuses,<br \/>on voodeid testitud vastavalt Euroopa Liidu standardile EN 716-1:2017+AC:2019.<br \/>Yappy Kids l\u00e4bis k\u00f5ik vajalikud testid kiitusega.<br \/>Materjal: kask<br \/>Madratsi soovitatavad m\u00f5\u00f5dud: 120 \u0445 60 cm<br \/>Madratsip\u00f5hjal 3 k\u00f5rgust<br \/>\u00dche k\u00e4e abil avatav pool<br \/>YappyProtection: spetsiaalselt plastkatted<br \/>Yappy Long-life: 3 v\u00e4ljat\u00f5mmatavat latti fikseeritud k\u00fcljel<br \/>Lastevoodi on sertifitseeritud normi \u0415\u0421:EN 716-1:2017+AC:2019 j\u00e4rgi.<br \/>Lakid ja v\u00e4rvid vesialuselised.<br \/>Astmeline madratsi k\u00f5rgus:<br \/>1. k\u00f5rgus: 58 cm + 9 cm paksune madrats<br \/>2. k\u00f5rgus: 45 cm + 9 cm paksune madrats<br \/>3. k\u00f5rgus: 28 cm + 9 cm paksune madrats<\/p>\n<p><span style=\"text-decoration: underline;\">YappyClassic<\/span> on l\u00e4bim\u00f5eldud kummut,<br \/>et see lisaks visuaalsele veetlusele vastaks ka ohutusstandarditele.<br \/>Vaadates selle neljakandilist kuju l\u00e4hemalt, paneme t\u00e4hele,<br \/>et tegelikult on k\u00f5ik nurgad \u00fcmardatud, k\u00f5rvaldamaks ohtu beebile.<br \/>3 kummutisse sisseehitatud sahtlit tagavad piisava ruumi,<br \/>et paigutada kummutisse k\u00f5ik vajalik. Sahtlid on varustatud teleskoopsiinidega,<br \/>mis v\u00f5imaldavad sahtlid l\u00f5puni lahti t\u00f5mmata.<br \/>Komplekti kuulub puidust m\u00e4hkimisalus m\u00f5\u00f5tudega 75&#215;55 cm<br \/>Selle v\u00f5ib peale asetada nii vasakult kui ka paremalt poolt.<br \/>M\u00e4hkimisalus on eemaldatav, et beebi kasvades ei peaks Te v\u00e4lja vahetama kummutit.<br \/>Materjal: MDF\/Kask<br \/>Veebaasil lakid ja v\u00e4rvid.<\/p>\n","protected":false},"excerpt":{"rendered":"<p>YappyKids Lastevoodi YappyQu \u2013 klassikalise stiili suurep\u00e4rane esindaja.Voodi k\u00f5ik detailid ja \u00e4\u00e4red on \u00fcmardatud nurkadega.Viimistluses kasutatakse vaid vesialusel v\u00e4rve ja lakke.Selleks, et veenduda voodite ohutuses ja usaldusv\u00e4\u00e4rsuses,on voodeid testitud vastavalt Euroopa Liidu standardile EN 716-1:2017+AC:2019.Yappy Kids l\u00e4bis k\u00f5ik vajalikud testid kiitusega.Materjal: kaskMadratsi soovitatavad m\u00f5\u00f5dud: 120 \u0445 60 cmMadratsip\u00f5hjal 3 k\u00f5rgust\u00dche k\u00e4e abil avatav poolYappyProtection: spetsiaalselt [&hellip;]<\/p>\n","protected":false},"featured_media":103158,"template":"","meta":{"_acf_changed":false},"pwb-brand":[11969],"product_brand":[],"product_cat":[11573,11561,11789],"product_tag":[],"class_list":{"0":"post-455174","1":"product","2":"type-product","3":"status-publish","4":"has-post-thumbnail","6":"pwb-brand-yappykids-ru","7":"product_cat-sooduspakkumised-ru","8":"product_cat-tubade-komplektid-ru","9":"product_cat-lastemoobel-ja-sisustus-ru","10":"pa_manufacturer-yappykids-ru","12":"first","13":"onbackorder","14":"sale","15":"taxable","16":"shipping-taxable","17":"purchasable","18":"product-type-simple"},"exclude_global_add_ons":[],"addons":[],"acf":[],"yoast_head":"<!-- This site is optimized with the Yoast SEO plugin v27.1.1 - https:\/\/yoast.com\/product\/yoast-seo-wordpress\/ -->\n<title>YappyQu beebivoodi ja YappyClassic kummut, Green Limited, \u041a\u043e\u043c\u043f\u043b\u0435\u043a\u0442\u044b \u0434\u043b\u044f \u043a\u043e\u043c\u043d\u0430\u0442, \u0421\u041a\u0418\u0414\u041a\u0418, M\u0435\u0431\u0435\u043b\u044c, Yappy sets -20%, YappyKids -20%, Beebipood<\/title>\n<meta name=\"description\" content=\"YappyQu beebivoodi ja YappyClassic kummut, Green Limited, YappyKids Lastevoodi YappyQu &ndash; klass\" \/>\n<meta name=\"robots\" content=\"index, follow, max-snippet:-1, max-image-preview:large, max-video-preview:-1\" \/>\n<link rel=\"canonical\" href=\"https:\/\/beebipood.ee\/ru\/produkt\/yappyqu-beebivoodi-ja-yappyclassic-kummut-green-limited\/\" \/>\n<meta property=\"og:locale\" content=\"ru_RU\" \/>\n<meta property=\"og:type\" content=\"article\" \/>\n<meta property=\"og:title\" content=\"YappyQu beebivoodi ja YappyClassic kummut, Green Limited, \u041a\u043e\u043c\u043f\u043b\u0435\u043a\u0442\u044b \u0434\u043b\u044f \u043a\u043e\u043c\u043d\u0430\u0442, \u0421\u041a\u0418\u0414\u041a\u0418, M\u0435\u0431\u0435\u043b\u044c, Yappy sets -20%, YappyKids -20%, Beebipood\" \/>\n<meta property=\"og:description\" content=\"YappyQu beebivoodi ja YappyClassic kummut, Green Limited, YappyKids Lastevoodi YappyQu &ndash; klass\" \/>\n<meta property=\"og:url\" content=\"https:\/\/beebipood.ee\/ru\/produkt\/yappyqu-beebivoodi-ja-yappyclassic-kummut-green-limited\/\" \/>\n<meta property=\"og:site_name\" content=\"Beebipood\" \/>\n<meta property=\"article:modified_time\" content=\"2025-01-09T08:51:45+00:00\" \/>\n<meta property=\"og:image\" content=\"https:\/\/beebipood.ee\/wp-content\/uploads\/2014\/03\/YappyQu-beebivoodi-ja-YappyClassic-kummut-Green-Limited-Tubade-komplektid-UUED-TOOTED-Lastemoobel-ja-sisustus-YappyKids-20_3-e88.jpg\" \/>\n\t<meta property=\"og:image:width\" content=\"1200\" \/>\n\t<meta property=\"og:image:height\" content=\"1060\" \/>\n\t<meta property=\"og:image:type\" content=\"image\/jpeg\" \/>\n<meta name=\"twitter:card\" content=\"summary_large_image\" \/>\n<meta name=\"twitter:label1\" content=\"\u041f\u0440\u0438\u043c\u0435\u0440\u043d\u043e\u0435 \u0432\u0440\u0435\u043c\u044f \u0434\u043b\u044f \u0447\u0442\u0435\u043d\u0438\u044f\" \/>\n\t<meta name=\"twitter:data1\" content=\"1 \u043c\u0438\u043d\u0443\u0442\u0430\" \/>\n<script type=\"application\/ld+json\" class=\"yoast-schema-graph\">{\"@context\":\"https:\/\/schema.org\",\"@graph\":[{\"@type\":\"WebPage\",\"@id\":\"https:\/\/beebipood.ee\/ru\/produkt\/yappyqu-beebivoodi-ja-yappyclassic-kummut-green-limited\/\",\"url\":\"https:\/\/beebipood.ee\/ru\/produkt\/yappyqu-beebivoodi-ja-yappyclassic-kummut-green-limited\/\",\"name\":\"YappyQu beebivoodi ja YappyClassic kummut, Green Limited, \u041a\u043e\u043c\u043f\u043b\u0435\u043a\u0442\u044b \u0434\u043b\u044f \u043a\u043e\u043c\u043d\u0430\u0442, \u0421\u041a\u0418\u0414\u041a\u0418, M\u0435\u0431\u0435\u043b\u044c, Yappy sets -20%, YappyKids -20%, Beebipood\",\"isPartOf\":{\"@id\":\"https:\/\/beebipood.ee\/ru\/#website\"},\"primaryImageOfPage\":{\"@id\":\"https:\/\/beebipood.ee\/ru\/produkt\/yappyqu-beebivoodi-ja-yappyclassic-kummut-green-limited\/#primaryimage\"},\"image\":{\"@id\":\"https:\/\/beebipood.ee\/ru\/produkt\/yappyqu-beebivoodi-ja-yappyclassic-kummut-green-limited\/#primaryimage\"},\"thumbnailUrl\":\"https:\/\/beebipood.ee\/wp-content\/uploads\/2014\/03\/YappyQu-beebivoodi-ja-YappyClassic-kummut-Green-Limited-Tubade-komplektid-UUED-TOOTED-Lastemoobel-ja-sisustus-YappyKids-20_3-e88.jpg\",\"datePublished\":\"2014-03-24T08:23:09+00:00\",\"dateModified\":\"2025-01-09T08:51:45+00:00\",\"description\":\"YappyQu beebivoodi ja YappyClassic kummut, Green Limited, YappyKids Lastevoodi YappyQu &ndash; klass\",\"breadcrumb\":{\"@id\":\"https:\/\/beebipood.ee\/ru\/produkt\/yappyqu-beebivoodi-ja-yappyclassic-kummut-green-limited\/#breadcrumb\"},\"inLanguage\":\"ru-RU\",\"potentialAction\":[{\"@type\":\"ReadAction\",\"target\":[\"https:\/\/beebipood.ee\/ru\/produkt\/yappyqu-beebivoodi-ja-yappyclassic-kummut-green-limited\/\"]}]},{\"@type\":\"ImageObject\",\"inLanguage\":\"ru-RU\",\"@id\":\"https:\/\/beebipood.ee\/ru\/produkt\/yappyqu-beebivoodi-ja-yappyclassic-kummut-green-limited\/#primaryimage\",\"url\":\"https:\/\/beebipood.ee\/wp-content\/uploads\/2014\/03\/YappyQu-beebivoodi-ja-YappyClassic-kummut-Green-Limited-Tubade-komplektid-UUED-TOOTED-Lastemoobel-ja-sisustus-YappyKids-20_3-e88.jpg\",\"contentUrl\":\"https:\/\/beebipood.ee\/wp-content\/uploads\/2014\/03\/YappyQu-beebivoodi-ja-YappyClassic-kummut-Green-Limited-Tubade-komplektid-UUED-TOOTED-Lastemoobel-ja-sisustus-YappyKids-20_3-e88.jpg\",\"width\":1200,\"height\":1060},{\"@type\":\"BreadcrumbList\",\"@id\":\"https:\/\/beebipood.ee\/ru\/produkt\/yappyqu-beebivoodi-ja-yappyclassic-kummut-green-limited\/#breadcrumb\",\"itemListElement\":[{\"@type\":\"ListItem\",\"position\":1,\"name\":\"Home\",\"item\":\"https:\/\/beebipood.ee\/ru\/\"},{\"@type\":\"ListItem\",\"position\":2,\"name\":\"\u041a\u0430\u0442\u0430\u043b\u043e\u0433 \u0442\u043e\u0432\u0430\u0440\u043e\u0432\",\"item\":\"https:\/\/beebipood.ee\/tooted\/\"},{\"@type\":\"ListItem\",\"position\":3,\"name\":\"YappyQu beebivoodi ja YappyClassic kummut, Green Limited\"}]},{\"@type\":\"WebSite\",\"@id\":\"https:\/\/beebipood.ee\/ru\/#website\",\"url\":\"https:\/\/beebipood.ee\/ru\/\",\"name\":\"Beebipood\",\"description\":\"Lastekaubad, beebikaubad, m\u00e4nguasjad\",\"publisher\":{\"@id\":\"https:\/\/beebipood.ee\/ru\/#organization\"},\"potentialAction\":[{\"@type\":\"SearchAction\",\"target\":{\"@type\":\"EntryPoint\",\"urlTemplate\":\"https:\/\/beebipood.ee\/ru\/?s={search_term_string}\"},\"query-input\":{\"@type\":\"PropertyValueSpecification\",\"valueRequired\":true,\"valueName\":\"search_term_string\"}}],\"inLanguage\":\"ru-RU\"},{\"@type\":\"Organization\",\"@id\":\"https:\/\/beebipood.ee\/ru\/#organization\",\"name\":\"Beebipood\",\"url\":\"https:\/\/beebipood.ee\/ru\/\",\"logo\":{\"@type\":\"ImageObject\",\"inLanguage\":\"ru-RU\",\"@id\":\"https:\/\/beebipood.ee\/ru\/#\/schema\/logo\/image\/\",\"url\":\"https:\/\/beebipood.ee\/wp-content\/uploads\/2025\/03\/beebipood.ee-logo-1.svg\",\"contentUrl\":\"https:\/\/beebipood.ee\/wp-content\/uploads\/2025\/03\/beebipood.ee-logo-1.svg\",\"caption\":\"Beebipood\"},\"image\":{\"@id\":\"https:\/\/beebipood.ee\/ru\/#\/schema\/logo\/image\/\"}}]}<\/script>\n<!-- \/ Yoast SEO plugin. -->","yoast_head_json":{"title":"YappyQu beebivoodi ja YappyClassic kummut, Green Limited, \u041a\u043e\u043c\u043f\u043b\u0435\u043a\u0442\u044b \u0434\u043b\u044f \u043a\u043e\u043c\u043d\u0430\u0442, \u0421\u041a\u0418\u0414\u041a\u0418, M\u0435\u0431\u0435\u043b\u044c, Yappy sets -20%, YappyKids -20%, Beebipood","description":"YappyQu beebivoodi ja YappyClassic kummut, Green Limited, YappyKids Lastevoodi YappyQu &ndash; klass","robots":{"index":"index","follow":"follow","max-snippet":"max-snippet:-1","max-image-preview":"max-image-preview:large","max-video-preview":"max-video-preview:-1"},"canonical":"https:\/\/beebipood.ee\/ru\/produkt\/yappyqu-beebivoodi-ja-yappyclassic-kummut-green-limited\/","og_locale":"ru_RU","og_type":"article","og_title":"YappyQu beebivoodi ja YappyClassic kummut, Green Limited, \u041a\u043e\u043c\u043f\u043b\u0435\u043a\u0442\u044b \u0434\u043b\u044f \u043a\u043e\u043c\u043d\u0430\u0442, \u0421\u041a\u0418\u0414\u041a\u0418, M\u0435\u0431\u0435\u043b\u044c, Yappy sets -20%, YappyKids -20%, Beebipood","og_description":"YappyQu beebivoodi ja YappyClassic kummut, Green Limited, YappyKids Lastevoodi YappyQu &ndash; klass","og_url":"https:\/\/beebipood.ee\/ru\/produkt\/yappyqu-beebivoodi-ja-yappyclassic-kummut-green-limited\/","og_site_name":"Beebipood","article_modified_time":"2025-01-09T08:51:45+00:00","og_image":[{"width":1200,"height":1060,"url":"https:\/\/beebipood.ee\/wp-content\/uploads\/2014\/03\/YappyQu-beebivoodi-ja-YappyClassic-kummut-Green-Limited-Tubade-komplektid-UUED-TOOTED-Lastemoobel-ja-sisustus-YappyKids-20_3-e88.jpg","type":"image\/jpeg"}],"twitter_card":"summary_large_image","twitter_misc":{"\u041f\u0440\u0438\u043c\u0435\u0440\u043d\u043e\u0435 \u0432\u0440\u0435\u043c\u044f \u0434\u043b\u044f \u0447\u0442\u0435\u043d\u0438\u044f":"1 \u043c\u0438\u043d\u0443\u0442\u0430"},"schema":{"@context":"https:\/\/schema.org","@graph":[{"@type":"WebPage","@id":"https:\/\/beebipood.ee\/ru\/produkt\/yappyqu-beebivoodi-ja-yappyclassic-kummut-green-limited\/","url":"https:\/\/beebipood.ee\/ru\/produkt\/yappyqu-beebivoodi-ja-yappyclassic-kummut-green-limited\/","name":"YappyQu beebivoodi ja YappyClassic kummut, Green Limited, \u041a\u043e\u043c\u043f\u043b\u0435\u043a\u0442\u044b \u0434\u043b\u044f \u043a\u043e\u043c\u043d\u0430\u0442, \u0421\u041a\u0418\u0414\u041a\u0418, M\u0435\u0431\u0435\u043b\u044c, Yappy sets -20%, YappyKids -20%, Beebipood","isPartOf":{"@id":"https:\/\/beebipood.ee\/ru\/#website"},"primaryImageOfPage":{"@id":"https:\/\/beebipood.ee\/ru\/produkt\/yappyqu-beebivoodi-ja-yappyclassic-kummut-green-limited\/#primaryimage"},"image":{"@id":"https:\/\/beebipood.ee\/ru\/produkt\/yappyqu-beebivoodi-ja-yappyclassic-kummut-green-limited\/#primaryimage"},"thumbnailUrl":"https:\/\/beebipood.ee\/wp-content\/uploads\/2014\/03\/YappyQu-beebivoodi-ja-YappyClassic-kummut-Green-Limited-Tubade-komplektid-UUED-TOOTED-Lastemoobel-ja-sisustus-YappyKids-20_3-e88.jpg","datePublished":"2014-03-24T08:23:09+00:00","dateModified":"2025-01-09T08:51:45+00:00","description":"YappyQu beebivoodi ja YappyClassic kummut, Green Limited, YappyKids Lastevoodi YappyQu &ndash; klass","breadcrumb":{"@id":"https:\/\/beebipood.ee\/ru\/produkt\/yappyqu-beebivoodi-ja-yappyclassic-kummut-green-limited\/#breadcrumb"},"inLanguage":"ru-RU","potentialAction":[{"@type":"ReadAction","target":["https:\/\/beebipood.ee\/ru\/produkt\/yappyqu-beebivoodi-ja-yappyclassic-kummut-green-limited\/"]}]},{"@type":"ImageObject","inLanguage":"ru-RU","@id":"https:\/\/beebipood.ee\/ru\/produkt\/yappyqu-beebivoodi-ja-yappyclassic-kummut-green-limited\/#primaryimage","url":"https:\/\/beebipood.ee\/wp-content\/uploads\/2014\/03\/YappyQu-beebivoodi-ja-YappyClassic-kummut-Green-Limited-Tubade-komplektid-UUED-TOOTED-Lastemoobel-ja-sisustus-YappyKids-20_3-e88.jpg","contentUrl":"https:\/\/beebipood.ee\/wp-content\/uploads\/2014\/03\/YappyQu-beebivoodi-ja-YappyClassic-kummut-Green-Limited-Tubade-komplektid-UUED-TOOTED-Lastemoobel-ja-sisustus-YappyKids-20_3-e88.jpg","width":1200,"height":1060},{"@type":"BreadcrumbList","@id":"https:\/\/beebipood.ee\/ru\/produkt\/yappyqu-beebivoodi-ja-yappyclassic-kummut-green-limited\/#breadcrumb","itemListElement":[{"@type":"ListItem","position":1,"name":"Home","item":"https:\/\/beebipood.ee\/ru\/"},{"@type":"ListItem","position":2,"name":"\u041a\u0430\u0442\u0430\u043b\u043e\u0433 \u0442\u043e\u0432\u0430\u0440\u043e\u0432","item":"https:\/\/beebipood.ee\/tooted\/"},{"@type":"ListItem","position":3,"name":"YappyQu beebivoodi ja YappyClassic kummut, Green Limited"}]},{"@type":"WebSite","@id":"https:\/\/beebipood.ee\/ru\/#website","url":"https:\/\/beebipood.ee\/ru\/","name":"Beebipood","description":"Lastekaubad, beebikaubad, m\u00e4nguasjad","publisher":{"@id":"https:\/\/beebipood.ee\/ru\/#organization"},"potentialAction":[{"@type":"SearchAction","target":{"@type":"EntryPoint","urlTemplate":"https:\/\/beebipood.ee\/ru\/?s={search_term_string}"},"query-input":{"@type":"PropertyValueSpecification","valueRequired":true,"valueName":"search_term_string"}}],"inLanguage":"ru-RU"},{"@type":"Organization","@id":"https:\/\/beebipood.ee\/ru\/#organization","name":"Beebipood","url":"https:\/\/beebipood.ee\/ru\/","logo":{"@type":"ImageObject","inLanguage":"ru-RU","@id":"https:\/\/beebipood.ee\/ru\/#\/schema\/logo\/image\/","url":"https:\/\/beebipood.ee\/wp-content\/uploads\/2025\/03\/beebipood.ee-logo-1.svg","contentUrl":"https:\/\/beebipood.ee\/wp-content\/uploads\/2025\/03\/beebipood.ee-logo-1.svg","caption":"Beebipood"},"image":{"@id":"https:\/\/beebipood.ee\/ru\/#\/schema\/logo\/image\/"}}]}},"brands":[{"id":11969,"name":"YappyKids","slug":"yappykids-ru"}],"_links":{"self":[{"href":"https:\/\/beebipood.ee\/ru\/wp-json\/wp\/v2\/product\/455174","targetHints":{"allow":["GET"]}}],"collection":[{"href":"https:\/\/beebipood.ee\/ru\/wp-json\/wp\/v2\/product"}],"about":[{"href":"https:\/\/beebipood.ee\/ru\/wp-json\/wp\/v2\/types\/product"}],"wp:featuredmedia":[{"embeddable":true,"href":"https:\/\/beebipood.ee\/ru\/wp-json\/wp\/v2\/media\/103158"}],"wp:attachment":[{"href":"https:\/\/beebipood.ee\/ru\/wp-json\/wp\/v2\/media?parent=455174"}],"wp:term":[{"taxonomy":"pwb-brand","embeddable":true,"href":"https:\/\/beebipood.ee\/ru\/wp-json\/wp\/v2\/pwb-brand?post=455174"},{"taxonomy":"product_brand","embeddable":true,"href":"https:\/\/beebipood.ee\/ru\/wp-json\/wp\/v2\/product_brand?post=455174"},{"taxonomy":"product_cat","embeddable":true,"href":"https:\/\/beebipood.ee\/ru\/wp-json\/wp\/v2\/product_cat?post=455174"},{"taxonomy":"product_tag","embeddable":true,"href":"https:\/\/beebipood.ee\/ru\/wp-json\/wp\/v2\/product_tag?post=455174"}],"curies":[{"name":"wp","href":"https:\/\/api.w.org\/{rel}","templated":true}]}}