{"id":455194,"date":"2014-03-31T16:18:45","date_gmt":"2014-03-31T13:18:45","guid":{"rendered":"https:\/\/beebipood.ee\/toode\/lastevoodi-smart-80x160-grafiit\/"},"modified":"2026-02-06T16:19:32","modified_gmt":"2026-02-06T14:19:32","slug":"lastevoodi-smart-80x160-grafiit","status":"publish","type":"product","link":"https:\/\/beebipood.ee\/ru\/produkt\/lastevoodi-smart-80x160-grafiit\/","title":{"rendered":"Lastevoodi Smart 80&#215;160, grafiit"},"content":{"rendered":"<p>valmistatud m\u00e4nnipuidust, MDF&#8217;st ja m\u00f6\u00f6bliplaadist<br \/>viimistluses on kasutatud vee baasil \u00f6koloogiliselt puhtaid ja ohutuid v\u00e4rve<br \/>iga voodi on v\u00e4rvitud kolm korda, mis tagab v\u00e4rvi p\u00fcsivuse<br \/>m\u00f5eldes lapse ohutusele on voodi k\u00f5ik servad \u00fcmardatud<br \/>kvaliteetne ja vastupidav, lihtne kokku panna, kergesti puhastatav<br \/>voodit on v\u00f5imalik kokku panna peegelpildis<br \/>Komplekti kuulub: voodi, voodialune panipaik, voodip\u00f5hi,<br \/>turvapiirded ja poroloonmadrats m\u00f5\u00f5dus 80&#215;160 cm<br \/>madratsi kott on \u00e4ra v\u00f5etav ja pestav<br \/>voodialuse panipaiga paneelid on v\u00e4rvitud valgeks<br \/>Voodi kandev\u00f5ime: 100kg<\/p>\n","protected":false},"excerpt":{"rendered":"<p>valmistatud m\u00e4nnipuidust, MDF&#8217;st ja m\u00f6\u00f6bliplaadistviimistluses on kasutatud vee baasil \u00f6koloogiliselt puhtaid ja ohutuid v\u00e4rveiga voodi on v\u00e4rvitud kolm korda, mis tagab v\u00e4rvi p\u00fcsivusem\u00f5eldes lapse ohutusele on voodi k\u00f5ik servad \u00fcmardatudkvaliteetne ja vastupidav, lihtne kokku panna, kergesti puhastatavvoodit on v\u00f5imalik kokku panna peegelpildisKomplekti kuulub: voodi, voodialune panipaik, voodip\u00f5hi,turvapiirded ja poroloonmadrats m\u00f5\u00f5dus 80&#215;160 cmmadratsi kott on \u00e4ra [&hellip;]<\/p>\n","protected":false},"featured_media":103226,"template":"","meta":{"_acf_changed":false},"pwb-brand":[],"product_brand":[],"product_cat":[11589,11559,11789],"product_tag":[],"class_list":{"0":"post-455194","1":"product","2":"type-product","3":"status-publish","4":"has-post-thumbnail","6":"product_cat-80cm-laiused-ru","7":"product_cat-laste-ja-noortevoodid-ru","8":"product_cat-lastemoobel-ja-sisustus-ru","10":"first","11":"onbackorder","12":"sale","13":"taxable","14":"shipping-taxable","15":"purchasable","16":"product-type-simple"},"exclude_global_add_ons":[],"addons":[],"acf":[],"yoast_head":"<!-- This site is optimized with the Yoast SEO plugin v27.3 - https:\/\/yoast.com\/product\/yoast-seo-wordpress\/ -->\n<title>Lastevoodi Smart 80x160, grafiit, \u041a\u0440\u043e\u0432\u0430\u0442\u0438 \u0434\u043b\u044f \u0434\u0435\u0442\u0435\u0439 \u0438 \u043f\u043e\u0434\u0440\u043e\u0441\u0442\u043a\u043e\u0432, \u0428\u0438\u0440\u0438\u043d\u0430 80c\u043c, M\u0435\u0431\u0435\u043b\u044c, Beebipood<\/title>\n<meta name=\"description\" content=\"Lastevoodi Smart 80x160, grafiit, valmistatud m&auml;nnipuidust, MDF&#039;st ja m&ouml;&ouml;bliplaadistviimistluses on kasutatud vee baasil &ouml;koloogili\" \/>\n<meta name=\"robots\" content=\"index, follow, max-snippet:-1, max-image-preview:large, max-video-preview:-1\" \/>\n<link rel=\"canonical\" href=\"https:\/\/beebipood.ee\/ru\/produkt\/lastevoodi-smart-80x160-grafiit\/\" \/>\n<meta property=\"og:locale\" content=\"ru_RU\" \/>\n<meta property=\"og:type\" content=\"article\" \/>\n<meta property=\"og:title\" content=\"Lastevoodi Smart 80x160, grafiit, \u041a\u0440\u043e\u0432\u0430\u0442\u0438 \u0434\u043b\u044f \u0434\u0435\u0442\u0435\u0439 \u0438 \u043f\u043e\u0434\u0440\u043e\u0441\u0442\u043a\u043e\u0432, \u0428\u0438\u0440\u0438\u043d\u0430 80c\u043c, M\u0435\u0431\u0435\u043b\u044c, Beebipood\" \/>\n<meta property=\"og:description\" content=\"Lastevoodi Smart 80x160, grafiit, valmistatud m&auml;nnipuidust, MDF&#039;st ja m&ouml;&ouml;bliplaadistviimistluses on kasutatud vee baasil &ouml;koloogili\" \/>\n<meta property=\"og:url\" content=\"https:\/\/beebipood.ee\/ru\/produkt\/lastevoodi-smart-80x160-grafiit\/\" \/>\n<meta property=\"og:site_name\" content=\"Beebipood\" \/>\n<meta property=\"article:modified_time\" content=\"2026-02-06T14:19:32+00:00\" \/>\n<meta property=\"og:image\" content=\"https:\/\/beebipood.ee\/wp-content\/uploads\/2014\/03\/Lastevoodi-Smart-80x160-grafiit-Laste-ja-noortevoodid-UUED-TOOTED-80cm-laiused-Lastemoobel-ja-sisustus_4-08a-scaled.jpg\" \/>\n\t<meta property=\"og:image:width\" content=\"2560\" \/>\n\t<meta property=\"og:image:height\" content=\"1705\" \/>\n\t<meta property=\"og:image:type\" content=\"image\/jpeg\" \/>\n<meta name=\"twitter:card\" content=\"summary_large_image\" \/>\n<script type=\"application\/ld+json\" class=\"yoast-schema-graph\">{\"@context\":\"https:\\\/\\\/schema.org\",\"@graph\":[{\"@type\":\"WebPage\",\"@id\":\"https:\\\/\\\/beebipood.ee\\\/ru\\\/produkt\\\/lastevoodi-smart-80x160-grafiit\\\/\",\"url\":\"https:\\\/\\\/beebipood.ee\\\/ru\\\/produkt\\\/lastevoodi-smart-80x160-grafiit\\\/\",\"name\":\"Lastevoodi Smart 80x160, grafiit, \u041a\u0440\u043e\u0432\u0430\u0442\u0438 \u0434\u043b\u044f \u0434\u0435\u0442\u0435\u0439 \u0438 \u043f\u043e\u0434\u0440\u043e\u0441\u0442\u043a\u043e\u0432, \u0428\u0438\u0440\u0438\u043d\u0430 80c\u043c, M\u0435\u0431\u0435\u043b\u044c, Beebipood\",\"isPartOf\":{\"@id\":\"https:\\\/\\\/beebipood.ee\\\/ru\\\/#website\"},\"primaryImageOfPage\":{\"@id\":\"https:\\\/\\\/beebipood.ee\\\/ru\\\/produkt\\\/lastevoodi-smart-80x160-grafiit\\\/#primaryimage\"},\"image\":{\"@id\":\"https:\\\/\\\/beebipood.ee\\\/ru\\\/produkt\\\/lastevoodi-smart-80x160-grafiit\\\/#primaryimage\"},\"thumbnailUrl\":\"https:\\\/\\\/beebipood.ee\\\/wp-content\\\/uploads\\\/2014\\\/03\\\/Lastevoodi-Smart-80x160-grafiit-Laste-ja-noortevoodid-UUED-TOOTED-80cm-laiused-Lastemoobel-ja-sisustus_4-08a-scaled.jpg\",\"datePublished\":\"2014-03-31T13:18:45+00:00\",\"dateModified\":\"2026-02-06T14:19:32+00:00\",\"description\":\"Lastevoodi Smart 80x160, grafiit, valmistatud m&auml;nnipuidust, MDF'st ja m&ouml;&ouml;bliplaadistviimistluses on kasutatud vee baasil &ouml;koloogili\",\"breadcrumb\":{\"@id\":\"https:\\\/\\\/beebipood.ee\\\/ru\\\/produkt\\\/lastevoodi-smart-80x160-grafiit\\\/#breadcrumb\"},\"inLanguage\":\"ru-RU\",\"potentialAction\":[{\"@type\":\"ReadAction\",\"target\":[\"https:\\\/\\\/beebipood.ee\\\/ru\\\/produkt\\\/lastevoodi-smart-80x160-grafiit\\\/\"]}]},{\"@type\":\"ImageObject\",\"inLanguage\":\"ru-RU\",\"@id\":\"https:\\\/\\\/beebipood.ee\\\/ru\\\/produkt\\\/lastevoodi-smart-80x160-grafiit\\\/#primaryimage\",\"url\":\"https:\\\/\\\/beebipood.ee\\\/wp-content\\\/uploads\\\/2014\\\/03\\\/Lastevoodi-Smart-80x160-grafiit-Laste-ja-noortevoodid-UUED-TOOTED-80cm-laiused-Lastemoobel-ja-sisustus_4-08a-scaled.jpg\",\"contentUrl\":\"https:\\\/\\\/beebipood.ee\\\/wp-content\\\/uploads\\\/2014\\\/03\\\/Lastevoodi-Smart-80x160-grafiit-Laste-ja-noortevoodid-UUED-TOOTED-80cm-laiused-Lastemoobel-ja-sisustus_4-08a-scaled.jpg\",\"width\":2560,\"height\":1705},{\"@type\":\"BreadcrumbList\",\"@id\":\"https:\\\/\\\/beebipood.ee\\\/ru\\\/produkt\\\/lastevoodi-smart-80x160-grafiit\\\/#breadcrumb\",\"itemListElement\":[{\"@type\":\"ListItem\",\"position\":1,\"name\":\"Home\",\"item\":\"https:\\\/\\\/beebipood.ee\\\/ru\\\/\"},{\"@type\":\"ListItem\",\"position\":2,\"name\":\"\u041a\u0430\u0442\u0430\u043b\u043e\u0433 \u0442\u043e\u0432\u0430\u0440\u043e\u0432\",\"item\":\"https:\\\/\\\/beebipood.ee\\\/tooted\\\/\"},{\"@type\":\"ListItem\",\"position\":3,\"name\":\"Lastevoodi Smart 80&#215;160, grafiit\"}]},{\"@type\":\"WebSite\",\"@id\":\"https:\\\/\\\/beebipood.ee\\\/ru\\\/#website\",\"url\":\"https:\\\/\\\/beebipood.ee\\\/ru\\\/\",\"name\":\"Beebipood\",\"description\":\"Lastekaubad, beebikaubad, m\u00e4nguasjad\",\"publisher\":{\"@id\":\"https:\\\/\\\/beebipood.ee\\\/ru\\\/#organization\"},\"potentialAction\":[{\"@type\":\"SearchAction\",\"target\":{\"@type\":\"EntryPoint\",\"urlTemplate\":\"https:\\\/\\\/beebipood.ee\\\/ru\\\/?s={search_term_string}\"},\"query-input\":{\"@type\":\"PropertyValueSpecification\",\"valueRequired\":true,\"valueName\":\"search_term_string\"}}],\"inLanguage\":\"ru-RU\"},{\"@type\":\"Organization\",\"@id\":\"https:\\\/\\\/beebipood.ee\\\/ru\\\/#organization\",\"name\":\"Beebipood\",\"url\":\"https:\\\/\\\/beebipood.ee\\\/ru\\\/\",\"logo\":{\"@type\":\"ImageObject\",\"inLanguage\":\"ru-RU\",\"@id\":\"https:\\\/\\\/beebipood.ee\\\/ru\\\/#\\\/schema\\\/logo\\\/image\\\/\",\"url\":\"https:\\\/\\\/beebipood.ee\\\/wp-content\\\/uploads\\\/2025\\\/03\\\/beebipood.ee-logo-1.svg\",\"contentUrl\":\"https:\\\/\\\/beebipood.ee\\\/wp-content\\\/uploads\\\/2025\\\/03\\\/beebipood.ee-logo-1.svg\",\"caption\":\"Beebipood\"},\"image\":{\"@id\":\"https:\\\/\\\/beebipood.ee\\\/ru\\\/#\\\/schema\\\/logo\\\/image\\\/\"}}]}<\/script>\n<!-- \/ Yoast SEO plugin. -->","yoast_head_json":{"title":"Lastevoodi Smart 80x160, grafiit, \u041a\u0440\u043e\u0432\u0430\u0442\u0438 \u0434\u043b\u044f \u0434\u0435\u0442\u0435\u0439 \u0438 \u043f\u043e\u0434\u0440\u043e\u0441\u0442\u043a\u043e\u0432, \u0428\u0438\u0440\u0438\u043d\u0430 80c\u043c, M\u0435\u0431\u0435\u043b\u044c, Beebipood","description":"Lastevoodi Smart 80x160, grafiit, valmistatud m&auml;nnipuidust, MDF'st ja m&ouml;&ouml;bliplaadistviimistluses on kasutatud vee baasil &ouml;koloogili","robots":{"index":"index","follow":"follow","max-snippet":"max-snippet:-1","max-image-preview":"max-image-preview:large","max-video-preview":"max-video-preview:-1"},"canonical":"https:\/\/beebipood.ee\/ru\/produkt\/lastevoodi-smart-80x160-grafiit\/","og_locale":"ru_RU","og_type":"article","og_title":"Lastevoodi Smart 80x160, grafiit, \u041a\u0440\u043e\u0432\u0430\u0442\u0438 \u0434\u043b\u044f \u0434\u0435\u0442\u0435\u0439 \u0438 \u043f\u043e\u0434\u0440\u043e\u0441\u0442\u043a\u043e\u0432, \u0428\u0438\u0440\u0438\u043d\u0430 80c\u043c, M\u0435\u0431\u0435\u043b\u044c, Beebipood","og_description":"Lastevoodi Smart 80x160, grafiit, valmistatud m&auml;nnipuidust, MDF'st ja m&ouml;&ouml;bliplaadistviimistluses on kasutatud vee baasil &ouml;koloogili","og_url":"https:\/\/beebipood.ee\/ru\/produkt\/lastevoodi-smart-80x160-grafiit\/","og_site_name":"Beebipood","article_modified_time":"2026-02-06T14:19:32+00:00","og_image":[{"width":2560,"height":1705,"url":"https:\/\/beebipood.ee\/wp-content\/uploads\/2014\/03\/Lastevoodi-Smart-80x160-grafiit-Laste-ja-noortevoodid-UUED-TOOTED-80cm-laiused-Lastemoobel-ja-sisustus_4-08a-scaled.jpg","type":"image\/jpeg"}],"twitter_card":"summary_large_image","schema":{"@context":"https:\/\/schema.org","@graph":[{"@type":"WebPage","@id":"https:\/\/beebipood.ee\/ru\/produkt\/lastevoodi-smart-80x160-grafiit\/","url":"https:\/\/beebipood.ee\/ru\/produkt\/lastevoodi-smart-80x160-grafiit\/","name":"Lastevoodi Smart 80x160, grafiit, \u041a\u0440\u043e\u0432\u0430\u0442\u0438 \u0434\u043b\u044f \u0434\u0435\u0442\u0435\u0439 \u0438 \u043f\u043e\u0434\u0440\u043e\u0441\u0442\u043a\u043e\u0432, \u0428\u0438\u0440\u0438\u043d\u0430 80c\u043c, M\u0435\u0431\u0435\u043b\u044c, Beebipood","isPartOf":{"@id":"https:\/\/beebipood.ee\/ru\/#website"},"primaryImageOfPage":{"@id":"https:\/\/beebipood.ee\/ru\/produkt\/lastevoodi-smart-80x160-grafiit\/#primaryimage"},"image":{"@id":"https:\/\/beebipood.ee\/ru\/produkt\/lastevoodi-smart-80x160-grafiit\/#primaryimage"},"thumbnailUrl":"https:\/\/beebipood.ee\/wp-content\/uploads\/2014\/03\/Lastevoodi-Smart-80x160-grafiit-Laste-ja-noortevoodid-UUED-TOOTED-80cm-laiused-Lastemoobel-ja-sisustus_4-08a-scaled.jpg","datePublished":"2014-03-31T13:18:45+00:00","dateModified":"2026-02-06T14:19:32+00:00","description":"Lastevoodi Smart 80x160, grafiit, valmistatud m&auml;nnipuidust, MDF'st ja m&ouml;&ouml;bliplaadistviimistluses on kasutatud vee baasil &ouml;koloogili","breadcrumb":{"@id":"https:\/\/beebipood.ee\/ru\/produkt\/lastevoodi-smart-80x160-grafiit\/#breadcrumb"},"inLanguage":"ru-RU","potentialAction":[{"@type":"ReadAction","target":["https:\/\/beebipood.ee\/ru\/produkt\/lastevoodi-smart-80x160-grafiit\/"]}]},{"@type":"ImageObject","inLanguage":"ru-RU","@id":"https:\/\/beebipood.ee\/ru\/produkt\/lastevoodi-smart-80x160-grafiit\/#primaryimage","url":"https:\/\/beebipood.ee\/wp-content\/uploads\/2014\/03\/Lastevoodi-Smart-80x160-grafiit-Laste-ja-noortevoodid-UUED-TOOTED-80cm-laiused-Lastemoobel-ja-sisustus_4-08a-scaled.jpg","contentUrl":"https:\/\/beebipood.ee\/wp-content\/uploads\/2014\/03\/Lastevoodi-Smart-80x160-grafiit-Laste-ja-noortevoodid-UUED-TOOTED-80cm-laiused-Lastemoobel-ja-sisustus_4-08a-scaled.jpg","width":2560,"height":1705},{"@type":"BreadcrumbList","@id":"https:\/\/beebipood.ee\/ru\/produkt\/lastevoodi-smart-80x160-grafiit\/#breadcrumb","itemListElement":[{"@type":"ListItem","position":1,"name":"Home","item":"https:\/\/beebipood.ee\/ru\/"},{"@type":"ListItem","position":2,"name":"\u041a\u0430\u0442\u0430\u043b\u043e\u0433 \u0442\u043e\u0432\u0430\u0440\u043e\u0432","item":"https:\/\/beebipood.ee\/tooted\/"},{"@type":"ListItem","position":3,"name":"Lastevoodi Smart 80&#215;160, grafiit"}]},{"@type":"WebSite","@id":"https:\/\/beebipood.ee\/ru\/#website","url":"https:\/\/beebipood.ee\/ru\/","name":"Beebipood","description":"Lastekaubad, beebikaubad, m\u00e4nguasjad","publisher":{"@id":"https:\/\/beebipood.ee\/ru\/#organization"},"potentialAction":[{"@type":"SearchAction","target":{"@type":"EntryPoint","urlTemplate":"https:\/\/beebipood.ee\/ru\/?s={search_term_string}"},"query-input":{"@type":"PropertyValueSpecification","valueRequired":true,"valueName":"search_term_string"}}],"inLanguage":"ru-RU"},{"@type":"Organization","@id":"https:\/\/beebipood.ee\/ru\/#organization","name":"Beebipood","url":"https:\/\/beebipood.ee\/ru\/","logo":{"@type":"ImageObject","inLanguage":"ru-RU","@id":"https:\/\/beebipood.ee\/ru\/#\/schema\/logo\/image\/","url":"https:\/\/beebipood.ee\/wp-content\/uploads\/2025\/03\/beebipood.ee-logo-1.svg","contentUrl":"https:\/\/beebipood.ee\/wp-content\/uploads\/2025\/03\/beebipood.ee-logo-1.svg","caption":"Beebipood"},"image":{"@id":"https:\/\/beebipood.ee\/ru\/#\/schema\/logo\/image\/"}}]}},"brands":[],"_links":{"self":[{"href":"https:\/\/beebipood.ee\/ru\/wp-json\/wp\/v2\/product\/455194","targetHints":{"allow":["GET"]}}],"collection":[{"href":"https:\/\/beebipood.ee\/ru\/wp-json\/wp\/v2\/product"}],"about":[{"href":"https:\/\/beebipood.ee\/ru\/wp-json\/wp\/v2\/types\/product"}],"wp:featuredmedia":[{"embeddable":true,"href":"https:\/\/beebipood.ee\/ru\/wp-json\/wp\/v2\/media\/103226"}],"wp:attachment":[{"href":"https:\/\/beebipood.ee\/ru\/wp-json\/wp\/v2\/media?parent=455194"}],"wp:term":[{"taxonomy":"pwb-brand","embeddable":true,"href":"https:\/\/beebipood.ee\/ru\/wp-json\/wp\/v2\/pwb-brand?post=455194"},{"taxonomy":"product_brand","embeddable":true,"href":"https:\/\/beebipood.ee\/ru\/wp-json\/wp\/v2\/product_brand?post=455194"},{"taxonomy":"product_cat","embeddable":true,"href":"https:\/\/beebipood.ee\/ru\/wp-json\/wp\/v2\/product_cat?post=455194"},{"taxonomy":"product_tag","embeddable":true,"href":"https:\/\/beebipood.ee\/ru\/wp-json\/wp\/v2\/product_tag?post=455194"}],"curies":[{"name":"wp","href":"https:\/\/api.w.org\/{rel}","templated":true}]}}