{"id":455332,"date":"2014-05-06T16:12:41","date_gmt":"2014-05-06T13:12:41","guid":{"rendered":"https:\/\/beebipood.ee\/toode\/lastevoodi-wiki-madagaskar-70x140\/"},"modified":"2025-01-09T10:51:36","modified_gmt":"2025-01-09T08:51:36","slug":"lastevoodi-wiki-madagaskar-70x140","status":"publish","type":"product","link":"https:\/\/beebipood.ee\/ru\/produkt\/lastevoodi-wiki-madagaskar-70x140\/","title":{"rendered":"Lastevoodi Wiki Madagaskar 70&#215;140"},"content":{"rendered":"<ul>\n<li>lastevoodi on valmistatud k\u00f5rge kvaliteediga laminaadist ja MDF\u2019st<\/li>\n<li>viimistluses on kasutatud \u00f6koloogiliselt puhtaid ja ohutuid v\u00e4rve<\/li>\n<li>voodi nurgad on \u00fcmardatud ja lapsele turvalised<\/li>\n<li>komplektis on turvapiire ja voodikast<\/li>\n<li>voodikast liigub ratastel\u00a0<\/li>\n<li>kvaliteetne ja vastupidav , lihtne kokku panna, kergesti puhastatav<\/li>\n<li>madratsi t\u00e4itematerjaliks on k\u00f5rgelastne poroloon<\/li>\n<li>madratsi m\u00f5\u00f5dud on 70 x 140x 7 cm<\/li>\n<\/ul>\n","protected":false},"excerpt":{"rendered":"<p>lastevoodi on valmistatud k\u00f5rge kvaliteediga laminaadist ja MDF\u2019st viimistluses on kasutatud \u00f6koloogiliselt puhtaid ja ohutuid v\u00e4rve voodi nurgad on \u00fcmardatud ja lapsele turvalised komplektis on turvapiire ja voodikast voodikast liigub ratastel\u00a0 kvaliteetne ja vastupidav , lihtne kokku panna, kergesti puhastatav madratsi t\u00e4itematerjaliks on k\u00f5rgelastne poroloon madratsi m\u00f5\u00f5dud on 70 x 140x 7 cm<\/p>\n","protected":false},"featured_media":103584,"template":"","meta":{"_acf_changed":false},"pwb-brand":[],"product_brand":[],"product_cat":[2322],"product_tag":[],"class_list":{"0":"post-455332","1":"product","2":"type-product","3":"status-publish","4":"has-post-thumbnail","6":"product_cat-bez-kategorii","8":"first","9":"onbackorder","10":"sale","11":"taxable","12":"shipping-taxable","13":"purchasable","14":"product-type-simple"},"exclude_global_add_ons":false,"addons":[{"name":"VALI VARIANT","type":"multiple_choice","position":0,"required":true,"title_format":"heading","default":"","description_enable":false,"description":"","placeholder_enable":false,"placeholder":"","display":"select","restrictions_type":"any_text","adjust_price":false,"price":"","price_type":"flat_fee","restrictions":false,"min":"0","max":"0","options":[{"label":"voodikastiga","price":"","price_type":"quantity_based","image":0,"visibility":true},{"label":"ilma voodikastita","price":"-30.0000","price_type":"quantity_based","image":0,"visibility":true}]}],"acf":[],"yoast_head":"<!-- This site is optimized with the Yoast SEO plugin v27.1.1 - https:\/\/yoast.com\/product\/yoast-seo-wordpress\/ -->\n<title>Lastevoodi Wiki Madagaskar 70x140, \u041a\u0440\u043e\u0432\u0430\u0442\u0438 \u0434\u043b\u044f \u0434\u0435\u0442\u0435\u0439 \u0438 \u043f\u043e\u0434\u0440\u043e\u0441\u0442\u043a\u043e\u0432, \u0421\u041a\u0418\u0414\u041a\u0418, \u0428\u0438\u0440\u0438\u043d\u0430 70c\u043c, M\u0435\u0431\u0435\u043b\u044c, Beebipood<\/title>\n<meta name=\"description\" content=\"Lastevoodi Wiki Madagaskar 70x140, lastevoodi on valmistatud k&otilde;rge kvaliteediga laminaadist ja MDF&rsquo;st viimistluses on kasutatud\" \/>\n<meta name=\"robots\" content=\"index, follow, max-snippet:-1, max-image-preview:large, max-video-preview:-1\" \/>\n<link rel=\"canonical\" href=\"https:\/\/beebipood.ee\/ru\/produkt\/lastevoodi-wiki-madagaskar-70x140\/\" \/>\n<meta property=\"og:locale\" content=\"ru_RU\" \/>\n<meta property=\"og:type\" content=\"article\" \/>\n<meta property=\"og:title\" content=\"Lastevoodi Wiki Madagaskar 70x140, \u041a\u0440\u043e\u0432\u0430\u0442\u0438 \u0434\u043b\u044f \u0434\u0435\u0442\u0435\u0439 \u0438 \u043f\u043e\u0434\u0440\u043e\u0441\u0442\u043a\u043e\u0432, \u0421\u041a\u0418\u0414\u041a\u0418, \u0428\u0438\u0440\u0438\u043d\u0430 70c\u043c, M\u0435\u0431\u0435\u043b\u044c, Beebipood\" \/>\n<meta property=\"og:description\" content=\"Lastevoodi Wiki Madagaskar 70x140, lastevoodi on valmistatud k&otilde;rge kvaliteediga laminaadist ja MDF&rsquo;st viimistluses on kasutatud\" \/>\n<meta property=\"og:url\" content=\"https:\/\/beebipood.ee\/ru\/produkt\/lastevoodi-wiki-madagaskar-70x140\/\" \/>\n<meta property=\"og:site_name\" content=\"Beebipood\" \/>\n<meta property=\"article:modified_time\" content=\"2025-01-09T08:51:36+00:00\" \/>\n<meta property=\"og:image\" content=\"https:\/\/beebipood.ee\/wp-content\/uploads\/2014\/05\/Lastevoodi-Wiki-Madagaskar-70x140-madrats-voodikast-Laste-ja-noortevoodid-SOODUSPAKKUMISED-70cm-laiused_2-24f.jpg\" \/>\n\t<meta property=\"og:image:width\" content=\"2051\" \/>\n\t<meta property=\"og:image:height\" content=\"1533\" \/>\n\t<meta property=\"og:image:type\" content=\"image\/jpeg\" \/>\n<meta name=\"twitter:card\" content=\"summary_large_image\" \/>\n<script type=\"application\/ld+json\" class=\"yoast-schema-graph\">{\"@context\":\"https:\/\/schema.org\",\"@graph\":[{\"@type\":\"WebPage\",\"@id\":\"https:\/\/beebipood.ee\/ru\/produkt\/lastevoodi-wiki-madagaskar-70x140\/\",\"url\":\"https:\/\/beebipood.ee\/ru\/produkt\/lastevoodi-wiki-madagaskar-70x140\/\",\"name\":\"Lastevoodi Wiki Madagaskar 70x140, \u041a\u0440\u043e\u0432\u0430\u0442\u0438 \u0434\u043b\u044f \u0434\u0435\u0442\u0435\u0439 \u0438 \u043f\u043e\u0434\u0440\u043e\u0441\u0442\u043a\u043e\u0432, \u0421\u041a\u0418\u0414\u041a\u0418, \u0428\u0438\u0440\u0438\u043d\u0430 70c\u043c, M\u0435\u0431\u0435\u043b\u044c, Beebipood\",\"isPartOf\":{\"@id\":\"https:\/\/beebipood.ee\/ru\/#website\"},\"primaryImageOfPage\":{\"@id\":\"https:\/\/beebipood.ee\/ru\/produkt\/lastevoodi-wiki-madagaskar-70x140\/#primaryimage\"},\"image\":{\"@id\":\"https:\/\/beebipood.ee\/ru\/produkt\/lastevoodi-wiki-madagaskar-70x140\/#primaryimage\"},\"thumbnailUrl\":\"https:\/\/beebipood.ee\/wp-content\/uploads\/2014\/05\/Lastevoodi-Wiki-Madagaskar-70x140-madrats-voodikast-Laste-ja-noortevoodid-SOODUSPAKKUMISED-70cm-laiused_2-24f.jpg\",\"datePublished\":\"2014-05-06T13:12:41+00:00\",\"dateModified\":\"2025-01-09T08:51:36+00:00\",\"description\":\"Lastevoodi Wiki Madagaskar 70x140, lastevoodi on valmistatud k&otilde;rge kvaliteediga laminaadist ja MDF&rsquo;st viimistluses on kasutatud\",\"breadcrumb\":{\"@id\":\"https:\/\/beebipood.ee\/ru\/produkt\/lastevoodi-wiki-madagaskar-70x140\/#breadcrumb\"},\"inLanguage\":\"ru-RU\",\"potentialAction\":[{\"@type\":\"ReadAction\",\"target\":[\"https:\/\/beebipood.ee\/ru\/produkt\/lastevoodi-wiki-madagaskar-70x140\/\"]}]},{\"@type\":\"ImageObject\",\"inLanguage\":\"ru-RU\",\"@id\":\"https:\/\/beebipood.ee\/ru\/produkt\/lastevoodi-wiki-madagaskar-70x140\/#primaryimage\",\"url\":\"https:\/\/beebipood.ee\/wp-content\/uploads\/2014\/05\/Lastevoodi-Wiki-Madagaskar-70x140-madrats-voodikast-Laste-ja-noortevoodid-SOODUSPAKKUMISED-70cm-laiused_2-24f.jpg\",\"contentUrl\":\"https:\/\/beebipood.ee\/wp-content\/uploads\/2014\/05\/Lastevoodi-Wiki-Madagaskar-70x140-madrats-voodikast-Laste-ja-noortevoodid-SOODUSPAKKUMISED-70cm-laiused_2-24f.jpg\",\"width\":2051,\"height\":1533},{\"@type\":\"BreadcrumbList\",\"@id\":\"https:\/\/beebipood.ee\/ru\/produkt\/lastevoodi-wiki-madagaskar-70x140\/#breadcrumb\",\"itemListElement\":[{\"@type\":\"ListItem\",\"position\":1,\"name\":\"Home\",\"item\":\"https:\/\/beebipood.ee\/ru\/\"},{\"@type\":\"ListItem\",\"position\":2,\"name\":\"\u041a\u0430\u0442\u0430\u043b\u043e\u0433 \u0442\u043e\u0432\u0430\u0440\u043e\u0432\",\"item\":\"https:\/\/beebipood.ee\/tooted\/\"},{\"@type\":\"ListItem\",\"position\":3,\"name\":\"Lastevoodi Wiki Madagaskar 70&#215;140\"}]},{\"@type\":\"WebSite\",\"@id\":\"https:\/\/beebipood.ee\/ru\/#website\",\"url\":\"https:\/\/beebipood.ee\/ru\/\",\"name\":\"Beebipood\",\"description\":\"Lastekaubad, beebikaubad, m\u00e4nguasjad\",\"publisher\":{\"@id\":\"https:\/\/beebipood.ee\/ru\/#organization\"},\"potentialAction\":[{\"@type\":\"SearchAction\",\"target\":{\"@type\":\"EntryPoint\",\"urlTemplate\":\"https:\/\/beebipood.ee\/ru\/?s={search_term_string}\"},\"query-input\":{\"@type\":\"PropertyValueSpecification\",\"valueRequired\":true,\"valueName\":\"search_term_string\"}}],\"inLanguage\":\"ru-RU\"},{\"@type\":\"Organization\",\"@id\":\"https:\/\/beebipood.ee\/ru\/#organization\",\"name\":\"Beebipood\",\"url\":\"https:\/\/beebipood.ee\/ru\/\",\"logo\":{\"@type\":\"ImageObject\",\"inLanguage\":\"ru-RU\",\"@id\":\"https:\/\/beebipood.ee\/ru\/#\/schema\/logo\/image\/\",\"url\":\"https:\/\/beebipood.ee\/wp-content\/uploads\/2025\/03\/beebipood.ee-logo-1.svg\",\"contentUrl\":\"https:\/\/beebipood.ee\/wp-content\/uploads\/2025\/03\/beebipood.ee-logo-1.svg\",\"caption\":\"Beebipood\"},\"image\":{\"@id\":\"https:\/\/beebipood.ee\/ru\/#\/schema\/logo\/image\/\"}}]}<\/script>\n<!-- \/ Yoast SEO plugin. -->","yoast_head_json":{"title":"Lastevoodi Wiki Madagaskar 70x140, \u041a\u0440\u043e\u0432\u0430\u0442\u0438 \u0434\u043b\u044f \u0434\u0435\u0442\u0435\u0439 \u0438 \u043f\u043e\u0434\u0440\u043e\u0441\u0442\u043a\u043e\u0432, \u0421\u041a\u0418\u0414\u041a\u0418, \u0428\u0438\u0440\u0438\u043d\u0430 70c\u043c, M\u0435\u0431\u0435\u043b\u044c, Beebipood","description":"Lastevoodi Wiki Madagaskar 70x140, lastevoodi on valmistatud k&otilde;rge kvaliteediga laminaadist ja MDF&rsquo;st viimistluses on kasutatud","robots":{"index":"index","follow":"follow","max-snippet":"max-snippet:-1","max-image-preview":"max-image-preview:large","max-video-preview":"max-video-preview:-1"},"canonical":"https:\/\/beebipood.ee\/ru\/produkt\/lastevoodi-wiki-madagaskar-70x140\/","og_locale":"ru_RU","og_type":"article","og_title":"Lastevoodi Wiki Madagaskar 70x140, \u041a\u0440\u043e\u0432\u0430\u0442\u0438 \u0434\u043b\u044f \u0434\u0435\u0442\u0435\u0439 \u0438 \u043f\u043e\u0434\u0440\u043e\u0441\u0442\u043a\u043e\u0432, \u0421\u041a\u0418\u0414\u041a\u0418, \u0428\u0438\u0440\u0438\u043d\u0430 70c\u043c, M\u0435\u0431\u0435\u043b\u044c, Beebipood","og_description":"Lastevoodi Wiki Madagaskar 70x140, lastevoodi on valmistatud k&otilde;rge kvaliteediga laminaadist ja MDF&rsquo;st viimistluses on kasutatud","og_url":"https:\/\/beebipood.ee\/ru\/produkt\/lastevoodi-wiki-madagaskar-70x140\/","og_site_name":"Beebipood","article_modified_time":"2025-01-09T08:51:36+00:00","og_image":[{"width":2051,"height":1533,"url":"https:\/\/beebipood.ee\/wp-content\/uploads\/2014\/05\/Lastevoodi-Wiki-Madagaskar-70x140-madrats-voodikast-Laste-ja-noortevoodid-SOODUSPAKKUMISED-70cm-laiused_2-24f.jpg","type":"image\/jpeg"}],"twitter_card":"summary_large_image","schema":{"@context":"https:\/\/schema.org","@graph":[{"@type":"WebPage","@id":"https:\/\/beebipood.ee\/ru\/produkt\/lastevoodi-wiki-madagaskar-70x140\/","url":"https:\/\/beebipood.ee\/ru\/produkt\/lastevoodi-wiki-madagaskar-70x140\/","name":"Lastevoodi Wiki Madagaskar 70x140, \u041a\u0440\u043e\u0432\u0430\u0442\u0438 \u0434\u043b\u044f \u0434\u0435\u0442\u0435\u0439 \u0438 \u043f\u043e\u0434\u0440\u043e\u0441\u0442\u043a\u043e\u0432, \u0421\u041a\u0418\u0414\u041a\u0418, \u0428\u0438\u0440\u0438\u043d\u0430 70c\u043c, M\u0435\u0431\u0435\u043b\u044c, Beebipood","isPartOf":{"@id":"https:\/\/beebipood.ee\/ru\/#website"},"primaryImageOfPage":{"@id":"https:\/\/beebipood.ee\/ru\/produkt\/lastevoodi-wiki-madagaskar-70x140\/#primaryimage"},"image":{"@id":"https:\/\/beebipood.ee\/ru\/produkt\/lastevoodi-wiki-madagaskar-70x140\/#primaryimage"},"thumbnailUrl":"https:\/\/beebipood.ee\/wp-content\/uploads\/2014\/05\/Lastevoodi-Wiki-Madagaskar-70x140-madrats-voodikast-Laste-ja-noortevoodid-SOODUSPAKKUMISED-70cm-laiused_2-24f.jpg","datePublished":"2014-05-06T13:12:41+00:00","dateModified":"2025-01-09T08:51:36+00:00","description":"Lastevoodi Wiki Madagaskar 70x140, lastevoodi on valmistatud k&otilde;rge kvaliteediga laminaadist ja MDF&rsquo;st viimistluses on kasutatud","breadcrumb":{"@id":"https:\/\/beebipood.ee\/ru\/produkt\/lastevoodi-wiki-madagaskar-70x140\/#breadcrumb"},"inLanguage":"ru-RU","potentialAction":[{"@type":"ReadAction","target":["https:\/\/beebipood.ee\/ru\/produkt\/lastevoodi-wiki-madagaskar-70x140\/"]}]},{"@type":"ImageObject","inLanguage":"ru-RU","@id":"https:\/\/beebipood.ee\/ru\/produkt\/lastevoodi-wiki-madagaskar-70x140\/#primaryimage","url":"https:\/\/beebipood.ee\/wp-content\/uploads\/2014\/05\/Lastevoodi-Wiki-Madagaskar-70x140-madrats-voodikast-Laste-ja-noortevoodid-SOODUSPAKKUMISED-70cm-laiused_2-24f.jpg","contentUrl":"https:\/\/beebipood.ee\/wp-content\/uploads\/2014\/05\/Lastevoodi-Wiki-Madagaskar-70x140-madrats-voodikast-Laste-ja-noortevoodid-SOODUSPAKKUMISED-70cm-laiused_2-24f.jpg","width":2051,"height":1533},{"@type":"BreadcrumbList","@id":"https:\/\/beebipood.ee\/ru\/produkt\/lastevoodi-wiki-madagaskar-70x140\/#breadcrumb","itemListElement":[{"@type":"ListItem","position":1,"name":"Home","item":"https:\/\/beebipood.ee\/ru\/"},{"@type":"ListItem","position":2,"name":"\u041a\u0430\u0442\u0430\u043b\u043e\u0433 \u0442\u043e\u0432\u0430\u0440\u043e\u0432","item":"https:\/\/beebipood.ee\/tooted\/"},{"@type":"ListItem","position":3,"name":"Lastevoodi Wiki Madagaskar 70&#215;140"}]},{"@type":"WebSite","@id":"https:\/\/beebipood.ee\/ru\/#website","url":"https:\/\/beebipood.ee\/ru\/","name":"Beebipood","description":"Lastekaubad, beebikaubad, m\u00e4nguasjad","publisher":{"@id":"https:\/\/beebipood.ee\/ru\/#organization"},"potentialAction":[{"@type":"SearchAction","target":{"@type":"EntryPoint","urlTemplate":"https:\/\/beebipood.ee\/ru\/?s={search_term_string}"},"query-input":{"@type":"PropertyValueSpecification","valueRequired":true,"valueName":"search_term_string"}}],"inLanguage":"ru-RU"},{"@type":"Organization","@id":"https:\/\/beebipood.ee\/ru\/#organization","name":"Beebipood","url":"https:\/\/beebipood.ee\/ru\/","logo":{"@type":"ImageObject","inLanguage":"ru-RU","@id":"https:\/\/beebipood.ee\/ru\/#\/schema\/logo\/image\/","url":"https:\/\/beebipood.ee\/wp-content\/uploads\/2025\/03\/beebipood.ee-logo-1.svg","contentUrl":"https:\/\/beebipood.ee\/wp-content\/uploads\/2025\/03\/beebipood.ee-logo-1.svg","caption":"Beebipood"},"image":{"@id":"https:\/\/beebipood.ee\/ru\/#\/schema\/logo\/image\/"}}]}},"brands":[],"_links":{"self":[{"href":"https:\/\/beebipood.ee\/ru\/wp-json\/wp\/v2\/product\/455332","targetHints":{"allow":["GET"]}}],"collection":[{"href":"https:\/\/beebipood.ee\/ru\/wp-json\/wp\/v2\/product"}],"about":[{"href":"https:\/\/beebipood.ee\/ru\/wp-json\/wp\/v2\/types\/product"}],"wp:featuredmedia":[{"embeddable":true,"href":"https:\/\/beebipood.ee\/ru\/wp-json\/wp\/v2\/media\/103584"}],"wp:attachment":[{"href":"https:\/\/beebipood.ee\/ru\/wp-json\/wp\/v2\/media?parent=455332"}],"wp:term":[{"taxonomy":"pwb-brand","embeddable":true,"href":"https:\/\/beebipood.ee\/ru\/wp-json\/wp\/v2\/pwb-brand?post=455332"},{"taxonomy":"product_brand","embeddable":true,"href":"https:\/\/beebipood.ee\/ru\/wp-json\/wp\/v2\/product_brand?post=455332"},{"taxonomy":"product_cat","embeddable":true,"href":"https:\/\/beebipood.ee\/ru\/wp-json\/wp\/v2\/product_cat?post=455332"},{"taxonomy":"product_tag","embeddable":true,"href":"https:\/\/beebipood.ee\/ru\/wp-json\/wp\/v2\/product_tag?post=455332"}],"curies":[{"name":"wp","href":"https:\/\/api.w.org\/{rel}","templated":true}]}}