{"id":455372,"date":"2014-06-05T15:14:10","date_gmt":"2014-06-05T12:14:10","guid":{"rendered":"https:\/\/beebipood.ee\/toode\/easy-set-bassein-366cm\/"},"modified":"2025-01-09T10:51:34","modified_gmt":"2025-01-09T08:51:34","slug":"easy-set-bassein-366cm","status":"publish","type":"product","link":"https:\/\/beebipood.ee\/ru\/produkt\/easy-set-bassein-366cm\/","title":{"rendered":"Easy Set Bassein 366cm"},"content":{"rendered":"<p>12ft Intex Easy Set maapeale ujumisbassein on mitmek\u00fclgne <br \/>ja kergesti \u00fclesseatav ning on m\u00f5eldud v\u00f5imaldama mitmeid l\u00f5busaid tunde p\u00e4ikese k\u00e4es. <br \/>Easy Set tehnoloogia t\u00e4hendab, et saate k\u00fcmne minuti jooksul basseini p\u00fcsti ning t\u00e4itmiseks valmis. <br \/>Selleks valmistumine v\u00f5tab vaid m\u00f5ned sekundid. <br \/>Kuna r\u00f5ngas toetub veele, aitab \u00f5huga t\u00e4idetav \u00fclemine r\u00f5ngas teil m\u00e4\u00e4rata, <br \/>kui palju vett basseini soovite. <br \/>Bassein on t\u00e4itmiseks valmis vaid minutitega.<br \/>\u2022 Filtreeriv elektriline pump vee puhastamiseks (220V)<br \/>\u2022 Kergelt \u00fclesseatav: pakkige kindla ja tasase pinna peal lahti, <br \/>\u00a0 puhuge \u00fclemine r\u00f5ngas t\u00e4is ning t\u00e4itke bassein veega<br \/>\u2022 Bassein ajab end ise \u00fcles!<br \/>\u2022 Veeks valmis k\u00fcmne minutiga<br \/>\u2022 SUPER-TOUGH\u2122 lamineeritud k\u00fclgseinad on kolmekordselt tugevad: <br \/>\u00a0 kolm eraldi kihti, mis tagavad suurema tugevuse ja vastupidavuse<br \/>\u2022 Mugavat \u00e4ravoolukorki saab \u00fchendada aiavoolikuga vee basseinist v\u00f5i majast minema juhtimiseks<br \/>\u2022 Umbkaudne suurus \u00fclesseatuna: 366 cm x 76 cm (12ft x 30 tolli)<br \/>\u2022 Mahtuvus (80%): 5,621 L (1,485 gallonit)<br \/>\u2022 Kaasas kasutusjuhend ning hoolduskomplekt<br \/>M\u00fc\u00fcgipakendi sisu<br \/>\u2022 Bassein 12ft<br \/>\u2022 Filtreeriv elektriline pump vee puhastamiseks, (220V)<br \/>\u2022 Pumbafilter (20,5cm)<br \/>\u2022 Kasutusjuhend<br \/>\u2022 Basseini paranduskomplekt<\/p>\n","protected":false},"excerpt":{"rendered":"<p>12ft Intex Easy Set maapeale ujumisbassein on mitmek\u00fclgne ja kergesti \u00fclesseatav ning on m\u00f5eldud v\u00f5imaldama mitmeid l\u00f5busaid tunde p\u00e4ikese k\u00e4es. Easy Set tehnoloogia t\u00e4hendab, et saate k\u00fcmne minuti jooksul basseini p\u00fcsti ning t\u00e4itmiseks valmis. Selleks valmistumine v\u00f5tab vaid m\u00f5ned sekundid. Kuna r\u00f5ngas toetub veele, aitab \u00f5huga t\u00e4idetav \u00fclemine r\u00f5ngas teil m\u00e4\u00e4rata, kui palju vett basseini [&hellip;]<\/p>\n","protected":false},"featured_media":103701,"template":"","meta":{"_acf_changed":false},"pwb-brand":[],"product_brand":[],"product_cat":[11783,11691,11675],"product_tag":[],"class_list":{"0":"post-455372","1":"product","2":"type-product","3":"status-publish","4":"has-post-thumbnail","6":"product_cat-basseinid-veemangud-ru","7":"product_cat-aeda-ja-oue-ru","8":"product_cat-aktiivne-tegevus-ja-vaba-aeg-ru","10":"first","11":"outofstock","12":"taxable","13":"shipping-taxable","14":"purchasable","15":"product-type-simple"},"exclude_global_add_ons":[],"addons":[],"acf":[],"yoast_head":"<!-- This site is optimized with the Yoast SEO plugin v27.3 - https:\/\/yoast.com\/product\/yoast-seo-wordpress\/ -->\n<title>Easy Set Bassein 366cm, \u0410\u043a\u0442\u0438\u0432\u043d\u044b\u0435 \u0434\u0435\u0439\u0441\u0442\u0432\u0438\u044f, \u0412 \u0441\u0430\u0434 \u0438 \u0432\u043e \u0434\u0432\u043e\u0440, \u0411\u0430\u0441\u0441\u0435\u0439\u043d\u044b \u0438 \u0432\u043e\u0434\u043d\u044b\u0435 \u0438\u0433\u0440\u044b, Beebipood<\/title>\n<meta name=\"description\" content=\"Easy Set Bassein 366cm, 12ft Intex Easy Set maapeale ujumisbassein on mitmek&uuml;lgne ja kergesti &uuml;lesseatav ning on m&otilde;eldud v&otilde;imal\" \/>\n<meta name=\"robots\" content=\"index, follow, max-snippet:-1, max-image-preview:large, max-video-preview:-1\" \/>\n<link rel=\"canonical\" href=\"https:\/\/beebipood.ee\/ru\/produkt\/easy-set-bassein-366cm\/\" \/>\n<meta property=\"og:locale\" content=\"ru_RU\" \/>\n<meta property=\"og:type\" content=\"article\" \/>\n<meta property=\"og:title\" content=\"Easy Set Bassein 366cm, \u0410\u043a\u0442\u0438\u0432\u043d\u044b\u0435 \u0434\u0435\u0439\u0441\u0442\u0432\u0438\u044f, \u0412 \u0441\u0430\u0434 \u0438 \u0432\u043e \u0434\u0432\u043e\u0440, \u0411\u0430\u0441\u0441\u0435\u0439\u043d\u044b \u0438 \u0432\u043e\u0434\u043d\u044b\u0435 \u0438\u0433\u0440\u044b, Beebipood\" \/>\n<meta property=\"og:description\" content=\"Easy Set Bassein 366cm, 12ft Intex Easy Set maapeale ujumisbassein on mitmek&uuml;lgne ja kergesti &uuml;lesseatav ning on m&otilde;eldud v&otilde;imal\" \/>\n<meta property=\"og:url\" content=\"https:\/\/beebipood.ee\/ru\/produkt\/easy-set-bassein-366cm\/\" \/>\n<meta property=\"og:site_name\" content=\"Beebipood\" \/>\n<meta property=\"article:modified_time\" content=\"2025-01-09T08:51:34+00:00\" \/>\n<meta property=\"og:image\" content=\"https:\/\/beebipood.ee\/wp-content\/uploads\/2014\/06\/Easy-Set-Bassein-366cm-SOODUSPAKKUMISED-Aktiivne-tegevus-Aeda-ja-oue-Basseinid-veemangud_2-792.jpg\" \/>\n\t<meta property=\"og:image:width\" content=\"797\" \/>\n\t<meta property=\"og:image:height\" content=\"795\" \/>\n\t<meta property=\"og:image:type\" content=\"image\/jpeg\" \/>\n<meta name=\"twitter:card\" content=\"summary_large_image\" \/>\n<meta name=\"twitter:label1\" content=\"\u041f\u0440\u0438\u043c\u0435\u0440\u043d\u043e\u0435 \u0432\u0440\u0435\u043c\u044f \u0434\u043b\u044f \u0447\u0442\u0435\u043d\u0438\u044f\" \/>\n\t<meta name=\"twitter:data1\" content=\"1 \u043c\u0438\u043d\u0443\u0442\u0430\" \/>\n<script type=\"application\/ld+json\" class=\"yoast-schema-graph\">{\"@context\":\"https:\\\/\\\/schema.org\",\"@graph\":[{\"@type\":\"WebPage\",\"@id\":\"https:\\\/\\\/beebipood.ee\\\/ru\\\/produkt\\\/easy-set-bassein-366cm\\\/\",\"url\":\"https:\\\/\\\/beebipood.ee\\\/ru\\\/produkt\\\/easy-set-bassein-366cm\\\/\",\"name\":\"Easy Set Bassein 366cm, \u0410\u043a\u0442\u0438\u0432\u043d\u044b\u0435 \u0434\u0435\u0439\u0441\u0442\u0432\u0438\u044f, \u0412 \u0441\u0430\u0434 \u0438 \u0432\u043e \u0434\u0432\u043e\u0440, \u0411\u0430\u0441\u0441\u0435\u0439\u043d\u044b \u0438 \u0432\u043e\u0434\u043d\u044b\u0435 \u0438\u0433\u0440\u044b, Beebipood\",\"isPartOf\":{\"@id\":\"https:\\\/\\\/beebipood.ee\\\/ru\\\/#website\"},\"primaryImageOfPage\":{\"@id\":\"https:\\\/\\\/beebipood.ee\\\/ru\\\/produkt\\\/easy-set-bassein-366cm\\\/#primaryimage\"},\"image\":{\"@id\":\"https:\\\/\\\/beebipood.ee\\\/ru\\\/produkt\\\/easy-set-bassein-366cm\\\/#primaryimage\"},\"thumbnailUrl\":\"https:\\\/\\\/beebipood.ee\\\/wp-content\\\/uploads\\\/2014\\\/06\\\/Easy-Set-Bassein-366cm-SOODUSPAKKUMISED-Aktiivne-tegevus-Aeda-ja-oue-Basseinid-veemangud_2-792.jpg\",\"datePublished\":\"2014-06-05T12:14:10+00:00\",\"dateModified\":\"2025-01-09T08:51:34+00:00\",\"description\":\"Easy Set Bassein 366cm, 12ft Intex Easy Set maapeale ujumisbassein on mitmek&uuml;lgne ja kergesti &uuml;lesseatav ning on m&otilde;eldud v&otilde;imal\",\"breadcrumb\":{\"@id\":\"https:\\\/\\\/beebipood.ee\\\/ru\\\/produkt\\\/easy-set-bassein-366cm\\\/#breadcrumb\"},\"inLanguage\":\"ru-RU\",\"potentialAction\":[{\"@type\":\"ReadAction\",\"target\":[\"https:\\\/\\\/beebipood.ee\\\/ru\\\/produkt\\\/easy-set-bassein-366cm\\\/\"]}]},{\"@type\":\"ImageObject\",\"inLanguage\":\"ru-RU\",\"@id\":\"https:\\\/\\\/beebipood.ee\\\/ru\\\/produkt\\\/easy-set-bassein-366cm\\\/#primaryimage\",\"url\":\"https:\\\/\\\/beebipood.ee\\\/wp-content\\\/uploads\\\/2014\\\/06\\\/Easy-Set-Bassein-366cm-SOODUSPAKKUMISED-Aktiivne-tegevus-Aeda-ja-oue-Basseinid-veemangud_2-792.jpg\",\"contentUrl\":\"https:\\\/\\\/beebipood.ee\\\/wp-content\\\/uploads\\\/2014\\\/06\\\/Easy-Set-Bassein-366cm-SOODUSPAKKUMISED-Aktiivne-tegevus-Aeda-ja-oue-Basseinid-veemangud_2-792.jpg\",\"width\":797,\"height\":795},{\"@type\":\"BreadcrumbList\",\"@id\":\"https:\\\/\\\/beebipood.ee\\\/ru\\\/produkt\\\/easy-set-bassein-366cm\\\/#breadcrumb\",\"itemListElement\":[{\"@type\":\"ListItem\",\"position\":1,\"name\":\"Home\",\"item\":\"https:\\\/\\\/beebipood.ee\\\/ru\\\/\"},{\"@type\":\"ListItem\",\"position\":2,\"name\":\"\u041a\u0430\u0442\u0430\u043b\u043e\u0433 \u0442\u043e\u0432\u0430\u0440\u043e\u0432\",\"item\":\"https:\\\/\\\/beebipood.ee\\\/tooted\\\/\"},{\"@type\":\"ListItem\",\"position\":3,\"name\":\"Easy Set Bassein 366cm\"}]},{\"@type\":\"WebSite\",\"@id\":\"https:\\\/\\\/beebipood.ee\\\/ru\\\/#website\",\"url\":\"https:\\\/\\\/beebipood.ee\\\/ru\\\/\",\"name\":\"Beebipood\",\"description\":\"Lastekaubad, beebikaubad, m\u00e4nguasjad\",\"publisher\":{\"@id\":\"https:\\\/\\\/beebipood.ee\\\/ru\\\/#organization\"},\"potentialAction\":[{\"@type\":\"SearchAction\",\"target\":{\"@type\":\"EntryPoint\",\"urlTemplate\":\"https:\\\/\\\/beebipood.ee\\\/ru\\\/?s={search_term_string}\"},\"query-input\":{\"@type\":\"PropertyValueSpecification\",\"valueRequired\":true,\"valueName\":\"search_term_string\"}}],\"inLanguage\":\"ru-RU\"},{\"@type\":\"Organization\",\"@id\":\"https:\\\/\\\/beebipood.ee\\\/ru\\\/#organization\",\"name\":\"Beebipood\",\"url\":\"https:\\\/\\\/beebipood.ee\\\/ru\\\/\",\"logo\":{\"@type\":\"ImageObject\",\"inLanguage\":\"ru-RU\",\"@id\":\"https:\\\/\\\/beebipood.ee\\\/ru\\\/#\\\/schema\\\/logo\\\/image\\\/\",\"url\":\"https:\\\/\\\/beebipood.ee\\\/wp-content\\\/uploads\\\/2025\\\/03\\\/beebipood.ee-logo-1.svg\",\"contentUrl\":\"https:\\\/\\\/beebipood.ee\\\/wp-content\\\/uploads\\\/2025\\\/03\\\/beebipood.ee-logo-1.svg\",\"caption\":\"Beebipood\"},\"image\":{\"@id\":\"https:\\\/\\\/beebipood.ee\\\/ru\\\/#\\\/schema\\\/logo\\\/image\\\/\"}}]}<\/script>\n<!-- \/ Yoast SEO plugin. -->","yoast_head_json":{"title":"Easy Set Bassein 366cm, \u0410\u043a\u0442\u0438\u0432\u043d\u044b\u0435 \u0434\u0435\u0439\u0441\u0442\u0432\u0438\u044f, \u0412 \u0441\u0430\u0434 \u0438 \u0432\u043e \u0434\u0432\u043e\u0440, \u0411\u0430\u0441\u0441\u0435\u0439\u043d\u044b \u0438 \u0432\u043e\u0434\u043d\u044b\u0435 \u0438\u0433\u0440\u044b, Beebipood","description":"Easy Set Bassein 366cm, 12ft Intex Easy Set maapeale ujumisbassein on mitmek&uuml;lgne ja kergesti &uuml;lesseatav ning on m&otilde;eldud v&otilde;imal","robots":{"index":"index","follow":"follow","max-snippet":"max-snippet:-1","max-image-preview":"max-image-preview:large","max-video-preview":"max-video-preview:-1"},"canonical":"https:\/\/beebipood.ee\/ru\/produkt\/easy-set-bassein-366cm\/","og_locale":"ru_RU","og_type":"article","og_title":"Easy Set Bassein 366cm, \u0410\u043a\u0442\u0438\u0432\u043d\u044b\u0435 \u0434\u0435\u0439\u0441\u0442\u0432\u0438\u044f, \u0412 \u0441\u0430\u0434 \u0438 \u0432\u043e \u0434\u0432\u043e\u0440, \u0411\u0430\u0441\u0441\u0435\u0439\u043d\u044b \u0438 \u0432\u043e\u0434\u043d\u044b\u0435 \u0438\u0433\u0440\u044b, Beebipood","og_description":"Easy Set Bassein 366cm, 12ft Intex Easy Set maapeale ujumisbassein on mitmek&uuml;lgne ja kergesti &uuml;lesseatav ning on m&otilde;eldud v&otilde;imal","og_url":"https:\/\/beebipood.ee\/ru\/produkt\/easy-set-bassein-366cm\/","og_site_name":"Beebipood","article_modified_time":"2025-01-09T08:51:34+00:00","og_image":[{"width":797,"height":795,"url":"https:\/\/beebipood.ee\/wp-content\/uploads\/2014\/06\/Easy-Set-Bassein-366cm-SOODUSPAKKUMISED-Aktiivne-tegevus-Aeda-ja-oue-Basseinid-veemangud_2-792.jpg","type":"image\/jpeg"}],"twitter_card":"summary_large_image","twitter_misc":{"\u041f\u0440\u0438\u043c\u0435\u0440\u043d\u043e\u0435 \u0432\u0440\u0435\u043c\u044f \u0434\u043b\u044f \u0447\u0442\u0435\u043d\u0438\u044f":"1 \u043c\u0438\u043d\u0443\u0442\u0430"},"schema":{"@context":"https:\/\/schema.org","@graph":[{"@type":"WebPage","@id":"https:\/\/beebipood.ee\/ru\/produkt\/easy-set-bassein-366cm\/","url":"https:\/\/beebipood.ee\/ru\/produkt\/easy-set-bassein-366cm\/","name":"Easy Set Bassein 366cm, \u0410\u043a\u0442\u0438\u0432\u043d\u044b\u0435 \u0434\u0435\u0439\u0441\u0442\u0432\u0438\u044f, \u0412 \u0441\u0430\u0434 \u0438 \u0432\u043e \u0434\u0432\u043e\u0440, \u0411\u0430\u0441\u0441\u0435\u0439\u043d\u044b \u0438 \u0432\u043e\u0434\u043d\u044b\u0435 \u0438\u0433\u0440\u044b, Beebipood","isPartOf":{"@id":"https:\/\/beebipood.ee\/ru\/#website"},"primaryImageOfPage":{"@id":"https:\/\/beebipood.ee\/ru\/produkt\/easy-set-bassein-366cm\/#primaryimage"},"image":{"@id":"https:\/\/beebipood.ee\/ru\/produkt\/easy-set-bassein-366cm\/#primaryimage"},"thumbnailUrl":"https:\/\/beebipood.ee\/wp-content\/uploads\/2014\/06\/Easy-Set-Bassein-366cm-SOODUSPAKKUMISED-Aktiivne-tegevus-Aeda-ja-oue-Basseinid-veemangud_2-792.jpg","datePublished":"2014-06-05T12:14:10+00:00","dateModified":"2025-01-09T08:51:34+00:00","description":"Easy Set Bassein 366cm, 12ft Intex Easy Set maapeale ujumisbassein on mitmek&uuml;lgne ja kergesti &uuml;lesseatav ning on m&otilde;eldud v&otilde;imal","breadcrumb":{"@id":"https:\/\/beebipood.ee\/ru\/produkt\/easy-set-bassein-366cm\/#breadcrumb"},"inLanguage":"ru-RU","potentialAction":[{"@type":"ReadAction","target":["https:\/\/beebipood.ee\/ru\/produkt\/easy-set-bassein-366cm\/"]}]},{"@type":"ImageObject","inLanguage":"ru-RU","@id":"https:\/\/beebipood.ee\/ru\/produkt\/easy-set-bassein-366cm\/#primaryimage","url":"https:\/\/beebipood.ee\/wp-content\/uploads\/2014\/06\/Easy-Set-Bassein-366cm-SOODUSPAKKUMISED-Aktiivne-tegevus-Aeda-ja-oue-Basseinid-veemangud_2-792.jpg","contentUrl":"https:\/\/beebipood.ee\/wp-content\/uploads\/2014\/06\/Easy-Set-Bassein-366cm-SOODUSPAKKUMISED-Aktiivne-tegevus-Aeda-ja-oue-Basseinid-veemangud_2-792.jpg","width":797,"height":795},{"@type":"BreadcrumbList","@id":"https:\/\/beebipood.ee\/ru\/produkt\/easy-set-bassein-366cm\/#breadcrumb","itemListElement":[{"@type":"ListItem","position":1,"name":"Home","item":"https:\/\/beebipood.ee\/ru\/"},{"@type":"ListItem","position":2,"name":"\u041a\u0430\u0442\u0430\u043b\u043e\u0433 \u0442\u043e\u0432\u0430\u0440\u043e\u0432","item":"https:\/\/beebipood.ee\/tooted\/"},{"@type":"ListItem","position":3,"name":"Easy Set Bassein 366cm"}]},{"@type":"WebSite","@id":"https:\/\/beebipood.ee\/ru\/#website","url":"https:\/\/beebipood.ee\/ru\/","name":"Beebipood","description":"Lastekaubad, beebikaubad, m\u00e4nguasjad","publisher":{"@id":"https:\/\/beebipood.ee\/ru\/#organization"},"potentialAction":[{"@type":"SearchAction","target":{"@type":"EntryPoint","urlTemplate":"https:\/\/beebipood.ee\/ru\/?s={search_term_string}"},"query-input":{"@type":"PropertyValueSpecification","valueRequired":true,"valueName":"search_term_string"}}],"inLanguage":"ru-RU"},{"@type":"Organization","@id":"https:\/\/beebipood.ee\/ru\/#organization","name":"Beebipood","url":"https:\/\/beebipood.ee\/ru\/","logo":{"@type":"ImageObject","inLanguage":"ru-RU","@id":"https:\/\/beebipood.ee\/ru\/#\/schema\/logo\/image\/","url":"https:\/\/beebipood.ee\/wp-content\/uploads\/2025\/03\/beebipood.ee-logo-1.svg","contentUrl":"https:\/\/beebipood.ee\/wp-content\/uploads\/2025\/03\/beebipood.ee-logo-1.svg","caption":"Beebipood"},"image":{"@id":"https:\/\/beebipood.ee\/ru\/#\/schema\/logo\/image\/"}}]}},"brands":[],"_links":{"self":[{"href":"https:\/\/beebipood.ee\/ru\/wp-json\/wp\/v2\/product\/455372","targetHints":{"allow":["GET"]}}],"collection":[{"href":"https:\/\/beebipood.ee\/ru\/wp-json\/wp\/v2\/product"}],"about":[{"href":"https:\/\/beebipood.ee\/ru\/wp-json\/wp\/v2\/types\/product"}],"wp:featuredmedia":[{"embeddable":true,"href":"https:\/\/beebipood.ee\/ru\/wp-json\/wp\/v2\/media\/103701"}],"wp:attachment":[{"href":"https:\/\/beebipood.ee\/ru\/wp-json\/wp\/v2\/media?parent=455372"}],"wp:term":[{"taxonomy":"pwb-brand","embeddable":true,"href":"https:\/\/beebipood.ee\/ru\/wp-json\/wp\/v2\/pwb-brand?post=455372"},{"taxonomy":"product_brand","embeddable":true,"href":"https:\/\/beebipood.ee\/ru\/wp-json\/wp\/v2\/product_brand?post=455372"},{"taxonomy":"product_cat","embeddable":true,"href":"https:\/\/beebipood.ee\/ru\/wp-json\/wp\/v2\/product_cat?post=455372"},{"taxonomy":"product_tag","embeddable":true,"href":"https:\/\/beebipood.ee\/ru\/wp-json\/wp\/v2\/product_tag?post=455372"}],"curies":[{"name":"wp","href":"https:\/\/api.w.org\/{rel}","templated":true}]}}