{"id":455634,"date":"2014-07-31T06:54:40","date_gmt":"2014-07-31T03:54:40","guid":{"rendered":"https:\/\/beebipood.ee\/toode\/kummut-mahkimislauaga-madagaskar\/"},"modified":"2025-08-27T11:34:44","modified_gmt":"2025-08-27T08:34:44","slug":"riidekapp-babydreams-madagaskar","status":"publish","type":"product","link":"https:\/\/beebipood.ee\/ru\/produkt\/riidekapp-babydreams-madagaskar\/","title":{"rendered":"Riidekapp Babydreams, Madagaskar"},"content":{"rendered":"<p>Babydreamsi pildiga riidekapp on lapse fantaasia t\u00e4itumine,<br \/>\nmis viib pisikesed muinasjutumaale.<br \/>\nL\u00e4bim\u00f5eldud lahendused ja v\u00e4rvivalikud on loodud selleks,<br \/>\net kujutlusv\u00f5imet piiramatult s\u00fctitada.<br \/>\nvalmistatud k\u00f5rge kvaliteediga laminaadist ja MDF\u2019st<br \/>\nviimistluses on kasutatud \u00f6koloogiliselt puhtaid ja ohutuid v\u00e4rve<br \/>\nvalmistamisel on kasutatud kaasaegset tehnoloogiat ja A-klass tarvikuid ning furnituure<br \/>\npeidetud hinged kiireks paigaldamiseks<br \/>\nukse avanemisnurk 110 kraadi<br \/>\nsoft close sulgemiss\u00fcsteem<br \/>\nriidekapp on jagatud kaheks osaks,<br \/>\nmillest \u00fches on stange riidepuude jaoks ja teises 4 riiulit<br \/>\nkapil on \u00fcks mahukas sahtel<\/p>\n","protected":false},"excerpt":{"rendered":"<p>Babydreamsi pildiga riidekapp on lapse fantaasia t\u00e4itumine, mis viib pisikesed muinasjutumaale. L\u00e4bim\u00f5eldud lahendused ja v\u00e4rvivalikud on loodud selleks, et kujutlusv\u00f5imet piiramatult s\u00fctitada. valmistatud k\u00f5rge kvaliteediga laminaadist ja MDF\u2019st viimistluses on kasutatud \u00f6koloogiliselt puhtaid ja ohutuid v\u00e4rve valmistamisel on kasutatud kaasaegset tehnoloogiat ja A-klass tarvikuid ning furnituure peidetud hinged kiireks paigaldamiseks ukse avanemisnurk 110 kraadi soft [&hellip;]<\/p>\n","protected":false},"featured_media":506399,"template":"","meta":{"_acf_changed":false},"pwb-brand":[11945],"product_brand":[],"product_cat":[11573,11633,11631,11789],"product_tag":[],"class_list":{"0":"post-455634","1":"product","2":"type-product","3":"status-publish","4":"has-post-thumbnail","6":"pwb-brand-kocot-kids-ru","7":"product_cat-sooduspakkumised-ru","8":"product_cat-riidekapid-ru","9":"product_cat-kapid-riiulid-ru","10":"product_cat-lastemoobel-ja-sisustus-ru","12":"first","13":"onbackorder","14":"sale","15":"taxable","16":"shipping-taxable","17":"purchasable","18":"product-type-simple"},"exclude_global_add_ons":[],"addons":[],"acf":[],"yoast_head":"<!-- This site is optimized with the Yoast SEO plugin v27.1.1 - https:\/\/yoast.com\/product\/yoast-seo-wordpress\/ -->\n<title>Kummut m\u00e4hkimislauaga Madagaskar, \u0421\u041a\u0418\u0414\u041a\u0418, K\u043e\u043c\u043e\u0434\u044b, \u044f\u0449\u0438\u043a\u0438, K\u043e\u043c\u043e\u0434\u044b, \u041f\u0435\u043b\u0435\u043d\u0430\u043b\u044c\u043d\u044b\u0435 \u0441\u0442\u043e\u043b\u0438\u043a\u0438 \u0438 \u043f\u043e\u043b\u043a\u0438, Beebipood<\/title>\n<meta name=\"description\" content=\"Kummut m\u00e4hkimislauaga Madagaskar, kummut on valmistatud laminaadist ja\u00a0MDF &#039;stkomplekti kuulub m\u00e4hkimislaud, mis kinnitub kummuti k&amp;uu\" \/>\n<meta name=\"robots\" content=\"index, follow, max-snippet:-1, max-image-preview:large, max-video-preview:-1\" \/>\n<link rel=\"canonical\" href=\"https:\/\/beebipood.ee\/ru\/produkt\/riidekapp-babydreams-madagaskar\/\" \/>\n<meta property=\"og:locale\" content=\"ru_RU\" \/>\n<meta property=\"og:type\" content=\"article\" \/>\n<meta property=\"og:title\" content=\"Kummut m\u00e4hkimislauaga Madagaskar, \u0421\u041a\u0418\u0414\u041a\u0418, K\u043e\u043c\u043e\u0434\u044b, \u044f\u0449\u0438\u043a\u0438, K\u043e\u043c\u043e\u0434\u044b, \u041f\u0435\u043b\u0435\u043d\u0430\u043b\u044c\u043d\u044b\u0435 \u0441\u0442\u043e\u043b\u0438\u043a\u0438 \u0438 \u043f\u043e\u043b\u043a\u0438, Beebipood\" \/>\n<meta property=\"og:description\" content=\"Kummut m\u00e4hkimislauaga Madagaskar, kummut on valmistatud laminaadist ja\u00a0MDF &#039;stkomplekti kuulub m\u00e4hkimislaud, mis kinnitub kummuti k&amp;uu\" \/>\n<meta property=\"og:url\" content=\"https:\/\/beebipood.ee\/ru\/produkt\/riidekapp-babydreams-madagaskar\/\" \/>\n<meta property=\"og:site_name\" content=\"Beebipood\" \/>\n<meta property=\"article:modified_time\" content=\"2025-08-27T08:34:44+00:00\" \/>\n<meta property=\"og:image\" content=\"https:\/\/beebipood.ee\/wp-content\/uploads\/2014\/07\/riidekapp-babydreams-madagaskar1-1.jpg\" \/>\n\t<meta property=\"og:image:width\" content=\"1920\" \/>\n\t<meta property=\"og:image:height\" content=\"1440\" \/>\n\t<meta property=\"og:image:type\" content=\"image\/jpeg\" \/>\n<meta name=\"twitter:card\" content=\"summary_large_image\" \/>\n<meta name=\"twitter:label1\" content=\"\u041f\u0440\u0438\u043c\u0435\u0440\u043d\u043e\u0435 \u0432\u0440\u0435\u043c\u044f \u0434\u043b\u044f \u0447\u0442\u0435\u043d\u0438\u044f\" \/>\n\t<meta name=\"twitter:data1\" content=\"1 \u043c\u0438\u043d\u0443\u0442\u0430\" \/>\n<script type=\"application\/ld+json\" class=\"yoast-schema-graph\">{\"@context\":\"https:\/\/schema.org\",\"@graph\":[{\"@type\":\"WebPage\",\"@id\":\"https:\/\/beebipood.ee\/ru\/produkt\/riidekapp-babydreams-madagaskar\/\",\"url\":\"https:\/\/beebipood.ee\/ru\/produkt\/riidekapp-babydreams-madagaskar\/\",\"name\":\"Kummut m\u00e4hkimislauaga Madagaskar, \u0421\u041a\u0418\u0414\u041a\u0418, K\u043e\u043c\u043e\u0434\u044b, \u044f\u0449\u0438\u043a\u0438, K\u043e\u043c\u043e\u0434\u044b, \u041f\u0435\u043b\u0435\u043d\u0430\u043b\u044c\u043d\u044b\u0435 \u0441\u0442\u043e\u043b\u0438\u043a\u0438 \u0438 \u043f\u043e\u043b\u043a\u0438, Beebipood\",\"isPartOf\":{\"@id\":\"https:\/\/beebipood.ee\/ru\/#website\"},\"primaryImageOfPage\":{\"@id\":\"https:\/\/beebipood.ee\/ru\/produkt\/riidekapp-babydreams-madagaskar\/#primaryimage\"},\"image\":{\"@id\":\"https:\/\/beebipood.ee\/ru\/produkt\/riidekapp-babydreams-madagaskar\/#primaryimage\"},\"thumbnailUrl\":\"https:\/\/beebipood.ee\/wp-content\/uploads\/2014\/07\/riidekapp-babydreams-madagaskar1-1.jpg\",\"datePublished\":\"2014-07-31T03:54:40+00:00\",\"dateModified\":\"2025-08-27T08:34:44+00:00\",\"description\":\"Kummut m\u00e4hkimislauaga Madagaskar, kummut on valmistatud laminaadist ja\u00a0MDF 'stkomplekti kuulub m\u00e4hkimislaud, mis kinnitub kummuti k&uu\",\"breadcrumb\":{\"@id\":\"https:\/\/beebipood.ee\/ru\/produkt\/riidekapp-babydreams-madagaskar\/#breadcrumb\"},\"inLanguage\":\"ru-RU\",\"potentialAction\":[{\"@type\":\"ReadAction\",\"target\":[\"https:\/\/beebipood.ee\/ru\/produkt\/riidekapp-babydreams-madagaskar\/\"]}]},{\"@type\":\"ImageObject\",\"inLanguage\":\"ru-RU\",\"@id\":\"https:\/\/beebipood.ee\/ru\/produkt\/riidekapp-babydreams-madagaskar\/#primaryimage\",\"url\":\"https:\/\/beebipood.ee\/wp-content\/uploads\/2014\/07\/riidekapp-babydreams-madagaskar1-1.jpg\",\"contentUrl\":\"https:\/\/beebipood.ee\/wp-content\/uploads\/2014\/07\/riidekapp-babydreams-madagaskar1-1.jpg\",\"width\":1920,\"height\":1440},{\"@type\":\"BreadcrumbList\",\"@id\":\"https:\/\/beebipood.ee\/ru\/produkt\/riidekapp-babydreams-madagaskar\/#breadcrumb\",\"itemListElement\":[{\"@type\":\"ListItem\",\"position\":1,\"name\":\"Home\",\"item\":\"https:\/\/beebipood.ee\/ru\/\"},{\"@type\":\"ListItem\",\"position\":2,\"name\":\"\u041a\u0430\u0442\u0430\u043b\u043e\u0433 \u0442\u043e\u0432\u0430\u0440\u043e\u0432\",\"item\":\"https:\/\/beebipood.ee\/tooted\/\"},{\"@type\":\"ListItem\",\"position\":3,\"name\":\"Riidekapp Babydreams, Madagaskar\"}]},{\"@type\":\"WebSite\",\"@id\":\"https:\/\/beebipood.ee\/ru\/#website\",\"url\":\"https:\/\/beebipood.ee\/ru\/\",\"name\":\"Beebipood\",\"description\":\"Lastekaubad, beebikaubad, m\u00e4nguasjad\",\"publisher\":{\"@id\":\"https:\/\/beebipood.ee\/ru\/#organization\"},\"potentialAction\":[{\"@type\":\"SearchAction\",\"target\":{\"@type\":\"EntryPoint\",\"urlTemplate\":\"https:\/\/beebipood.ee\/ru\/?s={search_term_string}\"},\"query-input\":{\"@type\":\"PropertyValueSpecification\",\"valueRequired\":true,\"valueName\":\"search_term_string\"}}],\"inLanguage\":\"ru-RU\"},{\"@type\":\"Organization\",\"@id\":\"https:\/\/beebipood.ee\/ru\/#organization\",\"name\":\"Beebipood\",\"url\":\"https:\/\/beebipood.ee\/ru\/\",\"logo\":{\"@type\":\"ImageObject\",\"inLanguage\":\"ru-RU\",\"@id\":\"https:\/\/beebipood.ee\/ru\/#\/schema\/logo\/image\/\",\"url\":\"https:\/\/beebipood.ee\/wp-content\/uploads\/2025\/03\/beebipood.ee-logo-1.svg\",\"contentUrl\":\"https:\/\/beebipood.ee\/wp-content\/uploads\/2025\/03\/beebipood.ee-logo-1.svg\",\"caption\":\"Beebipood\"},\"image\":{\"@id\":\"https:\/\/beebipood.ee\/ru\/#\/schema\/logo\/image\/\"}}]}<\/script>\n<!-- \/ Yoast SEO plugin. -->","yoast_head_json":{"title":"Kummut m\u00e4hkimislauaga Madagaskar, \u0421\u041a\u0418\u0414\u041a\u0418, K\u043e\u043c\u043e\u0434\u044b, \u044f\u0449\u0438\u043a\u0438, K\u043e\u043c\u043e\u0434\u044b, \u041f\u0435\u043b\u0435\u043d\u0430\u043b\u044c\u043d\u044b\u0435 \u0441\u0442\u043e\u043b\u0438\u043a\u0438 \u0438 \u043f\u043e\u043b\u043a\u0438, Beebipood","description":"Kummut m\u00e4hkimislauaga Madagaskar, kummut on valmistatud laminaadist ja\u00a0MDF 'stkomplekti kuulub m\u00e4hkimislaud, mis kinnitub kummuti k&uu","robots":{"index":"index","follow":"follow","max-snippet":"max-snippet:-1","max-image-preview":"max-image-preview:large","max-video-preview":"max-video-preview:-1"},"canonical":"https:\/\/beebipood.ee\/ru\/produkt\/riidekapp-babydreams-madagaskar\/","og_locale":"ru_RU","og_type":"article","og_title":"Kummut m\u00e4hkimislauaga Madagaskar, \u0421\u041a\u0418\u0414\u041a\u0418, K\u043e\u043c\u043e\u0434\u044b, \u044f\u0449\u0438\u043a\u0438, K\u043e\u043c\u043e\u0434\u044b, \u041f\u0435\u043b\u0435\u043d\u0430\u043b\u044c\u043d\u044b\u0435 \u0441\u0442\u043e\u043b\u0438\u043a\u0438 \u0438 \u043f\u043e\u043b\u043a\u0438, Beebipood","og_description":"Kummut m\u00e4hkimislauaga Madagaskar, kummut on valmistatud laminaadist ja\u00a0MDF 'stkomplekti kuulub m\u00e4hkimislaud, mis kinnitub kummuti k&uu","og_url":"https:\/\/beebipood.ee\/ru\/produkt\/riidekapp-babydreams-madagaskar\/","og_site_name":"Beebipood","article_modified_time":"2025-08-27T08:34:44+00:00","og_image":[{"width":1920,"height":1440,"url":"https:\/\/beebipood.ee\/wp-content\/uploads\/2014\/07\/riidekapp-babydreams-madagaskar1-1.jpg","type":"image\/jpeg"}],"twitter_card":"summary_large_image","twitter_misc":{"\u041f\u0440\u0438\u043c\u0435\u0440\u043d\u043e\u0435 \u0432\u0440\u0435\u043c\u044f \u0434\u043b\u044f \u0447\u0442\u0435\u043d\u0438\u044f":"1 \u043c\u0438\u043d\u0443\u0442\u0430"},"schema":{"@context":"https:\/\/schema.org","@graph":[{"@type":"WebPage","@id":"https:\/\/beebipood.ee\/ru\/produkt\/riidekapp-babydreams-madagaskar\/","url":"https:\/\/beebipood.ee\/ru\/produkt\/riidekapp-babydreams-madagaskar\/","name":"Kummut m\u00e4hkimislauaga Madagaskar, \u0421\u041a\u0418\u0414\u041a\u0418, K\u043e\u043c\u043e\u0434\u044b, \u044f\u0449\u0438\u043a\u0438, K\u043e\u043c\u043e\u0434\u044b, \u041f\u0435\u043b\u0435\u043d\u0430\u043b\u044c\u043d\u044b\u0435 \u0441\u0442\u043e\u043b\u0438\u043a\u0438 \u0438 \u043f\u043e\u043b\u043a\u0438, Beebipood","isPartOf":{"@id":"https:\/\/beebipood.ee\/ru\/#website"},"primaryImageOfPage":{"@id":"https:\/\/beebipood.ee\/ru\/produkt\/riidekapp-babydreams-madagaskar\/#primaryimage"},"image":{"@id":"https:\/\/beebipood.ee\/ru\/produkt\/riidekapp-babydreams-madagaskar\/#primaryimage"},"thumbnailUrl":"https:\/\/beebipood.ee\/wp-content\/uploads\/2014\/07\/riidekapp-babydreams-madagaskar1-1.jpg","datePublished":"2014-07-31T03:54:40+00:00","dateModified":"2025-08-27T08:34:44+00:00","description":"Kummut m\u00e4hkimislauaga Madagaskar, kummut on valmistatud laminaadist ja\u00a0MDF 'stkomplekti kuulub m\u00e4hkimislaud, mis kinnitub kummuti k&uu","breadcrumb":{"@id":"https:\/\/beebipood.ee\/ru\/produkt\/riidekapp-babydreams-madagaskar\/#breadcrumb"},"inLanguage":"ru-RU","potentialAction":[{"@type":"ReadAction","target":["https:\/\/beebipood.ee\/ru\/produkt\/riidekapp-babydreams-madagaskar\/"]}]},{"@type":"ImageObject","inLanguage":"ru-RU","@id":"https:\/\/beebipood.ee\/ru\/produkt\/riidekapp-babydreams-madagaskar\/#primaryimage","url":"https:\/\/beebipood.ee\/wp-content\/uploads\/2014\/07\/riidekapp-babydreams-madagaskar1-1.jpg","contentUrl":"https:\/\/beebipood.ee\/wp-content\/uploads\/2014\/07\/riidekapp-babydreams-madagaskar1-1.jpg","width":1920,"height":1440},{"@type":"BreadcrumbList","@id":"https:\/\/beebipood.ee\/ru\/produkt\/riidekapp-babydreams-madagaskar\/#breadcrumb","itemListElement":[{"@type":"ListItem","position":1,"name":"Home","item":"https:\/\/beebipood.ee\/ru\/"},{"@type":"ListItem","position":2,"name":"\u041a\u0430\u0442\u0430\u043b\u043e\u0433 \u0442\u043e\u0432\u0430\u0440\u043e\u0432","item":"https:\/\/beebipood.ee\/tooted\/"},{"@type":"ListItem","position":3,"name":"Riidekapp Babydreams, Madagaskar"}]},{"@type":"WebSite","@id":"https:\/\/beebipood.ee\/ru\/#website","url":"https:\/\/beebipood.ee\/ru\/","name":"Beebipood","description":"Lastekaubad, beebikaubad, m\u00e4nguasjad","publisher":{"@id":"https:\/\/beebipood.ee\/ru\/#organization"},"potentialAction":[{"@type":"SearchAction","target":{"@type":"EntryPoint","urlTemplate":"https:\/\/beebipood.ee\/ru\/?s={search_term_string}"},"query-input":{"@type":"PropertyValueSpecification","valueRequired":true,"valueName":"search_term_string"}}],"inLanguage":"ru-RU"},{"@type":"Organization","@id":"https:\/\/beebipood.ee\/ru\/#organization","name":"Beebipood","url":"https:\/\/beebipood.ee\/ru\/","logo":{"@type":"ImageObject","inLanguage":"ru-RU","@id":"https:\/\/beebipood.ee\/ru\/#\/schema\/logo\/image\/","url":"https:\/\/beebipood.ee\/wp-content\/uploads\/2025\/03\/beebipood.ee-logo-1.svg","contentUrl":"https:\/\/beebipood.ee\/wp-content\/uploads\/2025\/03\/beebipood.ee-logo-1.svg","caption":"Beebipood"},"image":{"@id":"https:\/\/beebipood.ee\/ru\/#\/schema\/logo\/image\/"}}]}},"brands":[{"id":11945,"name":"Kocot Kids","slug":"kocot-kids-ru"}],"_links":{"self":[{"href":"https:\/\/beebipood.ee\/ru\/wp-json\/wp\/v2\/product\/455634","targetHints":{"allow":["GET"]}}],"collection":[{"href":"https:\/\/beebipood.ee\/ru\/wp-json\/wp\/v2\/product"}],"about":[{"href":"https:\/\/beebipood.ee\/ru\/wp-json\/wp\/v2\/types\/product"}],"wp:featuredmedia":[{"embeddable":true,"href":"https:\/\/beebipood.ee\/ru\/wp-json\/wp\/v2\/media\/506399"}],"wp:attachment":[{"href":"https:\/\/beebipood.ee\/ru\/wp-json\/wp\/v2\/media?parent=455634"}],"wp:term":[{"taxonomy":"pwb-brand","embeddable":true,"href":"https:\/\/beebipood.ee\/ru\/wp-json\/wp\/v2\/pwb-brand?post=455634"},{"taxonomy":"product_brand","embeddable":true,"href":"https:\/\/beebipood.ee\/ru\/wp-json\/wp\/v2\/product_brand?post=455634"},{"taxonomy":"product_cat","embeddable":true,"href":"https:\/\/beebipood.ee\/ru\/wp-json\/wp\/v2\/product_cat?post=455634"},{"taxonomy":"product_tag","embeddable":true,"href":"https:\/\/beebipood.ee\/ru\/wp-json\/wp\/v2\/product_tag?post=455634"}],"curies":[{"name":"wp","href":"https:\/\/api.w.org\/{rel}","templated":true}]}}