{"id":455636,"date":"2014-07-31T06:55:53","date_gmt":"2014-07-31T03:55:53","guid":{"rendered":"https:\/\/beebipood.ee\/toode\/kapp-igor-madagaskar\/"},"modified":"2025-01-09T10:51:19","modified_gmt":"2025-01-09T08:51:19","slug":"kapp-igor-madagaskar","status":"publish","type":"product","link":"https:\/\/beebipood.ee\/ru\/produkt\/kapp-igor-madagaskar\/","title":{"rendered":"Kapp Igor Madagaskar"},"content":{"rendered":"<p>kahe ukse ja kahe sahtliga kapp\u00a0<br \/> kapp on valmistatud laminaadist ja\u00a0MDF &#8216;st<br \/> viimistluses on kasutatud \u00f6koloogiliselt puhtaid ja ohutuid v\u00e4rve<br \/> valmistamisel on kasutatud kaasaegset tehnoloogiat ja A-klass tarvikuid ning furnituure<br \/> sahtlite nurgad on \u00fcmardatud ja lapsele turvalised<br \/> kvaliteetne ja vastupidav, lihtne kokku panna<br \/> pinnad on kergesti puhastatavad<br \/> kapil on kaks mahukat sahtlit<br \/> sahtlid liiguvad kvaliteetsetel Saksa metall-liuguritel<br \/> kapiuste taga on \u00fcks riiul\u00a0<\/p>\n","protected":false},"excerpt":{"rendered":"<p>kahe ukse ja kahe sahtliga kapp\u00a0 kapp on valmistatud laminaadist ja\u00a0MDF &#8216;st viimistluses on kasutatud \u00f6koloogiliselt puhtaid ja ohutuid v\u00e4rve valmistamisel on kasutatud kaasaegset tehnoloogiat ja A-klass tarvikuid ning furnituure sahtlite nurgad on \u00fcmardatud ja lapsele turvalised kvaliteetne ja vastupidav, lihtne kokku panna pinnad on kergesti puhastatavad kapil on kaks mahukat sahtlit sahtlid liiguvad kvaliteetsetel [&hellip;]<\/p>\n","protected":false},"featured_media":0,"template":"","meta":{"_acf_changed":false},"pwb-brand":[],"product_brand":[],"product_cat":[2322],"product_tag":[],"class_list":{"0":"post-455636","1":"product","2":"type-product","3":"status-publish","5":"product_cat-bez-kategorii","7":"first","8":"onbackorder","9":"sale","10":"taxable","11":"shipping-taxable","12":"purchasable","13":"product-type-simple"},"exclude_global_add_ons":[],"addons":[],"acf":[],"yoast_head":"<!-- This site is optimized with the Yoast SEO plugin v27.1.1 - https:\/\/yoast.com\/product\/yoast-seo-wordpress\/ -->\n<title>Kapp Igor Madagaskar, \u0421\u041a\u0418\u0414\u041a\u0418, \u0428\u043a\u0430\u0444\u044b, \u043f\u043e\u043b\u043a\u0438, \u041d\u0438\u0437\u043a\u0438\u0435 \u0448\u043a\u0430\u0444\u044b, \u041a\u043d\u0438\u0436\u043d\u044b\u0435 \u043f\u043e\u043b\u043a\u0438, Beebipood<\/title>\n<meta name=\"description\" content=\"Kapp Igor Madagaskar, kahe ukse ja kahe sahtliga kapp&nbsp; kapp on valmistatud laminaadist ja&nbsp;MDF &#039;st viimistluses on kasutatud &ouml;koloo\" \/>\n<meta name=\"robots\" content=\"index, follow, max-snippet:-1, max-image-preview:large, max-video-preview:-1\" \/>\n<link rel=\"canonical\" href=\"https:\/\/beebipood.ee\/ru\/produkt\/kapp-igor-madagaskar\/\" \/>\n<meta property=\"og:locale\" content=\"ru_RU\" \/>\n<meta property=\"og:type\" content=\"article\" \/>\n<meta property=\"og:title\" content=\"Kapp Igor Madagaskar, \u0421\u041a\u0418\u0414\u041a\u0418, \u0428\u043a\u0430\u0444\u044b, \u043f\u043e\u043b\u043a\u0438, \u041d\u0438\u0437\u043a\u0438\u0435 \u0448\u043a\u0430\u0444\u044b, \u041a\u043d\u0438\u0436\u043d\u044b\u0435 \u043f\u043e\u043b\u043a\u0438, Beebipood\" \/>\n<meta property=\"og:description\" content=\"Kapp Igor Madagaskar, kahe ukse ja kahe sahtliga kapp&nbsp; kapp on valmistatud laminaadist ja&nbsp;MDF &#039;st viimistluses on kasutatud &ouml;koloo\" \/>\n<meta property=\"og:url\" content=\"https:\/\/beebipood.ee\/ru\/produkt\/kapp-igor-madagaskar\/\" \/>\n<meta property=\"og:site_name\" content=\"Beebipood\" \/>\n<meta property=\"article:modified_time\" content=\"2025-01-09T08:51:19+00:00\" \/>\n<meta name=\"twitter:card\" content=\"summary_large_image\" \/>\n<script type=\"application\/ld+json\" class=\"yoast-schema-graph\">{\"@context\":\"https:\/\/schema.org\",\"@graph\":[{\"@type\":\"WebPage\",\"@id\":\"https:\/\/beebipood.ee\/ru\/produkt\/kapp-igor-madagaskar\/\",\"url\":\"https:\/\/beebipood.ee\/ru\/produkt\/kapp-igor-madagaskar\/\",\"name\":\"Kapp Igor Madagaskar, \u0421\u041a\u0418\u0414\u041a\u0418, \u0428\u043a\u0430\u0444\u044b, \u043f\u043e\u043b\u043a\u0438, \u041d\u0438\u0437\u043a\u0438\u0435 \u0448\u043a\u0430\u0444\u044b, \u041a\u043d\u0438\u0436\u043d\u044b\u0435 \u043f\u043e\u043b\u043a\u0438, Beebipood\",\"isPartOf\":{\"@id\":\"https:\/\/beebipood.ee\/ru\/#website\"},\"datePublished\":\"2014-07-31T03:55:53+00:00\",\"dateModified\":\"2025-01-09T08:51:19+00:00\",\"description\":\"Kapp Igor Madagaskar, kahe ukse ja kahe sahtliga kapp&nbsp; kapp on valmistatud laminaadist ja&nbsp;MDF 'st viimistluses on kasutatud &ouml;koloo\",\"breadcrumb\":{\"@id\":\"https:\/\/beebipood.ee\/ru\/produkt\/kapp-igor-madagaskar\/#breadcrumb\"},\"inLanguage\":\"ru-RU\",\"potentialAction\":[{\"@type\":\"ReadAction\",\"target\":[\"https:\/\/beebipood.ee\/ru\/produkt\/kapp-igor-madagaskar\/\"]}]},{\"@type\":\"BreadcrumbList\",\"@id\":\"https:\/\/beebipood.ee\/ru\/produkt\/kapp-igor-madagaskar\/#breadcrumb\",\"itemListElement\":[{\"@type\":\"ListItem\",\"position\":1,\"name\":\"Home\",\"item\":\"https:\/\/beebipood.ee\/ru\/\"},{\"@type\":\"ListItem\",\"position\":2,\"name\":\"\u041a\u0430\u0442\u0430\u043b\u043e\u0433 \u0442\u043e\u0432\u0430\u0440\u043e\u0432\",\"item\":\"https:\/\/beebipood.ee\/tooted\/\"},{\"@type\":\"ListItem\",\"position\":3,\"name\":\"Kapp Igor Madagaskar\"}]},{\"@type\":\"WebSite\",\"@id\":\"https:\/\/beebipood.ee\/ru\/#website\",\"url\":\"https:\/\/beebipood.ee\/ru\/\",\"name\":\"Beebipood\",\"description\":\"Lastekaubad, beebikaubad, m\u00e4nguasjad\",\"publisher\":{\"@id\":\"https:\/\/beebipood.ee\/ru\/#organization\"},\"potentialAction\":[{\"@type\":\"SearchAction\",\"target\":{\"@type\":\"EntryPoint\",\"urlTemplate\":\"https:\/\/beebipood.ee\/ru\/?s={search_term_string}\"},\"query-input\":{\"@type\":\"PropertyValueSpecification\",\"valueRequired\":true,\"valueName\":\"search_term_string\"}}],\"inLanguage\":\"ru-RU\"},{\"@type\":\"Organization\",\"@id\":\"https:\/\/beebipood.ee\/ru\/#organization\",\"name\":\"Beebipood\",\"url\":\"https:\/\/beebipood.ee\/ru\/\",\"logo\":{\"@type\":\"ImageObject\",\"inLanguage\":\"ru-RU\",\"@id\":\"https:\/\/beebipood.ee\/ru\/#\/schema\/logo\/image\/\",\"url\":\"https:\/\/beebipood.ee\/wp-content\/uploads\/2025\/03\/beebipood.ee-logo-1.svg\",\"contentUrl\":\"https:\/\/beebipood.ee\/wp-content\/uploads\/2025\/03\/beebipood.ee-logo-1.svg\",\"caption\":\"Beebipood\"},\"image\":{\"@id\":\"https:\/\/beebipood.ee\/ru\/#\/schema\/logo\/image\/\"}}]}<\/script>\n<!-- \/ Yoast SEO plugin. -->","yoast_head_json":{"title":"Kapp Igor Madagaskar, \u0421\u041a\u0418\u0414\u041a\u0418, \u0428\u043a\u0430\u0444\u044b, \u043f\u043e\u043b\u043a\u0438, \u041d\u0438\u0437\u043a\u0438\u0435 \u0448\u043a\u0430\u0444\u044b, \u041a\u043d\u0438\u0436\u043d\u044b\u0435 \u043f\u043e\u043b\u043a\u0438, Beebipood","description":"Kapp Igor Madagaskar, kahe ukse ja kahe sahtliga kapp&nbsp; kapp on valmistatud laminaadist ja&nbsp;MDF 'st viimistluses on kasutatud &ouml;koloo","robots":{"index":"index","follow":"follow","max-snippet":"max-snippet:-1","max-image-preview":"max-image-preview:large","max-video-preview":"max-video-preview:-1"},"canonical":"https:\/\/beebipood.ee\/ru\/produkt\/kapp-igor-madagaskar\/","og_locale":"ru_RU","og_type":"article","og_title":"Kapp Igor Madagaskar, \u0421\u041a\u0418\u0414\u041a\u0418, \u0428\u043a\u0430\u0444\u044b, \u043f\u043e\u043b\u043a\u0438, \u041d\u0438\u0437\u043a\u0438\u0435 \u0448\u043a\u0430\u0444\u044b, \u041a\u043d\u0438\u0436\u043d\u044b\u0435 \u043f\u043e\u043b\u043a\u0438, Beebipood","og_description":"Kapp Igor Madagaskar, kahe ukse ja kahe sahtliga kapp&nbsp; kapp on valmistatud laminaadist ja&nbsp;MDF 'st viimistluses on kasutatud &ouml;koloo","og_url":"https:\/\/beebipood.ee\/ru\/produkt\/kapp-igor-madagaskar\/","og_site_name":"Beebipood","article_modified_time":"2025-01-09T08:51:19+00:00","twitter_card":"summary_large_image","schema":{"@context":"https:\/\/schema.org","@graph":[{"@type":"WebPage","@id":"https:\/\/beebipood.ee\/ru\/produkt\/kapp-igor-madagaskar\/","url":"https:\/\/beebipood.ee\/ru\/produkt\/kapp-igor-madagaskar\/","name":"Kapp Igor Madagaskar, \u0421\u041a\u0418\u0414\u041a\u0418, \u0428\u043a\u0430\u0444\u044b, \u043f\u043e\u043b\u043a\u0438, \u041d\u0438\u0437\u043a\u0438\u0435 \u0448\u043a\u0430\u0444\u044b, \u041a\u043d\u0438\u0436\u043d\u044b\u0435 \u043f\u043e\u043b\u043a\u0438, Beebipood","isPartOf":{"@id":"https:\/\/beebipood.ee\/ru\/#website"},"datePublished":"2014-07-31T03:55:53+00:00","dateModified":"2025-01-09T08:51:19+00:00","description":"Kapp Igor Madagaskar, kahe ukse ja kahe sahtliga kapp&nbsp; kapp on valmistatud laminaadist ja&nbsp;MDF 'st viimistluses on kasutatud &ouml;koloo","breadcrumb":{"@id":"https:\/\/beebipood.ee\/ru\/produkt\/kapp-igor-madagaskar\/#breadcrumb"},"inLanguage":"ru-RU","potentialAction":[{"@type":"ReadAction","target":["https:\/\/beebipood.ee\/ru\/produkt\/kapp-igor-madagaskar\/"]}]},{"@type":"BreadcrumbList","@id":"https:\/\/beebipood.ee\/ru\/produkt\/kapp-igor-madagaskar\/#breadcrumb","itemListElement":[{"@type":"ListItem","position":1,"name":"Home","item":"https:\/\/beebipood.ee\/ru\/"},{"@type":"ListItem","position":2,"name":"\u041a\u0430\u0442\u0430\u043b\u043e\u0433 \u0442\u043e\u0432\u0430\u0440\u043e\u0432","item":"https:\/\/beebipood.ee\/tooted\/"},{"@type":"ListItem","position":3,"name":"Kapp Igor Madagaskar"}]},{"@type":"WebSite","@id":"https:\/\/beebipood.ee\/ru\/#website","url":"https:\/\/beebipood.ee\/ru\/","name":"Beebipood","description":"Lastekaubad, beebikaubad, m\u00e4nguasjad","publisher":{"@id":"https:\/\/beebipood.ee\/ru\/#organization"},"potentialAction":[{"@type":"SearchAction","target":{"@type":"EntryPoint","urlTemplate":"https:\/\/beebipood.ee\/ru\/?s={search_term_string}"},"query-input":{"@type":"PropertyValueSpecification","valueRequired":true,"valueName":"search_term_string"}}],"inLanguage":"ru-RU"},{"@type":"Organization","@id":"https:\/\/beebipood.ee\/ru\/#organization","name":"Beebipood","url":"https:\/\/beebipood.ee\/ru\/","logo":{"@type":"ImageObject","inLanguage":"ru-RU","@id":"https:\/\/beebipood.ee\/ru\/#\/schema\/logo\/image\/","url":"https:\/\/beebipood.ee\/wp-content\/uploads\/2025\/03\/beebipood.ee-logo-1.svg","contentUrl":"https:\/\/beebipood.ee\/wp-content\/uploads\/2025\/03\/beebipood.ee-logo-1.svg","caption":"Beebipood"},"image":{"@id":"https:\/\/beebipood.ee\/ru\/#\/schema\/logo\/image\/"}}]}},"brands":[],"_links":{"self":[{"href":"https:\/\/beebipood.ee\/ru\/wp-json\/wp\/v2\/product\/455636","targetHints":{"allow":["GET"]}}],"collection":[{"href":"https:\/\/beebipood.ee\/ru\/wp-json\/wp\/v2\/product"}],"about":[{"href":"https:\/\/beebipood.ee\/ru\/wp-json\/wp\/v2\/types\/product"}],"wp:attachment":[{"href":"https:\/\/beebipood.ee\/ru\/wp-json\/wp\/v2\/media?parent=455636"}],"wp:term":[{"taxonomy":"pwb-brand","embeddable":true,"href":"https:\/\/beebipood.ee\/ru\/wp-json\/wp\/v2\/pwb-brand?post=455636"},{"taxonomy":"product_brand","embeddable":true,"href":"https:\/\/beebipood.ee\/ru\/wp-json\/wp\/v2\/product_brand?post=455636"},{"taxonomy":"product_cat","embeddable":true,"href":"https:\/\/beebipood.ee\/ru\/wp-json\/wp\/v2\/product_cat?post=455636"},{"taxonomy":"product_tag","embeddable":true,"href":"https:\/\/beebipood.ee\/ru\/wp-json\/wp\/v2\/product_tag?post=455636"}],"curies":[{"name":"wp","href":"https:\/\/api.w.org\/{rel}","templated":true}]}}