{"id":455686,"date":"2014-08-25T07:34:43","date_gmt":"2014-08-25T04:34:43","guid":{"rendered":"https:\/\/beebipood.ee\/toode\/mahkimismatt-bunny-pehme-pohi\/"},"modified":"2025-12-09T18:22:13","modified_gmt":"2025-12-09T16:22:13","slug":"mahkimismatt-bunny-pehme-pohi","status":"publish","type":"product","link":"https:\/\/beebipood.ee\/ru\/produkt\/mahkimismatt-bunny-pehme-pohi\/","title":{"rendered":"M\u00e4hkimismatt Bunny (pehme p\u00f5hi)"},"content":{"rendered":"<p data-start=\"177\" data-end=\"312\">M\u00e4hkimismatt on m\u00f5eldud kasutamiseks kummuti v\u00f5i muu kindla ja tasase pinna peal, kus beebit on mugav ja turvaline m\u00e4hkida.<\/p>\n<p data-start=\"314\" data-end=\"420\">Pehme madratsisisu pakub beebile m\u00f5nusat toestust ning loob rahuliku ja mugava tunde kogu m\u00e4hkimise ajaks.<\/p>\n<p data-start=\"422\" data-end=\"599\">K\u00f5rgekvaliteediline, sertifitseeritud ja veekindel pealismaterjal kaitseb beebi \u00f5rna nahka ja muudab madratsi puhastamise lihtsaks \u2013 ideaalne lahendus igap\u00e4evaseks kasutamiseks.<\/p>\n<p data-start=\"812\" data-end=\"834\"><strong data-start=\"812\" data-end=\"823\">M\u00f5\u00f5dud:<\/strong> 50 \u00d7 70 cm<\/p>\n","protected":false},"excerpt":{"rendered":"<p>M\u00e4hkimismatt on m\u00f5eldud kasutamiseks kummuti v\u00f5i muu kindla ja tasase pinna peal, kus beebit on mugav ja turvaline m\u00e4hkida. Pehme madratsisisu pakub beebile m\u00f5nusat toestust ning loob rahuliku ja mugava tunde kogu m\u00e4hkimise ajaks. K\u00f5rgekvaliteediline, sertifitseeritud ja veekindel pealismaterjal kaitseb beebi \u00f5rna nahka ja muudab madratsi puhastamise lihtsaks \u2013 ideaalne lahendus igap\u00e4evaseks kasutamiseks. M\u00f5\u00f5dud: 50 [&hellip;]<\/p>\n","protected":false},"featured_media":509569,"template":"","meta":{"_acf_changed":false},"pwb-brand":[11946],"product_brand":[],"product_cat":[11713,11709],"product_tag":[],"class_list":{"0":"post-455686","1":"product","2":"type-product","3":"status-publish","4":"has-post-thumbnail","6":"pwb-brand-klups-ru","7":"product_cat-mahkimismatid-ru","8":"product_cat-sootmistoolid-beebi-ja-lastetarbed-mahkimine-hugieen-ru","9":"pa_manufacturer-klups-ru","11":"first","12":"instock","13":"taxable","14":"shipping-taxable","15":"purchasable","16":"product-type-simple"},"exclude_global_add_ons":[],"addons":[],"acf":[],"yoast_head":"<!-- This site is optimized with the Yoast SEO plugin v27.1.1 - https:\/\/yoast.com\/product\/yoast-seo-wordpress\/ -->\n<title>M\u00e4hkimismatt Bunny (pehme p\u00f5hi), \u041f\u0440\u0438\u043d\u0430\u0434\u043b\u0435\u0436\u043d\u043e\u0441\u0442\u0438 \u0434\u043b\u044f \u043c\u043b\u0430\u0434\u0435\u043d\u0446\u0435\u0432, \u041c\u0430\u0442\u044b \u0434\u043b\u044f \u043f\u0435\u043b\u0435\u043d\u0430\u043d\u0438\u044f, Beebipood<\/title>\n<meta name=\"description\" content=\"M\u00e4hkimismatt Bunny (pehme p\u00f5hi), * peale joonistatud m\u00f5\u00f5dupuu\u00a0* kvaliteetne ja kergesti puhastatav materjal&lt;\/sp\" \/>\n<meta name=\"robots\" content=\"index, follow, max-snippet:-1, max-image-preview:large, max-video-preview:-1\" \/>\n<link rel=\"canonical\" href=\"https:\/\/beebipood.ee\/ru\/produkt\/mahkimismatt-bunny-pehme-pohi\/\" \/>\n<meta property=\"og:locale\" content=\"ru_RU\" \/>\n<meta property=\"og:type\" content=\"article\" \/>\n<meta property=\"og:title\" content=\"M\u00e4hkimismatt Bunny (pehme p\u00f5hi), \u041f\u0440\u0438\u043d\u0430\u0434\u043b\u0435\u0436\u043d\u043e\u0441\u0442\u0438 \u0434\u043b\u044f \u043c\u043b\u0430\u0434\u0435\u043d\u0446\u0435\u0432, \u041c\u0430\u0442\u044b \u0434\u043b\u044f \u043f\u0435\u043b\u0435\u043d\u0430\u043d\u0438\u044f, Beebipood\" \/>\n<meta property=\"og:description\" content=\"M\u00e4hkimismatt Bunny (pehme p\u00f5hi), * peale joonistatud m\u00f5\u00f5dupuu\u00a0* kvaliteetne ja kergesti puhastatav materjal&lt;\/sp\" \/>\n<meta property=\"og:url\" content=\"https:\/\/beebipood.ee\/ru\/produkt\/mahkimismatt-bunny-pehme-pohi\/\" \/>\n<meta property=\"og:site_name\" content=\"Beebipood\" \/>\n<meta property=\"article:modified_time\" content=\"2025-12-09T16:22:13+00:00\" \/>\n<meta property=\"og:image\" content=\"https:\/\/beebipood.ee\/wp-content\/uploads\/2014\/08\/cebababy-vystymo-kilimelis-basic-svajoklis-70x50cm-w-143-000-728.jpg\" \/>\n\t<meta property=\"og:image:width\" content=\"1188\" \/>\n\t<meta property=\"og:image:height\" content=\"1188\" \/>\n\t<meta property=\"og:image:type\" content=\"image\/jpeg\" \/>\n<meta name=\"twitter:card\" content=\"summary_large_image\" \/>\n<meta name=\"twitter:label1\" content=\"\u041f\u0440\u0438\u043c\u0435\u0440\u043d\u043e\u0435 \u0432\u0440\u0435\u043c\u044f \u0434\u043b\u044f \u0447\u0442\u0435\u043d\u0438\u044f\" \/>\n\t<meta name=\"twitter:data1\" content=\"1 \u043c\u0438\u043d\u0443\u0442\u0430\" \/>\n<script type=\"application\/ld+json\" class=\"yoast-schema-graph\">{\"@context\":\"https:\/\/schema.org\",\"@graph\":[{\"@type\":\"WebPage\",\"@id\":\"https:\/\/beebipood.ee\/ru\/produkt\/mahkimismatt-bunny-pehme-pohi\/\",\"url\":\"https:\/\/beebipood.ee\/ru\/produkt\/mahkimismatt-bunny-pehme-pohi\/\",\"name\":\"M\u00e4hkimismatt Bunny (pehme p\u00f5hi), \u041f\u0440\u0438\u043d\u0430\u0434\u043b\u0435\u0436\u043d\u043e\u0441\u0442\u0438 \u0434\u043b\u044f \u043c\u043b\u0430\u0434\u0435\u043d\u0446\u0435\u0432, \u041c\u0430\u0442\u044b \u0434\u043b\u044f \u043f\u0435\u043b\u0435\u043d\u0430\u043d\u0438\u044f, Beebipood\",\"isPartOf\":{\"@id\":\"https:\/\/beebipood.ee\/ru\/#website\"},\"primaryImageOfPage\":{\"@id\":\"https:\/\/beebipood.ee\/ru\/produkt\/mahkimismatt-bunny-pehme-pohi\/#primaryimage\"},\"image\":{\"@id\":\"https:\/\/beebipood.ee\/ru\/produkt\/mahkimismatt-bunny-pehme-pohi\/#primaryimage\"},\"thumbnailUrl\":\"https:\/\/beebipood.ee\/wp-content\/uploads\/2014\/08\/cebababy-vystymo-kilimelis-basic-svajoklis-70x50cm-w-143-000-728.jpg\",\"datePublished\":\"2014-08-25T04:34:43+00:00\",\"dateModified\":\"2025-12-09T16:22:13+00:00\",\"description\":\"M\u00e4hkimismatt Bunny (pehme p\u00f5hi), * peale joonistatud m\u00f5\u00f5dupuu\u00a0* kvaliteetne ja kergesti puhastatav materjal&lt;\/sp\",\"breadcrumb\":{\"@id\":\"https:\/\/beebipood.ee\/ru\/produkt\/mahkimismatt-bunny-pehme-pohi\/#breadcrumb\"},\"inLanguage\":\"ru-RU\",\"potentialAction\":[{\"@type\":\"ReadAction\",\"target\":[\"https:\/\/beebipood.ee\/ru\/produkt\/mahkimismatt-bunny-pehme-pohi\/\"]}]},{\"@type\":\"ImageObject\",\"inLanguage\":\"ru-RU\",\"@id\":\"https:\/\/beebipood.ee\/ru\/produkt\/mahkimismatt-bunny-pehme-pohi\/#primaryimage\",\"url\":\"https:\/\/beebipood.ee\/wp-content\/uploads\/2014\/08\/cebababy-vystymo-kilimelis-basic-svajoklis-70x50cm-w-143-000-728.jpg\",\"contentUrl\":\"https:\/\/beebipood.ee\/wp-content\/uploads\/2014\/08\/cebababy-vystymo-kilimelis-basic-svajoklis-70x50cm-w-143-000-728.jpg\",\"width\":1188,\"height\":1188},{\"@type\":\"BreadcrumbList\",\"@id\":\"https:\/\/beebipood.ee\/ru\/produkt\/mahkimismatt-bunny-pehme-pohi\/#breadcrumb\",\"itemListElement\":[{\"@type\":\"ListItem\",\"position\":1,\"name\":\"Home\",\"item\":\"https:\/\/beebipood.ee\/ru\/\"},{\"@type\":\"ListItem\",\"position\":2,\"name\":\"\u041a\u0430\u0442\u0430\u043b\u043e\u0433 \u0442\u043e\u0432\u0430\u0440\u043e\u0432\",\"item\":\"https:\/\/beebipood.ee\/tooted\/\"},{\"@type\":\"ListItem\",\"position\":3,\"name\":\"M\u00e4hkimismatt Bunny (pehme p\u00f5hi)\"}]},{\"@type\":\"WebSite\",\"@id\":\"https:\/\/beebipood.ee\/ru\/#website\",\"url\":\"https:\/\/beebipood.ee\/ru\/\",\"name\":\"Beebipood\",\"description\":\"Lastekaubad, beebikaubad, m\u00e4nguasjad\",\"publisher\":{\"@id\":\"https:\/\/beebipood.ee\/ru\/#organization\"},\"potentialAction\":[{\"@type\":\"SearchAction\",\"target\":{\"@type\":\"EntryPoint\",\"urlTemplate\":\"https:\/\/beebipood.ee\/ru\/?s={search_term_string}\"},\"query-input\":{\"@type\":\"PropertyValueSpecification\",\"valueRequired\":true,\"valueName\":\"search_term_string\"}}],\"inLanguage\":\"ru-RU\"},{\"@type\":\"Organization\",\"@id\":\"https:\/\/beebipood.ee\/ru\/#organization\",\"name\":\"Beebipood\",\"url\":\"https:\/\/beebipood.ee\/ru\/\",\"logo\":{\"@type\":\"ImageObject\",\"inLanguage\":\"ru-RU\",\"@id\":\"https:\/\/beebipood.ee\/ru\/#\/schema\/logo\/image\/\",\"url\":\"https:\/\/beebipood.ee\/wp-content\/uploads\/2025\/03\/beebipood.ee-logo-1.svg\",\"contentUrl\":\"https:\/\/beebipood.ee\/wp-content\/uploads\/2025\/03\/beebipood.ee-logo-1.svg\",\"caption\":\"Beebipood\"},\"image\":{\"@id\":\"https:\/\/beebipood.ee\/ru\/#\/schema\/logo\/image\/\"}}]}<\/script>\n<!-- \/ Yoast SEO plugin. -->","yoast_head_json":{"title":"M\u00e4hkimismatt Bunny (pehme p\u00f5hi), \u041f\u0440\u0438\u043d\u0430\u0434\u043b\u0435\u0436\u043d\u043e\u0441\u0442\u0438 \u0434\u043b\u044f \u043c\u043b\u0430\u0434\u0435\u043d\u0446\u0435\u0432, \u041c\u0430\u0442\u044b \u0434\u043b\u044f \u043f\u0435\u043b\u0435\u043d\u0430\u043d\u0438\u044f, Beebipood","description":"M\u00e4hkimismatt Bunny (pehme p\u00f5hi), * peale joonistatud m\u00f5\u00f5dupuu\u00a0* kvaliteetne ja kergesti puhastatav materjal&lt;\/sp","robots":{"index":"index","follow":"follow","max-snippet":"max-snippet:-1","max-image-preview":"max-image-preview:large","max-video-preview":"max-video-preview:-1"},"canonical":"https:\/\/beebipood.ee\/ru\/produkt\/mahkimismatt-bunny-pehme-pohi\/","og_locale":"ru_RU","og_type":"article","og_title":"M\u00e4hkimismatt Bunny (pehme p\u00f5hi), \u041f\u0440\u0438\u043d\u0430\u0434\u043b\u0435\u0436\u043d\u043e\u0441\u0442\u0438 \u0434\u043b\u044f \u043c\u043b\u0430\u0434\u0435\u043d\u0446\u0435\u0432, \u041c\u0430\u0442\u044b \u0434\u043b\u044f \u043f\u0435\u043b\u0435\u043d\u0430\u043d\u0438\u044f, Beebipood","og_description":"M\u00e4hkimismatt Bunny (pehme p\u00f5hi), * peale joonistatud m\u00f5\u00f5dupuu\u00a0* kvaliteetne ja kergesti puhastatav materjal&lt;\/sp","og_url":"https:\/\/beebipood.ee\/ru\/produkt\/mahkimismatt-bunny-pehme-pohi\/","og_site_name":"Beebipood","article_modified_time":"2025-12-09T16:22:13+00:00","og_image":[{"width":1188,"height":1188,"url":"https:\/\/beebipood.ee\/wp-content\/uploads\/2014\/08\/cebababy-vystymo-kilimelis-basic-svajoklis-70x50cm-w-143-000-728.jpg","type":"image\/jpeg"}],"twitter_card":"summary_large_image","twitter_misc":{"\u041f\u0440\u0438\u043c\u0435\u0440\u043d\u043e\u0435 \u0432\u0440\u0435\u043c\u044f \u0434\u043b\u044f \u0447\u0442\u0435\u043d\u0438\u044f":"1 \u043c\u0438\u043d\u0443\u0442\u0430"},"schema":{"@context":"https:\/\/schema.org","@graph":[{"@type":"WebPage","@id":"https:\/\/beebipood.ee\/ru\/produkt\/mahkimismatt-bunny-pehme-pohi\/","url":"https:\/\/beebipood.ee\/ru\/produkt\/mahkimismatt-bunny-pehme-pohi\/","name":"M\u00e4hkimismatt Bunny (pehme p\u00f5hi), \u041f\u0440\u0438\u043d\u0430\u0434\u043b\u0435\u0436\u043d\u043e\u0441\u0442\u0438 \u0434\u043b\u044f \u043c\u043b\u0430\u0434\u0435\u043d\u0446\u0435\u0432, \u041c\u0430\u0442\u044b \u0434\u043b\u044f \u043f\u0435\u043b\u0435\u043d\u0430\u043d\u0438\u044f, Beebipood","isPartOf":{"@id":"https:\/\/beebipood.ee\/ru\/#website"},"primaryImageOfPage":{"@id":"https:\/\/beebipood.ee\/ru\/produkt\/mahkimismatt-bunny-pehme-pohi\/#primaryimage"},"image":{"@id":"https:\/\/beebipood.ee\/ru\/produkt\/mahkimismatt-bunny-pehme-pohi\/#primaryimage"},"thumbnailUrl":"https:\/\/beebipood.ee\/wp-content\/uploads\/2014\/08\/cebababy-vystymo-kilimelis-basic-svajoklis-70x50cm-w-143-000-728.jpg","datePublished":"2014-08-25T04:34:43+00:00","dateModified":"2025-12-09T16:22:13+00:00","description":"M\u00e4hkimismatt Bunny (pehme p\u00f5hi), * peale joonistatud m\u00f5\u00f5dupuu\u00a0* kvaliteetne ja kergesti puhastatav materjal&lt;\/sp","breadcrumb":{"@id":"https:\/\/beebipood.ee\/ru\/produkt\/mahkimismatt-bunny-pehme-pohi\/#breadcrumb"},"inLanguage":"ru-RU","potentialAction":[{"@type":"ReadAction","target":["https:\/\/beebipood.ee\/ru\/produkt\/mahkimismatt-bunny-pehme-pohi\/"]}]},{"@type":"ImageObject","inLanguage":"ru-RU","@id":"https:\/\/beebipood.ee\/ru\/produkt\/mahkimismatt-bunny-pehme-pohi\/#primaryimage","url":"https:\/\/beebipood.ee\/wp-content\/uploads\/2014\/08\/cebababy-vystymo-kilimelis-basic-svajoklis-70x50cm-w-143-000-728.jpg","contentUrl":"https:\/\/beebipood.ee\/wp-content\/uploads\/2014\/08\/cebababy-vystymo-kilimelis-basic-svajoklis-70x50cm-w-143-000-728.jpg","width":1188,"height":1188},{"@type":"BreadcrumbList","@id":"https:\/\/beebipood.ee\/ru\/produkt\/mahkimismatt-bunny-pehme-pohi\/#breadcrumb","itemListElement":[{"@type":"ListItem","position":1,"name":"Home","item":"https:\/\/beebipood.ee\/ru\/"},{"@type":"ListItem","position":2,"name":"\u041a\u0430\u0442\u0430\u043b\u043e\u0433 \u0442\u043e\u0432\u0430\u0440\u043e\u0432","item":"https:\/\/beebipood.ee\/tooted\/"},{"@type":"ListItem","position":3,"name":"M\u00e4hkimismatt Bunny (pehme p\u00f5hi)"}]},{"@type":"WebSite","@id":"https:\/\/beebipood.ee\/ru\/#website","url":"https:\/\/beebipood.ee\/ru\/","name":"Beebipood","description":"Lastekaubad, beebikaubad, m\u00e4nguasjad","publisher":{"@id":"https:\/\/beebipood.ee\/ru\/#organization"},"potentialAction":[{"@type":"SearchAction","target":{"@type":"EntryPoint","urlTemplate":"https:\/\/beebipood.ee\/ru\/?s={search_term_string}"},"query-input":{"@type":"PropertyValueSpecification","valueRequired":true,"valueName":"search_term_string"}}],"inLanguage":"ru-RU"},{"@type":"Organization","@id":"https:\/\/beebipood.ee\/ru\/#organization","name":"Beebipood","url":"https:\/\/beebipood.ee\/ru\/","logo":{"@type":"ImageObject","inLanguage":"ru-RU","@id":"https:\/\/beebipood.ee\/ru\/#\/schema\/logo\/image\/","url":"https:\/\/beebipood.ee\/wp-content\/uploads\/2025\/03\/beebipood.ee-logo-1.svg","contentUrl":"https:\/\/beebipood.ee\/wp-content\/uploads\/2025\/03\/beebipood.ee-logo-1.svg","caption":"Beebipood"},"image":{"@id":"https:\/\/beebipood.ee\/ru\/#\/schema\/logo\/image\/"}}]}},"brands":[{"id":11946,"name":"Klups","slug":"klups-ru"}],"_links":{"self":[{"href":"https:\/\/beebipood.ee\/ru\/wp-json\/wp\/v2\/product\/455686","targetHints":{"allow":["GET"]}}],"collection":[{"href":"https:\/\/beebipood.ee\/ru\/wp-json\/wp\/v2\/product"}],"about":[{"href":"https:\/\/beebipood.ee\/ru\/wp-json\/wp\/v2\/types\/product"}],"wp:featuredmedia":[{"embeddable":true,"href":"https:\/\/beebipood.ee\/ru\/wp-json\/wp\/v2\/media\/509569"}],"wp:attachment":[{"href":"https:\/\/beebipood.ee\/ru\/wp-json\/wp\/v2\/media?parent=455686"}],"wp:term":[{"taxonomy":"pwb-brand","embeddable":true,"href":"https:\/\/beebipood.ee\/ru\/wp-json\/wp\/v2\/pwb-brand?post=455686"},{"taxonomy":"product_brand","embeddable":true,"href":"https:\/\/beebipood.ee\/ru\/wp-json\/wp\/v2\/product_brand?post=455686"},{"taxonomy":"product_cat","embeddable":true,"href":"https:\/\/beebipood.ee\/ru\/wp-json\/wp\/v2\/product_cat?post=455686"},{"taxonomy":"product_tag","embeddable":true,"href":"https:\/\/beebipood.ee\/ru\/wp-json\/wp\/v2\/product_tag?post=455686"}],"curies":[{"name":"wp","href":"https:\/\/api.w.org\/{rel}","templated":true}]}}