{"id":455694,"date":"2014-08-25T07:49:31","date_gmt":"2014-08-25T04:49:31","guid":{"rendered":"https:\/\/beebipood.ee\/toode\/astmelaud-montessori-step-stool-uhevarviline\/"},"modified":"2025-01-09T10:51:16","modified_gmt":"2025-01-09T08:51:16","slug":"astmelaud-montessori-step-stool-uhevarviline","status":"publish","type":"product","link":"https:\/\/beebipood.ee\/ru\/produkt\/astmelaud-montessori-step-stool-uhevarviline\/","title":{"rendered":"Astepink Montessori Step Stool, \u00fchev\u00e4rviline"},"content":{"rendered":"<p>Praktiline ja ohutu astmelaud\/trepp.<br \/>Valmistatud kasepuidust.<br \/>Hea abimees lapsele, v\u00f5imaldades:<br \/>&#8212; rahuldada lapse uudishimu ning saada teada, mis on k\u00f5rgemal riiulil.<br \/>&#8212; saavutada madalamaid v\u00f5i k\u00f5rgemaid tippe juba v\u00e4ga varases eas.<br \/>&#8212; suurendada enesekindlust ja iseseisvust.<br \/>Astmelauda saab laps kasutada pikka aega,<br \/>kuna selle k\u00f5rgust saab muuta (reguleerida).<br \/>Astmelaud on v\u00e4ga vastupidav, ning seda saab kasutada ka emme,<br \/>et k\u00f5rgematelt riiulitelt midagi noppida.<br \/>Astmelaud on kokkupandav ning see ei v\u00f5ta palju ruumi.<br \/><span>Oluline teave<\/span><br \/>&#8212; V\u00f5ib kasutada alates 18 kuust t\u00e4iskasvanu j\u00e4relevalve all.<br \/>&#8212; Kaalupiirang on 60 kg.<br \/><span>M\u00f5\u00f5dud<\/span><br \/>M\u00f5\u00f5dud avatult: k\u00f5rgus: 91 cm, laius: 40 cm, pikkus: 41 cm<br \/>M\u00f5\u00f5dud kokkupandult: k\u00f5rgus: 94 cm, laius: 42 cm, pikkus: 13 cm<br \/>Seisuplatvormi m\u00f5\u00f5dud: 41cm x 28cm<br \/>Seisuplatvormi tasandid maast: 43 cm, 53 cm, 67 cm<br \/>Kaal: 7,1 kg<\/p>\n","protected":false},"excerpt":{"rendered":"<p>Praktiline ja ohutu astmelaud\/trepp.Valmistatud kasepuidust.Hea abimees lapsele, v\u00f5imaldades:&#8212; rahuldada lapse uudishimu ning saada teada, mis on k\u00f5rgemal riiulil.&#8212; saavutada madalamaid v\u00f5i k\u00f5rgemaid tippe juba v\u00e4ga varases eas.&#8212; suurendada enesekindlust ja iseseisvust.Astmelauda saab laps kasutada pikka aega,kuna selle k\u00f5rgust saab muuta (reguleerida).Astmelaud on v\u00e4ga vastupidav, ning seda saab kasutada ka emme,et k\u00f5rgematelt riiulitelt midagi noppida.Astmelaud on [&hellip;]<\/p>\n","protected":false},"featured_media":104342,"template":"","meta":{"_acf_changed":false},"pwb-brand":[],"product_brand":[],"product_cat":[11651,11647,11789],"product_tag":[],"class_list":{"0":"post-455694","1":"product","2":"type-product","3":"status-publish","4":"has-post-thumbnail","6":"product_cat-lastetoolid-ru","7":"product_cat-lastelauad-toolid-arvuti-ja-kirjutuslauad-ru","8":"product_cat-lastemoobel-ja-sisustus-ru","10":"first","11":"onbackorder","12":"sale","13":"taxable","14":"shipping-taxable","15":"purchasable","16":"product-type-simple"},"exclude_global_add_ons":false,"addons":[{"name":"Vali v\u00e4rv","type":"multiple_choice","position":0,"required":true,"title_format":"heading","default":"","description_enable":false,"description":"","placeholder_enable":false,"placeholder":"","display":"images","restrictions_type":"any_text","adjust_price":false,"price":"","price_type":"flat_fee","restrictions":false,"min":"0","max":"0","options":[{"label":"Puuvalmis","price":"","price_type":"quantity_based","image":501297,"visibility":true},{"label":"Nat.lakk","price":"24.0000","price_type":"quantity_based","image":501299,"visibility":true},{"label":"Valge","price":"24.0000","price_type":"quantity_based","image":501301,"visibility":true},{"label":"Hall","price":"24.0000","price_type":"quantity_based","image":501303,"visibility":true},{"label":"Roosa","price":"24.0000","price_type":"quantity_based","image":501305,"visibility":true},{"label":"Roheline","price":"24.0000","price_type":"quantity_based","image":501307,"visibility":true},{"label":"Sinine","price":"24.0000","price_type":"quantity_based","image":501309,"visibility":true}]}],"acf":[],"yoast_head":"<!-- This site is optimized with the Yoast SEO plugin v27.1.1 - https:\/\/yoast.com\/product\/yoast-seo-wordpress\/ -->\n<title>Astepink Montessori Step Stool, \u00fchev\u00e4rviline, \u041d\u041e\u0412\u042b\u0415 \u0422\u041e\u0412\u0410\u0420\u042b, \u0414\u0435\u0442\u0441\u043a\u0438\u0435 \u0441\u0442\u043e\u043b\u044b, \u0441\u0442\u0443\u043b\u044c\u044f, \u043f\u0438\u0441\u044c\u043c\u0435\u043d\u043d\u044b\u0435 \u0441\u0442\u043e\u043b\u044b, \u0414\u0435\u0442\u0441\u043a\u0438\u0435 \u0441\u0442\u0443\u043b\u044c\u044f, M\u0435\u0431\u0435\u043b\u044c, Beebipood<\/title>\n<meta name=\"description\" content=\"Astepink Montessori Step Stool, \u00fchev\u00e4rviline, Praktiline ja ohutu astmelaud\/trepp.Valmistatud kasepuidust.Hea abimees lapsele, v&otilde;imaldad\" \/>\n<meta name=\"robots\" content=\"index, follow, max-snippet:-1, max-image-preview:large, max-video-preview:-1\" \/>\n<link rel=\"canonical\" href=\"https:\/\/beebipood.ee\/ru\/produkt\/astmelaud-montessori-step-stool-uhevarviline\/\" \/>\n<meta property=\"og:locale\" content=\"ru_RU\" \/>\n<meta property=\"og:type\" content=\"article\" \/>\n<meta property=\"og:title\" content=\"Astepink Montessori Step Stool, \u00fchev\u00e4rviline, \u041d\u041e\u0412\u042b\u0415 \u0422\u041e\u0412\u0410\u0420\u042b, \u0414\u0435\u0442\u0441\u043a\u0438\u0435 \u0441\u0442\u043e\u043b\u044b, \u0441\u0442\u0443\u043b\u044c\u044f, \u043f\u0438\u0441\u044c\u043c\u0435\u043d\u043d\u044b\u0435 \u0441\u0442\u043e\u043b\u044b, \u0414\u0435\u0442\u0441\u043a\u0438\u0435 \u0441\u0442\u0443\u043b\u044c\u044f, M\u0435\u0431\u0435\u043b\u044c, Beebipood\" \/>\n<meta property=\"og:description\" content=\"Astepink Montessori Step Stool, \u00fchev\u00e4rviline, Praktiline ja ohutu astmelaud\/trepp.Valmistatud kasepuidust.Hea abimees lapsele, v&otilde;imaldad\" \/>\n<meta property=\"og:url\" content=\"https:\/\/beebipood.ee\/ru\/produkt\/astmelaud-montessori-step-stool-uhevarviline\/\" \/>\n<meta property=\"og:site_name\" content=\"Beebipood\" \/>\n<meta property=\"article:modified_time\" content=\"2025-01-09T08:51:16+00:00\" \/>\n<meta property=\"og:image\" content=\"https:\/\/beebipood.ee\/wp-content\/uploads\/2014\/08\/Astmelaud-Montessori-Step-Stool-uhevarviline-Voodipesu-Laos_6-282.jpg\" \/>\n\t<meta property=\"og:image:width\" content=\"561\" \/>\n\t<meta property=\"og:image:height\" content=\"844\" \/>\n\t<meta property=\"og:image:type\" content=\"image\/jpeg\" \/>\n<meta name=\"twitter:card\" content=\"summary_large_image\" \/>\n<meta name=\"twitter:label1\" content=\"\u041f\u0440\u0438\u043c\u0435\u0440\u043d\u043e\u0435 \u0432\u0440\u0435\u043c\u044f \u0434\u043b\u044f \u0447\u0442\u0435\u043d\u0438\u044f\" \/>\n\t<meta name=\"twitter:data1\" content=\"1 \u043c\u0438\u043d\u0443\u0442\u0430\" \/>\n<script type=\"application\/ld+json\" class=\"yoast-schema-graph\">{\"@context\":\"https:\/\/schema.org\",\"@graph\":[{\"@type\":\"WebPage\",\"@id\":\"https:\/\/beebipood.ee\/ru\/produkt\/astmelaud-montessori-step-stool-uhevarviline\/\",\"url\":\"https:\/\/beebipood.ee\/ru\/produkt\/astmelaud-montessori-step-stool-uhevarviline\/\",\"name\":\"Astepink Montessori Step Stool, \u00fchev\u00e4rviline, \u041d\u041e\u0412\u042b\u0415 \u0422\u041e\u0412\u0410\u0420\u042b, \u0414\u0435\u0442\u0441\u043a\u0438\u0435 \u0441\u0442\u043e\u043b\u044b, \u0441\u0442\u0443\u043b\u044c\u044f, \u043f\u0438\u0441\u044c\u043c\u0435\u043d\u043d\u044b\u0435 \u0441\u0442\u043e\u043b\u044b, \u0414\u0435\u0442\u0441\u043a\u0438\u0435 \u0441\u0442\u0443\u043b\u044c\u044f, M\u0435\u0431\u0435\u043b\u044c, Beebipood\",\"isPartOf\":{\"@id\":\"https:\/\/beebipood.ee\/ru\/#website\"},\"primaryImageOfPage\":{\"@id\":\"https:\/\/beebipood.ee\/ru\/produkt\/astmelaud-montessori-step-stool-uhevarviline\/#primaryimage\"},\"image\":{\"@id\":\"https:\/\/beebipood.ee\/ru\/produkt\/astmelaud-montessori-step-stool-uhevarviline\/#primaryimage\"},\"thumbnailUrl\":\"https:\/\/beebipood.ee\/wp-content\/uploads\/2014\/08\/Astmelaud-Montessori-Step-Stool-uhevarviline-Voodipesu-Laos_6-282.jpg\",\"datePublished\":\"2014-08-25T04:49:31+00:00\",\"dateModified\":\"2025-01-09T08:51:16+00:00\",\"description\":\"Astepink Montessori Step Stool, \u00fchev\u00e4rviline, Praktiline ja ohutu astmelaud\/trepp.Valmistatud kasepuidust.Hea abimees lapsele, v&otilde;imaldad\",\"breadcrumb\":{\"@id\":\"https:\/\/beebipood.ee\/ru\/produkt\/astmelaud-montessori-step-stool-uhevarviline\/#breadcrumb\"},\"inLanguage\":\"ru-RU\",\"potentialAction\":[{\"@type\":\"ReadAction\",\"target\":[\"https:\/\/beebipood.ee\/ru\/produkt\/astmelaud-montessori-step-stool-uhevarviline\/\"]}]},{\"@type\":\"ImageObject\",\"inLanguage\":\"ru-RU\",\"@id\":\"https:\/\/beebipood.ee\/ru\/produkt\/astmelaud-montessori-step-stool-uhevarviline\/#primaryimage\",\"url\":\"https:\/\/beebipood.ee\/wp-content\/uploads\/2014\/08\/Astmelaud-Montessori-Step-Stool-uhevarviline-Voodipesu-Laos_6-282.jpg\",\"contentUrl\":\"https:\/\/beebipood.ee\/wp-content\/uploads\/2014\/08\/Astmelaud-Montessori-Step-Stool-uhevarviline-Voodipesu-Laos_6-282.jpg\",\"width\":561,\"height\":844},{\"@type\":\"BreadcrumbList\",\"@id\":\"https:\/\/beebipood.ee\/ru\/produkt\/astmelaud-montessori-step-stool-uhevarviline\/#breadcrumb\",\"itemListElement\":[{\"@type\":\"ListItem\",\"position\":1,\"name\":\"Home\",\"item\":\"https:\/\/beebipood.ee\/ru\/\"},{\"@type\":\"ListItem\",\"position\":2,\"name\":\"\u041a\u0430\u0442\u0430\u043b\u043e\u0433 \u0442\u043e\u0432\u0430\u0440\u043e\u0432\",\"item\":\"https:\/\/beebipood.ee\/tooted\/\"},{\"@type\":\"ListItem\",\"position\":3,\"name\":\"Astepink Montessori Step Stool, \u00fchev\u00e4rviline\"}]},{\"@type\":\"WebSite\",\"@id\":\"https:\/\/beebipood.ee\/ru\/#website\",\"url\":\"https:\/\/beebipood.ee\/ru\/\",\"name\":\"Beebipood\",\"description\":\"Lastekaubad, beebikaubad, m\u00e4nguasjad\",\"publisher\":{\"@id\":\"https:\/\/beebipood.ee\/ru\/#organization\"},\"potentialAction\":[{\"@type\":\"SearchAction\",\"target\":{\"@type\":\"EntryPoint\",\"urlTemplate\":\"https:\/\/beebipood.ee\/ru\/?s={search_term_string}\"},\"query-input\":{\"@type\":\"PropertyValueSpecification\",\"valueRequired\":true,\"valueName\":\"search_term_string\"}}],\"inLanguage\":\"ru-RU\"},{\"@type\":\"Organization\",\"@id\":\"https:\/\/beebipood.ee\/ru\/#organization\",\"name\":\"Beebipood\",\"url\":\"https:\/\/beebipood.ee\/ru\/\",\"logo\":{\"@type\":\"ImageObject\",\"inLanguage\":\"ru-RU\",\"@id\":\"https:\/\/beebipood.ee\/ru\/#\/schema\/logo\/image\/\",\"url\":\"https:\/\/beebipood.ee\/wp-content\/uploads\/2025\/03\/beebipood.ee-logo-1.svg\",\"contentUrl\":\"https:\/\/beebipood.ee\/wp-content\/uploads\/2025\/03\/beebipood.ee-logo-1.svg\",\"caption\":\"Beebipood\"},\"image\":{\"@id\":\"https:\/\/beebipood.ee\/ru\/#\/schema\/logo\/image\/\"}}]}<\/script>\n<!-- \/ Yoast SEO plugin. -->","yoast_head_json":{"title":"Astepink Montessori Step Stool, \u00fchev\u00e4rviline, \u041d\u041e\u0412\u042b\u0415 \u0422\u041e\u0412\u0410\u0420\u042b, \u0414\u0435\u0442\u0441\u043a\u0438\u0435 \u0441\u0442\u043e\u043b\u044b, \u0441\u0442\u0443\u043b\u044c\u044f, \u043f\u0438\u0441\u044c\u043c\u0435\u043d\u043d\u044b\u0435 \u0441\u0442\u043e\u043b\u044b, \u0414\u0435\u0442\u0441\u043a\u0438\u0435 \u0441\u0442\u0443\u043b\u044c\u044f, M\u0435\u0431\u0435\u043b\u044c, Beebipood","description":"Astepink Montessori Step Stool, \u00fchev\u00e4rviline, Praktiline ja ohutu astmelaud\/trepp.Valmistatud kasepuidust.Hea abimees lapsele, v&otilde;imaldad","robots":{"index":"index","follow":"follow","max-snippet":"max-snippet:-1","max-image-preview":"max-image-preview:large","max-video-preview":"max-video-preview:-1"},"canonical":"https:\/\/beebipood.ee\/ru\/produkt\/astmelaud-montessori-step-stool-uhevarviline\/","og_locale":"ru_RU","og_type":"article","og_title":"Astepink Montessori Step Stool, \u00fchev\u00e4rviline, \u041d\u041e\u0412\u042b\u0415 \u0422\u041e\u0412\u0410\u0420\u042b, \u0414\u0435\u0442\u0441\u043a\u0438\u0435 \u0441\u0442\u043e\u043b\u044b, \u0441\u0442\u0443\u043b\u044c\u044f, \u043f\u0438\u0441\u044c\u043c\u0435\u043d\u043d\u044b\u0435 \u0441\u0442\u043e\u043b\u044b, \u0414\u0435\u0442\u0441\u043a\u0438\u0435 \u0441\u0442\u0443\u043b\u044c\u044f, M\u0435\u0431\u0435\u043b\u044c, Beebipood","og_description":"Astepink Montessori Step Stool, \u00fchev\u00e4rviline, Praktiline ja ohutu astmelaud\/trepp.Valmistatud kasepuidust.Hea abimees lapsele, v&otilde;imaldad","og_url":"https:\/\/beebipood.ee\/ru\/produkt\/astmelaud-montessori-step-stool-uhevarviline\/","og_site_name":"Beebipood","article_modified_time":"2025-01-09T08:51:16+00:00","og_image":[{"width":561,"height":844,"url":"https:\/\/beebipood.ee\/wp-content\/uploads\/2014\/08\/Astmelaud-Montessori-Step-Stool-uhevarviline-Voodipesu-Laos_6-282.jpg","type":"image\/jpeg"}],"twitter_card":"summary_large_image","twitter_misc":{"\u041f\u0440\u0438\u043c\u0435\u0440\u043d\u043e\u0435 \u0432\u0440\u0435\u043c\u044f \u0434\u043b\u044f \u0447\u0442\u0435\u043d\u0438\u044f":"1 \u043c\u0438\u043d\u0443\u0442\u0430"},"schema":{"@context":"https:\/\/schema.org","@graph":[{"@type":"WebPage","@id":"https:\/\/beebipood.ee\/ru\/produkt\/astmelaud-montessori-step-stool-uhevarviline\/","url":"https:\/\/beebipood.ee\/ru\/produkt\/astmelaud-montessori-step-stool-uhevarviline\/","name":"Astepink Montessori Step Stool, \u00fchev\u00e4rviline, \u041d\u041e\u0412\u042b\u0415 \u0422\u041e\u0412\u0410\u0420\u042b, \u0414\u0435\u0442\u0441\u043a\u0438\u0435 \u0441\u0442\u043e\u043b\u044b, \u0441\u0442\u0443\u043b\u044c\u044f, \u043f\u0438\u0441\u044c\u043c\u0435\u043d\u043d\u044b\u0435 \u0441\u0442\u043e\u043b\u044b, \u0414\u0435\u0442\u0441\u043a\u0438\u0435 \u0441\u0442\u0443\u043b\u044c\u044f, M\u0435\u0431\u0435\u043b\u044c, Beebipood","isPartOf":{"@id":"https:\/\/beebipood.ee\/ru\/#website"},"primaryImageOfPage":{"@id":"https:\/\/beebipood.ee\/ru\/produkt\/astmelaud-montessori-step-stool-uhevarviline\/#primaryimage"},"image":{"@id":"https:\/\/beebipood.ee\/ru\/produkt\/astmelaud-montessori-step-stool-uhevarviline\/#primaryimage"},"thumbnailUrl":"https:\/\/beebipood.ee\/wp-content\/uploads\/2014\/08\/Astmelaud-Montessori-Step-Stool-uhevarviline-Voodipesu-Laos_6-282.jpg","datePublished":"2014-08-25T04:49:31+00:00","dateModified":"2025-01-09T08:51:16+00:00","description":"Astepink Montessori Step Stool, \u00fchev\u00e4rviline, Praktiline ja ohutu astmelaud\/trepp.Valmistatud kasepuidust.Hea abimees lapsele, v&otilde;imaldad","breadcrumb":{"@id":"https:\/\/beebipood.ee\/ru\/produkt\/astmelaud-montessori-step-stool-uhevarviline\/#breadcrumb"},"inLanguage":"ru-RU","potentialAction":[{"@type":"ReadAction","target":["https:\/\/beebipood.ee\/ru\/produkt\/astmelaud-montessori-step-stool-uhevarviline\/"]}]},{"@type":"ImageObject","inLanguage":"ru-RU","@id":"https:\/\/beebipood.ee\/ru\/produkt\/astmelaud-montessori-step-stool-uhevarviline\/#primaryimage","url":"https:\/\/beebipood.ee\/wp-content\/uploads\/2014\/08\/Astmelaud-Montessori-Step-Stool-uhevarviline-Voodipesu-Laos_6-282.jpg","contentUrl":"https:\/\/beebipood.ee\/wp-content\/uploads\/2014\/08\/Astmelaud-Montessori-Step-Stool-uhevarviline-Voodipesu-Laos_6-282.jpg","width":561,"height":844},{"@type":"BreadcrumbList","@id":"https:\/\/beebipood.ee\/ru\/produkt\/astmelaud-montessori-step-stool-uhevarviline\/#breadcrumb","itemListElement":[{"@type":"ListItem","position":1,"name":"Home","item":"https:\/\/beebipood.ee\/ru\/"},{"@type":"ListItem","position":2,"name":"\u041a\u0430\u0442\u0430\u043b\u043e\u0433 \u0442\u043e\u0432\u0430\u0440\u043e\u0432","item":"https:\/\/beebipood.ee\/tooted\/"},{"@type":"ListItem","position":3,"name":"Astepink Montessori Step Stool, \u00fchev\u00e4rviline"}]},{"@type":"WebSite","@id":"https:\/\/beebipood.ee\/ru\/#website","url":"https:\/\/beebipood.ee\/ru\/","name":"Beebipood","description":"Lastekaubad, beebikaubad, m\u00e4nguasjad","publisher":{"@id":"https:\/\/beebipood.ee\/ru\/#organization"},"potentialAction":[{"@type":"SearchAction","target":{"@type":"EntryPoint","urlTemplate":"https:\/\/beebipood.ee\/ru\/?s={search_term_string}"},"query-input":{"@type":"PropertyValueSpecification","valueRequired":true,"valueName":"search_term_string"}}],"inLanguage":"ru-RU"},{"@type":"Organization","@id":"https:\/\/beebipood.ee\/ru\/#organization","name":"Beebipood","url":"https:\/\/beebipood.ee\/ru\/","logo":{"@type":"ImageObject","inLanguage":"ru-RU","@id":"https:\/\/beebipood.ee\/ru\/#\/schema\/logo\/image\/","url":"https:\/\/beebipood.ee\/wp-content\/uploads\/2025\/03\/beebipood.ee-logo-1.svg","contentUrl":"https:\/\/beebipood.ee\/wp-content\/uploads\/2025\/03\/beebipood.ee-logo-1.svg","caption":"Beebipood"},"image":{"@id":"https:\/\/beebipood.ee\/ru\/#\/schema\/logo\/image\/"}}]}},"brands":[],"_links":{"self":[{"href":"https:\/\/beebipood.ee\/ru\/wp-json\/wp\/v2\/product\/455694","targetHints":{"allow":["GET"]}}],"collection":[{"href":"https:\/\/beebipood.ee\/ru\/wp-json\/wp\/v2\/product"}],"about":[{"href":"https:\/\/beebipood.ee\/ru\/wp-json\/wp\/v2\/types\/product"}],"wp:featuredmedia":[{"embeddable":true,"href":"https:\/\/beebipood.ee\/ru\/wp-json\/wp\/v2\/media\/104342"}],"wp:attachment":[{"href":"https:\/\/beebipood.ee\/ru\/wp-json\/wp\/v2\/media?parent=455694"}],"wp:term":[{"taxonomy":"pwb-brand","embeddable":true,"href":"https:\/\/beebipood.ee\/ru\/wp-json\/wp\/v2\/pwb-brand?post=455694"},{"taxonomy":"product_brand","embeddable":true,"href":"https:\/\/beebipood.ee\/ru\/wp-json\/wp\/v2\/product_brand?post=455694"},{"taxonomy":"product_cat","embeddable":true,"href":"https:\/\/beebipood.ee\/ru\/wp-json\/wp\/v2\/product_cat?post=455694"},{"taxonomy":"product_tag","embeddable":true,"href":"https:\/\/beebipood.ee\/ru\/wp-json\/wp\/v2\/product_tag?post=455694"}],"curies":[{"name":"wp","href":"https:\/\/api.w.org\/{rel}","templated":true}]}}