{"id":455698,"date":"2014-08-25T08:04:29","date_gmt":"2014-08-25T05:04:29","guid":{"rendered":"https:\/\/beebipood.ee\/toode\/voodipesukomplekt-sleeping-teddy-beige-3-osaline\/"},"modified":"2025-01-09T10:51:16","modified_gmt":"2025-01-09T08:51:16","slug":"voodipesukomplekt-sleeping-teddy-beige-3-osaline","status":"publish","type":"product","link":"https:\/\/beebipood.ee\/ru\/produkt\/voodipesukomplekt-sleeping-teddy-beige-3-osaline\/","title":{"rendered":"Exacto Biosynex elektrooniline ninapump"},"content":{"rendered":"<p>Kuna beebid hingavad esimesel eluaastal l\u00e4bi nina ja ei oska nuusata, <br \/>siis on \u00e4\u00e4rmiselt t\u00e4htis nende puhul ninah\u00fcgieen (eeldatavalt ninapumba abil), <br \/>et \u00e4ra hoida infektsioone jateisi komplikatsioone.<br \/>Elektrooniline ninapump imeb ninasekreeti, <br \/>mis nohu puhul tekib lapse hingamisteedesse ja takistab ninahingamist. <br \/>Enne kasutamist veenduge, et k\u00f5ik p\u00f5hiosad on korralikult (veekindlalt) kokku pandud <br \/>ning j\u00e4rgige eritise t\u00f5husa eemaldamise tagamiseks j\u00e4rgmisi soovitusi:<br \/>Seadme t\u00f5husama t\u00f6\u00f6 tagamiseks v\u00f5ite \u00fche ninas\u00f5\u00f5rme teise s\u00f5\u00f5rme puhastamise ajaks kinni suruda.<br \/>Eritise eemaldamiseks piisab paarist sekundist.<br \/>\u00c4rge kasutage ninapuhastusseadet, kui beebi nina on \u00e4rritunud.<br \/>Ninas\u00f5\u00f5rmega kokku puutuvat osa tuleks iga kord p\u00e4rast kasutamist puhastada.<br \/>Komplektis kolm silikoonotsikut<br \/>Valge paksu ninaeritise jaoks<br \/>Sinine tavalise ninaeritise jaoks<br \/>Roosa kuni kolmekuustele beebidele<\/p>\n<p>Komplekt sisaldab:<br \/>3 steriliseeritavat ja korduvkasutatavat otsikut olenevalt lapse vanusest,<br \/>1 kandekott<br \/>2 AA patareid (LR6).<\/p>\n<p>Lastearstide poolt testitud ja soovitatud.<\/p>\n","protected":false},"excerpt":{"rendered":"<p>Kuna beebid hingavad esimesel eluaastal l\u00e4bi nina ja ei oska nuusata, siis on \u00e4\u00e4rmiselt t\u00e4htis nende puhul ninah\u00fcgieen (eeldatavalt ninapumba abil), et \u00e4ra hoida infektsioone jateisi komplikatsioone.Elektrooniline ninapump imeb ninasekreeti, mis nohu puhul tekib lapse hingamisteedesse ja takistab ninahingamist. Enne kasutamist veenduge, et k\u00f5ik p\u00f5hiosad on korralikult (veekindlalt) kokku pandud ning j\u00e4rgige eritise t\u00f5husa eemaldamise [&hellip;]<\/p>\n","protected":false},"featured_media":104358,"template":"","meta":{"_acf_changed":false},"pwb-brand":[],"product_brand":[],"product_cat":[11715,11709],"product_tag":[],"class_list":{"0":"post-455698","1":"product","2":"type-product","3":"status-publish","4":"has-post-thumbnail","6":"product_cat-hugieenitarbed-ru","7":"product_cat-sootmistoolid-beebi-ja-lastetarbed-mahkimine-hugieen-ru","9":"first","10":"onbackorder","11":"sale","12":"taxable","13":"shipping-taxable","14":"purchasable","15":"product-type-simple"},"exclude_global_add_ons":[],"addons":[],"acf":[],"yoast_head":"<!-- This site is optimized with the Yoast SEO plugin v27.3 - https:\/\/yoast.com\/product\/yoast-seo-wordpress\/ -->\n<title>Exacto Biosynex elektrooniline ninapump, \u041f\u0440\u0438\u043d\u0430\u0434\u043b\u0435\u0436\u043d\u043e\u0441\u0442\u0438 \u0434\u043b\u044f \u043c\u043b\u0430\u0434\u0435\u043d\u0446\u0435\u0432, \u0413\u0438\u0433\u0438\u0435\u043d\u0430, Beebipood<\/title>\n<meta name=\"description\" content=\"Exacto Biosynex elektrooniline ninapump, Kuna beebid hingavad esimesel eluaastal l&auml;bi nina ja ei oska nuusata, siis on &auml;&auml;rmiselt t&auml;\" \/>\n<meta name=\"robots\" content=\"index, follow, max-snippet:-1, max-image-preview:large, max-video-preview:-1\" \/>\n<link rel=\"canonical\" href=\"https:\/\/beebipood.ee\/ru\/produkt\/voodipesukomplekt-sleeping-teddy-beige-3-osaline\/\" \/>\n<meta property=\"og:locale\" content=\"ru_RU\" \/>\n<meta property=\"og:type\" content=\"article\" \/>\n<meta property=\"og:title\" content=\"Exacto Biosynex elektrooniline ninapump, \u041f\u0440\u0438\u043d\u0430\u0434\u043b\u0435\u0436\u043d\u043e\u0441\u0442\u0438 \u0434\u043b\u044f \u043c\u043b\u0430\u0434\u0435\u043d\u0446\u0435\u0432, \u0413\u0438\u0433\u0438\u0435\u043d\u0430, Beebipood\" \/>\n<meta property=\"og:description\" content=\"Exacto Biosynex elektrooniline ninapump, Kuna beebid hingavad esimesel eluaastal l&auml;bi nina ja ei oska nuusata, siis on &auml;&auml;rmiselt t&auml;\" \/>\n<meta property=\"og:url\" content=\"https:\/\/beebipood.ee\/ru\/produkt\/voodipesukomplekt-sleeping-teddy-beige-3-osaline\/\" \/>\n<meta property=\"og:site_name\" content=\"Beebipood\" \/>\n<meta property=\"article:modified_time\" content=\"2025-01-09T08:51:16+00:00\" \/>\n<meta property=\"og:image\" content=\"https:\/\/beebipood.ee\/wp-content\/uploads\/2014\/08\/Exacto-Biosynex-elektrooniline-ninapump-Beebi-ja-lastetarbed-Hugieenitarbed_1-03e.jpg\" \/>\n\t<meta property=\"og:image:width\" content=\"680\" \/>\n\t<meta property=\"og:image:height\" content=\"680\" \/>\n\t<meta property=\"og:image:type\" content=\"image\/jpeg\" \/>\n<meta name=\"twitter:card\" content=\"summary_large_image\" \/>\n<meta name=\"twitter:label1\" content=\"\u041f\u0440\u0438\u043c\u0435\u0440\u043d\u043e\u0435 \u0432\u0440\u0435\u043c\u044f \u0434\u043b\u044f \u0447\u0442\u0435\u043d\u0438\u044f\" \/>\n\t<meta name=\"twitter:data1\" content=\"1 \u043c\u0438\u043d\u0443\u0442\u0430\" \/>\n<script type=\"application\/ld+json\" class=\"yoast-schema-graph\">{\"@context\":\"https:\\\/\\\/schema.org\",\"@graph\":[{\"@type\":\"WebPage\",\"@id\":\"https:\\\/\\\/beebipood.ee\\\/ru\\\/produkt\\\/voodipesukomplekt-sleeping-teddy-beige-3-osaline\\\/\",\"url\":\"https:\\\/\\\/beebipood.ee\\\/ru\\\/produkt\\\/voodipesukomplekt-sleeping-teddy-beige-3-osaline\\\/\",\"name\":\"Exacto Biosynex elektrooniline ninapump, \u041f\u0440\u0438\u043d\u0430\u0434\u043b\u0435\u0436\u043d\u043e\u0441\u0442\u0438 \u0434\u043b\u044f \u043c\u043b\u0430\u0434\u0435\u043d\u0446\u0435\u0432, \u0413\u0438\u0433\u0438\u0435\u043d\u0430, Beebipood\",\"isPartOf\":{\"@id\":\"https:\\\/\\\/beebipood.ee\\\/ru\\\/#website\"},\"primaryImageOfPage\":{\"@id\":\"https:\\\/\\\/beebipood.ee\\\/ru\\\/produkt\\\/voodipesukomplekt-sleeping-teddy-beige-3-osaline\\\/#primaryimage\"},\"image\":{\"@id\":\"https:\\\/\\\/beebipood.ee\\\/ru\\\/produkt\\\/voodipesukomplekt-sleeping-teddy-beige-3-osaline\\\/#primaryimage\"},\"thumbnailUrl\":\"https:\\\/\\\/beebipood.ee\\\/wp-content\\\/uploads\\\/2014\\\/08\\\/Exacto-Biosynex-elektrooniline-ninapump-Beebi-ja-lastetarbed-Hugieenitarbed_1-03e.jpg\",\"datePublished\":\"2014-08-25T05:04:29+00:00\",\"dateModified\":\"2025-01-09T08:51:16+00:00\",\"description\":\"Exacto Biosynex elektrooniline ninapump, Kuna beebid hingavad esimesel eluaastal l&auml;bi nina ja ei oska nuusata, siis on &auml;&auml;rmiselt t&auml;\",\"breadcrumb\":{\"@id\":\"https:\\\/\\\/beebipood.ee\\\/ru\\\/produkt\\\/voodipesukomplekt-sleeping-teddy-beige-3-osaline\\\/#breadcrumb\"},\"inLanguage\":\"ru-RU\",\"potentialAction\":[{\"@type\":\"ReadAction\",\"target\":[\"https:\\\/\\\/beebipood.ee\\\/ru\\\/produkt\\\/voodipesukomplekt-sleeping-teddy-beige-3-osaline\\\/\"]}]},{\"@type\":\"ImageObject\",\"inLanguage\":\"ru-RU\",\"@id\":\"https:\\\/\\\/beebipood.ee\\\/ru\\\/produkt\\\/voodipesukomplekt-sleeping-teddy-beige-3-osaline\\\/#primaryimage\",\"url\":\"https:\\\/\\\/beebipood.ee\\\/wp-content\\\/uploads\\\/2014\\\/08\\\/Exacto-Biosynex-elektrooniline-ninapump-Beebi-ja-lastetarbed-Hugieenitarbed_1-03e.jpg\",\"contentUrl\":\"https:\\\/\\\/beebipood.ee\\\/wp-content\\\/uploads\\\/2014\\\/08\\\/Exacto-Biosynex-elektrooniline-ninapump-Beebi-ja-lastetarbed-Hugieenitarbed_1-03e.jpg\",\"width\":680,\"height\":680},{\"@type\":\"BreadcrumbList\",\"@id\":\"https:\\\/\\\/beebipood.ee\\\/ru\\\/produkt\\\/voodipesukomplekt-sleeping-teddy-beige-3-osaline\\\/#breadcrumb\",\"itemListElement\":[{\"@type\":\"ListItem\",\"position\":1,\"name\":\"Home\",\"item\":\"https:\\\/\\\/beebipood.ee\\\/ru\\\/\"},{\"@type\":\"ListItem\",\"position\":2,\"name\":\"\u041a\u0430\u0442\u0430\u043b\u043e\u0433 \u0442\u043e\u0432\u0430\u0440\u043e\u0432\",\"item\":\"https:\\\/\\\/beebipood.ee\\\/tooted\\\/\"},{\"@type\":\"ListItem\",\"position\":3,\"name\":\"Exacto Biosynex elektrooniline ninapump\"}]},{\"@type\":\"WebSite\",\"@id\":\"https:\\\/\\\/beebipood.ee\\\/ru\\\/#website\",\"url\":\"https:\\\/\\\/beebipood.ee\\\/ru\\\/\",\"name\":\"Beebipood\",\"description\":\"Lastekaubad, beebikaubad, m\u00e4nguasjad\",\"publisher\":{\"@id\":\"https:\\\/\\\/beebipood.ee\\\/ru\\\/#organization\"},\"potentialAction\":[{\"@type\":\"SearchAction\",\"target\":{\"@type\":\"EntryPoint\",\"urlTemplate\":\"https:\\\/\\\/beebipood.ee\\\/ru\\\/?s={search_term_string}\"},\"query-input\":{\"@type\":\"PropertyValueSpecification\",\"valueRequired\":true,\"valueName\":\"search_term_string\"}}],\"inLanguage\":\"ru-RU\"},{\"@type\":\"Organization\",\"@id\":\"https:\\\/\\\/beebipood.ee\\\/ru\\\/#organization\",\"name\":\"Beebipood\",\"url\":\"https:\\\/\\\/beebipood.ee\\\/ru\\\/\",\"logo\":{\"@type\":\"ImageObject\",\"inLanguage\":\"ru-RU\",\"@id\":\"https:\\\/\\\/beebipood.ee\\\/ru\\\/#\\\/schema\\\/logo\\\/image\\\/\",\"url\":\"https:\\\/\\\/beebipood.ee\\\/wp-content\\\/uploads\\\/2025\\\/03\\\/beebipood.ee-logo-1.svg\",\"contentUrl\":\"https:\\\/\\\/beebipood.ee\\\/wp-content\\\/uploads\\\/2025\\\/03\\\/beebipood.ee-logo-1.svg\",\"caption\":\"Beebipood\"},\"image\":{\"@id\":\"https:\\\/\\\/beebipood.ee\\\/ru\\\/#\\\/schema\\\/logo\\\/image\\\/\"}}]}<\/script>\n<!-- \/ Yoast SEO plugin. -->","yoast_head_json":{"title":"Exacto Biosynex elektrooniline ninapump, \u041f\u0440\u0438\u043d\u0430\u0434\u043b\u0435\u0436\u043d\u043e\u0441\u0442\u0438 \u0434\u043b\u044f \u043c\u043b\u0430\u0434\u0435\u043d\u0446\u0435\u0432, \u0413\u0438\u0433\u0438\u0435\u043d\u0430, Beebipood","description":"Exacto Biosynex elektrooniline ninapump, Kuna beebid hingavad esimesel eluaastal l&auml;bi nina ja ei oska nuusata, siis on &auml;&auml;rmiselt t&auml;","robots":{"index":"index","follow":"follow","max-snippet":"max-snippet:-1","max-image-preview":"max-image-preview:large","max-video-preview":"max-video-preview:-1"},"canonical":"https:\/\/beebipood.ee\/ru\/produkt\/voodipesukomplekt-sleeping-teddy-beige-3-osaline\/","og_locale":"ru_RU","og_type":"article","og_title":"Exacto Biosynex elektrooniline ninapump, \u041f\u0440\u0438\u043d\u0430\u0434\u043b\u0435\u0436\u043d\u043e\u0441\u0442\u0438 \u0434\u043b\u044f \u043c\u043b\u0430\u0434\u0435\u043d\u0446\u0435\u0432, \u0413\u0438\u0433\u0438\u0435\u043d\u0430, Beebipood","og_description":"Exacto Biosynex elektrooniline ninapump, Kuna beebid hingavad esimesel eluaastal l&auml;bi nina ja ei oska nuusata, siis on &auml;&auml;rmiselt t&auml;","og_url":"https:\/\/beebipood.ee\/ru\/produkt\/voodipesukomplekt-sleeping-teddy-beige-3-osaline\/","og_site_name":"Beebipood","article_modified_time":"2025-01-09T08:51:16+00:00","og_image":[{"width":680,"height":680,"url":"https:\/\/beebipood.ee\/wp-content\/uploads\/2014\/08\/Exacto-Biosynex-elektrooniline-ninapump-Beebi-ja-lastetarbed-Hugieenitarbed_1-03e.jpg","type":"image\/jpeg"}],"twitter_card":"summary_large_image","twitter_misc":{"\u041f\u0440\u0438\u043c\u0435\u0440\u043d\u043e\u0435 \u0432\u0440\u0435\u043c\u044f \u0434\u043b\u044f \u0447\u0442\u0435\u043d\u0438\u044f":"1 \u043c\u0438\u043d\u0443\u0442\u0430"},"schema":{"@context":"https:\/\/schema.org","@graph":[{"@type":"WebPage","@id":"https:\/\/beebipood.ee\/ru\/produkt\/voodipesukomplekt-sleeping-teddy-beige-3-osaline\/","url":"https:\/\/beebipood.ee\/ru\/produkt\/voodipesukomplekt-sleeping-teddy-beige-3-osaline\/","name":"Exacto Biosynex elektrooniline ninapump, \u041f\u0440\u0438\u043d\u0430\u0434\u043b\u0435\u0436\u043d\u043e\u0441\u0442\u0438 \u0434\u043b\u044f \u043c\u043b\u0430\u0434\u0435\u043d\u0446\u0435\u0432, \u0413\u0438\u0433\u0438\u0435\u043d\u0430, Beebipood","isPartOf":{"@id":"https:\/\/beebipood.ee\/ru\/#website"},"primaryImageOfPage":{"@id":"https:\/\/beebipood.ee\/ru\/produkt\/voodipesukomplekt-sleeping-teddy-beige-3-osaline\/#primaryimage"},"image":{"@id":"https:\/\/beebipood.ee\/ru\/produkt\/voodipesukomplekt-sleeping-teddy-beige-3-osaline\/#primaryimage"},"thumbnailUrl":"https:\/\/beebipood.ee\/wp-content\/uploads\/2014\/08\/Exacto-Biosynex-elektrooniline-ninapump-Beebi-ja-lastetarbed-Hugieenitarbed_1-03e.jpg","datePublished":"2014-08-25T05:04:29+00:00","dateModified":"2025-01-09T08:51:16+00:00","description":"Exacto Biosynex elektrooniline ninapump, Kuna beebid hingavad esimesel eluaastal l&auml;bi nina ja ei oska nuusata, siis on &auml;&auml;rmiselt t&auml;","breadcrumb":{"@id":"https:\/\/beebipood.ee\/ru\/produkt\/voodipesukomplekt-sleeping-teddy-beige-3-osaline\/#breadcrumb"},"inLanguage":"ru-RU","potentialAction":[{"@type":"ReadAction","target":["https:\/\/beebipood.ee\/ru\/produkt\/voodipesukomplekt-sleeping-teddy-beige-3-osaline\/"]}]},{"@type":"ImageObject","inLanguage":"ru-RU","@id":"https:\/\/beebipood.ee\/ru\/produkt\/voodipesukomplekt-sleeping-teddy-beige-3-osaline\/#primaryimage","url":"https:\/\/beebipood.ee\/wp-content\/uploads\/2014\/08\/Exacto-Biosynex-elektrooniline-ninapump-Beebi-ja-lastetarbed-Hugieenitarbed_1-03e.jpg","contentUrl":"https:\/\/beebipood.ee\/wp-content\/uploads\/2014\/08\/Exacto-Biosynex-elektrooniline-ninapump-Beebi-ja-lastetarbed-Hugieenitarbed_1-03e.jpg","width":680,"height":680},{"@type":"BreadcrumbList","@id":"https:\/\/beebipood.ee\/ru\/produkt\/voodipesukomplekt-sleeping-teddy-beige-3-osaline\/#breadcrumb","itemListElement":[{"@type":"ListItem","position":1,"name":"Home","item":"https:\/\/beebipood.ee\/ru\/"},{"@type":"ListItem","position":2,"name":"\u041a\u0430\u0442\u0430\u043b\u043e\u0433 \u0442\u043e\u0432\u0430\u0440\u043e\u0432","item":"https:\/\/beebipood.ee\/tooted\/"},{"@type":"ListItem","position":3,"name":"Exacto Biosynex elektrooniline ninapump"}]},{"@type":"WebSite","@id":"https:\/\/beebipood.ee\/ru\/#website","url":"https:\/\/beebipood.ee\/ru\/","name":"Beebipood","description":"Lastekaubad, beebikaubad, m\u00e4nguasjad","publisher":{"@id":"https:\/\/beebipood.ee\/ru\/#organization"},"potentialAction":[{"@type":"SearchAction","target":{"@type":"EntryPoint","urlTemplate":"https:\/\/beebipood.ee\/ru\/?s={search_term_string}"},"query-input":{"@type":"PropertyValueSpecification","valueRequired":true,"valueName":"search_term_string"}}],"inLanguage":"ru-RU"},{"@type":"Organization","@id":"https:\/\/beebipood.ee\/ru\/#organization","name":"Beebipood","url":"https:\/\/beebipood.ee\/ru\/","logo":{"@type":"ImageObject","inLanguage":"ru-RU","@id":"https:\/\/beebipood.ee\/ru\/#\/schema\/logo\/image\/","url":"https:\/\/beebipood.ee\/wp-content\/uploads\/2025\/03\/beebipood.ee-logo-1.svg","contentUrl":"https:\/\/beebipood.ee\/wp-content\/uploads\/2025\/03\/beebipood.ee-logo-1.svg","caption":"Beebipood"},"image":{"@id":"https:\/\/beebipood.ee\/ru\/#\/schema\/logo\/image\/"}}]}},"brands":[],"_links":{"self":[{"href":"https:\/\/beebipood.ee\/ru\/wp-json\/wp\/v2\/product\/455698","targetHints":{"allow":["GET"]}}],"collection":[{"href":"https:\/\/beebipood.ee\/ru\/wp-json\/wp\/v2\/product"}],"about":[{"href":"https:\/\/beebipood.ee\/ru\/wp-json\/wp\/v2\/types\/product"}],"wp:featuredmedia":[{"embeddable":true,"href":"https:\/\/beebipood.ee\/ru\/wp-json\/wp\/v2\/media\/104358"}],"wp:attachment":[{"href":"https:\/\/beebipood.ee\/ru\/wp-json\/wp\/v2\/media?parent=455698"}],"wp:term":[{"taxonomy":"pwb-brand","embeddable":true,"href":"https:\/\/beebipood.ee\/ru\/wp-json\/wp\/v2\/pwb-brand?post=455698"},{"taxonomy":"product_brand","embeddable":true,"href":"https:\/\/beebipood.ee\/ru\/wp-json\/wp\/v2\/product_brand?post=455698"},{"taxonomy":"product_cat","embeddable":true,"href":"https:\/\/beebipood.ee\/ru\/wp-json\/wp\/v2\/product_cat?post=455698"},{"taxonomy":"product_tag","embeddable":true,"href":"https:\/\/beebipood.ee\/ru\/wp-json\/wp\/v2\/product_tag?post=455698"}],"curies":[{"name":"wp","href":"https:\/\/api.w.org\/{rel}","templated":true}]}}