{"id":455702,"date":"2014-08-28T11:51:11","date_gmt":"2014-08-28T08:51:11","guid":{"rendered":"https:\/\/beebipood.ee\/toode\/alecto-kaisuloom-oovalguse-ja-muusikaga-elephant\/"},"modified":"2025-01-09T10:51:15","modified_gmt":"2025-01-09T08:51:15","slug":"alecto-kaisuloom-oovalguse-ja-muusikaga-elephant","status":"publish","type":"product","link":"https:\/\/beebipood.ee\/ru\/produkt\/alecto-kaisuloom-oovalguse-ja-muusikaga-elephant\/","title":{"rendered":"Alecto kaisuloom \u00f6\u00f6valguse ja muusikaga, Elephant"},"content":{"rendered":"<p>Alecto m\u00e4nguasi on kolm \u00fches toode, mis aitab lapsel rahulikult ja sujuvalt uinuda. <br \/>M\u00f5nus pehme kaisuloom, mille sees on \u00f6\u00f6valgus ning rahustavad helid.<\/p>\n<p><span style=\"text-decoration: underline;\">Omadused<\/span><br \/>Pehme ja m\u00f5nus kaisuloom on saadaval elevandina v\u00f5i pesukaruna<br \/>Sisseehitatud \u00f6\u00f6valgus m\u00e4nguasja k\u00f5hus<br \/>Unelaulud ning rahustavad helid<br \/>Automaatne sensor &#8212; rahustavad meloodiad hakkavad m\u00e4ngima lapse nutu peale<br \/>Automaatne v\u00e4ljal\u00fclitus &#8212; \u00f6\u00f6valgus 30min ja helid 15min<br \/><span style=\"text-decoration: underline;\">\u00d6\u00f6valgus<\/span><br \/>Pehme m\u00e4nguasja sees on peidus \u00f6\u00f6valgus, mida saab sisse l\u00fclitada jala peale vajutades. <br \/>\u00d6\u00f6valgus l\u00fclitub automaatselt v\u00e4lja p\u00e4rast 30 minutit. <br \/>Valgustugevust saab muuta vajutades korduvalt kaisulooma jala peale (3 taset ja OFF asend).<br \/>Rahustavad helid<br \/>M\u00f5nusalt rahustavad helid ja laulud, mis aitavad sinu lapsel turvaliselt ja sujuvalt uinuda. <br \/>K\u00f5ik helid kestavad 15 minutit, p\u00e4rast mida l\u00fclitub automaatelt v\u00e4lja.<br \/>Helitaset on v\u00f5imalik muuta vajutades korduvalt kaisulooma jala peale (3 taset ja OFF asend).<br \/><span style=\"text-decoration: underline;\">Helisensor<\/span><br \/>Lapsevanemal on v\u00f5imalik sisse l\u00fclitada helisensor, <br \/>t\u00e4nu millele l\u00fclituvad rahustavad helid automaatselt t\u00f6\u00f6le (15 minutiks). <br \/>Sensor p\u00fcsib aktiivne kuni 3 tundi.<br \/><span style=\"text-decoration: underline;\">N\u00e4itajad<\/span><br \/>M\u00f5\u00f5dud 33 x 22 x 12cm<br \/>T\u00f6\u00f6tab 3xAA patareidel (ei kuulu komplekti)<\/p>\n","protected":false},"excerpt":{"rendered":"<p>Alecto m\u00e4nguasi on kolm \u00fches toode, mis aitab lapsel rahulikult ja sujuvalt uinuda. M\u00f5nus pehme kaisuloom, mille sees on \u00f6\u00f6valgus ning rahustavad helid. OmadusedPehme ja m\u00f5nus kaisuloom on saadaval elevandina v\u00f5i pesukarunaSisseehitatud \u00f6\u00f6valgus m\u00e4nguasja k\u00f5husUnelaulud ning rahustavad helidAutomaatne sensor &#8212; rahustavad meloodiad hakkavad m\u00e4ngima lapse nutu pealeAutomaatne v\u00e4ljal\u00fclitus &#8212; \u00f6\u00f6valgus 30min ja helid 15min\u00d6\u00f6valgusPehme m\u00e4nguasja [&hellip;]<\/p>\n","protected":false},"featured_media":104376,"template":"","meta":{"_acf_changed":false},"pwb-brand":[11968],"product_brand":[],"product_cat":[11669,11709],"product_tag":[],"class_list":{"0":"post-455702","1":"product","2":"type-product","3":"status-publish","4":"has-post-thumbnail","6":"pwb-brand-alecto-ru","7":"product_cat-muu-sisustus-varia-ru","8":"product_cat-sootmistoolid-beebi-ja-lastetarbed-mahkimine-hugieen-ru","9":"pa_manufacturer-alecto-ru","11":"first","12":"onbackorder","13":"sale","14":"taxable","15":"shipping-taxable","16":"purchasable","17":"product-type-simple"},"exclude_global_add_ons":[],"addons":[],"acf":[],"yoast_head":"<!-- This site is optimized with the Yoast SEO plugin v27.1.1 - https:\/\/yoast.com\/product\/yoast-seo-wordpress\/ -->\n<title>Alecto kaisuloom \u00f6\u00f6valguse ja muusikaga, Elephant, \u041d\u041e\u0412\u042b\u0415 \u0422\u041e\u0412\u0410\u0420\u042b, \u0414\u0440\u0443\u0433\u0430\u044f \u043c\u0435\u0431\u0435\u043b\u044c, \u041f\u0440\u0438\u043d\u0430\u0434\u043b\u0435\u0436\u043d\u043e\u0441\u0442\u0438 \u0434\u043b\u044f \u043c\u043b\u0430\u0434\u0435\u043d\u0446\u0435\u0432, Beebipood<\/title>\n<meta name=\"description\" content=\"Alecto kaisuloom \u00f6\u00f6valguse ja muusikaga, Elephant, Alecto m&auml;nguasi on kolm &uuml;hes toode, mis aitab lapsel rahulikult ja sujuvalt uinuda. M&amp;ot\" \/>\n<meta name=\"robots\" content=\"index, follow, max-snippet:-1, max-image-preview:large, max-video-preview:-1\" \/>\n<link rel=\"canonical\" href=\"https:\/\/beebipood.ee\/ru\/produkt\/alecto-kaisuloom-oovalguse-ja-muusikaga-elephant\/\" \/>\n<meta property=\"og:locale\" content=\"ru_RU\" \/>\n<meta property=\"og:type\" content=\"article\" \/>\n<meta property=\"og:title\" content=\"Alecto kaisuloom \u00f6\u00f6valguse ja muusikaga, Elephant, \u041d\u041e\u0412\u042b\u0415 \u0422\u041e\u0412\u0410\u0420\u042b, \u0414\u0440\u0443\u0433\u0430\u044f \u043c\u0435\u0431\u0435\u043b\u044c, \u041f\u0440\u0438\u043d\u0430\u0434\u043b\u0435\u0436\u043d\u043e\u0441\u0442\u0438 \u0434\u043b\u044f \u043c\u043b\u0430\u0434\u0435\u043d\u0446\u0435\u0432, Beebipood\" \/>\n<meta property=\"og:description\" content=\"Alecto kaisuloom \u00f6\u00f6valguse ja muusikaga, Elephant, Alecto m&auml;nguasi on kolm &uuml;hes toode, mis aitab lapsel rahulikult ja sujuvalt uinuda. M&amp;ot\" \/>\n<meta property=\"og:url\" content=\"https:\/\/beebipood.ee\/ru\/produkt\/alecto-kaisuloom-oovalguse-ja-muusikaga-elephant\/\" \/>\n<meta property=\"og:site_name\" content=\"Beebipood\" \/>\n<meta property=\"article:modified_time\" content=\"2025-01-09T08:51:15+00:00\" \/>\n<meta property=\"og:image\" content=\"https:\/\/beebipood.ee\/wp-content\/uploads\/2014\/08\/Alecto-kaisuloom-oovalguse-ja-muusikaga-Elephant-UUED-TOOTED-Muu-sisustus-varia-Beebi-ja-lastetarbed_2-21b.jpg\" \/>\n\t<meta property=\"og:image:width\" content=\"600\" \/>\n\t<meta property=\"og:image:height\" content=\"600\" \/>\n\t<meta property=\"og:image:type\" content=\"image\/jpeg\" \/>\n<meta name=\"twitter:card\" content=\"summary_large_image\" \/>\n<meta name=\"twitter:label1\" content=\"\u041f\u0440\u0438\u043c\u0435\u0440\u043d\u043e\u0435 \u0432\u0440\u0435\u043c\u044f \u0434\u043b\u044f \u0447\u0442\u0435\u043d\u0438\u044f\" \/>\n\t<meta name=\"twitter:data1\" content=\"1 \u043c\u0438\u043d\u0443\u0442\u0430\" \/>\n<script type=\"application\/ld+json\" class=\"yoast-schema-graph\">{\"@context\":\"https:\/\/schema.org\",\"@graph\":[{\"@type\":\"WebPage\",\"@id\":\"https:\/\/beebipood.ee\/ru\/produkt\/alecto-kaisuloom-oovalguse-ja-muusikaga-elephant\/\",\"url\":\"https:\/\/beebipood.ee\/ru\/produkt\/alecto-kaisuloom-oovalguse-ja-muusikaga-elephant\/\",\"name\":\"Alecto kaisuloom \u00f6\u00f6valguse ja muusikaga, Elephant, \u041d\u041e\u0412\u042b\u0415 \u0422\u041e\u0412\u0410\u0420\u042b, \u0414\u0440\u0443\u0433\u0430\u044f \u043c\u0435\u0431\u0435\u043b\u044c, \u041f\u0440\u0438\u043d\u0430\u0434\u043b\u0435\u0436\u043d\u043e\u0441\u0442\u0438 \u0434\u043b\u044f \u043c\u043b\u0430\u0434\u0435\u043d\u0446\u0435\u0432, Beebipood\",\"isPartOf\":{\"@id\":\"https:\/\/beebipood.ee\/ru\/#website\"},\"primaryImageOfPage\":{\"@id\":\"https:\/\/beebipood.ee\/ru\/produkt\/alecto-kaisuloom-oovalguse-ja-muusikaga-elephant\/#primaryimage\"},\"image\":{\"@id\":\"https:\/\/beebipood.ee\/ru\/produkt\/alecto-kaisuloom-oovalguse-ja-muusikaga-elephant\/#primaryimage\"},\"thumbnailUrl\":\"https:\/\/beebipood.ee\/wp-content\/uploads\/2014\/08\/Alecto-kaisuloom-oovalguse-ja-muusikaga-Elephant-UUED-TOOTED-Muu-sisustus-varia-Beebi-ja-lastetarbed_2-21b.jpg\",\"datePublished\":\"2014-08-28T08:51:11+00:00\",\"dateModified\":\"2025-01-09T08:51:15+00:00\",\"description\":\"Alecto kaisuloom \u00f6\u00f6valguse ja muusikaga, Elephant, Alecto m&auml;nguasi on kolm &uuml;hes toode, mis aitab lapsel rahulikult ja sujuvalt uinuda. M&ot\",\"breadcrumb\":{\"@id\":\"https:\/\/beebipood.ee\/ru\/produkt\/alecto-kaisuloom-oovalguse-ja-muusikaga-elephant\/#breadcrumb\"},\"inLanguage\":\"ru-RU\",\"potentialAction\":[{\"@type\":\"ReadAction\",\"target\":[\"https:\/\/beebipood.ee\/ru\/produkt\/alecto-kaisuloom-oovalguse-ja-muusikaga-elephant\/\"]}]},{\"@type\":\"ImageObject\",\"inLanguage\":\"ru-RU\",\"@id\":\"https:\/\/beebipood.ee\/ru\/produkt\/alecto-kaisuloom-oovalguse-ja-muusikaga-elephant\/#primaryimage\",\"url\":\"https:\/\/beebipood.ee\/wp-content\/uploads\/2014\/08\/Alecto-kaisuloom-oovalguse-ja-muusikaga-Elephant-UUED-TOOTED-Muu-sisustus-varia-Beebi-ja-lastetarbed_2-21b.jpg\",\"contentUrl\":\"https:\/\/beebipood.ee\/wp-content\/uploads\/2014\/08\/Alecto-kaisuloom-oovalguse-ja-muusikaga-Elephant-UUED-TOOTED-Muu-sisustus-varia-Beebi-ja-lastetarbed_2-21b.jpg\",\"width\":600,\"height\":600},{\"@type\":\"BreadcrumbList\",\"@id\":\"https:\/\/beebipood.ee\/ru\/produkt\/alecto-kaisuloom-oovalguse-ja-muusikaga-elephant\/#breadcrumb\",\"itemListElement\":[{\"@type\":\"ListItem\",\"position\":1,\"name\":\"Home\",\"item\":\"https:\/\/beebipood.ee\/ru\/\"},{\"@type\":\"ListItem\",\"position\":2,\"name\":\"\u041a\u0430\u0442\u0430\u043b\u043e\u0433 \u0442\u043e\u0432\u0430\u0440\u043e\u0432\",\"item\":\"https:\/\/beebipood.ee\/tooted\/\"},{\"@type\":\"ListItem\",\"position\":3,\"name\":\"Alecto kaisuloom \u00f6\u00f6valguse ja muusikaga, Elephant\"}]},{\"@type\":\"WebSite\",\"@id\":\"https:\/\/beebipood.ee\/ru\/#website\",\"url\":\"https:\/\/beebipood.ee\/ru\/\",\"name\":\"Beebipood\",\"description\":\"Lastekaubad, beebikaubad, m\u00e4nguasjad\",\"publisher\":{\"@id\":\"https:\/\/beebipood.ee\/ru\/#organization\"},\"potentialAction\":[{\"@type\":\"SearchAction\",\"target\":{\"@type\":\"EntryPoint\",\"urlTemplate\":\"https:\/\/beebipood.ee\/ru\/?s={search_term_string}\"},\"query-input\":{\"@type\":\"PropertyValueSpecification\",\"valueRequired\":true,\"valueName\":\"search_term_string\"}}],\"inLanguage\":\"ru-RU\"},{\"@type\":\"Organization\",\"@id\":\"https:\/\/beebipood.ee\/ru\/#organization\",\"name\":\"Beebipood\",\"url\":\"https:\/\/beebipood.ee\/ru\/\",\"logo\":{\"@type\":\"ImageObject\",\"inLanguage\":\"ru-RU\",\"@id\":\"https:\/\/beebipood.ee\/ru\/#\/schema\/logo\/image\/\",\"url\":\"https:\/\/beebipood.ee\/wp-content\/uploads\/2025\/03\/beebipood.ee-logo-1.svg\",\"contentUrl\":\"https:\/\/beebipood.ee\/wp-content\/uploads\/2025\/03\/beebipood.ee-logo-1.svg\",\"caption\":\"Beebipood\"},\"image\":{\"@id\":\"https:\/\/beebipood.ee\/ru\/#\/schema\/logo\/image\/\"}}]}<\/script>\n<!-- \/ Yoast SEO plugin. -->","yoast_head_json":{"title":"Alecto kaisuloom \u00f6\u00f6valguse ja muusikaga, Elephant, \u041d\u041e\u0412\u042b\u0415 \u0422\u041e\u0412\u0410\u0420\u042b, \u0414\u0440\u0443\u0433\u0430\u044f \u043c\u0435\u0431\u0435\u043b\u044c, \u041f\u0440\u0438\u043d\u0430\u0434\u043b\u0435\u0436\u043d\u043e\u0441\u0442\u0438 \u0434\u043b\u044f \u043c\u043b\u0430\u0434\u0435\u043d\u0446\u0435\u0432, Beebipood","description":"Alecto kaisuloom \u00f6\u00f6valguse ja muusikaga, Elephant, Alecto m&auml;nguasi on kolm &uuml;hes toode, mis aitab lapsel rahulikult ja sujuvalt uinuda. M&ot","robots":{"index":"index","follow":"follow","max-snippet":"max-snippet:-1","max-image-preview":"max-image-preview:large","max-video-preview":"max-video-preview:-1"},"canonical":"https:\/\/beebipood.ee\/ru\/produkt\/alecto-kaisuloom-oovalguse-ja-muusikaga-elephant\/","og_locale":"ru_RU","og_type":"article","og_title":"Alecto kaisuloom \u00f6\u00f6valguse ja muusikaga, Elephant, \u041d\u041e\u0412\u042b\u0415 \u0422\u041e\u0412\u0410\u0420\u042b, \u0414\u0440\u0443\u0433\u0430\u044f \u043c\u0435\u0431\u0435\u043b\u044c, \u041f\u0440\u0438\u043d\u0430\u0434\u043b\u0435\u0436\u043d\u043e\u0441\u0442\u0438 \u0434\u043b\u044f \u043c\u043b\u0430\u0434\u0435\u043d\u0446\u0435\u0432, Beebipood","og_description":"Alecto kaisuloom \u00f6\u00f6valguse ja muusikaga, Elephant, Alecto m&auml;nguasi on kolm &uuml;hes toode, mis aitab lapsel rahulikult ja sujuvalt uinuda. M&ot","og_url":"https:\/\/beebipood.ee\/ru\/produkt\/alecto-kaisuloom-oovalguse-ja-muusikaga-elephant\/","og_site_name":"Beebipood","article_modified_time":"2025-01-09T08:51:15+00:00","og_image":[{"width":600,"height":600,"url":"https:\/\/beebipood.ee\/wp-content\/uploads\/2014\/08\/Alecto-kaisuloom-oovalguse-ja-muusikaga-Elephant-UUED-TOOTED-Muu-sisustus-varia-Beebi-ja-lastetarbed_2-21b.jpg","type":"image\/jpeg"}],"twitter_card":"summary_large_image","twitter_misc":{"\u041f\u0440\u0438\u043c\u0435\u0440\u043d\u043e\u0435 \u0432\u0440\u0435\u043c\u044f \u0434\u043b\u044f \u0447\u0442\u0435\u043d\u0438\u044f":"1 \u043c\u0438\u043d\u0443\u0442\u0430"},"schema":{"@context":"https:\/\/schema.org","@graph":[{"@type":"WebPage","@id":"https:\/\/beebipood.ee\/ru\/produkt\/alecto-kaisuloom-oovalguse-ja-muusikaga-elephant\/","url":"https:\/\/beebipood.ee\/ru\/produkt\/alecto-kaisuloom-oovalguse-ja-muusikaga-elephant\/","name":"Alecto kaisuloom \u00f6\u00f6valguse ja muusikaga, Elephant, \u041d\u041e\u0412\u042b\u0415 \u0422\u041e\u0412\u0410\u0420\u042b, \u0414\u0440\u0443\u0433\u0430\u044f \u043c\u0435\u0431\u0435\u043b\u044c, \u041f\u0440\u0438\u043d\u0430\u0434\u043b\u0435\u0436\u043d\u043e\u0441\u0442\u0438 \u0434\u043b\u044f \u043c\u043b\u0430\u0434\u0435\u043d\u0446\u0435\u0432, Beebipood","isPartOf":{"@id":"https:\/\/beebipood.ee\/ru\/#website"},"primaryImageOfPage":{"@id":"https:\/\/beebipood.ee\/ru\/produkt\/alecto-kaisuloom-oovalguse-ja-muusikaga-elephant\/#primaryimage"},"image":{"@id":"https:\/\/beebipood.ee\/ru\/produkt\/alecto-kaisuloom-oovalguse-ja-muusikaga-elephant\/#primaryimage"},"thumbnailUrl":"https:\/\/beebipood.ee\/wp-content\/uploads\/2014\/08\/Alecto-kaisuloom-oovalguse-ja-muusikaga-Elephant-UUED-TOOTED-Muu-sisustus-varia-Beebi-ja-lastetarbed_2-21b.jpg","datePublished":"2014-08-28T08:51:11+00:00","dateModified":"2025-01-09T08:51:15+00:00","description":"Alecto kaisuloom \u00f6\u00f6valguse ja muusikaga, Elephant, Alecto m&auml;nguasi on kolm &uuml;hes toode, mis aitab lapsel rahulikult ja sujuvalt uinuda. M&ot","breadcrumb":{"@id":"https:\/\/beebipood.ee\/ru\/produkt\/alecto-kaisuloom-oovalguse-ja-muusikaga-elephant\/#breadcrumb"},"inLanguage":"ru-RU","potentialAction":[{"@type":"ReadAction","target":["https:\/\/beebipood.ee\/ru\/produkt\/alecto-kaisuloom-oovalguse-ja-muusikaga-elephant\/"]}]},{"@type":"ImageObject","inLanguage":"ru-RU","@id":"https:\/\/beebipood.ee\/ru\/produkt\/alecto-kaisuloom-oovalguse-ja-muusikaga-elephant\/#primaryimage","url":"https:\/\/beebipood.ee\/wp-content\/uploads\/2014\/08\/Alecto-kaisuloom-oovalguse-ja-muusikaga-Elephant-UUED-TOOTED-Muu-sisustus-varia-Beebi-ja-lastetarbed_2-21b.jpg","contentUrl":"https:\/\/beebipood.ee\/wp-content\/uploads\/2014\/08\/Alecto-kaisuloom-oovalguse-ja-muusikaga-Elephant-UUED-TOOTED-Muu-sisustus-varia-Beebi-ja-lastetarbed_2-21b.jpg","width":600,"height":600},{"@type":"BreadcrumbList","@id":"https:\/\/beebipood.ee\/ru\/produkt\/alecto-kaisuloom-oovalguse-ja-muusikaga-elephant\/#breadcrumb","itemListElement":[{"@type":"ListItem","position":1,"name":"Home","item":"https:\/\/beebipood.ee\/ru\/"},{"@type":"ListItem","position":2,"name":"\u041a\u0430\u0442\u0430\u043b\u043e\u0433 \u0442\u043e\u0432\u0430\u0440\u043e\u0432","item":"https:\/\/beebipood.ee\/tooted\/"},{"@type":"ListItem","position":3,"name":"Alecto kaisuloom \u00f6\u00f6valguse ja muusikaga, Elephant"}]},{"@type":"WebSite","@id":"https:\/\/beebipood.ee\/ru\/#website","url":"https:\/\/beebipood.ee\/ru\/","name":"Beebipood","description":"Lastekaubad, beebikaubad, m\u00e4nguasjad","publisher":{"@id":"https:\/\/beebipood.ee\/ru\/#organization"},"potentialAction":[{"@type":"SearchAction","target":{"@type":"EntryPoint","urlTemplate":"https:\/\/beebipood.ee\/ru\/?s={search_term_string}"},"query-input":{"@type":"PropertyValueSpecification","valueRequired":true,"valueName":"search_term_string"}}],"inLanguage":"ru-RU"},{"@type":"Organization","@id":"https:\/\/beebipood.ee\/ru\/#organization","name":"Beebipood","url":"https:\/\/beebipood.ee\/ru\/","logo":{"@type":"ImageObject","inLanguage":"ru-RU","@id":"https:\/\/beebipood.ee\/ru\/#\/schema\/logo\/image\/","url":"https:\/\/beebipood.ee\/wp-content\/uploads\/2025\/03\/beebipood.ee-logo-1.svg","contentUrl":"https:\/\/beebipood.ee\/wp-content\/uploads\/2025\/03\/beebipood.ee-logo-1.svg","caption":"Beebipood"},"image":{"@id":"https:\/\/beebipood.ee\/ru\/#\/schema\/logo\/image\/"}}]}},"brands":[{"id":11968,"name":"Alecto","slug":"alecto-ru"}],"_links":{"self":[{"href":"https:\/\/beebipood.ee\/ru\/wp-json\/wp\/v2\/product\/455702","targetHints":{"allow":["GET"]}}],"collection":[{"href":"https:\/\/beebipood.ee\/ru\/wp-json\/wp\/v2\/product"}],"about":[{"href":"https:\/\/beebipood.ee\/ru\/wp-json\/wp\/v2\/types\/product"}],"wp:featuredmedia":[{"embeddable":true,"href":"https:\/\/beebipood.ee\/ru\/wp-json\/wp\/v2\/media\/104376"}],"wp:attachment":[{"href":"https:\/\/beebipood.ee\/ru\/wp-json\/wp\/v2\/media?parent=455702"}],"wp:term":[{"taxonomy":"pwb-brand","embeddable":true,"href":"https:\/\/beebipood.ee\/ru\/wp-json\/wp\/v2\/pwb-brand?post=455702"},{"taxonomy":"product_brand","embeddable":true,"href":"https:\/\/beebipood.ee\/ru\/wp-json\/wp\/v2\/product_brand?post=455702"},{"taxonomy":"product_cat","embeddable":true,"href":"https:\/\/beebipood.ee\/ru\/wp-json\/wp\/v2\/product_cat?post=455702"},{"taxonomy":"product_tag","embeddable":true,"href":"https:\/\/beebipood.ee\/ru\/wp-json\/wp\/v2\/product_tag?post=455702"}],"curies":[{"name":"wp","href":"https:\/\/api.w.org\/{rel}","templated":true}]}}