{"id":455728,"date":"2014-10-07T14:29:50","date_gmt":"2014-10-07T11:29:50","guid":{"rendered":"https:\/\/beebipood.ee\/toode\/lastetool-s-bird-berry-milk\/"},"modified":"2025-01-09T10:51:14","modified_gmt":"2025-01-09T08:51:14","slug":"lastetool-s-bird-berry-milk","status":"publish","type":"product","link":"https:\/\/beebipood.ee\/ru\/produkt\/lastetool-s-bird-berry-milk\/","title":{"rendered":"Lastetool S bird &#038; berry milk"},"content":{"rendered":"<p>Ilus ja turvaline tool, milles on \u00fchendatud praktilisus ja disain.<\/p>\n<div class=\"single_additional_description\">\n<ul>\n<li>Ilus ning mugav tool, mis sobib ideaalselt lapse kasvuga.\u00a0<\/li>\n<li><span>Istek\u00f5rgus 24 cm (1,5 aastane)<\/span><\/li>\n<li>Tool on v\u00e4ga tugeva ja stabiilse konstrukstsiooniga<\/li>\n<li>Kahes v\u00e4rvitoonis detailid<\/li>\n<li>Toode on valmistatud kasevineerist ja MDF-st.<\/li>\n<li>Viimistletud vesialuseliste pinnakattevahenditega.\u00a0<\/li>\n<li>V\u00e4rvus:\u00a0<strong>natural\/milk<\/strong><span>\u00a0(naturaalne\/piimjas)<\/span><\/li>\n<li>Toodetud Euroopa Liidus<\/li>\n<li>Testitud ja sertifitseeritud vastavalt EN 12520: 2010 ohutusn\u00f5udetele<\/li>\n<\/ul>\n<p>\u00a0<\/p>\n<\/div>\n","protected":false},"excerpt":{"rendered":"<p>Ilus ja turvaline tool, milles on \u00fchendatud praktilisus ja disain. Ilus ning mugav tool, mis sobib ideaalselt lapse kasvuga.\u00a0 Istek\u00f5rgus 24 cm (1,5 aastane) Tool on v\u00e4ga tugeva ja stabiilse konstrukstsiooniga Kahes v\u00e4rvitoonis detailid Toode on valmistatud kasevineerist ja MDF-st. Viimistletud vesialuseliste pinnakattevahenditega.\u00a0 V\u00e4rvus:\u00a0natural\/milk\u00a0(naturaalne\/piimjas) Toodetud Euroopa Liidus Testitud ja sertifitseeritud vastavalt EN 12520: 2010 ohutusn\u00f5udetele [&hellip;]<\/p>\n","protected":false},"featured_media":104518,"template":"","meta":{"_acf_changed":false},"pwb-brand":[11948],"product_brand":[],"product_cat":[11651,11647,11789],"product_tag":[],"class_list":{"0":"post-455728","1":"product","2":"type-product","3":"status-publish","4":"has-post-thumbnail","6":"pwb-brand-kukuu-ru","7":"product_cat-lastetoolid-ru","8":"product_cat-lastelauad-toolid-arvuti-ja-kirjutuslauad-ru","9":"product_cat-lastemoobel-ja-sisustus-ru","10":"pa_manufacturer-kukuu-ru","12":"first","13":"onbackorder","14":"sale","15":"taxable","16":"shipping-taxable","17":"purchasable","18":"product-type-simple"},"exclude_global_add_ons":[],"addons":[],"acf":[],"yoast_head":"<!-- This site is optimized with the Yoast SEO plugin v27.1.1 - https:\/\/yoast.com\/product\/yoast-seo-wordpress\/ -->\n<title>Lastetool S bird &amp; berry milk, \u0414\u0435\u0442\u0441\u043a\u0438\u0435 \u0441\u0442\u043e\u043b\u044b, \u0441\u0442\u0443\u043b\u044c\u044f, \u043f\u0438\u0441\u044c\u043c\u0435\u043d\u043d\u044b\u0435 \u0441\u0442\u043e\u043b\u044b, \u0414\u0435\u0442\u0441\u043a\u0438\u0435 \u0441\u0442\u0443\u043b\u044c\u044f, M\u0435\u0431\u0435\u043b\u044c, Beebipood<\/title>\n<meta name=\"description\" content=\"Lastetool S bird &amp; berry milk, Ilus ja turvaline tool, milles on &uuml;hendatud praktilisus ja disain.\" \/>\n<meta name=\"robots\" content=\"index, follow, max-snippet:-1, max-image-preview:large, max-video-preview:-1\" \/>\n<link rel=\"canonical\" href=\"https:\/\/beebipood.ee\/ru\/produkt\/lastetool-s-bird-berry-milk\/\" \/>\n<meta property=\"og:locale\" content=\"ru_RU\" \/>\n<meta property=\"og:type\" content=\"article\" \/>\n<meta property=\"og:title\" content=\"Lastetool S bird &amp; berry milk, \u0414\u0435\u0442\u0441\u043a\u0438\u0435 \u0441\u0442\u043e\u043b\u044b, \u0441\u0442\u0443\u043b\u044c\u044f, \u043f\u0438\u0441\u044c\u043c\u0435\u043d\u043d\u044b\u0435 \u0441\u0442\u043e\u043b\u044b, \u0414\u0435\u0442\u0441\u043a\u0438\u0435 \u0441\u0442\u0443\u043b\u044c\u044f, M\u0435\u0431\u0435\u043b\u044c, Beebipood\" \/>\n<meta property=\"og:description\" content=\"Lastetool S bird &amp; berry milk, Ilus ja turvaline tool, milles on &uuml;hendatud praktilisus ja disain.\" \/>\n<meta property=\"og:url\" content=\"https:\/\/beebipood.ee\/ru\/produkt\/lastetool-s-bird-berry-milk\/\" \/>\n<meta property=\"og:site_name\" content=\"Beebipood\" \/>\n<meta property=\"article:modified_time\" content=\"2025-01-09T08:51:14+00:00\" \/>\n<meta property=\"og:image\" content=\"https:\/\/beebipood.ee\/wp-content\/uploads\/2014\/10\/Lastetool-S-bird-berry-milk-SOODUSPAKKUMISED-Lastelauad-toolid-Arvutija-kirjutuslauad-Lastetoolid_3-9ad.jpg\" \/>\n\t<meta property=\"og:image:width\" content=\"1445\" \/>\n\t<meta property=\"og:image:height\" content=\"922\" \/>\n\t<meta property=\"og:image:type\" content=\"image\/jpeg\" \/>\n<meta name=\"twitter:card\" content=\"summary_large_image\" \/>\n<script type=\"application\/ld+json\" class=\"yoast-schema-graph\">{\"@context\":\"https:\/\/schema.org\",\"@graph\":[{\"@type\":\"WebPage\",\"@id\":\"https:\/\/beebipood.ee\/ru\/produkt\/lastetool-s-bird-berry-milk\/\",\"url\":\"https:\/\/beebipood.ee\/ru\/produkt\/lastetool-s-bird-berry-milk\/\",\"name\":\"Lastetool S bird & berry milk, \u0414\u0435\u0442\u0441\u043a\u0438\u0435 \u0441\u0442\u043e\u043b\u044b, \u0441\u0442\u0443\u043b\u044c\u044f, \u043f\u0438\u0441\u044c\u043c\u0435\u043d\u043d\u044b\u0435 \u0441\u0442\u043e\u043b\u044b, \u0414\u0435\u0442\u0441\u043a\u0438\u0435 \u0441\u0442\u0443\u043b\u044c\u044f, M\u0435\u0431\u0435\u043b\u044c, Beebipood\",\"isPartOf\":{\"@id\":\"https:\/\/beebipood.ee\/ru\/#website\"},\"primaryImageOfPage\":{\"@id\":\"https:\/\/beebipood.ee\/ru\/produkt\/lastetool-s-bird-berry-milk\/#primaryimage\"},\"image\":{\"@id\":\"https:\/\/beebipood.ee\/ru\/produkt\/lastetool-s-bird-berry-milk\/#primaryimage\"},\"thumbnailUrl\":\"https:\/\/beebipood.ee\/wp-content\/uploads\/2014\/10\/Lastetool-S-bird-berry-milk-SOODUSPAKKUMISED-Lastelauad-toolid-Arvutija-kirjutuslauad-Lastetoolid_3-9ad.jpg\",\"datePublished\":\"2014-10-07T11:29:50+00:00\",\"dateModified\":\"2025-01-09T08:51:14+00:00\",\"description\":\"Lastetool S bird & berry milk, Ilus ja turvaline tool, milles on &uuml;hendatud praktilisus ja disain.\",\"breadcrumb\":{\"@id\":\"https:\/\/beebipood.ee\/ru\/produkt\/lastetool-s-bird-berry-milk\/#breadcrumb\"},\"inLanguage\":\"ru-RU\",\"potentialAction\":[{\"@type\":\"ReadAction\",\"target\":[\"https:\/\/beebipood.ee\/ru\/produkt\/lastetool-s-bird-berry-milk\/\"]}]},{\"@type\":\"ImageObject\",\"inLanguage\":\"ru-RU\",\"@id\":\"https:\/\/beebipood.ee\/ru\/produkt\/lastetool-s-bird-berry-milk\/#primaryimage\",\"url\":\"https:\/\/beebipood.ee\/wp-content\/uploads\/2014\/10\/Lastetool-S-bird-berry-milk-SOODUSPAKKUMISED-Lastelauad-toolid-Arvutija-kirjutuslauad-Lastetoolid_3-9ad.jpg\",\"contentUrl\":\"https:\/\/beebipood.ee\/wp-content\/uploads\/2014\/10\/Lastetool-S-bird-berry-milk-SOODUSPAKKUMISED-Lastelauad-toolid-Arvutija-kirjutuslauad-Lastetoolid_3-9ad.jpg\",\"width\":1445,\"height\":922},{\"@type\":\"BreadcrumbList\",\"@id\":\"https:\/\/beebipood.ee\/ru\/produkt\/lastetool-s-bird-berry-milk\/#breadcrumb\",\"itemListElement\":[{\"@type\":\"ListItem\",\"position\":1,\"name\":\"Home\",\"item\":\"https:\/\/beebipood.ee\/ru\/\"},{\"@type\":\"ListItem\",\"position\":2,\"name\":\"\u041a\u0430\u0442\u0430\u043b\u043e\u0433 \u0442\u043e\u0432\u0430\u0440\u043e\u0432\",\"item\":\"https:\/\/beebipood.ee\/tooted\/\"},{\"@type\":\"ListItem\",\"position\":3,\"name\":\"Lastetool S bird &#038; berry milk\"}]},{\"@type\":\"WebSite\",\"@id\":\"https:\/\/beebipood.ee\/ru\/#website\",\"url\":\"https:\/\/beebipood.ee\/ru\/\",\"name\":\"Beebipood\",\"description\":\"Lastekaubad, beebikaubad, m\u00e4nguasjad\",\"publisher\":{\"@id\":\"https:\/\/beebipood.ee\/ru\/#organization\"},\"potentialAction\":[{\"@type\":\"SearchAction\",\"target\":{\"@type\":\"EntryPoint\",\"urlTemplate\":\"https:\/\/beebipood.ee\/ru\/?s={search_term_string}\"},\"query-input\":{\"@type\":\"PropertyValueSpecification\",\"valueRequired\":true,\"valueName\":\"search_term_string\"}}],\"inLanguage\":\"ru-RU\"},{\"@type\":\"Organization\",\"@id\":\"https:\/\/beebipood.ee\/ru\/#organization\",\"name\":\"Beebipood\",\"url\":\"https:\/\/beebipood.ee\/ru\/\",\"logo\":{\"@type\":\"ImageObject\",\"inLanguage\":\"ru-RU\",\"@id\":\"https:\/\/beebipood.ee\/ru\/#\/schema\/logo\/image\/\",\"url\":\"https:\/\/beebipood.ee\/wp-content\/uploads\/2025\/03\/beebipood.ee-logo-1.svg\",\"contentUrl\":\"https:\/\/beebipood.ee\/wp-content\/uploads\/2025\/03\/beebipood.ee-logo-1.svg\",\"caption\":\"Beebipood\"},\"image\":{\"@id\":\"https:\/\/beebipood.ee\/ru\/#\/schema\/logo\/image\/\"}}]}<\/script>\n<!-- \/ Yoast SEO plugin. -->","yoast_head_json":{"title":"Lastetool S bird & berry milk, \u0414\u0435\u0442\u0441\u043a\u0438\u0435 \u0441\u0442\u043e\u043b\u044b, \u0441\u0442\u0443\u043b\u044c\u044f, \u043f\u0438\u0441\u044c\u043c\u0435\u043d\u043d\u044b\u0435 \u0441\u0442\u043e\u043b\u044b, \u0414\u0435\u0442\u0441\u043a\u0438\u0435 \u0441\u0442\u0443\u043b\u044c\u044f, M\u0435\u0431\u0435\u043b\u044c, Beebipood","description":"Lastetool S bird & berry milk, Ilus ja turvaline tool, milles on &uuml;hendatud praktilisus ja disain.","robots":{"index":"index","follow":"follow","max-snippet":"max-snippet:-1","max-image-preview":"max-image-preview:large","max-video-preview":"max-video-preview:-1"},"canonical":"https:\/\/beebipood.ee\/ru\/produkt\/lastetool-s-bird-berry-milk\/","og_locale":"ru_RU","og_type":"article","og_title":"Lastetool S bird & berry milk, \u0414\u0435\u0442\u0441\u043a\u0438\u0435 \u0441\u0442\u043e\u043b\u044b, \u0441\u0442\u0443\u043b\u044c\u044f, \u043f\u0438\u0441\u044c\u043c\u0435\u043d\u043d\u044b\u0435 \u0441\u0442\u043e\u043b\u044b, \u0414\u0435\u0442\u0441\u043a\u0438\u0435 \u0441\u0442\u0443\u043b\u044c\u044f, M\u0435\u0431\u0435\u043b\u044c, Beebipood","og_description":"Lastetool S bird & berry milk, Ilus ja turvaline tool, milles on &uuml;hendatud praktilisus ja disain.","og_url":"https:\/\/beebipood.ee\/ru\/produkt\/lastetool-s-bird-berry-milk\/","og_site_name":"Beebipood","article_modified_time":"2025-01-09T08:51:14+00:00","og_image":[{"width":1445,"height":922,"url":"https:\/\/beebipood.ee\/wp-content\/uploads\/2014\/10\/Lastetool-S-bird-berry-milk-SOODUSPAKKUMISED-Lastelauad-toolid-Arvutija-kirjutuslauad-Lastetoolid_3-9ad.jpg","type":"image\/jpeg"}],"twitter_card":"summary_large_image","schema":{"@context":"https:\/\/schema.org","@graph":[{"@type":"WebPage","@id":"https:\/\/beebipood.ee\/ru\/produkt\/lastetool-s-bird-berry-milk\/","url":"https:\/\/beebipood.ee\/ru\/produkt\/lastetool-s-bird-berry-milk\/","name":"Lastetool S bird & berry milk, \u0414\u0435\u0442\u0441\u043a\u0438\u0435 \u0441\u0442\u043e\u043b\u044b, \u0441\u0442\u0443\u043b\u044c\u044f, \u043f\u0438\u0441\u044c\u043c\u0435\u043d\u043d\u044b\u0435 \u0441\u0442\u043e\u043b\u044b, \u0414\u0435\u0442\u0441\u043a\u0438\u0435 \u0441\u0442\u0443\u043b\u044c\u044f, M\u0435\u0431\u0435\u043b\u044c, Beebipood","isPartOf":{"@id":"https:\/\/beebipood.ee\/ru\/#website"},"primaryImageOfPage":{"@id":"https:\/\/beebipood.ee\/ru\/produkt\/lastetool-s-bird-berry-milk\/#primaryimage"},"image":{"@id":"https:\/\/beebipood.ee\/ru\/produkt\/lastetool-s-bird-berry-milk\/#primaryimage"},"thumbnailUrl":"https:\/\/beebipood.ee\/wp-content\/uploads\/2014\/10\/Lastetool-S-bird-berry-milk-SOODUSPAKKUMISED-Lastelauad-toolid-Arvutija-kirjutuslauad-Lastetoolid_3-9ad.jpg","datePublished":"2014-10-07T11:29:50+00:00","dateModified":"2025-01-09T08:51:14+00:00","description":"Lastetool S bird & berry milk, Ilus ja turvaline tool, milles on &uuml;hendatud praktilisus ja disain.","breadcrumb":{"@id":"https:\/\/beebipood.ee\/ru\/produkt\/lastetool-s-bird-berry-milk\/#breadcrumb"},"inLanguage":"ru-RU","potentialAction":[{"@type":"ReadAction","target":["https:\/\/beebipood.ee\/ru\/produkt\/lastetool-s-bird-berry-milk\/"]}]},{"@type":"ImageObject","inLanguage":"ru-RU","@id":"https:\/\/beebipood.ee\/ru\/produkt\/lastetool-s-bird-berry-milk\/#primaryimage","url":"https:\/\/beebipood.ee\/wp-content\/uploads\/2014\/10\/Lastetool-S-bird-berry-milk-SOODUSPAKKUMISED-Lastelauad-toolid-Arvutija-kirjutuslauad-Lastetoolid_3-9ad.jpg","contentUrl":"https:\/\/beebipood.ee\/wp-content\/uploads\/2014\/10\/Lastetool-S-bird-berry-milk-SOODUSPAKKUMISED-Lastelauad-toolid-Arvutija-kirjutuslauad-Lastetoolid_3-9ad.jpg","width":1445,"height":922},{"@type":"BreadcrumbList","@id":"https:\/\/beebipood.ee\/ru\/produkt\/lastetool-s-bird-berry-milk\/#breadcrumb","itemListElement":[{"@type":"ListItem","position":1,"name":"Home","item":"https:\/\/beebipood.ee\/ru\/"},{"@type":"ListItem","position":2,"name":"\u041a\u0430\u0442\u0430\u043b\u043e\u0433 \u0442\u043e\u0432\u0430\u0440\u043e\u0432","item":"https:\/\/beebipood.ee\/tooted\/"},{"@type":"ListItem","position":3,"name":"Lastetool S bird &#038; berry milk"}]},{"@type":"WebSite","@id":"https:\/\/beebipood.ee\/ru\/#website","url":"https:\/\/beebipood.ee\/ru\/","name":"Beebipood","description":"Lastekaubad, beebikaubad, m\u00e4nguasjad","publisher":{"@id":"https:\/\/beebipood.ee\/ru\/#organization"},"potentialAction":[{"@type":"SearchAction","target":{"@type":"EntryPoint","urlTemplate":"https:\/\/beebipood.ee\/ru\/?s={search_term_string}"},"query-input":{"@type":"PropertyValueSpecification","valueRequired":true,"valueName":"search_term_string"}}],"inLanguage":"ru-RU"},{"@type":"Organization","@id":"https:\/\/beebipood.ee\/ru\/#organization","name":"Beebipood","url":"https:\/\/beebipood.ee\/ru\/","logo":{"@type":"ImageObject","inLanguage":"ru-RU","@id":"https:\/\/beebipood.ee\/ru\/#\/schema\/logo\/image\/","url":"https:\/\/beebipood.ee\/wp-content\/uploads\/2025\/03\/beebipood.ee-logo-1.svg","contentUrl":"https:\/\/beebipood.ee\/wp-content\/uploads\/2025\/03\/beebipood.ee-logo-1.svg","caption":"Beebipood"},"image":{"@id":"https:\/\/beebipood.ee\/ru\/#\/schema\/logo\/image\/"}}]}},"brands":[{"id":11948,"name":"Kukuu","slug":"kukuu-ru"}],"_links":{"self":[{"href":"https:\/\/beebipood.ee\/ru\/wp-json\/wp\/v2\/product\/455728","targetHints":{"allow":["GET"]}}],"collection":[{"href":"https:\/\/beebipood.ee\/ru\/wp-json\/wp\/v2\/product"}],"about":[{"href":"https:\/\/beebipood.ee\/ru\/wp-json\/wp\/v2\/types\/product"}],"wp:featuredmedia":[{"embeddable":true,"href":"https:\/\/beebipood.ee\/ru\/wp-json\/wp\/v2\/media\/104518"}],"wp:attachment":[{"href":"https:\/\/beebipood.ee\/ru\/wp-json\/wp\/v2\/media?parent=455728"}],"wp:term":[{"taxonomy":"pwb-brand","embeddable":true,"href":"https:\/\/beebipood.ee\/ru\/wp-json\/wp\/v2\/pwb-brand?post=455728"},{"taxonomy":"product_brand","embeddable":true,"href":"https:\/\/beebipood.ee\/ru\/wp-json\/wp\/v2\/product_brand?post=455728"},{"taxonomy":"product_cat","embeddable":true,"href":"https:\/\/beebipood.ee\/ru\/wp-json\/wp\/v2\/product_cat?post=455728"},{"taxonomy":"product_tag","embeddable":true,"href":"https:\/\/beebipood.ee\/ru\/wp-json\/wp\/v2\/product_tag?post=455728"}],"curies":[{"name":"wp","href":"https:\/\/api.w.org\/{rel}","templated":true}]}}