{"id":455742,"date":"2014-10-07T15:06:55","date_gmt":"2014-10-07T12:06:55","guid":{"rendered":"https:\/\/beebipood.ee\/toode\/lastevoodi-bird-berry-milkmilk\/"},"modified":"2025-01-09T10:51:13","modified_gmt":"2025-01-09T08:51:13","slug":"lastevoodi-bird-berry-milkmilk","status":"publish","type":"product","link":"https:\/\/beebipood.ee\/ru\/produkt\/lastevoodi-bird-berry-milkmilk\/","title":{"rendered":"Lastevoodi bird &#038; berry milkmilk"},"content":{"rendered":"<p>bird &#038; berry\u00a0voodi on klassikaline, minimalistliku v\u00e4limus ning \u00fcmarate nurkadega.<br \/> Ideaalne voodi, mis sobib v\u00f5revoodist v\u00e4ljakasvanud lapsele<br \/> See voodi on loodud \u00a0kokku sobima teiste bird &#038; berry toodetega.<\/p>\n<ul>\n<li>Kahes v\u00e4rvitoonis detailid.<\/li>\n<li>Turvapiirded kaitsevad last voodist v\u00e4ljakukkumise eest.<\/li>\n<li>Turvapiirded on komplektis.\u00a0<\/li>\n<li>Toode on valmistatud kasevineerist ja MDF-st.<\/li>\n<li>Viimistletud vesialuseliste pinnakattevahenditega.\u00a0<\/li>\n<li>V\u00e4rvus:\u00a0<strong>milk\/milk\u00a0<\/strong><span>(piimjas\/piimjas)<\/span><\/li>\n<li><span>Voodisse sobib madrats m\u00f5\u00f5duga 70&#215;160<\/span><\/li>\n<li>Toodetud Euroopa Liidus, vastavalt EN ja AS\/NZS turvastandarditele.<\/li>\n<\/ul>\n","protected":false},"excerpt":{"rendered":"<p>bird &#038; berry\u00a0voodi on klassikaline, minimalistliku v\u00e4limus ning \u00fcmarate nurkadega. Ideaalne voodi, mis sobib v\u00f5revoodist v\u00e4ljakasvanud lapsele See voodi on loodud \u00a0kokku sobima teiste bird &#038; berry toodetega. Kahes v\u00e4rvitoonis detailid. Turvapiirded kaitsevad last voodist v\u00e4ljakukkumise eest. Turvapiirded on komplektis.\u00a0 Toode on valmistatud kasevineerist ja MDF-st. Viimistletud vesialuseliste pinnakattevahenditega.\u00a0 V\u00e4rvus:\u00a0milk\/milk\u00a0(piimjas\/piimjas) Voodisse sobib madrats m\u00f5\u00f5duga 70&#215;160 [&hellip;]<\/p>\n","protected":false},"featured_media":104546,"template":"","meta":{"_acf_changed":false},"pwb-brand":[11948],"product_brand":[],"product_cat":[11587,11559,11789],"product_tag":[],"class_list":{"0":"post-455742","1":"product","2":"type-product","3":"status-publish","4":"has-post-thumbnail","6":"pwb-brand-kukuu-ru","7":"product_cat-70cm-laiused-ru","8":"product_cat-laste-ja-noortevoodid-ru","9":"product_cat-lastemoobel-ja-sisustus-ru","10":"pa_manufacturer-kukuu-ru","12":"first","13":"onbackorder","14":"sale","15":"taxable","16":"shipping-taxable","17":"purchasable","18":"product-type-simple"},"exclude_global_add_ons":[],"addons":[],"acf":[],"yoast_head":"<!-- This site is optimized with the Yoast SEO plugin v27.1.1 - https:\/\/yoast.com\/product\/yoast-seo-wordpress\/ -->\n<title>Lastevoodi bird &amp; berry milkmilk, \u041a\u0440\u043e\u0432\u0430\u0442\u0438 \u0434\u043b\u044f \u0434\u0435\u0442\u0435\u0439 \u0438 \u043f\u043e\u0434\u0440\u043e\u0441\u0442\u043a\u043e\u0432, \u0428\u0438\u0440\u0438\u043d\u0430 70c\u043c, M\u0435\u0431\u0435\u043b\u044c, Beebipood<\/title>\n<meta name=\"description\" content=\"Lastevoodi bird &amp; berry milkmilk, bird &amp; berry&nbsp;voodi on klassikaline, minimalistliku v&auml;limus ning &uuml;marate nurkadega. Ideaalne voodi,\" \/>\n<meta name=\"robots\" content=\"index, follow, max-snippet:-1, max-image-preview:large, max-video-preview:-1\" \/>\n<link rel=\"canonical\" href=\"https:\/\/beebipood.ee\/ru\/produkt\/lastevoodi-bird-berry-milkmilk\/\" \/>\n<meta property=\"og:locale\" content=\"ru_RU\" \/>\n<meta property=\"og:type\" content=\"article\" \/>\n<meta property=\"og:title\" content=\"Lastevoodi bird &amp; berry milkmilk, \u041a\u0440\u043e\u0432\u0430\u0442\u0438 \u0434\u043b\u044f \u0434\u0435\u0442\u0435\u0439 \u0438 \u043f\u043e\u0434\u0440\u043e\u0441\u0442\u043a\u043e\u0432, \u0428\u0438\u0440\u0438\u043d\u0430 70c\u043c, M\u0435\u0431\u0435\u043b\u044c, Beebipood\" \/>\n<meta property=\"og:description\" content=\"Lastevoodi bird &amp; berry milkmilk, bird &amp; berry&nbsp;voodi on klassikaline, minimalistliku v&auml;limus ning &uuml;marate nurkadega. Ideaalne voodi,\" \/>\n<meta property=\"og:url\" content=\"https:\/\/beebipood.ee\/ru\/produkt\/lastevoodi-bird-berry-milkmilk\/\" \/>\n<meta property=\"og:site_name\" content=\"Beebipood\" \/>\n<meta property=\"article:modified_time\" content=\"2025-01-09T08:51:13+00:00\" \/>\n<meta property=\"og:image\" content=\"https:\/\/beebipood.ee\/wp-content\/uploads\/2014\/10\/Lastevoodi-bird-berry-milkmilk-Laste-ja-noortevoodid-70cm-laiused_7-d14.jpg\" \/>\n\t<meta property=\"og:image:width\" content=\"900\" \/>\n\t<meta property=\"og:image:height\" content=\"601\" \/>\n\t<meta property=\"og:image:type\" content=\"image\/jpeg\" \/>\n<meta name=\"twitter:card\" content=\"summary_large_image\" \/>\n<script type=\"application\/ld+json\" class=\"yoast-schema-graph\">{\"@context\":\"https:\/\/schema.org\",\"@graph\":[{\"@type\":\"WebPage\",\"@id\":\"https:\/\/beebipood.ee\/ru\/produkt\/lastevoodi-bird-berry-milkmilk\/\",\"url\":\"https:\/\/beebipood.ee\/ru\/produkt\/lastevoodi-bird-berry-milkmilk\/\",\"name\":\"Lastevoodi bird & berry milkmilk, \u041a\u0440\u043e\u0432\u0430\u0442\u0438 \u0434\u043b\u044f \u0434\u0435\u0442\u0435\u0439 \u0438 \u043f\u043e\u0434\u0440\u043e\u0441\u0442\u043a\u043e\u0432, \u0428\u0438\u0440\u0438\u043d\u0430 70c\u043c, M\u0435\u0431\u0435\u043b\u044c, Beebipood\",\"isPartOf\":{\"@id\":\"https:\/\/beebipood.ee\/ru\/#website\"},\"primaryImageOfPage\":{\"@id\":\"https:\/\/beebipood.ee\/ru\/produkt\/lastevoodi-bird-berry-milkmilk\/#primaryimage\"},\"image\":{\"@id\":\"https:\/\/beebipood.ee\/ru\/produkt\/lastevoodi-bird-berry-milkmilk\/#primaryimage\"},\"thumbnailUrl\":\"https:\/\/beebipood.ee\/wp-content\/uploads\/2014\/10\/Lastevoodi-bird-berry-milkmilk-Laste-ja-noortevoodid-70cm-laiused_7-d14.jpg\",\"datePublished\":\"2014-10-07T12:06:55+00:00\",\"dateModified\":\"2025-01-09T08:51:13+00:00\",\"description\":\"Lastevoodi bird & berry milkmilk, bird &amp; berry&nbsp;voodi on klassikaline, minimalistliku v&auml;limus ning &uuml;marate nurkadega. Ideaalne voodi,\",\"breadcrumb\":{\"@id\":\"https:\/\/beebipood.ee\/ru\/produkt\/lastevoodi-bird-berry-milkmilk\/#breadcrumb\"},\"inLanguage\":\"ru-RU\",\"potentialAction\":[{\"@type\":\"ReadAction\",\"target\":[\"https:\/\/beebipood.ee\/ru\/produkt\/lastevoodi-bird-berry-milkmilk\/\"]}]},{\"@type\":\"ImageObject\",\"inLanguage\":\"ru-RU\",\"@id\":\"https:\/\/beebipood.ee\/ru\/produkt\/lastevoodi-bird-berry-milkmilk\/#primaryimage\",\"url\":\"https:\/\/beebipood.ee\/wp-content\/uploads\/2014\/10\/Lastevoodi-bird-berry-milkmilk-Laste-ja-noortevoodid-70cm-laiused_7-d14.jpg\",\"contentUrl\":\"https:\/\/beebipood.ee\/wp-content\/uploads\/2014\/10\/Lastevoodi-bird-berry-milkmilk-Laste-ja-noortevoodid-70cm-laiused_7-d14.jpg\",\"width\":900,\"height\":601},{\"@type\":\"BreadcrumbList\",\"@id\":\"https:\/\/beebipood.ee\/ru\/produkt\/lastevoodi-bird-berry-milkmilk\/#breadcrumb\",\"itemListElement\":[{\"@type\":\"ListItem\",\"position\":1,\"name\":\"Home\",\"item\":\"https:\/\/beebipood.ee\/ru\/\"},{\"@type\":\"ListItem\",\"position\":2,\"name\":\"\u041a\u0430\u0442\u0430\u043b\u043e\u0433 \u0442\u043e\u0432\u0430\u0440\u043e\u0432\",\"item\":\"https:\/\/beebipood.ee\/tooted\/\"},{\"@type\":\"ListItem\",\"position\":3,\"name\":\"Lastevoodi bird &#038; berry milkmilk\"}]},{\"@type\":\"WebSite\",\"@id\":\"https:\/\/beebipood.ee\/ru\/#website\",\"url\":\"https:\/\/beebipood.ee\/ru\/\",\"name\":\"Beebipood\",\"description\":\"Lastekaubad, beebikaubad, m\u00e4nguasjad\",\"publisher\":{\"@id\":\"https:\/\/beebipood.ee\/ru\/#organization\"},\"potentialAction\":[{\"@type\":\"SearchAction\",\"target\":{\"@type\":\"EntryPoint\",\"urlTemplate\":\"https:\/\/beebipood.ee\/ru\/?s={search_term_string}\"},\"query-input\":{\"@type\":\"PropertyValueSpecification\",\"valueRequired\":true,\"valueName\":\"search_term_string\"}}],\"inLanguage\":\"ru-RU\"},{\"@type\":\"Organization\",\"@id\":\"https:\/\/beebipood.ee\/ru\/#organization\",\"name\":\"Beebipood\",\"url\":\"https:\/\/beebipood.ee\/ru\/\",\"logo\":{\"@type\":\"ImageObject\",\"inLanguage\":\"ru-RU\",\"@id\":\"https:\/\/beebipood.ee\/ru\/#\/schema\/logo\/image\/\",\"url\":\"https:\/\/beebipood.ee\/wp-content\/uploads\/2025\/03\/beebipood.ee-logo-1.svg\",\"contentUrl\":\"https:\/\/beebipood.ee\/wp-content\/uploads\/2025\/03\/beebipood.ee-logo-1.svg\",\"caption\":\"Beebipood\"},\"image\":{\"@id\":\"https:\/\/beebipood.ee\/ru\/#\/schema\/logo\/image\/\"}}]}<\/script>\n<!-- \/ Yoast SEO plugin. -->","yoast_head_json":{"title":"Lastevoodi bird & berry milkmilk, \u041a\u0440\u043e\u0432\u0430\u0442\u0438 \u0434\u043b\u044f \u0434\u0435\u0442\u0435\u0439 \u0438 \u043f\u043e\u0434\u0440\u043e\u0441\u0442\u043a\u043e\u0432, \u0428\u0438\u0440\u0438\u043d\u0430 70c\u043c, M\u0435\u0431\u0435\u043b\u044c, Beebipood","description":"Lastevoodi bird & berry milkmilk, bird &amp; berry&nbsp;voodi on klassikaline, minimalistliku v&auml;limus ning &uuml;marate nurkadega. Ideaalne voodi,","robots":{"index":"index","follow":"follow","max-snippet":"max-snippet:-1","max-image-preview":"max-image-preview:large","max-video-preview":"max-video-preview:-1"},"canonical":"https:\/\/beebipood.ee\/ru\/produkt\/lastevoodi-bird-berry-milkmilk\/","og_locale":"ru_RU","og_type":"article","og_title":"Lastevoodi bird & berry milkmilk, \u041a\u0440\u043e\u0432\u0430\u0442\u0438 \u0434\u043b\u044f \u0434\u0435\u0442\u0435\u0439 \u0438 \u043f\u043e\u0434\u0440\u043e\u0441\u0442\u043a\u043e\u0432, \u0428\u0438\u0440\u0438\u043d\u0430 70c\u043c, M\u0435\u0431\u0435\u043b\u044c, Beebipood","og_description":"Lastevoodi bird & berry milkmilk, bird &amp; berry&nbsp;voodi on klassikaline, minimalistliku v&auml;limus ning &uuml;marate nurkadega. Ideaalne voodi,","og_url":"https:\/\/beebipood.ee\/ru\/produkt\/lastevoodi-bird-berry-milkmilk\/","og_site_name":"Beebipood","article_modified_time":"2025-01-09T08:51:13+00:00","og_image":[{"width":900,"height":601,"url":"https:\/\/beebipood.ee\/wp-content\/uploads\/2014\/10\/Lastevoodi-bird-berry-milkmilk-Laste-ja-noortevoodid-70cm-laiused_7-d14.jpg","type":"image\/jpeg"}],"twitter_card":"summary_large_image","schema":{"@context":"https:\/\/schema.org","@graph":[{"@type":"WebPage","@id":"https:\/\/beebipood.ee\/ru\/produkt\/lastevoodi-bird-berry-milkmilk\/","url":"https:\/\/beebipood.ee\/ru\/produkt\/lastevoodi-bird-berry-milkmilk\/","name":"Lastevoodi bird & berry milkmilk, \u041a\u0440\u043e\u0432\u0430\u0442\u0438 \u0434\u043b\u044f \u0434\u0435\u0442\u0435\u0439 \u0438 \u043f\u043e\u0434\u0440\u043e\u0441\u0442\u043a\u043e\u0432, \u0428\u0438\u0440\u0438\u043d\u0430 70c\u043c, M\u0435\u0431\u0435\u043b\u044c, Beebipood","isPartOf":{"@id":"https:\/\/beebipood.ee\/ru\/#website"},"primaryImageOfPage":{"@id":"https:\/\/beebipood.ee\/ru\/produkt\/lastevoodi-bird-berry-milkmilk\/#primaryimage"},"image":{"@id":"https:\/\/beebipood.ee\/ru\/produkt\/lastevoodi-bird-berry-milkmilk\/#primaryimage"},"thumbnailUrl":"https:\/\/beebipood.ee\/wp-content\/uploads\/2014\/10\/Lastevoodi-bird-berry-milkmilk-Laste-ja-noortevoodid-70cm-laiused_7-d14.jpg","datePublished":"2014-10-07T12:06:55+00:00","dateModified":"2025-01-09T08:51:13+00:00","description":"Lastevoodi bird & berry milkmilk, bird &amp; berry&nbsp;voodi on klassikaline, minimalistliku v&auml;limus ning &uuml;marate nurkadega. Ideaalne voodi,","breadcrumb":{"@id":"https:\/\/beebipood.ee\/ru\/produkt\/lastevoodi-bird-berry-milkmilk\/#breadcrumb"},"inLanguage":"ru-RU","potentialAction":[{"@type":"ReadAction","target":["https:\/\/beebipood.ee\/ru\/produkt\/lastevoodi-bird-berry-milkmilk\/"]}]},{"@type":"ImageObject","inLanguage":"ru-RU","@id":"https:\/\/beebipood.ee\/ru\/produkt\/lastevoodi-bird-berry-milkmilk\/#primaryimage","url":"https:\/\/beebipood.ee\/wp-content\/uploads\/2014\/10\/Lastevoodi-bird-berry-milkmilk-Laste-ja-noortevoodid-70cm-laiused_7-d14.jpg","contentUrl":"https:\/\/beebipood.ee\/wp-content\/uploads\/2014\/10\/Lastevoodi-bird-berry-milkmilk-Laste-ja-noortevoodid-70cm-laiused_7-d14.jpg","width":900,"height":601},{"@type":"BreadcrumbList","@id":"https:\/\/beebipood.ee\/ru\/produkt\/lastevoodi-bird-berry-milkmilk\/#breadcrumb","itemListElement":[{"@type":"ListItem","position":1,"name":"Home","item":"https:\/\/beebipood.ee\/ru\/"},{"@type":"ListItem","position":2,"name":"\u041a\u0430\u0442\u0430\u043b\u043e\u0433 \u0442\u043e\u0432\u0430\u0440\u043e\u0432","item":"https:\/\/beebipood.ee\/tooted\/"},{"@type":"ListItem","position":3,"name":"Lastevoodi bird &#038; berry milkmilk"}]},{"@type":"WebSite","@id":"https:\/\/beebipood.ee\/ru\/#website","url":"https:\/\/beebipood.ee\/ru\/","name":"Beebipood","description":"Lastekaubad, beebikaubad, m\u00e4nguasjad","publisher":{"@id":"https:\/\/beebipood.ee\/ru\/#organization"},"potentialAction":[{"@type":"SearchAction","target":{"@type":"EntryPoint","urlTemplate":"https:\/\/beebipood.ee\/ru\/?s={search_term_string}"},"query-input":{"@type":"PropertyValueSpecification","valueRequired":true,"valueName":"search_term_string"}}],"inLanguage":"ru-RU"},{"@type":"Organization","@id":"https:\/\/beebipood.ee\/ru\/#organization","name":"Beebipood","url":"https:\/\/beebipood.ee\/ru\/","logo":{"@type":"ImageObject","inLanguage":"ru-RU","@id":"https:\/\/beebipood.ee\/ru\/#\/schema\/logo\/image\/","url":"https:\/\/beebipood.ee\/wp-content\/uploads\/2025\/03\/beebipood.ee-logo-1.svg","contentUrl":"https:\/\/beebipood.ee\/wp-content\/uploads\/2025\/03\/beebipood.ee-logo-1.svg","caption":"Beebipood"},"image":{"@id":"https:\/\/beebipood.ee\/ru\/#\/schema\/logo\/image\/"}}]}},"brands":[{"id":11948,"name":"Kukuu","slug":"kukuu-ru"}],"_links":{"self":[{"href":"https:\/\/beebipood.ee\/ru\/wp-json\/wp\/v2\/product\/455742","targetHints":{"allow":["GET"]}}],"collection":[{"href":"https:\/\/beebipood.ee\/ru\/wp-json\/wp\/v2\/product"}],"about":[{"href":"https:\/\/beebipood.ee\/ru\/wp-json\/wp\/v2\/types\/product"}],"wp:featuredmedia":[{"embeddable":true,"href":"https:\/\/beebipood.ee\/ru\/wp-json\/wp\/v2\/media\/104546"}],"wp:attachment":[{"href":"https:\/\/beebipood.ee\/ru\/wp-json\/wp\/v2\/media?parent=455742"}],"wp:term":[{"taxonomy":"pwb-brand","embeddable":true,"href":"https:\/\/beebipood.ee\/ru\/wp-json\/wp\/v2\/pwb-brand?post=455742"},{"taxonomy":"product_brand","embeddable":true,"href":"https:\/\/beebipood.ee\/ru\/wp-json\/wp\/v2\/product_brand?post=455742"},{"taxonomy":"product_cat","embeddable":true,"href":"https:\/\/beebipood.ee\/ru\/wp-json\/wp\/v2\/product_cat?post=455742"},{"taxonomy":"product_tag","embeddable":true,"href":"https:\/\/beebipood.ee\/ru\/wp-json\/wp\/v2\/product_tag?post=455742"}],"curies":[{"name":"wp","href":"https:\/\/api.w.org\/{rel}","templated":true}]}}