{"id":455832,"date":"2014-10-14T15:55:31","date_gmt":"2014-10-14T12:55:31","guid":{"rendered":"https:\/\/beebipood.ee\/toode\/hauck-dryk-duo-jalgrattahaagis-2in1-petrol\/"},"modified":"2026-02-17T14:47:53","modified_gmt":"2026-02-17T12:47:53","slug":"hauck-dryk-duo-jalgrattahaagis-2in1-ocean-green","status":"publish","type":"product","link":"https:\/\/beebipood.ee\/ru\/produkt\/hauck-dryk-duo-jalgrattahaagis-2in1-ocean-green\/","title":{"rendered":"Hauck Dryk Duo jalgrattahaagis 2in1, Ocean Green"},"content":{"rendered":"<p>Hauck Dryk Duo on sportliku disainiga ning hea hinna<br \/>\nja kvaliteedi suhtega multifunktsionaalne jalgrattahaagis\/jalutusk\u00e4ru.<br \/>\nLihtne ja mugav k\u00e4sitleda<br \/>\nHauck Dryk Duo&#8217;l on h\u00e4sti l\u00e4bim\u00f5eldud kaks-\u00fches disain,<br \/>\nmis \u00fchendab endas jalgrattahaagist ja jalutusk\u00e4ru.<br \/>\nAvar disain muudab selle kasutamise mugavaks nii \u00fche kui kahe lapsega<\/p>\n<p>Reguleeritava k\u00f5rgusega l\u00fckkesang (91 \u2013 119 cm)<br \/>\nSuurt 2-in-1 varikatust saab vastavalt vajadusele kokku rullida<br \/>\n\u00dclemise vaateakna kaudu saate alati oma lastel silma peal hoida<br \/>\nK\u00fclgmised 2-in-1 aknad tagavad optimaalse \u00f5huringluse<br \/>\n5-punkti rihmad<br \/>\nSisetaskud lastele<br \/>\nFikseeritav kummist esiratas<br \/>\nTagumised \u00f5hkehvid, mis tagavad s\u00f5idumugavuse ja sujuva s\u00f5idu<br \/>\nEsiratas ja tiisel on paigutatud kahte kaasasolevasse kotti,<br \/>\net kaitsta kangast mustuse eest. Samal ajal on k\u00f5ik k\u00e4ep\u00e4rast,<br \/>\nkui soovite liikvel olles \u00fchelt re\u017eiimilt teisele \u00fcle minna.<br \/>\nJalaga seisupidur<br \/>\nXL-t\u00fc\u00fcpi pakikorv on kergesti ligip\u00e4\u00e4setav<br \/>\nja seda saab turvaliselt lukustada (kandev\u00f5ime 6g)<br \/>\nOma 79 cm laiusega sobib Dryk Duo ideaalselt linnaellu,<br \/>\nsest mahub lihtsalt l\u00e4bi v\u00e4lisuste, turvaliselt rattateele,<br \/>\npoe riiulite vahele ja lifti.<br \/>\nIlmastikukate kaitseb teie lapsi tuule v\u00f5i v\u00e4hese vihma eest,<br \/>\ns\u00e4\u00e4sev\u00f5rk tagab suvel ventilatsiooni ja hoiab putukaid eemal.<br \/>\nT\u00e4nu terviklikule turvapaketile olete oma lastega alati n\u00e4htavad,<br \/>\nvarustusse kuuluvad neli helkurit, LED-tuli, helkurjooned ratastel ja polstril ning vimpel.<br \/>\n\u00dche k\u00e4ega voltimine tagab teile erilise kasutusmugavuse.<br \/>\nT\u00e4nu k\u00e4ep\u00e4rasele pakendi suurusele saab selle h\u00f5lpsalt \u00e4ra panna,<br \/>\nkui te seda ei vaja.<\/p>\n<p>Sobib lastele vanusest alates 6 kuud kuni 120 cm<br \/>\nKandev\u00f5ime: laps kaaluga kuni 2 x 22 kg (kokku 44kg)<br \/>\nM\u00f5\u00f5dud avatuna: 118 x 79 x 99 cm<br \/>\nM\u00f5\u00f5dud kokku panduna: 112 x 70 x 30 cm<br \/>\nEsiratta l\u00e4bim\u00f5\u00f5t: 20,5<br \/>\nTagumiste rataste l\u00e4bim\u00f5\u00f5t: 50cm<br \/>\nK\u00e4ru kaal: 20,3 kg<\/p>\n","protected":false},"excerpt":{"rendered":"<p>Hauck Dryk Duo on sportliku disainiga ning hea hinna ja kvaliteedi suhtega multifunktsionaalne jalgrattahaagis\/jalutusk\u00e4ru. Lihtne ja mugav k\u00e4sitleda Hauck Dryk Duo&#8217;l on h\u00e4sti l\u00e4bim\u00f5eldud kaks-\u00fches disain, mis \u00fchendab endas jalgrattahaagist ja jalutusk\u00e4ru. Avar disain muudab selle kasutamise mugavaks nii \u00fche kui kahe lapsega Reguleeritava k\u00f5rgusega l\u00fckkesang (91 \u2013 119 cm) Suurt 2-in-1 varikatust saab vastavalt [&hellip;]<\/p>\n","protected":false},"featured_media":511360,"template":"","meta":{"_acf_changed":false},"pwb-brand":[11952],"product_brand":[],"product_cat":[11841,11721,11723,11717],"product_tag":[],"class_list":{"0":"post-455832","1":"product","2":"type-product","3":"status-publish","4":"has-post-thumbnail","6":"pwb-brand-hauck-ru","7":"product_cat-jalgrattahaagised-ru","8":"product_cat-jalutuskarud-ru","9":"product_cat-kaksikutele-ru","10":"product_cat-lastevankrid-ja-karud-ru","11":"pa_manufacturer-hauck-ru","13":"first","14":"onbackorder","15":"taxable","16":"shipping-taxable","17":"purchasable","18":"product-type-simple"},"exclude_global_add_ons":[],"addons":[],"acf":[],"yoast_head":"<!-- This site is optimized with the Yoast SEO plugin v27.1.1 - https:\/\/yoast.com\/product\/yoast-seo-wordpress\/ -->\n<title>Hauck Dryk Duo jalgrattahaagis 2in1, Petrol, \u041a\u043e\u043b\u044f\u0441\u043a\u0438, \u041f\u0440\u043e\u0433\u0443\u043b\u043e\u0447\u043d\u044b\u0435 \u043a\u043e\u043b\u044f\u0441\u043a\u0438, \u0414\u043b\u044f \u0434\u0432\u043e\u0439\u043d\u044f\u0448\u0435\u043a, Beebipood<\/title>\n<meta name=\"description\" content=\"Hauck Dryk Duo jalgrattahaagis 2in1, Petrol, Hauck Dryk Duo on sportliku disainiga ning hea hinna ja kvaliteedi suhtega multifunktsionaalne jalgrattaha\" \/>\n<meta name=\"robots\" content=\"index, follow, max-snippet:-1, max-image-preview:large, max-video-preview:-1\" \/>\n<link rel=\"canonical\" href=\"https:\/\/beebipood.ee\/ru\/produkt\/hauck-dryk-duo-jalgrattahaagis-2in1-ocean-green\/\" \/>\n<meta property=\"og:locale\" content=\"ru_RU\" \/>\n<meta property=\"og:type\" content=\"article\" \/>\n<meta property=\"og:title\" content=\"Hauck Dryk Duo jalgrattahaagis 2in1, Petrol, \u041a\u043e\u043b\u044f\u0441\u043a\u0438, \u041f\u0440\u043e\u0433\u0443\u043b\u043e\u0447\u043d\u044b\u0435 \u043a\u043e\u043b\u044f\u0441\u043a\u0438, \u0414\u043b\u044f \u0434\u0432\u043e\u0439\u043d\u044f\u0448\u0435\u043a, Beebipood\" \/>\n<meta property=\"og:description\" content=\"Hauck Dryk Duo jalgrattahaagis 2in1, Petrol, Hauck Dryk Duo on sportliku disainiga ning hea hinna ja kvaliteedi suhtega multifunktsionaalne jalgrattaha\" \/>\n<meta property=\"og:url\" content=\"https:\/\/beebipood.ee\/ru\/produkt\/hauck-dryk-duo-jalgrattahaagis-2in1-ocean-green\/\" \/>\n<meta property=\"og:site_name\" content=\"Beebipood\" \/>\n<meta property=\"article:modified_time\" content=\"2026-02-17T12:47:53+00:00\" \/>\n<meta property=\"og:image\" content=\"https:\/\/beebipood.ee\/wp-content\/uploads\/2014\/10\/dryk-duo-green2.webp\" \/>\n\t<meta property=\"og:image:width\" content=\"823\" \/>\n\t<meta property=\"og:image:height\" content=\"823\" \/>\n\t<meta property=\"og:image:type\" content=\"image\/webp\" \/>\n<meta name=\"twitter:card\" content=\"summary_large_image\" \/>\n<meta name=\"twitter:label1\" content=\"\u041f\u0440\u0438\u043c\u0435\u0440\u043d\u043e\u0435 \u0432\u0440\u0435\u043c\u044f \u0434\u043b\u044f \u0447\u0442\u0435\u043d\u0438\u044f\" \/>\n\t<meta name=\"twitter:data1\" content=\"2 \u043c\u0438\u043d\u0443\u0442\u044b\" \/>\n<script type=\"application\/ld+json\" class=\"yoast-schema-graph\">{\"@context\":\"https:\/\/schema.org\",\"@graph\":[{\"@type\":\"WebPage\",\"@id\":\"https:\/\/beebipood.ee\/ru\/produkt\/hauck-dryk-duo-jalgrattahaagis-2in1-ocean-green\/\",\"url\":\"https:\/\/beebipood.ee\/ru\/produkt\/hauck-dryk-duo-jalgrattahaagis-2in1-ocean-green\/\",\"name\":\"Hauck Dryk Duo jalgrattahaagis 2in1, Petrol, \u041a\u043e\u043b\u044f\u0441\u043a\u0438, \u041f\u0440\u043e\u0433\u0443\u043b\u043e\u0447\u043d\u044b\u0435 \u043a\u043e\u043b\u044f\u0441\u043a\u0438, \u0414\u043b\u044f \u0434\u0432\u043e\u0439\u043d\u044f\u0448\u0435\u043a, Beebipood\",\"isPartOf\":{\"@id\":\"https:\/\/beebipood.ee\/ru\/#website\"},\"primaryImageOfPage\":{\"@id\":\"https:\/\/beebipood.ee\/ru\/produkt\/hauck-dryk-duo-jalgrattahaagis-2in1-ocean-green\/#primaryimage\"},\"image\":{\"@id\":\"https:\/\/beebipood.ee\/ru\/produkt\/hauck-dryk-duo-jalgrattahaagis-2in1-ocean-green\/#primaryimage\"},\"thumbnailUrl\":\"https:\/\/beebipood.ee\/wp-content\/uploads\/2014\/10\/dryk-duo-green2.webp\",\"datePublished\":\"2014-10-14T12:55:31+00:00\",\"dateModified\":\"2026-02-17T12:47:53+00:00\",\"description\":\"Hauck Dryk Duo jalgrattahaagis 2in1, Petrol, Hauck Dryk Duo on sportliku disainiga ning hea hinna ja kvaliteedi suhtega multifunktsionaalne jalgrattaha\",\"breadcrumb\":{\"@id\":\"https:\/\/beebipood.ee\/ru\/produkt\/hauck-dryk-duo-jalgrattahaagis-2in1-ocean-green\/#breadcrumb\"},\"inLanguage\":\"ru-RU\",\"potentialAction\":[{\"@type\":\"ReadAction\",\"target\":[\"https:\/\/beebipood.ee\/ru\/produkt\/hauck-dryk-duo-jalgrattahaagis-2in1-ocean-green\/\"]}]},{\"@type\":\"ImageObject\",\"inLanguage\":\"ru-RU\",\"@id\":\"https:\/\/beebipood.ee\/ru\/produkt\/hauck-dryk-duo-jalgrattahaagis-2in1-ocean-green\/#primaryimage\",\"url\":\"https:\/\/beebipood.ee\/wp-content\/uploads\/2014\/10\/dryk-duo-green2.webp\",\"contentUrl\":\"https:\/\/beebipood.ee\/wp-content\/uploads\/2014\/10\/dryk-duo-green2.webp\",\"width\":823,\"height\":823},{\"@type\":\"BreadcrumbList\",\"@id\":\"https:\/\/beebipood.ee\/ru\/produkt\/hauck-dryk-duo-jalgrattahaagis-2in1-ocean-green\/#breadcrumb\",\"itemListElement\":[{\"@type\":\"ListItem\",\"position\":1,\"name\":\"Home\",\"item\":\"https:\/\/beebipood.ee\/ru\/\"},{\"@type\":\"ListItem\",\"position\":2,\"name\":\"\u041a\u0430\u0442\u0430\u043b\u043e\u0433 \u0442\u043e\u0432\u0430\u0440\u043e\u0432\",\"item\":\"https:\/\/beebipood.ee\/tooted\/\"},{\"@type\":\"ListItem\",\"position\":3,\"name\":\"Hauck Dryk Duo jalgrattahaagis 2in1, Ocean Green\"}]},{\"@type\":\"WebSite\",\"@id\":\"https:\/\/beebipood.ee\/ru\/#website\",\"url\":\"https:\/\/beebipood.ee\/ru\/\",\"name\":\"Beebipood\",\"description\":\"Lastekaubad, beebikaubad, m\u00e4nguasjad\",\"publisher\":{\"@id\":\"https:\/\/beebipood.ee\/ru\/#organization\"},\"potentialAction\":[{\"@type\":\"SearchAction\",\"target\":{\"@type\":\"EntryPoint\",\"urlTemplate\":\"https:\/\/beebipood.ee\/ru\/?s={search_term_string}\"},\"query-input\":{\"@type\":\"PropertyValueSpecification\",\"valueRequired\":true,\"valueName\":\"search_term_string\"}}],\"inLanguage\":\"ru-RU\"},{\"@type\":\"Organization\",\"@id\":\"https:\/\/beebipood.ee\/ru\/#organization\",\"name\":\"Beebipood\",\"url\":\"https:\/\/beebipood.ee\/ru\/\",\"logo\":{\"@type\":\"ImageObject\",\"inLanguage\":\"ru-RU\",\"@id\":\"https:\/\/beebipood.ee\/ru\/#\/schema\/logo\/image\/\",\"url\":\"https:\/\/beebipood.ee\/wp-content\/uploads\/2025\/03\/beebipood.ee-logo-1.svg\",\"contentUrl\":\"https:\/\/beebipood.ee\/wp-content\/uploads\/2025\/03\/beebipood.ee-logo-1.svg\",\"caption\":\"Beebipood\"},\"image\":{\"@id\":\"https:\/\/beebipood.ee\/ru\/#\/schema\/logo\/image\/\"}}]}<\/script>\n<!-- \/ Yoast SEO plugin. -->","yoast_head_json":{"title":"Hauck Dryk Duo jalgrattahaagis 2in1, Petrol, \u041a\u043e\u043b\u044f\u0441\u043a\u0438, \u041f\u0440\u043e\u0433\u0443\u043b\u043e\u0447\u043d\u044b\u0435 \u043a\u043e\u043b\u044f\u0441\u043a\u0438, \u0414\u043b\u044f \u0434\u0432\u043e\u0439\u043d\u044f\u0448\u0435\u043a, Beebipood","description":"Hauck Dryk Duo jalgrattahaagis 2in1, Petrol, Hauck Dryk Duo on sportliku disainiga ning hea hinna ja kvaliteedi suhtega multifunktsionaalne jalgrattaha","robots":{"index":"index","follow":"follow","max-snippet":"max-snippet:-1","max-image-preview":"max-image-preview:large","max-video-preview":"max-video-preview:-1"},"canonical":"https:\/\/beebipood.ee\/ru\/produkt\/hauck-dryk-duo-jalgrattahaagis-2in1-ocean-green\/","og_locale":"ru_RU","og_type":"article","og_title":"Hauck Dryk Duo jalgrattahaagis 2in1, Petrol, \u041a\u043e\u043b\u044f\u0441\u043a\u0438, \u041f\u0440\u043e\u0433\u0443\u043b\u043e\u0447\u043d\u044b\u0435 \u043a\u043e\u043b\u044f\u0441\u043a\u0438, \u0414\u043b\u044f \u0434\u0432\u043e\u0439\u043d\u044f\u0448\u0435\u043a, Beebipood","og_description":"Hauck Dryk Duo jalgrattahaagis 2in1, Petrol, Hauck Dryk Duo on sportliku disainiga ning hea hinna ja kvaliteedi suhtega multifunktsionaalne jalgrattaha","og_url":"https:\/\/beebipood.ee\/ru\/produkt\/hauck-dryk-duo-jalgrattahaagis-2in1-ocean-green\/","og_site_name":"Beebipood","article_modified_time":"2026-02-17T12:47:53+00:00","og_image":[{"width":823,"height":823,"url":"https:\/\/beebipood.ee\/wp-content\/uploads\/2014\/10\/dryk-duo-green2.webp","type":"image\/webp"}],"twitter_card":"summary_large_image","twitter_misc":{"\u041f\u0440\u0438\u043c\u0435\u0440\u043d\u043e\u0435 \u0432\u0440\u0435\u043c\u044f \u0434\u043b\u044f \u0447\u0442\u0435\u043d\u0438\u044f":"2 \u043c\u0438\u043d\u0443\u0442\u044b"},"schema":{"@context":"https:\/\/schema.org","@graph":[{"@type":"WebPage","@id":"https:\/\/beebipood.ee\/ru\/produkt\/hauck-dryk-duo-jalgrattahaagis-2in1-ocean-green\/","url":"https:\/\/beebipood.ee\/ru\/produkt\/hauck-dryk-duo-jalgrattahaagis-2in1-ocean-green\/","name":"Hauck Dryk Duo jalgrattahaagis 2in1, Petrol, \u041a\u043e\u043b\u044f\u0441\u043a\u0438, \u041f\u0440\u043e\u0433\u0443\u043b\u043e\u0447\u043d\u044b\u0435 \u043a\u043e\u043b\u044f\u0441\u043a\u0438, \u0414\u043b\u044f \u0434\u0432\u043e\u0439\u043d\u044f\u0448\u0435\u043a, Beebipood","isPartOf":{"@id":"https:\/\/beebipood.ee\/ru\/#website"},"primaryImageOfPage":{"@id":"https:\/\/beebipood.ee\/ru\/produkt\/hauck-dryk-duo-jalgrattahaagis-2in1-ocean-green\/#primaryimage"},"image":{"@id":"https:\/\/beebipood.ee\/ru\/produkt\/hauck-dryk-duo-jalgrattahaagis-2in1-ocean-green\/#primaryimage"},"thumbnailUrl":"https:\/\/beebipood.ee\/wp-content\/uploads\/2014\/10\/dryk-duo-green2.webp","datePublished":"2014-10-14T12:55:31+00:00","dateModified":"2026-02-17T12:47:53+00:00","description":"Hauck Dryk Duo jalgrattahaagis 2in1, Petrol, Hauck Dryk Duo on sportliku disainiga ning hea hinna ja kvaliteedi suhtega multifunktsionaalne jalgrattaha","breadcrumb":{"@id":"https:\/\/beebipood.ee\/ru\/produkt\/hauck-dryk-duo-jalgrattahaagis-2in1-ocean-green\/#breadcrumb"},"inLanguage":"ru-RU","potentialAction":[{"@type":"ReadAction","target":["https:\/\/beebipood.ee\/ru\/produkt\/hauck-dryk-duo-jalgrattahaagis-2in1-ocean-green\/"]}]},{"@type":"ImageObject","inLanguage":"ru-RU","@id":"https:\/\/beebipood.ee\/ru\/produkt\/hauck-dryk-duo-jalgrattahaagis-2in1-ocean-green\/#primaryimage","url":"https:\/\/beebipood.ee\/wp-content\/uploads\/2014\/10\/dryk-duo-green2.webp","contentUrl":"https:\/\/beebipood.ee\/wp-content\/uploads\/2014\/10\/dryk-duo-green2.webp","width":823,"height":823},{"@type":"BreadcrumbList","@id":"https:\/\/beebipood.ee\/ru\/produkt\/hauck-dryk-duo-jalgrattahaagis-2in1-ocean-green\/#breadcrumb","itemListElement":[{"@type":"ListItem","position":1,"name":"Home","item":"https:\/\/beebipood.ee\/ru\/"},{"@type":"ListItem","position":2,"name":"\u041a\u0430\u0442\u0430\u043b\u043e\u0433 \u0442\u043e\u0432\u0430\u0440\u043e\u0432","item":"https:\/\/beebipood.ee\/tooted\/"},{"@type":"ListItem","position":3,"name":"Hauck Dryk Duo jalgrattahaagis 2in1, Ocean Green"}]},{"@type":"WebSite","@id":"https:\/\/beebipood.ee\/ru\/#website","url":"https:\/\/beebipood.ee\/ru\/","name":"Beebipood","description":"Lastekaubad, beebikaubad, m\u00e4nguasjad","publisher":{"@id":"https:\/\/beebipood.ee\/ru\/#organization"},"potentialAction":[{"@type":"SearchAction","target":{"@type":"EntryPoint","urlTemplate":"https:\/\/beebipood.ee\/ru\/?s={search_term_string}"},"query-input":{"@type":"PropertyValueSpecification","valueRequired":true,"valueName":"search_term_string"}}],"inLanguage":"ru-RU"},{"@type":"Organization","@id":"https:\/\/beebipood.ee\/ru\/#organization","name":"Beebipood","url":"https:\/\/beebipood.ee\/ru\/","logo":{"@type":"ImageObject","inLanguage":"ru-RU","@id":"https:\/\/beebipood.ee\/ru\/#\/schema\/logo\/image\/","url":"https:\/\/beebipood.ee\/wp-content\/uploads\/2025\/03\/beebipood.ee-logo-1.svg","contentUrl":"https:\/\/beebipood.ee\/wp-content\/uploads\/2025\/03\/beebipood.ee-logo-1.svg","caption":"Beebipood"},"image":{"@id":"https:\/\/beebipood.ee\/ru\/#\/schema\/logo\/image\/"}}]}},"brands":[{"id":11952,"name":"Hauck","slug":"hauck-ru"}],"_links":{"self":[{"href":"https:\/\/beebipood.ee\/ru\/wp-json\/wp\/v2\/product\/455832","targetHints":{"allow":["GET"]}}],"collection":[{"href":"https:\/\/beebipood.ee\/ru\/wp-json\/wp\/v2\/product"}],"about":[{"href":"https:\/\/beebipood.ee\/ru\/wp-json\/wp\/v2\/types\/product"}],"wp:featuredmedia":[{"embeddable":true,"href":"https:\/\/beebipood.ee\/ru\/wp-json\/wp\/v2\/media\/511360"}],"wp:attachment":[{"href":"https:\/\/beebipood.ee\/ru\/wp-json\/wp\/v2\/media?parent=455832"}],"wp:term":[{"taxonomy":"pwb-brand","embeddable":true,"href":"https:\/\/beebipood.ee\/ru\/wp-json\/wp\/v2\/pwb-brand?post=455832"},{"taxonomy":"product_brand","embeddable":true,"href":"https:\/\/beebipood.ee\/ru\/wp-json\/wp\/v2\/product_brand?post=455832"},{"taxonomy":"product_cat","embeddable":true,"href":"https:\/\/beebipood.ee\/ru\/wp-json\/wp\/v2\/product_cat?post=455832"},{"taxonomy":"product_tag","embeddable":true,"href":"https:\/\/beebipood.ee\/ru\/wp-json\/wp\/v2\/product_tag?post=455832"}],"curies":[{"name":"wp","href":"https:\/\/api.w.org\/{rel}","templated":true}]}}