{"id":455874,"date":"2014-10-16T14:39:30","date_gmt":"2014-10-16T11:39:30","guid":{"rendered":"https:\/\/beebipood.ee\/toode\/narivoodi-komplekt-rico-2s-80x160-lakk\/"},"modified":"2025-03-26T12:22:55","modified_gmt":"2025-03-26T10:22:55","slug":"narivoodi-komplekt-rico-2s-80x160-lakk","status":"publish","type":"product","link":"https:\/\/beebipood.ee\/ru\/produkt\/narivoodi-komplekt-rico-2s-80x160-lakk\/","title":{"rendered":"Narivoodi komplekt Rico 2S 80&#215;160 lakk"},"content":{"rendered":"<p><span>*\u00a0<\/span><span>RICO voodi on inimestele, kes hindavad funktsionaalsust, kaasaegset disaini, t\u00e4psust ning kvaliteeti<\/span><br \/><span>* voodi on valmistatud m\u00e4nnipuidust ja MDF m\u00f6\u00f6bliplaadist<\/span><br \/><span>* voodiraami viimistlus on:\u00a0LAKK<\/span><span><br \/><span>*\u00a0<\/span><\/span><span>iga voodi on v\u00e4rvitud kolm korda, mis\u00a0tagab v\u00e4rvi p\u00fcsivuse<\/span><br \/><span>* viimistlemisel on kasutatud lastele ohutuid v\u00e4rve, mis vastavad EN 71\/3\u00a0n\u00f5uetele<\/span><span><br \/><\/span><span>* v<\/span><span>oodi all on avar ja kergesti ligip\u00e4\u00e4setav ratastel voodisahtel<\/span><br \/>*\u00a0nari on v\u00f5imalik muuta kaheks eraldi voodiks\u00a0<br \/>* redeli asukohta saab muuta: kas vasakule v\u00f5i paremale poole\u00a0<br \/>*\u00a0komplekti kuulub: nari, voodip\u00f5hjad,\u00a0kaks poroloonmadratsit m\u00f5\u00f5dus 80&#215;160 cm, turvapiirded,<br \/>\u00a0 ratastel voodisahtel<\/p>\n","protected":false},"excerpt":{"rendered":"<p>*\u00a0RICO voodi on inimestele, kes hindavad funktsionaalsust, kaasaegset disaini, t\u00e4psust ning kvaliteeti* voodi on valmistatud m\u00e4nnipuidust ja MDF m\u00f6\u00f6bliplaadist* voodiraami viimistlus on:\u00a0LAKK*\u00a0iga voodi on v\u00e4rvitud kolm korda, mis\u00a0tagab v\u00e4rvi p\u00fcsivuse* viimistlemisel on kasutatud lastele ohutuid v\u00e4rve, mis vastavad EN 71\/3\u00a0n\u00f5uetele* voodi all on avar ja kergesti ligip\u00e4\u00e4setav ratastel voodisahtel*\u00a0nari on v\u00f5imalik muuta kaheks eraldi voodiks\u00a0* [&hellip;]<\/p>\n","protected":false},"featured_media":503284,"template":"","meta":{"_acf_changed":false},"pwb-brand":[],"product_brand":[],"product_cat":[11591,11559,11789],"product_tag":[],"class_list":{"0":"post-455874","1":"product","2":"type-product","3":"status-publish","4":"has-post-thumbnail","6":"product_cat-90cm-laiused-ru","7":"product_cat-laste-ja-noortevoodid-ru","8":"product_cat-lastemoobel-ja-sisustus-ru","10":"first","11":"onbackorder","12":"sale","13":"taxable","14":"shipping-taxable","15":"purchasable","16":"product-type-simple"},"exclude_global_add_ons":false,"addons":[{"name":"Vali v\u00e4rv","type":"multiple_choice","position":0,"required":true,"title_format":"heading","default":"","description_enable":false,"description":"","placeholder_enable":false,"placeholder":"","display":"images","restrictions_type":"any_text","adjust_price":false,"price":"","price_type":"flat_fee","restrictions":false,"min":"0","max":"0","options":[{"label":"roheline","price":"","price_type":"quantity_based","image":501319,"visibility":true},{"label":"roosa","price":"","price_type":"quantity_based","image":501321,"visibility":true},{"label":"valge","price":"","price_type":"quantity_based","image":501323,"visibility":true},{"label":"grafiit","price":"","price_type":"quantity_based","image":501325,"visibility":true},{"label":"sinine","price":"","price_type":"quantity_based","image":501331,"visibility":true}]}],"acf":[],"yoast_head":"<!-- This site is optimized with the Yoast SEO plugin v27.3 - https:\/\/yoast.com\/product\/yoast-seo-wordpress\/ -->\n<title>Narivoodi komplekt Rico 2S 80x160 lakk, \u041d\u0430\u0440\u044b, \u0421\u041a\u0418\u0414\u041a\u0418, \u041c\u0430\u043b\u0435\u043d\u044c\u043a\u0438\u0435 \u043d\u0430\u0440\u044b, \u041d\u0430\u0440\u044b \u0448\u0438\u0440\u0438\u043d\u043e\u0439 80c\u043c, Beebipood<\/title>\n<meta name=\"description\" content=\"Narivoodi komplekt Rico 2S 80x160 lakk, *&nbsp;RICO voodi on inimestele, kes hindavad funktsionaalsust, kaasaegset disaini, t&auml;psust n\" \/>\n<meta name=\"robots\" content=\"index, follow, max-snippet:-1, max-image-preview:large, max-video-preview:-1\" \/>\n<link rel=\"canonical\" href=\"https:\/\/beebipood.ee\/ru\/produkt\/narivoodi-komplekt-rico-2s-80x160-lakk\/\" \/>\n<meta property=\"og:locale\" content=\"ru_RU\" \/>\n<meta property=\"og:type\" content=\"article\" \/>\n<meta property=\"og:title\" content=\"Narivoodi komplekt Rico 2S 80x160 lakk, \u041d\u0430\u0440\u044b, \u0421\u041a\u0418\u0414\u041a\u0418, \u041c\u0430\u043b\u0435\u043d\u044c\u043a\u0438\u0435 \u043d\u0430\u0440\u044b, \u041d\u0430\u0440\u044b \u0448\u0438\u0440\u0438\u043d\u043e\u0439 80c\u043c, Beebipood\" \/>\n<meta property=\"og:description\" content=\"Narivoodi komplekt Rico 2S 80x160 lakk, *&nbsp;RICO voodi on inimestele, kes hindavad funktsionaalsust, kaasaegset disaini, t&auml;psust n\" \/>\n<meta property=\"og:url\" content=\"https:\/\/beebipood.ee\/ru\/produkt\/narivoodi-komplekt-rico-2s-80x160-lakk\/\" \/>\n<meta property=\"og:site_name\" content=\"Beebipood\" \/>\n<meta property=\"article:modified_time\" content=\"2025-03-26T10:22:55+00:00\" \/>\n<meta property=\"og:image\" content=\"https:\/\/beebipood.ee\/wp-content\/uploads\/2014\/10\/pol_pl_lozko-sypialniane-dallas-90x200-z-materacem-sosna-13780_1.webp\" \/>\n\t<meta property=\"og:image:width\" content=\"1600\" \/>\n\t<meta property=\"og:image:height\" content=\"1066\" \/>\n\t<meta property=\"og:image:type\" content=\"image\/webp\" \/>\n<meta name=\"twitter:card\" content=\"summary_large_image\" \/>\n<script type=\"application\/ld+json\" class=\"yoast-schema-graph\">{\"@context\":\"https:\\\/\\\/schema.org\",\"@graph\":[{\"@type\":\"WebPage\",\"@id\":\"https:\\\/\\\/beebipood.ee\\\/ru\\\/produkt\\\/narivoodi-komplekt-rico-2s-80x160-lakk\\\/\",\"url\":\"https:\\\/\\\/beebipood.ee\\\/ru\\\/produkt\\\/narivoodi-komplekt-rico-2s-80x160-lakk\\\/\",\"name\":\"Narivoodi komplekt Rico 2S 80x160 lakk, \u041d\u0430\u0440\u044b, \u0421\u041a\u0418\u0414\u041a\u0418, \u041c\u0430\u043b\u0435\u043d\u044c\u043a\u0438\u0435 \u043d\u0430\u0440\u044b, \u041d\u0430\u0440\u044b \u0448\u0438\u0440\u0438\u043d\u043e\u0439 80c\u043c, Beebipood\",\"isPartOf\":{\"@id\":\"https:\\\/\\\/beebipood.ee\\\/ru\\\/#website\"},\"primaryImageOfPage\":{\"@id\":\"https:\\\/\\\/beebipood.ee\\\/ru\\\/produkt\\\/narivoodi-komplekt-rico-2s-80x160-lakk\\\/#primaryimage\"},\"image\":{\"@id\":\"https:\\\/\\\/beebipood.ee\\\/ru\\\/produkt\\\/narivoodi-komplekt-rico-2s-80x160-lakk\\\/#primaryimage\"},\"thumbnailUrl\":\"https:\\\/\\\/beebipood.ee\\\/wp-content\\\/uploads\\\/2014\\\/10\\\/pol_pl_lozko-sypialniane-dallas-90x200-z-materacem-sosna-13780_1.webp\",\"datePublished\":\"2014-10-16T11:39:30+00:00\",\"dateModified\":\"2025-03-26T10:22:55+00:00\",\"description\":\"Narivoodi komplekt Rico 2S 80x160 lakk, *&nbsp;RICO voodi on inimestele, kes hindavad funktsionaalsust, kaasaegset disaini, t&auml;psust n\",\"breadcrumb\":{\"@id\":\"https:\\\/\\\/beebipood.ee\\\/ru\\\/produkt\\\/narivoodi-komplekt-rico-2s-80x160-lakk\\\/#breadcrumb\"},\"inLanguage\":\"ru-RU\",\"potentialAction\":[{\"@type\":\"ReadAction\",\"target\":[\"https:\\\/\\\/beebipood.ee\\\/ru\\\/produkt\\\/narivoodi-komplekt-rico-2s-80x160-lakk\\\/\"]}]},{\"@type\":\"ImageObject\",\"inLanguage\":\"ru-RU\",\"@id\":\"https:\\\/\\\/beebipood.ee\\\/ru\\\/produkt\\\/narivoodi-komplekt-rico-2s-80x160-lakk\\\/#primaryimage\",\"url\":\"https:\\\/\\\/beebipood.ee\\\/wp-content\\\/uploads\\\/2014\\\/10\\\/pol_pl_lozko-sypialniane-dallas-90x200-z-materacem-sosna-13780_1.webp\",\"contentUrl\":\"https:\\\/\\\/beebipood.ee\\\/wp-content\\\/uploads\\\/2014\\\/10\\\/pol_pl_lozko-sypialniane-dallas-90x200-z-materacem-sosna-13780_1.webp\",\"width\":1600,\"height\":1066},{\"@type\":\"BreadcrumbList\",\"@id\":\"https:\\\/\\\/beebipood.ee\\\/ru\\\/produkt\\\/narivoodi-komplekt-rico-2s-80x160-lakk\\\/#breadcrumb\",\"itemListElement\":[{\"@type\":\"ListItem\",\"position\":1,\"name\":\"Home\",\"item\":\"https:\\\/\\\/beebipood.ee\\\/ru\\\/\"},{\"@type\":\"ListItem\",\"position\":2,\"name\":\"\u041a\u0430\u0442\u0430\u043b\u043e\u0433 \u0442\u043e\u0432\u0430\u0440\u043e\u0432\",\"item\":\"https:\\\/\\\/beebipood.ee\\\/tooted\\\/\"},{\"@type\":\"ListItem\",\"position\":3,\"name\":\"Narivoodi komplekt Rico 2S 80&#215;160 lakk\"}]},{\"@type\":\"WebSite\",\"@id\":\"https:\\\/\\\/beebipood.ee\\\/ru\\\/#website\",\"url\":\"https:\\\/\\\/beebipood.ee\\\/ru\\\/\",\"name\":\"Beebipood\",\"description\":\"Lastekaubad, beebikaubad, m\u00e4nguasjad\",\"publisher\":{\"@id\":\"https:\\\/\\\/beebipood.ee\\\/ru\\\/#organization\"},\"potentialAction\":[{\"@type\":\"SearchAction\",\"target\":{\"@type\":\"EntryPoint\",\"urlTemplate\":\"https:\\\/\\\/beebipood.ee\\\/ru\\\/?s={search_term_string}\"},\"query-input\":{\"@type\":\"PropertyValueSpecification\",\"valueRequired\":true,\"valueName\":\"search_term_string\"}}],\"inLanguage\":\"ru-RU\"},{\"@type\":\"Organization\",\"@id\":\"https:\\\/\\\/beebipood.ee\\\/ru\\\/#organization\",\"name\":\"Beebipood\",\"url\":\"https:\\\/\\\/beebipood.ee\\\/ru\\\/\",\"logo\":{\"@type\":\"ImageObject\",\"inLanguage\":\"ru-RU\",\"@id\":\"https:\\\/\\\/beebipood.ee\\\/ru\\\/#\\\/schema\\\/logo\\\/image\\\/\",\"url\":\"https:\\\/\\\/beebipood.ee\\\/wp-content\\\/uploads\\\/2025\\\/03\\\/beebipood.ee-logo-1.svg\",\"contentUrl\":\"https:\\\/\\\/beebipood.ee\\\/wp-content\\\/uploads\\\/2025\\\/03\\\/beebipood.ee-logo-1.svg\",\"caption\":\"Beebipood\"},\"image\":{\"@id\":\"https:\\\/\\\/beebipood.ee\\\/ru\\\/#\\\/schema\\\/logo\\\/image\\\/\"}}]}<\/script>\n<!-- \/ Yoast SEO plugin. -->","yoast_head_json":{"title":"Narivoodi komplekt Rico 2S 80x160 lakk, \u041d\u0430\u0440\u044b, \u0421\u041a\u0418\u0414\u041a\u0418, \u041c\u0430\u043b\u0435\u043d\u044c\u043a\u0438\u0435 \u043d\u0430\u0440\u044b, \u041d\u0430\u0440\u044b \u0448\u0438\u0440\u0438\u043d\u043e\u0439 80c\u043c, Beebipood","description":"Narivoodi komplekt Rico 2S 80x160 lakk, *&nbsp;RICO voodi on inimestele, kes hindavad funktsionaalsust, kaasaegset disaini, t&auml;psust n","robots":{"index":"index","follow":"follow","max-snippet":"max-snippet:-1","max-image-preview":"max-image-preview:large","max-video-preview":"max-video-preview:-1"},"canonical":"https:\/\/beebipood.ee\/ru\/produkt\/narivoodi-komplekt-rico-2s-80x160-lakk\/","og_locale":"ru_RU","og_type":"article","og_title":"Narivoodi komplekt Rico 2S 80x160 lakk, \u041d\u0430\u0440\u044b, \u0421\u041a\u0418\u0414\u041a\u0418, \u041c\u0430\u043b\u0435\u043d\u044c\u043a\u0438\u0435 \u043d\u0430\u0440\u044b, \u041d\u0430\u0440\u044b \u0448\u0438\u0440\u0438\u043d\u043e\u0439 80c\u043c, Beebipood","og_description":"Narivoodi komplekt Rico 2S 80x160 lakk, *&nbsp;RICO voodi on inimestele, kes hindavad funktsionaalsust, kaasaegset disaini, t&auml;psust n","og_url":"https:\/\/beebipood.ee\/ru\/produkt\/narivoodi-komplekt-rico-2s-80x160-lakk\/","og_site_name":"Beebipood","article_modified_time":"2025-03-26T10:22:55+00:00","og_image":[{"width":1600,"height":1066,"url":"https:\/\/beebipood.ee\/wp-content\/uploads\/2014\/10\/pol_pl_lozko-sypialniane-dallas-90x200-z-materacem-sosna-13780_1.webp","type":"image\/webp"}],"twitter_card":"summary_large_image","schema":{"@context":"https:\/\/schema.org","@graph":[{"@type":"WebPage","@id":"https:\/\/beebipood.ee\/ru\/produkt\/narivoodi-komplekt-rico-2s-80x160-lakk\/","url":"https:\/\/beebipood.ee\/ru\/produkt\/narivoodi-komplekt-rico-2s-80x160-lakk\/","name":"Narivoodi komplekt Rico 2S 80x160 lakk, \u041d\u0430\u0440\u044b, \u0421\u041a\u0418\u0414\u041a\u0418, \u041c\u0430\u043b\u0435\u043d\u044c\u043a\u0438\u0435 \u043d\u0430\u0440\u044b, \u041d\u0430\u0440\u044b \u0448\u0438\u0440\u0438\u043d\u043e\u0439 80c\u043c, Beebipood","isPartOf":{"@id":"https:\/\/beebipood.ee\/ru\/#website"},"primaryImageOfPage":{"@id":"https:\/\/beebipood.ee\/ru\/produkt\/narivoodi-komplekt-rico-2s-80x160-lakk\/#primaryimage"},"image":{"@id":"https:\/\/beebipood.ee\/ru\/produkt\/narivoodi-komplekt-rico-2s-80x160-lakk\/#primaryimage"},"thumbnailUrl":"https:\/\/beebipood.ee\/wp-content\/uploads\/2014\/10\/pol_pl_lozko-sypialniane-dallas-90x200-z-materacem-sosna-13780_1.webp","datePublished":"2014-10-16T11:39:30+00:00","dateModified":"2025-03-26T10:22:55+00:00","description":"Narivoodi komplekt Rico 2S 80x160 lakk, *&nbsp;RICO voodi on inimestele, kes hindavad funktsionaalsust, kaasaegset disaini, t&auml;psust n","breadcrumb":{"@id":"https:\/\/beebipood.ee\/ru\/produkt\/narivoodi-komplekt-rico-2s-80x160-lakk\/#breadcrumb"},"inLanguage":"ru-RU","potentialAction":[{"@type":"ReadAction","target":["https:\/\/beebipood.ee\/ru\/produkt\/narivoodi-komplekt-rico-2s-80x160-lakk\/"]}]},{"@type":"ImageObject","inLanguage":"ru-RU","@id":"https:\/\/beebipood.ee\/ru\/produkt\/narivoodi-komplekt-rico-2s-80x160-lakk\/#primaryimage","url":"https:\/\/beebipood.ee\/wp-content\/uploads\/2014\/10\/pol_pl_lozko-sypialniane-dallas-90x200-z-materacem-sosna-13780_1.webp","contentUrl":"https:\/\/beebipood.ee\/wp-content\/uploads\/2014\/10\/pol_pl_lozko-sypialniane-dallas-90x200-z-materacem-sosna-13780_1.webp","width":1600,"height":1066},{"@type":"BreadcrumbList","@id":"https:\/\/beebipood.ee\/ru\/produkt\/narivoodi-komplekt-rico-2s-80x160-lakk\/#breadcrumb","itemListElement":[{"@type":"ListItem","position":1,"name":"Home","item":"https:\/\/beebipood.ee\/ru\/"},{"@type":"ListItem","position":2,"name":"\u041a\u0430\u0442\u0430\u043b\u043e\u0433 \u0442\u043e\u0432\u0430\u0440\u043e\u0432","item":"https:\/\/beebipood.ee\/tooted\/"},{"@type":"ListItem","position":3,"name":"Narivoodi komplekt Rico 2S 80&#215;160 lakk"}]},{"@type":"WebSite","@id":"https:\/\/beebipood.ee\/ru\/#website","url":"https:\/\/beebipood.ee\/ru\/","name":"Beebipood","description":"Lastekaubad, beebikaubad, m\u00e4nguasjad","publisher":{"@id":"https:\/\/beebipood.ee\/ru\/#organization"},"potentialAction":[{"@type":"SearchAction","target":{"@type":"EntryPoint","urlTemplate":"https:\/\/beebipood.ee\/ru\/?s={search_term_string}"},"query-input":{"@type":"PropertyValueSpecification","valueRequired":true,"valueName":"search_term_string"}}],"inLanguage":"ru-RU"},{"@type":"Organization","@id":"https:\/\/beebipood.ee\/ru\/#organization","name":"Beebipood","url":"https:\/\/beebipood.ee\/ru\/","logo":{"@type":"ImageObject","inLanguage":"ru-RU","@id":"https:\/\/beebipood.ee\/ru\/#\/schema\/logo\/image\/","url":"https:\/\/beebipood.ee\/wp-content\/uploads\/2025\/03\/beebipood.ee-logo-1.svg","contentUrl":"https:\/\/beebipood.ee\/wp-content\/uploads\/2025\/03\/beebipood.ee-logo-1.svg","caption":"Beebipood"},"image":{"@id":"https:\/\/beebipood.ee\/ru\/#\/schema\/logo\/image\/"}}]}},"brands":[],"_links":{"self":[{"href":"https:\/\/beebipood.ee\/ru\/wp-json\/wp\/v2\/product\/455874","targetHints":{"allow":["GET"]}}],"collection":[{"href":"https:\/\/beebipood.ee\/ru\/wp-json\/wp\/v2\/product"}],"about":[{"href":"https:\/\/beebipood.ee\/ru\/wp-json\/wp\/v2\/types\/product"}],"wp:featuredmedia":[{"embeddable":true,"href":"https:\/\/beebipood.ee\/ru\/wp-json\/wp\/v2\/media\/503284"}],"wp:attachment":[{"href":"https:\/\/beebipood.ee\/ru\/wp-json\/wp\/v2\/media?parent=455874"}],"wp:term":[{"taxonomy":"pwb-brand","embeddable":true,"href":"https:\/\/beebipood.ee\/ru\/wp-json\/wp\/v2\/pwb-brand?post=455874"},{"taxonomy":"product_brand","embeddable":true,"href":"https:\/\/beebipood.ee\/ru\/wp-json\/wp\/v2\/product_brand?post=455874"},{"taxonomy":"product_cat","embeddable":true,"href":"https:\/\/beebipood.ee\/ru\/wp-json\/wp\/v2\/product_cat?post=455874"},{"taxonomy":"product_tag","embeddable":true,"href":"https:\/\/beebipood.ee\/ru\/wp-json\/wp\/v2\/product_tag?post=455874"}],"curies":[{"name":"wp","href":"https:\/\/api.w.org\/{rel}","templated":true}]}}