{"id":455882,"date":"2014-10-16T14:53:06","date_gmt":"2014-10-16T11:53:06","guid":{"rendered":"https:\/\/beebipood.ee\/toode\/narivoodi-komplekt-rico-2m-80x190-valge\/"},"modified":"2025-04-01T08:16:20","modified_gmt":"2025-04-01T05:16:20","slug":"narivoodi-komplekt-rico-2m-80x190-valge","status":"publish","type":"product","link":"https:\/\/beebipood.ee\/ru\/produkt\/narivoodi-komplekt-rico-2m-80x190-valge\/","title":{"rendered":"Narivoodi komplekt Rico 2M 80&#215;190 valge"},"content":{"rendered":"<p><span>*\u00a0<\/span><span>RICO voodi on inimestele, kes hindavad funktsionaalsust, kaasaegset disaini, t\u00e4psust ning kvaliteeti<\/span><br \/><span>* voodi on valmistatud m\u00e4nnipuidust, MDF\u00b4st ja m\u00f6\u00f6bliplaadist<\/span><br \/><span>* voodiraami viimistlus on:\u00a0Valge<\/span><span><br \/><span>*\u00a0<\/span><\/span><span>iga voodi on v\u00e4rvitud kolm korda, mis\u00a0tagab v\u00e4rvi p\u00fcsivuse<\/span><br \/><span>* viimistlemisel on kasutatud lastele ohutuid v\u00e4rve, mis vastavad EN 71\/3\u00a0n\u00f5uetele<\/span><span><br \/><\/span><span>* v<\/span><span>oodi all on avar ja kergesti ligip\u00e4\u00e4setav ratastel voodisahtel<br \/><\/span>*\u00a0<span>voodikasti k\u00fcljed, mis on valmistatud m\u00f6\u00f6bliplaadist<\/span><br \/>*\u00a0nari on v\u00f5imalik muuta kaheks eraldi voodiks\u00a0<br \/>* redeli asukohta saab muuta: kas vasakule v\u00f5i paremale poole\u00a0<br \/>*\u00a0komplekti kuulub: nari, voodip\u00f5hjad,\u00a0kaks poroloonmadratsit m\u00f5\u00f5dus 80&#215;190 cm, turvapiirded,<br \/>\u00a0 ratastel voodisahtel<\/p>\n","protected":false},"excerpt":{"rendered":"<p>*\u00a0RICO voodi on inimestele, kes hindavad funktsionaalsust, kaasaegset disaini, t\u00e4psust ning kvaliteeti* voodi on valmistatud m\u00e4nnipuidust, MDF\u00b4st ja m\u00f6\u00f6bliplaadist* voodiraami viimistlus on:\u00a0Valge*\u00a0iga voodi on v\u00e4rvitud kolm korda, mis\u00a0tagab v\u00e4rvi p\u00fcsivuse* viimistlemisel on kasutatud lastele ohutuid v\u00e4rve, mis vastavad EN 71\/3\u00a0n\u00f5uetele* voodi all on avar ja kergesti ligip\u00e4\u00e4setav ratastel voodisahtel*\u00a0voodikasti k\u00fcljed, mis on valmistatud m\u00f6\u00f6bliplaadist*\u00a0nari on [&hellip;]<\/p>\n","protected":false},"featured_media":104852,"template":"","meta":{"_acf_changed":false},"pwb-brand":[],"product_brand":[],"product_cat":[11583,11557],"product_tag":[],"class_list":{"0":"post-455882","1":"product","2":"type-product","3":"status-publish","4":"has-post-thumbnail","6":"product_cat-narid-laiusega-90cm-ru","7":"product_cat-narid-ru","9":"first","10":"onbackorder","11":"sale","12":"taxable","13":"shipping-taxable","14":"purchasable","15":"product-type-simple"},"exclude_global_add_ons":false,"addons":[{"name":"Vali v\u00e4rv","type":"multiple_choice","position":0,"required":true,"title_format":"heading","default":"","description_enable":false,"description":"","placeholder_enable":false,"placeholder":"","display":"images","restrictions_type":"any_text","adjust_price":false,"price":"","price_type":"flat_fee","restrictions":false,"min":"0","max":"0","options":[{"label":"roheline","price":"","price_type":"quantity_based","image":501349,"visibility":true},{"label":"roosa","price":"","price_type":"quantity_based","image":501351,"visibility":true},{"label":"valge","price":"","price_type":"quantity_based","image":501353,"visibility":true},{"label":"grafiit","price":"","price_type":"quantity_based","image":501355,"visibility":true},{"label":"sinine","price":"","price_type":"quantity_based","image":501357,"visibility":true}]}],"acf":[],"yoast_head":"<!-- This site is optimized with the Yoast SEO plugin v27.3 - https:\/\/yoast.com\/product\/yoast-seo-wordpress\/ -->\n<title>Narivoodi komplekt Rico 2M 80x190 valge, \u041d\u0430\u0440\u044b, \u0421\u041a\u0418\u0414\u041a\u0418, \u041d\u0430\u0440\u044b \u0448\u0438\u0440\u0438\u043d\u043e\u0439 80c\u043c, Beebipood<\/title>\n<meta name=\"description\" content=\"Narivoodi komplekt Rico 2M 80x190 valge, *&nbsp;RICO voodi on inimestele, kes hindavad funktsionaalsust, kaasaegset disaini, t&auml;psust\" \/>\n<meta name=\"robots\" content=\"index, follow, max-snippet:-1, max-image-preview:large, max-video-preview:-1\" \/>\n<link rel=\"canonical\" href=\"https:\/\/beebipood.ee\/ru\/produkt\/narivoodi-komplekt-rico-2m-80x190-valge\/\" \/>\n<meta property=\"og:locale\" content=\"ru_RU\" \/>\n<meta property=\"og:type\" content=\"article\" \/>\n<meta property=\"og:title\" content=\"Narivoodi komplekt Rico 2M 80x190 valge, \u041d\u0430\u0440\u044b, \u0421\u041a\u0418\u0414\u041a\u0418, \u041d\u0430\u0440\u044b \u0448\u0438\u0440\u0438\u043d\u043e\u0439 80c\u043c, Beebipood\" \/>\n<meta property=\"og:description\" content=\"Narivoodi komplekt Rico 2M 80x190 valge, *&nbsp;RICO voodi on inimestele, kes hindavad funktsionaalsust, kaasaegset disaini, t&auml;psust\" \/>\n<meta property=\"og:url\" content=\"https:\/\/beebipood.ee\/ru\/produkt\/narivoodi-komplekt-rico-2m-80x190-valge\/\" \/>\n<meta property=\"og:site_name\" content=\"Beebipood\" \/>\n<meta property=\"article:modified_time\" content=\"2025-04-01T05:16:20+00:00\" \/>\n<meta property=\"og:image\" content=\"https:\/\/beebipood.ee\/wp-content\/uploads\/2014\/10\/Narivoodi-komplekt-Rico-2M-80x190-valge-Narid-SOODUSPAKKUMISED-UUED-TOOTED-Narid-laiusega-80cm_3-e28.jpg\" \/>\n\t<meta property=\"og:image:width\" content=\"1200\" \/>\n\t<meta property=\"og:image:height\" content=\"799\" \/>\n\t<meta property=\"og:image:type\" content=\"image\/jpeg\" \/>\n<meta name=\"twitter:card\" content=\"summary_large_image\" \/>\n<meta name=\"twitter:label1\" content=\"\u041f\u0440\u0438\u043c\u0435\u0440\u043d\u043e\u0435 \u0432\u0440\u0435\u043c\u044f \u0434\u043b\u044f \u0447\u0442\u0435\u043d\u0438\u044f\" \/>\n\t<meta name=\"twitter:data1\" content=\"1 \u043c\u0438\u043d\u0443\u0442\u0430\" \/>\n<script type=\"application\/ld+json\" class=\"yoast-schema-graph\">{\"@context\":\"https:\\\/\\\/schema.org\",\"@graph\":[{\"@type\":\"WebPage\",\"@id\":\"https:\\\/\\\/beebipood.ee\\\/ru\\\/produkt\\\/narivoodi-komplekt-rico-2m-80x190-valge\\\/\",\"url\":\"https:\\\/\\\/beebipood.ee\\\/ru\\\/produkt\\\/narivoodi-komplekt-rico-2m-80x190-valge\\\/\",\"name\":\"Narivoodi komplekt Rico 2M 80x190 valge, \u041d\u0430\u0440\u044b, \u0421\u041a\u0418\u0414\u041a\u0418, \u041d\u0430\u0440\u044b \u0448\u0438\u0440\u0438\u043d\u043e\u0439 80c\u043c, Beebipood\",\"isPartOf\":{\"@id\":\"https:\\\/\\\/beebipood.ee\\\/ru\\\/#website\"},\"primaryImageOfPage\":{\"@id\":\"https:\\\/\\\/beebipood.ee\\\/ru\\\/produkt\\\/narivoodi-komplekt-rico-2m-80x190-valge\\\/#primaryimage\"},\"image\":{\"@id\":\"https:\\\/\\\/beebipood.ee\\\/ru\\\/produkt\\\/narivoodi-komplekt-rico-2m-80x190-valge\\\/#primaryimage\"},\"thumbnailUrl\":\"https:\\\/\\\/beebipood.ee\\\/wp-content\\\/uploads\\\/2014\\\/10\\\/Narivoodi-komplekt-Rico-2M-80x190-valge-Narid-SOODUSPAKKUMISED-UUED-TOOTED-Narid-laiusega-80cm_3-e28.jpg\",\"datePublished\":\"2014-10-16T11:53:06+00:00\",\"dateModified\":\"2025-04-01T05:16:20+00:00\",\"description\":\"Narivoodi komplekt Rico 2M 80x190 valge, *&nbsp;RICO voodi on inimestele, kes hindavad funktsionaalsust, kaasaegset disaini, t&auml;psust\",\"breadcrumb\":{\"@id\":\"https:\\\/\\\/beebipood.ee\\\/ru\\\/produkt\\\/narivoodi-komplekt-rico-2m-80x190-valge\\\/#breadcrumb\"},\"inLanguage\":\"ru-RU\",\"potentialAction\":[{\"@type\":\"ReadAction\",\"target\":[\"https:\\\/\\\/beebipood.ee\\\/ru\\\/produkt\\\/narivoodi-komplekt-rico-2m-80x190-valge\\\/\"]}]},{\"@type\":\"ImageObject\",\"inLanguage\":\"ru-RU\",\"@id\":\"https:\\\/\\\/beebipood.ee\\\/ru\\\/produkt\\\/narivoodi-komplekt-rico-2m-80x190-valge\\\/#primaryimage\",\"url\":\"https:\\\/\\\/beebipood.ee\\\/wp-content\\\/uploads\\\/2014\\\/10\\\/Narivoodi-komplekt-Rico-2M-80x190-valge-Narid-SOODUSPAKKUMISED-UUED-TOOTED-Narid-laiusega-80cm_3-e28.jpg\",\"contentUrl\":\"https:\\\/\\\/beebipood.ee\\\/wp-content\\\/uploads\\\/2014\\\/10\\\/Narivoodi-komplekt-Rico-2M-80x190-valge-Narid-SOODUSPAKKUMISED-UUED-TOOTED-Narid-laiusega-80cm_3-e28.jpg\",\"width\":1200,\"height\":799},{\"@type\":\"BreadcrumbList\",\"@id\":\"https:\\\/\\\/beebipood.ee\\\/ru\\\/produkt\\\/narivoodi-komplekt-rico-2m-80x190-valge\\\/#breadcrumb\",\"itemListElement\":[{\"@type\":\"ListItem\",\"position\":1,\"name\":\"Home\",\"item\":\"https:\\\/\\\/beebipood.ee\\\/ru\\\/\"},{\"@type\":\"ListItem\",\"position\":2,\"name\":\"\u041a\u0430\u0442\u0430\u043b\u043e\u0433 \u0442\u043e\u0432\u0430\u0440\u043e\u0432\",\"item\":\"https:\\\/\\\/beebipood.ee\\\/tooted\\\/\"},{\"@type\":\"ListItem\",\"position\":3,\"name\":\"Narivoodi komplekt Rico 2M 80&#215;190 valge\"}]},{\"@type\":\"WebSite\",\"@id\":\"https:\\\/\\\/beebipood.ee\\\/ru\\\/#website\",\"url\":\"https:\\\/\\\/beebipood.ee\\\/ru\\\/\",\"name\":\"Beebipood\",\"description\":\"Lastekaubad, beebikaubad, m\u00e4nguasjad\",\"publisher\":{\"@id\":\"https:\\\/\\\/beebipood.ee\\\/ru\\\/#organization\"},\"potentialAction\":[{\"@type\":\"SearchAction\",\"target\":{\"@type\":\"EntryPoint\",\"urlTemplate\":\"https:\\\/\\\/beebipood.ee\\\/ru\\\/?s={search_term_string}\"},\"query-input\":{\"@type\":\"PropertyValueSpecification\",\"valueRequired\":true,\"valueName\":\"search_term_string\"}}],\"inLanguage\":\"ru-RU\"},{\"@type\":\"Organization\",\"@id\":\"https:\\\/\\\/beebipood.ee\\\/ru\\\/#organization\",\"name\":\"Beebipood\",\"url\":\"https:\\\/\\\/beebipood.ee\\\/ru\\\/\",\"logo\":{\"@type\":\"ImageObject\",\"inLanguage\":\"ru-RU\",\"@id\":\"https:\\\/\\\/beebipood.ee\\\/ru\\\/#\\\/schema\\\/logo\\\/image\\\/\",\"url\":\"https:\\\/\\\/beebipood.ee\\\/wp-content\\\/uploads\\\/2025\\\/03\\\/beebipood.ee-logo-1.svg\",\"contentUrl\":\"https:\\\/\\\/beebipood.ee\\\/wp-content\\\/uploads\\\/2025\\\/03\\\/beebipood.ee-logo-1.svg\",\"caption\":\"Beebipood\"},\"image\":{\"@id\":\"https:\\\/\\\/beebipood.ee\\\/ru\\\/#\\\/schema\\\/logo\\\/image\\\/\"}}]}<\/script>\n<!-- \/ Yoast SEO plugin. -->","yoast_head_json":{"title":"Narivoodi komplekt Rico 2M 80x190 valge, \u041d\u0430\u0440\u044b, \u0421\u041a\u0418\u0414\u041a\u0418, \u041d\u0430\u0440\u044b \u0448\u0438\u0440\u0438\u043d\u043e\u0439 80c\u043c, Beebipood","description":"Narivoodi komplekt Rico 2M 80x190 valge, *&nbsp;RICO voodi on inimestele, kes hindavad funktsionaalsust, kaasaegset disaini, t&auml;psust","robots":{"index":"index","follow":"follow","max-snippet":"max-snippet:-1","max-image-preview":"max-image-preview:large","max-video-preview":"max-video-preview:-1"},"canonical":"https:\/\/beebipood.ee\/ru\/produkt\/narivoodi-komplekt-rico-2m-80x190-valge\/","og_locale":"ru_RU","og_type":"article","og_title":"Narivoodi komplekt Rico 2M 80x190 valge, \u041d\u0430\u0440\u044b, \u0421\u041a\u0418\u0414\u041a\u0418, \u041d\u0430\u0440\u044b \u0448\u0438\u0440\u0438\u043d\u043e\u0439 80c\u043c, Beebipood","og_description":"Narivoodi komplekt Rico 2M 80x190 valge, *&nbsp;RICO voodi on inimestele, kes hindavad funktsionaalsust, kaasaegset disaini, t&auml;psust","og_url":"https:\/\/beebipood.ee\/ru\/produkt\/narivoodi-komplekt-rico-2m-80x190-valge\/","og_site_name":"Beebipood","article_modified_time":"2025-04-01T05:16:20+00:00","og_image":[{"width":1200,"height":799,"url":"https:\/\/beebipood.ee\/wp-content\/uploads\/2014\/10\/Narivoodi-komplekt-Rico-2M-80x190-valge-Narid-SOODUSPAKKUMISED-UUED-TOOTED-Narid-laiusega-80cm_3-e28.jpg","type":"image\/jpeg"}],"twitter_card":"summary_large_image","twitter_misc":{"\u041f\u0440\u0438\u043c\u0435\u0440\u043d\u043e\u0435 \u0432\u0440\u0435\u043c\u044f \u0434\u043b\u044f \u0447\u0442\u0435\u043d\u0438\u044f":"1 \u043c\u0438\u043d\u0443\u0442\u0430"},"schema":{"@context":"https:\/\/schema.org","@graph":[{"@type":"WebPage","@id":"https:\/\/beebipood.ee\/ru\/produkt\/narivoodi-komplekt-rico-2m-80x190-valge\/","url":"https:\/\/beebipood.ee\/ru\/produkt\/narivoodi-komplekt-rico-2m-80x190-valge\/","name":"Narivoodi komplekt Rico 2M 80x190 valge, \u041d\u0430\u0440\u044b, \u0421\u041a\u0418\u0414\u041a\u0418, \u041d\u0430\u0440\u044b \u0448\u0438\u0440\u0438\u043d\u043e\u0439 80c\u043c, Beebipood","isPartOf":{"@id":"https:\/\/beebipood.ee\/ru\/#website"},"primaryImageOfPage":{"@id":"https:\/\/beebipood.ee\/ru\/produkt\/narivoodi-komplekt-rico-2m-80x190-valge\/#primaryimage"},"image":{"@id":"https:\/\/beebipood.ee\/ru\/produkt\/narivoodi-komplekt-rico-2m-80x190-valge\/#primaryimage"},"thumbnailUrl":"https:\/\/beebipood.ee\/wp-content\/uploads\/2014\/10\/Narivoodi-komplekt-Rico-2M-80x190-valge-Narid-SOODUSPAKKUMISED-UUED-TOOTED-Narid-laiusega-80cm_3-e28.jpg","datePublished":"2014-10-16T11:53:06+00:00","dateModified":"2025-04-01T05:16:20+00:00","description":"Narivoodi komplekt Rico 2M 80x190 valge, *&nbsp;RICO voodi on inimestele, kes hindavad funktsionaalsust, kaasaegset disaini, t&auml;psust","breadcrumb":{"@id":"https:\/\/beebipood.ee\/ru\/produkt\/narivoodi-komplekt-rico-2m-80x190-valge\/#breadcrumb"},"inLanguage":"ru-RU","potentialAction":[{"@type":"ReadAction","target":["https:\/\/beebipood.ee\/ru\/produkt\/narivoodi-komplekt-rico-2m-80x190-valge\/"]}]},{"@type":"ImageObject","inLanguage":"ru-RU","@id":"https:\/\/beebipood.ee\/ru\/produkt\/narivoodi-komplekt-rico-2m-80x190-valge\/#primaryimage","url":"https:\/\/beebipood.ee\/wp-content\/uploads\/2014\/10\/Narivoodi-komplekt-Rico-2M-80x190-valge-Narid-SOODUSPAKKUMISED-UUED-TOOTED-Narid-laiusega-80cm_3-e28.jpg","contentUrl":"https:\/\/beebipood.ee\/wp-content\/uploads\/2014\/10\/Narivoodi-komplekt-Rico-2M-80x190-valge-Narid-SOODUSPAKKUMISED-UUED-TOOTED-Narid-laiusega-80cm_3-e28.jpg","width":1200,"height":799},{"@type":"BreadcrumbList","@id":"https:\/\/beebipood.ee\/ru\/produkt\/narivoodi-komplekt-rico-2m-80x190-valge\/#breadcrumb","itemListElement":[{"@type":"ListItem","position":1,"name":"Home","item":"https:\/\/beebipood.ee\/ru\/"},{"@type":"ListItem","position":2,"name":"\u041a\u0430\u0442\u0430\u043b\u043e\u0433 \u0442\u043e\u0432\u0430\u0440\u043e\u0432","item":"https:\/\/beebipood.ee\/tooted\/"},{"@type":"ListItem","position":3,"name":"Narivoodi komplekt Rico 2M 80&#215;190 valge"}]},{"@type":"WebSite","@id":"https:\/\/beebipood.ee\/ru\/#website","url":"https:\/\/beebipood.ee\/ru\/","name":"Beebipood","description":"Lastekaubad, beebikaubad, m\u00e4nguasjad","publisher":{"@id":"https:\/\/beebipood.ee\/ru\/#organization"},"potentialAction":[{"@type":"SearchAction","target":{"@type":"EntryPoint","urlTemplate":"https:\/\/beebipood.ee\/ru\/?s={search_term_string}"},"query-input":{"@type":"PropertyValueSpecification","valueRequired":true,"valueName":"search_term_string"}}],"inLanguage":"ru-RU"},{"@type":"Organization","@id":"https:\/\/beebipood.ee\/ru\/#organization","name":"Beebipood","url":"https:\/\/beebipood.ee\/ru\/","logo":{"@type":"ImageObject","inLanguage":"ru-RU","@id":"https:\/\/beebipood.ee\/ru\/#\/schema\/logo\/image\/","url":"https:\/\/beebipood.ee\/wp-content\/uploads\/2025\/03\/beebipood.ee-logo-1.svg","contentUrl":"https:\/\/beebipood.ee\/wp-content\/uploads\/2025\/03\/beebipood.ee-logo-1.svg","caption":"Beebipood"},"image":{"@id":"https:\/\/beebipood.ee\/ru\/#\/schema\/logo\/image\/"}}]}},"brands":[],"_links":{"self":[{"href":"https:\/\/beebipood.ee\/ru\/wp-json\/wp\/v2\/product\/455882","targetHints":{"allow":["GET"]}}],"collection":[{"href":"https:\/\/beebipood.ee\/ru\/wp-json\/wp\/v2\/product"}],"about":[{"href":"https:\/\/beebipood.ee\/ru\/wp-json\/wp\/v2\/types\/product"}],"wp:featuredmedia":[{"embeddable":true,"href":"https:\/\/beebipood.ee\/ru\/wp-json\/wp\/v2\/media\/104852"}],"wp:attachment":[{"href":"https:\/\/beebipood.ee\/ru\/wp-json\/wp\/v2\/media?parent=455882"}],"wp:term":[{"taxonomy":"pwb-brand","embeddable":true,"href":"https:\/\/beebipood.ee\/ru\/wp-json\/wp\/v2\/pwb-brand?post=455882"},{"taxonomy":"product_brand","embeddable":true,"href":"https:\/\/beebipood.ee\/ru\/wp-json\/wp\/v2\/product_brand?post=455882"},{"taxonomy":"product_cat","embeddable":true,"href":"https:\/\/beebipood.ee\/ru\/wp-json\/wp\/v2\/product_cat?post=455882"},{"taxonomy":"product_tag","embeddable":true,"href":"https:\/\/beebipood.ee\/ru\/wp-json\/wp\/v2\/product_tag?post=455882"}],"curies":[{"name":"wp","href":"https:\/\/api.w.org\/{rel}","templated":true}]}}