{"id":455910,"date":"2025-09-19T07:24:57","date_gmt":"2025-09-19T04:24:57","guid":{"rendered":"https:\/\/beebipood.ee\/toode\/muuvo-quick-4-0-jalutuskaru-azure-blue\/"},"modified":"2025-09-19T10:53:51","modified_gmt":"2025-09-19T07:53:51","slug":"muuvo-five-jalutuskaru-2in1-classic-black","status":"publish","type":"product","link":"https:\/\/beebipood.ee\/ru\/produkt\/muuvo-five-jalutuskaru-2in1-classic-black\/","title":{"rendered":"Muuvo Five jalutusk\u00e4ru 2in1, Classic Black"},"content":{"rendered":"<p><em><strong>Muuvo Five<\/strong> <\/em>on MUUVO perekonna uus mudel.<br \/>\nFive v\u00f5imaldab mugavat liikumist nii linnad\u017eunglis kui ka metsaradadel.<br \/>\nMuuvo Five on n\u00f5udlikele vanematele, kes hindavad kvaliteeti ja usaldusv\u00e4\u00e4rsust<br \/>\nLisaks kaasaegseid trende j\u00e4rgivale disainile pakub Five mitmeid lahendusi,<br \/>\nmis on mugavad nii lapsele kui vanemale.<\/p>\n<p>Muuvo Five jalutusk\u00e4ru k\u00e4ib kokku lihtsalt ja v\u00e4ga kompaktseks<br \/>\nStabiilse konstruktsiooniga alumiiniumist raam<br \/>\nFive jalutusk\u00e4ru on \u00fche k\u00e4ega kokkuklapitav<br \/>\nFive on istmega koos kokkuklapitav m\u00f5lemat pidi<br \/>\n\u00d6ko-nahaga kaetud k\u00e4epid, mis on maitsekalt kujundatud \u00f5mblustega<br \/>\nReguleeritava k\u00f5rgusega l\u00fckkesang (teleskoop 90 \u2013 110 cm)<br \/>\nMuuvo Five istumisosa on asetatav m\u00f5lemasse s\u00f5idusuunda<br \/>\nPolsterdatud 5-punkti turvarihmad<br \/>\n5-punkti turvarihmad on magnetlukuga, mis muudab nende kinnitamise lihtsaks ja mugavaks<br \/>\nUudne Up To You s\u00fcsteem t\u00e4nu millele kasvab jalutusk\u00e4ru koos lapsega<br \/>\nning v\u00f5imaldab j\u00e4rk-j\u00e4rgult reguleerida kaarvarju, rihmade ja seljatoe k\u00f5rgust.<br \/>\nMuuvo Five on varustatud perforatsiooni s\u00fcsteemiga<br \/>\nning istumisosa on rikastatud seljatoe kangasse paigutatud t\u00e4iendavate tuulutuselementidega.<br \/>\nAllalastav seljatugi (3 asendit)<br \/>\nSeljatuge on v\u00f5imalik alla lasta, moodustades horisontaalse tasapinna<br \/>\nLai iste<br \/>\nMuuvo Five k\u00e4ru on lisavarustuses on <strong>m\u00e4luvahust beebisisu<\/strong>,<br \/>\nmis kohandub lapse kehaga, hoides teda kindlalt<br \/>\nja pakkudes pehmet ning stabiilset tuge.<br \/>\nSee tagab, et teie pisike istub mugavalt isegi pikemate jalutusk\u00e4ikude ajal<br \/>\nIstumisosa <strong>adapterid on raami sisse ehitatud<\/strong>.<br \/>\n\u00dche liigutusega saate istumisosa k\u00f5rgust kolme asendisse reguleerida<br \/>\ntagades teie pisikesele ideaalsed magamis- ja isumistingimused.<br \/>\nEemaldatav turvakaar (turvakaar on jalutusk\u00e4ruga komlektis)<br \/>\nM\u00f5lemale poole avanev turvakaar<br \/>\nReguleeritav jalgade tugi ei j\u00e4ta magava lapse jalgu rippuma \u2013 lapsel on mugavam magada<br \/>\nLibisemiskindla pinnaga jalatugi<br \/>\nJalgatoe alumine osa kaetud nahaga, et kangas ei m\u00e4\u00e4rduks<br \/>\nT\u00e4ielikult etteulatuv kaarvari<br \/>\nJuba niigi s\u00fcgavat \u201eExpanda\u201c kaarvarju v\u00f5ib vajadusel veelgi<br \/>\npikendada \u00fche sektsiooni v\u00f5rra t\u00f5mbeluku avamisel<br \/>\nJalaga seisupidur<br \/>\n<strong>BASF-i Infinergy\u00ae<\/strong> rehvid tagavad sujuva s\u00f5idu igal maastikul.<br \/>\nRehvid ei vaja pumpamist, on torkekindlad<br \/>\nning pakuvad suurep\u00e4rast l\u00f6\u00f6kide neeldamist ja haarduvust.<br \/>\nja muudavad iga jalutusk\u00e4igu, isegi ebatasasel pinnal mugavaks.<br \/>\nRataste suurus: ees 20,3cm ja taga 29,3cm<br \/>\nK\u00f5igil neljal rattal on vedrustus<br \/>\nEsimesed rattad fikseeritavad<br \/>\nK\u00f5ik kiireemaldatavad rattad<br \/>\nMahkukas kinnine magnetilise sulguriga kaubakorv, mis kannab kuni 10 kg raskust<br \/>\nKasutatud on premium kangast, mis on vastupidav, vetth\u00fclgav ja UV kindel (UV 50)<br \/>\nUuenenud premium kangal on ka mustust h\u00fclgav omadus<br \/>\n<strong>Komplektis on:<\/strong><br \/>\nBeebisisu<br \/>\nRiidest soe jalgakott (footmuff)<br \/>\nVihmakile<br \/>\nS\u00e4\u00e4sev\u00f5rk<br \/>\nStiilne beebitarvikute kott<br \/>\nSpetsifikatsioonid:<br \/>\nAvatuna: Pikkus 101cm, Laius 58cm, k\u00f5rgus 105cm<br \/>\nKokkuklapituna: Pikkus 65cm, Laius 57cm, k\u00f5rgus 29cm<br \/>\nKaal koos ratastega ja istumisosaga : 12,20kg<br \/>\nVanuser\u00fchmast alates: 0+<br \/>\nKandev\u00f5ime: 22 kg + 10 kg (kaubakorv)<br \/>\n<em><strong>Muuvo Five vankrikorv.<\/strong><\/em><br \/>\nFive vankrikorv on kerge kaaluga (3,85 kg).<br \/>\nKorvis on piisavalt ruumi beebile magamiseks (laius 33cm pikkus 77cm).<br \/>\nVankrikorvi on mugav \u00fche k\u00e4ega t\u00f5sta.<br \/>\nKasutamiseks alates s\u00fcnnist kuni vanuseni ca. 6-7 kuud.<br \/>\nJuba niigi s\u00fcgavat kaarvarju v\u00f5ib vajadusel veelgi<br \/>\npikendada \u00fche sektsiooni v\u00f5rra t\u00f5mbeluku avamisel.<br \/>\nPuuvillase kangaga polsterdatud vankrikorvi sisemus.<br \/>\nMemory Buttons s\u00fcsteemiga avatavad adapterid,<br \/>\nmis tagavad igap\u00e4evase kasutamise mugavuse<br \/>\nt\u00e4nu millele saab vankrikorv \u00fche k\u00e4ega lahti \u00fchendada.<br \/>\nVankrikorv adapterid on raami sisse ehitatud.<br \/>\n\u00dche liigutusega saate <strong>vankrikorv k\u00f5rgust kolme<\/strong> asendisse reguleerida<br \/>\ntagades teie pisikesele ideaalsed magamistingimused.<br \/>\nVankrikorvi p\u00f5hi on tugevdatud EPP-vahuga, mis isoleerib k\u00fclma.<br \/>\n3D Airflow s\u00fcsteem ja kolme ventilatsioonipaneeli pakuvad \u00fchtlast \u00f5huvoolu<br \/>\nja kaitset kuumadel p\u00e4evadel.<br \/>\nKasutatud on premium kangast, mis on vastupidav, vetth\u00fclgav ja UV kindel (UV 50).<br \/>\nPremium kangal on ka mustust h\u00fclgav omadus.<br \/>\n\u2018Kandesang<br \/>\n\u2018Kaarvari \u00f5hutusavaga<br \/>\n\u20183D Airflow \u00f5hutuss\u00fcsteem<br \/>\n\u2018Pehme vooder ja m\u00e4luvaht madrats<br \/>\n\u2018Kokkupandav transpordiks<br \/>\n\u2018Jalgadekate<br \/>\n<strong>\u2018P\u00e4ikesevari<\/strong><br \/>\n\u2018S\u00e4\u00e4sev\u00f5rk<br \/>\nSpetsifikatsioonid:<br \/>\nVankrikorvi m\u00f5\u00f5dud: Pikkus 82cm (seest 76cm), Laius 42cm (seest 33cm)<br \/>\nVankrikorvi kaal: 3,85 kg<br \/>\nVanuser\u00fchma alates: 0+ kuni 9kg<\/p>\n","protected":false},"excerpt":{"rendered":"<p>Muuvo Five on MUUVO perekonna uus mudel. Five v\u00f5imaldab mugavat liikumist nii linnad\u017eunglis kui ka metsaradadel. Muuvo Five on n\u00f5udlikele vanematele, kes hindavad kvaliteeti ja usaldusv\u00e4\u00e4rsust Lisaks kaasaegseid trende j\u00e4rgivale disainile pakub Five mitmeid lahendusi, mis on mugavad nii lapsele kui vanemale. Muuvo Five jalutusk\u00e4ru k\u00e4ib kokku lihtsalt ja v\u00e4ga kompaktseks Stabiilse konstruktsiooniga alumiiniumist raam [&hellip;]<\/p>\n","protected":false},"featured_media":506925,"template":"","meta":{"_acf_changed":false},"pwb-brand":[11964],"product_brand":[],"product_cat":[11572,11888,11720,11716],"product_tag":[],"class_list":{"0":"post-455910","1":"product","2":"type-product","3":"status-publish","4":"has-post-thumbnail","6":"pwb-brand-muuvo-ru","7":"product_cat-sooduspakkumised","8":"product_cat-muuvo","9":"product_cat-jalutuskarud","10":"product_cat-lastevankrid-ja-karud","11":"pa_manufacturer-muuvo-ru","13":"first","14":"onbackorder","15":"sale","16":"taxable","17":"shipping-taxable","18":"purchasable","19":"product-type-simple"},"exclude_global_add_ons":[],"addons":[],"acf":[],"yoast_head":"<!-- This site is optimized with the Yoast SEO plugin v27.1.1 - https:\/\/yoast.com\/product\/yoast-seo-wordpress\/ -->\n<title>Muuvo Quick 4.0 jalutusk\u00e4ru, Azure Blue, \u0421\u041a\u0418\u0414\u041a\u0418, \u041a\u043e\u043b\u044f\u0441\u043a\u0438, \u041f\u0440\u043e\u0433\u0443\u043b\u043e\u0447\u043d\u044b\u0435 \u043a\u043e\u043b\u044f\u0441\u043a\u0438, Muuvo Quick 4.0, Muuvo, Beebipood<\/title>\n<meta name=\"description\" content=\"Muuvo Quick 4.0 jalutusk\u00e4ru, Azure Blue, Muuvo QUICK 4.0 on MUUVO perekonna enimm\u00fc\u00fcdud k\u00e4ru uus mudel.Quick 4.0 v&amp;ot\" \/>\n<meta name=\"robots\" content=\"index, follow, max-snippet:-1, max-image-preview:large, max-video-preview:-1\" \/>\n<link rel=\"canonical\" href=\"https:\/\/beebipood.ee\/ru\/produkt\/muuvo-five-jalutuskaru-2in1-classic-black\/\" \/>\n<meta property=\"og:locale\" content=\"ru_RU\" \/>\n<meta property=\"og:type\" content=\"article\" \/>\n<meta property=\"og:title\" content=\"Muuvo Quick 4.0 jalutusk\u00e4ru, Azure Blue, \u0421\u041a\u0418\u0414\u041a\u0418, \u041a\u043e\u043b\u044f\u0441\u043a\u0438, \u041f\u0440\u043e\u0433\u0443\u043b\u043e\u0447\u043d\u044b\u0435 \u043a\u043e\u043b\u044f\u0441\u043a\u0438, Muuvo Quick 4.0, Muuvo, Beebipood\" \/>\n<meta property=\"og:description\" content=\"Muuvo Quick 4.0 jalutusk\u00e4ru, Azure Blue, Muuvo QUICK 4.0 on MUUVO perekonna enimm\u00fc\u00fcdud k\u00e4ru uus mudel.Quick 4.0 v&amp;ot\" \/>\n<meta property=\"og:url\" content=\"https:\/\/beebipood.ee\/ru\/produkt\/muuvo-five-jalutuskaru-2in1-classic-black\/\" \/>\n<meta property=\"og:site_name\" content=\"Beebipood\" \/>\n<meta property=\"article:modified_time\" content=\"2025-09-19T07:53:51+00:00\" \/>\n<meta property=\"og:image\" content=\"https:\/\/beebipood.ee\/wp-content\/uploads\/2014\/10\/muuvo-five-jalutuskaru-2in1-black1.jpg\" \/>\n\t<meta property=\"og:image:width\" content=\"1701\" \/>\n\t<meta property=\"og:image:height\" content=\"1323\" \/>\n\t<meta property=\"og:image:type\" content=\"image\/jpeg\" \/>\n<meta name=\"twitter:card\" content=\"summary_large_image\" \/>\n<meta name=\"twitter:label1\" content=\"\u041f\u0440\u0438\u043c\u0435\u0440\u043d\u043e\u0435 \u0432\u0440\u0435\u043c\u044f \u0434\u043b\u044f \u0447\u0442\u0435\u043d\u0438\u044f\" \/>\n\t<meta name=\"twitter:data1\" content=\"4 \u043c\u0438\u043d\u0443\u0442\u044b\" \/>\n<script type=\"application\/ld+json\" class=\"yoast-schema-graph\">{\"@context\":\"https:\/\/schema.org\",\"@graph\":[{\"@type\":\"WebPage\",\"@id\":\"https:\/\/beebipood.ee\/ru\/produkt\/muuvo-five-jalutuskaru-2in1-classic-black\/\",\"url\":\"https:\/\/beebipood.ee\/ru\/produkt\/muuvo-five-jalutuskaru-2in1-classic-black\/\",\"name\":\"Muuvo Quick 4.0 jalutusk\u00e4ru, Azure Blue, \u0421\u041a\u0418\u0414\u041a\u0418, \u041a\u043e\u043b\u044f\u0441\u043a\u0438, \u041f\u0440\u043e\u0433\u0443\u043b\u043e\u0447\u043d\u044b\u0435 \u043a\u043e\u043b\u044f\u0441\u043a\u0438, Muuvo Quick 4.0, Muuvo, Beebipood\",\"isPartOf\":{\"@id\":\"https:\/\/beebipood.ee\/ru\/#website\"},\"primaryImageOfPage\":{\"@id\":\"https:\/\/beebipood.ee\/ru\/produkt\/muuvo-five-jalutuskaru-2in1-classic-black\/#primaryimage\"},\"image\":{\"@id\":\"https:\/\/beebipood.ee\/ru\/produkt\/muuvo-five-jalutuskaru-2in1-classic-black\/#primaryimage\"},\"thumbnailUrl\":\"https:\/\/beebipood.ee\/wp-content\/uploads\/2014\/10\/muuvo-five-jalutuskaru-2in1-black1.jpg\",\"datePublished\":\"2025-09-19T04:24:57+00:00\",\"dateModified\":\"2025-09-19T07:53:51+00:00\",\"description\":\"Muuvo Quick 4.0 jalutusk\u00e4ru, Azure Blue, Muuvo QUICK 4.0 on MUUVO perekonna enimm\u00fc\u00fcdud k\u00e4ru uus mudel.Quick 4.0 v&ot\",\"breadcrumb\":{\"@id\":\"https:\/\/beebipood.ee\/ru\/produkt\/muuvo-five-jalutuskaru-2in1-classic-black\/#breadcrumb\"},\"inLanguage\":\"ru-RU\",\"potentialAction\":[{\"@type\":\"ReadAction\",\"target\":[\"https:\/\/beebipood.ee\/ru\/produkt\/muuvo-five-jalutuskaru-2in1-classic-black\/\"]}]},{\"@type\":\"ImageObject\",\"inLanguage\":\"ru-RU\",\"@id\":\"https:\/\/beebipood.ee\/ru\/produkt\/muuvo-five-jalutuskaru-2in1-classic-black\/#primaryimage\",\"url\":\"https:\/\/beebipood.ee\/wp-content\/uploads\/2014\/10\/muuvo-five-jalutuskaru-2in1-black1.jpg\",\"contentUrl\":\"https:\/\/beebipood.ee\/wp-content\/uploads\/2014\/10\/muuvo-five-jalutuskaru-2in1-black1.jpg\",\"width\":1701,\"height\":1323},{\"@type\":\"BreadcrumbList\",\"@id\":\"https:\/\/beebipood.ee\/ru\/produkt\/muuvo-five-jalutuskaru-2in1-classic-black\/#breadcrumb\",\"itemListElement\":[{\"@type\":\"ListItem\",\"position\":1,\"name\":\"Home\",\"item\":\"https:\/\/beebipood.ee\/ru\/\"},{\"@type\":\"ListItem\",\"position\":2,\"name\":\"\u041a\u0430\u0442\u0430\u043b\u043e\u0433 \u0442\u043e\u0432\u0430\u0440\u043e\u0432\",\"item\":\"https:\/\/beebipood.ee\/tooted\/\"},{\"@type\":\"ListItem\",\"position\":3,\"name\":\"Muuvo Five jalutusk\u00e4ru 2in1, Classic Black\"}]},{\"@type\":\"WebSite\",\"@id\":\"https:\/\/beebipood.ee\/ru\/#website\",\"url\":\"https:\/\/beebipood.ee\/ru\/\",\"name\":\"Beebipood\",\"description\":\"Lastekaubad, beebikaubad, m\u00e4nguasjad\",\"publisher\":{\"@id\":\"https:\/\/beebipood.ee\/ru\/#organization\"},\"potentialAction\":[{\"@type\":\"SearchAction\",\"target\":{\"@type\":\"EntryPoint\",\"urlTemplate\":\"https:\/\/beebipood.ee\/ru\/?s={search_term_string}\"},\"query-input\":{\"@type\":\"PropertyValueSpecification\",\"valueRequired\":true,\"valueName\":\"search_term_string\"}}],\"inLanguage\":\"ru-RU\"},{\"@type\":\"Organization\",\"@id\":\"https:\/\/beebipood.ee\/ru\/#organization\",\"name\":\"Beebipood\",\"url\":\"https:\/\/beebipood.ee\/ru\/\",\"logo\":{\"@type\":\"ImageObject\",\"inLanguage\":\"ru-RU\",\"@id\":\"https:\/\/beebipood.ee\/ru\/#\/schema\/logo\/image\/\",\"url\":\"https:\/\/beebipood.ee\/wp-content\/uploads\/2025\/03\/beebipood.ee-logo-1.svg\",\"contentUrl\":\"https:\/\/beebipood.ee\/wp-content\/uploads\/2025\/03\/beebipood.ee-logo-1.svg\",\"caption\":\"Beebipood\"},\"image\":{\"@id\":\"https:\/\/beebipood.ee\/ru\/#\/schema\/logo\/image\/\"}}]}<\/script>\n<!-- \/ Yoast SEO plugin. -->","yoast_head_json":{"title":"Muuvo Quick 4.0 jalutusk\u00e4ru, Azure Blue, \u0421\u041a\u0418\u0414\u041a\u0418, \u041a\u043e\u043b\u044f\u0441\u043a\u0438, \u041f\u0440\u043e\u0433\u0443\u043b\u043e\u0447\u043d\u044b\u0435 \u043a\u043e\u043b\u044f\u0441\u043a\u0438, Muuvo Quick 4.0, Muuvo, Beebipood","description":"Muuvo Quick 4.0 jalutusk\u00e4ru, Azure Blue, Muuvo QUICK 4.0 on MUUVO perekonna enimm\u00fc\u00fcdud k\u00e4ru uus mudel.Quick 4.0 v&ot","robots":{"index":"index","follow":"follow","max-snippet":"max-snippet:-1","max-image-preview":"max-image-preview:large","max-video-preview":"max-video-preview:-1"},"canonical":"https:\/\/beebipood.ee\/ru\/produkt\/muuvo-five-jalutuskaru-2in1-classic-black\/","og_locale":"ru_RU","og_type":"article","og_title":"Muuvo Quick 4.0 jalutusk\u00e4ru, Azure Blue, \u0421\u041a\u0418\u0414\u041a\u0418, \u041a\u043e\u043b\u044f\u0441\u043a\u0438, \u041f\u0440\u043e\u0433\u0443\u043b\u043e\u0447\u043d\u044b\u0435 \u043a\u043e\u043b\u044f\u0441\u043a\u0438, Muuvo Quick 4.0, Muuvo, Beebipood","og_description":"Muuvo Quick 4.0 jalutusk\u00e4ru, Azure Blue, Muuvo QUICK 4.0 on MUUVO perekonna enimm\u00fc\u00fcdud k\u00e4ru uus mudel.Quick 4.0 v&ot","og_url":"https:\/\/beebipood.ee\/ru\/produkt\/muuvo-five-jalutuskaru-2in1-classic-black\/","og_site_name":"Beebipood","article_modified_time":"2025-09-19T07:53:51+00:00","og_image":[{"width":1701,"height":1323,"url":"https:\/\/beebipood.ee\/wp-content\/uploads\/2014\/10\/muuvo-five-jalutuskaru-2in1-black1.jpg","type":"image\/jpeg"}],"twitter_card":"summary_large_image","twitter_misc":{"\u041f\u0440\u0438\u043c\u0435\u0440\u043d\u043e\u0435 \u0432\u0440\u0435\u043c\u044f \u0434\u043b\u044f \u0447\u0442\u0435\u043d\u0438\u044f":"4 \u043c\u0438\u043d\u0443\u0442\u044b"},"schema":{"@context":"https:\/\/schema.org","@graph":[{"@type":"WebPage","@id":"https:\/\/beebipood.ee\/ru\/produkt\/muuvo-five-jalutuskaru-2in1-classic-black\/","url":"https:\/\/beebipood.ee\/ru\/produkt\/muuvo-five-jalutuskaru-2in1-classic-black\/","name":"Muuvo Quick 4.0 jalutusk\u00e4ru, Azure Blue, \u0421\u041a\u0418\u0414\u041a\u0418, \u041a\u043e\u043b\u044f\u0441\u043a\u0438, \u041f\u0440\u043e\u0433\u0443\u043b\u043e\u0447\u043d\u044b\u0435 \u043a\u043e\u043b\u044f\u0441\u043a\u0438, Muuvo Quick 4.0, Muuvo, Beebipood","isPartOf":{"@id":"https:\/\/beebipood.ee\/ru\/#website"},"primaryImageOfPage":{"@id":"https:\/\/beebipood.ee\/ru\/produkt\/muuvo-five-jalutuskaru-2in1-classic-black\/#primaryimage"},"image":{"@id":"https:\/\/beebipood.ee\/ru\/produkt\/muuvo-five-jalutuskaru-2in1-classic-black\/#primaryimage"},"thumbnailUrl":"https:\/\/beebipood.ee\/wp-content\/uploads\/2014\/10\/muuvo-five-jalutuskaru-2in1-black1.jpg","datePublished":"2025-09-19T04:24:57+00:00","dateModified":"2025-09-19T07:53:51+00:00","description":"Muuvo Quick 4.0 jalutusk\u00e4ru, Azure Blue, Muuvo QUICK 4.0 on MUUVO perekonna enimm\u00fc\u00fcdud k\u00e4ru uus mudel.Quick 4.0 v&ot","breadcrumb":{"@id":"https:\/\/beebipood.ee\/ru\/produkt\/muuvo-five-jalutuskaru-2in1-classic-black\/#breadcrumb"},"inLanguage":"ru-RU","potentialAction":[{"@type":"ReadAction","target":["https:\/\/beebipood.ee\/ru\/produkt\/muuvo-five-jalutuskaru-2in1-classic-black\/"]}]},{"@type":"ImageObject","inLanguage":"ru-RU","@id":"https:\/\/beebipood.ee\/ru\/produkt\/muuvo-five-jalutuskaru-2in1-classic-black\/#primaryimage","url":"https:\/\/beebipood.ee\/wp-content\/uploads\/2014\/10\/muuvo-five-jalutuskaru-2in1-black1.jpg","contentUrl":"https:\/\/beebipood.ee\/wp-content\/uploads\/2014\/10\/muuvo-five-jalutuskaru-2in1-black1.jpg","width":1701,"height":1323},{"@type":"BreadcrumbList","@id":"https:\/\/beebipood.ee\/ru\/produkt\/muuvo-five-jalutuskaru-2in1-classic-black\/#breadcrumb","itemListElement":[{"@type":"ListItem","position":1,"name":"Home","item":"https:\/\/beebipood.ee\/ru\/"},{"@type":"ListItem","position":2,"name":"\u041a\u0430\u0442\u0430\u043b\u043e\u0433 \u0442\u043e\u0432\u0430\u0440\u043e\u0432","item":"https:\/\/beebipood.ee\/tooted\/"},{"@type":"ListItem","position":3,"name":"Muuvo Five jalutusk\u00e4ru 2in1, Classic Black"}]},{"@type":"WebSite","@id":"https:\/\/beebipood.ee\/ru\/#website","url":"https:\/\/beebipood.ee\/ru\/","name":"Beebipood","description":"Lastekaubad, beebikaubad, m\u00e4nguasjad","publisher":{"@id":"https:\/\/beebipood.ee\/ru\/#organization"},"potentialAction":[{"@type":"SearchAction","target":{"@type":"EntryPoint","urlTemplate":"https:\/\/beebipood.ee\/ru\/?s={search_term_string}"},"query-input":{"@type":"PropertyValueSpecification","valueRequired":true,"valueName":"search_term_string"}}],"inLanguage":"ru-RU"},{"@type":"Organization","@id":"https:\/\/beebipood.ee\/ru\/#organization","name":"Beebipood","url":"https:\/\/beebipood.ee\/ru\/","logo":{"@type":"ImageObject","inLanguage":"ru-RU","@id":"https:\/\/beebipood.ee\/ru\/#\/schema\/logo\/image\/","url":"https:\/\/beebipood.ee\/wp-content\/uploads\/2025\/03\/beebipood.ee-logo-1.svg","contentUrl":"https:\/\/beebipood.ee\/wp-content\/uploads\/2025\/03\/beebipood.ee-logo-1.svg","caption":"Beebipood"},"image":{"@id":"https:\/\/beebipood.ee\/ru\/#\/schema\/logo\/image\/"}}]}},"brands":[{"id":11964,"name":"Muuvo","slug":"muuvo-ru"}],"_links":{"self":[{"href":"https:\/\/beebipood.ee\/ru\/wp-json\/wp\/v2\/product\/455910","targetHints":{"allow":["GET"]}}],"collection":[{"href":"https:\/\/beebipood.ee\/ru\/wp-json\/wp\/v2\/product"}],"about":[{"href":"https:\/\/beebipood.ee\/ru\/wp-json\/wp\/v2\/types\/product"}],"wp:featuredmedia":[{"embeddable":true,"href":"https:\/\/beebipood.ee\/ru\/wp-json\/wp\/v2\/media\/506925"}],"wp:attachment":[{"href":"https:\/\/beebipood.ee\/ru\/wp-json\/wp\/v2\/media?parent=455910"}],"wp:term":[{"taxonomy":"pwb-brand","embeddable":true,"href":"https:\/\/beebipood.ee\/ru\/wp-json\/wp\/v2\/pwb-brand?post=455910"},{"taxonomy":"product_brand","embeddable":true,"href":"https:\/\/beebipood.ee\/ru\/wp-json\/wp\/v2\/product_brand?post=455910"},{"taxonomy":"product_cat","embeddable":true,"href":"https:\/\/beebipood.ee\/ru\/wp-json\/wp\/v2\/product_cat?post=455910"},{"taxonomy":"product_tag","embeddable":true,"href":"https:\/\/beebipood.ee\/ru\/wp-json\/wp\/v2\/product_tag?post=455910"}],"curies":[{"name":"wp","href":"https:\/\/api.w.org\/{rel}","templated":true}]}}