{"id":455916,"date":"2014-10-21T07:29:35","date_gmt":"2014-10-21T04:29:35","guid":{"rendered":"https:\/\/beebipood.ee\/toode\/muuvo-quick-se-2-jalutuskaru-2in1-chromium-black\/"},"modified":"2025-03-31T01:00:48","modified_gmt":"2025-03-30T22:00:48","slug":"muuvo-quick-se-2-jalutuskaru-2in1-chromium-black","status":"publish","type":"product","link":"https:\/\/beebipood.ee\/ru\/produkt\/muuvo-quick-se-2-jalutuskaru-2in1-chromium-black\/","title":{"rendered":"Muuvo Quick SE 2 jalutusk\u00e4ru 2in1, Chromium Black"},"content":{"rendered":"<p><span>Muuvo QUICK SE 2 avaldab muljet esimesest pilgust!<\/span><br \/><span>Quick SE 2 on MUUVO perekonna enimm\u00fc\u00fcdud k\u00e4ru eksklusiivseim mudel.<\/span><br \/><span>Dekoratiivsed aktsendid koos premium kangaga sobivad ideaalselt kolme uue v\u00e4rviga.<\/span><br \/><span>Lisaks kaasaegseid trende j\u00e4rgivale disainile pakub Quick SE 2 mitmeid lahendusi,<\/span><br \/><span>mis on mugavad nii lapsele kui vanemale.<\/span><\/p>\n<p><span>Muuvo QUICK SE 2 jalutusk\u00e4ru k\u00e4ib kokku lihtsalt ja v\u00e4ga kompaktseks<\/span><br \/><span>Stabiilse konstruktsiooniga alumiiniumist raam<\/span><br \/><span>Quick SE 2 jalutusk\u00e4ru on \u00fche k\u00e4ega kokkuklapitav<\/span><br \/><span>Quick SE 2 on istmega koos kokkuklapitav m\u00f5lemat pidi<\/span><br \/><span>\u00d6ko-nahaga kaetud k\u00e4epid, mis on maitsekalt kujundatud \u00f5mblustega<\/span><br \/><span>Reguleeritava k\u00f5rgusega l\u00fckkesang (teleskoop 90 &#8212; 110 cm)<\/span><br \/><span>Muuvo Quick SE 2 istumisosa on asetatav m\u00f5lemasse s\u00f5idusuunda<\/span><br \/><span>Polsterdatud 5-punkti turvarihmad<\/span><br \/><span>5-punkti turvarihmad on\u00a0<\/span><span style=\"color: #ff99cc;\">magnetlukuga<\/span><span>, mis muudab nende kinnitamise lihtsaks ja mugavaks<\/span><br \/><span>Uudne\u00a0<\/span><span style=\"color: #ff99cc;\">Up To You<\/span><span>\u00a0s\u00fcsteem t\u00e4nu millele kasvab jalutusk\u00e4ru koos lapsega<\/span><br \/><span>ning v\u00f5imaldab j\u00e4rk-j\u00e4rgult reguleerida kaarvarju, rihmade ja seljatoe k\u00f5rgust.<\/span><br \/><span>Muuvo Quick SE 2 on varustatud\u00a0<\/span><span style=\"color: #ff99cc;\">perforatsiooni<\/span><span><span style=\"color: #ff99cc;\">\u00a0<\/span>s\u00fcsteemiga<\/span><br \/><span>ning istumisosa on rikastatud seljatoe kangasse paigutatud t\u00e4iendavate\u00a0<\/span><span style=\"color: #ff99cc;\">tuulutuselementidega<\/span><span>.<\/span><br \/><span>Allalastav seljatugi (3 asendit)<\/span><br \/><span>Seljatuge on v\u00f5imalik alla lasta, moodustades horisontaalse tasapinna\u00a0100cm<\/span><br \/><span>Lai iste<\/span><br \/><span>Eemaldatav turvakaar (turvakaar on jalutusk\u00e4ruga komlektis)<\/span><br \/><span>M\u00f5lemale poole avanev turvakaar<\/span><br \/><span>Reguleeritav jalgade tugi ei j\u00e4ta magava lapse jalgu rippuma \u2013 lapsel on mugavam magada<\/span><br \/><span>Libisemiskindla pinnaga jalatugi<\/span><br \/><span>Jalgatoe alumine osa kaetud nahaga, et kangas ei m\u00e4\u00e4rduks<\/span><br \/><span>T\u00e4ielikult etteulatuv kaarvari<\/span><br \/><span>Juba niigi s\u00fcgavat \u201eExpanda\u201c kaarvarju v\u00f5ib vajadusel veelgi<\/span><br \/><span>pikendada \u00fche sektsiooni v\u00f5rra t\u00f5mbeluku avamisel<\/span><br \/><span>Jalaga seisupidur<\/span><br \/><span>Pehmed torkekindlad kummirattad, mis on t\u00e4idetud geeliga<\/span><br \/><span>Rataste suurus: ees 20,3cm ja taga 29,3cm<\/span><br \/><span>K\u00f5igil neljal rattal on vedrustus<\/span><br \/><span>Esimesed rattad fikseeritavad<\/span><br \/><span>K\u00f5ik kiireemaldatavad rattad<\/span><br \/><span>Mahkukas kinnine kaubakorv (avatav luku ja\u00a0<\/span><span style=\"color: #ff99cc;\">magnetiga<\/span><span>)<\/span><br \/><span>Kasutatud on premium kangast, mis on vastupidav, vetth\u00fclgav ja UV kindel (UV 50)<\/span><br \/><span>Uuenenud premium kangal on ka mustust h\u00fclgav omadus<\/span><br \/><span>Komplektis on:<\/span><br \/><span>Beebisisu<\/span><br \/><span>Riidest soe jalgakott (footmuff)<\/span><br \/><span>Vihmakile<\/span><br \/><span>S\u00e4\u00e4sev\u00f5rk<\/span><br \/><span>Stiilne ja\u00a0<\/span><span style=\"color: #ff99cc;\">moekas<\/span><span><span style=\"color: #ff99cc;\">\u00a0<\/span>beebitarvikute kott<\/span><br \/><span style=\"text-decoration: underline;\">Spetsifikatsioonid:<\/span><br \/><span>Avatuna: Pikkus 98cm, Laius 58cm, k\u00f5rgus 105cm<\/span><br \/><span>Kokkuklapituna: Pikkus 59cm, Laius 58cm, k\u00f5rgus 33cm<\/span><br \/><span>Sisemised m\u00f5\u00f5dud istmel: Istme laius 33cm, seljatoe k\u00f5rgus 51-59cm<\/span><br \/><span>Kaal koos ratastega ja istumisosaga : 10,65kg<\/span><br \/><span>Vanuser\u00fchmast alates: 0+<\/span><br \/><span>Kandev\u00f5ime: 22 kg<\/span><\/p>\n<p><span style=\"text-decoration: underline;\">Muuvo QUICK SE 2 vankrikorv XXL.<\/span><br \/><span>QUICK SE 2 vankrikorv on kerge kaaluga (4,5kg).<\/span><br \/><span>Alumiiniumist raam.<\/span><br \/><span>Korvis on piisavalt ruumi beebile magamiseks (laius 34cm pikkus 78cm).<\/span><br \/><span>Vankrikorvi on mugav \u00fche k\u00e4ega t\u00f5sta.<\/span><br \/><span>Kasutamiseks alates s\u00fcnnist kuni vanuseni ca. 6-7 kuud.<\/span><br \/><span>Juba niigi s\u00fcgavat kaarvarju v\u00f5ib vajadusel veelgi<\/span><br \/><span>pikendada \u00fche sektsiooni v\u00f5rra t\u00f5mbeluku avamisel.<\/span><br \/><span>Kaarvarju sisse on installitud\u00a0<\/span><span style=\"color: #ff99cc;\">s\u00e4\u00e4sev\u00f5rk<\/span><br \/><span>Kaarvarju k\u00fclge saab kinnitada ka\u00a0<\/span><span style=\"color: #ff99cc;\">p\u00e4ikesevarju<\/span><span><span style=\"color: #ff99cc;\">\u00a0<\/span>(komplektis).<\/span><br \/><span>Puuvillase kangaga polsterdatud vankrikorvi sisemus.<\/span><br \/><span style=\"color: #ff99cc;\">Memory Buttons<\/span><span>\u00a0s\u00fcsteemiga avatavad adapterid,<\/span><br \/><span>mis tagavad igap\u00e4evase kasutamise mugavuse<\/span><br \/><span>t\u00e4nu millele saab vankrikorv \u00fche k\u00e4ega lahti \u00fchendada.<\/span><br \/><span>Vankrikorvi k\u00f5gust k\u00e4ru raamil saab reguleerida<\/span><br \/><span>komplektis olevate on lisa\u00a0<\/span><span style=\"color: #ff99cc;\">adapteritega<\/span><span><span style=\"color: #ff99cc;\">\u00a0<\/span>(2 k\u00f5rgust).<\/span><br \/><span>Kasutatud on premium kangast, mis on vastupidav, vetth\u00fclgav ja UV kindel (UV 50).<\/span><br \/><span>Premium kangal on ka mustust h\u00fclgav omadus.<\/span><br \/><span>Kangal on kasutatud\u00a0<\/span><span style=\"color: #ff99cc;\">&#171;hot press lines&#187;<\/span><span>\u00a0tehnoloogiat (limiteeritud \u00f5mbluste arv).<\/span><br \/><span>&#8216;Kandesang<\/span><br \/><span>&#8216;Kaarvari \u00f5hutusavaga<\/span><br \/><span>&#8216;3D Airflow \u00f5hutuss\u00fcsteem<\/span><br \/><span>&#8216;Pehme vooder ja m\u00e4luvaht madrats<\/span><br \/><span>&#8216;Kokkupandav transpordiks<\/span><br \/><span>&#8216;Jalgadekate<\/span><br \/><span>&#8216;S\u00e4\u00e4sev\u00f5rk<\/span><br \/><span style=\"color: #ff99cc;\">&#8216;P\u00e4ikesevari<\/span><br \/><span style=\"text-decoration: underline;\">Spetsifikatsioonid:<\/span><br \/><span>Vankrikorvi m\u00f5\u00f5dud: Pikkus 86cm (seest 78cm), Laius 46cm (seest 34cm)<\/span><br \/><span>Vankrikorvi kaal: 4,5kg<\/span><br \/><span>Vanuser\u00fchma alates: 0+ kuni 9kg<\/span><\/p>\n","protected":false},"excerpt":{"rendered":"<p>Muuvo QUICK SE 2 avaldab muljet esimesest pilgust!Quick SE 2 on MUUVO perekonna enimm\u00fc\u00fcdud k\u00e4ru eksklusiivseim mudel.Dekoratiivsed aktsendid koos premium kangaga sobivad ideaalselt kolme uue v\u00e4rviga.Lisaks kaasaegseid trende j\u00e4rgivale disainile pakub Quick SE 2 mitmeid lahendusi,mis on mugavad nii lapsele kui vanemale. Muuvo QUICK SE 2 jalutusk\u00e4ru k\u00e4ib kokku lihtsalt ja v\u00e4ga kompaktseksStabiilse konstruktsiooniga alumiiniumist [&hellip;]<\/p>\n","protected":false},"featured_media":105009,"template":"","meta":{"_acf_changed":false},"pwb-brand":[11964],"product_brand":[],"product_cat":[11573,11923,11719,11721,11889,11717],"product_tag":[],"class_list":{"0":"post-455916","1":"product","2":"type-product","3":"status-publish","4":"has-post-thumbnail","6":"pwb-brand-muuvo-ru","7":"product_cat-sooduspakkumised-ru","8":"product_cat-muuvo-quick-se-ru","9":"product_cat-vankrid-ru","10":"product_cat-jalutuskarud-ru","11":"product_cat-muuvo-ru","12":"product_cat-lastevankrid-ja-karud-ru","13":"pa_manufacturer-muuvo-ru","15":"first","16":"onbackorder","17":"sale","18":"taxable","19":"shipping-taxable","20":"purchasable","21":"product-type-simple"},"exclude_global_add_ons":[],"addons":[],"acf":[],"yoast_head":"<!-- This site is optimized with the Yoast SEO plugin v27.1.1 - https:\/\/yoast.com\/product\/yoast-seo-wordpress\/ -->\n<title>Muuvo Quick SE 2 jalutusk\u00e4ru 2in1, Chromium Black, \u0421\u041a\u0418\u0414\u041a\u0418, \u041a\u043e\u043b\u044f\u0441\u043a\u0438, \u041f\u0440\u043e\u0433\u0443\u043b\u043e\u0447\u043d\u044b\u0435 \u043a\u043e\u043b\u044f\u0441\u043a\u0438, Muuvo, Muuvo Quick SE 2, Beebipood<\/title>\n<meta name=\"description\" content=\"Muuvo Quick SE 2 jalutusk\u00e4ru 2in1, Chromium Black, Muuvo QUICK SE 2 avaldab muljet esimesest pilgust!Quick SE 2 on MUUVO perekonna\" \/>\n<meta name=\"robots\" content=\"index, follow, max-snippet:-1, max-image-preview:large, max-video-preview:-1\" \/>\n<link rel=\"canonical\" href=\"https:\/\/beebipood.ee\/ru\/produkt\/muuvo-quick-se-2-jalutuskaru-2in1-chromium-black\/\" \/>\n<meta property=\"og:locale\" content=\"ru_RU\" \/>\n<meta property=\"og:type\" content=\"article\" \/>\n<meta property=\"og:title\" content=\"Muuvo Quick SE 2 jalutusk\u00e4ru 2in1, Chromium Black, \u0421\u041a\u0418\u0414\u041a\u0418, \u041a\u043e\u043b\u044f\u0441\u043a\u0438, \u041f\u0440\u043e\u0433\u0443\u043b\u043e\u0447\u043d\u044b\u0435 \u043a\u043e\u043b\u044f\u0441\u043a\u0438, Muuvo, Muuvo Quick SE 2, Beebipood\" \/>\n<meta property=\"og:description\" content=\"Muuvo Quick SE 2 jalutusk\u00e4ru 2in1, Chromium Black, Muuvo QUICK SE 2 avaldab muljet esimesest pilgust!Quick SE 2 on MUUVO perekonna\" \/>\n<meta property=\"og:url\" content=\"https:\/\/beebipood.ee\/ru\/produkt\/muuvo-quick-se-2-jalutuskaru-2in1-chromium-black\/\" \/>\n<meta property=\"og:site_name\" content=\"Beebipood\" \/>\n<meta property=\"article:modified_time\" content=\"2025-03-30T22:00:48+00:00\" \/>\n<meta property=\"og:image\" content=\"https:\/\/beebipood.ee\/wp-content\/uploads\/2014\/10\/Muuvo-Quick-SE-2-jalutuskaru-2in1-Chromium-Black-UUED-TOOTED-Lastevankrid-ja-karud-Vankrid-Jalutuskarud-Muuvo-Muuvo-Quick-SE-2_2-848.jpg\" \/>\n\t<meta property=\"og:image:width\" content=\"1417\" \/>\n\t<meta property=\"og:image:height\" content=\"1417\" \/>\n\t<meta property=\"og:image:type\" content=\"image\/jpeg\" \/>\n<meta name=\"twitter:card\" content=\"summary_large_image\" \/>\n<meta name=\"twitter:label1\" content=\"\u041f\u0440\u0438\u043c\u0435\u0440\u043d\u043e\u0435 \u0432\u0440\u0435\u043c\u044f \u0434\u043b\u044f \u0447\u0442\u0435\u043d\u0438\u044f\" \/>\n\t<meta name=\"twitter:data1\" content=\"3 \u043c\u0438\u043d\u0443\u0442\u044b\" \/>\n<script type=\"application\/ld+json\" class=\"yoast-schema-graph\">{\"@context\":\"https:\/\/schema.org\",\"@graph\":[{\"@type\":\"WebPage\",\"@id\":\"https:\/\/beebipood.ee\/ru\/produkt\/muuvo-quick-se-2-jalutuskaru-2in1-chromium-black\/\",\"url\":\"https:\/\/beebipood.ee\/ru\/produkt\/muuvo-quick-se-2-jalutuskaru-2in1-chromium-black\/\",\"name\":\"Muuvo Quick SE 2 jalutusk\u00e4ru 2in1, Chromium Black, \u0421\u041a\u0418\u0414\u041a\u0418, \u041a\u043e\u043b\u044f\u0441\u043a\u0438, \u041f\u0440\u043e\u0433\u0443\u043b\u043e\u0447\u043d\u044b\u0435 \u043a\u043e\u043b\u044f\u0441\u043a\u0438, Muuvo, Muuvo Quick SE 2, Beebipood\",\"isPartOf\":{\"@id\":\"https:\/\/beebipood.ee\/ru\/#website\"},\"primaryImageOfPage\":{\"@id\":\"https:\/\/beebipood.ee\/ru\/produkt\/muuvo-quick-se-2-jalutuskaru-2in1-chromium-black\/#primaryimage\"},\"image\":{\"@id\":\"https:\/\/beebipood.ee\/ru\/produkt\/muuvo-quick-se-2-jalutuskaru-2in1-chromium-black\/#primaryimage\"},\"thumbnailUrl\":\"https:\/\/beebipood.ee\/wp-content\/uploads\/2014\/10\/Muuvo-Quick-SE-2-jalutuskaru-2in1-Chromium-Black-UUED-TOOTED-Lastevankrid-ja-karud-Vankrid-Jalutuskarud-Muuvo-Muuvo-Quick-SE-2_2-848.jpg\",\"datePublished\":\"2014-10-21T04:29:35+00:00\",\"dateModified\":\"2025-03-30T22:00:48+00:00\",\"description\":\"Muuvo Quick SE 2 jalutusk\u00e4ru 2in1, Chromium Black, Muuvo QUICK SE 2 avaldab muljet esimesest pilgust!Quick SE 2 on MUUVO perekonna\",\"breadcrumb\":{\"@id\":\"https:\/\/beebipood.ee\/ru\/produkt\/muuvo-quick-se-2-jalutuskaru-2in1-chromium-black\/#breadcrumb\"},\"inLanguage\":\"ru-RU\",\"potentialAction\":[{\"@type\":\"ReadAction\",\"target\":[\"https:\/\/beebipood.ee\/ru\/produkt\/muuvo-quick-se-2-jalutuskaru-2in1-chromium-black\/\"]}]},{\"@type\":\"ImageObject\",\"inLanguage\":\"ru-RU\",\"@id\":\"https:\/\/beebipood.ee\/ru\/produkt\/muuvo-quick-se-2-jalutuskaru-2in1-chromium-black\/#primaryimage\",\"url\":\"https:\/\/beebipood.ee\/wp-content\/uploads\/2014\/10\/Muuvo-Quick-SE-2-jalutuskaru-2in1-Chromium-Black-UUED-TOOTED-Lastevankrid-ja-karud-Vankrid-Jalutuskarud-Muuvo-Muuvo-Quick-SE-2_2-848.jpg\",\"contentUrl\":\"https:\/\/beebipood.ee\/wp-content\/uploads\/2014\/10\/Muuvo-Quick-SE-2-jalutuskaru-2in1-Chromium-Black-UUED-TOOTED-Lastevankrid-ja-karud-Vankrid-Jalutuskarud-Muuvo-Muuvo-Quick-SE-2_2-848.jpg\",\"width\":1417,\"height\":1417},{\"@type\":\"BreadcrumbList\",\"@id\":\"https:\/\/beebipood.ee\/ru\/produkt\/muuvo-quick-se-2-jalutuskaru-2in1-chromium-black\/#breadcrumb\",\"itemListElement\":[{\"@type\":\"ListItem\",\"position\":1,\"name\":\"Home\",\"item\":\"https:\/\/beebipood.ee\/ru\/\"},{\"@type\":\"ListItem\",\"position\":2,\"name\":\"\u041a\u0430\u0442\u0430\u043b\u043e\u0433 \u0442\u043e\u0432\u0430\u0440\u043e\u0432\",\"item\":\"https:\/\/beebipood.ee\/tooted\/\"},{\"@type\":\"ListItem\",\"position\":3,\"name\":\"Muuvo Quick SE 2 jalutusk\u00e4ru 2in1, Chromium Black\"}]},{\"@type\":\"WebSite\",\"@id\":\"https:\/\/beebipood.ee\/ru\/#website\",\"url\":\"https:\/\/beebipood.ee\/ru\/\",\"name\":\"Beebipood\",\"description\":\"Lastekaubad, beebikaubad, m\u00e4nguasjad\",\"publisher\":{\"@id\":\"https:\/\/beebipood.ee\/ru\/#organization\"},\"potentialAction\":[{\"@type\":\"SearchAction\",\"target\":{\"@type\":\"EntryPoint\",\"urlTemplate\":\"https:\/\/beebipood.ee\/ru\/?s={search_term_string}\"},\"query-input\":{\"@type\":\"PropertyValueSpecification\",\"valueRequired\":true,\"valueName\":\"search_term_string\"}}],\"inLanguage\":\"ru-RU\"},{\"@type\":\"Organization\",\"@id\":\"https:\/\/beebipood.ee\/ru\/#organization\",\"name\":\"Beebipood\",\"url\":\"https:\/\/beebipood.ee\/ru\/\",\"logo\":{\"@type\":\"ImageObject\",\"inLanguage\":\"ru-RU\",\"@id\":\"https:\/\/beebipood.ee\/ru\/#\/schema\/logo\/image\/\",\"url\":\"https:\/\/beebipood.ee\/wp-content\/uploads\/2025\/03\/beebipood.ee-logo-1.svg\",\"contentUrl\":\"https:\/\/beebipood.ee\/wp-content\/uploads\/2025\/03\/beebipood.ee-logo-1.svg\",\"caption\":\"Beebipood\"},\"image\":{\"@id\":\"https:\/\/beebipood.ee\/ru\/#\/schema\/logo\/image\/\"}}]}<\/script>\n<!-- \/ Yoast SEO plugin. -->","yoast_head_json":{"title":"Muuvo Quick SE 2 jalutusk\u00e4ru 2in1, Chromium Black, \u0421\u041a\u0418\u0414\u041a\u0418, \u041a\u043e\u043b\u044f\u0441\u043a\u0438, \u041f\u0440\u043e\u0433\u0443\u043b\u043e\u0447\u043d\u044b\u0435 \u043a\u043e\u043b\u044f\u0441\u043a\u0438, Muuvo, Muuvo Quick SE 2, Beebipood","description":"Muuvo Quick SE 2 jalutusk\u00e4ru 2in1, Chromium Black, Muuvo QUICK SE 2 avaldab muljet esimesest pilgust!Quick SE 2 on MUUVO perekonna","robots":{"index":"index","follow":"follow","max-snippet":"max-snippet:-1","max-image-preview":"max-image-preview:large","max-video-preview":"max-video-preview:-1"},"canonical":"https:\/\/beebipood.ee\/ru\/produkt\/muuvo-quick-se-2-jalutuskaru-2in1-chromium-black\/","og_locale":"ru_RU","og_type":"article","og_title":"Muuvo Quick SE 2 jalutusk\u00e4ru 2in1, Chromium Black, \u0421\u041a\u0418\u0414\u041a\u0418, \u041a\u043e\u043b\u044f\u0441\u043a\u0438, \u041f\u0440\u043e\u0433\u0443\u043b\u043e\u0447\u043d\u044b\u0435 \u043a\u043e\u043b\u044f\u0441\u043a\u0438, Muuvo, Muuvo Quick SE 2, Beebipood","og_description":"Muuvo Quick SE 2 jalutusk\u00e4ru 2in1, Chromium Black, Muuvo QUICK SE 2 avaldab muljet esimesest pilgust!Quick SE 2 on MUUVO perekonna","og_url":"https:\/\/beebipood.ee\/ru\/produkt\/muuvo-quick-se-2-jalutuskaru-2in1-chromium-black\/","og_site_name":"Beebipood","article_modified_time":"2025-03-30T22:00:48+00:00","og_image":[{"width":1417,"height":1417,"url":"https:\/\/beebipood.ee\/wp-content\/uploads\/2014\/10\/Muuvo-Quick-SE-2-jalutuskaru-2in1-Chromium-Black-UUED-TOOTED-Lastevankrid-ja-karud-Vankrid-Jalutuskarud-Muuvo-Muuvo-Quick-SE-2_2-848.jpg","type":"image\/jpeg"}],"twitter_card":"summary_large_image","twitter_misc":{"\u041f\u0440\u0438\u043c\u0435\u0440\u043d\u043e\u0435 \u0432\u0440\u0435\u043c\u044f \u0434\u043b\u044f \u0447\u0442\u0435\u043d\u0438\u044f":"3 \u043c\u0438\u043d\u0443\u0442\u044b"},"schema":{"@context":"https:\/\/schema.org","@graph":[{"@type":"WebPage","@id":"https:\/\/beebipood.ee\/ru\/produkt\/muuvo-quick-se-2-jalutuskaru-2in1-chromium-black\/","url":"https:\/\/beebipood.ee\/ru\/produkt\/muuvo-quick-se-2-jalutuskaru-2in1-chromium-black\/","name":"Muuvo Quick SE 2 jalutusk\u00e4ru 2in1, Chromium Black, \u0421\u041a\u0418\u0414\u041a\u0418, \u041a\u043e\u043b\u044f\u0441\u043a\u0438, \u041f\u0440\u043e\u0433\u0443\u043b\u043e\u0447\u043d\u044b\u0435 \u043a\u043e\u043b\u044f\u0441\u043a\u0438, Muuvo, Muuvo Quick SE 2, Beebipood","isPartOf":{"@id":"https:\/\/beebipood.ee\/ru\/#website"},"primaryImageOfPage":{"@id":"https:\/\/beebipood.ee\/ru\/produkt\/muuvo-quick-se-2-jalutuskaru-2in1-chromium-black\/#primaryimage"},"image":{"@id":"https:\/\/beebipood.ee\/ru\/produkt\/muuvo-quick-se-2-jalutuskaru-2in1-chromium-black\/#primaryimage"},"thumbnailUrl":"https:\/\/beebipood.ee\/wp-content\/uploads\/2014\/10\/Muuvo-Quick-SE-2-jalutuskaru-2in1-Chromium-Black-UUED-TOOTED-Lastevankrid-ja-karud-Vankrid-Jalutuskarud-Muuvo-Muuvo-Quick-SE-2_2-848.jpg","datePublished":"2014-10-21T04:29:35+00:00","dateModified":"2025-03-30T22:00:48+00:00","description":"Muuvo Quick SE 2 jalutusk\u00e4ru 2in1, Chromium Black, Muuvo QUICK SE 2 avaldab muljet esimesest pilgust!Quick SE 2 on MUUVO perekonna","breadcrumb":{"@id":"https:\/\/beebipood.ee\/ru\/produkt\/muuvo-quick-se-2-jalutuskaru-2in1-chromium-black\/#breadcrumb"},"inLanguage":"ru-RU","potentialAction":[{"@type":"ReadAction","target":["https:\/\/beebipood.ee\/ru\/produkt\/muuvo-quick-se-2-jalutuskaru-2in1-chromium-black\/"]}]},{"@type":"ImageObject","inLanguage":"ru-RU","@id":"https:\/\/beebipood.ee\/ru\/produkt\/muuvo-quick-se-2-jalutuskaru-2in1-chromium-black\/#primaryimage","url":"https:\/\/beebipood.ee\/wp-content\/uploads\/2014\/10\/Muuvo-Quick-SE-2-jalutuskaru-2in1-Chromium-Black-UUED-TOOTED-Lastevankrid-ja-karud-Vankrid-Jalutuskarud-Muuvo-Muuvo-Quick-SE-2_2-848.jpg","contentUrl":"https:\/\/beebipood.ee\/wp-content\/uploads\/2014\/10\/Muuvo-Quick-SE-2-jalutuskaru-2in1-Chromium-Black-UUED-TOOTED-Lastevankrid-ja-karud-Vankrid-Jalutuskarud-Muuvo-Muuvo-Quick-SE-2_2-848.jpg","width":1417,"height":1417},{"@type":"BreadcrumbList","@id":"https:\/\/beebipood.ee\/ru\/produkt\/muuvo-quick-se-2-jalutuskaru-2in1-chromium-black\/#breadcrumb","itemListElement":[{"@type":"ListItem","position":1,"name":"Home","item":"https:\/\/beebipood.ee\/ru\/"},{"@type":"ListItem","position":2,"name":"\u041a\u0430\u0442\u0430\u043b\u043e\u0433 \u0442\u043e\u0432\u0430\u0440\u043e\u0432","item":"https:\/\/beebipood.ee\/tooted\/"},{"@type":"ListItem","position":3,"name":"Muuvo Quick SE 2 jalutusk\u00e4ru 2in1, Chromium Black"}]},{"@type":"WebSite","@id":"https:\/\/beebipood.ee\/ru\/#website","url":"https:\/\/beebipood.ee\/ru\/","name":"Beebipood","description":"Lastekaubad, beebikaubad, m\u00e4nguasjad","publisher":{"@id":"https:\/\/beebipood.ee\/ru\/#organization"},"potentialAction":[{"@type":"SearchAction","target":{"@type":"EntryPoint","urlTemplate":"https:\/\/beebipood.ee\/ru\/?s={search_term_string}"},"query-input":{"@type":"PropertyValueSpecification","valueRequired":true,"valueName":"search_term_string"}}],"inLanguage":"ru-RU"},{"@type":"Organization","@id":"https:\/\/beebipood.ee\/ru\/#organization","name":"Beebipood","url":"https:\/\/beebipood.ee\/ru\/","logo":{"@type":"ImageObject","inLanguage":"ru-RU","@id":"https:\/\/beebipood.ee\/ru\/#\/schema\/logo\/image\/","url":"https:\/\/beebipood.ee\/wp-content\/uploads\/2025\/03\/beebipood.ee-logo-1.svg","contentUrl":"https:\/\/beebipood.ee\/wp-content\/uploads\/2025\/03\/beebipood.ee-logo-1.svg","caption":"Beebipood"},"image":{"@id":"https:\/\/beebipood.ee\/ru\/#\/schema\/logo\/image\/"}}]}},"brands":[{"id":11964,"name":"Muuvo","slug":"muuvo-ru"}],"_links":{"self":[{"href":"https:\/\/beebipood.ee\/ru\/wp-json\/wp\/v2\/product\/455916","targetHints":{"allow":["GET"]}}],"collection":[{"href":"https:\/\/beebipood.ee\/ru\/wp-json\/wp\/v2\/product"}],"about":[{"href":"https:\/\/beebipood.ee\/ru\/wp-json\/wp\/v2\/types\/product"}],"wp:featuredmedia":[{"embeddable":true,"href":"https:\/\/beebipood.ee\/ru\/wp-json\/wp\/v2\/media\/105009"}],"wp:attachment":[{"href":"https:\/\/beebipood.ee\/ru\/wp-json\/wp\/v2\/media?parent=455916"}],"wp:term":[{"taxonomy":"pwb-brand","embeddable":true,"href":"https:\/\/beebipood.ee\/ru\/wp-json\/wp\/v2\/pwb-brand?post=455916"},{"taxonomy":"product_brand","embeddable":true,"href":"https:\/\/beebipood.ee\/ru\/wp-json\/wp\/v2\/product_brand?post=455916"},{"taxonomy":"product_cat","embeddable":true,"href":"https:\/\/beebipood.ee\/ru\/wp-json\/wp\/v2\/product_cat?post=455916"},{"taxonomy":"product_tag","embeddable":true,"href":"https:\/\/beebipood.ee\/ru\/wp-json\/wp\/v2\/product_tag?post=455916"}],"curies":[{"name":"wp","href":"https:\/\/api.w.org\/{rel}","templated":true}]}}