{"id":455936,"date":"2014-11-04T18:58:14","date_gmt":"2014-11-04T16:58:14","guid":{"rendered":"https:\/\/beebipood.ee\/toode\/lastelaud-join-me\/"},"modified":"2025-01-09T10:51:02","modified_gmt":"2025-01-09T08:51:02","slug":"lastelaud-join-me","status":"publish","type":"product","link":"https:\/\/beebipood.ee\/ru\/produkt\/lastelaud-join-me\/","title":{"rendered":"Lastelaud Join Me"},"content":{"rendered":"<p>Laste kasvades nende loovus kasvab, ning on vaja rohkem ruumi tarvikutele. <br \/>Laud sobib lastele vanuses 2 &#8212; 8 aastat, <br \/>sobitub suurep\u00e4raselt teiste KUKUU kollektsioonide toodetega.<\/p>\n<p>Tugev ja stabiilne konstruktsioon<br \/>Viimistlus: naturaalne \/ valge<br \/>Valmistatud Euroopas toodetud kasevineerist ja kasepuidust.<br \/>T\u00f6\u00f6deldud EL-is valmistatud vesialuseliste pinnakattevahenditega. <br \/>Vastab EN ohutusstandarditele<br \/>T\u00f6\u00f6riistakast <span style=\"text-decoration: underline;\">ei kuulu<\/span> komplekti, seda saab osta eraldi<br \/>Laua m\u00f5\u00f5dud: 86 x 50 x 50 cm<br \/><span style=\"text-decoration: underline;\">Ohutusn\u00f5uanded<\/span><br \/>veenduge, et ostate lapse vanusele k\u00f5ige sobivama toote.<br \/>Enne kui kasutate m\u00f5nda KUKUU toodet, lugege juhiseid.<br \/>\u00c4rge j\u00e4tke lapsi j\u00e4relevalveta.<\/p>\n","protected":false},"excerpt":{"rendered":"<p>Laste kasvades nende loovus kasvab, ning on vaja rohkem ruumi tarvikutele. Laud sobib lastele vanuses 2 &#8212; 8 aastat, sobitub suurep\u00e4raselt teiste KUKUU kollektsioonide toodetega. Tugev ja stabiilne konstruktsioonViimistlus: naturaalne \/ valgeValmistatud Euroopas toodetud kasevineerist ja kasepuidust.T\u00f6\u00f6deldud EL-is valmistatud vesialuseliste pinnakattevahenditega. Vastab EN ohutusstandarditeleT\u00f6\u00f6riistakast ei kuulu komplekti, seda saab osta eraldiLaua m\u00f5\u00f5dud: 86 x 50 [&hellip;]<\/p>\n","protected":false},"featured_media":105060,"template":"","meta":{"_acf_changed":false},"pwb-brand":[11948],"product_brand":[],"product_cat":[11619,11647,11653,11789],"product_tag":[],"class_list":{"0":"post-455936","1":"product","2":"type-product","3":"status-publish","4":"has-post-thumbnail","6":"pwb-brand-kukuu-ru","7":"product_cat-tumbad-ru","8":"product_cat-lastelauad-toolid-arvuti-ja-kirjutuslauad-ru","9":"product_cat-lastelauad-ru","10":"product_cat-lastemoobel-ja-sisustus-ru","11":"pa_manufacturer-kukuu-ru","13":"first","14":"onbackorder","15":"sale","16":"taxable","17":"shipping-taxable","18":"purchasable","19":"product-type-simple"},"exclude_global_add_ons":[],"addons":[],"acf":[],"yoast_head":"<!-- This site is optimized with the Yoast SEO plugin v27.1.1 - https:\/\/yoast.com\/product\/yoast-seo-wordpress\/ -->\n<title>Lastelaud Join Me, T\u0443\u043c\u0431\u044b, \u0414\u0435\u0442\u0441\u043a\u0438\u0435 \u0441\u0442\u043e\u043b\u044b, \u0441\u0442\u0443\u043b\u044c\u044f, \u043f\u0438\u0441\u044c\u043c\u0435\u043d\u043d\u044b\u0435 \u0441\u0442\u043e\u043b\u044b, \u0414\u0435\u0442\u0441\u043a\u0438\u0435 \u0441\u0442\u043e\u043b\u044b, M\u0435\u0431\u0435\u043b\u044c, Beebipood<\/title>\n<meta name=\"description\" content=\"Lastelaud Join Me, Laste kasvades nende loovus kasvab, ning on vaja rohkem ruumi tarvikutele. Laud sobib lastele vanuses 2 - 8 aastat, sobitub su\" \/>\n<meta name=\"robots\" content=\"index, follow, max-snippet:-1, max-image-preview:large, max-video-preview:-1\" \/>\n<link rel=\"canonical\" href=\"https:\/\/beebipood.ee\/ru\/produkt\/lastelaud-join-me\/\" \/>\n<meta property=\"og:locale\" content=\"ru_RU\" \/>\n<meta property=\"og:type\" content=\"article\" \/>\n<meta property=\"og:title\" content=\"Lastelaud Join Me, T\u0443\u043c\u0431\u044b, \u0414\u0435\u0442\u0441\u043a\u0438\u0435 \u0441\u0442\u043e\u043b\u044b, \u0441\u0442\u0443\u043b\u044c\u044f, \u043f\u0438\u0441\u044c\u043c\u0435\u043d\u043d\u044b\u0435 \u0441\u0442\u043e\u043b\u044b, \u0414\u0435\u0442\u0441\u043a\u0438\u0435 \u0441\u0442\u043e\u043b\u044b, M\u0435\u0431\u0435\u043b\u044c, Beebipood\" \/>\n<meta property=\"og:description\" content=\"Lastelaud Join Me, Laste kasvades nende loovus kasvab, ning on vaja rohkem ruumi tarvikutele. Laud sobib lastele vanuses 2 - 8 aastat, sobitub su\" \/>\n<meta property=\"og:url\" content=\"https:\/\/beebipood.ee\/ru\/produkt\/lastelaud-join-me\/\" \/>\n<meta property=\"og:site_name\" content=\"Beebipood\" \/>\n<meta property=\"article:modified_time\" content=\"2025-01-09T08:51:02+00:00\" \/>\n<meta property=\"og:image\" content=\"https:\/\/beebipood.ee\/wp-content\/uploads\/2014\/11\/Lastelaud-Join-Me-Pehme-moobel-kotttoolid-tumbad-Lastele-Tumbad-Lastemoobel-ja-sisustus_5-2b7.jpg\" \/>\n\t<meta property=\"og:image:width\" content=\"2560\" \/>\n\t<meta property=\"og:image:height\" content=\"2556\" \/>\n\t<meta property=\"og:image:type\" content=\"image\/jpeg\" \/>\n<meta name=\"twitter:card\" content=\"summary_large_image\" \/>\n<script type=\"application\/ld+json\" class=\"yoast-schema-graph\">{\"@context\":\"https:\/\/schema.org\",\"@graph\":[{\"@type\":\"WebPage\",\"@id\":\"https:\/\/beebipood.ee\/ru\/produkt\/lastelaud-join-me\/\",\"url\":\"https:\/\/beebipood.ee\/ru\/produkt\/lastelaud-join-me\/\",\"name\":\"Lastelaud Join Me, T\u0443\u043c\u0431\u044b, \u0414\u0435\u0442\u0441\u043a\u0438\u0435 \u0441\u0442\u043e\u043b\u044b, \u0441\u0442\u0443\u043b\u044c\u044f, \u043f\u0438\u0441\u044c\u043c\u0435\u043d\u043d\u044b\u0435 \u0441\u0442\u043e\u043b\u044b, \u0414\u0435\u0442\u0441\u043a\u0438\u0435 \u0441\u0442\u043e\u043b\u044b, M\u0435\u0431\u0435\u043b\u044c, Beebipood\",\"isPartOf\":{\"@id\":\"https:\/\/beebipood.ee\/ru\/#website\"},\"primaryImageOfPage\":{\"@id\":\"https:\/\/beebipood.ee\/ru\/produkt\/lastelaud-join-me\/#primaryimage\"},\"image\":{\"@id\":\"https:\/\/beebipood.ee\/ru\/produkt\/lastelaud-join-me\/#primaryimage\"},\"thumbnailUrl\":\"https:\/\/beebipood.ee\/wp-content\/uploads\/2014\/11\/Lastelaud-Join-Me-Pehme-moobel-kotttoolid-tumbad-Lastele-Tumbad-Lastemoobel-ja-sisustus_5-2b7.jpg\",\"datePublished\":\"2014-11-04T16:58:14+00:00\",\"dateModified\":\"2025-01-09T08:51:02+00:00\",\"description\":\"Lastelaud Join Me, Laste kasvades nende loovus kasvab, ning on vaja rohkem ruumi tarvikutele. Laud sobib lastele vanuses 2 - 8 aastat, sobitub su\",\"breadcrumb\":{\"@id\":\"https:\/\/beebipood.ee\/ru\/produkt\/lastelaud-join-me\/#breadcrumb\"},\"inLanguage\":\"ru-RU\",\"potentialAction\":[{\"@type\":\"ReadAction\",\"target\":[\"https:\/\/beebipood.ee\/ru\/produkt\/lastelaud-join-me\/\"]}]},{\"@type\":\"ImageObject\",\"inLanguage\":\"ru-RU\",\"@id\":\"https:\/\/beebipood.ee\/ru\/produkt\/lastelaud-join-me\/#primaryimage\",\"url\":\"https:\/\/beebipood.ee\/wp-content\/uploads\/2014\/11\/Lastelaud-Join-Me-Pehme-moobel-kotttoolid-tumbad-Lastele-Tumbad-Lastemoobel-ja-sisustus_5-2b7.jpg\",\"contentUrl\":\"https:\/\/beebipood.ee\/wp-content\/uploads\/2014\/11\/Lastelaud-Join-Me-Pehme-moobel-kotttoolid-tumbad-Lastele-Tumbad-Lastemoobel-ja-sisustus_5-2b7.jpg\",\"width\":2560,\"height\":2556},{\"@type\":\"BreadcrumbList\",\"@id\":\"https:\/\/beebipood.ee\/ru\/produkt\/lastelaud-join-me\/#breadcrumb\",\"itemListElement\":[{\"@type\":\"ListItem\",\"position\":1,\"name\":\"Home\",\"item\":\"https:\/\/beebipood.ee\/ru\/\"},{\"@type\":\"ListItem\",\"position\":2,\"name\":\"\u041a\u0430\u0442\u0430\u043b\u043e\u0433 \u0442\u043e\u0432\u0430\u0440\u043e\u0432\",\"item\":\"https:\/\/beebipood.ee\/tooted\/\"},{\"@type\":\"ListItem\",\"position\":3,\"name\":\"Lastelaud Join Me\"}]},{\"@type\":\"WebSite\",\"@id\":\"https:\/\/beebipood.ee\/ru\/#website\",\"url\":\"https:\/\/beebipood.ee\/ru\/\",\"name\":\"Beebipood\",\"description\":\"Lastekaubad, beebikaubad, m\u00e4nguasjad\",\"publisher\":{\"@id\":\"https:\/\/beebipood.ee\/ru\/#organization\"},\"potentialAction\":[{\"@type\":\"SearchAction\",\"target\":{\"@type\":\"EntryPoint\",\"urlTemplate\":\"https:\/\/beebipood.ee\/ru\/?s={search_term_string}\"},\"query-input\":{\"@type\":\"PropertyValueSpecification\",\"valueRequired\":true,\"valueName\":\"search_term_string\"}}],\"inLanguage\":\"ru-RU\"},{\"@type\":\"Organization\",\"@id\":\"https:\/\/beebipood.ee\/ru\/#organization\",\"name\":\"Beebipood\",\"url\":\"https:\/\/beebipood.ee\/ru\/\",\"logo\":{\"@type\":\"ImageObject\",\"inLanguage\":\"ru-RU\",\"@id\":\"https:\/\/beebipood.ee\/ru\/#\/schema\/logo\/image\/\",\"url\":\"https:\/\/beebipood.ee\/wp-content\/uploads\/2025\/03\/beebipood.ee-logo-1.svg\",\"contentUrl\":\"https:\/\/beebipood.ee\/wp-content\/uploads\/2025\/03\/beebipood.ee-logo-1.svg\",\"caption\":\"Beebipood\"},\"image\":{\"@id\":\"https:\/\/beebipood.ee\/ru\/#\/schema\/logo\/image\/\"}}]}<\/script>\n<!-- \/ Yoast SEO plugin. -->","yoast_head_json":{"title":"Lastelaud Join Me, T\u0443\u043c\u0431\u044b, \u0414\u0435\u0442\u0441\u043a\u0438\u0435 \u0441\u0442\u043e\u043b\u044b, \u0441\u0442\u0443\u043b\u044c\u044f, \u043f\u0438\u0441\u044c\u043c\u0435\u043d\u043d\u044b\u0435 \u0441\u0442\u043e\u043b\u044b, \u0414\u0435\u0442\u0441\u043a\u0438\u0435 \u0441\u0442\u043e\u043b\u044b, M\u0435\u0431\u0435\u043b\u044c, Beebipood","description":"Lastelaud Join Me, Laste kasvades nende loovus kasvab, ning on vaja rohkem ruumi tarvikutele. Laud sobib lastele vanuses 2 - 8 aastat, sobitub su","robots":{"index":"index","follow":"follow","max-snippet":"max-snippet:-1","max-image-preview":"max-image-preview:large","max-video-preview":"max-video-preview:-1"},"canonical":"https:\/\/beebipood.ee\/ru\/produkt\/lastelaud-join-me\/","og_locale":"ru_RU","og_type":"article","og_title":"Lastelaud Join Me, T\u0443\u043c\u0431\u044b, \u0414\u0435\u0442\u0441\u043a\u0438\u0435 \u0441\u0442\u043e\u043b\u044b, \u0441\u0442\u0443\u043b\u044c\u044f, \u043f\u0438\u0441\u044c\u043c\u0435\u043d\u043d\u044b\u0435 \u0441\u0442\u043e\u043b\u044b, \u0414\u0435\u0442\u0441\u043a\u0438\u0435 \u0441\u0442\u043e\u043b\u044b, M\u0435\u0431\u0435\u043b\u044c, Beebipood","og_description":"Lastelaud Join Me, Laste kasvades nende loovus kasvab, ning on vaja rohkem ruumi tarvikutele. Laud sobib lastele vanuses 2 - 8 aastat, sobitub su","og_url":"https:\/\/beebipood.ee\/ru\/produkt\/lastelaud-join-me\/","og_site_name":"Beebipood","article_modified_time":"2025-01-09T08:51:02+00:00","og_image":[{"width":2560,"height":2556,"url":"https:\/\/beebipood.ee\/wp-content\/uploads\/2014\/11\/Lastelaud-Join-Me-Pehme-moobel-kotttoolid-tumbad-Lastele-Tumbad-Lastemoobel-ja-sisustus_5-2b7.jpg","type":"image\/jpeg"}],"twitter_card":"summary_large_image","schema":{"@context":"https:\/\/schema.org","@graph":[{"@type":"WebPage","@id":"https:\/\/beebipood.ee\/ru\/produkt\/lastelaud-join-me\/","url":"https:\/\/beebipood.ee\/ru\/produkt\/lastelaud-join-me\/","name":"Lastelaud Join Me, T\u0443\u043c\u0431\u044b, \u0414\u0435\u0442\u0441\u043a\u0438\u0435 \u0441\u0442\u043e\u043b\u044b, \u0441\u0442\u0443\u043b\u044c\u044f, \u043f\u0438\u0441\u044c\u043c\u0435\u043d\u043d\u044b\u0435 \u0441\u0442\u043e\u043b\u044b, \u0414\u0435\u0442\u0441\u043a\u0438\u0435 \u0441\u0442\u043e\u043b\u044b, M\u0435\u0431\u0435\u043b\u044c, Beebipood","isPartOf":{"@id":"https:\/\/beebipood.ee\/ru\/#website"},"primaryImageOfPage":{"@id":"https:\/\/beebipood.ee\/ru\/produkt\/lastelaud-join-me\/#primaryimage"},"image":{"@id":"https:\/\/beebipood.ee\/ru\/produkt\/lastelaud-join-me\/#primaryimage"},"thumbnailUrl":"https:\/\/beebipood.ee\/wp-content\/uploads\/2014\/11\/Lastelaud-Join-Me-Pehme-moobel-kotttoolid-tumbad-Lastele-Tumbad-Lastemoobel-ja-sisustus_5-2b7.jpg","datePublished":"2014-11-04T16:58:14+00:00","dateModified":"2025-01-09T08:51:02+00:00","description":"Lastelaud Join Me, Laste kasvades nende loovus kasvab, ning on vaja rohkem ruumi tarvikutele. Laud sobib lastele vanuses 2 - 8 aastat, sobitub su","breadcrumb":{"@id":"https:\/\/beebipood.ee\/ru\/produkt\/lastelaud-join-me\/#breadcrumb"},"inLanguage":"ru-RU","potentialAction":[{"@type":"ReadAction","target":["https:\/\/beebipood.ee\/ru\/produkt\/lastelaud-join-me\/"]}]},{"@type":"ImageObject","inLanguage":"ru-RU","@id":"https:\/\/beebipood.ee\/ru\/produkt\/lastelaud-join-me\/#primaryimage","url":"https:\/\/beebipood.ee\/wp-content\/uploads\/2014\/11\/Lastelaud-Join-Me-Pehme-moobel-kotttoolid-tumbad-Lastele-Tumbad-Lastemoobel-ja-sisustus_5-2b7.jpg","contentUrl":"https:\/\/beebipood.ee\/wp-content\/uploads\/2014\/11\/Lastelaud-Join-Me-Pehme-moobel-kotttoolid-tumbad-Lastele-Tumbad-Lastemoobel-ja-sisustus_5-2b7.jpg","width":2560,"height":2556},{"@type":"BreadcrumbList","@id":"https:\/\/beebipood.ee\/ru\/produkt\/lastelaud-join-me\/#breadcrumb","itemListElement":[{"@type":"ListItem","position":1,"name":"Home","item":"https:\/\/beebipood.ee\/ru\/"},{"@type":"ListItem","position":2,"name":"\u041a\u0430\u0442\u0430\u043b\u043e\u0433 \u0442\u043e\u0432\u0430\u0440\u043e\u0432","item":"https:\/\/beebipood.ee\/tooted\/"},{"@type":"ListItem","position":3,"name":"Lastelaud Join Me"}]},{"@type":"WebSite","@id":"https:\/\/beebipood.ee\/ru\/#website","url":"https:\/\/beebipood.ee\/ru\/","name":"Beebipood","description":"Lastekaubad, beebikaubad, m\u00e4nguasjad","publisher":{"@id":"https:\/\/beebipood.ee\/ru\/#organization"},"potentialAction":[{"@type":"SearchAction","target":{"@type":"EntryPoint","urlTemplate":"https:\/\/beebipood.ee\/ru\/?s={search_term_string}"},"query-input":{"@type":"PropertyValueSpecification","valueRequired":true,"valueName":"search_term_string"}}],"inLanguage":"ru-RU"},{"@type":"Organization","@id":"https:\/\/beebipood.ee\/ru\/#organization","name":"Beebipood","url":"https:\/\/beebipood.ee\/ru\/","logo":{"@type":"ImageObject","inLanguage":"ru-RU","@id":"https:\/\/beebipood.ee\/ru\/#\/schema\/logo\/image\/","url":"https:\/\/beebipood.ee\/wp-content\/uploads\/2025\/03\/beebipood.ee-logo-1.svg","contentUrl":"https:\/\/beebipood.ee\/wp-content\/uploads\/2025\/03\/beebipood.ee-logo-1.svg","caption":"Beebipood"},"image":{"@id":"https:\/\/beebipood.ee\/ru\/#\/schema\/logo\/image\/"}}]}},"brands":[{"id":11948,"name":"Kukuu","slug":"kukuu-ru"}],"_links":{"self":[{"href":"https:\/\/beebipood.ee\/ru\/wp-json\/wp\/v2\/product\/455936","targetHints":{"allow":["GET"]}}],"collection":[{"href":"https:\/\/beebipood.ee\/ru\/wp-json\/wp\/v2\/product"}],"about":[{"href":"https:\/\/beebipood.ee\/ru\/wp-json\/wp\/v2\/types\/product"}],"wp:featuredmedia":[{"embeddable":true,"href":"https:\/\/beebipood.ee\/ru\/wp-json\/wp\/v2\/media\/105060"}],"wp:attachment":[{"href":"https:\/\/beebipood.ee\/ru\/wp-json\/wp\/v2\/media?parent=455936"}],"wp:term":[{"taxonomy":"pwb-brand","embeddable":true,"href":"https:\/\/beebipood.ee\/ru\/wp-json\/wp\/v2\/pwb-brand?post=455936"},{"taxonomy":"product_brand","embeddable":true,"href":"https:\/\/beebipood.ee\/ru\/wp-json\/wp\/v2\/product_brand?post=455936"},{"taxonomy":"product_cat","embeddable":true,"href":"https:\/\/beebipood.ee\/ru\/wp-json\/wp\/v2\/product_cat?post=455936"},{"taxonomy":"product_tag","embeddable":true,"href":"https:\/\/beebipood.ee\/ru\/wp-json\/wp\/v2\/product_tag?post=455936"}],"curies":[{"name":"wp","href":"https:\/\/api.w.org\/{rel}","templated":true}]}}