{"id":455992,"date":"2014-11-15T09:02:03","date_gmt":"2014-11-15T07:02:03","guid":{"rendered":"https:\/\/beebipood.ee\/toode\/beebivoodikomplekt-moon-60x120\/"},"modified":"2025-01-09T10:51:00","modified_gmt":"2025-01-09T08:51:00","slug":"beebivoodikomplekt-moon-60x120","status":"publish","type":"product","link":"https:\/\/beebipood.ee\/ru\/produkt\/beebivoodikomplekt-moon-60x120\/","title":{"rendered":"Beebivoodikomplekt Moon 60&#215;120"},"content":{"rendered":"<p>Moon komplektil on ainulaadne, lihtne ja kaasaegne disain<br \/> valmistatud MDF plaadist<br \/> valmistamisel on kasutatud kaasaegset tehnoloogiat ja A-klass tarvikuid ning furnituure<br \/> parim toode perele kes hindab kvaliteeti ning disain<br \/> voodi \u00fcks k\u00fclg on eemaldatav<br \/> komplektis on v\u00e4ike <strong>turvapiire<\/strong><br \/> voodip\u00f5hja v\u00f5imalik t\u00f5sta\u00a0<strong>3<\/strong>\u00a0erinevat k\u00f5rgust<br \/> voodit on v\u00f5imalik muuta beebivoodist lapsevoodiks<br \/> madrats ei ole hinna sees<br \/> voodisse sobib madrats m\u00f5\u00f5duga\u00a0<strong>60x120cm<\/strong>\u00a0<br \/> komplekti kuulub ratastel <strong>voodikast<\/strong>, mis on valmistatud m\u00f6\u00f6bliplaadist ja MDF\u2019st<br \/> voodikasti m\u00f5\u00f5t: K: 14cm, S: 64cm, P: 119cm<br \/> komplektis on \u00fche riiuli ja kahe sahtliga m\u00e4hkimiskummut<br \/> kummuti m\u00f5\u00f5t: K: 89cm, S: 52cm, L: 67cm<br \/> viimistlemisel on kasutatud ainult sertifitseeritud orgaanilisi v\u00e4rve<br \/> toode vastab k\u00f5ikidele <strong>EN turvastandarditele<\/strong><\/p>\n","protected":false},"excerpt":{"rendered":"<p>Moon komplektil on ainulaadne, lihtne ja kaasaegne disain valmistatud MDF plaadist valmistamisel on kasutatud kaasaegset tehnoloogiat ja A-klass tarvikuid ning furnituure parim toode perele kes hindab kvaliteeti ning disain voodi \u00fcks k\u00fclg on eemaldatav komplektis on v\u00e4ike turvapiire voodip\u00f5hja v\u00f5imalik t\u00f5sta\u00a03\u00a0erinevat k\u00f5rgust voodit on v\u00f5imalik muuta beebivoodist lapsevoodiks madrats ei ole hinna sees voodisse sobib [&hellip;]<\/p>\n","protected":false},"featured_media":105121,"template":"","meta":{"_acf_changed":false},"pwb-brand":[],"product_brand":[],"product_cat":[11745,11567,11553,11561,11789],"product_tag":[],"class_list":{"0":"post-455992","1":"product","2":"type-product","3":"status-publish","4":"has-post-thumbnail","6":"product_cat-madratsile-60x120-ru","7":"product_cat-vorevoodid-ru","8":"product_cat-beebivoodid-reisivoodid-hallid-ru","9":"product_cat-tubade-komplektid-ru","10":"product_cat-lastemoobel-ja-sisustus-ru","12":"first","13":"onbackorder","14":"sale","15":"taxable","16":"shipping-taxable","17":"purchasable","18":"product-type-simple"},"exclude_global_add_ons":[],"addons":[],"acf":[],"yoast_head":"<!-- This site is optimized with the Yoast SEO plugin v27.1.1 - https:\/\/yoast.com\/product\/yoast-seo-wordpress\/ -->\n<title>Beebivoodikomplekt Moon 60x120, \u0414\u0435\u0442\u0441\u043a\u0438e \u043a\u0440\u043e\u0432\u0430\u0442\u043a\u0438, \u043f\u0435\u0440\u0435\u043d\u043e\u0441\u043d\u044b\u0435 \u043a\u0440\u043e\u0432\u0430\u0442\u043a\u0438, \u043b\u044e\u043b\u044c\u043a\u0438, \u041a\u043e\u043c\u043f\u043b\u0435\u043a\u0442\u044b \u0434\u043b\u044f \u043a\u043e\u043c\u043d\u0430\u0442, \u0414\u0435\u0442\u0441\u043a\u0438e \u043a\u0440\u043e\u0432\u0430\u0442\u043a\u0438, \u0421\u041a\u0418\u0414\u041a\u0418, \u043c\u0430\u0442\u0440\u0430\u0441 60x120, M\u0435\u0431\u0435\u043b\u044c, Ha c\u043a\u043b\u0430\u0434\u0435, Ladu t\u00fchjaks, Beebipood<\/title>\n<meta name=\"description\" content=\"Beebivoodikomplekt Moon 60x120, Moon komplektil on ainulaadne, lihtne ja kaasaegne disain valmistatud MDF plaadist valmistamisel on kasutatud kaa\" \/>\n<meta name=\"robots\" content=\"index, follow, max-snippet:-1, max-image-preview:large, max-video-preview:-1\" \/>\n<link rel=\"canonical\" href=\"https:\/\/beebipood.ee\/ru\/produkt\/beebivoodikomplekt-moon-60x120\/\" \/>\n<meta property=\"og:locale\" content=\"ru_RU\" \/>\n<meta property=\"og:type\" content=\"article\" \/>\n<meta property=\"og:title\" content=\"Beebivoodikomplekt Moon 60x120, \u0414\u0435\u0442\u0441\u043a\u0438e \u043a\u0440\u043e\u0432\u0430\u0442\u043a\u0438, \u043f\u0435\u0440\u0435\u043d\u043e\u0441\u043d\u044b\u0435 \u043a\u0440\u043e\u0432\u0430\u0442\u043a\u0438, \u043b\u044e\u043b\u044c\u043a\u0438, \u041a\u043e\u043c\u043f\u043b\u0435\u043a\u0442\u044b \u0434\u043b\u044f \u043a\u043e\u043c\u043d\u0430\u0442, \u0414\u0435\u0442\u0441\u043a\u0438e \u043a\u0440\u043e\u0432\u0430\u0442\u043a\u0438, \u0421\u041a\u0418\u0414\u041a\u0418, \u043c\u0430\u0442\u0440\u0430\u0441 60x120, M\u0435\u0431\u0435\u043b\u044c, Ha c\u043a\u043b\u0430\u0434\u0435, Ladu t\u00fchjaks, Beebipood\" \/>\n<meta property=\"og:description\" content=\"Beebivoodikomplekt Moon 60x120, Moon komplektil on ainulaadne, lihtne ja kaasaegne disain valmistatud MDF plaadist valmistamisel on kasutatud kaa\" \/>\n<meta property=\"og:url\" content=\"https:\/\/beebipood.ee\/ru\/produkt\/beebivoodikomplekt-moon-60x120\/\" \/>\n<meta property=\"og:site_name\" content=\"Beebipood\" \/>\n<meta property=\"article:modified_time\" content=\"2025-01-09T08:51:00+00:00\" \/>\n<meta property=\"og:image\" content=\"https:\/\/beebipood.ee\/wp-content\/uploads\/2014\/11\/Beebivoodikomplekt-Moon-60x120-Beebivoodid-reisivoodid-hallid-Tubade-komplektid-Vorevoodid-madratsile-60x120_3-d0a.jpg\" \/>\n\t<meta property=\"og:image:width\" content=\"1600\" \/>\n\t<meta property=\"og:image:height\" content=\"1238\" \/>\n\t<meta property=\"og:image:type\" content=\"image\/jpeg\" \/>\n<meta name=\"twitter:card\" content=\"summary_large_image\" \/>\n<meta name=\"twitter:label1\" content=\"\u041f\u0440\u0438\u043c\u0435\u0440\u043d\u043e\u0435 \u0432\u0440\u0435\u043c\u044f \u0434\u043b\u044f \u0447\u0442\u0435\u043d\u0438\u044f\" \/>\n\t<meta name=\"twitter:data1\" content=\"1 \u043c\u0438\u043d\u0443\u0442\u0430\" \/>\n<script type=\"application\/ld+json\" class=\"yoast-schema-graph\">{\"@context\":\"https:\/\/schema.org\",\"@graph\":[{\"@type\":\"WebPage\",\"@id\":\"https:\/\/beebipood.ee\/ru\/produkt\/beebivoodikomplekt-moon-60x120\/\",\"url\":\"https:\/\/beebipood.ee\/ru\/produkt\/beebivoodikomplekt-moon-60x120\/\",\"name\":\"Beebivoodikomplekt Moon 60x120, \u0414\u0435\u0442\u0441\u043a\u0438e \u043a\u0440\u043e\u0432\u0430\u0442\u043a\u0438, \u043f\u0435\u0440\u0435\u043d\u043e\u0441\u043d\u044b\u0435 \u043a\u0440\u043e\u0432\u0430\u0442\u043a\u0438, \u043b\u044e\u043b\u044c\u043a\u0438, \u041a\u043e\u043c\u043f\u043b\u0435\u043a\u0442\u044b \u0434\u043b\u044f \u043a\u043e\u043c\u043d\u0430\u0442, \u0414\u0435\u0442\u0441\u043a\u0438e \u043a\u0440\u043e\u0432\u0430\u0442\u043a\u0438, \u0421\u041a\u0418\u0414\u041a\u0418, \u043c\u0430\u0442\u0440\u0430\u0441 60x120, M\u0435\u0431\u0435\u043b\u044c, Ha c\u043a\u043b\u0430\u0434\u0435, Ladu t\u00fchjaks, Beebipood\",\"isPartOf\":{\"@id\":\"https:\/\/beebipood.ee\/ru\/#website\"},\"primaryImageOfPage\":{\"@id\":\"https:\/\/beebipood.ee\/ru\/produkt\/beebivoodikomplekt-moon-60x120\/#primaryimage\"},\"image\":{\"@id\":\"https:\/\/beebipood.ee\/ru\/produkt\/beebivoodikomplekt-moon-60x120\/#primaryimage\"},\"thumbnailUrl\":\"https:\/\/beebipood.ee\/wp-content\/uploads\/2014\/11\/Beebivoodikomplekt-Moon-60x120-Beebivoodid-reisivoodid-hallid-Tubade-komplektid-Vorevoodid-madratsile-60x120_3-d0a.jpg\",\"datePublished\":\"2014-11-15T07:02:03+00:00\",\"dateModified\":\"2025-01-09T08:51:00+00:00\",\"description\":\"Beebivoodikomplekt Moon 60x120, Moon komplektil on ainulaadne, lihtne ja kaasaegne disain valmistatud MDF plaadist valmistamisel on kasutatud kaa\",\"breadcrumb\":{\"@id\":\"https:\/\/beebipood.ee\/ru\/produkt\/beebivoodikomplekt-moon-60x120\/#breadcrumb\"},\"inLanguage\":\"ru-RU\",\"potentialAction\":[{\"@type\":\"ReadAction\",\"target\":[\"https:\/\/beebipood.ee\/ru\/produkt\/beebivoodikomplekt-moon-60x120\/\"]}]},{\"@type\":\"ImageObject\",\"inLanguage\":\"ru-RU\",\"@id\":\"https:\/\/beebipood.ee\/ru\/produkt\/beebivoodikomplekt-moon-60x120\/#primaryimage\",\"url\":\"https:\/\/beebipood.ee\/wp-content\/uploads\/2014\/11\/Beebivoodikomplekt-Moon-60x120-Beebivoodid-reisivoodid-hallid-Tubade-komplektid-Vorevoodid-madratsile-60x120_3-d0a.jpg\",\"contentUrl\":\"https:\/\/beebipood.ee\/wp-content\/uploads\/2014\/11\/Beebivoodikomplekt-Moon-60x120-Beebivoodid-reisivoodid-hallid-Tubade-komplektid-Vorevoodid-madratsile-60x120_3-d0a.jpg\",\"width\":1600,\"height\":1238},{\"@type\":\"BreadcrumbList\",\"@id\":\"https:\/\/beebipood.ee\/ru\/produkt\/beebivoodikomplekt-moon-60x120\/#breadcrumb\",\"itemListElement\":[{\"@type\":\"ListItem\",\"position\":1,\"name\":\"Home\",\"item\":\"https:\/\/beebipood.ee\/ru\/\"},{\"@type\":\"ListItem\",\"position\":2,\"name\":\"\u041a\u0430\u0442\u0430\u043b\u043e\u0433 \u0442\u043e\u0432\u0430\u0440\u043e\u0432\",\"item\":\"https:\/\/beebipood.ee\/tooted\/\"},{\"@type\":\"ListItem\",\"position\":3,\"name\":\"Beebivoodikomplekt Moon 60&#215;120\"}]},{\"@type\":\"WebSite\",\"@id\":\"https:\/\/beebipood.ee\/ru\/#website\",\"url\":\"https:\/\/beebipood.ee\/ru\/\",\"name\":\"Beebipood\",\"description\":\"Lastekaubad, beebikaubad, m\u00e4nguasjad\",\"publisher\":{\"@id\":\"https:\/\/beebipood.ee\/ru\/#organization\"},\"potentialAction\":[{\"@type\":\"SearchAction\",\"target\":{\"@type\":\"EntryPoint\",\"urlTemplate\":\"https:\/\/beebipood.ee\/ru\/?s={search_term_string}\"},\"query-input\":{\"@type\":\"PropertyValueSpecification\",\"valueRequired\":true,\"valueName\":\"search_term_string\"}}],\"inLanguage\":\"ru-RU\"},{\"@type\":\"Organization\",\"@id\":\"https:\/\/beebipood.ee\/ru\/#organization\",\"name\":\"Beebipood\",\"url\":\"https:\/\/beebipood.ee\/ru\/\",\"logo\":{\"@type\":\"ImageObject\",\"inLanguage\":\"ru-RU\",\"@id\":\"https:\/\/beebipood.ee\/ru\/#\/schema\/logo\/image\/\",\"url\":\"https:\/\/beebipood.ee\/wp-content\/uploads\/2025\/03\/beebipood.ee-logo-1.svg\",\"contentUrl\":\"https:\/\/beebipood.ee\/wp-content\/uploads\/2025\/03\/beebipood.ee-logo-1.svg\",\"caption\":\"Beebipood\"},\"image\":{\"@id\":\"https:\/\/beebipood.ee\/ru\/#\/schema\/logo\/image\/\"}}]}<\/script>\n<!-- \/ Yoast SEO plugin. -->","yoast_head_json":{"title":"Beebivoodikomplekt Moon 60x120, \u0414\u0435\u0442\u0441\u043a\u0438e \u043a\u0440\u043e\u0432\u0430\u0442\u043a\u0438, \u043f\u0435\u0440\u0435\u043d\u043e\u0441\u043d\u044b\u0435 \u043a\u0440\u043e\u0432\u0430\u0442\u043a\u0438, \u043b\u044e\u043b\u044c\u043a\u0438, \u041a\u043e\u043c\u043f\u043b\u0435\u043a\u0442\u044b \u0434\u043b\u044f \u043a\u043e\u043c\u043d\u0430\u0442, \u0414\u0435\u0442\u0441\u043a\u0438e \u043a\u0440\u043e\u0432\u0430\u0442\u043a\u0438, \u0421\u041a\u0418\u0414\u041a\u0418, \u043c\u0430\u0442\u0440\u0430\u0441 60x120, M\u0435\u0431\u0435\u043b\u044c, Ha c\u043a\u043b\u0430\u0434\u0435, Ladu t\u00fchjaks, Beebipood","description":"Beebivoodikomplekt Moon 60x120, Moon komplektil on ainulaadne, lihtne ja kaasaegne disain valmistatud MDF plaadist valmistamisel on kasutatud kaa","robots":{"index":"index","follow":"follow","max-snippet":"max-snippet:-1","max-image-preview":"max-image-preview:large","max-video-preview":"max-video-preview:-1"},"canonical":"https:\/\/beebipood.ee\/ru\/produkt\/beebivoodikomplekt-moon-60x120\/","og_locale":"ru_RU","og_type":"article","og_title":"Beebivoodikomplekt Moon 60x120, \u0414\u0435\u0442\u0441\u043a\u0438e \u043a\u0440\u043e\u0432\u0430\u0442\u043a\u0438, \u043f\u0435\u0440\u0435\u043d\u043e\u0441\u043d\u044b\u0435 \u043a\u0440\u043e\u0432\u0430\u0442\u043a\u0438, \u043b\u044e\u043b\u044c\u043a\u0438, \u041a\u043e\u043c\u043f\u043b\u0435\u043a\u0442\u044b \u0434\u043b\u044f \u043a\u043e\u043c\u043d\u0430\u0442, \u0414\u0435\u0442\u0441\u043a\u0438e \u043a\u0440\u043e\u0432\u0430\u0442\u043a\u0438, \u0421\u041a\u0418\u0414\u041a\u0418, \u043c\u0430\u0442\u0440\u0430\u0441 60x120, M\u0435\u0431\u0435\u043b\u044c, Ha c\u043a\u043b\u0430\u0434\u0435, Ladu t\u00fchjaks, Beebipood","og_description":"Beebivoodikomplekt Moon 60x120, Moon komplektil on ainulaadne, lihtne ja kaasaegne disain valmistatud MDF plaadist valmistamisel on kasutatud kaa","og_url":"https:\/\/beebipood.ee\/ru\/produkt\/beebivoodikomplekt-moon-60x120\/","og_site_name":"Beebipood","article_modified_time":"2025-01-09T08:51:00+00:00","og_image":[{"width":1600,"height":1238,"url":"https:\/\/beebipood.ee\/wp-content\/uploads\/2014\/11\/Beebivoodikomplekt-Moon-60x120-Beebivoodid-reisivoodid-hallid-Tubade-komplektid-Vorevoodid-madratsile-60x120_3-d0a.jpg","type":"image\/jpeg"}],"twitter_card":"summary_large_image","twitter_misc":{"\u041f\u0440\u0438\u043c\u0435\u0440\u043d\u043e\u0435 \u0432\u0440\u0435\u043c\u044f \u0434\u043b\u044f \u0447\u0442\u0435\u043d\u0438\u044f":"1 \u043c\u0438\u043d\u0443\u0442\u0430"},"schema":{"@context":"https:\/\/schema.org","@graph":[{"@type":"WebPage","@id":"https:\/\/beebipood.ee\/ru\/produkt\/beebivoodikomplekt-moon-60x120\/","url":"https:\/\/beebipood.ee\/ru\/produkt\/beebivoodikomplekt-moon-60x120\/","name":"Beebivoodikomplekt Moon 60x120, \u0414\u0435\u0442\u0441\u043a\u0438e \u043a\u0440\u043e\u0432\u0430\u0442\u043a\u0438, \u043f\u0435\u0440\u0435\u043d\u043e\u0441\u043d\u044b\u0435 \u043a\u0440\u043e\u0432\u0430\u0442\u043a\u0438, \u043b\u044e\u043b\u044c\u043a\u0438, \u041a\u043e\u043c\u043f\u043b\u0435\u043a\u0442\u044b \u0434\u043b\u044f \u043a\u043e\u043c\u043d\u0430\u0442, \u0414\u0435\u0442\u0441\u043a\u0438e \u043a\u0440\u043e\u0432\u0430\u0442\u043a\u0438, \u0421\u041a\u0418\u0414\u041a\u0418, \u043c\u0430\u0442\u0440\u0430\u0441 60x120, M\u0435\u0431\u0435\u043b\u044c, Ha c\u043a\u043b\u0430\u0434\u0435, Ladu t\u00fchjaks, Beebipood","isPartOf":{"@id":"https:\/\/beebipood.ee\/ru\/#website"},"primaryImageOfPage":{"@id":"https:\/\/beebipood.ee\/ru\/produkt\/beebivoodikomplekt-moon-60x120\/#primaryimage"},"image":{"@id":"https:\/\/beebipood.ee\/ru\/produkt\/beebivoodikomplekt-moon-60x120\/#primaryimage"},"thumbnailUrl":"https:\/\/beebipood.ee\/wp-content\/uploads\/2014\/11\/Beebivoodikomplekt-Moon-60x120-Beebivoodid-reisivoodid-hallid-Tubade-komplektid-Vorevoodid-madratsile-60x120_3-d0a.jpg","datePublished":"2014-11-15T07:02:03+00:00","dateModified":"2025-01-09T08:51:00+00:00","description":"Beebivoodikomplekt Moon 60x120, Moon komplektil on ainulaadne, lihtne ja kaasaegne disain valmistatud MDF plaadist valmistamisel on kasutatud kaa","breadcrumb":{"@id":"https:\/\/beebipood.ee\/ru\/produkt\/beebivoodikomplekt-moon-60x120\/#breadcrumb"},"inLanguage":"ru-RU","potentialAction":[{"@type":"ReadAction","target":["https:\/\/beebipood.ee\/ru\/produkt\/beebivoodikomplekt-moon-60x120\/"]}]},{"@type":"ImageObject","inLanguage":"ru-RU","@id":"https:\/\/beebipood.ee\/ru\/produkt\/beebivoodikomplekt-moon-60x120\/#primaryimage","url":"https:\/\/beebipood.ee\/wp-content\/uploads\/2014\/11\/Beebivoodikomplekt-Moon-60x120-Beebivoodid-reisivoodid-hallid-Tubade-komplektid-Vorevoodid-madratsile-60x120_3-d0a.jpg","contentUrl":"https:\/\/beebipood.ee\/wp-content\/uploads\/2014\/11\/Beebivoodikomplekt-Moon-60x120-Beebivoodid-reisivoodid-hallid-Tubade-komplektid-Vorevoodid-madratsile-60x120_3-d0a.jpg","width":1600,"height":1238},{"@type":"BreadcrumbList","@id":"https:\/\/beebipood.ee\/ru\/produkt\/beebivoodikomplekt-moon-60x120\/#breadcrumb","itemListElement":[{"@type":"ListItem","position":1,"name":"Home","item":"https:\/\/beebipood.ee\/ru\/"},{"@type":"ListItem","position":2,"name":"\u041a\u0430\u0442\u0430\u043b\u043e\u0433 \u0442\u043e\u0432\u0430\u0440\u043e\u0432","item":"https:\/\/beebipood.ee\/tooted\/"},{"@type":"ListItem","position":3,"name":"Beebivoodikomplekt Moon 60&#215;120"}]},{"@type":"WebSite","@id":"https:\/\/beebipood.ee\/ru\/#website","url":"https:\/\/beebipood.ee\/ru\/","name":"Beebipood","description":"Lastekaubad, beebikaubad, m\u00e4nguasjad","publisher":{"@id":"https:\/\/beebipood.ee\/ru\/#organization"},"potentialAction":[{"@type":"SearchAction","target":{"@type":"EntryPoint","urlTemplate":"https:\/\/beebipood.ee\/ru\/?s={search_term_string}"},"query-input":{"@type":"PropertyValueSpecification","valueRequired":true,"valueName":"search_term_string"}}],"inLanguage":"ru-RU"},{"@type":"Organization","@id":"https:\/\/beebipood.ee\/ru\/#organization","name":"Beebipood","url":"https:\/\/beebipood.ee\/ru\/","logo":{"@type":"ImageObject","inLanguage":"ru-RU","@id":"https:\/\/beebipood.ee\/ru\/#\/schema\/logo\/image\/","url":"https:\/\/beebipood.ee\/wp-content\/uploads\/2025\/03\/beebipood.ee-logo-1.svg","contentUrl":"https:\/\/beebipood.ee\/wp-content\/uploads\/2025\/03\/beebipood.ee-logo-1.svg","caption":"Beebipood"},"image":{"@id":"https:\/\/beebipood.ee\/ru\/#\/schema\/logo\/image\/"}}]}},"brands":[],"_links":{"self":[{"href":"https:\/\/beebipood.ee\/ru\/wp-json\/wp\/v2\/product\/455992","targetHints":{"allow":["GET"]}}],"collection":[{"href":"https:\/\/beebipood.ee\/ru\/wp-json\/wp\/v2\/product"}],"about":[{"href":"https:\/\/beebipood.ee\/ru\/wp-json\/wp\/v2\/types\/product"}],"wp:featuredmedia":[{"embeddable":true,"href":"https:\/\/beebipood.ee\/ru\/wp-json\/wp\/v2\/media\/105121"}],"wp:attachment":[{"href":"https:\/\/beebipood.ee\/ru\/wp-json\/wp\/v2\/media?parent=455992"}],"wp:term":[{"taxonomy":"pwb-brand","embeddable":true,"href":"https:\/\/beebipood.ee\/ru\/wp-json\/wp\/v2\/pwb-brand?post=455992"},{"taxonomy":"product_brand","embeddable":true,"href":"https:\/\/beebipood.ee\/ru\/wp-json\/wp\/v2\/product_brand?post=455992"},{"taxonomy":"product_cat","embeddable":true,"href":"https:\/\/beebipood.ee\/ru\/wp-json\/wp\/v2\/product_cat?post=455992"},{"taxonomy":"product_tag","embeddable":true,"href":"https:\/\/beebipood.ee\/ru\/wp-json\/wp\/v2\/product_tag?post=455992"}],"curies":[{"name":"wp","href":"https:\/\/api.w.org\/{rel}","templated":true}]}}