{"id":456036,"date":"2014-12-02T17:29:32","date_gmt":"2014-12-02T15:29:32","guid":{"rendered":"https:\/\/beebipood.ee\/toode\/beebivoodi-swing-60x120-cm-grey\/"},"modified":"2025-01-09T10:50:58","modified_gmt":"2025-01-09T08:50:58","slug":"beebivoodi-swing-60x120-cm-grey","status":"publish","type":"product","link":"https:\/\/beebipood.ee\/ru\/produkt\/beebivoodi-swing-60x120-cm-grey\/","title":{"rendered":"Beebivoodi Swing 60&#215;120 cm, Grey"},"content":{"rendered":"<p><span>valmistatud MDF&#8217;st ja t\u00e4ispuidust<\/span><br \/><span>MDF on sertifitseeritud ja vastab Euroopa normidele ohutusn\u00f5uete ning vastupidavuse seisukohalt<\/span><br \/><span>viimistlus: hall\/natural<\/span><br \/><span>sobib nii poisi kui t\u00fcdruku tuppa<\/span><br \/><span>valmistamisel on kasutatud kaasaegset tehnoloogiat ja A-klass tarvikuid ning furnituure<\/span><br \/><span>parim toode perele kes hindab kvaliteeti ning huvitavat disain<\/span><br \/><span>voodip\u00f5hja v\u00f5imalik t\u00f5sta 3 erinevat k\u00f5rgust<\/span><br \/><span>v\u00f5imalik k\u00fclje pulkasid \u00e4ra v\u00f5tta (2 tk. keskelt)<\/span><br \/><span>komplektis on v\u00e4ike\u00a0<\/span><span>turvapiire<\/span><br \/><span>sobib madrats m\u00f5\u00f5duga 120x60cm<\/span><br \/><span>madrats ei ole hinna sees<\/span><br \/><span>viimistlemisel on kasutatud ainult sertifitseeritud orgaanilisi v\u00e4rve<\/span><br \/><span>toode vastab k\u00f5ikidele EN turvastandarditele<\/span><\/p>\n","protected":false},"excerpt":{"rendered":"<p>valmistatud MDF&#8217;st ja t\u00e4ispuidustMDF on sertifitseeritud ja vastab Euroopa normidele ohutusn\u00f5uete ning vastupidavuse seisukohaltviimistlus: hall\/naturalsobib nii poisi kui t\u00fcdruku tuppavalmistamisel on kasutatud kaasaegset tehnoloogiat ja A-klass tarvikuid ning furnituureparim toode perele kes hindab kvaliteeti ning huvitavat disainvoodip\u00f5hja v\u00f5imalik t\u00f5sta 3 erinevat k\u00f5rgustv\u00f5imalik k\u00fclje pulkasid \u00e4ra v\u00f5tta (2 tk. keskelt)komplektis on v\u00e4ike\u00a0turvapiiresobib madrats m\u00f5\u00f5duga 120x60cmmadrats ei [&hellip;]<\/p>\n","protected":false},"featured_media":105155,"template":"","meta":{"_acf_changed":false},"pwb-brand":[],"product_brand":[],"product_cat":[11567,11745,11553,11789],"product_tag":[],"class_list":{"0":"post-456036","1":"product","2":"type-product","3":"status-publish","4":"has-post-thumbnail","6":"product_cat-vorevoodid-ru","7":"product_cat-madratsile-60x120-ru","8":"product_cat-beebivoodid-reisivoodid-hallid-ru","9":"product_cat-lastemoobel-ja-sisustus-ru","11":"first","12":"onbackorder","13":"sale","14":"taxable","15":"shipping-taxable","16":"purchasable","17":"product-type-simple"},"exclude_global_add_ons":[],"addons":[],"acf":[],"yoast_head":"<!-- This site is optimized with the Yoast SEO plugin v27.1.1 - https:\/\/yoast.com\/product\/yoast-seo-wordpress\/ -->\n<title>Beebivoodi Swing 60x120 cm, Grey, \u0414\u0435\u0442\u0441\u043a\u0438e \u043a\u0440\u043e\u0432\u0430\u0442\u043a\u0438, \u043f\u0435\u0440\u0435\u043d\u043e\u0441\u043d\u044b\u0435 \u043a\u0440\u043e\u0432\u0430\u0442\u043a\u0438, \u043b\u044e\u043b\u044c\u043a\u0438, \u0414\u0435\u0442\u0441\u043a\u0438e \u043a\u0440\u043e\u0432\u0430\u0442\u043a\u0438, \u041d\u041e\u0412\u042b\u0415 \u0422\u041e\u0412\u0410\u0420\u042b, \u043c\u0430\u0442\u0440\u0430\u0441 60x120, M\u0435\u0431\u0435\u043b\u044c, Beebipood<\/title>\n<meta name=\"description\" content=\"Beebivoodi Swing 60x120 cm, Grey, valmistatud MDF&#039;st ja t&auml;ispuidustMDF on sertifitseeritud ja vastab Euroopa normidele ohutusn&amp;\" \/>\n<meta name=\"robots\" content=\"index, follow, max-snippet:-1, max-image-preview:large, max-video-preview:-1\" \/>\n<link rel=\"canonical\" href=\"https:\/\/beebipood.ee\/ru\/produkt\/beebivoodi-swing-60x120-cm-grey\/\" \/>\n<meta property=\"og:locale\" content=\"ru_RU\" \/>\n<meta property=\"og:type\" content=\"article\" \/>\n<meta property=\"og:title\" content=\"Beebivoodi Swing 60x120 cm, Grey, \u0414\u0435\u0442\u0441\u043a\u0438e \u043a\u0440\u043e\u0432\u0430\u0442\u043a\u0438, \u043f\u0435\u0440\u0435\u043d\u043e\u0441\u043d\u044b\u0435 \u043a\u0440\u043e\u0432\u0430\u0442\u043a\u0438, \u043b\u044e\u043b\u044c\u043a\u0438, \u0414\u0435\u0442\u0441\u043a\u0438e \u043a\u0440\u043e\u0432\u0430\u0442\u043a\u0438, \u041d\u041e\u0412\u042b\u0415 \u0422\u041e\u0412\u0410\u0420\u042b, \u043c\u0430\u0442\u0440\u0430\u0441 60x120, M\u0435\u0431\u0435\u043b\u044c, Beebipood\" \/>\n<meta property=\"og:description\" content=\"Beebivoodi Swing 60x120 cm, Grey, valmistatud MDF&#039;st ja t&auml;ispuidustMDF on sertifitseeritud ja vastab Euroopa normidele ohutusn&amp;\" \/>\n<meta property=\"og:url\" content=\"https:\/\/beebipood.ee\/ru\/produkt\/beebivoodi-swing-60x120-cm-grey\/\" \/>\n<meta property=\"og:site_name\" content=\"Beebipood\" \/>\n<meta property=\"article:modified_time\" content=\"2025-01-09T08:50:58+00:00\" \/>\n<meta property=\"og:image\" content=\"https:\/\/beebipood.ee\/wp-content\/uploads\/2014\/12\/Beebivoodi-Swing-60x120-cm-Grey-Beebivoodid-reisivoodid-hallid-Vorevoodid-madratsile-70x140_2-7bf-scaled.jpg\" \/>\n\t<meta property=\"og:image:width\" content=\"2560\" \/>\n\t<meta property=\"og:image:height\" content=\"2560\" \/>\n\t<meta property=\"og:image:type\" content=\"image\/jpeg\" \/>\n<meta name=\"twitter:card\" content=\"summary_large_image\" \/>\n<script type=\"application\/ld+json\" class=\"yoast-schema-graph\">{\"@context\":\"https:\/\/schema.org\",\"@graph\":[{\"@type\":\"WebPage\",\"@id\":\"https:\/\/beebipood.ee\/ru\/produkt\/beebivoodi-swing-60x120-cm-grey\/\",\"url\":\"https:\/\/beebipood.ee\/ru\/produkt\/beebivoodi-swing-60x120-cm-grey\/\",\"name\":\"Beebivoodi Swing 60x120 cm, Grey, \u0414\u0435\u0442\u0441\u043a\u0438e \u043a\u0440\u043e\u0432\u0430\u0442\u043a\u0438, \u043f\u0435\u0440\u0435\u043d\u043e\u0441\u043d\u044b\u0435 \u043a\u0440\u043e\u0432\u0430\u0442\u043a\u0438, \u043b\u044e\u043b\u044c\u043a\u0438, \u0414\u0435\u0442\u0441\u043a\u0438e \u043a\u0440\u043e\u0432\u0430\u0442\u043a\u0438, \u041d\u041e\u0412\u042b\u0415 \u0422\u041e\u0412\u0410\u0420\u042b, \u043c\u0430\u0442\u0440\u0430\u0441 60x120, M\u0435\u0431\u0435\u043b\u044c, Beebipood\",\"isPartOf\":{\"@id\":\"https:\/\/beebipood.ee\/ru\/#website\"},\"primaryImageOfPage\":{\"@id\":\"https:\/\/beebipood.ee\/ru\/produkt\/beebivoodi-swing-60x120-cm-grey\/#primaryimage\"},\"image\":{\"@id\":\"https:\/\/beebipood.ee\/ru\/produkt\/beebivoodi-swing-60x120-cm-grey\/#primaryimage\"},\"thumbnailUrl\":\"https:\/\/beebipood.ee\/wp-content\/uploads\/2014\/12\/Beebivoodi-Swing-60x120-cm-Grey-Beebivoodid-reisivoodid-hallid-Vorevoodid-madratsile-70x140_2-7bf-scaled.jpg\",\"datePublished\":\"2014-12-02T15:29:32+00:00\",\"dateModified\":\"2025-01-09T08:50:58+00:00\",\"description\":\"Beebivoodi Swing 60x120 cm, Grey, valmistatud MDF'st ja t&auml;ispuidustMDF on sertifitseeritud ja vastab Euroopa normidele ohutusn&\",\"breadcrumb\":{\"@id\":\"https:\/\/beebipood.ee\/ru\/produkt\/beebivoodi-swing-60x120-cm-grey\/#breadcrumb\"},\"inLanguage\":\"ru-RU\",\"potentialAction\":[{\"@type\":\"ReadAction\",\"target\":[\"https:\/\/beebipood.ee\/ru\/produkt\/beebivoodi-swing-60x120-cm-grey\/\"]}]},{\"@type\":\"ImageObject\",\"inLanguage\":\"ru-RU\",\"@id\":\"https:\/\/beebipood.ee\/ru\/produkt\/beebivoodi-swing-60x120-cm-grey\/#primaryimage\",\"url\":\"https:\/\/beebipood.ee\/wp-content\/uploads\/2014\/12\/Beebivoodi-Swing-60x120-cm-Grey-Beebivoodid-reisivoodid-hallid-Vorevoodid-madratsile-70x140_2-7bf-scaled.jpg\",\"contentUrl\":\"https:\/\/beebipood.ee\/wp-content\/uploads\/2014\/12\/Beebivoodi-Swing-60x120-cm-Grey-Beebivoodid-reisivoodid-hallid-Vorevoodid-madratsile-70x140_2-7bf-scaled.jpg\",\"width\":2560,\"height\":2560},{\"@type\":\"BreadcrumbList\",\"@id\":\"https:\/\/beebipood.ee\/ru\/produkt\/beebivoodi-swing-60x120-cm-grey\/#breadcrumb\",\"itemListElement\":[{\"@type\":\"ListItem\",\"position\":1,\"name\":\"Home\",\"item\":\"https:\/\/beebipood.ee\/ru\/\"},{\"@type\":\"ListItem\",\"position\":2,\"name\":\"\u041a\u0430\u0442\u0430\u043b\u043e\u0433 \u0442\u043e\u0432\u0430\u0440\u043e\u0432\",\"item\":\"https:\/\/beebipood.ee\/tooted\/\"},{\"@type\":\"ListItem\",\"position\":3,\"name\":\"Beebivoodi Swing 60&#215;120 cm, Grey\"}]},{\"@type\":\"WebSite\",\"@id\":\"https:\/\/beebipood.ee\/ru\/#website\",\"url\":\"https:\/\/beebipood.ee\/ru\/\",\"name\":\"Beebipood\",\"description\":\"Lastekaubad, beebikaubad, m\u00e4nguasjad\",\"publisher\":{\"@id\":\"https:\/\/beebipood.ee\/ru\/#organization\"},\"potentialAction\":[{\"@type\":\"SearchAction\",\"target\":{\"@type\":\"EntryPoint\",\"urlTemplate\":\"https:\/\/beebipood.ee\/ru\/?s={search_term_string}\"},\"query-input\":{\"@type\":\"PropertyValueSpecification\",\"valueRequired\":true,\"valueName\":\"search_term_string\"}}],\"inLanguage\":\"ru-RU\"},{\"@type\":\"Organization\",\"@id\":\"https:\/\/beebipood.ee\/ru\/#organization\",\"name\":\"Beebipood\",\"url\":\"https:\/\/beebipood.ee\/ru\/\",\"logo\":{\"@type\":\"ImageObject\",\"inLanguage\":\"ru-RU\",\"@id\":\"https:\/\/beebipood.ee\/ru\/#\/schema\/logo\/image\/\",\"url\":\"https:\/\/beebipood.ee\/wp-content\/uploads\/2025\/03\/beebipood.ee-logo-1.svg\",\"contentUrl\":\"https:\/\/beebipood.ee\/wp-content\/uploads\/2025\/03\/beebipood.ee-logo-1.svg\",\"caption\":\"Beebipood\"},\"image\":{\"@id\":\"https:\/\/beebipood.ee\/ru\/#\/schema\/logo\/image\/\"}}]}<\/script>\n<!-- \/ Yoast SEO plugin. -->","yoast_head_json":{"title":"Beebivoodi Swing 60x120 cm, Grey, \u0414\u0435\u0442\u0441\u043a\u0438e \u043a\u0440\u043e\u0432\u0430\u0442\u043a\u0438, \u043f\u0435\u0440\u0435\u043d\u043e\u0441\u043d\u044b\u0435 \u043a\u0440\u043e\u0432\u0430\u0442\u043a\u0438, \u043b\u044e\u043b\u044c\u043a\u0438, \u0414\u0435\u0442\u0441\u043a\u0438e \u043a\u0440\u043e\u0432\u0430\u0442\u043a\u0438, \u041d\u041e\u0412\u042b\u0415 \u0422\u041e\u0412\u0410\u0420\u042b, \u043c\u0430\u0442\u0440\u0430\u0441 60x120, M\u0435\u0431\u0435\u043b\u044c, Beebipood","description":"Beebivoodi Swing 60x120 cm, Grey, valmistatud MDF'st ja t&auml;ispuidustMDF on sertifitseeritud ja vastab Euroopa normidele ohutusn&","robots":{"index":"index","follow":"follow","max-snippet":"max-snippet:-1","max-image-preview":"max-image-preview:large","max-video-preview":"max-video-preview:-1"},"canonical":"https:\/\/beebipood.ee\/ru\/produkt\/beebivoodi-swing-60x120-cm-grey\/","og_locale":"ru_RU","og_type":"article","og_title":"Beebivoodi Swing 60x120 cm, Grey, \u0414\u0435\u0442\u0441\u043a\u0438e \u043a\u0440\u043e\u0432\u0430\u0442\u043a\u0438, \u043f\u0435\u0440\u0435\u043d\u043e\u0441\u043d\u044b\u0435 \u043a\u0440\u043e\u0432\u0430\u0442\u043a\u0438, \u043b\u044e\u043b\u044c\u043a\u0438, \u0414\u0435\u0442\u0441\u043a\u0438e \u043a\u0440\u043e\u0432\u0430\u0442\u043a\u0438, \u041d\u041e\u0412\u042b\u0415 \u0422\u041e\u0412\u0410\u0420\u042b, \u043c\u0430\u0442\u0440\u0430\u0441 60x120, M\u0435\u0431\u0435\u043b\u044c, Beebipood","og_description":"Beebivoodi Swing 60x120 cm, Grey, valmistatud MDF'st ja t&auml;ispuidustMDF on sertifitseeritud ja vastab Euroopa normidele ohutusn&","og_url":"https:\/\/beebipood.ee\/ru\/produkt\/beebivoodi-swing-60x120-cm-grey\/","og_site_name":"Beebipood","article_modified_time":"2025-01-09T08:50:58+00:00","og_image":[{"width":2560,"height":2560,"url":"https:\/\/beebipood.ee\/wp-content\/uploads\/2014\/12\/Beebivoodi-Swing-60x120-cm-Grey-Beebivoodid-reisivoodid-hallid-Vorevoodid-madratsile-70x140_2-7bf-scaled.jpg","type":"image\/jpeg"}],"twitter_card":"summary_large_image","schema":{"@context":"https:\/\/schema.org","@graph":[{"@type":"WebPage","@id":"https:\/\/beebipood.ee\/ru\/produkt\/beebivoodi-swing-60x120-cm-grey\/","url":"https:\/\/beebipood.ee\/ru\/produkt\/beebivoodi-swing-60x120-cm-grey\/","name":"Beebivoodi Swing 60x120 cm, Grey, \u0414\u0435\u0442\u0441\u043a\u0438e \u043a\u0440\u043e\u0432\u0430\u0442\u043a\u0438, \u043f\u0435\u0440\u0435\u043d\u043e\u0441\u043d\u044b\u0435 \u043a\u0440\u043e\u0432\u0430\u0442\u043a\u0438, \u043b\u044e\u043b\u044c\u043a\u0438, \u0414\u0435\u0442\u0441\u043a\u0438e \u043a\u0440\u043e\u0432\u0430\u0442\u043a\u0438, \u041d\u041e\u0412\u042b\u0415 \u0422\u041e\u0412\u0410\u0420\u042b, \u043c\u0430\u0442\u0440\u0430\u0441 60x120, M\u0435\u0431\u0435\u043b\u044c, Beebipood","isPartOf":{"@id":"https:\/\/beebipood.ee\/ru\/#website"},"primaryImageOfPage":{"@id":"https:\/\/beebipood.ee\/ru\/produkt\/beebivoodi-swing-60x120-cm-grey\/#primaryimage"},"image":{"@id":"https:\/\/beebipood.ee\/ru\/produkt\/beebivoodi-swing-60x120-cm-grey\/#primaryimage"},"thumbnailUrl":"https:\/\/beebipood.ee\/wp-content\/uploads\/2014\/12\/Beebivoodi-Swing-60x120-cm-Grey-Beebivoodid-reisivoodid-hallid-Vorevoodid-madratsile-70x140_2-7bf-scaled.jpg","datePublished":"2014-12-02T15:29:32+00:00","dateModified":"2025-01-09T08:50:58+00:00","description":"Beebivoodi Swing 60x120 cm, Grey, valmistatud MDF'st ja t&auml;ispuidustMDF on sertifitseeritud ja vastab Euroopa normidele ohutusn&","breadcrumb":{"@id":"https:\/\/beebipood.ee\/ru\/produkt\/beebivoodi-swing-60x120-cm-grey\/#breadcrumb"},"inLanguage":"ru-RU","potentialAction":[{"@type":"ReadAction","target":["https:\/\/beebipood.ee\/ru\/produkt\/beebivoodi-swing-60x120-cm-grey\/"]}]},{"@type":"ImageObject","inLanguage":"ru-RU","@id":"https:\/\/beebipood.ee\/ru\/produkt\/beebivoodi-swing-60x120-cm-grey\/#primaryimage","url":"https:\/\/beebipood.ee\/wp-content\/uploads\/2014\/12\/Beebivoodi-Swing-60x120-cm-Grey-Beebivoodid-reisivoodid-hallid-Vorevoodid-madratsile-70x140_2-7bf-scaled.jpg","contentUrl":"https:\/\/beebipood.ee\/wp-content\/uploads\/2014\/12\/Beebivoodi-Swing-60x120-cm-Grey-Beebivoodid-reisivoodid-hallid-Vorevoodid-madratsile-70x140_2-7bf-scaled.jpg","width":2560,"height":2560},{"@type":"BreadcrumbList","@id":"https:\/\/beebipood.ee\/ru\/produkt\/beebivoodi-swing-60x120-cm-grey\/#breadcrumb","itemListElement":[{"@type":"ListItem","position":1,"name":"Home","item":"https:\/\/beebipood.ee\/ru\/"},{"@type":"ListItem","position":2,"name":"\u041a\u0430\u0442\u0430\u043b\u043e\u0433 \u0442\u043e\u0432\u0430\u0440\u043e\u0432","item":"https:\/\/beebipood.ee\/tooted\/"},{"@type":"ListItem","position":3,"name":"Beebivoodi Swing 60&#215;120 cm, Grey"}]},{"@type":"WebSite","@id":"https:\/\/beebipood.ee\/ru\/#website","url":"https:\/\/beebipood.ee\/ru\/","name":"Beebipood","description":"Lastekaubad, beebikaubad, m\u00e4nguasjad","publisher":{"@id":"https:\/\/beebipood.ee\/ru\/#organization"},"potentialAction":[{"@type":"SearchAction","target":{"@type":"EntryPoint","urlTemplate":"https:\/\/beebipood.ee\/ru\/?s={search_term_string}"},"query-input":{"@type":"PropertyValueSpecification","valueRequired":true,"valueName":"search_term_string"}}],"inLanguage":"ru-RU"},{"@type":"Organization","@id":"https:\/\/beebipood.ee\/ru\/#organization","name":"Beebipood","url":"https:\/\/beebipood.ee\/ru\/","logo":{"@type":"ImageObject","inLanguage":"ru-RU","@id":"https:\/\/beebipood.ee\/ru\/#\/schema\/logo\/image\/","url":"https:\/\/beebipood.ee\/wp-content\/uploads\/2025\/03\/beebipood.ee-logo-1.svg","contentUrl":"https:\/\/beebipood.ee\/wp-content\/uploads\/2025\/03\/beebipood.ee-logo-1.svg","caption":"Beebipood"},"image":{"@id":"https:\/\/beebipood.ee\/ru\/#\/schema\/logo\/image\/"}}]}},"brands":[],"_links":{"self":[{"href":"https:\/\/beebipood.ee\/ru\/wp-json\/wp\/v2\/product\/456036","targetHints":{"allow":["GET"]}}],"collection":[{"href":"https:\/\/beebipood.ee\/ru\/wp-json\/wp\/v2\/product"}],"about":[{"href":"https:\/\/beebipood.ee\/ru\/wp-json\/wp\/v2\/types\/product"}],"wp:featuredmedia":[{"embeddable":true,"href":"https:\/\/beebipood.ee\/ru\/wp-json\/wp\/v2\/media\/105155"}],"wp:attachment":[{"href":"https:\/\/beebipood.ee\/ru\/wp-json\/wp\/v2\/media?parent=456036"}],"wp:term":[{"taxonomy":"pwb-brand","embeddable":true,"href":"https:\/\/beebipood.ee\/ru\/wp-json\/wp\/v2\/pwb-brand?post=456036"},{"taxonomy":"product_brand","embeddable":true,"href":"https:\/\/beebipood.ee\/ru\/wp-json\/wp\/v2\/product_brand?post=456036"},{"taxonomy":"product_cat","embeddable":true,"href":"https:\/\/beebipood.ee\/ru\/wp-json\/wp\/v2\/product_cat?post=456036"},{"taxonomy":"product_tag","embeddable":true,"href":"https:\/\/beebipood.ee\/ru\/wp-json\/wp\/v2\/product_tag?post=456036"}],"curies":[{"name":"wp","href":"https:\/\/api.w.org\/{rel}","templated":true}]}}