{"id":456052,"date":"2014-12-08T16:23:15","date_gmt":"2014-12-08T14:23:15","guid":{"rendered":"https:\/\/beebipood.ee\/toode\/kummut-swing-wide-mahkimisalusga-grey\/"},"modified":"2025-01-09T10:50:57","modified_gmt":"2025-01-09T08:50:57","slug":"kummut-swing-wide-mahkimisalusga-grey","status":"publish","type":"product","link":"https:\/\/beebipood.ee\/ru\/produkt\/kummut-swing-wide-mahkimisalusga-grey\/","title":{"rendered":"Kummut Swing wide m\u00e4hkimisalusega, Grey"},"content":{"rendered":"<p><span>tugev ja vastupidav kummut<\/span><br \/><span>valmistatud: m\u00f6\u00f6bliplaat, MDF ja t\u00e4ispuit<\/span><br \/><span>viimistlus: hall\/natural<\/span><br \/><span>sobib nii poisi kui t\u00fcdruku tuppa<\/span><br \/><span>valmistamisel on kasutatud kaasaegset tehnoloogiat ja A-klass tarvikuid ning furnituure<\/span><br \/><span>parim toode perele kes hindab kvaliteeti ning disain<\/span><br \/><span>kummutil on neli sahtlit ja \u00fcks uks<\/span><br \/><span>kummut on varustatud aeglaselt sulguvate furnituuridega<\/span><br \/><span>vaikne ja mugav kasutada<\/span><br \/><span>kummutil on m\u00e4hkimisalus, mida saab kergesti eemaldada<\/span><br \/><span>kummutit saab hiljem kasutada ilma m\u00e4hkimisaluseta<\/span><br \/><span>viimistlemisel on kasutatud ainult sertifitseeritud orgaanilisi v\u00e4rve<\/span><br \/><span>toode vastab k\u00f5ikidele EN turvastandarditele<\/span><\/p>\n","protected":false},"excerpt":{"rendered":"<p>tugev ja vastupidav kummutvalmistatud: m\u00f6\u00f6bliplaat, MDF ja t\u00e4ispuitviimistlus: hall\/naturalsobib nii poisi kui t\u00fcdruku tuppavalmistamisel on kasutatud kaasaegset tehnoloogiat ja A-klass tarvikuid ning furnituureparim toode perele kes hindab kvaliteeti ning disainkummutil on neli sahtlit ja \u00fcks ukskummut on varustatud aeglaselt sulguvate furnituuridegavaikne ja mugav kasutadakummutil on m\u00e4hkimisalus, mida saab kergesti eemaldadakummutit saab hiljem kasutada ilma m\u00e4hkimisalusetaviimistlemisel [&hellip;]<\/p>\n","protected":false},"featured_media":105199,"template":"","meta":{"_acf_changed":false},"pwb-brand":[],"product_brand":[],"product_cat":[11627,11711,11623,11789],"product_tag":[],"class_list":{"0":"post-456052","1":"product","2":"type-product","3":"status-publish","4":"has-post-thumbnail","6":"product_cat-kummutid-ru","7":"product_cat-mahkimisalused-ja-riiulid-ru","8":"product_cat-kummutid-kastid-ru","9":"product_cat-lastemoobel-ja-sisustus-ru","11":"first","12":"onbackorder","13":"sale","14":"taxable","15":"shipping-taxable","16":"purchasable","17":"product-type-simple"},"exclude_global_add_ons":[],"addons":[],"acf":[],"yoast_head":"<!-- This site is optimized with the Yoast SEO plugin v27.1.1 - https:\/\/yoast.com\/product\/yoast-seo-wordpress\/ -->\n<title>Kummut Swing wide m\u00e4hkimisalusega, Grey, K\u043e\u043c\u043e\u0434\u044b, \u044f\u0449\u0438\u043a\u0438, K\u043e\u043c\u043e\u0434\u044b, \u041f\u0435\u043b\u0435\u043d\u0430\u043b\u044c\u043d\u044b\u0435 \u0441\u0442\u043e\u043b\u0438\u043a\u0438 \u0438 \u043f\u043e\u043b\u043a\u0438, M\u0435\u0431\u0435\u043b\u044c, Beebipood<\/title>\n<meta name=\"description\" content=\"Kummut Swing wide m\u00e4hkimisalusega, Grey, tugev ja vastupidav kummutvalmistatud: m&ouml;&ouml;bliplaat, MDF ja t&auml;ispuit&lt;\" \/>\n<meta name=\"robots\" content=\"index, follow, max-snippet:-1, max-image-preview:large, max-video-preview:-1\" \/>\n<link rel=\"canonical\" href=\"https:\/\/beebipood.ee\/ru\/produkt\/kummut-swing-wide-mahkimisalusga-grey\/\" \/>\n<meta property=\"og:locale\" content=\"ru_RU\" \/>\n<meta property=\"og:type\" content=\"article\" \/>\n<meta property=\"og:title\" content=\"Kummut Swing wide m\u00e4hkimisalusega, Grey, K\u043e\u043c\u043e\u0434\u044b, \u044f\u0449\u0438\u043a\u0438, K\u043e\u043c\u043e\u0434\u044b, \u041f\u0435\u043b\u0435\u043d\u0430\u043b\u044c\u043d\u044b\u0435 \u0441\u0442\u043e\u043b\u0438\u043a\u0438 \u0438 \u043f\u043e\u043b\u043a\u0438, M\u0435\u0431\u0435\u043b\u044c, Beebipood\" \/>\n<meta property=\"og:description\" content=\"Kummut Swing wide m\u00e4hkimisalusega, Grey, tugev ja vastupidav kummutvalmistatud: m&ouml;&ouml;bliplaat, MDF ja t&auml;ispuit&lt;\" \/>\n<meta property=\"og:url\" content=\"https:\/\/beebipood.ee\/ru\/produkt\/kummut-swing-wide-mahkimisalusga-grey\/\" \/>\n<meta property=\"og:site_name\" content=\"Beebipood\" \/>\n<meta property=\"article:modified_time\" content=\"2025-01-09T08:50:57+00:00\" \/>\n<meta property=\"og:image\" content=\"https:\/\/beebipood.ee\/wp-content\/uploads\/2014\/12\/Kummut-Swing-wide-mahkimisalusga-Grey-UUED-TOOTED-Kummutid-kastid-Kummutid-Mahkimisalused-ja-riiulid-Lastemoobel-ja-sisustus_4-f27.jpg\" \/>\n\t<meta property=\"og:image:width\" content=\"2268\" \/>\n\t<meta property=\"og:image:height\" content=\"2268\" \/>\n\t<meta property=\"og:image:type\" content=\"image\/jpeg\" \/>\n<meta name=\"twitter:card\" content=\"summary_large_image\" \/>\n<script type=\"application\/ld+json\" class=\"yoast-schema-graph\">{\"@context\":\"https:\/\/schema.org\",\"@graph\":[{\"@type\":\"WebPage\",\"@id\":\"https:\/\/beebipood.ee\/ru\/produkt\/kummut-swing-wide-mahkimisalusga-grey\/\",\"url\":\"https:\/\/beebipood.ee\/ru\/produkt\/kummut-swing-wide-mahkimisalusga-grey\/\",\"name\":\"Kummut Swing wide m\u00e4hkimisalusega, Grey, K\u043e\u043c\u043e\u0434\u044b, \u044f\u0449\u0438\u043a\u0438, K\u043e\u043c\u043e\u0434\u044b, \u041f\u0435\u043b\u0435\u043d\u0430\u043b\u044c\u043d\u044b\u0435 \u0441\u0442\u043e\u043b\u0438\u043a\u0438 \u0438 \u043f\u043e\u043b\u043a\u0438, M\u0435\u0431\u0435\u043b\u044c, Beebipood\",\"isPartOf\":{\"@id\":\"https:\/\/beebipood.ee\/ru\/#website\"},\"primaryImageOfPage\":{\"@id\":\"https:\/\/beebipood.ee\/ru\/produkt\/kummut-swing-wide-mahkimisalusga-grey\/#primaryimage\"},\"image\":{\"@id\":\"https:\/\/beebipood.ee\/ru\/produkt\/kummut-swing-wide-mahkimisalusga-grey\/#primaryimage\"},\"thumbnailUrl\":\"https:\/\/beebipood.ee\/wp-content\/uploads\/2014\/12\/Kummut-Swing-wide-mahkimisalusga-Grey-UUED-TOOTED-Kummutid-kastid-Kummutid-Mahkimisalused-ja-riiulid-Lastemoobel-ja-sisustus_4-f27.jpg\",\"datePublished\":\"2014-12-08T14:23:15+00:00\",\"dateModified\":\"2025-01-09T08:50:57+00:00\",\"description\":\"Kummut Swing wide m\u00e4hkimisalusega, Grey, tugev ja vastupidav kummutvalmistatud: m&ouml;&ouml;bliplaat, MDF ja t&auml;ispuit&lt;\",\"breadcrumb\":{\"@id\":\"https:\/\/beebipood.ee\/ru\/produkt\/kummut-swing-wide-mahkimisalusga-grey\/#breadcrumb\"},\"inLanguage\":\"ru-RU\",\"potentialAction\":[{\"@type\":\"ReadAction\",\"target\":[\"https:\/\/beebipood.ee\/ru\/produkt\/kummut-swing-wide-mahkimisalusga-grey\/\"]}]},{\"@type\":\"ImageObject\",\"inLanguage\":\"ru-RU\",\"@id\":\"https:\/\/beebipood.ee\/ru\/produkt\/kummut-swing-wide-mahkimisalusga-grey\/#primaryimage\",\"url\":\"https:\/\/beebipood.ee\/wp-content\/uploads\/2014\/12\/Kummut-Swing-wide-mahkimisalusga-Grey-UUED-TOOTED-Kummutid-kastid-Kummutid-Mahkimisalused-ja-riiulid-Lastemoobel-ja-sisustus_4-f27.jpg\",\"contentUrl\":\"https:\/\/beebipood.ee\/wp-content\/uploads\/2014\/12\/Kummut-Swing-wide-mahkimisalusga-Grey-UUED-TOOTED-Kummutid-kastid-Kummutid-Mahkimisalused-ja-riiulid-Lastemoobel-ja-sisustus_4-f27.jpg\",\"width\":2268,\"height\":2268},{\"@type\":\"BreadcrumbList\",\"@id\":\"https:\/\/beebipood.ee\/ru\/produkt\/kummut-swing-wide-mahkimisalusga-grey\/#breadcrumb\",\"itemListElement\":[{\"@type\":\"ListItem\",\"position\":1,\"name\":\"Home\",\"item\":\"https:\/\/beebipood.ee\/ru\/\"},{\"@type\":\"ListItem\",\"position\":2,\"name\":\"\u041a\u0430\u0442\u0430\u043b\u043e\u0433 \u0442\u043e\u0432\u0430\u0440\u043e\u0432\",\"item\":\"https:\/\/beebipood.ee\/tooted\/\"},{\"@type\":\"ListItem\",\"position\":3,\"name\":\"Kummut Swing wide m\u00e4hkimisalusega, Grey\"}]},{\"@type\":\"WebSite\",\"@id\":\"https:\/\/beebipood.ee\/ru\/#website\",\"url\":\"https:\/\/beebipood.ee\/ru\/\",\"name\":\"Beebipood\",\"description\":\"Lastekaubad, beebikaubad, m\u00e4nguasjad\",\"publisher\":{\"@id\":\"https:\/\/beebipood.ee\/ru\/#organization\"},\"potentialAction\":[{\"@type\":\"SearchAction\",\"target\":{\"@type\":\"EntryPoint\",\"urlTemplate\":\"https:\/\/beebipood.ee\/ru\/?s={search_term_string}\"},\"query-input\":{\"@type\":\"PropertyValueSpecification\",\"valueRequired\":true,\"valueName\":\"search_term_string\"}}],\"inLanguage\":\"ru-RU\"},{\"@type\":\"Organization\",\"@id\":\"https:\/\/beebipood.ee\/ru\/#organization\",\"name\":\"Beebipood\",\"url\":\"https:\/\/beebipood.ee\/ru\/\",\"logo\":{\"@type\":\"ImageObject\",\"inLanguage\":\"ru-RU\",\"@id\":\"https:\/\/beebipood.ee\/ru\/#\/schema\/logo\/image\/\",\"url\":\"https:\/\/beebipood.ee\/wp-content\/uploads\/2025\/03\/beebipood.ee-logo-1.svg\",\"contentUrl\":\"https:\/\/beebipood.ee\/wp-content\/uploads\/2025\/03\/beebipood.ee-logo-1.svg\",\"caption\":\"Beebipood\"},\"image\":{\"@id\":\"https:\/\/beebipood.ee\/ru\/#\/schema\/logo\/image\/\"}}]}<\/script>\n<!-- \/ Yoast SEO plugin. -->","yoast_head_json":{"title":"Kummut Swing wide m\u00e4hkimisalusega, Grey, K\u043e\u043c\u043e\u0434\u044b, \u044f\u0449\u0438\u043a\u0438, K\u043e\u043c\u043e\u0434\u044b, \u041f\u0435\u043b\u0435\u043d\u0430\u043b\u044c\u043d\u044b\u0435 \u0441\u0442\u043e\u043b\u0438\u043a\u0438 \u0438 \u043f\u043e\u043b\u043a\u0438, M\u0435\u0431\u0435\u043b\u044c, Beebipood","description":"Kummut Swing wide m\u00e4hkimisalusega, Grey, tugev ja vastupidav kummutvalmistatud: m&ouml;&ouml;bliplaat, MDF ja t&auml;ispuit&lt;","robots":{"index":"index","follow":"follow","max-snippet":"max-snippet:-1","max-image-preview":"max-image-preview:large","max-video-preview":"max-video-preview:-1"},"canonical":"https:\/\/beebipood.ee\/ru\/produkt\/kummut-swing-wide-mahkimisalusga-grey\/","og_locale":"ru_RU","og_type":"article","og_title":"Kummut Swing wide m\u00e4hkimisalusega, Grey, K\u043e\u043c\u043e\u0434\u044b, \u044f\u0449\u0438\u043a\u0438, K\u043e\u043c\u043e\u0434\u044b, \u041f\u0435\u043b\u0435\u043d\u0430\u043b\u044c\u043d\u044b\u0435 \u0441\u0442\u043e\u043b\u0438\u043a\u0438 \u0438 \u043f\u043e\u043b\u043a\u0438, M\u0435\u0431\u0435\u043b\u044c, Beebipood","og_description":"Kummut Swing wide m\u00e4hkimisalusega, Grey, tugev ja vastupidav kummutvalmistatud: m&ouml;&ouml;bliplaat, MDF ja t&auml;ispuit&lt;","og_url":"https:\/\/beebipood.ee\/ru\/produkt\/kummut-swing-wide-mahkimisalusga-grey\/","og_site_name":"Beebipood","article_modified_time":"2025-01-09T08:50:57+00:00","og_image":[{"width":2268,"height":2268,"url":"https:\/\/beebipood.ee\/wp-content\/uploads\/2014\/12\/Kummut-Swing-wide-mahkimisalusga-Grey-UUED-TOOTED-Kummutid-kastid-Kummutid-Mahkimisalused-ja-riiulid-Lastemoobel-ja-sisustus_4-f27.jpg","type":"image\/jpeg"}],"twitter_card":"summary_large_image","schema":{"@context":"https:\/\/schema.org","@graph":[{"@type":"WebPage","@id":"https:\/\/beebipood.ee\/ru\/produkt\/kummut-swing-wide-mahkimisalusga-grey\/","url":"https:\/\/beebipood.ee\/ru\/produkt\/kummut-swing-wide-mahkimisalusga-grey\/","name":"Kummut Swing wide m\u00e4hkimisalusega, Grey, K\u043e\u043c\u043e\u0434\u044b, \u044f\u0449\u0438\u043a\u0438, K\u043e\u043c\u043e\u0434\u044b, \u041f\u0435\u043b\u0435\u043d\u0430\u043b\u044c\u043d\u044b\u0435 \u0441\u0442\u043e\u043b\u0438\u043a\u0438 \u0438 \u043f\u043e\u043b\u043a\u0438, M\u0435\u0431\u0435\u043b\u044c, Beebipood","isPartOf":{"@id":"https:\/\/beebipood.ee\/ru\/#website"},"primaryImageOfPage":{"@id":"https:\/\/beebipood.ee\/ru\/produkt\/kummut-swing-wide-mahkimisalusga-grey\/#primaryimage"},"image":{"@id":"https:\/\/beebipood.ee\/ru\/produkt\/kummut-swing-wide-mahkimisalusga-grey\/#primaryimage"},"thumbnailUrl":"https:\/\/beebipood.ee\/wp-content\/uploads\/2014\/12\/Kummut-Swing-wide-mahkimisalusga-Grey-UUED-TOOTED-Kummutid-kastid-Kummutid-Mahkimisalused-ja-riiulid-Lastemoobel-ja-sisustus_4-f27.jpg","datePublished":"2014-12-08T14:23:15+00:00","dateModified":"2025-01-09T08:50:57+00:00","description":"Kummut Swing wide m\u00e4hkimisalusega, Grey, tugev ja vastupidav kummutvalmistatud: m&ouml;&ouml;bliplaat, MDF ja t&auml;ispuit&lt;","breadcrumb":{"@id":"https:\/\/beebipood.ee\/ru\/produkt\/kummut-swing-wide-mahkimisalusga-grey\/#breadcrumb"},"inLanguage":"ru-RU","potentialAction":[{"@type":"ReadAction","target":["https:\/\/beebipood.ee\/ru\/produkt\/kummut-swing-wide-mahkimisalusga-grey\/"]}]},{"@type":"ImageObject","inLanguage":"ru-RU","@id":"https:\/\/beebipood.ee\/ru\/produkt\/kummut-swing-wide-mahkimisalusga-grey\/#primaryimage","url":"https:\/\/beebipood.ee\/wp-content\/uploads\/2014\/12\/Kummut-Swing-wide-mahkimisalusga-Grey-UUED-TOOTED-Kummutid-kastid-Kummutid-Mahkimisalused-ja-riiulid-Lastemoobel-ja-sisustus_4-f27.jpg","contentUrl":"https:\/\/beebipood.ee\/wp-content\/uploads\/2014\/12\/Kummut-Swing-wide-mahkimisalusga-Grey-UUED-TOOTED-Kummutid-kastid-Kummutid-Mahkimisalused-ja-riiulid-Lastemoobel-ja-sisustus_4-f27.jpg","width":2268,"height":2268},{"@type":"BreadcrumbList","@id":"https:\/\/beebipood.ee\/ru\/produkt\/kummut-swing-wide-mahkimisalusga-grey\/#breadcrumb","itemListElement":[{"@type":"ListItem","position":1,"name":"Home","item":"https:\/\/beebipood.ee\/ru\/"},{"@type":"ListItem","position":2,"name":"\u041a\u0430\u0442\u0430\u043b\u043e\u0433 \u0442\u043e\u0432\u0430\u0440\u043e\u0432","item":"https:\/\/beebipood.ee\/tooted\/"},{"@type":"ListItem","position":3,"name":"Kummut Swing wide m\u00e4hkimisalusega, Grey"}]},{"@type":"WebSite","@id":"https:\/\/beebipood.ee\/ru\/#website","url":"https:\/\/beebipood.ee\/ru\/","name":"Beebipood","description":"Lastekaubad, beebikaubad, m\u00e4nguasjad","publisher":{"@id":"https:\/\/beebipood.ee\/ru\/#organization"},"potentialAction":[{"@type":"SearchAction","target":{"@type":"EntryPoint","urlTemplate":"https:\/\/beebipood.ee\/ru\/?s={search_term_string}"},"query-input":{"@type":"PropertyValueSpecification","valueRequired":true,"valueName":"search_term_string"}}],"inLanguage":"ru-RU"},{"@type":"Organization","@id":"https:\/\/beebipood.ee\/ru\/#organization","name":"Beebipood","url":"https:\/\/beebipood.ee\/ru\/","logo":{"@type":"ImageObject","inLanguage":"ru-RU","@id":"https:\/\/beebipood.ee\/ru\/#\/schema\/logo\/image\/","url":"https:\/\/beebipood.ee\/wp-content\/uploads\/2025\/03\/beebipood.ee-logo-1.svg","contentUrl":"https:\/\/beebipood.ee\/wp-content\/uploads\/2025\/03\/beebipood.ee-logo-1.svg","caption":"Beebipood"},"image":{"@id":"https:\/\/beebipood.ee\/ru\/#\/schema\/logo\/image\/"}}]}},"brands":[],"_links":{"self":[{"href":"https:\/\/beebipood.ee\/ru\/wp-json\/wp\/v2\/product\/456052","targetHints":{"allow":["GET"]}}],"collection":[{"href":"https:\/\/beebipood.ee\/ru\/wp-json\/wp\/v2\/product"}],"about":[{"href":"https:\/\/beebipood.ee\/ru\/wp-json\/wp\/v2\/types\/product"}],"wp:featuredmedia":[{"embeddable":true,"href":"https:\/\/beebipood.ee\/ru\/wp-json\/wp\/v2\/media\/105199"}],"wp:attachment":[{"href":"https:\/\/beebipood.ee\/ru\/wp-json\/wp\/v2\/media?parent=456052"}],"wp:term":[{"taxonomy":"pwb-brand","embeddable":true,"href":"https:\/\/beebipood.ee\/ru\/wp-json\/wp\/v2\/pwb-brand?post=456052"},{"taxonomy":"product_brand","embeddable":true,"href":"https:\/\/beebipood.ee\/ru\/wp-json\/wp\/v2\/product_brand?post=456052"},{"taxonomy":"product_cat","embeddable":true,"href":"https:\/\/beebipood.ee\/ru\/wp-json\/wp\/v2\/product_cat?post=456052"},{"taxonomy":"product_tag","embeddable":true,"href":"https:\/\/beebipood.ee\/ru\/wp-json\/wp\/v2\/product_tag?post=456052"}],"curies":[{"name":"wp","href":"https:\/\/api.w.org\/{rel}","templated":true}]}}