{"id":456056,"date":"2014-12-08T16:34:02","date_gmt":"2014-12-08T14:34:02","guid":{"rendered":"https:\/\/beebipood.ee\/toode\/riidekapp-swing-kolme-uksega-grey\/"},"modified":"2025-01-09T10:50:57","modified_gmt":"2025-01-09T08:50:57","slug":"riidekapp-swing-kolme-uksega-grey","status":"publish","type":"product","link":"https:\/\/beebipood.ee\/ru\/produkt\/riidekapp-swing-kolme-uksega-grey\/","title":{"rendered":"Riidekapp Swing kolme uksega, Grey"},"content":{"rendered":"<p><span>m\u00f6\u00f6bliplaat, MDF ja t\u00e4ispuit<\/span><br \/><span>viimistlus: hall\/natural<\/span><br \/><span>sobib nii poisi kui t\u00fcdruku tuppa<\/span><br \/><span>valmistamisel on kasutatud kaasaegset tehnoloogiat ja A-klass tarvikuid ning furnituure<\/span><br \/><span>parim toode perele kes hindab kvaliteeti ning huvitavat disain<\/span><br \/><span>uksed ja sahtlid on varustatud aeglaselt sulguvate furnituuridega<\/span><br \/><span>uste taga on viis riiulit ja kaks stanget riputatavate riiete jaoks<\/span><br \/><span>viimistlemisel on kasutatud ainult sertifitseeritud orgaanilisi v\u00e4rve<\/span><br \/><span>toode vastab k\u00f5ikidele EN turvastandarditele<\/span><\/p>\n","protected":false},"excerpt":{"rendered":"<p>m\u00f6\u00f6bliplaat, MDF ja t\u00e4ispuitviimistlus: hall\/naturalsobib nii poisi kui t\u00fcdruku tuppavalmistamisel on kasutatud kaasaegset tehnoloogiat ja A-klass tarvikuid ning furnituureparim toode perele kes hindab kvaliteeti ning huvitavat disainuksed ja sahtlid on varustatud aeglaselt sulguvate furnituuridegauste taga on viis riiulit ja kaks stanget riputatavate riiete jaoksviimistlemisel on kasutatud ainult sertifitseeritud orgaanilisi v\u00e4rvetoode vastab k\u00f5ikidele EN turvastandarditele<\/p>\n","protected":false},"featured_media":105207,"template":"","meta":{"_acf_changed":false},"pwb-brand":[],"product_brand":[],"product_cat":[11633,11631,11789],"product_tag":[],"class_list":{"0":"post-456056","1":"product","2":"type-product","3":"status-publish","4":"has-post-thumbnail","6":"product_cat-riidekapid-ru","7":"product_cat-kapid-riiulid-ru","8":"product_cat-lastemoobel-ja-sisustus-ru","10":"first","11":"onbackorder","12":"sale","13":"taxable","14":"shipping-taxable","15":"purchasable","16":"product-type-simple"},"exclude_global_add_ons":[],"addons":[],"acf":[],"yoast_head":"<!-- This site is optimized with the Yoast SEO plugin v27.1.1 - https:\/\/yoast.com\/product\/yoast-seo-wordpress\/ -->\n<title>Riidekapp Swing kolme uksega, Grey, \u041d\u041e\u0412\u042b\u0415 \u0422\u041e\u0412\u0410\u0420\u042b, \u0428\u043a\u0430\u0444\u044b, \u043f\u043e\u043b\u043a\u0438, \u041f\u043b\u0430\u0442\u044f\u043d\u044b\u0435 \u0448\u043a\u0430\u0444\u044b, M\u0435\u0431\u0435\u043b\u044c, Beebipood<\/title>\n<meta name=\"description\" content=\"Riidekapp Swing kolme uksega, Grey, m&ouml;&ouml;bliplaat, MDF ja t&auml;ispuitviimistlus: hall\/naturalsobib nii\" \/>\n<meta name=\"robots\" content=\"index, follow, max-snippet:-1, max-image-preview:large, max-video-preview:-1\" \/>\n<link rel=\"canonical\" href=\"https:\/\/beebipood.ee\/ru\/produkt\/riidekapp-swing-kolme-uksega-grey\/\" \/>\n<meta property=\"og:locale\" content=\"ru_RU\" \/>\n<meta property=\"og:type\" content=\"article\" \/>\n<meta property=\"og:title\" content=\"Riidekapp Swing kolme uksega, Grey, \u041d\u041e\u0412\u042b\u0415 \u0422\u041e\u0412\u0410\u0420\u042b, \u0428\u043a\u0430\u0444\u044b, \u043f\u043e\u043b\u043a\u0438, \u041f\u043b\u0430\u0442\u044f\u043d\u044b\u0435 \u0448\u043a\u0430\u0444\u044b, M\u0435\u0431\u0435\u043b\u044c, Beebipood\" \/>\n<meta property=\"og:description\" content=\"Riidekapp Swing kolme uksega, Grey, m&ouml;&ouml;bliplaat, MDF ja t&auml;ispuitviimistlus: hall\/naturalsobib nii\" \/>\n<meta property=\"og:url\" content=\"https:\/\/beebipood.ee\/ru\/produkt\/riidekapp-swing-kolme-uksega-grey\/\" \/>\n<meta property=\"og:site_name\" content=\"Beebipood\" \/>\n<meta property=\"article:modified_time\" content=\"2025-01-09T08:50:57+00:00\" \/>\n<meta property=\"og:image\" content=\"https:\/\/beebipood.ee\/wp-content\/uploads\/2014\/12\/Riidekapp-Swing-kolme-uksega-Grey-UUED-TOOTED-Kapid-riiulid-Riidekapid-Lastemoobel-ja-sisustus_3-f23-scaled.jpg\" \/>\n\t<meta property=\"og:image:width\" content=\"2560\" \/>\n\t<meta property=\"og:image:height\" content=\"2560\" \/>\n\t<meta property=\"og:image:type\" content=\"image\/jpeg\" \/>\n<meta name=\"twitter:card\" content=\"summary_large_image\" \/>\n<script type=\"application\/ld+json\" class=\"yoast-schema-graph\">{\"@context\":\"https:\/\/schema.org\",\"@graph\":[{\"@type\":\"WebPage\",\"@id\":\"https:\/\/beebipood.ee\/ru\/produkt\/riidekapp-swing-kolme-uksega-grey\/\",\"url\":\"https:\/\/beebipood.ee\/ru\/produkt\/riidekapp-swing-kolme-uksega-grey\/\",\"name\":\"Riidekapp Swing kolme uksega, Grey, \u041d\u041e\u0412\u042b\u0415 \u0422\u041e\u0412\u0410\u0420\u042b, \u0428\u043a\u0430\u0444\u044b, \u043f\u043e\u043b\u043a\u0438, \u041f\u043b\u0430\u0442\u044f\u043d\u044b\u0435 \u0448\u043a\u0430\u0444\u044b, M\u0435\u0431\u0435\u043b\u044c, Beebipood\",\"isPartOf\":{\"@id\":\"https:\/\/beebipood.ee\/ru\/#website\"},\"primaryImageOfPage\":{\"@id\":\"https:\/\/beebipood.ee\/ru\/produkt\/riidekapp-swing-kolme-uksega-grey\/#primaryimage\"},\"image\":{\"@id\":\"https:\/\/beebipood.ee\/ru\/produkt\/riidekapp-swing-kolme-uksega-grey\/#primaryimage\"},\"thumbnailUrl\":\"https:\/\/beebipood.ee\/wp-content\/uploads\/2014\/12\/Riidekapp-Swing-kolme-uksega-Grey-UUED-TOOTED-Kapid-riiulid-Riidekapid-Lastemoobel-ja-sisustus_3-f23-scaled.jpg\",\"datePublished\":\"2014-12-08T14:34:02+00:00\",\"dateModified\":\"2025-01-09T08:50:57+00:00\",\"description\":\"Riidekapp Swing kolme uksega, Grey, m&ouml;&ouml;bliplaat, MDF ja t&auml;ispuitviimistlus: hall\/naturalsobib nii\",\"breadcrumb\":{\"@id\":\"https:\/\/beebipood.ee\/ru\/produkt\/riidekapp-swing-kolme-uksega-grey\/#breadcrumb\"},\"inLanguage\":\"ru-RU\",\"potentialAction\":[{\"@type\":\"ReadAction\",\"target\":[\"https:\/\/beebipood.ee\/ru\/produkt\/riidekapp-swing-kolme-uksega-grey\/\"]}]},{\"@type\":\"ImageObject\",\"inLanguage\":\"ru-RU\",\"@id\":\"https:\/\/beebipood.ee\/ru\/produkt\/riidekapp-swing-kolme-uksega-grey\/#primaryimage\",\"url\":\"https:\/\/beebipood.ee\/wp-content\/uploads\/2014\/12\/Riidekapp-Swing-kolme-uksega-Grey-UUED-TOOTED-Kapid-riiulid-Riidekapid-Lastemoobel-ja-sisustus_3-f23-scaled.jpg\",\"contentUrl\":\"https:\/\/beebipood.ee\/wp-content\/uploads\/2014\/12\/Riidekapp-Swing-kolme-uksega-Grey-UUED-TOOTED-Kapid-riiulid-Riidekapid-Lastemoobel-ja-sisustus_3-f23-scaled.jpg\",\"width\":2560,\"height\":2560},{\"@type\":\"BreadcrumbList\",\"@id\":\"https:\/\/beebipood.ee\/ru\/produkt\/riidekapp-swing-kolme-uksega-grey\/#breadcrumb\",\"itemListElement\":[{\"@type\":\"ListItem\",\"position\":1,\"name\":\"Home\",\"item\":\"https:\/\/beebipood.ee\/ru\/\"},{\"@type\":\"ListItem\",\"position\":2,\"name\":\"\u041a\u0430\u0442\u0430\u043b\u043e\u0433 \u0442\u043e\u0432\u0430\u0440\u043e\u0432\",\"item\":\"https:\/\/beebipood.ee\/tooted\/\"},{\"@type\":\"ListItem\",\"position\":3,\"name\":\"Riidekapp Swing kolme uksega, Grey\"}]},{\"@type\":\"WebSite\",\"@id\":\"https:\/\/beebipood.ee\/ru\/#website\",\"url\":\"https:\/\/beebipood.ee\/ru\/\",\"name\":\"Beebipood\",\"description\":\"Lastekaubad, beebikaubad, m\u00e4nguasjad\",\"publisher\":{\"@id\":\"https:\/\/beebipood.ee\/ru\/#organization\"},\"potentialAction\":[{\"@type\":\"SearchAction\",\"target\":{\"@type\":\"EntryPoint\",\"urlTemplate\":\"https:\/\/beebipood.ee\/ru\/?s={search_term_string}\"},\"query-input\":{\"@type\":\"PropertyValueSpecification\",\"valueRequired\":true,\"valueName\":\"search_term_string\"}}],\"inLanguage\":\"ru-RU\"},{\"@type\":\"Organization\",\"@id\":\"https:\/\/beebipood.ee\/ru\/#organization\",\"name\":\"Beebipood\",\"url\":\"https:\/\/beebipood.ee\/ru\/\",\"logo\":{\"@type\":\"ImageObject\",\"inLanguage\":\"ru-RU\",\"@id\":\"https:\/\/beebipood.ee\/ru\/#\/schema\/logo\/image\/\",\"url\":\"https:\/\/beebipood.ee\/wp-content\/uploads\/2025\/03\/beebipood.ee-logo-1.svg\",\"contentUrl\":\"https:\/\/beebipood.ee\/wp-content\/uploads\/2025\/03\/beebipood.ee-logo-1.svg\",\"caption\":\"Beebipood\"},\"image\":{\"@id\":\"https:\/\/beebipood.ee\/ru\/#\/schema\/logo\/image\/\"}}]}<\/script>\n<!-- \/ Yoast SEO plugin. -->","yoast_head_json":{"title":"Riidekapp Swing kolme uksega, Grey, \u041d\u041e\u0412\u042b\u0415 \u0422\u041e\u0412\u0410\u0420\u042b, \u0428\u043a\u0430\u0444\u044b, \u043f\u043e\u043b\u043a\u0438, \u041f\u043b\u0430\u0442\u044f\u043d\u044b\u0435 \u0448\u043a\u0430\u0444\u044b, M\u0435\u0431\u0435\u043b\u044c, Beebipood","description":"Riidekapp Swing kolme uksega, Grey, m&ouml;&ouml;bliplaat, MDF ja t&auml;ispuitviimistlus: hall\/naturalsobib nii","robots":{"index":"index","follow":"follow","max-snippet":"max-snippet:-1","max-image-preview":"max-image-preview:large","max-video-preview":"max-video-preview:-1"},"canonical":"https:\/\/beebipood.ee\/ru\/produkt\/riidekapp-swing-kolme-uksega-grey\/","og_locale":"ru_RU","og_type":"article","og_title":"Riidekapp Swing kolme uksega, Grey, \u041d\u041e\u0412\u042b\u0415 \u0422\u041e\u0412\u0410\u0420\u042b, \u0428\u043a\u0430\u0444\u044b, \u043f\u043e\u043b\u043a\u0438, \u041f\u043b\u0430\u0442\u044f\u043d\u044b\u0435 \u0448\u043a\u0430\u0444\u044b, M\u0435\u0431\u0435\u043b\u044c, Beebipood","og_description":"Riidekapp Swing kolme uksega, Grey, m&ouml;&ouml;bliplaat, MDF ja t&auml;ispuitviimistlus: hall\/naturalsobib nii","og_url":"https:\/\/beebipood.ee\/ru\/produkt\/riidekapp-swing-kolme-uksega-grey\/","og_site_name":"Beebipood","article_modified_time":"2025-01-09T08:50:57+00:00","og_image":[{"width":2560,"height":2560,"url":"https:\/\/beebipood.ee\/wp-content\/uploads\/2014\/12\/Riidekapp-Swing-kolme-uksega-Grey-UUED-TOOTED-Kapid-riiulid-Riidekapid-Lastemoobel-ja-sisustus_3-f23-scaled.jpg","type":"image\/jpeg"}],"twitter_card":"summary_large_image","schema":{"@context":"https:\/\/schema.org","@graph":[{"@type":"WebPage","@id":"https:\/\/beebipood.ee\/ru\/produkt\/riidekapp-swing-kolme-uksega-grey\/","url":"https:\/\/beebipood.ee\/ru\/produkt\/riidekapp-swing-kolme-uksega-grey\/","name":"Riidekapp Swing kolme uksega, Grey, \u041d\u041e\u0412\u042b\u0415 \u0422\u041e\u0412\u0410\u0420\u042b, \u0428\u043a\u0430\u0444\u044b, \u043f\u043e\u043b\u043a\u0438, \u041f\u043b\u0430\u0442\u044f\u043d\u044b\u0435 \u0448\u043a\u0430\u0444\u044b, M\u0435\u0431\u0435\u043b\u044c, Beebipood","isPartOf":{"@id":"https:\/\/beebipood.ee\/ru\/#website"},"primaryImageOfPage":{"@id":"https:\/\/beebipood.ee\/ru\/produkt\/riidekapp-swing-kolme-uksega-grey\/#primaryimage"},"image":{"@id":"https:\/\/beebipood.ee\/ru\/produkt\/riidekapp-swing-kolme-uksega-grey\/#primaryimage"},"thumbnailUrl":"https:\/\/beebipood.ee\/wp-content\/uploads\/2014\/12\/Riidekapp-Swing-kolme-uksega-Grey-UUED-TOOTED-Kapid-riiulid-Riidekapid-Lastemoobel-ja-sisustus_3-f23-scaled.jpg","datePublished":"2014-12-08T14:34:02+00:00","dateModified":"2025-01-09T08:50:57+00:00","description":"Riidekapp Swing kolme uksega, Grey, m&ouml;&ouml;bliplaat, MDF ja t&auml;ispuitviimistlus: hall\/naturalsobib nii","breadcrumb":{"@id":"https:\/\/beebipood.ee\/ru\/produkt\/riidekapp-swing-kolme-uksega-grey\/#breadcrumb"},"inLanguage":"ru-RU","potentialAction":[{"@type":"ReadAction","target":["https:\/\/beebipood.ee\/ru\/produkt\/riidekapp-swing-kolme-uksega-grey\/"]}]},{"@type":"ImageObject","inLanguage":"ru-RU","@id":"https:\/\/beebipood.ee\/ru\/produkt\/riidekapp-swing-kolme-uksega-grey\/#primaryimage","url":"https:\/\/beebipood.ee\/wp-content\/uploads\/2014\/12\/Riidekapp-Swing-kolme-uksega-Grey-UUED-TOOTED-Kapid-riiulid-Riidekapid-Lastemoobel-ja-sisustus_3-f23-scaled.jpg","contentUrl":"https:\/\/beebipood.ee\/wp-content\/uploads\/2014\/12\/Riidekapp-Swing-kolme-uksega-Grey-UUED-TOOTED-Kapid-riiulid-Riidekapid-Lastemoobel-ja-sisustus_3-f23-scaled.jpg","width":2560,"height":2560},{"@type":"BreadcrumbList","@id":"https:\/\/beebipood.ee\/ru\/produkt\/riidekapp-swing-kolme-uksega-grey\/#breadcrumb","itemListElement":[{"@type":"ListItem","position":1,"name":"Home","item":"https:\/\/beebipood.ee\/ru\/"},{"@type":"ListItem","position":2,"name":"\u041a\u0430\u0442\u0430\u043b\u043e\u0433 \u0442\u043e\u0432\u0430\u0440\u043e\u0432","item":"https:\/\/beebipood.ee\/tooted\/"},{"@type":"ListItem","position":3,"name":"Riidekapp Swing kolme uksega, Grey"}]},{"@type":"WebSite","@id":"https:\/\/beebipood.ee\/ru\/#website","url":"https:\/\/beebipood.ee\/ru\/","name":"Beebipood","description":"Lastekaubad, beebikaubad, m\u00e4nguasjad","publisher":{"@id":"https:\/\/beebipood.ee\/ru\/#organization"},"potentialAction":[{"@type":"SearchAction","target":{"@type":"EntryPoint","urlTemplate":"https:\/\/beebipood.ee\/ru\/?s={search_term_string}"},"query-input":{"@type":"PropertyValueSpecification","valueRequired":true,"valueName":"search_term_string"}}],"inLanguage":"ru-RU"},{"@type":"Organization","@id":"https:\/\/beebipood.ee\/ru\/#organization","name":"Beebipood","url":"https:\/\/beebipood.ee\/ru\/","logo":{"@type":"ImageObject","inLanguage":"ru-RU","@id":"https:\/\/beebipood.ee\/ru\/#\/schema\/logo\/image\/","url":"https:\/\/beebipood.ee\/wp-content\/uploads\/2025\/03\/beebipood.ee-logo-1.svg","contentUrl":"https:\/\/beebipood.ee\/wp-content\/uploads\/2025\/03\/beebipood.ee-logo-1.svg","caption":"Beebipood"},"image":{"@id":"https:\/\/beebipood.ee\/ru\/#\/schema\/logo\/image\/"}}]}},"brands":[],"_links":{"self":[{"href":"https:\/\/beebipood.ee\/ru\/wp-json\/wp\/v2\/product\/456056","targetHints":{"allow":["GET"]}}],"collection":[{"href":"https:\/\/beebipood.ee\/ru\/wp-json\/wp\/v2\/product"}],"about":[{"href":"https:\/\/beebipood.ee\/ru\/wp-json\/wp\/v2\/types\/product"}],"wp:featuredmedia":[{"embeddable":true,"href":"https:\/\/beebipood.ee\/ru\/wp-json\/wp\/v2\/media\/105207"}],"wp:attachment":[{"href":"https:\/\/beebipood.ee\/ru\/wp-json\/wp\/v2\/media?parent=456056"}],"wp:term":[{"taxonomy":"pwb-brand","embeddable":true,"href":"https:\/\/beebipood.ee\/ru\/wp-json\/wp\/v2\/pwb-brand?post=456056"},{"taxonomy":"product_brand","embeddable":true,"href":"https:\/\/beebipood.ee\/ru\/wp-json\/wp\/v2\/product_brand?post=456056"},{"taxonomy":"product_cat","embeddable":true,"href":"https:\/\/beebipood.ee\/ru\/wp-json\/wp\/v2\/product_cat?post=456056"},{"taxonomy":"product_tag","embeddable":true,"href":"https:\/\/beebipood.ee\/ru\/wp-json\/wp\/v2\/product_tag?post=456056"}],"curies":[{"name":"wp","href":"https:\/\/api.w.org\/{rel}","templated":true}]}}