{"id":456070,"date":"2014-12-08T17:01:19","date_gmt":"2014-12-08T15:01:19","guid":{"rendered":"https:\/\/beebipood.ee\/toode\/kirjutuslaud-swing-high-desk\/"},"modified":"2025-01-09T10:50:56","modified_gmt":"2025-01-09T08:50:56","slug":"kirjutuslaud-swing-high-desk","status":"publish","type":"product","link":"https:\/\/beebipood.ee\/ru\/produkt\/kirjutuslaud-swing-high-desk\/","title":{"rendered":"Kirjutuslaud Swing high desk"},"content":{"rendered":"<p>Swing kollektsiooni k\u00f5rge kirjutuslaud<br \/>valmistatud: m\u00f6\u00f6bliplaat, MDF ja t\u00e4ispuit (p\u00f6\u00f6gist jalad)<br \/>viimistlus: valge\/natural<br \/>sobib nii poisi kui t\u00fcdruku tuppa<br \/>valmistamisel on kasutatud kaasaegset tehnoloogiat ja A-klass tarvikuid ning furnituure<br \/>parim toode perele kes hindab kvaliteeti ning huvitavat disain<br \/>laua peale on eraldi lauakorrastaja kuhu saab panna k\u00f5ik kiiresti vajaminevad asjad<br \/>laual on kaks sahtlit<br \/>sahtlid on varustatud <em>soft-close<\/em> sulguvate furnituuridega<br \/>lauaplaadi k\u00f5rgus on 78,4 cm ja lauakorrastajaga 94,1<br \/>lauakorrastajaga m\u00f5\u00f5dud: L: 113\/ S: 14,4 \/ K: 15,7 cm<br \/>viimistlemisel on kasutatud ainult sertifitseeritud orgaanilisi v\u00e4rve<br \/>toode vastab k\u00f5ikidele EN turvastandarditele<\/p>\n","protected":false},"excerpt":{"rendered":"<p>Swing kollektsiooni k\u00f5rge kirjutuslaudvalmistatud: m\u00f6\u00f6bliplaat, MDF ja t\u00e4ispuit (p\u00f6\u00f6gist jalad)viimistlus: valge\/naturalsobib nii poisi kui t\u00fcdruku tuppavalmistamisel on kasutatud kaasaegset tehnoloogiat ja A-klass tarvikuid ning furnituureparim toode perele kes hindab kvaliteeti ning huvitavat disainlaua peale on eraldi lauakorrastaja kuhu saab panna k\u00f5ik kiiresti vajaminevad asjadlaual on kaks sahtlitsahtlid on varustatud soft-close sulguvate furnituuridegalauaplaadi k\u00f5rgus on 78,4 [&hellip;]<\/p>\n","protected":false},"featured_media":105232,"template":"","meta":{"_acf_changed":false},"pwb-brand":[],"product_brand":[],"product_cat":[11647,11659,11789],"product_tag":[],"class_list":{"0":"post-456070","1":"product","2":"type-product","3":"status-publish","4":"has-post-thumbnail","6":"product_cat-lastelauad-toolid-arvuti-ja-kirjutuslauad-ru","7":"product_cat-kirjutuslauad-ru","8":"product_cat-lastemoobel-ja-sisustus-ru","10":"first","11":"onbackorder","12":"sale","13":"taxable","14":"shipping-taxable","15":"purchasable","16":"product-type-simple"},"exclude_global_add_ons":[],"addons":[],"acf":[],"yoast_head":"<!-- This site is optimized with the Yoast SEO plugin v27.3 - https:\/\/yoast.com\/product\/yoast-seo-wordpress\/ -->\n<title>Kirjutuslaud Swing high desk, \u0414\u0435\u0442\u0441\u043a\u0438\u0435 \u0441\u0442\u043e\u043b\u044b, \u0441\u0442\u0443\u043b\u044c\u044f, \u043f\u0438\u0441\u044c\u043c\u0435\u043d\u043d\u044b\u0435 \u0441\u0442\u043e\u043b\u044b, \u041f\u0438\u0441\u044c\u043c\u0435\u043d\u043d\u044b\u0439 \u0441\u0442\u043e\u043b , M\u0435\u0431\u0435\u043b\u044c, Beebipood<\/title>\n<meta name=\"description\" content=\"Kirjutuslaud Swing high desk, Swing kollektsiooni k&otilde;rge kirjutuslaudvalmistatud: m&ouml;&ouml;bliplaat, MDF ja t&auml;ispuit (p&ouml;&ouml;gist\" \/>\n<meta name=\"robots\" content=\"index, follow, max-snippet:-1, max-image-preview:large, max-video-preview:-1\" \/>\n<link rel=\"canonical\" href=\"https:\/\/beebipood.ee\/ru\/produkt\/kirjutuslaud-swing-high-desk\/\" \/>\n<meta property=\"og:locale\" content=\"ru_RU\" \/>\n<meta property=\"og:type\" content=\"article\" \/>\n<meta property=\"og:title\" content=\"Kirjutuslaud Swing high desk, \u0414\u0435\u0442\u0441\u043a\u0438\u0435 \u0441\u0442\u043e\u043b\u044b, \u0441\u0442\u0443\u043b\u044c\u044f, \u043f\u0438\u0441\u044c\u043c\u0435\u043d\u043d\u044b\u0435 \u0441\u0442\u043e\u043b\u044b, \u041f\u0438\u0441\u044c\u043c\u0435\u043d\u043d\u044b\u0439 \u0441\u0442\u043e\u043b , M\u0435\u0431\u0435\u043b\u044c, Beebipood\" \/>\n<meta property=\"og:description\" content=\"Kirjutuslaud Swing high desk, Swing kollektsiooni k&otilde;rge kirjutuslaudvalmistatud: m&ouml;&ouml;bliplaat, MDF ja t&auml;ispuit (p&ouml;&ouml;gist\" \/>\n<meta property=\"og:url\" content=\"https:\/\/beebipood.ee\/ru\/produkt\/kirjutuslaud-swing-high-desk\/\" \/>\n<meta property=\"og:site_name\" content=\"Beebipood\" \/>\n<meta property=\"article:modified_time\" content=\"2025-01-09T08:50:56+00:00\" \/>\n<meta property=\"og:image\" content=\"https:\/\/beebipood.ee\/wp-content\/uploads\/2014\/12\/Kirjutuslaud-Swing-high-desk-Lastelauad-toolid-Arvutija-kirjutuslauad-Kirjutuslauad-Lastemoobel-ja-sisustus_4-3bf.jpg\" \/>\n\t<meta property=\"og:image:width\" content=\"2362\" \/>\n\t<meta property=\"og:image:height\" content=\"2362\" \/>\n\t<meta property=\"og:image:type\" content=\"image\/jpeg\" \/>\n<meta name=\"twitter:card\" content=\"summary_large_image\" \/>\n<script type=\"application\/ld+json\" class=\"yoast-schema-graph\">{\"@context\":\"https:\\\/\\\/schema.org\",\"@graph\":[{\"@type\":\"WebPage\",\"@id\":\"https:\\\/\\\/beebipood.ee\\\/ru\\\/produkt\\\/kirjutuslaud-swing-high-desk\\\/\",\"url\":\"https:\\\/\\\/beebipood.ee\\\/ru\\\/produkt\\\/kirjutuslaud-swing-high-desk\\\/\",\"name\":\"Kirjutuslaud Swing high desk, \u0414\u0435\u0442\u0441\u043a\u0438\u0435 \u0441\u0442\u043e\u043b\u044b, \u0441\u0442\u0443\u043b\u044c\u044f, \u043f\u0438\u0441\u044c\u043c\u0435\u043d\u043d\u044b\u0435 \u0441\u0442\u043e\u043b\u044b, \u041f\u0438\u0441\u044c\u043c\u0435\u043d\u043d\u044b\u0439 \u0441\u0442\u043e\u043b , M\u0435\u0431\u0435\u043b\u044c, Beebipood\",\"isPartOf\":{\"@id\":\"https:\\\/\\\/beebipood.ee\\\/ru\\\/#website\"},\"primaryImageOfPage\":{\"@id\":\"https:\\\/\\\/beebipood.ee\\\/ru\\\/produkt\\\/kirjutuslaud-swing-high-desk\\\/#primaryimage\"},\"image\":{\"@id\":\"https:\\\/\\\/beebipood.ee\\\/ru\\\/produkt\\\/kirjutuslaud-swing-high-desk\\\/#primaryimage\"},\"thumbnailUrl\":\"https:\\\/\\\/beebipood.ee\\\/wp-content\\\/uploads\\\/2014\\\/12\\\/Kirjutuslaud-Swing-high-desk-Lastelauad-toolid-Arvutija-kirjutuslauad-Kirjutuslauad-Lastemoobel-ja-sisustus_4-3bf.jpg\",\"datePublished\":\"2014-12-08T15:01:19+00:00\",\"dateModified\":\"2025-01-09T08:50:56+00:00\",\"description\":\"Kirjutuslaud Swing high desk, Swing kollektsiooni k&otilde;rge kirjutuslaudvalmistatud: m&ouml;&ouml;bliplaat, MDF ja t&auml;ispuit (p&ouml;&ouml;gist\",\"breadcrumb\":{\"@id\":\"https:\\\/\\\/beebipood.ee\\\/ru\\\/produkt\\\/kirjutuslaud-swing-high-desk\\\/#breadcrumb\"},\"inLanguage\":\"ru-RU\",\"potentialAction\":[{\"@type\":\"ReadAction\",\"target\":[\"https:\\\/\\\/beebipood.ee\\\/ru\\\/produkt\\\/kirjutuslaud-swing-high-desk\\\/\"]}]},{\"@type\":\"ImageObject\",\"inLanguage\":\"ru-RU\",\"@id\":\"https:\\\/\\\/beebipood.ee\\\/ru\\\/produkt\\\/kirjutuslaud-swing-high-desk\\\/#primaryimage\",\"url\":\"https:\\\/\\\/beebipood.ee\\\/wp-content\\\/uploads\\\/2014\\\/12\\\/Kirjutuslaud-Swing-high-desk-Lastelauad-toolid-Arvutija-kirjutuslauad-Kirjutuslauad-Lastemoobel-ja-sisustus_4-3bf.jpg\",\"contentUrl\":\"https:\\\/\\\/beebipood.ee\\\/wp-content\\\/uploads\\\/2014\\\/12\\\/Kirjutuslaud-Swing-high-desk-Lastelauad-toolid-Arvutija-kirjutuslauad-Kirjutuslauad-Lastemoobel-ja-sisustus_4-3bf.jpg\",\"width\":2362,\"height\":2362},{\"@type\":\"BreadcrumbList\",\"@id\":\"https:\\\/\\\/beebipood.ee\\\/ru\\\/produkt\\\/kirjutuslaud-swing-high-desk\\\/#breadcrumb\",\"itemListElement\":[{\"@type\":\"ListItem\",\"position\":1,\"name\":\"Home\",\"item\":\"https:\\\/\\\/beebipood.ee\\\/ru\\\/\"},{\"@type\":\"ListItem\",\"position\":2,\"name\":\"\u041a\u0430\u0442\u0430\u043b\u043e\u0433 \u0442\u043e\u0432\u0430\u0440\u043e\u0432\",\"item\":\"https:\\\/\\\/beebipood.ee\\\/tooted\\\/\"},{\"@type\":\"ListItem\",\"position\":3,\"name\":\"Kirjutuslaud Swing high desk\"}]},{\"@type\":\"WebSite\",\"@id\":\"https:\\\/\\\/beebipood.ee\\\/ru\\\/#website\",\"url\":\"https:\\\/\\\/beebipood.ee\\\/ru\\\/\",\"name\":\"Beebipood\",\"description\":\"Lastekaubad, beebikaubad, m\u00e4nguasjad\",\"publisher\":{\"@id\":\"https:\\\/\\\/beebipood.ee\\\/ru\\\/#organization\"},\"potentialAction\":[{\"@type\":\"SearchAction\",\"target\":{\"@type\":\"EntryPoint\",\"urlTemplate\":\"https:\\\/\\\/beebipood.ee\\\/ru\\\/?s={search_term_string}\"},\"query-input\":{\"@type\":\"PropertyValueSpecification\",\"valueRequired\":true,\"valueName\":\"search_term_string\"}}],\"inLanguage\":\"ru-RU\"},{\"@type\":\"Organization\",\"@id\":\"https:\\\/\\\/beebipood.ee\\\/ru\\\/#organization\",\"name\":\"Beebipood\",\"url\":\"https:\\\/\\\/beebipood.ee\\\/ru\\\/\",\"logo\":{\"@type\":\"ImageObject\",\"inLanguage\":\"ru-RU\",\"@id\":\"https:\\\/\\\/beebipood.ee\\\/ru\\\/#\\\/schema\\\/logo\\\/image\\\/\",\"url\":\"https:\\\/\\\/beebipood.ee\\\/wp-content\\\/uploads\\\/2025\\\/03\\\/beebipood.ee-logo-1.svg\",\"contentUrl\":\"https:\\\/\\\/beebipood.ee\\\/wp-content\\\/uploads\\\/2025\\\/03\\\/beebipood.ee-logo-1.svg\",\"caption\":\"Beebipood\"},\"image\":{\"@id\":\"https:\\\/\\\/beebipood.ee\\\/ru\\\/#\\\/schema\\\/logo\\\/image\\\/\"}}]}<\/script>\n<!-- \/ Yoast SEO plugin. -->","yoast_head_json":{"title":"Kirjutuslaud Swing high desk, \u0414\u0435\u0442\u0441\u043a\u0438\u0435 \u0441\u0442\u043e\u043b\u044b, \u0441\u0442\u0443\u043b\u044c\u044f, \u043f\u0438\u0441\u044c\u043c\u0435\u043d\u043d\u044b\u0435 \u0441\u0442\u043e\u043b\u044b, \u041f\u0438\u0441\u044c\u043c\u0435\u043d\u043d\u044b\u0439 \u0441\u0442\u043e\u043b , M\u0435\u0431\u0435\u043b\u044c, Beebipood","description":"Kirjutuslaud Swing high desk, Swing kollektsiooni k&otilde;rge kirjutuslaudvalmistatud: m&ouml;&ouml;bliplaat, MDF ja t&auml;ispuit (p&ouml;&ouml;gist","robots":{"index":"index","follow":"follow","max-snippet":"max-snippet:-1","max-image-preview":"max-image-preview:large","max-video-preview":"max-video-preview:-1"},"canonical":"https:\/\/beebipood.ee\/ru\/produkt\/kirjutuslaud-swing-high-desk\/","og_locale":"ru_RU","og_type":"article","og_title":"Kirjutuslaud Swing high desk, \u0414\u0435\u0442\u0441\u043a\u0438\u0435 \u0441\u0442\u043e\u043b\u044b, \u0441\u0442\u0443\u043b\u044c\u044f, \u043f\u0438\u0441\u044c\u043c\u0435\u043d\u043d\u044b\u0435 \u0441\u0442\u043e\u043b\u044b, \u041f\u0438\u0441\u044c\u043c\u0435\u043d\u043d\u044b\u0439 \u0441\u0442\u043e\u043b , M\u0435\u0431\u0435\u043b\u044c, Beebipood","og_description":"Kirjutuslaud Swing high desk, Swing kollektsiooni k&otilde;rge kirjutuslaudvalmistatud: m&ouml;&ouml;bliplaat, MDF ja t&auml;ispuit (p&ouml;&ouml;gist","og_url":"https:\/\/beebipood.ee\/ru\/produkt\/kirjutuslaud-swing-high-desk\/","og_site_name":"Beebipood","article_modified_time":"2025-01-09T08:50:56+00:00","og_image":[{"width":2362,"height":2362,"url":"https:\/\/beebipood.ee\/wp-content\/uploads\/2014\/12\/Kirjutuslaud-Swing-high-desk-Lastelauad-toolid-Arvutija-kirjutuslauad-Kirjutuslauad-Lastemoobel-ja-sisustus_4-3bf.jpg","type":"image\/jpeg"}],"twitter_card":"summary_large_image","schema":{"@context":"https:\/\/schema.org","@graph":[{"@type":"WebPage","@id":"https:\/\/beebipood.ee\/ru\/produkt\/kirjutuslaud-swing-high-desk\/","url":"https:\/\/beebipood.ee\/ru\/produkt\/kirjutuslaud-swing-high-desk\/","name":"Kirjutuslaud Swing high desk, \u0414\u0435\u0442\u0441\u043a\u0438\u0435 \u0441\u0442\u043e\u043b\u044b, \u0441\u0442\u0443\u043b\u044c\u044f, \u043f\u0438\u0441\u044c\u043c\u0435\u043d\u043d\u044b\u0435 \u0441\u0442\u043e\u043b\u044b, \u041f\u0438\u0441\u044c\u043c\u0435\u043d\u043d\u044b\u0439 \u0441\u0442\u043e\u043b , M\u0435\u0431\u0435\u043b\u044c, Beebipood","isPartOf":{"@id":"https:\/\/beebipood.ee\/ru\/#website"},"primaryImageOfPage":{"@id":"https:\/\/beebipood.ee\/ru\/produkt\/kirjutuslaud-swing-high-desk\/#primaryimage"},"image":{"@id":"https:\/\/beebipood.ee\/ru\/produkt\/kirjutuslaud-swing-high-desk\/#primaryimage"},"thumbnailUrl":"https:\/\/beebipood.ee\/wp-content\/uploads\/2014\/12\/Kirjutuslaud-Swing-high-desk-Lastelauad-toolid-Arvutija-kirjutuslauad-Kirjutuslauad-Lastemoobel-ja-sisustus_4-3bf.jpg","datePublished":"2014-12-08T15:01:19+00:00","dateModified":"2025-01-09T08:50:56+00:00","description":"Kirjutuslaud Swing high desk, Swing kollektsiooni k&otilde;rge kirjutuslaudvalmistatud: m&ouml;&ouml;bliplaat, MDF ja t&auml;ispuit (p&ouml;&ouml;gist","breadcrumb":{"@id":"https:\/\/beebipood.ee\/ru\/produkt\/kirjutuslaud-swing-high-desk\/#breadcrumb"},"inLanguage":"ru-RU","potentialAction":[{"@type":"ReadAction","target":["https:\/\/beebipood.ee\/ru\/produkt\/kirjutuslaud-swing-high-desk\/"]}]},{"@type":"ImageObject","inLanguage":"ru-RU","@id":"https:\/\/beebipood.ee\/ru\/produkt\/kirjutuslaud-swing-high-desk\/#primaryimage","url":"https:\/\/beebipood.ee\/wp-content\/uploads\/2014\/12\/Kirjutuslaud-Swing-high-desk-Lastelauad-toolid-Arvutija-kirjutuslauad-Kirjutuslauad-Lastemoobel-ja-sisustus_4-3bf.jpg","contentUrl":"https:\/\/beebipood.ee\/wp-content\/uploads\/2014\/12\/Kirjutuslaud-Swing-high-desk-Lastelauad-toolid-Arvutija-kirjutuslauad-Kirjutuslauad-Lastemoobel-ja-sisustus_4-3bf.jpg","width":2362,"height":2362},{"@type":"BreadcrumbList","@id":"https:\/\/beebipood.ee\/ru\/produkt\/kirjutuslaud-swing-high-desk\/#breadcrumb","itemListElement":[{"@type":"ListItem","position":1,"name":"Home","item":"https:\/\/beebipood.ee\/ru\/"},{"@type":"ListItem","position":2,"name":"\u041a\u0430\u0442\u0430\u043b\u043e\u0433 \u0442\u043e\u0432\u0430\u0440\u043e\u0432","item":"https:\/\/beebipood.ee\/tooted\/"},{"@type":"ListItem","position":3,"name":"Kirjutuslaud Swing high desk"}]},{"@type":"WebSite","@id":"https:\/\/beebipood.ee\/ru\/#website","url":"https:\/\/beebipood.ee\/ru\/","name":"Beebipood","description":"Lastekaubad, beebikaubad, m\u00e4nguasjad","publisher":{"@id":"https:\/\/beebipood.ee\/ru\/#organization"},"potentialAction":[{"@type":"SearchAction","target":{"@type":"EntryPoint","urlTemplate":"https:\/\/beebipood.ee\/ru\/?s={search_term_string}"},"query-input":{"@type":"PropertyValueSpecification","valueRequired":true,"valueName":"search_term_string"}}],"inLanguage":"ru-RU"},{"@type":"Organization","@id":"https:\/\/beebipood.ee\/ru\/#organization","name":"Beebipood","url":"https:\/\/beebipood.ee\/ru\/","logo":{"@type":"ImageObject","inLanguage":"ru-RU","@id":"https:\/\/beebipood.ee\/ru\/#\/schema\/logo\/image\/","url":"https:\/\/beebipood.ee\/wp-content\/uploads\/2025\/03\/beebipood.ee-logo-1.svg","contentUrl":"https:\/\/beebipood.ee\/wp-content\/uploads\/2025\/03\/beebipood.ee-logo-1.svg","caption":"Beebipood"},"image":{"@id":"https:\/\/beebipood.ee\/ru\/#\/schema\/logo\/image\/"}}]}},"brands":[],"_links":{"self":[{"href":"https:\/\/beebipood.ee\/ru\/wp-json\/wp\/v2\/product\/456070","targetHints":{"allow":["GET"]}}],"collection":[{"href":"https:\/\/beebipood.ee\/ru\/wp-json\/wp\/v2\/product"}],"about":[{"href":"https:\/\/beebipood.ee\/ru\/wp-json\/wp\/v2\/types\/product"}],"wp:featuredmedia":[{"embeddable":true,"href":"https:\/\/beebipood.ee\/ru\/wp-json\/wp\/v2\/media\/105232"}],"wp:attachment":[{"href":"https:\/\/beebipood.ee\/ru\/wp-json\/wp\/v2\/media?parent=456070"}],"wp:term":[{"taxonomy":"pwb-brand","embeddable":true,"href":"https:\/\/beebipood.ee\/ru\/wp-json\/wp\/v2\/pwb-brand?post=456070"},{"taxonomy":"product_brand","embeddable":true,"href":"https:\/\/beebipood.ee\/ru\/wp-json\/wp\/v2\/product_brand?post=456070"},{"taxonomy":"product_cat","embeddable":true,"href":"https:\/\/beebipood.ee\/ru\/wp-json\/wp\/v2\/product_cat?post=456070"},{"taxonomy":"product_tag","embeddable":true,"href":"https:\/\/beebipood.ee\/ru\/wp-json\/wp\/v2\/product_tag?post=456070"}],"curies":[{"name":"wp","href":"https:\/\/api.w.org\/{rel}","templated":true}]}}