{"id":456072,"date":"2014-12-08T17:02:51","date_gmt":"2014-12-08T15:02:51","guid":{"rendered":"https:\/\/beebipood.ee\/toode\/printsessi-meigilaud-ja-tool-tulp-varvivalik\/"},"modified":"2025-01-09T10:50:56","modified_gmt":"2025-01-09T08:50:56","slug":"printsessi-meigilaud-ja-tool-tulp-varvivalik","status":"publish","type":"product","link":"https:\/\/beebipood.ee\/ru\/produkt\/printsessi-meigilaud-ja-tool-tulp-varvivalik\/","title":{"rendered":"Printsessi meigilaud ja tool Tulp, v\u00e4rvivalik"},"content":{"rendered":"<p>Muutke oma v\u00e4ikese m\u00e4nguaeg glamuurseks maailmaks.<br \/>Klassikaline peegliga meigilaud meeldib igale t\u00fcdrukule <br \/>ning on loodud tekitama loovust ja l\u00f5putut l\u00f5bu, <br \/>lisades samas elegantsi igasse m\u00e4ngu- v\u00f5i magamistuppa.<br \/>Tualettlaual on sisseehitatud kaks sahtlit, <br \/>kus teie laps saab hoida oma hinnalisi tarvikuid.<br \/>Komplekti kokkupanek on imelihtne, nii et teie laps saab kiiresti <br \/>oma maagilist m\u00e4ngukogemust nautima hakata.<br \/>Meie vastupidav disain tagab, <br \/>et teie laps saab turvaliselt nautida aastatepikkust fantaasiarikast m\u00e4ngu.<br \/>Muutke m\u00e4nguaeg maagiliseks ja meeldej\u00e4\u00e4vaks.<br \/>Valmistatud teie lapse turvalisust silmas pidades.<br \/>K\u00f5ik elemendid on viimistletud laste- ja keskkonnas\u00f5bralike v\u00e4rvidega<br \/>Materjal: vineer + puit<br \/>Meigilauda on lihtne puhastada.<br \/>Vastab sertifikaadile EN71<br \/>M\u00d5\u00d5TMED:<br \/>Tulp- 55x40x15 cm<br \/>Sahtel &#8212; 9x19x14<br \/>Laud &#8212; 51x60x50 cm<br \/>Tool &#8212; 31x35x31 cm<\/p>\n","protected":false},"excerpt":{"rendered":"<p>Muutke oma v\u00e4ikese m\u00e4nguaeg glamuurseks maailmaks.Klassikaline peegliga meigilaud meeldib igale t\u00fcdrukule ning on loodud tekitama loovust ja l\u00f5putut l\u00f5bu, lisades samas elegantsi igasse m\u00e4ngu- v\u00f5i magamistuppa.Tualettlaual on sisseehitatud kaks sahtlit, kus teie laps saab hoida oma hinnalisi tarvikuid.Komplekti kokkupanek on imelihtne, nii et teie laps saab kiiresti oma maagilist m\u00e4ngukogemust nautima hakata.Meie vastupidav disain tagab, [&hellip;]<\/p>\n","protected":false},"featured_media":105236,"template":"","meta":{"_acf_changed":false},"pwb-brand":[],"product_brand":[],"product_cat":[11573,11647,11653,11789],"product_tag":[],"class_list":{"0":"post-456072","1":"product","2":"type-product","3":"status-publish","4":"has-post-thumbnail","6":"product_cat-sooduspakkumised-ru","7":"product_cat-lastelauad-toolid-arvuti-ja-kirjutuslauad-ru","8":"product_cat-lastelauad-ru","9":"product_cat-lastemoobel-ja-sisustus-ru","11":"first","12":"onbackorder","13":"sale","14":"taxable","15":"shipping-taxable","16":"purchasable","17":"product-type-simple"},"exclude_global_add_ons":false,"addons":[{"name":"Vali v\u00e4rv","type":"multiple_choice","position":0,"required":true,"title_format":"heading","default":"","description_enable":false,"description":"","placeholder_enable":false,"placeholder":"","display":"images","restrictions_type":"any_text","adjust_price":false,"price":"","price_type":"flat_fee","restrictions":false,"min":"0","max":"0","options":[{"label":"White","price":"","price_type":"quantity_based","image":501389,"visibility":true},{"label":"Pink","price":"","price_type":"quantity_based","image":501391,"visibility":true},{"label":"Grey","price":"","price_type":"quantity_based","image":501393,"visibility":true},{"label":"Natural","price":"","price_type":"quantity_based","image":501395,"visibility":true}]}],"acf":[],"yoast_head":"<!-- This site is optimized with the Yoast SEO plugin v27.3 - https:\/\/yoast.com\/product\/yoast-seo-wordpress\/ -->\n<title>Printsessi meigilaud ja tool Tulp, v\u00e4rvivalik, \u0421\u041a\u0418\u0414\u041a\u0418, \u041d\u041e\u0412\u042b\u0415 \u0422\u041e\u0412\u0410\u0420\u042b, \u0414\u0435\u0442\u0441\u043a\u0438\u0435 \u0441\u0442\u043e\u043b\u044b, \u0441\u0442\u0443\u043b\u044c\u044f, \u043f\u0438\u0441\u044c\u043c\u0435\u043d\u043d\u044b\u0435 \u0441\u0442\u043e\u043b\u044b, \u0414\u0435\u0442\u0441\u043a\u0438\u0435 \u0441\u0442\u043e\u043b\u044b, M\u0435\u0431\u0435\u043b\u044c, Beebipood<\/title>\n<meta name=\"description\" content=\"Printsessi meigilaud ja tool Tulp, v\u00e4rvivalik, Muutke oma v&auml;ikese m&auml;nguaeg glamuurseks maailmaks.Klassikaline peegliga meigilaud meeldib iga\" \/>\n<meta name=\"robots\" content=\"index, follow, max-snippet:-1, max-image-preview:large, max-video-preview:-1\" \/>\n<link rel=\"canonical\" href=\"https:\/\/beebipood.ee\/ru\/produkt\/printsessi-meigilaud-ja-tool-tulp-varvivalik\/\" \/>\n<meta property=\"og:locale\" content=\"ru_RU\" \/>\n<meta property=\"og:type\" content=\"article\" \/>\n<meta property=\"og:title\" content=\"Printsessi meigilaud ja tool Tulp, v\u00e4rvivalik, \u0421\u041a\u0418\u0414\u041a\u0418, \u041d\u041e\u0412\u042b\u0415 \u0422\u041e\u0412\u0410\u0420\u042b, \u0414\u0435\u0442\u0441\u043a\u0438\u0435 \u0441\u0442\u043e\u043b\u044b, \u0441\u0442\u0443\u043b\u044c\u044f, \u043f\u0438\u0441\u044c\u043c\u0435\u043d\u043d\u044b\u0435 \u0441\u0442\u043e\u043b\u044b, \u0414\u0435\u0442\u0441\u043a\u0438\u0435 \u0441\u0442\u043e\u043b\u044b, M\u0435\u0431\u0435\u043b\u044c, Beebipood\" \/>\n<meta property=\"og:description\" content=\"Printsessi meigilaud ja tool Tulp, v\u00e4rvivalik, Muutke oma v&auml;ikese m&auml;nguaeg glamuurseks maailmaks.Klassikaline peegliga meigilaud meeldib iga\" \/>\n<meta property=\"og:url\" content=\"https:\/\/beebipood.ee\/ru\/produkt\/printsessi-meigilaud-ja-tool-tulp-varvivalik\/\" \/>\n<meta property=\"og:site_name\" content=\"Beebipood\" \/>\n<meta property=\"article:modified_time\" content=\"2025-01-09T08:50:56+00:00\" \/>\n<meta property=\"og:image\" content=\"https:\/\/beebipood.ee\/wp-content\/uploads\/2014\/12\/Printsessi-meigilaud-ja-tool-Tulp-varvivalik-SOODUSPAKKUMISED-UUED-TOOTED-Lastelauad-toolid-Arvutija-kirjutuslauad-Lastelauad-Lastemoobel-ja-sisustus_7-229-1024x681.jpg\" \/>\n\t<meta property=\"og:image:width\" content=\"1024\" \/>\n\t<meta property=\"og:image:height\" content=\"681\" \/>\n\t<meta property=\"og:image:type\" content=\"image\/jpeg\" \/>\n<meta name=\"twitter:card\" content=\"summary_large_image\" \/>\n<meta name=\"twitter:label1\" content=\"\u041f\u0440\u0438\u043c\u0435\u0440\u043d\u043e\u0435 \u0432\u0440\u0435\u043c\u044f \u0434\u043b\u044f \u0447\u0442\u0435\u043d\u0438\u044f\" \/>\n\t<meta name=\"twitter:data1\" content=\"1 \u043c\u0438\u043d\u0443\u0442\u0430\" \/>\n<script type=\"application\/ld+json\" class=\"yoast-schema-graph\">{\"@context\":\"https:\\\/\\\/schema.org\",\"@graph\":[{\"@type\":\"WebPage\",\"@id\":\"https:\\\/\\\/beebipood.ee\\\/ru\\\/produkt\\\/printsessi-meigilaud-ja-tool-tulp-varvivalik\\\/\",\"url\":\"https:\\\/\\\/beebipood.ee\\\/ru\\\/produkt\\\/printsessi-meigilaud-ja-tool-tulp-varvivalik\\\/\",\"name\":\"Printsessi meigilaud ja tool Tulp, v\u00e4rvivalik, \u0421\u041a\u0418\u0414\u041a\u0418, \u041d\u041e\u0412\u042b\u0415 \u0422\u041e\u0412\u0410\u0420\u042b, \u0414\u0435\u0442\u0441\u043a\u0438\u0435 \u0441\u0442\u043e\u043b\u044b, \u0441\u0442\u0443\u043b\u044c\u044f, \u043f\u0438\u0441\u044c\u043c\u0435\u043d\u043d\u044b\u0435 \u0441\u0442\u043e\u043b\u044b, \u0414\u0435\u0442\u0441\u043a\u0438\u0435 \u0441\u0442\u043e\u043b\u044b, M\u0435\u0431\u0435\u043b\u044c, Beebipood\",\"isPartOf\":{\"@id\":\"https:\\\/\\\/beebipood.ee\\\/ru\\\/#website\"},\"primaryImageOfPage\":{\"@id\":\"https:\\\/\\\/beebipood.ee\\\/ru\\\/produkt\\\/printsessi-meigilaud-ja-tool-tulp-varvivalik\\\/#primaryimage\"},\"image\":{\"@id\":\"https:\\\/\\\/beebipood.ee\\\/ru\\\/produkt\\\/printsessi-meigilaud-ja-tool-tulp-varvivalik\\\/#primaryimage\"},\"thumbnailUrl\":\"https:\\\/\\\/beebipood.ee\\\/wp-content\\\/uploads\\\/2014\\\/12\\\/Printsessi-meigilaud-ja-tool-Tulp-varvivalik-SOODUSPAKKUMISED-UUED-TOOTED-Lastelauad-toolid-Arvutija-kirjutuslauad-Lastelauad-Lastemoobel-ja-sisustus_7-229.jpg\",\"datePublished\":\"2014-12-08T15:02:51+00:00\",\"dateModified\":\"2025-01-09T08:50:56+00:00\",\"description\":\"Printsessi meigilaud ja tool Tulp, v\u00e4rvivalik, Muutke oma v&auml;ikese m&auml;nguaeg glamuurseks maailmaks.Klassikaline peegliga meigilaud meeldib iga\",\"breadcrumb\":{\"@id\":\"https:\\\/\\\/beebipood.ee\\\/ru\\\/produkt\\\/printsessi-meigilaud-ja-tool-tulp-varvivalik\\\/#breadcrumb\"},\"inLanguage\":\"ru-RU\",\"potentialAction\":[{\"@type\":\"ReadAction\",\"target\":[\"https:\\\/\\\/beebipood.ee\\\/ru\\\/produkt\\\/printsessi-meigilaud-ja-tool-tulp-varvivalik\\\/\"]}]},{\"@type\":\"ImageObject\",\"inLanguage\":\"ru-RU\",\"@id\":\"https:\\\/\\\/beebipood.ee\\\/ru\\\/produkt\\\/printsessi-meigilaud-ja-tool-tulp-varvivalik\\\/#primaryimage\",\"url\":\"https:\\\/\\\/beebipood.ee\\\/wp-content\\\/uploads\\\/2014\\\/12\\\/Printsessi-meigilaud-ja-tool-Tulp-varvivalik-SOODUSPAKKUMISED-UUED-TOOTED-Lastelauad-toolid-Arvutija-kirjutuslauad-Lastelauad-Lastemoobel-ja-sisustus_7-229.jpg\",\"contentUrl\":\"https:\\\/\\\/beebipood.ee\\\/wp-content\\\/uploads\\\/2014\\\/12\\\/Printsessi-meigilaud-ja-tool-Tulp-varvivalik-SOODUSPAKKUMISED-UUED-TOOTED-Lastelauad-toolid-Arvutija-kirjutuslauad-Lastelauad-Lastemoobel-ja-sisustus_7-229.jpg\",\"width\":2500,\"height\":1663},{\"@type\":\"BreadcrumbList\",\"@id\":\"https:\\\/\\\/beebipood.ee\\\/ru\\\/produkt\\\/printsessi-meigilaud-ja-tool-tulp-varvivalik\\\/#breadcrumb\",\"itemListElement\":[{\"@type\":\"ListItem\",\"position\":1,\"name\":\"Home\",\"item\":\"https:\\\/\\\/beebipood.ee\\\/ru\\\/\"},{\"@type\":\"ListItem\",\"position\":2,\"name\":\"\u041a\u0430\u0442\u0430\u043b\u043e\u0433 \u0442\u043e\u0432\u0430\u0440\u043e\u0432\",\"item\":\"https:\\\/\\\/beebipood.ee\\\/tooted\\\/\"},{\"@type\":\"ListItem\",\"position\":3,\"name\":\"Printsessi meigilaud ja tool Tulp, v\u00e4rvivalik\"}]},{\"@type\":\"WebSite\",\"@id\":\"https:\\\/\\\/beebipood.ee\\\/ru\\\/#website\",\"url\":\"https:\\\/\\\/beebipood.ee\\\/ru\\\/\",\"name\":\"Beebipood\",\"description\":\"Lastekaubad, beebikaubad, m\u00e4nguasjad\",\"publisher\":{\"@id\":\"https:\\\/\\\/beebipood.ee\\\/ru\\\/#organization\"},\"potentialAction\":[{\"@type\":\"SearchAction\",\"target\":{\"@type\":\"EntryPoint\",\"urlTemplate\":\"https:\\\/\\\/beebipood.ee\\\/ru\\\/?s={search_term_string}\"},\"query-input\":{\"@type\":\"PropertyValueSpecification\",\"valueRequired\":true,\"valueName\":\"search_term_string\"}}],\"inLanguage\":\"ru-RU\"},{\"@type\":\"Organization\",\"@id\":\"https:\\\/\\\/beebipood.ee\\\/ru\\\/#organization\",\"name\":\"Beebipood\",\"url\":\"https:\\\/\\\/beebipood.ee\\\/ru\\\/\",\"logo\":{\"@type\":\"ImageObject\",\"inLanguage\":\"ru-RU\",\"@id\":\"https:\\\/\\\/beebipood.ee\\\/ru\\\/#\\\/schema\\\/logo\\\/image\\\/\",\"url\":\"https:\\\/\\\/beebipood.ee\\\/wp-content\\\/uploads\\\/2025\\\/03\\\/beebipood.ee-logo-1.svg\",\"contentUrl\":\"https:\\\/\\\/beebipood.ee\\\/wp-content\\\/uploads\\\/2025\\\/03\\\/beebipood.ee-logo-1.svg\",\"caption\":\"Beebipood\"},\"image\":{\"@id\":\"https:\\\/\\\/beebipood.ee\\\/ru\\\/#\\\/schema\\\/logo\\\/image\\\/\"}}]}<\/script>\n<!-- \/ Yoast SEO plugin. -->","yoast_head_json":{"title":"Printsessi meigilaud ja tool Tulp, v\u00e4rvivalik, \u0421\u041a\u0418\u0414\u041a\u0418, \u041d\u041e\u0412\u042b\u0415 \u0422\u041e\u0412\u0410\u0420\u042b, \u0414\u0435\u0442\u0441\u043a\u0438\u0435 \u0441\u0442\u043e\u043b\u044b, \u0441\u0442\u0443\u043b\u044c\u044f, \u043f\u0438\u0441\u044c\u043c\u0435\u043d\u043d\u044b\u0435 \u0441\u0442\u043e\u043b\u044b, \u0414\u0435\u0442\u0441\u043a\u0438\u0435 \u0441\u0442\u043e\u043b\u044b, M\u0435\u0431\u0435\u043b\u044c, Beebipood","description":"Printsessi meigilaud ja tool Tulp, v\u00e4rvivalik, Muutke oma v&auml;ikese m&auml;nguaeg glamuurseks maailmaks.Klassikaline peegliga meigilaud meeldib iga","robots":{"index":"index","follow":"follow","max-snippet":"max-snippet:-1","max-image-preview":"max-image-preview:large","max-video-preview":"max-video-preview:-1"},"canonical":"https:\/\/beebipood.ee\/ru\/produkt\/printsessi-meigilaud-ja-tool-tulp-varvivalik\/","og_locale":"ru_RU","og_type":"article","og_title":"Printsessi meigilaud ja tool Tulp, v\u00e4rvivalik, \u0421\u041a\u0418\u0414\u041a\u0418, \u041d\u041e\u0412\u042b\u0415 \u0422\u041e\u0412\u0410\u0420\u042b, \u0414\u0435\u0442\u0441\u043a\u0438\u0435 \u0441\u0442\u043e\u043b\u044b, \u0441\u0442\u0443\u043b\u044c\u044f, \u043f\u0438\u0441\u044c\u043c\u0435\u043d\u043d\u044b\u0435 \u0441\u0442\u043e\u043b\u044b, \u0414\u0435\u0442\u0441\u043a\u0438\u0435 \u0441\u0442\u043e\u043b\u044b, M\u0435\u0431\u0435\u043b\u044c, Beebipood","og_description":"Printsessi meigilaud ja tool Tulp, v\u00e4rvivalik, Muutke oma v&auml;ikese m&auml;nguaeg glamuurseks maailmaks.Klassikaline peegliga meigilaud meeldib iga","og_url":"https:\/\/beebipood.ee\/ru\/produkt\/printsessi-meigilaud-ja-tool-tulp-varvivalik\/","og_site_name":"Beebipood","article_modified_time":"2025-01-09T08:50:56+00:00","og_image":[{"width":1024,"height":681,"url":"https:\/\/beebipood.ee\/wp-content\/uploads\/2014\/12\/Printsessi-meigilaud-ja-tool-Tulp-varvivalik-SOODUSPAKKUMISED-UUED-TOOTED-Lastelauad-toolid-Arvutija-kirjutuslauad-Lastelauad-Lastemoobel-ja-sisustus_7-229-1024x681.jpg","type":"image\/jpeg"}],"twitter_card":"summary_large_image","twitter_misc":{"\u041f\u0440\u0438\u043c\u0435\u0440\u043d\u043e\u0435 \u0432\u0440\u0435\u043c\u044f \u0434\u043b\u044f \u0447\u0442\u0435\u043d\u0438\u044f":"1 \u043c\u0438\u043d\u0443\u0442\u0430"},"schema":{"@context":"https:\/\/schema.org","@graph":[{"@type":"WebPage","@id":"https:\/\/beebipood.ee\/ru\/produkt\/printsessi-meigilaud-ja-tool-tulp-varvivalik\/","url":"https:\/\/beebipood.ee\/ru\/produkt\/printsessi-meigilaud-ja-tool-tulp-varvivalik\/","name":"Printsessi meigilaud ja tool Tulp, v\u00e4rvivalik, \u0421\u041a\u0418\u0414\u041a\u0418, \u041d\u041e\u0412\u042b\u0415 \u0422\u041e\u0412\u0410\u0420\u042b, \u0414\u0435\u0442\u0441\u043a\u0438\u0435 \u0441\u0442\u043e\u043b\u044b, \u0441\u0442\u0443\u043b\u044c\u044f, \u043f\u0438\u0441\u044c\u043c\u0435\u043d\u043d\u044b\u0435 \u0441\u0442\u043e\u043b\u044b, \u0414\u0435\u0442\u0441\u043a\u0438\u0435 \u0441\u0442\u043e\u043b\u044b, M\u0435\u0431\u0435\u043b\u044c, Beebipood","isPartOf":{"@id":"https:\/\/beebipood.ee\/ru\/#website"},"primaryImageOfPage":{"@id":"https:\/\/beebipood.ee\/ru\/produkt\/printsessi-meigilaud-ja-tool-tulp-varvivalik\/#primaryimage"},"image":{"@id":"https:\/\/beebipood.ee\/ru\/produkt\/printsessi-meigilaud-ja-tool-tulp-varvivalik\/#primaryimage"},"thumbnailUrl":"https:\/\/beebipood.ee\/wp-content\/uploads\/2014\/12\/Printsessi-meigilaud-ja-tool-Tulp-varvivalik-SOODUSPAKKUMISED-UUED-TOOTED-Lastelauad-toolid-Arvutija-kirjutuslauad-Lastelauad-Lastemoobel-ja-sisustus_7-229.jpg","datePublished":"2014-12-08T15:02:51+00:00","dateModified":"2025-01-09T08:50:56+00:00","description":"Printsessi meigilaud ja tool Tulp, v\u00e4rvivalik, Muutke oma v&auml;ikese m&auml;nguaeg glamuurseks maailmaks.Klassikaline peegliga meigilaud meeldib iga","breadcrumb":{"@id":"https:\/\/beebipood.ee\/ru\/produkt\/printsessi-meigilaud-ja-tool-tulp-varvivalik\/#breadcrumb"},"inLanguage":"ru-RU","potentialAction":[{"@type":"ReadAction","target":["https:\/\/beebipood.ee\/ru\/produkt\/printsessi-meigilaud-ja-tool-tulp-varvivalik\/"]}]},{"@type":"ImageObject","inLanguage":"ru-RU","@id":"https:\/\/beebipood.ee\/ru\/produkt\/printsessi-meigilaud-ja-tool-tulp-varvivalik\/#primaryimage","url":"https:\/\/beebipood.ee\/wp-content\/uploads\/2014\/12\/Printsessi-meigilaud-ja-tool-Tulp-varvivalik-SOODUSPAKKUMISED-UUED-TOOTED-Lastelauad-toolid-Arvutija-kirjutuslauad-Lastelauad-Lastemoobel-ja-sisustus_7-229.jpg","contentUrl":"https:\/\/beebipood.ee\/wp-content\/uploads\/2014\/12\/Printsessi-meigilaud-ja-tool-Tulp-varvivalik-SOODUSPAKKUMISED-UUED-TOOTED-Lastelauad-toolid-Arvutija-kirjutuslauad-Lastelauad-Lastemoobel-ja-sisustus_7-229.jpg","width":2500,"height":1663},{"@type":"BreadcrumbList","@id":"https:\/\/beebipood.ee\/ru\/produkt\/printsessi-meigilaud-ja-tool-tulp-varvivalik\/#breadcrumb","itemListElement":[{"@type":"ListItem","position":1,"name":"Home","item":"https:\/\/beebipood.ee\/ru\/"},{"@type":"ListItem","position":2,"name":"\u041a\u0430\u0442\u0430\u043b\u043e\u0433 \u0442\u043e\u0432\u0430\u0440\u043e\u0432","item":"https:\/\/beebipood.ee\/tooted\/"},{"@type":"ListItem","position":3,"name":"Printsessi meigilaud ja tool Tulp, v\u00e4rvivalik"}]},{"@type":"WebSite","@id":"https:\/\/beebipood.ee\/ru\/#website","url":"https:\/\/beebipood.ee\/ru\/","name":"Beebipood","description":"Lastekaubad, beebikaubad, m\u00e4nguasjad","publisher":{"@id":"https:\/\/beebipood.ee\/ru\/#organization"},"potentialAction":[{"@type":"SearchAction","target":{"@type":"EntryPoint","urlTemplate":"https:\/\/beebipood.ee\/ru\/?s={search_term_string}"},"query-input":{"@type":"PropertyValueSpecification","valueRequired":true,"valueName":"search_term_string"}}],"inLanguage":"ru-RU"},{"@type":"Organization","@id":"https:\/\/beebipood.ee\/ru\/#organization","name":"Beebipood","url":"https:\/\/beebipood.ee\/ru\/","logo":{"@type":"ImageObject","inLanguage":"ru-RU","@id":"https:\/\/beebipood.ee\/ru\/#\/schema\/logo\/image\/","url":"https:\/\/beebipood.ee\/wp-content\/uploads\/2025\/03\/beebipood.ee-logo-1.svg","contentUrl":"https:\/\/beebipood.ee\/wp-content\/uploads\/2025\/03\/beebipood.ee-logo-1.svg","caption":"Beebipood"},"image":{"@id":"https:\/\/beebipood.ee\/ru\/#\/schema\/logo\/image\/"}}]}},"brands":[],"_links":{"self":[{"href":"https:\/\/beebipood.ee\/ru\/wp-json\/wp\/v2\/product\/456072","targetHints":{"allow":["GET"]}}],"collection":[{"href":"https:\/\/beebipood.ee\/ru\/wp-json\/wp\/v2\/product"}],"about":[{"href":"https:\/\/beebipood.ee\/ru\/wp-json\/wp\/v2\/types\/product"}],"wp:featuredmedia":[{"embeddable":true,"href":"https:\/\/beebipood.ee\/ru\/wp-json\/wp\/v2\/media\/105236"}],"wp:attachment":[{"href":"https:\/\/beebipood.ee\/ru\/wp-json\/wp\/v2\/media?parent=456072"}],"wp:term":[{"taxonomy":"pwb-brand","embeddable":true,"href":"https:\/\/beebipood.ee\/ru\/wp-json\/wp\/v2\/pwb-brand?post=456072"},{"taxonomy":"product_brand","embeddable":true,"href":"https:\/\/beebipood.ee\/ru\/wp-json\/wp\/v2\/product_brand?post=456072"},{"taxonomy":"product_cat","embeddable":true,"href":"https:\/\/beebipood.ee\/ru\/wp-json\/wp\/v2\/product_cat?post=456072"},{"taxonomy":"product_tag","embeddable":true,"href":"https:\/\/beebipood.ee\/ru\/wp-json\/wp\/v2\/product_tag?post=456072"}],"curies":[{"name":"wp","href":"https:\/\/api.w.org\/{rel}","templated":true}]}}