{"id":456074,"date":"2014-12-08T17:08:04","date_gmt":"2014-12-08T15:08:04","guid":{"rendered":"https:\/\/beebipood.ee\/toode\/printsessi-meigilaud-ja-tool-kroon-varvivalik\/"},"modified":"2025-01-09T10:50:56","modified_gmt":"2025-01-09T08:50:56","slug":"printsessi-meigilaud-ja-tool-kroon-varvivalik","status":"publish","type":"product","link":"https:\/\/beebipood.ee\/ru\/produkt\/printsessi-meigilaud-ja-tool-kroon-varvivalik\/","title":{"rendered":"Printsessi meigilaud ja tool Kroon, v\u00e4rvivalik"},"content":{"rendered":"<p><span>Muutke oma v\u00e4ikese m\u00e4nguaeg glamuurseks maailmaks.<\/span><br \/><span>Klassikaline peegliga meigilaud meeldib igale t\u00fcdrukule<\/span><br \/><span>ning on loodud tekitama loovust ja l\u00f5putut l\u00f5bu,<\/span><br \/><span>lisades samas elegantsi igasse m\u00e4ngu- v\u00f5i magamistuppa.<\/span><br \/><span>Tualettlaual on sisseehitatud kaks sahtlit,<\/span><br \/><span>kus teie laps saab hoida oma hinnalisi tarvikuid.<\/span><br \/><span>Komplekti kokkupanek on imelihtne, nii et teie laps saab kiiresti<\/span><br \/><span>oma maagilist m\u00e4ngukogemust nautima hakata.<\/span><br \/><span>Meie vastupidav disain tagab,<\/span><br \/><span>et teie laps saab turvaliselt nautida aastatepikkust fantaasiarikast m\u00e4ngu.<\/span><br \/><span>Muutke m\u00e4nguaeg maagiliseks ja meeldej\u00e4\u00e4vaks.<\/span><br \/><span>Valmistatud teie lapse turvalisust silmas pidades.<\/span><br \/><span>K\u00f5ik elemendid on viimistletud laste- ja keskkonnas\u00f5bralike v\u00e4rvidega<\/span><br \/><span>Materjal: vineer + puit<\/span><br \/><span>Meigilauda on lihtne puhastada.<\/span><br \/><span>Vastab sertifikaadile EN71<\/span><br \/><span>M\u00d5\u00d5TMED:<\/span><br \/><span>Kroon &#8212; 72x40x15 cm<\/span><br \/><span>Sahtel &#8212; 9x19x14<\/span><br \/><span>Laud &#8212; 51x60x50 cm<\/span><br \/><span>Tool &#8212; 31x35x31 cm<\/span><\/p>\n","protected":false},"excerpt":{"rendered":"<p>Muutke oma v\u00e4ikese m\u00e4nguaeg glamuurseks maailmaks.Klassikaline peegliga meigilaud meeldib igale t\u00fcdrukulening on loodud tekitama loovust ja l\u00f5putut l\u00f5bu,lisades samas elegantsi igasse m\u00e4ngu- v\u00f5i magamistuppa.Tualettlaual on sisseehitatud kaks sahtlit,kus teie laps saab hoida oma hinnalisi tarvikuid.Komplekti kokkupanek on imelihtne, nii et teie laps saab kiirestioma maagilist m\u00e4ngukogemust nautima hakata.Meie vastupidav disain tagab,et teie laps saab turvaliselt [&hellip;]<\/p>\n","protected":false},"featured_media":105244,"template":"","meta":{"_acf_changed":false},"pwb-brand":[],"product_brand":[],"product_cat":[11573,11647,11653,11789],"product_tag":[],"class_list":{"0":"post-456074","1":"product","2":"type-product","3":"status-publish","4":"has-post-thumbnail","6":"product_cat-sooduspakkumised-ru","7":"product_cat-lastelauad-toolid-arvuti-ja-kirjutuslauad-ru","8":"product_cat-lastelauad-ru","9":"product_cat-lastemoobel-ja-sisustus-ru","11":"first","12":"onbackorder","13":"sale","14":"taxable","15":"shipping-taxable","16":"purchasable","17":"product-type-simple"},"exclude_global_add_ons":false,"addons":[{"name":"Vali v\u00e4rv","type":"multiple_choice","position":0,"required":true,"title_format":"heading","default":"","description_enable":false,"description":"","placeholder_enable":false,"placeholder":"","display":"images","restrictions_type":"any_text","adjust_price":false,"price":"","price_type":"flat_fee","restrictions":false,"min":"0","max":"0","options":[{"label":"White","price":"","price_type":"quantity_based","image":501397,"visibility":true},{"label":"Pink","price":"","price_type":"quantity_based","image":501399,"visibility":true},{"label":"Grey","price":"","price_type":"quantity_based","image":501401,"visibility":true},{"label":"Natural","price":"","price_type":"quantity_based","image":501403,"visibility":true}]}],"acf":[],"yoast_head":"<!-- This site is optimized with the Yoast SEO plugin v27.3 - https:\/\/yoast.com\/product\/yoast-seo-wordpress\/ -->\n<title>Printsessi meigilaud ja tool Kroon, v\u00e4rvivalik, \u0421\u041a\u0418\u0414\u041a\u0418, \u041d\u041e\u0412\u042b\u0415 \u0422\u041e\u0412\u0410\u0420\u042b, \u0414\u0435\u0442\u0441\u043a\u0438\u0435 \u0441\u0442\u043e\u043b\u044b, \u0441\u0442\u0443\u043b\u044c\u044f, \u043f\u0438\u0441\u044c\u043c\u0435\u043d\u043d\u044b\u0435 \u0441\u0442\u043e\u043b\u044b, \u0414\u0435\u0442\u0441\u043a\u0438\u0435 \u0441\u0442\u043e\u043b\u044b, M\u0435\u0431\u0435\u043b\u044c, Beebipood<\/title>\n<meta name=\"description\" content=\"Printsessi meigilaud ja tool Kroon, v\u00e4rvivalik, Muutke oma v&auml;ikese m&auml;nguaeg glamuurseks maailmaks.Klassikaline peegliga m\" \/>\n<meta name=\"robots\" content=\"index, follow, max-snippet:-1, max-image-preview:large, max-video-preview:-1\" \/>\n<link rel=\"canonical\" href=\"https:\/\/beebipood.ee\/ru\/produkt\/printsessi-meigilaud-ja-tool-kroon-varvivalik\/\" \/>\n<meta property=\"og:locale\" content=\"ru_RU\" \/>\n<meta property=\"og:type\" content=\"article\" \/>\n<meta property=\"og:title\" content=\"Printsessi meigilaud ja tool Kroon, v\u00e4rvivalik, \u0421\u041a\u0418\u0414\u041a\u0418, \u041d\u041e\u0412\u042b\u0415 \u0422\u041e\u0412\u0410\u0420\u042b, \u0414\u0435\u0442\u0441\u043a\u0438\u0435 \u0441\u0442\u043e\u043b\u044b, \u0441\u0442\u0443\u043b\u044c\u044f, \u043f\u0438\u0441\u044c\u043c\u0435\u043d\u043d\u044b\u0435 \u0441\u0442\u043e\u043b\u044b, \u0414\u0435\u0442\u0441\u043a\u0438\u0435 \u0441\u0442\u043e\u043b\u044b, M\u0435\u0431\u0435\u043b\u044c, Beebipood\" \/>\n<meta property=\"og:description\" content=\"Printsessi meigilaud ja tool Kroon, v\u00e4rvivalik, Muutke oma v&auml;ikese m&auml;nguaeg glamuurseks maailmaks.Klassikaline peegliga m\" \/>\n<meta property=\"og:url\" content=\"https:\/\/beebipood.ee\/ru\/produkt\/printsessi-meigilaud-ja-tool-kroon-varvivalik\/\" \/>\n<meta property=\"og:site_name\" content=\"Beebipood\" \/>\n<meta property=\"article:modified_time\" content=\"2025-01-09T08:50:56+00:00\" \/>\n<meta property=\"og:image\" content=\"https:\/\/beebipood.ee\/wp-content\/uploads\/2014\/12\/Printsessi-meigilaud-ja-tool-Kroon-varvivalik-Lastelauad-toolid-Arvutija-kirjutuslauad-Lastelauad_1-17a-1024x681.jpg\" \/>\n\t<meta property=\"og:image:width\" content=\"1024\" \/>\n\t<meta property=\"og:image:height\" content=\"681\" \/>\n\t<meta property=\"og:image:type\" content=\"image\/jpeg\" \/>\n<meta name=\"twitter:card\" content=\"summary_large_image\" \/>\n<meta name=\"twitter:label1\" content=\"\u041f\u0440\u0438\u043c\u0435\u0440\u043d\u043e\u0435 \u0432\u0440\u0435\u043c\u044f \u0434\u043b\u044f \u0447\u0442\u0435\u043d\u0438\u044f\" \/>\n\t<meta name=\"twitter:data1\" content=\"1 \u043c\u0438\u043d\u0443\u0442\u0430\" \/>\n<script type=\"application\/ld+json\" class=\"yoast-schema-graph\">{\"@context\":\"https:\\\/\\\/schema.org\",\"@graph\":[{\"@type\":\"WebPage\",\"@id\":\"https:\\\/\\\/beebipood.ee\\\/ru\\\/produkt\\\/printsessi-meigilaud-ja-tool-kroon-varvivalik\\\/\",\"url\":\"https:\\\/\\\/beebipood.ee\\\/ru\\\/produkt\\\/printsessi-meigilaud-ja-tool-kroon-varvivalik\\\/\",\"name\":\"Printsessi meigilaud ja tool Kroon, v\u00e4rvivalik, \u0421\u041a\u0418\u0414\u041a\u0418, \u041d\u041e\u0412\u042b\u0415 \u0422\u041e\u0412\u0410\u0420\u042b, \u0414\u0435\u0442\u0441\u043a\u0438\u0435 \u0441\u0442\u043e\u043b\u044b, \u0441\u0442\u0443\u043b\u044c\u044f, \u043f\u0438\u0441\u044c\u043c\u0435\u043d\u043d\u044b\u0435 \u0441\u0442\u043e\u043b\u044b, \u0414\u0435\u0442\u0441\u043a\u0438\u0435 \u0441\u0442\u043e\u043b\u044b, M\u0435\u0431\u0435\u043b\u044c, Beebipood\",\"isPartOf\":{\"@id\":\"https:\\\/\\\/beebipood.ee\\\/ru\\\/#website\"},\"primaryImageOfPage\":{\"@id\":\"https:\\\/\\\/beebipood.ee\\\/ru\\\/produkt\\\/printsessi-meigilaud-ja-tool-kroon-varvivalik\\\/#primaryimage\"},\"image\":{\"@id\":\"https:\\\/\\\/beebipood.ee\\\/ru\\\/produkt\\\/printsessi-meigilaud-ja-tool-kroon-varvivalik\\\/#primaryimage\"},\"thumbnailUrl\":\"https:\\\/\\\/beebipood.ee\\\/wp-content\\\/uploads\\\/2014\\\/12\\\/Printsessi-meigilaud-ja-tool-Kroon-varvivalik-Lastelauad-toolid-Arvutija-kirjutuslauad-Lastelauad_1-17a.jpg\",\"datePublished\":\"2014-12-08T15:08:04+00:00\",\"dateModified\":\"2025-01-09T08:50:56+00:00\",\"description\":\"Printsessi meigilaud ja tool Kroon, v\u00e4rvivalik, Muutke oma v&auml;ikese m&auml;nguaeg glamuurseks maailmaks.Klassikaline peegliga m\",\"breadcrumb\":{\"@id\":\"https:\\\/\\\/beebipood.ee\\\/ru\\\/produkt\\\/printsessi-meigilaud-ja-tool-kroon-varvivalik\\\/#breadcrumb\"},\"inLanguage\":\"ru-RU\",\"potentialAction\":[{\"@type\":\"ReadAction\",\"target\":[\"https:\\\/\\\/beebipood.ee\\\/ru\\\/produkt\\\/printsessi-meigilaud-ja-tool-kroon-varvivalik\\\/\"]}]},{\"@type\":\"ImageObject\",\"inLanguage\":\"ru-RU\",\"@id\":\"https:\\\/\\\/beebipood.ee\\\/ru\\\/produkt\\\/printsessi-meigilaud-ja-tool-kroon-varvivalik\\\/#primaryimage\",\"url\":\"https:\\\/\\\/beebipood.ee\\\/wp-content\\\/uploads\\\/2014\\\/12\\\/Printsessi-meigilaud-ja-tool-Kroon-varvivalik-Lastelauad-toolid-Arvutija-kirjutuslauad-Lastelauad_1-17a.jpg\",\"contentUrl\":\"https:\\\/\\\/beebipood.ee\\\/wp-content\\\/uploads\\\/2014\\\/12\\\/Printsessi-meigilaud-ja-tool-Kroon-varvivalik-Lastelauad-toolid-Arvutija-kirjutuslauad-Lastelauad_1-17a.jpg\",\"width\":2500,\"height\":1663},{\"@type\":\"BreadcrumbList\",\"@id\":\"https:\\\/\\\/beebipood.ee\\\/ru\\\/produkt\\\/printsessi-meigilaud-ja-tool-kroon-varvivalik\\\/#breadcrumb\",\"itemListElement\":[{\"@type\":\"ListItem\",\"position\":1,\"name\":\"Home\",\"item\":\"https:\\\/\\\/beebipood.ee\\\/ru\\\/\"},{\"@type\":\"ListItem\",\"position\":2,\"name\":\"\u041a\u0430\u0442\u0430\u043b\u043e\u0433 \u0442\u043e\u0432\u0430\u0440\u043e\u0432\",\"item\":\"https:\\\/\\\/beebipood.ee\\\/tooted\\\/\"},{\"@type\":\"ListItem\",\"position\":3,\"name\":\"Printsessi meigilaud ja tool Kroon, v\u00e4rvivalik\"}]},{\"@type\":\"WebSite\",\"@id\":\"https:\\\/\\\/beebipood.ee\\\/ru\\\/#website\",\"url\":\"https:\\\/\\\/beebipood.ee\\\/ru\\\/\",\"name\":\"Beebipood\",\"description\":\"Lastekaubad, beebikaubad, m\u00e4nguasjad\",\"publisher\":{\"@id\":\"https:\\\/\\\/beebipood.ee\\\/ru\\\/#organization\"},\"potentialAction\":[{\"@type\":\"SearchAction\",\"target\":{\"@type\":\"EntryPoint\",\"urlTemplate\":\"https:\\\/\\\/beebipood.ee\\\/ru\\\/?s={search_term_string}\"},\"query-input\":{\"@type\":\"PropertyValueSpecification\",\"valueRequired\":true,\"valueName\":\"search_term_string\"}}],\"inLanguage\":\"ru-RU\"},{\"@type\":\"Organization\",\"@id\":\"https:\\\/\\\/beebipood.ee\\\/ru\\\/#organization\",\"name\":\"Beebipood\",\"url\":\"https:\\\/\\\/beebipood.ee\\\/ru\\\/\",\"logo\":{\"@type\":\"ImageObject\",\"inLanguage\":\"ru-RU\",\"@id\":\"https:\\\/\\\/beebipood.ee\\\/ru\\\/#\\\/schema\\\/logo\\\/image\\\/\",\"url\":\"https:\\\/\\\/beebipood.ee\\\/wp-content\\\/uploads\\\/2025\\\/03\\\/beebipood.ee-logo-1.svg\",\"contentUrl\":\"https:\\\/\\\/beebipood.ee\\\/wp-content\\\/uploads\\\/2025\\\/03\\\/beebipood.ee-logo-1.svg\",\"caption\":\"Beebipood\"},\"image\":{\"@id\":\"https:\\\/\\\/beebipood.ee\\\/ru\\\/#\\\/schema\\\/logo\\\/image\\\/\"}}]}<\/script>\n<!-- \/ Yoast SEO plugin. -->","yoast_head_json":{"title":"Printsessi meigilaud ja tool Kroon, v\u00e4rvivalik, \u0421\u041a\u0418\u0414\u041a\u0418, \u041d\u041e\u0412\u042b\u0415 \u0422\u041e\u0412\u0410\u0420\u042b, \u0414\u0435\u0442\u0441\u043a\u0438\u0435 \u0441\u0442\u043e\u043b\u044b, \u0441\u0442\u0443\u043b\u044c\u044f, \u043f\u0438\u0441\u044c\u043c\u0435\u043d\u043d\u044b\u0435 \u0441\u0442\u043e\u043b\u044b, \u0414\u0435\u0442\u0441\u043a\u0438\u0435 \u0441\u0442\u043e\u043b\u044b, M\u0435\u0431\u0435\u043b\u044c, Beebipood","description":"Printsessi meigilaud ja tool Kroon, v\u00e4rvivalik, Muutke oma v&auml;ikese m&auml;nguaeg glamuurseks maailmaks.Klassikaline peegliga m","robots":{"index":"index","follow":"follow","max-snippet":"max-snippet:-1","max-image-preview":"max-image-preview:large","max-video-preview":"max-video-preview:-1"},"canonical":"https:\/\/beebipood.ee\/ru\/produkt\/printsessi-meigilaud-ja-tool-kroon-varvivalik\/","og_locale":"ru_RU","og_type":"article","og_title":"Printsessi meigilaud ja tool Kroon, v\u00e4rvivalik, \u0421\u041a\u0418\u0414\u041a\u0418, \u041d\u041e\u0412\u042b\u0415 \u0422\u041e\u0412\u0410\u0420\u042b, \u0414\u0435\u0442\u0441\u043a\u0438\u0435 \u0441\u0442\u043e\u043b\u044b, \u0441\u0442\u0443\u043b\u044c\u044f, \u043f\u0438\u0441\u044c\u043c\u0435\u043d\u043d\u044b\u0435 \u0441\u0442\u043e\u043b\u044b, \u0414\u0435\u0442\u0441\u043a\u0438\u0435 \u0441\u0442\u043e\u043b\u044b, M\u0435\u0431\u0435\u043b\u044c, Beebipood","og_description":"Printsessi meigilaud ja tool Kroon, v\u00e4rvivalik, Muutke oma v&auml;ikese m&auml;nguaeg glamuurseks maailmaks.Klassikaline peegliga m","og_url":"https:\/\/beebipood.ee\/ru\/produkt\/printsessi-meigilaud-ja-tool-kroon-varvivalik\/","og_site_name":"Beebipood","article_modified_time":"2025-01-09T08:50:56+00:00","og_image":[{"width":1024,"height":681,"url":"https:\/\/beebipood.ee\/wp-content\/uploads\/2014\/12\/Printsessi-meigilaud-ja-tool-Kroon-varvivalik-Lastelauad-toolid-Arvutija-kirjutuslauad-Lastelauad_1-17a-1024x681.jpg","type":"image\/jpeg"}],"twitter_card":"summary_large_image","twitter_misc":{"\u041f\u0440\u0438\u043c\u0435\u0440\u043d\u043e\u0435 \u0432\u0440\u0435\u043c\u044f \u0434\u043b\u044f \u0447\u0442\u0435\u043d\u0438\u044f":"1 \u043c\u0438\u043d\u0443\u0442\u0430"},"schema":{"@context":"https:\/\/schema.org","@graph":[{"@type":"WebPage","@id":"https:\/\/beebipood.ee\/ru\/produkt\/printsessi-meigilaud-ja-tool-kroon-varvivalik\/","url":"https:\/\/beebipood.ee\/ru\/produkt\/printsessi-meigilaud-ja-tool-kroon-varvivalik\/","name":"Printsessi meigilaud ja tool Kroon, v\u00e4rvivalik, \u0421\u041a\u0418\u0414\u041a\u0418, \u041d\u041e\u0412\u042b\u0415 \u0422\u041e\u0412\u0410\u0420\u042b, \u0414\u0435\u0442\u0441\u043a\u0438\u0435 \u0441\u0442\u043e\u043b\u044b, \u0441\u0442\u0443\u043b\u044c\u044f, \u043f\u0438\u0441\u044c\u043c\u0435\u043d\u043d\u044b\u0435 \u0441\u0442\u043e\u043b\u044b, \u0414\u0435\u0442\u0441\u043a\u0438\u0435 \u0441\u0442\u043e\u043b\u044b, M\u0435\u0431\u0435\u043b\u044c, Beebipood","isPartOf":{"@id":"https:\/\/beebipood.ee\/ru\/#website"},"primaryImageOfPage":{"@id":"https:\/\/beebipood.ee\/ru\/produkt\/printsessi-meigilaud-ja-tool-kroon-varvivalik\/#primaryimage"},"image":{"@id":"https:\/\/beebipood.ee\/ru\/produkt\/printsessi-meigilaud-ja-tool-kroon-varvivalik\/#primaryimage"},"thumbnailUrl":"https:\/\/beebipood.ee\/wp-content\/uploads\/2014\/12\/Printsessi-meigilaud-ja-tool-Kroon-varvivalik-Lastelauad-toolid-Arvutija-kirjutuslauad-Lastelauad_1-17a.jpg","datePublished":"2014-12-08T15:08:04+00:00","dateModified":"2025-01-09T08:50:56+00:00","description":"Printsessi meigilaud ja tool Kroon, v\u00e4rvivalik, Muutke oma v&auml;ikese m&auml;nguaeg glamuurseks maailmaks.Klassikaline peegliga m","breadcrumb":{"@id":"https:\/\/beebipood.ee\/ru\/produkt\/printsessi-meigilaud-ja-tool-kroon-varvivalik\/#breadcrumb"},"inLanguage":"ru-RU","potentialAction":[{"@type":"ReadAction","target":["https:\/\/beebipood.ee\/ru\/produkt\/printsessi-meigilaud-ja-tool-kroon-varvivalik\/"]}]},{"@type":"ImageObject","inLanguage":"ru-RU","@id":"https:\/\/beebipood.ee\/ru\/produkt\/printsessi-meigilaud-ja-tool-kroon-varvivalik\/#primaryimage","url":"https:\/\/beebipood.ee\/wp-content\/uploads\/2014\/12\/Printsessi-meigilaud-ja-tool-Kroon-varvivalik-Lastelauad-toolid-Arvutija-kirjutuslauad-Lastelauad_1-17a.jpg","contentUrl":"https:\/\/beebipood.ee\/wp-content\/uploads\/2014\/12\/Printsessi-meigilaud-ja-tool-Kroon-varvivalik-Lastelauad-toolid-Arvutija-kirjutuslauad-Lastelauad_1-17a.jpg","width":2500,"height":1663},{"@type":"BreadcrumbList","@id":"https:\/\/beebipood.ee\/ru\/produkt\/printsessi-meigilaud-ja-tool-kroon-varvivalik\/#breadcrumb","itemListElement":[{"@type":"ListItem","position":1,"name":"Home","item":"https:\/\/beebipood.ee\/ru\/"},{"@type":"ListItem","position":2,"name":"\u041a\u0430\u0442\u0430\u043b\u043e\u0433 \u0442\u043e\u0432\u0430\u0440\u043e\u0432","item":"https:\/\/beebipood.ee\/tooted\/"},{"@type":"ListItem","position":3,"name":"Printsessi meigilaud ja tool Kroon, v\u00e4rvivalik"}]},{"@type":"WebSite","@id":"https:\/\/beebipood.ee\/ru\/#website","url":"https:\/\/beebipood.ee\/ru\/","name":"Beebipood","description":"Lastekaubad, beebikaubad, m\u00e4nguasjad","publisher":{"@id":"https:\/\/beebipood.ee\/ru\/#organization"},"potentialAction":[{"@type":"SearchAction","target":{"@type":"EntryPoint","urlTemplate":"https:\/\/beebipood.ee\/ru\/?s={search_term_string}"},"query-input":{"@type":"PropertyValueSpecification","valueRequired":true,"valueName":"search_term_string"}}],"inLanguage":"ru-RU"},{"@type":"Organization","@id":"https:\/\/beebipood.ee\/ru\/#organization","name":"Beebipood","url":"https:\/\/beebipood.ee\/ru\/","logo":{"@type":"ImageObject","inLanguage":"ru-RU","@id":"https:\/\/beebipood.ee\/ru\/#\/schema\/logo\/image\/","url":"https:\/\/beebipood.ee\/wp-content\/uploads\/2025\/03\/beebipood.ee-logo-1.svg","contentUrl":"https:\/\/beebipood.ee\/wp-content\/uploads\/2025\/03\/beebipood.ee-logo-1.svg","caption":"Beebipood"},"image":{"@id":"https:\/\/beebipood.ee\/ru\/#\/schema\/logo\/image\/"}}]}},"brands":[],"_links":{"self":[{"href":"https:\/\/beebipood.ee\/ru\/wp-json\/wp\/v2\/product\/456074","targetHints":{"allow":["GET"]}}],"collection":[{"href":"https:\/\/beebipood.ee\/ru\/wp-json\/wp\/v2\/product"}],"about":[{"href":"https:\/\/beebipood.ee\/ru\/wp-json\/wp\/v2\/types\/product"}],"wp:featuredmedia":[{"embeddable":true,"href":"https:\/\/beebipood.ee\/ru\/wp-json\/wp\/v2\/media\/105244"}],"wp:attachment":[{"href":"https:\/\/beebipood.ee\/ru\/wp-json\/wp\/v2\/media?parent=456074"}],"wp:term":[{"taxonomy":"pwb-brand","embeddable":true,"href":"https:\/\/beebipood.ee\/ru\/wp-json\/wp\/v2\/pwb-brand?post=456074"},{"taxonomy":"product_brand","embeddable":true,"href":"https:\/\/beebipood.ee\/ru\/wp-json\/wp\/v2\/product_brand?post=456074"},{"taxonomy":"product_cat","embeddable":true,"href":"https:\/\/beebipood.ee\/ru\/wp-json\/wp\/v2\/product_cat?post=456074"},{"taxonomy":"product_tag","embeddable":true,"href":"https:\/\/beebipood.ee\/ru\/wp-json\/wp\/v2\/product_tag?post=456074"}],"curies":[{"name":"wp","href":"https:\/\/api.w.org\/{rel}","templated":true}]}}