{"id":456094,"date":"2014-12-09T15:16:58","date_gmt":"2014-12-09T13:16:58","guid":{"rendered":"https:\/\/beebipood.ee\/toode\/majavoodi-bella-90x200cm-hall\/"},"modified":"2025-01-09T10:50:55","modified_gmt":"2025-01-09T08:50:55","slug":"majavoodi-bella-90x200cm-hall","status":"publish","type":"product","link":"https:\/\/beebipood.ee\/ru\/produkt\/majavoodi-bella-90x200cm-hall\/","title":{"rendered":"Majavoodi Bella 90x200cm, hall"},"content":{"rendered":"<p>Majavoodid on suurep\u00e4rane valik lastele, sest t\u00e4nu oma ahvatlevale<br \/>ja m\u00e4ngulisele disainile tekib lapsel soov seal magada<br \/>ning kohanemine beebivoodist teismelise voodisse toimub kiiremini.<br \/>Bella majavoodi on valmistatud looduslikust FSC sertifikaadiga m\u00e4nnist.<br \/>Viimistluses on kasutatud vee baasil \u00f6koloogiliselt puhtaid ja ohutuid v\u00e4rve<br \/>Komplekti kuulub Flex t\u00fc\u00fcpi painduv voodip\u00f5hi<br \/>P\u00f5hjaliistud tagavad madratsile piisava toe ja ventilatsiooni<br \/>Kvaliteetne ja vastupidav, lihtne kokku panna, kergesti puhastatav<br \/>Komplekti kuulub: voodiraam ja voodip\u00f5hi<br \/>Madrats ei ole hinna sees<br \/>Voodisse ja voodikasti sobib madrats m\u00f5\u00f5duga 90x200cm<br \/>Maksimaalne kandev\u00f5ime kuni 100 kg<\/p>\n","protected":false},"excerpt":{"rendered":"<p>Majavoodid on suurep\u00e4rane valik lastele, sest t\u00e4nu oma ahvatlevaleja m\u00e4ngulisele disainile tekib lapsel soov seal magadaning kohanemine beebivoodist teismelise voodisse toimub kiiremini.Bella majavoodi on valmistatud looduslikust FSC sertifikaadiga m\u00e4nnist.Viimistluses on kasutatud vee baasil \u00f6koloogiliselt puhtaid ja ohutuid v\u00e4rveKomplekti kuulub Flex t\u00fc\u00fcpi painduv voodip\u00f5hiP\u00f5hjaliistud tagavad madratsile piisava toe ja ventilatsiooniKvaliteetne ja vastupidav, lihtne kokku panna, kergesti [&hellip;]<\/p>\n","protected":false},"featured_media":105280,"template":"","meta":{"_acf_changed":false},"pwb-brand":[11945],"product_brand":[],"product_cat":[11591,11559,11789],"product_tag":[],"class_list":{"0":"post-456094","1":"product","2":"type-product","3":"status-publish","4":"has-post-thumbnail","6":"pwb-brand-kocot-kids-ru","7":"product_cat-90cm-laiused-ru","8":"product_cat-laste-ja-noortevoodid-ru","9":"product_cat-lastemoobel-ja-sisustus-ru","10":"pa_manufacturer-kocotkids-ru","12":"first","13":"outofstock","14":"sale","15":"taxable","16":"shipping-taxable","17":"purchasable","18":"product-type-simple"},"exclude_global_add_ons":[],"addons":[],"acf":[],"yoast_head":"<!-- This site is optimized with the Yoast SEO plugin v27.1.1 - https:\/\/yoast.com\/product\/yoast-seo-wordpress\/ -->\n<title>Majavoodi Bella 90x200cm, hall, \u041a\u0440\u043e\u0432\u0430\u0442\u0438 \u0434\u043b\u044f \u0434\u0435\u0442\u0435\u0439 \u0438 \u043f\u043e\u0434\u0440\u043e\u0441\u0442\u043a\u043e\u0432, \u041d\u041e\u0412\u042b\u0415 \u0422\u041e\u0412\u0410\u0420\u042b, \u0428\u0438\u0440\u0438\u043d\u0430 90c\u043c, M\u0435\u0431\u0435\u043b\u044c, Beebipood<\/title>\n<meta name=\"description\" content=\"Majavoodi Bella 90x200cm, hall, Majavoodid on suurep&auml;rane valik lastele, sest t&auml;nu oma ahvatlevaleja m&auml;ngulisele disainile tekib lapsel\" \/>\n<meta name=\"robots\" content=\"index, follow, max-snippet:-1, max-image-preview:large, max-video-preview:-1\" \/>\n<link rel=\"canonical\" href=\"https:\/\/beebipood.ee\/ru\/produkt\/majavoodi-bella-90x200cm-hall\/\" \/>\n<meta property=\"og:locale\" content=\"ru_RU\" \/>\n<meta property=\"og:type\" content=\"article\" \/>\n<meta property=\"og:title\" content=\"Majavoodi Bella 90x200cm, hall, \u041a\u0440\u043e\u0432\u0430\u0442\u0438 \u0434\u043b\u044f \u0434\u0435\u0442\u0435\u0439 \u0438 \u043f\u043e\u0434\u0440\u043e\u0441\u0442\u043a\u043e\u0432, \u041d\u041e\u0412\u042b\u0415 \u0422\u041e\u0412\u0410\u0420\u042b, \u0428\u0438\u0440\u0438\u043d\u0430 90c\u043c, M\u0435\u0431\u0435\u043b\u044c, Beebipood\" \/>\n<meta property=\"og:description\" content=\"Majavoodi Bella 90x200cm, hall, Majavoodid on suurep&auml;rane valik lastele, sest t&auml;nu oma ahvatlevaleja m&auml;ngulisele disainile tekib lapsel\" \/>\n<meta property=\"og:url\" content=\"https:\/\/beebipood.ee\/ru\/produkt\/majavoodi-bella-90x200cm-hall\/\" \/>\n<meta property=\"og:site_name\" content=\"Beebipood\" \/>\n<meta property=\"article:modified_time\" content=\"2025-01-09T08:50:55+00:00\" \/>\n<meta property=\"og:image\" content=\"https:\/\/beebipood.ee\/wp-content\/uploads\/2014\/12\/Majavoodi-Bella-90x200cm-hall-Laste-ja-noortevoodid-UUED-TOOTED-90cm-laiused-Lastemoobel-ja-sisustus_3-663.jpg\" \/>\n\t<meta property=\"og:image:width\" content=\"1436\" \/>\n\t<meta property=\"og:image:height\" content=\"1058\" \/>\n\t<meta property=\"og:image:type\" content=\"image\/jpeg\" \/>\n<meta name=\"twitter:card\" content=\"summary_large_image\" \/>\n<script type=\"application\/ld+json\" class=\"yoast-schema-graph\">{\"@context\":\"https:\/\/schema.org\",\"@graph\":[{\"@type\":\"WebPage\",\"@id\":\"https:\/\/beebipood.ee\/ru\/produkt\/majavoodi-bella-90x200cm-hall\/\",\"url\":\"https:\/\/beebipood.ee\/ru\/produkt\/majavoodi-bella-90x200cm-hall\/\",\"name\":\"Majavoodi Bella 90x200cm, hall, \u041a\u0440\u043e\u0432\u0430\u0442\u0438 \u0434\u043b\u044f \u0434\u0435\u0442\u0435\u0439 \u0438 \u043f\u043e\u0434\u0440\u043e\u0441\u0442\u043a\u043e\u0432, \u041d\u041e\u0412\u042b\u0415 \u0422\u041e\u0412\u0410\u0420\u042b, \u0428\u0438\u0440\u0438\u043d\u0430 90c\u043c, M\u0435\u0431\u0435\u043b\u044c, Beebipood\",\"isPartOf\":{\"@id\":\"https:\/\/beebipood.ee\/ru\/#website\"},\"primaryImageOfPage\":{\"@id\":\"https:\/\/beebipood.ee\/ru\/produkt\/majavoodi-bella-90x200cm-hall\/#primaryimage\"},\"image\":{\"@id\":\"https:\/\/beebipood.ee\/ru\/produkt\/majavoodi-bella-90x200cm-hall\/#primaryimage\"},\"thumbnailUrl\":\"https:\/\/beebipood.ee\/wp-content\/uploads\/2014\/12\/Majavoodi-Bella-90x200cm-hall-Laste-ja-noortevoodid-UUED-TOOTED-90cm-laiused-Lastemoobel-ja-sisustus_3-663.jpg\",\"datePublished\":\"2014-12-09T13:16:58+00:00\",\"dateModified\":\"2025-01-09T08:50:55+00:00\",\"description\":\"Majavoodi Bella 90x200cm, hall, Majavoodid on suurep&auml;rane valik lastele, sest t&auml;nu oma ahvatlevaleja m&auml;ngulisele disainile tekib lapsel\",\"breadcrumb\":{\"@id\":\"https:\/\/beebipood.ee\/ru\/produkt\/majavoodi-bella-90x200cm-hall\/#breadcrumb\"},\"inLanguage\":\"ru-RU\",\"potentialAction\":[{\"@type\":\"ReadAction\",\"target\":[\"https:\/\/beebipood.ee\/ru\/produkt\/majavoodi-bella-90x200cm-hall\/\"]}]},{\"@type\":\"ImageObject\",\"inLanguage\":\"ru-RU\",\"@id\":\"https:\/\/beebipood.ee\/ru\/produkt\/majavoodi-bella-90x200cm-hall\/#primaryimage\",\"url\":\"https:\/\/beebipood.ee\/wp-content\/uploads\/2014\/12\/Majavoodi-Bella-90x200cm-hall-Laste-ja-noortevoodid-UUED-TOOTED-90cm-laiused-Lastemoobel-ja-sisustus_3-663.jpg\",\"contentUrl\":\"https:\/\/beebipood.ee\/wp-content\/uploads\/2014\/12\/Majavoodi-Bella-90x200cm-hall-Laste-ja-noortevoodid-UUED-TOOTED-90cm-laiused-Lastemoobel-ja-sisustus_3-663.jpg\",\"width\":1436,\"height\":1058},{\"@type\":\"BreadcrumbList\",\"@id\":\"https:\/\/beebipood.ee\/ru\/produkt\/majavoodi-bella-90x200cm-hall\/#breadcrumb\",\"itemListElement\":[{\"@type\":\"ListItem\",\"position\":1,\"name\":\"Home\",\"item\":\"https:\/\/beebipood.ee\/ru\/\"},{\"@type\":\"ListItem\",\"position\":2,\"name\":\"\u041a\u0430\u0442\u0430\u043b\u043e\u0433 \u0442\u043e\u0432\u0430\u0440\u043e\u0432\",\"item\":\"https:\/\/beebipood.ee\/tooted\/\"},{\"@type\":\"ListItem\",\"position\":3,\"name\":\"Majavoodi Bella 90x200cm, hall\"}]},{\"@type\":\"WebSite\",\"@id\":\"https:\/\/beebipood.ee\/ru\/#website\",\"url\":\"https:\/\/beebipood.ee\/ru\/\",\"name\":\"Beebipood\",\"description\":\"Lastekaubad, beebikaubad, m\u00e4nguasjad\",\"publisher\":{\"@id\":\"https:\/\/beebipood.ee\/ru\/#organization\"},\"potentialAction\":[{\"@type\":\"SearchAction\",\"target\":{\"@type\":\"EntryPoint\",\"urlTemplate\":\"https:\/\/beebipood.ee\/ru\/?s={search_term_string}\"},\"query-input\":{\"@type\":\"PropertyValueSpecification\",\"valueRequired\":true,\"valueName\":\"search_term_string\"}}],\"inLanguage\":\"ru-RU\"},{\"@type\":\"Organization\",\"@id\":\"https:\/\/beebipood.ee\/ru\/#organization\",\"name\":\"Beebipood\",\"url\":\"https:\/\/beebipood.ee\/ru\/\",\"logo\":{\"@type\":\"ImageObject\",\"inLanguage\":\"ru-RU\",\"@id\":\"https:\/\/beebipood.ee\/ru\/#\/schema\/logo\/image\/\",\"url\":\"https:\/\/beebipood.ee\/wp-content\/uploads\/2025\/03\/beebipood.ee-logo-1.svg\",\"contentUrl\":\"https:\/\/beebipood.ee\/wp-content\/uploads\/2025\/03\/beebipood.ee-logo-1.svg\",\"caption\":\"Beebipood\"},\"image\":{\"@id\":\"https:\/\/beebipood.ee\/ru\/#\/schema\/logo\/image\/\"}}]}<\/script>\n<!-- \/ Yoast SEO plugin. -->","yoast_head_json":{"title":"Majavoodi Bella 90x200cm, hall, \u041a\u0440\u043e\u0432\u0430\u0442\u0438 \u0434\u043b\u044f \u0434\u0435\u0442\u0435\u0439 \u0438 \u043f\u043e\u0434\u0440\u043e\u0441\u0442\u043a\u043e\u0432, \u041d\u041e\u0412\u042b\u0415 \u0422\u041e\u0412\u0410\u0420\u042b, \u0428\u0438\u0440\u0438\u043d\u0430 90c\u043c, M\u0435\u0431\u0435\u043b\u044c, Beebipood","description":"Majavoodi Bella 90x200cm, hall, Majavoodid on suurep&auml;rane valik lastele, sest t&auml;nu oma ahvatlevaleja m&auml;ngulisele disainile tekib lapsel","robots":{"index":"index","follow":"follow","max-snippet":"max-snippet:-1","max-image-preview":"max-image-preview:large","max-video-preview":"max-video-preview:-1"},"canonical":"https:\/\/beebipood.ee\/ru\/produkt\/majavoodi-bella-90x200cm-hall\/","og_locale":"ru_RU","og_type":"article","og_title":"Majavoodi Bella 90x200cm, hall, \u041a\u0440\u043e\u0432\u0430\u0442\u0438 \u0434\u043b\u044f \u0434\u0435\u0442\u0435\u0439 \u0438 \u043f\u043e\u0434\u0440\u043e\u0441\u0442\u043a\u043e\u0432, \u041d\u041e\u0412\u042b\u0415 \u0422\u041e\u0412\u0410\u0420\u042b, \u0428\u0438\u0440\u0438\u043d\u0430 90c\u043c, M\u0435\u0431\u0435\u043b\u044c, Beebipood","og_description":"Majavoodi Bella 90x200cm, hall, Majavoodid on suurep&auml;rane valik lastele, sest t&auml;nu oma ahvatlevaleja m&auml;ngulisele disainile tekib lapsel","og_url":"https:\/\/beebipood.ee\/ru\/produkt\/majavoodi-bella-90x200cm-hall\/","og_site_name":"Beebipood","article_modified_time":"2025-01-09T08:50:55+00:00","og_image":[{"width":1436,"height":1058,"url":"https:\/\/beebipood.ee\/wp-content\/uploads\/2014\/12\/Majavoodi-Bella-90x200cm-hall-Laste-ja-noortevoodid-UUED-TOOTED-90cm-laiused-Lastemoobel-ja-sisustus_3-663.jpg","type":"image\/jpeg"}],"twitter_card":"summary_large_image","schema":{"@context":"https:\/\/schema.org","@graph":[{"@type":"WebPage","@id":"https:\/\/beebipood.ee\/ru\/produkt\/majavoodi-bella-90x200cm-hall\/","url":"https:\/\/beebipood.ee\/ru\/produkt\/majavoodi-bella-90x200cm-hall\/","name":"Majavoodi Bella 90x200cm, hall, \u041a\u0440\u043e\u0432\u0430\u0442\u0438 \u0434\u043b\u044f \u0434\u0435\u0442\u0435\u0439 \u0438 \u043f\u043e\u0434\u0440\u043e\u0441\u0442\u043a\u043e\u0432, \u041d\u041e\u0412\u042b\u0415 \u0422\u041e\u0412\u0410\u0420\u042b, \u0428\u0438\u0440\u0438\u043d\u0430 90c\u043c, M\u0435\u0431\u0435\u043b\u044c, Beebipood","isPartOf":{"@id":"https:\/\/beebipood.ee\/ru\/#website"},"primaryImageOfPage":{"@id":"https:\/\/beebipood.ee\/ru\/produkt\/majavoodi-bella-90x200cm-hall\/#primaryimage"},"image":{"@id":"https:\/\/beebipood.ee\/ru\/produkt\/majavoodi-bella-90x200cm-hall\/#primaryimage"},"thumbnailUrl":"https:\/\/beebipood.ee\/wp-content\/uploads\/2014\/12\/Majavoodi-Bella-90x200cm-hall-Laste-ja-noortevoodid-UUED-TOOTED-90cm-laiused-Lastemoobel-ja-sisustus_3-663.jpg","datePublished":"2014-12-09T13:16:58+00:00","dateModified":"2025-01-09T08:50:55+00:00","description":"Majavoodi Bella 90x200cm, hall, Majavoodid on suurep&auml;rane valik lastele, sest t&auml;nu oma ahvatlevaleja m&auml;ngulisele disainile tekib lapsel","breadcrumb":{"@id":"https:\/\/beebipood.ee\/ru\/produkt\/majavoodi-bella-90x200cm-hall\/#breadcrumb"},"inLanguage":"ru-RU","potentialAction":[{"@type":"ReadAction","target":["https:\/\/beebipood.ee\/ru\/produkt\/majavoodi-bella-90x200cm-hall\/"]}]},{"@type":"ImageObject","inLanguage":"ru-RU","@id":"https:\/\/beebipood.ee\/ru\/produkt\/majavoodi-bella-90x200cm-hall\/#primaryimage","url":"https:\/\/beebipood.ee\/wp-content\/uploads\/2014\/12\/Majavoodi-Bella-90x200cm-hall-Laste-ja-noortevoodid-UUED-TOOTED-90cm-laiused-Lastemoobel-ja-sisustus_3-663.jpg","contentUrl":"https:\/\/beebipood.ee\/wp-content\/uploads\/2014\/12\/Majavoodi-Bella-90x200cm-hall-Laste-ja-noortevoodid-UUED-TOOTED-90cm-laiused-Lastemoobel-ja-sisustus_3-663.jpg","width":1436,"height":1058},{"@type":"BreadcrumbList","@id":"https:\/\/beebipood.ee\/ru\/produkt\/majavoodi-bella-90x200cm-hall\/#breadcrumb","itemListElement":[{"@type":"ListItem","position":1,"name":"Home","item":"https:\/\/beebipood.ee\/ru\/"},{"@type":"ListItem","position":2,"name":"\u041a\u0430\u0442\u0430\u043b\u043e\u0433 \u0442\u043e\u0432\u0430\u0440\u043e\u0432","item":"https:\/\/beebipood.ee\/tooted\/"},{"@type":"ListItem","position":3,"name":"Majavoodi Bella 90x200cm, hall"}]},{"@type":"WebSite","@id":"https:\/\/beebipood.ee\/ru\/#website","url":"https:\/\/beebipood.ee\/ru\/","name":"Beebipood","description":"Lastekaubad, beebikaubad, m\u00e4nguasjad","publisher":{"@id":"https:\/\/beebipood.ee\/ru\/#organization"},"potentialAction":[{"@type":"SearchAction","target":{"@type":"EntryPoint","urlTemplate":"https:\/\/beebipood.ee\/ru\/?s={search_term_string}"},"query-input":{"@type":"PropertyValueSpecification","valueRequired":true,"valueName":"search_term_string"}}],"inLanguage":"ru-RU"},{"@type":"Organization","@id":"https:\/\/beebipood.ee\/ru\/#organization","name":"Beebipood","url":"https:\/\/beebipood.ee\/ru\/","logo":{"@type":"ImageObject","inLanguage":"ru-RU","@id":"https:\/\/beebipood.ee\/ru\/#\/schema\/logo\/image\/","url":"https:\/\/beebipood.ee\/wp-content\/uploads\/2025\/03\/beebipood.ee-logo-1.svg","contentUrl":"https:\/\/beebipood.ee\/wp-content\/uploads\/2025\/03\/beebipood.ee-logo-1.svg","caption":"Beebipood"},"image":{"@id":"https:\/\/beebipood.ee\/ru\/#\/schema\/logo\/image\/"}}]}},"brands":[{"id":11945,"name":"Kocot Kids","slug":"kocot-kids-ru"}],"_links":{"self":[{"href":"https:\/\/beebipood.ee\/ru\/wp-json\/wp\/v2\/product\/456094","targetHints":{"allow":["GET"]}}],"collection":[{"href":"https:\/\/beebipood.ee\/ru\/wp-json\/wp\/v2\/product"}],"about":[{"href":"https:\/\/beebipood.ee\/ru\/wp-json\/wp\/v2\/types\/product"}],"wp:featuredmedia":[{"embeddable":true,"href":"https:\/\/beebipood.ee\/ru\/wp-json\/wp\/v2\/media\/105280"}],"wp:attachment":[{"href":"https:\/\/beebipood.ee\/ru\/wp-json\/wp\/v2\/media?parent=456094"}],"wp:term":[{"taxonomy":"pwb-brand","embeddable":true,"href":"https:\/\/beebipood.ee\/ru\/wp-json\/wp\/v2\/pwb-brand?post=456094"},{"taxonomy":"product_brand","embeddable":true,"href":"https:\/\/beebipood.ee\/ru\/wp-json\/wp\/v2\/product_brand?post=456094"},{"taxonomy":"product_cat","embeddable":true,"href":"https:\/\/beebipood.ee\/ru\/wp-json\/wp\/v2\/product_cat?post=456094"},{"taxonomy":"product_tag","embeddable":true,"href":"https:\/\/beebipood.ee\/ru\/wp-json\/wp\/v2\/product_tag?post=456094"}],"curies":[{"name":"wp","href":"https:\/\/api.w.org\/{rel}","templated":true}]}}